{"id":72955,"date":"2025-02-02T17:19:26","date_gmt":"2025-02-02T17:19:26","guid":{"rendered":"https:\/\/jackpotlotteryonline.com\/?page_id=72955"},"modified":"2025-02-02T17:19:26","modified_gmt":"2025-02-02T17:19:26","slug":"personvernerklaering","status":"publish","type":"page","link":"https:\/\/jackpotlotteryonline.com\/no\/personvernerklaering\/","title":{"rendered":"Personvernerkl\u00e6ring"},"content":{"rendered":"<p>Playlottoonline sin personvernerkl\u00e6ring (heretter kalt \u00abErkl\u00e6ringen\u00bb) gjelder for Playlottoonline.net (heretter kalt \u00abNettstedet\u00bb). Nettstedet drives av LLL World Marketing Limited (adresse: Peiraios Street 30, Floor 1, Office 1, 2023 Strovolos, Nikosia \u2013 Kypros). Ved \u00e5 bruke dette nettstedet godtar du denne erkl\u00e6ringen og de tilh\u00f8rende vilk\u00e5rene for bruk.<\/p>\n<h3><strong>Informasjon som samles inn<\/strong><\/h3>\n<h4><strong>Informasjon du oppgir<\/strong><\/h4>\n<p>For \u00e5 registrere en brukerkonto m\u00e5 du oppgi en e-postadresse, som brukes til \u00e5 identifisere kontoen din og om n\u00f8dvendig aktivere den. E-postadressen vil ogs\u00e5 bli brukt til passordgjenoppretting.<\/p>\n<p>E-postadressen og telefonnummeret ditt kan brukes til \u00e5 sende deg meldinger relatert til nettstedet (inkludert juridiske varsler), informasjon om produkter og tjenester eller tredjepartsprodukter og -tjenester (heretter kalt \u00abMeldinger\u00bb). Hvis du ikke \u00f8nsker \u00e5 motta markedsf\u00f8ringsmeldinger, kan du n\u00e5r som helst melde deg av ved \u00e5 klikke p\u00e5 en lenke i e-posten eller kontakte oss via e-post, telefon eller kontaktskjema.<\/p>\n<p>Etter registrering kan du fylle ut profilen din med informasjon som navn, adresse, f\u00f8dselsdato, telefonnummer, tidssone osv. Denne informasjonen brukes til betalingsbehandling, innskudd og uttak, tilpasning av nettstedet (inkludert Meldinger) og, dersom gevinsten overstiger 2500 USD, for utbetaling av premier (se punkt 3.5 i Vilk\u00e5r for bruk).<\/p>\n<p>Vi samler ogs\u00e5 inn informasjon du oppgir n\u00e5r du kontakter oss via kontaktskjema, telefon, post, Facebook, Twitter eller andre kommunikasjonskanaler. Dette kan inkludere navn, e-postadresse, telefonnummer og adresse.<\/p>\n<p>Kommunikasjon via Facebook og Twitter regnes ikke som en offisiell kommunikasjonskanal, s\u00e5 vi kan ikke garantere svar. Vi vil imidlertid gj\u00f8re v\u00e5rt beste for \u00e5 svare.<\/p>\n<p>Mer informasjon om datainnsamling finner du her:<\/p>\n<ul>\n<li><strong>Facebook<\/strong>: Personvernerkl\u00e6ring og Vilk\u00e5r for bruk<\/li>\n<li><strong>Twitter<\/strong>: Personvernerkl\u00e6ring og Vilk\u00e5r for bruk<\/li>\n<\/ul>\n<p>Vi samler inn kredittkortinformasjon (kortnummer, utl\u00f8psdato, kortinnehaverens navn, CVV-kode) for \u00e5 behandle betalinger.<\/p>\n<h3><strong>Informasjon som samles inn automatisk<\/strong><\/h3>\n<p>N\u00e5r du bruker nettstedet, samler vi automatisk inn visse opplysninger for \u00e5 sikre grunnleggende funksjoner, tilpasse nettstedet (inkludert Meldinger), overv\u00e5ke trafikk og forbedre sikkerheten. Dette inkluderer:<\/p>\n<ul>\n<li>IP-adresse<\/li>\n<li>HTTP-headere sendt av nettleseren (User-Agent, Accept-Language, Referer osv.), inkludert nettlesertype, versjon, operativsystem, spr\u00e5k og URL-adgang<\/li>\n<li>Systemtid<\/li>\n<li>HTTP-foresp\u00f8rsler<\/li>\n<li>Informasjonskapsler (cookies) lagret av playlottoonline.org eller dets underdomener<\/li>\n<\/ul>\n<p>IP-adressen brukes til \u00e5 fastsl\u00e5 din geografiske plassering, tilpasse nettstedet og forbedre brukeropplevelsen.<\/p>\n<p>Nettstedet bruker ogs\u00e5 nettleserens midlertidige lagring for \u00e5 forbedre lastetiden og bevare data selv etter at nettleseren er oppdatert.<\/p>\n<p>Vi bruker personaliseringsverkt\u00f8y som samler inn data om hvordan nettstedet brukes og benytter tredjeparts informasjonskapsler for \u00e5 vise tilpassede reklametilbud.<\/p>\n<h3><strong>Tredjepartstjenester<\/strong><\/h3>\n<h4><strong>Statistikk, annonsering, sikkerhet<\/strong><\/h4>\n<p>Vi bruker tredjepartstjenester for \u00e5 sikre nettstedets sikkerhet, samle inn og analysere data om nettstedets ytelse, inkludert:<\/p>\n<ul>\n<li><strong>Google Analytics<\/strong> \u2013 for sporing av bes\u00f8kstall og nettstedstatistikk<\/li>\n<li><strong>Google reCAPTCHA<\/strong> \u2013 for \u00e5 forbedre sikkerheten og beskytte mot roboter<\/li>\n<li><strong>Facebook Pixel<\/strong> \u2013 for sporing av bes\u00f8kstall, analyse av nettstedet og optimalisering av annonsekampanjer<\/li>\n<\/ul>\n<p>Disse tjenestene samler inn og bruker data i henhold til sine egne personvernerkl\u00e6ringer.<\/p>\n<p>Mer informasjon om hvordan Google samler inn data finner du i <strong>Googles personvernerkl\u00e6ring<\/strong>.<\/p>\n<p>Mer informasjon om hvordan Facebook samler inn data finner du i <strong>Facebooks personvernerkl\u00e6ring<\/strong>.<\/p>\n","protected":false},"excerpt":{"rendered":"<p>Playlottoonline sin personvernerkl\u00e6ring (heretter kalt \u00abErkl\u00e6ringen\u00bb) gjelder for Playlottoonline.net (heretter kalt \u00abNettstedet\u00bb). Nettstedet drives av LLL World Marketing Limited (adresse: Peiraios Street 30, Floor 1, Office 1, 2023 Strovolos, Nikosia \u2013 Kypros). Ved \u00e5 bruke dette nettstedet godtar du denne erkl\u00e6ringen og de tilh\u00f8rende vilk\u00e5rene for bruk. Informasjon som samles inn Informasjon du oppgir For [&hellip;]<\/p>\n","protected":false},"author":7,"featured_media":0,"parent":0,"menu_order":0,"comment_status":"closed","ping_status":"closed","template":"","meta":{"_et_pb_use_builder":"","_et_pb_old_content":"","_et_gb_content_width":"","exclude_from_search":false,"footnotes":""},"class_list":["post-72955","page","type-page","status-publish","hentry"],"yoast_head":"<!-- This site is optimized with the Yoast SEO plugin v23.3 - https:\/\/yoast.com\/wordpress\/plugins\/seo\/ -->\n<title>Personvernerkl\u00e6ring - Lotto Online - Crack The International Lottery Jackpots<\/title>\n<meta name=\"robots\" content=\"index, follow, max-snippet:-1, max-image-preview:large, max-video-preview:-1\" \/>\n<link rel=\"canonical\" href=\"https:\/\/jackpotlotteryonline.com\/privacy-policy-2\/\" \/>\n<meta property=\"og:locale\" content=\"nb_NO\" \/>\n<meta property=\"og:type\" content=\"article\" \/>\n<meta property=\"og:title\" content=\"Personvernerkl\u00e6ring - Lotto Online - Crack The International Lottery Jackpots\" \/>\n<meta property=\"og:description\" content=\"Playlottoonline sin personvernerkl\u00e6ring (heretter kalt \u00abErkl\u00e6ringen\u00bb) gjelder for Playlottoonline.net (heretter kalt \u00abNettstedet\u00bb). Nettstedet drives av LLL World Marketing Limited (adresse: Peiraios Street 30, Floor 1, Office 1, 2023 Strovolos, Nikosia \u2013 Kypros). Ved \u00e5 bruke dette nettstedet godtar du denne erkl\u00e6ringen og de tilh\u00f8rende vilk\u00e5rene for bruk. Informasjon som samles inn Informasjon du oppgir For [&hellip;]\" \/>\n<meta property=\"og:url\" content=\"https:\/\/jackpotlotteryonline.com\/privacy-policy-2\/\" \/>\n<meta property=\"og:site_name\" content=\"Lotto Online - Crack The International Lottery Jackpots\" \/>\n<meta name=\"twitter:card\" content=\"summary_large_image\" \/>\n<meta name=\"twitter:label1\" content=\"Ansl. lesetid\" \/>\n\t<meta name=\"twitter:data1\" content=\"3 minutter\" \/>\n<!-- \/ Yoast SEO plugin. -->","yoast_head_json":{"title":"Personvernerkl\u00e6ring - Lotto Online - Crack The International Lottery Jackpots","robots":{"index":"index","follow":"follow","max-snippet":"max-snippet:-1","max-image-preview":"max-image-preview:large","max-video-preview":"max-video-preview:-1"},"canonical":"https:\/\/jackpotlotteryonline.com\/privacy-policy-2\/","og_locale":"nb_NO","og_type":"article","og_title":"Personvernerkl\u00e6ring - Lotto Online - Crack The International Lottery Jackpots","og_description":"Playlottoonline sin personvernerkl\u00e6ring (heretter kalt \u00abErkl\u00e6ringen\u00bb) gjelder for Playlottoonline.net (heretter kalt \u00abNettstedet\u00bb). Nettstedet drives av LLL World Marketing Limited (adresse: Peiraios Street 30, Floor 1, Office 1, 2023 Strovolos, Nikosia \u2013 Kypros). Ved \u00e5 bruke dette nettstedet godtar du denne erkl\u00e6ringen og de tilh\u00f8rende vilk\u00e5rene for bruk. Informasjon som samles inn Informasjon du oppgir For [&hellip;]","og_url":"https:\/\/jackpotlotteryonline.com\/privacy-policy-2\/","og_site_name":"Lotto Online - Crack The International Lottery Jackpots","twitter_card":"summary_large_image","twitter_misc":{"Ansl. lesetid":"3 minutter"},"schema":{"@context":"https:\/\/schema.org","@graph":[{"@type":"WebPage","@id":"https:\/\/jackpotlotteryonline.com\/privacy-policy-2\/","url":"https:\/\/jackpotlotteryonline.com\/privacy-policy-2\/","name":"Personvernerkl\u00e6ring - Lotto Online - Crack The International Lottery Jackpots","isPartOf":{"@id":"https:\/\/jackpotlotteryonline.com\/#website"},"datePublished":"2025-02-02T17:19:26+00:00","dateModified":"2025-02-02T17:19:26+00:00","breadcrumb":{"@id":"https:\/\/jackpotlotteryonline.com\/privacy-policy-2\/#breadcrumb"},"inLanguage":"nb-NO","potentialAction":[{"@type":"ReadAction","target":["https:\/\/jackpotlotteryonline.com\/privacy-policy-2\/"]}]},{"@type":"BreadcrumbList","@id":"https:\/\/jackpotlotteryonline.com\/privacy-policy-2\/#breadcrumb","itemListElement":[{"@type":"ListItem","position":1,"name":"Home","item":"https:\/\/jackpotlotteryonline.com\/no\/"},{"@type":"ListItem","position":2,"name":"Personvernerkl\u00e6ring"}]},{"@type":"WebSite","@id":"https:\/\/jackpotlotteryonline.com\/#website","url":"https:\/\/jackpotlotteryonline.com\/","name":"Lotto Online - Crack The International Lottery Jackpots","description":"","potentialAction":[{"@type":"SearchAction","target":{"@type":"EntryPoint","urlTemplate":"https:\/\/jackpotlotteryonline.com\/?s={search_term_string}"},"query-input":"required name=search_term_string"}],"inLanguage":"nb-NO"}]}},"_links":{"self":[{"href":"https:\/\/jackpotlotteryonline.com\/no\/wp-json\/wp\/v2\/pages\/72955","targetHints":{"allow":["GET"]}}],"collection":[{"href":"https:\/\/jackpotlotteryonline.com\/no\/wp-json\/wp\/v2\/pages"}],"about":[{"href":"https:\/\/jackpotlotteryonline.com\/no\/wp-json\/wp\/v2\/types\/page"}],"author":[{"embeddable":true,"href":"https:\/\/jackpotlotteryonline.com\/no\/wp-json\/wp\/v2\/users\/7"}],"replies":[{"embeddable":true,"href":"https:\/\/jackpotlotteryonline.com\/no\/wp-json\/wp\/v2\/comments?post=72955"}],"version-history":[{"count":0,"href":"https:\/\/jackpotlotteryonline.com\/no\/wp-json\/wp\/v2\/pages\/72955\/revisions"}],"wp:attachment":[{"href":"https:\/\/jackpotlotteryonline.com\/no\/wp-json\/wp\/v2\/media?parent=72955"}],"curies":[{"name":"wp","href":"https:\/\/api.w.org\/{rel}","templated":true}]}}