{"id":73023,"date":"2025-02-02T18:29:36","date_gmt":"2025-02-02T18:29:36","guid":{"rendered":"https:\/\/jackpotlotteryonline.com\/?page_id=73023"},"modified":"2025-02-02T18:29:36","modified_gmt":"2025-02-02T18:29:36","slug":"vilkar-og-betingelser","status":"publish","type":"page","link":"https:\/\/jackpotlotteryonline.com\/no\/vilkar-og-betingelser\/","title":{"rendered":"Vilk\u00e5r og betingelser"},"content":{"rendered":"<p>Vilk\u00e5rene og betingelsene for Jackpot Lottery Online (heretter kalt vilk\u00e5rene for bruk) gjelder for nettstedet jackpotlotteryonline.com (heretter kalt nettstedet) som drives av LLL World Marketing Limited, Peiraios 30, 1st floor, office 1, 2023 Strovolos, Nicosia &#8211; Kypros.<\/p>\n<p>Ved \u00e5 enten vise, surfe p\u00e5 eller bruke nettstedet jackpotlotteryonline.com p\u00e5 noen som helst m\u00e5te, er spilleren underlagt f\u00f8lgende vilk\u00e5r for bruk samt v\u00e5re retningslinjer for personvern. I tilfelle spilleren ikke godtar noen av dem, ber vi spilleren om \u00e5 slutte \u00e5 bruke jackpotlotteryonline.com.<\/p>\n<p>For eventuelle sp\u00f8rsm\u00e5l ang\u00e5ende v\u00e5re vilk\u00e5r for bruk eller v\u00e5r personvernerkl\u00e6ring, kontakt oss via v\u00e5rt kontaktskjema.<\/p>\n<p>Disse vilk\u00e5rene for bruk vil v\u00e6re underlagt lovene p\u00e5 Kypros.<\/p>\n<p>1. Definisjoner<br \/>\nLotteri &#8211; Et tallspill der en trekning finner sted.<br \/>\nTrekning &#8211; En trekning av et spesifisert antall tall fra spesifiserte omr\u00e5der av standardtall eller standard- og bonustall innenfor et bestemt lotteri. Trekningene finner sted gjentatte ganger p\u00e5 dager og tidspunkter som er fastsatt av operat\u00f8ren av et bestemt lotteri.<br \/>\nOperat\u00f8r &#8211; Den enheten som organiserer trekningen i et bestemt lotteri.<br \/>\nSpiller &#8211; En person som deltar i et av lotteriene som tilbys p\u00e5 jackpotlotteryonline.com.<br \/>\nLodd &#8211; Et elektronisk lodd for en Trekning som Spilleren velger for et bestemt Lotteri, og som inneholder en eller flere rekker.<br \/>\nRekke &#8211; Et enkelt sett med tall som Spilleren har valgt for en bestemt Lotteri-trekning. Avhengig av lotteriet kan det inneholde et annet bel\u00f8p og\/eller en annen pulje (av en annen rekkevidde) for standard- og bonustall (hvis de finnes).<br \/>\nGevinst &#8211; Bel\u00f8pet som vinnes hvis en rekke opprettet av en spiller samsvarer med et forh\u00e5ndsdefinert sett med tall som er trukket i en trekning som kupongen som inneholder rekken ble kj\u00f8pt for.<br \/>\nInnskudd &#8211; Midler som settes inn p\u00e5 en spillers konto for senere \u00e5 bli brukt til \u00e5 kj\u00f8pe lodd.<br \/>\nKonto &#8211; Spillerens brukerkonto, som har spillerens midler, kj\u00f8pte lodd og spillerens data knyttet til seg.<br \/>\n2. Generell informasjon<br \/>\n2.1 Nettstedet jackpotlotteryonline.com gir tilgang til lotteriene via en online plattform.<br \/>\n2.2 Spillere m\u00e5 v\u00e6re minst 18 \u00e5r gamle for \u00e5 bruke nettstedet.<br \/>\n2.3 Det er spillerens ansvar \u00e5 sjekke om deltakelse i nettlotterier er lovlig i deres jurisdiksjon.<br \/>\n2.4 Selskapet LLL World Marketing Limited er ikke en offisiell lotterioperat\u00f8r. Tjenestene som tilbys er relatert til \u00e5 f\u00e5 tilgang til lodd.<\/p>\n<p>3. Brukerkonto<br \/>\n3.1 Spillere m\u00e5 registrere en konto p\u00e5 jackpotlotteryonline.com for \u00e5 kj\u00f8pe lodd.<br \/>\n3.2 Personopplysninger som oppgis under registreringen m\u00e5 v\u00e6re korrekte. Falsk eller villedende informasjon kan f\u00f8re til suspensjon eller avslutning av kontoen.<br \/>\n3.3 Spillere er ansvarlige for \u00e5 opprettholde konfidensialiteten til p\u00e5loggingsinformasjonen sin. Selskapet er ikke ansvarlig for uautorisert tilgang p\u00e5 grunn av uaktsomhet.<\/p>\n<p>4. Innskudd og betalinger<br \/>\n4.1 Innskudd kan gj\u00f8res gjennom betalingsmetodene som er tilgjengelige p\u00e5 jackpotlotteryonline.com.<br \/>\n4.2 Spillere er ansvarlige for \u00e5 sikre at de har tilstrekkelige midler p\u00e5 kontoen sin til \u00e5 kj\u00f8pe billetter.<br \/>\n4.3 Alle betalinger behandles p\u00e5 en sikker m\u00e5te. Selskapet forbeholder seg retten til \u00e5 be om ytterligere verifisering om n\u00f8dvendig.<\/p>\n<p>5. Kj\u00f8p av billetter<br \/>\n5.1 Spillere kan kj\u00f8pe lodd til ulike lotterier som tilbys p\u00e5 jackpotlotteryonline.com.<br \/>\n5.2 Billetter anses bare som gyldige etter vellykket betalingsbekreftelse.<\/p>\n<p>6. Gevinster<br \/>\n6.1 Gevinster beregnes basert p\u00e5 samsvaret mellom spillerens valgte tall og tallene som trekkes av den offisielle lotterioperat\u00f8ren.<br \/>\n6.2 Selskapet vil gj\u00f8re sitt ytterste for \u00e5 utbetale gevinster til spilleren s\u00e5 raskt som mulig.<br \/>\n6.3 Store gevinster kan kreve ytterligere identitetsbekreftelse f\u00f8r de utbetales til spilleren.<\/p>\n<p>7. Begrensning av ansvar<br \/>\n7.1 Selskapet er ikke ansvarlig for eventuelle tekniske feil eller forstyrrelser som kan oppst\u00e5 under bruk av jackpotlotteryonline.com.<br \/>\n7.2 Selskapet skal under ingen omstendigheter holdes ansvarlig for indirekte, tilfeldige eller f\u00f8lgeskader som oppst\u00e5r som f\u00f8lge av bruken av nettstedet.<\/p>\n<p>8. Oppsigelse<br \/>\n8.1 Selskapet forbeholder seg retten til \u00e5 avslutte eller suspendere enhver spillers konto for brudd p\u00e5 vilk\u00e5rene for bruk.<br \/>\n8.2 Spillere kan n\u00e5r som helst be om at kontoen stenges ved \u00e5 kontakte kundest\u00f8tte via kontaktskjemaet.<\/p>\n<p>9. Gjeldende lov<br \/>\n9.1 Disse bruksvilk\u00e5rene skal styres og tolkes i samsvar med lovene p\u00e5 Kypros.<\/p>\n<p>Ved \u00e5 bruke jackpotlotteryonline.com, samtykker spilleren til \u00e5 overholde alle ovennevnte vilk\u00e5r for bruk.<\/p>\n","protected":false},"excerpt":{"rendered":"<p>Vilk\u00e5rene og betingelsene for Jackpot Lottery Online (heretter kalt vilk\u00e5rene for bruk) gjelder for nettstedet jackpotlotteryonline.com (heretter kalt nettstedet) som drives av LLL World Marketing Limited, Peiraios 30, 1st floor, office 1, 2023 Strovolos, Nicosia &#8211; Kypros. Ved \u00e5 enten vise, surfe p\u00e5 eller bruke nettstedet jackpotlotteryonline.com p\u00e5 noen som helst m\u00e5te, er spilleren underlagt [&hellip;]<\/p>\n","protected":false},"author":7,"featured_media":0,"parent":0,"menu_order":0,"comment_status":"closed","ping_status":"closed","template":"","meta":{"_et_pb_use_builder":"","_et_pb_old_content":"","_et_gb_content_width":"","exclude_from_search":false,"footnotes":""},"class_list":["post-73023","page","type-page","status-publish","hentry"],"yoast_head":"<!-- This site is optimized with the Yoast SEO plugin v23.3 - https:\/\/yoast.com\/wordpress\/plugins\/seo\/ -->\n<title>Vilk\u00e5r og betingelser - Lotto Online - Crack The International Lottery Jackpots<\/title>\n<meta name=\"robots\" content=\"index, follow, max-snippet:-1, max-image-preview:large, max-video-preview:-1\" \/>\n<link rel=\"canonical\" href=\"https:\/\/jackpotlotteryonline.com\/no\/vilkar-og-betingelser\/\" \/>\n<meta property=\"og:locale\" content=\"nb_NO\" \/>\n<meta property=\"og:type\" content=\"article\" \/>\n<meta property=\"og:title\" content=\"Vilk\u00e5r og betingelser - Lotto Online - Crack The International Lottery Jackpots\" \/>\n<meta property=\"og:description\" content=\"Vilk\u00e5rene og betingelsene for Jackpot Lottery Online (heretter kalt vilk\u00e5rene for bruk) gjelder for nettstedet jackpotlotteryonline.com (heretter kalt nettstedet) som drives av LLL World Marketing Limited, Peiraios 30, 1st floor, office 1, 2023 Strovolos, Nicosia &#8211; Kypros. Ved \u00e5 enten vise, surfe p\u00e5 eller bruke nettstedet jackpotlotteryonline.com p\u00e5 noen som helst m\u00e5te, er spilleren underlagt [&hellip;]\" \/>\n<meta property=\"og:url\" content=\"https:\/\/jackpotlotteryonline.com\/no\/vilkar-og-betingelser\/\" \/>\n<meta property=\"og:site_name\" content=\"Lotto Online - Crack The International Lottery Jackpots\" \/>\n<meta name=\"twitter:card\" content=\"summary_large_image\" \/>\n<meta name=\"twitter:label1\" content=\"Ansl. lesetid\" \/>\n\t<meta name=\"twitter:data1\" content=\"3 minutter\" \/>\n<!-- \/ Yoast SEO plugin. -->","yoast_head_json":{"title":"Vilk\u00e5r og betingelser - Lotto Online - Crack The International Lottery Jackpots","robots":{"index":"index","follow":"follow","max-snippet":"max-snippet:-1","max-image-preview":"max-image-preview:large","max-video-preview":"max-video-preview:-1"},"canonical":"https:\/\/jackpotlotteryonline.com\/no\/vilkar-og-betingelser\/","og_locale":"nb_NO","og_type":"article","og_title":"Vilk\u00e5r og betingelser - Lotto Online - Crack The International Lottery Jackpots","og_description":"Vilk\u00e5rene og betingelsene for Jackpot Lottery Online (heretter kalt vilk\u00e5rene for bruk) gjelder for nettstedet jackpotlotteryonline.com (heretter kalt nettstedet) som drives av LLL World Marketing Limited, Peiraios 30, 1st floor, office 1, 2023 Strovolos, Nicosia &#8211; Kypros. Ved \u00e5 enten vise, surfe p\u00e5 eller bruke nettstedet jackpotlotteryonline.com p\u00e5 noen som helst m\u00e5te, er spilleren underlagt [&hellip;]","og_url":"https:\/\/jackpotlotteryonline.com\/no\/vilkar-og-betingelser\/","og_site_name":"Lotto Online - Crack The International Lottery Jackpots","twitter_card":"summary_large_image","twitter_misc":{"Ansl. lesetid":"3 minutter"},"schema":{"@context":"https:\/\/schema.org","@graph":[{"@type":"WebPage","@id":"https:\/\/jackpotlotteryonline.com\/no\/vilkar-og-betingelser\/","url":"https:\/\/jackpotlotteryonline.com\/no\/vilkar-og-betingelser\/","name":"Vilk\u00e5r og betingelser - Lotto Online - Crack The International Lottery Jackpots","isPartOf":{"@id":"https:\/\/jackpotlotteryonline.com\/#website"},"datePublished":"2025-02-02T18:29:36+00:00","dateModified":"2025-02-02T18:29:36+00:00","breadcrumb":{"@id":"https:\/\/jackpotlotteryonline.com\/no\/vilkar-og-betingelser\/#breadcrumb"},"inLanguage":"nb-NO","potentialAction":[{"@type":"ReadAction","target":["https:\/\/jackpotlotteryonline.com\/no\/vilkar-og-betingelser\/"]}]},{"@type":"BreadcrumbList","@id":"https:\/\/jackpotlotteryonline.com\/no\/vilkar-og-betingelser\/#breadcrumb","itemListElement":[{"@type":"ListItem","position":1,"name":"Home","item":"https:\/\/jackpotlotteryonline.com\/no\/"},{"@type":"ListItem","position":2,"name":"Vilk\u00e5r og betingelser"}]},{"@type":"WebSite","@id":"https:\/\/jackpotlotteryonline.com\/#website","url":"https:\/\/jackpotlotteryonline.com\/","name":"Lotto Online - Crack The International Lottery Jackpots","description":"","potentialAction":[{"@type":"SearchAction","target":{"@type":"EntryPoint","urlTemplate":"https:\/\/jackpotlotteryonline.com\/?s={search_term_string}"},"query-input":"required name=search_term_string"}],"inLanguage":"nb-NO"}]}},"_links":{"self":[{"href":"https:\/\/jackpotlotteryonline.com\/no\/wp-json\/wp\/v2\/pages\/73023","targetHints":{"allow":["GET"]}}],"collection":[{"href":"https:\/\/jackpotlotteryonline.com\/no\/wp-json\/wp\/v2\/pages"}],"about":[{"href":"https:\/\/jackpotlotteryonline.com\/no\/wp-json\/wp\/v2\/types\/page"}],"author":[{"embeddable":true,"href":"https:\/\/jackpotlotteryonline.com\/no\/wp-json\/wp\/v2\/users\/7"}],"replies":[{"embeddable":true,"href":"https:\/\/jackpotlotteryonline.com\/no\/wp-json\/wp\/v2\/comments?post=73023"}],"version-history":[{"count":0,"href":"https:\/\/jackpotlotteryonline.com\/no\/wp-json\/wp\/v2\/pages\/73023\/revisions"}],"wp:attachment":[{"href":"https:\/\/jackpotlotteryonline.com\/no\/wp-json\/wp\/v2\/media?parent=73023"}],"curies":[{"name":"wp","href":"https:\/\/api.w.org\/{rel}","templated":true}]}}