{"id":73077,"date":"2025-02-02T19:24:33","date_gmt":"2025-02-02T19:24:33","guid":{"rendered":"https:\/\/jackpotlotteryonline.com\/?page_id=73077"},"modified":"2025-02-02T19:24:33","modified_gmt":"2025-02-02T19:24:33","slug":"online-lotterihendelser-og-spill","status":"publish","type":"page","link":"https:\/\/jackpotlotteryonline.com\/no\/online-lotterihendelser-og-spill\/","title":{"rendered":"Online Lotterihendelser og Spill"},"content":{"rendered":"<p>\u00d8nsker du \u00e5 ha en sjanse til \u00e5 bli million\u00e6r? Hvis ja, bli med de millioner av mennesker rundt om i verden og begynn \u00e5 spille lotteri online. Uavhengig av hvor du er, enten det er i USA, Storbritannia, Australia eller New Zealand, er det mange forskjellige internasjonale lotterispill tilgjengelig online for deg \u00e5 velge mellom, alle med store jackpotter for deg \u00e5 ha en sjanse til \u00e5 vinne.<\/p>\n<p>\u00c5 begynne \u00e5 spille lotteri online er veldig enkelt. En av de f\u00f8rste tingene du b\u00f8r gj\u00f8re er \u00e5 sjekke ut nettsiden v\u00e5r og bla gjennom de forskjellige lotteriene som er tilgjengelige. Du kan lett gj\u00f8re dette ved \u00e5 velge ett eller flere av lotteriene som er oppf\u00f8rt, noen av dem inkluderer El Gordo Lotteriet, UK National Lottery, Thunderball Lotto, New York Lottery, og mange flere.<\/p>\n<p>Det er innen hvert lotteri-type at du kan finne ut alt du trenger \u00e5 vite. Deretter kan du bruke tjenesten v\u00e5r til \u00e5 kj\u00f8pe billett online.<\/p>\n<p>Fra hver lotteribeskrivelse finner du detaljer som hva jackpotten er for \u00f8yeblikket, hva den starter p\u00e5 etter \u00e5 ha blitt vunnet, samt hvor mange tall du m\u00e5 matche for \u00e5 vinne jackpotpremien, og hva de andre premie-niv\u00e5ene er. Du vil ogs\u00e5 kunne finne ut informasjon som hvor gammel du m\u00e5 v\u00e6re for \u00e5 spille lotterispill online for hver type, samt hvilke dager og tider trekningene blir holdt.<\/p>\n<section class=\"layout\" style=\"border: solid 1px; width: 100%;\">\n<div class=\"img-div\" style=\"margin-top: 5px;\"><img decoding=\"async\" class=\"wp-image-17212 alignleft\" style=\"height: 45px; margin: 8px 8px 0px;\" src=\"http:\/\/jackpotlotteryonline.com\/wp-content\/uploads\/2022\/11\/read1.jpg\" alt=\"buy lottery online\" width=\"\" height=\"\" \/><\/div>\n<div style=\"padding-left: 5px;\">\n<div style=\"font-size: 1.1em;\">\n<strong>Noen triks og tips for \u00e5 velge tallene dine<\/strong><\/p>\n<p style=\"font-size: 0.85em; margin-top: -1.5em;\">\u00d8k sjansene dine for \u00e5 vinne &#8211; bruk litt strategi for \u00e5 velge tallene dine <a href=\"https:\/\/jackpotlotteryonline.com\/a-few-tricks-and-tips-for-choosing-your-numbers \">Les mer<\/a><\/p>\n<\/p><\/div>\n<\/p><\/div>\n<\/section>\n<h2>Internasjonalt lotteri<\/h2>\n<p> For \u00e5 maksimere sjansene dine for \u00e5 vinne den h\u00f8yeste jackpotten, finner du ut hva de n\u00e5v\u00e6rende jackpottene er. Dette betyr at du strategisk kan velge hvilke lotterispill du skal spille online, og velge \u00e5 spille de med de h\u00f8yeste jackpottene tilgjengelig.<br \/>\nDu vil ogs\u00e5 kunne spille flere lotterispill online. Dette betyr at du ikke bare trenger \u00e5 sette inn billett p\u00e5 \u00e9n type lotteri, men du kan spille forskjellige typer hvis du \u00f8nsker det samtidig. For eksempel kan du spille b\u00e5de et amerikansk og et britisk basert lotteri samtidig, noe som vil \u00f8ke sjansene dine for \u00e5 vinne en pengepremie betydelig.<\/p>\n<p><img loading=\"lazy\" decoding=\"async\" class=\"alignright\" src=\"http:\/\/jackpotlotteryonline.com\/wp-content\/uploads\/2022\/10\/ticket_numbers_pick.jpg\" alt=\"online lotto ticket\" width=\"212\" height=\"142\" \/>I tillegg til at du kan spille internasjonale lotterispill online uansett hvor du er, vil du ogs\u00e5 kunne sjekke resultatene av lotterispillene. Alle resultater for hvert lotteri vil bli oppdatert online i sanntid. Dette betyr at s\u00e5 snart trekningen for lotterispillet du har valgt \u00e5 spille har blitt gjennomf\u00f8rt, vil resultatene v\u00e6re tilgjengelige for deg \u00e5 se veldig raskt etterp\u00e5.<\/p>\n<p>Du vil ogs\u00e5 finne detaljer om hvordan du spiller hvert lotterispill online. For eksempel kan du aldri velge for f\u00e5 eller for mange tall &#8211; billettsystemet v\u00e5rt vil vise deg en melding hver gang du gj\u00f8r en slik feil, og vise deg hvordan du kan rette den.<\/p>\n<p>Derfor, selv om du aldri har spilt et bestemt lands lotteri f\u00f8r, vil du ha alle detaljene lett tilgjengelig for \u00e5 spille som om du var en proff!<\/p>\n","protected":false},"excerpt":{"rendered":"<p>\u00d8nsker du \u00e5 ha en sjanse til \u00e5 bli million\u00e6r? Hvis ja, bli med de millioner av mennesker rundt om i verden og begynn \u00e5 spille lotteri online. Uavhengig av hvor du er, enten det er i USA, Storbritannia, Australia eller New Zealand, er det mange forskjellige internasjonale lotterispill tilgjengelig online for deg \u00e5 velge [&hellip;]<\/p>\n","protected":false},"author":7,"featured_media":0,"parent":0,"menu_order":2,"comment_status":"closed","ping_status":"closed","template":"Play-all.php","meta":{"_et_pb_use_builder":"","_et_pb_old_content":"","_et_gb_content_width":"","exclude_from_search":false,"footnotes":""},"class_list":["post-73077","page","type-page","status-publish","hentry"],"yoast_head":"<!-- This site is optimized with the Yoast SEO plugin v23.3 - https:\/\/yoast.com\/wordpress\/plugins\/seo\/ -->\n<title>Kan jeg delta i internasjonale lotterihendelser online?<\/title>\n<meta name=\"description\" content=\"Du trenger ikke \u00e5 v\u00e6re bosatt i et land for \u00e5 delta i noen av landenes lotterijackpoter\" \/>\n<meta name=\"robots\" content=\"index, follow, max-snippet:-1, max-image-preview:large, max-video-preview:-1\" \/>\n<link rel=\"canonical\" href=\"https:\/\/jackpotlotteryonline.com\/no\/online-lotterihendelser-og-spill\/\" \/>\n<meta property=\"og:locale\" content=\"nb_NO\" \/>\n<meta property=\"og:type\" content=\"article\" \/>\n<meta property=\"og:title\" content=\"Kan jeg delta i internasjonale lotterihendelser online?\" \/>\n<meta property=\"og:description\" content=\"Du trenger ikke \u00e5 v\u00e6re bosatt i et land for \u00e5 delta i noen av landenes lotterijackpoter\" \/>\n<meta property=\"og:url\" content=\"https:\/\/jackpotlotteryonline.com\/no\/online-lotterihendelser-og-spill\/\" \/>\n<meta property=\"og:site_name\" content=\"Lotto Online - Crack The International Lottery Jackpots\" \/>\n<meta property=\"og:image\" content=\"http:\/\/jackpotlotteryonline.com\/wp-content\/uploads\/2022\/11\/read1.jpg\" \/>\n<meta name=\"twitter:card\" content=\"summary_large_image\" \/>\n<!-- \/ Yoast SEO plugin. -->","yoast_head_json":{"title":"Kan jeg delta i internasjonale lotterihendelser online?","description":"Du trenger ikke \u00e5 v\u00e6re bosatt i et land for \u00e5 delta i noen av landenes lotterijackpoter","robots":{"index":"index","follow":"follow","max-snippet":"max-snippet:-1","max-image-preview":"max-image-preview:large","max-video-preview":"max-video-preview:-1"},"canonical":"https:\/\/jackpotlotteryonline.com\/no\/online-lotterihendelser-og-spill\/","og_locale":"nb_NO","og_type":"article","og_title":"Kan jeg delta i internasjonale lotterihendelser online?","og_description":"Du trenger ikke \u00e5 v\u00e6re bosatt i et land for \u00e5 delta i noen av landenes lotterijackpoter","og_url":"https:\/\/jackpotlotteryonline.com\/no\/online-lotterihendelser-og-spill\/","og_site_name":"Lotto Online - Crack The International Lottery Jackpots","og_image":[{"url":"http:\/\/jackpotlotteryonline.com\/wp-content\/uploads\/2022\/11\/read1.jpg"}],"twitter_card":"summary_large_image","schema":{"@context":"https:\/\/schema.org","@graph":[{"@type":"WebPage","@id":"https:\/\/jackpotlotteryonline.com\/no\/online-lotterihendelser-og-spill\/","url":"https:\/\/jackpotlotteryonline.com\/no\/online-lotterihendelser-og-spill\/","name":"Kan jeg delta i internasjonale lotterihendelser online?","isPartOf":{"@id":"https:\/\/jackpotlotteryonline.com\/#website"},"primaryImageOfPage":{"@id":"https:\/\/jackpotlotteryonline.com\/no\/online-lotterihendelser-og-spill\/#primaryimage"},"image":{"@id":"https:\/\/jackpotlotteryonline.com\/no\/online-lotterihendelser-og-spill\/#primaryimage"},"thumbnailUrl":"http:\/\/jackpotlotteryonline.com\/wp-content\/uploads\/2022\/11\/read1.jpg","datePublished":"2025-02-02T19:24:33+00:00","dateModified":"2025-02-02T19:24:33+00:00","description":"Du trenger ikke \u00e5 v\u00e6re bosatt i et land for \u00e5 delta i noen av landenes lotterijackpoter","breadcrumb":{"@id":"https:\/\/jackpotlotteryonline.com\/no\/online-lotterihendelser-og-spill\/#breadcrumb"},"inLanguage":"nb-NO","potentialAction":[{"@type":"ReadAction","target":["https:\/\/jackpotlotteryonline.com\/no\/online-lotterihendelser-og-spill\/"]}]},{"@type":"ImageObject","inLanguage":"nb-NO","@id":"https:\/\/jackpotlotteryonline.com\/no\/online-lotterihendelser-og-spill\/#primaryimage","url":"http:\/\/jackpotlotteryonline.com\/wp-content\/uploads\/2022\/11\/read1.jpg","contentUrl":"http:\/\/jackpotlotteryonline.com\/wp-content\/uploads\/2022\/11\/read1.jpg"},{"@type":"BreadcrumbList","@id":"https:\/\/jackpotlotteryonline.com\/no\/online-lotterihendelser-og-spill\/#breadcrumb","itemListElement":[{"@type":"ListItem","position":1,"name":"Home","item":"https:\/\/jackpotlotteryonline.com\/no\/"},{"@type":"ListItem","position":2,"name":"Online Lotterihendelser og Spill"}]},{"@type":"WebSite","@id":"https:\/\/jackpotlotteryonline.com\/#website","url":"https:\/\/jackpotlotteryonline.com\/","name":"Lotto Online - Crack The International Lottery Jackpots","description":"","potentialAction":[{"@type":"SearchAction","target":{"@type":"EntryPoint","urlTemplate":"https:\/\/jackpotlotteryonline.com\/?s={search_term_string}"},"query-input":"required name=search_term_string"}],"inLanguage":"nb-NO"}]}},"_links":{"self":[{"href":"https:\/\/jackpotlotteryonline.com\/no\/wp-json\/wp\/v2\/pages\/73077","targetHints":{"allow":["GET"]}}],"collection":[{"href":"https:\/\/jackpotlotteryonline.com\/no\/wp-json\/wp\/v2\/pages"}],"about":[{"href":"https:\/\/jackpotlotteryonline.com\/no\/wp-json\/wp\/v2\/types\/page"}],"author":[{"embeddable":true,"href":"https:\/\/jackpotlotteryonline.com\/no\/wp-json\/wp\/v2\/users\/7"}],"replies":[{"embeddable":true,"href":"https:\/\/jackpotlotteryonline.com\/no\/wp-json\/wp\/v2\/comments?post=73077"}],"version-history":[{"count":0,"href":"https:\/\/jackpotlotteryonline.com\/no\/wp-json\/wp\/v2\/pages\/73077\/revisions"}],"wp:attachment":[{"href":"https:\/\/jackpotlotteryonline.com\/no\/wp-json\/wp\/v2\/media?parent=73077"}],"curies":[{"name":"wp","href":"https:\/\/api.w.org\/{rel}","templated":true}]}}