{"id":73108,"date":"2025-02-02T20:07:06","date_gmt":"2025-02-02T20:07:06","guid":{"rendered":"https:\/\/jackpotlotteryonline.com\/?page_id=73108"},"modified":"2025-02-02T20:12:06","modified_gmt":"2025-02-02T20:12:06","slug":"spill-thunderball-uk-lotto-online","status":"publish","type":"page","link":"https:\/\/jackpotlotteryonline.com\/no\/online-lotterihendelser-og-spill\/spill-thunderball-uk-lotto-online\/","title":{"rendered":"Spill Thunderball UK Lotto online"},"content":{"rendered":"<p>UK Thunderball har v\u00e6rt rundt i ganske lang tid. Ikke s\u00e5 gammel som noen andre europeiske lotterier (som La Primitiva), da den f\u00f8rste trekningen ble holdt i 1999. Men p\u00e5 den tiden har Thunderball forandret og fortsetter \u00e5 forandre mange liv. Jackpotpremien p\u00e5 fem hundre tusen pund virker ikke som mye, men det er et livsendrende bel\u00f8p. Og spillere i Storbritannia er enige, ettersom flere kj\u00f8per billetter til Thunderball-trekningene.<\/p>\n<p>Hvis du er en spiller utenfor Storbritannia, kan du ogs\u00e5 spille Thunderball ved \u00e5 g\u00e5 online. Du kan kj\u00f8pe billetter, sjekke trekningsresultater, og trekke gevinstene dine, alt fra komforten av din datamaskin eller mobile enhet. Fortsett \u00e5 lese for \u00e5 finne ut hvordan du spiller Thunderball online.<\/p>\n<p>Thunderball-vinnere<br \/>\nHvis det er ett lotteri som har produsert flere vinnere gjennom de siste ti\u00e5rene, er det Thunderball. Dette UK-lotteriet har f\u00e5tt et rykte for \u00e5 forandre liv, fordi det har produsert mange vinnere. Det er historien om Knowles-familien som hadde spilt i mange \u00e5r og fortsatte selv etter at moren deres gikk bort. Gevinsten var ganske spesiell for dem.<\/p>\n<p>Karen og David Ainger er et par som vant den livsendrende Thunderball-jackpotten. Gevinsten ble godt tatt imot, da de sa at det ville g\u00e5 til pensjonen deres. Et annet par som vant Thunderball var Alf og Rita Boorman. Deres gevinst var ganske interessant, for 30 \u00e5r f\u00f8r hadde Alfs far ogs\u00e5 vunnet. Snakk om en generasjonsgevinst.<\/p>\n<p>Hvordan spille Thunderball online<br \/>\n\u00c5 spille Thunderball er morsomt, og hvis du er en erfaren spiller, er sjansen stor for at du allerede vet hva du skal gj\u00f8re. Spillere m\u00e5 velge 5 tall fra 1 til 39 og et spesialnummer fra 1 til 14. Det spesielle nummeret kalles &#8220;Thunderball&#8221;.<\/p>\n<p>Hvis du spiller Thunderball online, kan du bruke tallgeneratoren for \u00e5 velge tilfeldige tall. Dette er litt som en &#8220;lucky dip&#8221; for de som er vant til fysiske billetter. Du kan velge flere linjer og flere billetter for \u00e5 \u00f8ke sjansene dine for \u00e5 vinne Thunderball. Neste steg er \u00e5 delta i trekningen, og det er den beste delen.<\/p>\n<p>Thunderball har fire trekninger hver uke. Det betyr at du har fire ganger s\u00e5 stor sjanse til \u00e5 vinne jackpotten med Thunderball. Du kan delta i en enkelt trekning, men det er sannsynligvis best \u00e5 delta i flere trekninger, slik at du har en mye h\u00f8yere sjanse for \u00e5 vinne. N\u00e5r du spiller hos oss, vil vi be deg om \u00e5 registrere deg. Det er slik vi kan varsle deg n\u00e5r du vinner en premie.<\/p>\n","protected":false},"excerpt":{"rendered":"<p>UK Thunderball har v\u00e6rt rundt i ganske lang tid. Ikke s\u00e5 gammel som noen andre europeiske lotterier (som La Primitiva), da den f\u00f8rste trekningen ble holdt i 1999. Men p\u00e5 den tiden har Thunderball forandret og fortsetter \u00e5 forandre mange liv. Jackpotpremien p\u00e5 fem hundre tusen pund virker ikke som mye, men det er et [&hellip;]<\/p>\n","protected":false},"author":7,"featured_media":0,"parent":73077,"menu_order":12,"comment_status":"closed","ping_status":"closed","template":"thunderball.php","meta":{"_et_pb_use_builder":"","_et_pb_old_content":"","_et_gb_content_width":"","exclude_from_search":false,"footnotes":""},"class_list":["post-73108","page","type-page","status-publish","hentry"],"yoast_head":"<!-- This site is optimized with the Yoast SEO plugin v23.3 - https:\/\/yoast.com\/wordpress\/plugins\/seo\/ -->\n<title>Spill den britiske Thunderball-lotterien online, selv om du bor utenfor Storbritannia<\/title>\n<meta name=\"description\" content=\"Lottospillere fra utenfor Storbritannia kan n\u00e5 spille Thunderball online \u2013 f\u00e5 dine billetter online gjennom v\u00e5r meldingtjeneste\" \/>\n<meta name=\"robots\" content=\"index, follow, max-snippet:-1, max-image-preview:large, max-video-preview:-1\" \/>\n<link rel=\"canonical\" href=\"https:\/\/jackpotlotteryonline.com\/no\/online-lotterihendelser-og-spill\/spill-thunderball-uk-lotto-online\/\" \/>\n<meta property=\"og:locale\" content=\"nb_NO\" \/>\n<meta property=\"og:type\" content=\"article\" \/>\n<meta property=\"og:title\" content=\"Spill den britiske Thunderball-lotterien online, selv om du bor utenfor Storbritannia\" \/>\n<meta property=\"og:description\" content=\"Lottospillere fra utenfor Storbritannia kan n\u00e5 spille Thunderball online \u2013 f\u00e5 dine billetter online gjennom v\u00e5r meldingtjeneste\" \/>\n<meta property=\"og:url\" content=\"https:\/\/jackpotlotteryonline.com\/no\/online-lotterihendelser-og-spill\/spill-thunderball-uk-lotto-online\/\" \/>\n<meta property=\"og:site_name\" content=\"Lotto Online - Crack The International Lottery Jackpots\" \/>\n<meta property=\"article:modified_time\" content=\"2025-02-02T20:12:06+00:00\" \/>\n<meta name=\"twitter:card\" content=\"summary_large_image\" \/>\n<meta name=\"twitter:label1\" content=\"Ansl. lesetid\" \/>\n\t<meta name=\"twitter:data1\" content=\"2 minutter\" \/>\n<!-- \/ Yoast SEO plugin. -->","yoast_head_json":{"title":"Spill den britiske Thunderball-lotterien online, selv om du bor utenfor Storbritannia","description":"Lottospillere fra utenfor Storbritannia kan n\u00e5 spille Thunderball online \u2013 f\u00e5 dine billetter online gjennom v\u00e5r meldingtjeneste","robots":{"index":"index","follow":"follow","max-snippet":"max-snippet:-1","max-image-preview":"max-image-preview:large","max-video-preview":"max-video-preview:-1"},"canonical":"https:\/\/jackpotlotteryonline.com\/no\/online-lotterihendelser-og-spill\/spill-thunderball-uk-lotto-online\/","og_locale":"nb_NO","og_type":"article","og_title":"Spill den britiske Thunderball-lotterien online, selv om du bor utenfor Storbritannia","og_description":"Lottospillere fra utenfor Storbritannia kan n\u00e5 spille Thunderball online \u2013 f\u00e5 dine billetter online gjennom v\u00e5r meldingtjeneste","og_url":"https:\/\/jackpotlotteryonline.com\/no\/online-lotterihendelser-og-spill\/spill-thunderball-uk-lotto-online\/","og_site_name":"Lotto Online - Crack The International Lottery Jackpots","article_modified_time":"2025-02-02T20:12:06+00:00","twitter_card":"summary_large_image","twitter_misc":{"Ansl. lesetid":"2 minutter"},"schema":{"@context":"https:\/\/schema.org","@graph":[{"@type":"WebPage","@id":"https:\/\/jackpotlotteryonline.com\/no\/online-lotterihendelser-og-spill\/spill-thunderball-uk-lotto-online\/","url":"https:\/\/jackpotlotteryonline.com\/no\/online-lotterihendelser-og-spill\/spill-thunderball-uk-lotto-online\/","name":"Spill den britiske Thunderball-lotterien online, selv om du bor utenfor Storbritannia","isPartOf":{"@id":"https:\/\/jackpotlotteryonline.com\/#website"},"datePublished":"2025-02-02T20:07:06+00:00","dateModified":"2025-02-02T20:12:06+00:00","description":"Lottospillere fra utenfor Storbritannia kan n\u00e5 spille Thunderball online \u2013 f\u00e5 dine billetter online gjennom v\u00e5r meldingtjeneste","breadcrumb":{"@id":"https:\/\/jackpotlotteryonline.com\/no\/online-lotterihendelser-og-spill\/spill-thunderball-uk-lotto-online\/#breadcrumb"},"inLanguage":"nb-NO","potentialAction":[{"@type":"ReadAction","target":["https:\/\/jackpotlotteryonline.com\/no\/online-lotterihendelser-og-spill\/spill-thunderball-uk-lotto-online\/"]}]},{"@type":"BreadcrumbList","@id":"https:\/\/jackpotlotteryonline.com\/no\/online-lotterihendelser-og-spill\/spill-thunderball-uk-lotto-online\/#breadcrumb","itemListElement":[{"@type":"ListItem","position":1,"name":"Home","item":"https:\/\/jackpotlotteryonline.com\/no\/"},{"@type":"ListItem","position":2,"name":"Online Lotterihendelser og Spill","item":"https:\/\/jackpotlotteryonline.com\/no\/online-lotterihendelser-og-spill\/"},{"@type":"ListItem","position":3,"name":"Spill Thunderball UK Lotto online"}]},{"@type":"WebSite","@id":"https:\/\/jackpotlotteryonline.com\/#website","url":"https:\/\/jackpotlotteryonline.com\/","name":"Lotto Online - Crack The International Lottery Jackpots","description":"","potentialAction":[{"@type":"SearchAction","target":{"@type":"EntryPoint","urlTemplate":"https:\/\/jackpotlotteryonline.com\/?s={search_term_string}"},"query-input":"required name=search_term_string"}],"inLanguage":"nb-NO"}]}},"_links":{"self":[{"href":"https:\/\/jackpotlotteryonline.com\/no\/wp-json\/wp\/v2\/pages\/73108","targetHints":{"allow":["GET"]}}],"collection":[{"href":"https:\/\/jackpotlotteryonline.com\/no\/wp-json\/wp\/v2\/pages"}],"about":[{"href":"https:\/\/jackpotlotteryonline.com\/no\/wp-json\/wp\/v2\/types\/page"}],"author":[{"embeddable":true,"href":"https:\/\/jackpotlotteryonline.com\/no\/wp-json\/wp\/v2\/users\/7"}],"replies":[{"embeddable":true,"href":"https:\/\/jackpotlotteryonline.com\/no\/wp-json\/wp\/v2\/comments?post=73108"}],"version-history":[{"count":0,"href":"https:\/\/jackpotlotteryonline.com\/no\/wp-json\/wp\/v2\/pages\/73108\/revisions"}],"up":[{"embeddable":true,"href":"https:\/\/jackpotlotteryonline.com\/no\/wp-json\/wp\/v2\/pages\/73077"}],"wp:attachment":[{"href":"https:\/\/jackpotlotteryonline.com\/no\/wp-json\/wp\/v2\/media?parent=73108"}],"curies":[{"name":"wp","href":"https:\/\/api.w.org\/{rel}","templated":true}]}}