{"id":73124,"date":"2025-02-03T05:52:50","date_gmt":"2025-02-03T05:52:50","guid":{"rendered":"https:\/\/jackpotlotteryonline.com\/?page_id=73124"},"modified":"2025-02-03T05:52:50","modified_gmt":"2025-02-03T05:52:50","slug":"powerball-usa","status":"publish","type":"page","link":"https:\/\/jackpotlotteryonline.com\/no\/online-lotterihendelser-og-spill\/powerball-usa\/","title":{"rendered":"Powerball USA"},"content":{"rendered":"<h1>Powerball Lotto Jackpot Online<\/h1>\n<p> <img loading=\"lazy\" decoding=\"async\" class=\"alignright size-full wp-image-19358\" src=\"http:\/\/jackpotlotteryonline.com\/wp-content\/uploads\/2022\/10\/2_ticket_powerball3.jpg\" alt=\"powerball ticket\" width=\"180\" height=\"194\" \/> Du ser p\u00e5 et av de eldste og st\u00f8rste lotteriene i USA. Powerball Lotto Jackpot tilbys av en multistatlig lotterikommisjon som best\u00e5r av 41 amerikanske delstater. Det spilles i alle delstater (inkludert Jomfru\u00f8yene og District of Columbia) bortsett fra 8 (Nevada, California, Utah, Mississippi, Wyoming, Alabama, Hawaii og Alaska).<br \/>\nPowerball jackpotten har ved flere anledninger oversteget 300 millioner dollar, og den h\u00f8yeste jackpotten noensinne var p\u00e5 1,5 milliarder dollar. Vanligvis starter jackpotten p\u00e5 20 millioner dollar og \u00f8ker med minst 5 millioner dollar hver gang ingen vinner hovedpremien.<\/p>\n<section class=\"layout\" style=\"border: solid 1px; width: 100%;\">\n<div class=\"img-div\" style=\"margin-top: 5px;\"><img decoding=\"async\" class=\"wp-image-17212 alignleft\" style=\"height: 45px; margin: 8px 8px 0px;\" src=\"http:\/\/jackpotlotteryonline.com\/wp-content\/uploads\/2022\/11\/read1.jpg\" alt=\"biggest lotto jackpot\" width=\"\" height=\"\" \/><\/div>\n<div style=\"padding-left: 5px;\">\n<div style=\"font-size: 1.1em;\">\n<strong>Historiske rekordstore lottojpotter<\/strong><\/p>\n<p style=\"font-size: 0.85em; margin-top: -1.5em;\">De st\u00f8rste lottogevinstene i historien vil f\u00e5 hodet ditt til \u00e5 spinne <a href=\"https:\/\/jackpotlotteryonline.com\/biggest-lotto-jackpots-in-history\">Les mer<\/a><\/p>\n<\/p><\/div>\n<\/p><\/div>\n<\/section>\n<h2>Hvordan spille Powerball-lotteriet<\/h2>\n<p> Du kan enkelt <strong><em><a href=\"https:\/\/jackpotlotteryonline.com\/buy-tickets\/powerball\">kj\u00f8pe lodd online<\/a> via v\u00e5r nettside<\/em>.<\/strong> <strong>For \u00e5 spille og vinne Powerball-jackpotten<\/strong> trenger du ikke v\u00e6re amerikansk statsborger \u2013 du kan bo utenfor USA, men du m\u00e5 v\u00e6re minst 18 \u00e5r gammel. Alt du trenger \u00e5 gj\u00f8re er \u00e5 klikke p\u00e5 en av lotteribannerne, registrere deg, verifisere kontoen din og betale. Vi tar oss av resten n\u00e5r du legger inn en bestilling. Vi hjelper deg med billettkj\u00f8p, levering og utbetaling av gevinster. <img loading=\"lazy\" decoding=\"async\" class=\"alignright size-full wp-image-18167\" src=\"http:\/\/jackpotlotteryonline.com\/wp-content\/uploads\/2022\/10\/powerball_globe_logo.png\" alt=\"play powerball online\" width=\"200\" height=\"212\" \/> For \u00e5 vinne <a href=\"http:\/\/jackpotlotteryonline.com\/winning-numbers\/powerball\">Powerball-jackpotten<\/a> m\u00e5 du velge fem tall fra 59 og ett Powerball-tall mellom 1 og 39. Det er ni forskjellige m\u00e5ter \u00e5 vinne p\u00e5, og du f\u00e5r allerede en premie hvis du treffer Powerball-tallet.<br \/>\nPowerball-lotteriet er et klassisk todelt lotterispill. Den f\u00f8rste trommelen har 59 hvite baller, mens den andre trommelen har 39 r\u00f8de baller. Du m\u00e5 velge fem hvite baller og \u00e9n r\u00f8d ball. Tallene trekkes tilfeldig, og rekkef\u00f8lgen p\u00e5virker ikke resultatet.<\/p>\n<p>Det er mange fordeler med \u00e5 spille Powerball-lotteriet online, og p\u00e5 grunn av de store gevinstmulighetene er dette et sv\u00e6rt popul\u00e6rt lotteri.<\/p>\n<h2>Det er p\u00e5 tide \u00e5 pr\u00f8ve lykken i Powerball<\/h2>\n<p> Hvis du liker \u00e5 pr\u00f8ve lykken i pengespill, er Powerball-lotteriet det perfekte stedet \u00e5 starte. P\u00e5 v\u00e5r nettside finner du mye nyttig informasjon som kan hjelpe deg med \u00e5 velge tall og spille strategisk.<br \/>\nMange tror at lotteri bare handler om flaks. Men n\u00e5r du forst\u00e5r hvordan Powerball fungerer, kan du kanskje tenke annerledes. <strong>Det er allerede mange som har vunnet i Powerball, og det er ingen grunn til at du ikke kan v\u00e6re en av dem. Start n\u00e5&#8230;!<\/strong><\/p>\n","protected":false},"excerpt":{"rendered":"<p>Powerball Lotto Jackpot Online Du ser p\u00e5 et av de eldste og st\u00f8rste lotteriene i USA. Powerball Lotto Jackpot tilbys av en multistatlig lotterikommisjon som best\u00e5r av 41 amerikanske delstater. Det spilles i alle delstater (inkludert Jomfru\u00f8yene og District of Columbia) bortsett fra 8 (Nevada, California, Utah, Mississippi, Wyoming, Alabama, Hawaii og Alaska). Powerball jackpotten [&hellip;]<\/p>\n","protected":false},"author":7,"featured_media":0,"parent":73077,"menu_order":1,"comment_status":"closed","ping_status":"closed","template":"powerball-usa.php","meta":{"_et_pb_use_builder":"","_et_pb_old_content":"","_et_gb_content_width":"","exclude_from_search":false,"footnotes":""},"class_list":["post-73124","page","type-page","status-publish","hentry"],"yoast_head":"<!-- This site is optimized with the Yoast SEO plugin v23.3 - https:\/\/yoast.com\/wordpress\/plugins\/seo\/ -->\n<title>Spill Powerball fra et annet land enn USA<\/title>\n<meta name=\"description\" content=\"Powerball-lotteriet er et av de eldste lotteriene i USA \u2013 les her for \u00e5 finne ut hvordan du kan spille online, uansett hvor du befinner deg i verden!\" \/>\n<meta name=\"robots\" content=\"index, follow, max-snippet:-1, max-image-preview:large, max-video-preview:-1\" \/>\n<link rel=\"canonical\" href=\"https:\/\/jackpotlotteryonline.com\/no\/online-lotterihendelser-og-spill\/powerball-usa\/\" \/>\n<meta property=\"og:locale\" content=\"nb_NO\" \/>\n<meta property=\"og:type\" content=\"article\" \/>\n<meta property=\"og:title\" content=\"Spill Powerball fra et annet land enn USA\" \/>\n<meta property=\"og:description\" content=\"Powerball-lotteriet er et av de eldste lotteriene i USA \u2013 les her for \u00e5 finne ut hvordan du kan spille online, uansett hvor du befinner deg i verden!\" \/>\n<meta property=\"og:url\" content=\"https:\/\/jackpotlotteryonline.com\/no\/online-lotterihendelser-og-spill\/powerball-usa\/\" \/>\n<meta property=\"og:site_name\" content=\"Lotto Online - Crack The International Lottery Jackpots\" \/>\n<meta property=\"og:image\" content=\"http:\/\/jackpotlotteryonline.com\/wp-content\/uploads\/2022\/10\/2_ticket_powerball3.jpg\" \/>\n<meta name=\"twitter:card\" content=\"summary_large_image\" \/>\n<!-- \/ Yoast SEO plugin. -->","yoast_head_json":{"title":"Spill Powerball fra et annet land enn USA","description":"Powerball-lotteriet er et av de eldste lotteriene i USA \u2013 les her for \u00e5 finne ut hvordan du kan spille online, uansett hvor du befinner deg i verden!","robots":{"index":"index","follow":"follow","max-snippet":"max-snippet:-1","max-image-preview":"max-image-preview:large","max-video-preview":"max-video-preview:-1"},"canonical":"https:\/\/jackpotlotteryonline.com\/no\/online-lotterihendelser-og-spill\/powerball-usa\/","og_locale":"nb_NO","og_type":"article","og_title":"Spill Powerball fra et annet land enn USA","og_description":"Powerball-lotteriet er et av de eldste lotteriene i USA \u2013 les her for \u00e5 finne ut hvordan du kan spille online, uansett hvor du befinner deg i verden!","og_url":"https:\/\/jackpotlotteryonline.com\/no\/online-lotterihendelser-og-spill\/powerball-usa\/","og_site_name":"Lotto Online - Crack The International Lottery Jackpots","og_image":[{"url":"http:\/\/jackpotlotteryonline.com\/wp-content\/uploads\/2022\/10\/2_ticket_powerball3.jpg"}],"twitter_card":"summary_large_image","schema":{"@context":"https:\/\/schema.org","@graph":[{"@type":"WebPage","@id":"https:\/\/jackpotlotteryonline.com\/no\/online-lotterihendelser-og-spill\/powerball-usa\/","url":"https:\/\/jackpotlotteryonline.com\/no\/online-lotterihendelser-og-spill\/powerball-usa\/","name":"Spill Powerball fra et annet land enn USA","isPartOf":{"@id":"https:\/\/jackpotlotteryonline.com\/#website"},"primaryImageOfPage":{"@id":"https:\/\/jackpotlotteryonline.com\/no\/online-lotterihendelser-og-spill\/powerball-usa\/#primaryimage"},"image":{"@id":"https:\/\/jackpotlotteryonline.com\/no\/online-lotterihendelser-og-spill\/powerball-usa\/#primaryimage"},"thumbnailUrl":"http:\/\/jackpotlotteryonline.com\/wp-content\/uploads\/2022\/10\/2_ticket_powerball3.jpg","datePublished":"2025-02-03T05:52:50+00:00","dateModified":"2025-02-03T05:52:50+00:00","description":"Powerball-lotteriet er et av de eldste lotteriene i USA \u2013 les her for \u00e5 finne ut hvordan du kan spille online, uansett hvor du befinner deg i verden!","breadcrumb":{"@id":"https:\/\/jackpotlotteryonline.com\/no\/online-lotterihendelser-og-spill\/powerball-usa\/#breadcrumb"},"inLanguage":"nb-NO","potentialAction":[{"@type":"ReadAction","target":["https:\/\/jackpotlotteryonline.com\/no\/online-lotterihendelser-og-spill\/powerball-usa\/"]}]},{"@type":"ImageObject","inLanguage":"nb-NO","@id":"https:\/\/jackpotlotteryonline.com\/no\/online-lotterihendelser-og-spill\/powerball-usa\/#primaryimage","url":"http:\/\/jackpotlotteryonline.com\/wp-content\/uploads\/2022\/10\/2_ticket_powerball3.jpg","contentUrl":"http:\/\/jackpotlotteryonline.com\/wp-content\/uploads\/2022\/10\/2_ticket_powerball3.jpg"},{"@type":"BreadcrumbList","@id":"https:\/\/jackpotlotteryonline.com\/no\/online-lotterihendelser-og-spill\/powerball-usa\/#breadcrumb","itemListElement":[{"@type":"ListItem","position":1,"name":"Home","item":"https:\/\/jackpotlotteryonline.com\/no\/"},{"@type":"ListItem","position":2,"name":"Online Lotterihendelser og Spill","item":"https:\/\/jackpotlotteryonline.com\/no\/online-lotterihendelser-og-spill\/"},{"@type":"ListItem","position":3,"name":"Powerball USA"}]},{"@type":"WebSite","@id":"https:\/\/jackpotlotteryonline.com\/#website","url":"https:\/\/jackpotlotteryonline.com\/","name":"Lotto Online - Crack The International Lottery Jackpots","description":"","potentialAction":[{"@type":"SearchAction","target":{"@type":"EntryPoint","urlTemplate":"https:\/\/jackpotlotteryonline.com\/?s={search_term_string}"},"query-input":"required name=search_term_string"}],"inLanguage":"nb-NO"}]}},"_links":{"self":[{"href":"https:\/\/jackpotlotteryonline.com\/no\/wp-json\/wp\/v2\/pages\/73124","targetHints":{"allow":["GET"]}}],"collection":[{"href":"https:\/\/jackpotlotteryonline.com\/no\/wp-json\/wp\/v2\/pages"}],"about":[{"href":"https:\/\/jackpotlotteryonline.com\/no\/wp-json\/wp\/v2\/types\/page"}],"author":[{"embeddable":true,"href":"https:\/\/jackpotlotteryonline.com\/no\/wp-json\/wp\/v2\/users\/7"}],"replies":[{"embeddable":true,"href":"https:\/\/jackpotlotteryonline.com\/no\/wp-json\/wp\/v2\/comments?post=73124"}],"version-history":[{"count":0,"href":"https:\/\/jackpotlotteryonline.com\/no\/wp-json\/wp\/v2\/pages\/73124\/revisions"}],"up":[{"embeddable":true,"href":"https:\/\/jackpotlotteryonline.com\/no\/wp-json\/wp\/v2\/pages\/73077"}],"wp:attachment":[{"href":"https:\/\/jackpotlotteryonline.com\/no\/wp-json\/wp\/v2\/media?parent=73124"}],"curies":[{"name":"wp","href":"https:\/\/api.w.org\/{rel}","templated":true}]}}