{"id":73211,"date":"2025-02-03T07:20:59","date_gmt":"2025-02-03T07:20:59","guid":{"rendered":"https:\/\/jackpotlotteryonline.com\/?page_id=73211"},"modified":"2025-02-03T07:20:59","modified_gmt":"2025-02-03T07:20:59","slug":"hjem","status":"publish","type":"page","link":"https:\/\/jackpotlotteryonline.com\/no\/","title":{"rendered":"Hjem"},"content":{"rendered":"<h2>Spill Lotto p\u00e5 nett og \u00f8k sjansene dine<\/h2>\n<p> Vi viser deg hvordan du kan spille Lotto p\u00e5 nett &#8211; for alle de store jackpottene rundt om i verden. Hvis det ikke er attraktive lottospill i ditt land, er det ikke lenger et problem. Pr\u00f8v \u00e5 vinne noen virkelig store premier. Ikke kast bort pengene p\u00e5 sm\u00e5 premier &#8211; verden har lotterispill med enorme jackpoter. <strong>Se p\u00e5 bannere p\u00e5 v\u00e5r nettside for \u00e5 se hvilke de st\u00f8rste jackpottene du kan delta i akkurat n\u00e5.<\/strong> <img loading=\"lazy\" decoding=\"async\" class=\"alignright\" src=\"https:\/\/jackpotlotteryonline.com\/wp-content\/uploads\/2022\/10\/ticket_balls.jpg\" alt=\"Spill Lotto p\u00e5 nett\" width=\"297\" height=\"101\" \/> Alle disse utrolige jackpottene er n\u00e5 lett tilgjengelige for deg, uavhengig av hvor du bor. For \u00e5 spille Lotto p\u00e5 nett, klikker du p\u00e5 en av lenkene &#8211; du kan kj\u00f8pe billetter til disse store jackpottene via nettet! V\u00e5r nettside lar deg kj\u00f8pe billetter til de st\u00f8rste jackpottene i verden, uansett hvor du bor. Vi kj\u00f8per billettene for deg gjennom en p\u00e5litelig plattform og garanterer at du vil motta premien. <\/p>\n<h2>Muligheter for \u00e5 delta i internasjonale lottospill<\/h2>\n<p> V\u00e5r nettside gir deg all informasjonen du trenger om de st\u00f8rste jackpottene, hvordan du deltar p\u00e5 nettet, hvordan du betaler, hvordan du mottar premiene dine, og hva du skal gj\u00f8re hvis du vinner jackpotten. Les artiklene v\u00e5re om hvert spill (tilgjengelig fra hovedmenyen) og velg enkelt hvilket spill som passer best for deg. <\/p>\n<h2>Spille p\u00e5 nett er enkelt<\/h2>\n<p> Enten du \u00f8nsker \u00e5 spille p\u00e5 den amerikanske Powerball-jackpotten, EuroMillions-jackpotten, den spanske El Gordo, italienske SuperEnalotto eller et annet lotterispill, her kan du <a href=\"https:\/\/jackpotlotteryonline.com\/buy-tickets\">kj\u00f8pe alle billetter p\u00e5 ett sted<\/a> &#8211; direkte p\u00e5 v\u00e5r nettside.<br \/>\nMed v\u00e5r hjelp er du ikke begrenset til lokale lottospill, men kan delta i alle de store internasjonale lottospillene p\u00e5 nett. Dette betyr at du kan velge de st\u00f8rste jackpottene akkurat n\u00e5 og \u00f8ke sjansene for \u00e5 vinne. Eller du kan velge \u00e5 spille for neste lottopremie uten \u00e5 vente p\u00e5 resultatene! Velg spillet, velg tallene dine og betal, det er virkelig enkelt.<\/p>\n<section class=\"layout\" style=\"border: solid 1px; width: 100%;\">\n<div class=\"img-div\" style=\"margin-top: 5px;\"><img decoding=\"async\" class=\"wp-image-17212 alignleft\" style=\"height: 45px; margin: 8px 8px 0px;\" src=\"https:\/\/jackpotlotteryonline.com\/wp-content\/uploads\/2022\/11\/read1.jpg\" alt=\"Les mer\" width=\"\" height=\"\" \/><\/div>\n<div style=\"padding-left: 5px;\">\n<div style=\"font-size: 1.1em;\">\n<strong>Er det lovlig \u00e5 spille p\u00e5 lotterier fra andre land p\u00e5 nett?<\/strong><\/p>\n<p style=\"font-size: 0.85em; margin-top: -1.5em;\">Er det lovlig \u00e5 kj\u00f8pe lottobilletter p\u00e5 nett? Og kan du virkelig f\u00e5 premiene dine? <a href=\"https:\/\/jackpotlotteryonline.com\/is-it-legal-to-play-lotteries-from-other-countries-online\">Les mer<\/a><\/p>\n<\/p><\/div>\n<\/p><\/div>\n<\/section>\n<h2>Online billetttjenester<\/h2>\n<p> <strong>Slik fungerer det:<\/strong> Vi tilbyr en tjeneste for \u00e5 kj\u00f8pe billetter til internasjonale lottospill. Velg lottospillet du vil delta i, og klikk p\u00e5 en av bannerne ovenfor. Deretter velger du tallene for billettene dine p\u00e5 nett. Hvis du \u00f8nsker, kan du velge tilfeldig. Etter at tallene er valgt, lager du en konto og velger betalingsmetode for billettene dine. Ulike sikre betalingsmetoder er tilgjengelige. Deretter kj\u00f8per agentene v\u00e5re billettene for deg, og du vil motta en bekreftelse p\u00e5 kj\u00f8pet via e-post. Den skannede kopien av billettene vil v\u00e6re tilgjengelig p\u00e5 kontoen din umiddelbart etter kj\u00f8pet. <\/p>\n<h2>Fordeler med \u00e5 spille internasjonalt Lotto p\u00e5 nett<\/h2>\n<ul>\n<li>Flere alternativer &#8211; n\u00e5, uansett hvor stor jackpotten er, er du ikke begrenset til bare lokale lottospill.<\/li>\n<li>Verdi for pengene &#8211; i stedet for \u00e5 kj\u00f8pe en billett for 2 euro til 1 million euro, kan du kj\u00f8pe en billett til en jackpot p\u00e5 100 millioner euro. Selv om billettene til de st\u00f8rre lottospillene kan v\u00e6re dyrere, er det matematisk bedre \u00e5 investere i st\u00f8rre jackpotter.<\/li>\n<li>Bekvemmelighet &#8211; det er ikke n\u00f8dvendig \u00e5 g\u00e5 ut av huset for \u00e5 kj\u00f8pe billetter. Du kan kj\u00f8pe billetter og spille Lotto via datamaskinen eller mobilenheten din.<\/li>\n<li>Sikkerhet &#8211; online lottobilletter kan ikke g\u00e5 tapt som fysiske billetter. Billettene dine blir trygt oppbevart p\u00e5 din online konto.<\/li>\n<\/ul>\n<h2>N\u00e5r er lottodragningene?<\/h2>\n<p> Se bildet under. Det viser n\u00e5r de st\u00f8rste lottodragningene finner sted. <img loading=\"lazy\" decoding=\"async\" src=\"https:\/\/jackpotlotteryonline.com\/wp-content\/uploads\/2022\/10\/Lotto-draw-calendar-UTC-300x50.jpg\" alt=\"Lotto trekningstid\" width=\"684\" height=\"114\" \/> <\/p>\n<h2>Hva du skal gj\u00f8re hvis du vinner Lotto?<\/h2>\n<p> N\u00e5r du vinner, vil du motta varsel om premien via e-post. Du trenger ikke \u00e5 bekymre deg for at du vil g\u00e5 glipp av eller miste premien. Vi tar vare p\u00e5 premien din og sender den videre til lotteriselskapet som betaler ut, som deretter sender en sjekk eller overf\u00f8rer bel\u00f8pet til din bankkonto. Hvis du vinner en stor jackpot, m\u00e5 du i noen tilfeller bes\u00f8ke lotteriselskapets hovedkontor personlig. Men ingen problem! Premier p\u00e5 mindre enn \u20ac2500 vil bli lagt til kontoen din umiddelbart, og du kan ta ut eller bruke dem til nye lottobilletter. <strong>Det er s\u00e5 enkelt! Forbered deg p\u00e5 \u00e5 vinne store premier. Kj\u00f8p billetter i dag!<\/strong><br \/>\nSpill Lotto p\u00e5 Nett<br \/>\nSpill Lotto p\u00e5 Nett &#8211; Vinn Internasjonale Jackpotter!<br \/>\nKj\u00f8p billetter til de st\u00f8rste Lotto-jackpottene og spill p\u00e5 nett for \u00e5 vinne millioner!<\/p>\n","protected":false},"excerpt":{"rendered":"<p>Spill Lotto p\u00e5 nett og \u00f8k sjansene dine Vi viser deg hvordan du kan spille Lotto p\u00e5 nett &#8211; for alle de store jackpottene rundt om i verden. Hvis det ikke er attraktive lottospill i ditt land, er det ikke lenger et problem. Pr\u00f8v \u00e5 vinne noen virkelig store premier. Ikke kast bort pengene p\u00e5 [&hellip;]<\/p>\n","protected":false},"author":7,"featured_media":0,"parent":0,"menu_order":1,"comment_status":"closed","ping_status":"closed","template":"lotto.php","meta":{"_et_pb_use_builder":"","_et_pb_old_content":"","_et_gb_content_width":"","exclude_from_search":false,"footnotes":""},"class_list":["post-73211","page","type-page","status-publish","hentry"],"yoast_head":"<!-- This site is optimized with the Yoast SEO plugin v23.3 - https:\/\/yoast.com\/wordpress\/plugins\/seo\/ -->\n<title>Hjem - Lotto Online - Crack The International Lottery Jackpots<\/title>\n<meta name=\"robots\" content=\"index, follow, max-snippet:-1, max-image-preview:large, max-video-preview:-1\" \/>\n<link rel=\"canonical\" href=\"https:\/\/jackpotlotteryonline.com\/no\/\" \/>\n<meta property=\"og:locale\" content=\"nb_NO\" \/>\n<meta property=\"og:type\" content=\"article\" \/>\n<meta property=\"og:title\" content=\"Hjem - Lotto Online - Crack The International Lottery Jackpots\" \/>\n<meta property=\"og:description\" content=\"Spill Lotto p\u00e5 nett og \u00f8k sjansene dine Vi viser deg hvordan du kan spille Lotto p\u00e5 nett &#8211; for alle de store jackpottene rundt om i verden. Hvis det ikke er attraktive lottospill i ditt land, er det ikke lenger et problem. Pr\u00f8v \u00e5 vinne noen virkelig store premier. Ikke kast bort pengene p\u00e5 [&hellip;]\" \/>\n<meta property=\"og:url\" content=\"https:\/\/jackpotlotteryonline.com\/no\/\" \/>\n<meta property=\"og:site_name\" content=\"Lotto Online - Crack The International Lottery Jackpots\" \/>\n<meta property=\"og:image\" content=\"https:\/\/jackpotlotteryonline.com\/wp-content\/uploads\/2022\/10\/ticket_balls.jpg\" \/>\n<meta name=\"twitter:card\" content=\"summary_large_image\" \/>\n<!-- \/ Yoast SEO plugin. -->","yoast_head_json":{"title":"Hjem - Lotto Online - Crack The International Lottery Jackpots","robots":{"index":"index","follow":"follow","max-snippet":"max-snippet:-1","max-image-preview":"max-image-preview:large","max-video-preview":"max-video-preview:-1"},"canonical":"https:\/\/jackpotlotteryonline.com\/no\/","og_locale":"nb_NO","og_type":"article","og_title":"Hjem - Lotto Online - Crack The International Lottery Jackpots","og_description":"Spill Lotto p\u00e5 nett og \u00f8k sjansene dine Vi viser deg hvordan du kan spille Lotto p\u00e5 nett &#8211; for alle de store jackpottene rundt om i verden. Hvis det ikke er attraktive lottospill i ditt land, er det ikke lenger et problem. Pr\u00f8v \u00e5 vinne noen virkelig store premier. Ikke kast bort pengene p\u00e5 [&hellip;]","og_url":"https:\/\/jackpotlotteryonline.com\/no\/","og_site_name":"Lotto Online - Crack The International Lottery Jackpots","og_image":[{"url":"https:\/\/jackpotlotteryonline.com\/wp-content\/uploads\/2022\/10\/ticket_balls.jpg"}],"twitter_card":"summary_large_image","schema":{"@context":"https:\/\/schema.org","@graph":[{"@type":"WebPage","@id":"https:\/\/jackpotlotteryonline.com\/no\/","url":"https:\/\/jackpotlotteryonline.com\/no\/","name":"Hjem - Lotto Online - Crack The International Lottery Jackpots","isPartOf":{"@id":"https:\/\/jackpotlotteryonline.com\/#website"},"primaryImageOfPage":{"@id":"https:\/\/jackpotlotteryonline.com\/no\/#primaryimage"},"image":{"@id":"https:\/\/jackpotlotteryonline.com\/no\/#primaryimage"},"thumbnailUrl":"https:\/\/jackpotlotteryonline.com\/wp-content\/uploads\/2022\/10\/ticket_balls.jpg","datePublished":"2025-02-03T07:20:59+00:00","dateModified":"2025-02-03T07:20:59+00:00","breadcrumb":{"@id":"https:\/\/jackpotlotteryonline.com\/no\/#breadcrumb"},"inLanguage":"nb-NO","potentialAction":[{"@type":"ReadAction","target":["https:\/\/jackpotlotteryonline.com\/no\/"]}]},{"@type":"ImageObject","inLanguage":"nb-NO","@id":"https:\/\/jackpotlotteryonline.com\/no\/#primaryimage","url":"https:\/\/jackpotlotteryonline.com\/wp-content\/uploads\/2022\/10\/ticket_balls.jpg","contentUrl":"https:\/\/jackpotlotteryonline.com\/wp-content\/uploads\/2022\/10\/ticket_balls.jpg"},{"@type":"BreadcrumbList","@id":"https:\/\/jackpotlotteryonline.com\/no\/#breadcrumb","itemListElement":[{"@type":"ListItem","position":1,"name":"Home","item":"https:\/\/jackpotlotteryonline.com\/no\/"},{"@type":"ListItem","position":2,"name":"Hjem"}]},{"@type":"WebSite","@id":"https:\/\/jackpotlotteryonline.com\/#website","url":"https:\/\/jackpotlotteryonline.com\/","name":"Lotto Online - Crack The International Lottery Jackpots","description":"","potentialAction":[{"@type":"SearchAction","target":{"@type":"EntryPoint","urlTemplate":"https:\/\/jackpotlotteryonline.com\/?s={search_term_string}"},"query-input":"required name=search_term_string"}],"inLanguage":"nb-NO"}]}},"_links":{"self":[{"href":"https:\/\/jackpotlotteryonline.com\/no\/wp-json\/wp\/v2\/pages\/73211","targetHints":{"allow":["GET"]}}],"collection":[{"href":"https:\/\/jackpotlotteryonline.com\/no\/wp-json\/wp\/v2\/pages"}],"about":[{"href":"https:\/\/jackpotlotteryonline.com\/no\/wp-json\/wp\/v2\/types\/page"}],"author":[{"embeddable":true,"href":"https:\/\/jackpotlotteryonline.com\/no\/wp-json\/wp\/v2\/users\/7"}],"replies":[{"embeddable":true,"href":"https:\/\/jackpotlotteryonline.com\/no\/wp-json\/wp\/v2\/comments?post=73211"}],"version-history":[{"count":0,"href":"https:\/\/jackpotlotteryonline.com\/no\/wp-json\/wp\/v2\/pages\/73211\/revisions"}],"wp:attachment":[{"href":"https:\/\/jackpotlotteryonline.com\/no\/wp-json\/wp\/v2\/media?parent=73211"}],"curies":[{"name":"wp","href":"https:\/\/api.w.org\/{rel}","templated":true}]}}