{"id":73263,"date":"2025-02-03T07:54:50","date_gmt":"2025-02-03T07:54:50","guid":{"rendered":"https:\/\/jackpotlotteryonline.com\/?page_id=73263"},"modified":"2025-02-03T07:54:50","modified_gmt":"2025-02-03T07:54:50","slug":"spill-euromillions","status":"publish","type":"page","link":"https:\/\/jackpotlotteryonline.com\/no\/online-lotterihendelser-og-spill\/spill-euromillions\/","title":{"rendered":"Spill EuroMillions"},"content":{"rendered":"<h2>Kj\u00f8p en EuroMillions-billett online<\/h2>\n<p> <img loading=\"lazy\" decoding=\"async\" class=\"alignright wp-image-18926\" src=\"http:\/\/jackpotlotteryonline.com\/wp-content\/uploads\/2022\/10\/2_ticket_euromillions3-111x300.jpg\" alt=\"euromillions ticket\" width=\"83\" height=\"224\" srcset=\"https:\/\/jackpotlotteryonline.com\/wp-content\/uploads\/2022\/10\/2_ticket_euromillions3-111x300.jpg 111w, https:\/\/jackpotlotteryonline.com\/wp-content\/uploads\/2022\/10\/2_ticket_euromillions3.jpg 180w\" sizes=\"auto, (max-width: 83px) 100vw, 83px\" \/> EuroMillions er et lotteri som holdes i flere europeiske land som Frankrike, Storbritannia, Spania, Irland, Belgia, Luxembourg og Sveits. EuroMillions online-lotteri begynner med en jackpot p\u00e5 15 millioner euro, og rekordjackpotten st\u00e5r p\u00e5 190 millioner euro.<br \/>\nFor \u00e5 spille EuroMillions-lotteriet m\u00e5 du v\u00e6re minst 18 \u00e5r gammel, men du kan spille det fra hvilket som helst land i verden ved \u00e5 bruke tjenesten vi tilbyr p\u00e5 denne nettsiden. Det vi tilbyr er ganske unikt fordi det gir alle muligheten, inkludert land som Tyskland, Nederland, Italia, og til og med utenfor Europa, til \u00e5 spille og vinne jackpotten online. Ved \u00e5 tilby en tilfeldig valg-alternativ er det lettere \u00e5 velge tilfeldige tall i stedet for \u00e5 legge press p\u00e5 dine egne gr\u00e5 celler.<\/p>\n<h2>Hvordan kj\u00f8pe billett til EuroMillions-jackpot fra utenfor Europa<\/h2>\n<p> <a href=\"https:\/\/jackpotlotteryonline.com\/buy-tickets\/euromillions\">Kj\u00f8p billetter til EuroMillions online-lotteri<\/a> kan gj\u00f8res mindre tidkrevende gjennom oss. N\u00e5r du har registrert deg p\u00e5 nettstedet v\u00e5rt og blitt verifisert, trenger du bare \u00e5 velge lotteriet ditt og gj\u00f8re den n\u00f8dvendige betalingen. N\u00e5r dette er gjort, blir en lotteribillett kj\u00f8pt p\u00e5 dine vegne og en skannet kopi lastes opp til kontoen din etter at du har betalt gjennom den valgte betalingsmetoden din.<br \/>\nI tillegg, hvis du er interessert i \u00e5 spille EuroMillions online-jackpot i en lengre periode, kan du velge tallene dine eller gj\u00f8re dem tilfeldige, og du kan delta i flere trekninger, men du trenger bare \u00e5 betale \u00e9n gang hver uke eller s\u00e5.<\/p>\n<h2>Hvordan EuroMillions online-lotteri fungerer<\/h2>\n<p> <img loading=\"lazy\" decoding=\"async\" class=\"alignright wp-image-17411\" src=\"http:\/\/jackpotlotteryonline.com\/wp-content\/uploads\/2022\/10\/euromillions.png\" alt=\"play euromillions online\" width=\"143\" height=\"152\" \/> Du m\u00e5 velge fem tall mellom 1 og 50 pluss 2 ekstra &#8220;Lucky Star&#8221;-tall (mellom 1 og 9) for \u00e5 vinne jackpotten. <a href=\"http:\/\/jackpotlotteryonline.com\/winning-numbers\/euromillions\">EuroMillions jackpottrekningen<\/a> finner sted hver fredag kveld, og bortsett fra jackpotten, er det 11 niv\u00e5er av premier. Sjansene for \u00e5 vinne minst \u00e9n premie er 1 av 24. <\/p>\n<h2>Sjekking av resultater<\/h2>\n<p> Du kan sjekke resultatene online n\u00e5r som helst etter at trekningen er over. Faktisk kan du bruke din iPad, iPhone eller en hvilken som helst enhet for \u00e5 holde deg oppdatert. N\u00e5r du er heldig nok til \u00e5 vinne en premie eller EuroMillions online-jackpot, vil vi ogs\u00e5 hjelpe deg med \u00e5 kreve premien og s\u00f8rge for at den blir levert til deg. <\/p>\n<h2>Lotteriene med de beste oddsene for \u00e5 vinne stort<\/h2>\n<p> Hvilket lotteri har de beste vinnersjansene? <a href=\"https:\/\/jackpotlotteryonline.com\/which-lottery-has-the-best-winning-chances\">Les mer her<\/a> <\/p>\n<h2>EuroMillions online-lotteri jackpot<\/h2>\n<p> EuroMillions-lotteriet ble lansert 7. februar 2004 og hadde sin f\u00f8rste trekning i Paris 13. februar 2004. Den mest kjente jackpotten ble vunnet i en av de siste trekningene (12. juli 2011), hvor Colin og Chris Weir fra Glasgow (Storbritannia) vant 185.000.000 euro.<br \/>\nEuroMillions online-lotteri jackpot har ikke v\u00e6rt uten sine skandaler \u2013 hovedsakelig de som oppsto i Belgia i 2009. Imidlertid har de ikke hatt noen reell grunn og er siden blitt l\u00f8st. S\u00e5 det er p\u00e5 tide at du pr\u00f8ver lykken med et av de st\u00f8rste pengepremiene noensinne.<\/p>\n","protected":false},"excerpt":{"rendered":"<p>Kj\u00f8p en EuroMillions-billett online EuroMillions er et lotteri som holdes i flere europeiske land som Frankrike, Storbritannia, Spania, Irland, Belgia, Luxembourg og Sveits. EuroMillions online-lotteri begynner med en jackpot p\u00e5 15 millioner euro, og rekordjackpotten st\u00e5r p\u00e5 190 millioner euro. For \u00e5 spille EuroMillions-lotteriet m\u00e5 du v\u00e6re minst 18 \u00e5r gammel, men du kan spille [&hellip;]<\/p>\n","protected":false},"author":7,"featured_media":0,"parent":73077,"menu_order":3,"comment_status":"closed","ping_status":"closed","template":"euromillions.php","meta":{"_et_pb_use_builder":"","_et_pb_old_content":"","_et_gb_content_width":"","exclude_from_search":false,"footnotes":""},"class_list":["post-73263","page","type-page","status-publish","hentry"],"yoast_head":"<!-- This site is optimized with the Yoast SEO plugin v23.3 - https:\/\/yoast.com\/wordpress\/plugins\/seo\/ -->\n<title>Spill EuroMillions online fra hvor som helst, selv utenfor Europa<\/title>\n<meta name=\"description\" content=\"EuroMillions-lotteriet er et av de mest ettertraktede lotteriene. Du kan spille n\u00e5 med en online billett, selv om du er utenfor Europa.\" \/>\n<meta name=\"robots\" content=\"index, follow, max-snippet:-1, max-image-preview:large, max-video-preview:-1\" \/>\n<link rel=\"canonical\" href=\"https:\/\/jackpotlotteryonline.com\/no\/online-lotterihendelser-og-spill\/spill-euromillions\/\" \/>\n<meta property=\"og:locale\" content=\"nb_NO\" \/>\n<meta property=\"og:type\" content=\"article\" \/>\n<meta property=\"og:title\" content=\"Spill EuroMillions online fra hvor som helst, selv utenfor Europa\" \/>\n<meta property=\"og:description\" content=\"EuroMillions-lotteriet er et av de mest ettertraktede lotteriene. Du kan spille n\u00e5 med en online billett, selv om du er utenfor Europa.\" \/>\n<meta property=\"og:url\" content=\"https:\/\/jackpotlotteryonline.com\/no\/online-lotterihendelser-og-spill\/spill-euromillions\/\" \/>\n<meta property=\"og:site_name\" content=\"Lotto Online - Crack The International Lottery Jackpots\" \/>\n<meta property=\"og:image\" content=\"http:\/\/jackpotlotteryonline.com\/wp-content\/uploads\/2022\/10\/2_ticket_euromillions3-111x300.jpg\" \/>\n<meta name=\"twitter:card\" content=\"summary_large_image\" \/>\n<!-- \/ Yoast SEO plugin. -->","yoast_head_json":{"title":"Spill EuroMillions online fra hvor som helst, selv utenfor Europa","description":"EuroMillions-lotteriet er et av de mest ettertraktede lotteriene. Du kan spille n\u00e5 med en online billett, selv om du er utenfor Europa.","robots":{"index":"index","follow":"follow","max-snippet":"max-snippet:-1","max-image-preview":"max-image-preview:large","max-video-preview":"max-video-preview:-1"},"canonical":"https:\/\/jackpotlotteryonline.com\/no\/online-lotterihendelser-og-spill\/spill-euromillions\/","og_locale":"nb_NO","og_type":"article","og_title":"Spill EuroMillions online fra hvor som helst, selv utenfor Europa","og_description":"EuroMillions-lotteriet er et av de mest ettertraktede lotteriene. Du kan spille n\u00e5 med en online billett, selv om du er utenfor Europa.","og_url":"https:\/\/jackpotlotteryonline.com\/no\/online-lotterihendelser-og-spill\/spill-euromillions\/","og_site_name":"Lotto Online - Crack The International Lottery Jackpots","og_image":[{"url":"http:\/\/jackpotlotteryonline.com\/wp-content\/uploads\/2022\/10\/2_ticket_euromillions3-111x300.jpg"}],"twitter_card":"summary_large_image","schema":{"@context":"https:\/\/schema.org","@graph":[{"@type":"WebPage","@id":"https:\/\/jackpotlotteryonline.com\/no\/online-lotterihendelser-og-spill\/spill-euromillions\/","url":"https:\/\/jackpotlotteryonline.com\/no\/online-lotterihendelser-og-spill\/spill-euromillions\/","name":"Spill EuroMillions online fra hvor som helst, selv utenfor Europa","isPartOf":{"@id":"https:\/\/jackpotlotteryonline.com\/#website"},"primaryImageOfPage":{"@id":"https:\/\/jackpotlotteryonline.com\/no\/online-lotterihendelser-og-spill\/spill-euromillions\/#primaryimage"},"image":{"@id":"https:\/\/jackpotlotteryonline.com\/no\/online-lotterihendelser-og-spill\/spill-euromillions\/#primaryimage"},"thumbnailUrl":"http:\/\/jackpotlotteryonline.com\/wp-content\/uploads\/2022\/10\/2_ticket_euromillions3-111x300.jpg","datePublished":"2025-02-03T07:54:50+00:00","dateModified":"2025-02-03T07:54:50+00:00","description":"EuroMillions-lotteriet er et av de mest ettertraktede lotteriene. Du kan spille n\u00e5 med en online billett, selv om du er utenfor Europa.","breadcrumb":{"@id":"https:\/\/jackpotlotteryonline.com\/no\/online-lotterihendelser-og-spill\/spill-euromillions\/#breadcrumb"},"inLanguage":"nb-NO","potentialAction":[{"@type":"ReadAction","target":["https:\/\/jackpotlotteryonline.com\/no\/online-lotterihendelser-og-spill\/spill-euromillions\/"]}]},{"@type":"ImageObject","inLanguage":"nb-NO","@id":"https:\/\/jackpotlotteryonline.com\/no\/online-lotterihendelser-og-spill\/spill-euromillions\/#primaryimage","url":"http:\/\/jackpotlotteryonline.com\/wp-content\/uploads\/2022\/10\/2_ticket_euromillions3-111x300.jpg","contentUrl":"http:\/\/jackpotlotteryonline.com\/wp-content\/uploads\/2022\/10\/2_ticket_euromillions3-111x300.jpg"},{"@type":"BreadcrumbList","@id":"https:\/\/jackpotlotteryonline.com\/no\/online-lotterihendelser-og-spill\/spill-euromillions\/#breadcrumb","itemListElement":[{"@type":"ListItem","position":1,"name":"Home","item":"https:\/\/jackpotlotteryonline.com\/no\/"},{"@type":"ListItem","position":2,"name":"Online Lotterihendelser og Spill","item":"https:\/\/jackpotlotteryonline.com\/no\/online-lotterihendelser-og-spill\/"},{"@type":"ListItem","position":3,"name":"Spill EuroMillions"}]},{"@type":"WebSite","@id":"https:\/\/jackpotlotteryonline.com\/#website","url":"https:\/\/jackpotlotteryonline.com\/","name":"Lotto Online - Crack The International Lottery Jackpots","description":"","potentialAction":[{"@type":"SearchAction","target":{"@type":"EntryPoint","urlTemplate":"https:\/\/jackpotlotteryonline.com\/?s={search_term_string}"},"query-input":"required name=search_term_string"}],"inLanguage":"nb-NO"}]}},"_links":{"self":[{"href":"https:\/\/jackpotlotteryonline.com\/no\/wp-json\/wp\/v2\/pages\/73263","targetHints":{"allow":["GET"]}}],"collection":[{"href":"https:\/\/jackpotlotteryonline.com\/no\/wp-json\/wp\/v2\/pages"}],"about":[{"href":"https:\/\/jackpotlotteryonline.com\/no\/wp-json\/wp\/v2\/types\/page"}],"author":[{"embeddable":true,"href":"https:\/\/jackpotlotteryonline.com\/no\/wp-json\/wp\/v2\/users\/7"}],"replies":[{"embeddable":true,"href":"https:\/\/jackpotlotteryonline.com\/no\/wp-json\/wp\/v2\/comments?post=73263"}],"version-history":[{"count":0,"href":"https:\/\/jackpotlotteryonline.com\/no\/wp-json\/wp\/v2\/pages\/73263\/revisions"}],"up":[{"embeddable":true,"href":"https:\/\/jackpotlotteryonline.com\/no\/wp-json\/wp\/v2\/pages\/73077"}],"wp:attachment":[{"href":"https:\/\/jackpotlotteryonline.com\/no\/wp-json\/wp\/v2\/media?parent=73263"}],"curies":[{"name":"wp","href":"https:\/\/api.w.org\/{rel}","templated":true}]}}