{"id":73287,"date":"2025-02-03T08:10:55","date_gmt":"2025-02-03T08:10:55","guid":{"rendered":"https:\/\/jackpotlotteryonline.com\/?page_id=73287"},"modified":"2025-02-03T08:10:55","modified_gmt":"2025-02-03T08:10:55","slug":"eurojackpot","status":"publish","type":"page","link":"https:\/\/jackpotlotteryonline.com\/no\/online-lotterihendelser-og-spill\/eurojackpot\/","title":{"rendered":"EuroJackpot"},"content":{"rendered":"<h2>Hvordan delta i Eurojackpot fra hvilket som helst land<\/h2>\n<p> <strong>Eurojackpot<\/strong>, sammen med Euromillions, er en av de st\u00f8rste og mest popul\u00e6re lotteriene i hele Europa og spilles av millioner av mennesker over hele verden hver uke. Eurojackpot ble f\u00f8rst opprettet i 1994, men etter flere endringer i regler og format ble det utsatt i noen \u00e5r f\u00f8r det endelig ble lansert og klar til \u00e5 spilles i Europa i 2004.<br \/>\n<img loading=\"lazy\" decoding=\"async\" class=\"alignright wp-image-18574\" src=\"http:\/\/jackpotlotteryonline.com\/wp-content\/uploads\/2022\/10\/1_online_ticket_eurojackpot2.jpg\" alt=\"play eurojackpot online\" width=\"260\" height=\"173\" \/>Siden det f\u00f8rste trekningen ble holdt i 2004, har millioner av mennesker spilt dette fantastiske sjansespillet, og det har v\u00e6rt mange jackpotvinnere, noen av dem har v\u00e6rt heldige nok til \u00e5 vinne jackpotpremier p\u00e5 over 180 millioner euro!<\/p>\n<p>Med en standard jackpotpremie p\u00e5 15 millioner euro som kan endre livet, er det ikke rart at EuroJackpot ogs\u00e5 spilles online av millioner av mennesker hver uke. Reglene er veldig enkle &#8211; for \u00e5 spille og vinne jackpotten, m\u00e5 du korrekt velge 5 tall, fra et utvalg mellom 1 og 50, i tillegg til \u00e5 velge 2 ekstra tall kalt &#8220;lykke stjerner&#8221; mellom 1 og 11.<\/p>\n<p><a href=\"https:\/\/jackpotlotteryonline.com\/buy-tickets\/euromillions\">Kj\u00f8p billetten din online n\u00e5<\/a> gjennom v\u00e5r tjeneste &#8211; alle kan delta og vinne!<\/p>\n<section class=\"layout\" style=\"border: solid 1px; width: 100%;\">\n<div class=\"img-div\" style=\"margin-top: 5px;\"><img decoding=\"async\" class=\"wp-image-17212 alignleft\" style=\"height: 45px; margin: 8px 8px 0px;\" src=\"http:\/\/jackpotlotteryonline.com\/wp-content\/uploads\/2022\/11\/read1.jpg\" alt=\"read\" width=\"\" height=\"\" \/><\/div>\n<div style=\"padding-left: 5px;\">\n<div style=\"font-size: 1.1em;\">\n<strong>Hvilket internasjonalt lotteri er best?<\/strong><\/p>\n<p style=\"font-size: 0.85em; margin-top: -1.5em;\">Hvilket av de internasjonale lotteriene har de beste oddsene for en stor gevinst &#8211; <a href=\"https:\/\/jackpotlotteryonline.com\/which-international-lottery-is-the-best\">les mer<\/a><\/p>\n<\/p><\/div>\n<\/p><\/div>\n<\/section>\n<h2>Kj\u00f8p en billett for EuroJackpot online<\/h2>\n<p> <strong>Det flotte med \u00e5 spille EuroJackpot online<\/strong> er at det er mange premier \u00e5 vinne, s\u00e5 hvis du ikke er jackpotvinneren, ikke bekymre deg, for du kan fortsatt ha en sjanse til \u00e5 vinne store pengesummer. I tillegg til den store jackpotpremien du kan vinne n\u00e5r du kj\u00f8per billett for EuroJackpot online, er det 13 forskjellige premier du kan vinne.<br \/>\n<img loading=\"lazy\" decoding=\"async\" class=\"alignright size-medium wp-image-18736\" src=\"http:\/\/jackpotlotteryonline.com\/wp-content\/uploads\/2022\/10\/2_ticket_eurojackpot-141x300.jpg\" alt=\"eurojackpot ticket\" width=\"141\" height=\"300\" srcset=\"https:\/\/jackpotlotteryonline.com\/wp-content\/uploads\/2022\/10\/2_ticket_eurojackpot-141x300.jpg 141w, https:\/\/jackpotlotteryonline.com\/wp-content\/uploads\/2022\/10\/2_ticket_eurojackpot.jpg 150w\" sizes=\"auto, (max-width: 141px) 100vw, 141px\" \/>Hvis det ikke er noen vinner av den store jackpotpremien, ruller Eurojackpot videre til neste uke. Dette er grunnen til at det har v\u00e6rt store jackpoter p\u00e5 100 millioner euro eller mer tidligere. Lotteriet spilles vanligvis av innbyggere i europeiske land, s\u00e5 hver uke vil deltakere fra steder som Storbritannia, Frankrike, Tyskland og Sveits kj\u00f8pe billetter til EuroJackpot online.<\/p>\n<p>Kj\u00f8p av et lotteribillett online er raskt blitt den mest popul\u00e6re m\u00e5ten \u00e5 spille Eurojackpot lotteriet p\u00e5. Reglene er de samme, men hele prosessen med \u00e5 spille er mye raskere og enklere n\u00e5r det gjelder \u00e5 kj\u00f8pe billetten din. For eksempel, i stedet for \u00e5 g\u00e5 til din lokale butikk for \u00e5 kj\u00f8pe et fysisk billett, kan du ganske enkelt logge p\u00e5 spillnettstedet og velge tallene dine fra komforten av ditt eget hjem eller til og med ditt kontor p\u00e5 sekunder.<\/p>\n<p>N\u00e5r du har valgt de heldige tallene dine, eller til og med flere sett med tall hvis du virkelig vil \u00f8ke sjansene dine for \u00e5 vinne, kan du trygt og sikkert betale for billetten din online. Etter hvert <a href=\"http:\/\/jackpotlotteryonline.com\/winning-numbers\/euromillions\">Eurojackpot lotteri trekning<\/a>, vil resultatene bli oppdatert online umiddelbart etter at det siste tallet er avsl\u00f8rt hver uke. Dette betyr at du ganske enkelt kan logge p\u00e5 kontoen din igjen og se de vinnende tallene p\u00e5 sekunder, uten \u00e5 m\u00e5tte lete etter resultater i aviser.<\/p>\n<p>Det som er mer, er at n\u00e5r du spiller EuroJackpot online med oss, vil du ogs\u00e5 automatisk motta en e-post hvis du har matchet noen tall.<\/p>\n","protected":false},"excerpt":{"rendered":"<p>Hvordan delta i Eurojackpot fra hvilket som helst land Eurojackpot, sammen med Euromillions, er en av de st\u00f8rste og mest popul\u00e6re lotteriene i hele Europa og spilles av millioner av mennesker over hele verden hver uke. Eurojackpot ble f\u00f8rst opprettet i 1994, men etter flere endringer i regler og format ble det utsatt i noen [&hellip;]<\/p>\n","protected":false},"author":7,"featured_media":0,"parent":73077,"menu_order":4,"comment_status":"closed","ping_status":"closed","template":"eurojackpot.php","meta":{"_et_pb_use_builder":"","_et_pb_old_content":"","_et_gb_content_width":"","exclude_from_search":false,"footnotes":""},"class_list":["post-73287","page","type-page","status-publish","hentry"],"yoast_head":"<!-- This site is optimized with the Yoast SEO plugin v23.3 - https:\/\/yoast.com\/wordpress\/plugins\/seo\/ -->\n<title>Spill Eurojackpot online, selv utenfor Europa<\/title>\n<meta name=\"description\" content=\"Spill Eurojackpot online bringer deg n\u00e6rmere til \u00e5 bli en million\u00e6r!\" \/>\n<meta name=\"robots\" content=\"index, follow, max-snippet:-1, max-image-preview:large, max-video-preview:-1\" \/>\n<link rel=\"canonical\" href=\"https:\/\/jackpotlotteryonline.com\/no\/online-lotterihendelser-og-spill\/eurojackpot\/\" \/>\n<meta property=\"og:locale\" content=\"nb_NO\" \/>\n<meta property=\"og:type\" content=\"article\" \/>\n<meta property=\"og:title\" content=\"Spill Eurojackpot online, selv utenfor Europa\" \/>\n<meta property=\"og:description\" content=\"Spill Eurojackpot online bringer deg n\u00e6rmere til \u00e5 bli en million\u00e6r!\" \/>\n<meta property=\"og:url\" content=\"https:\/\/jackpotlotteryonline.com\/no\/online-lotterihendelser-og-spill\/eurojackpot\/\" \/>\n<meta property=\"og:site_name\" content=\"Lotto Online - Crack The International Lottery Jackpots\" \/>\n<meta property=\"og:image\" content=\"http:\/\/jackpotlotteryonline.com\/wp-content\/uploads\/2022\/10\/1_online_ticket_eurojackpot2.jpg\" \/>\n<meta name=\"twitter:card\" content=\"summary_large_image\" \/>\n<!-- \/ Yoast SEO plugin. -->","yoast_head_json":{"title":"Spill Eurojackpot online, selv utenfor Europa","description":"Spill Eurojackpot online bringer deg n\u00e6rmere til \u00e5 bli en million\u00e6r!","robots":{"index":"index","follow":"follow","max-snippet":"max-snippet:-1","max-image-preview":"max-image-preview:large","max-video-preview":"max-video-preview:-1"},"canonical":"https:\/\/jackpotlotteryonline.com\/no\/online-lotterihendelser-og-spill\/eurojackpot\/","og_locale":"nb_NO","og_type":"article","og_title":"Spill Eurojackpot online, selv utenfor Europa","og_description":"Spill Eurojackpot online bringer deg n\u00e6rmere til \u00e5 bli en million\u00e6r!","og_url":"https:\/\/jackpotlotteryonline.com\/no\/online-lotterihendelser-og-spill\/eurojackpot\/","og_site_name":"Lotto Online - Crack The International Lottery Jackpots","og_image":[{"url":"http:\/\/jackpotlotteryonline.com\/wp-content\/uploads\/2022\/10\/1_online_ticket_eurojackpot2.jpg"}],"twitter_card":"summary_large_image","schema":{"@context":"https:\/\/schema.org","@graph":[{"@type":"WebPage","@id":"https:\/\/jackpotlotteryonline.com\/no\/online-lotterihendelser-og-spill\/eurojackpot\/","url":"https:\/\/jackpotlotteryonline.com\/no\/online-lotterihendelser-og-spill\/eurojackpot\/","name":"Spill Eurojackpot online, selv utenfor Europa","isPartOf":{"@id":"https:\/\/jackpotlotteryonline.com\/#website"},"primaryImageOfPage":{"@id":"https:\/\/jackpotlotteryonline.com\/no\/online-lotterihendelser-og-spill\/eurojackpot\/#primaryimage"},"image":{"@id":"https:\/\/jackpotlotteryonline.com\/no\/online-lotterihendelser-og-spill\/eurojackpot\/#primaryimage"},"thumbnailUrl":"http:\/\/jackpotlotteryonline.com\/wp-content\/uploads\/2022\/10\/1_online_ticket_eurojackpot2.jpg","datePublished":"2025-02-03T08:10:55+00:00","dateModified":"2025-02-03T08:10:55+00:00","description":"Spill Eurojackpot online bringer deg n\u00e6rmere til \u00e5 bli en million\u00e6r!","breadcrumb":{"@id":"https:\/\/jackpotlotteryonline.com\/no\/online-lotterihendelser-og-spill\/eurojackpot\/#breadcrumb"},"inLanguage":"nb-NO","potentialAction":[{"@type":"ReadAction","target":["https:\/\/jackpotlotteryonline.com\/no\/online-lotterihendelser-og-spill\/eurojackpot\/"]}]},{"@type":"ImageObject","inLanguage":"nb-NO","@id":"https:\/\/jackpotlotteryonline.com\/no\/online-lotterihendelser-og-spill\/eurojackpot\/#primaryimage","url":"http:\/\/jackpotlotteryonline.com\/wp-content\/uploads\/2022\/10\/1_online_ticket_eurojackpot2.jpg","contentUrl":"http:\/\/jackpotlotteryonline.com\/wp-content\/uploads\/2022\/10\/1_online_ticket_eurojackpot2.jpg"},{"@type":"BreadcrumbList","@id":"https:\/\/jackpotlotteryonline.com\/no\/online-lotterihendelser-og-spill\/eurojackpot\/#breadcrumb","itemListElement":[{"@type":"ListItem","position":1,"name":"Home","item":"https:\/\/jackpotlotteryonline.com\/no\/"},{"@type":"ListItem","position":2,"name":"Online Lotterihendelser og Spill","item":"https:\/\/jackpotlotteryonline.com\/no\/online-lotterihendelser-og-spill\/"},{"@type":"ListItem","position":3,"name":"EuroJackpot"}]},{"@type":"WebSite","@id":"https:\/\/jackpotlotteryonline.com\/#website","url":"https:\/\/jackpotlotteryonline.com\/","name":"Lotto Online - Crack The International Lottery Jackpots","description":"","potentialAction":[{"@type":"SearchAction","target":{"@type":"EntryPoint","urlTemplate":"https:\/\/jackpotlotteryonline.com\/?s={search_term_string}"},"query-input":"required name=search_term_string"}],"inLanguage":"nb-NO"}]}},"_links":{"self":[{"href":"https:\/\/jackpotlotteryonline.com\/no\/wp-json\/wp\/v2\/pages\/73287","targetHints":{"allow":["GET"]}}],"collection":[{"href":"https:\/\/jackpotlotteryonline.com\/no\/wp-json\/wp\/v2\/pages"}],"about":[{"href":"https:\/\/jackpotlotteryonline.com\/no\/wp-json\/wp\/v2\/types\/page"}],"author":[{"embeddable":true,"href":"https:\/\/jackpotlotteryonline.com\/no\/wp-json\/wp\/v2\/users\/7"}],"replies":[{"embeddable":true,"href":"https:\/\/jackpotlotteryonline.com\/no\/wp-json\/wp\/v2\/comments?post=73287"}],"version-history":[{"count":0,"href":"https:\/\/jackpotlotteryonline.com\/no\/wp-json\/wp\/v2\/pages\/73287\/revisions"}],"up":[{"embeddable":true,"href":"https:\/\/jackpotlotteryonline.com\/no\/wp-json\/wp\/v2\/pages\/73077"}],"wp:attachment":[{"href":"https:\/\/jackpotlotteryonline.com\/no\/wp-json\/wp\/v2\/media?parent=73287"}],"curies":[{"name":"wp","href":"https:\/\/api.w.org\/{rel}","templated":true}]}}