{"id":73338,"date":"2025-02-03T09:22:57","date_gmt":"2025-02-03T09:22:57","guid":{"rendered":"https:\/\/jackpotlotteryonline.com\/?page_id=73338"},"modified":"2025-02-03T09:22:57","modified_gmt":"2025-02-03T09:22:57","slug":"spill-el-gordo-lotto-spania","status":"publish","type":"page","link":"https:\/\/jackpotlotteryonline.com\/no\/online-lotterihendelser-og-spill\/spill-el-gordo-lotto-spania\/","title":{"rendered":"Spill El Gordo Lotto Spania"},"content":{"rendered":"<h2><img loading=\"lazy\" decoding=\"async\" class=\"alignright wp-image-18709\" src=\"https:\/\/jackpotlotteryonline.com\/wp-content\/uploads\/2022\/10\/2_ticket_el_gordo3-218x300.jpg\" alt=\"el gordo billett\" width=\"174\" height=\"239\" srcset=\"https:\/\/jackpotlotteryonline.com\/wp-content\/uploads\/2022\/10\/2_ticket_el_gordo3-218x300.jpg 218w, https:\/\/jackpotlotteryonline.com\/wp-content\/uploads\/2022\/10\/2_ticket_el_gordo3.jpg 570w\" sizes=\"auto, (max-width: 174px) 100vw, 174px\" \/> El Gordo Online Lotto Jackpot<\/h2>\n<p> Den gjennomsnittlige spanjolen brukte imponerende \u20ac60 p\u00e5 El Gordo lotto jackpot i 2009. Vel, bel\u00f8pet \u20ac60 virker kanskje ikke s\u00e5 stort, men hvis du multipliserer det med befolkningen i Spania, kan du bli forbl\u00f8ffet. Best kjent for Spanias julelotteriutgave, er El Gordo-lotteriet ogs\u00e5 et ukentlig arrangement.<br \/>\nDet er et lotteri med <a href=\"https:\/\/jackpotlotteryonline.com\/winning-numbers\/el-gordo-draw-results\">en trekning per uke (hver s\u00f8ndag)<\/a>, og du m\u00e5 velge 5 tall fra et tallomr\u00e5de p\u00e5 54. Navnet El Gordo, forresten, betyr &#8220;Den store&#8221; p\u00e5 spansk.<\/p>\n<h2>El Gordo Juletrekning<\/h2>\n<p> Spilt \u00e9n gang i \u00e5ret p\u00e5 juletid, er El Gordo Navidad sv\u00e6rt forskjellig fra andre sammenlignbare lotterier i verden, ettersom det bare er 85 000 lotteribilletter tilgjengelig (fra 00000 til 84999) og trekningen er et veldig spesielt arrangement som tar lang tid \u00e5 sette opp og gjennomf\u00f8re. <\/p>\n<section class=\"layout\" style=\"border: solid 1px; width: 100%;\">\n<div class=\"img-div\" style=\"margin-top: 5px;\"><img decoding=\"async\" class=\"wp-image-17212 alignleft\" style=\"height: 45px; margin: 8px 8px 0px;\" src=\"https:\/\/jackpotlotteryonline.com\/wp-content\/uploads\/2022\/11\/read1.jpg\" alt=\"les\" width=\"\" height=\"\" \/><\/div>\n<div style=\"padding-left: 5px;\">\n<div style=\"font-size: 1.1em;\">\n<strong>Ikke g\u00e5 glipp av trekningstidene for verdens st\u00f8rste lotterijackpoter<\/strong><\/p>\n<p style=\"font-size: 0.85em; margin-top: -1.5em;\">En liste over trekningstidene for internasjonale lotterier &#8211; <a href=\"https:\/\/jackpotlotteryonline.com\/when-are-the-draw-times-for-the-international-lotteries\"> Les mer<\/a><\/p>\n<\/p><\/div>\n<\/p><\/div>\n<\/section>\n<h2>Hvorfor er jule-El Gordo unik?<\/h2>\n<p> <img loading=\"lazy\" decoding=\"async\" class=\"alignright size-full wp-image-17870\" src=\"https:\/\/jackpotlotteryonline.com\/wp-content\/uploads\/2022\/10\/lotto_euros.jpg\" alt=\"vinn jule El Gordo\" width=\"225\" height=\"134\" \/>Selve trekningen er veldig unik og annerledes. Det er nesten ingen maskineri eller teknologi involvert. En stor sf\u00e6re er fylt med treballer, hver av dem har ett av de 5-sifrede tallene p\u00e5 seg. En andre sf\u00e6re inneholder ballene med premiene. Trekningen gj\u00f8res av to barn, som tar en ball fra hver sf\u00e6re, som definerer vinnernummeret og premien dette nummeret har vunnet.<br \/>\nHele trekningen gj\u00f8res for h\u00e5nd, og El Gordo Online Lotto Jackpot er veldig unik og en av de mest ettertraktede i fastlands-Europa. Det er tre toppremier og mer enn 1000 mindre premier, og tall som delvis samsvarer med de tre toppremiene vinner ogs\u00e5 noe. Dette \u00f8ker vinnersjansene betydelig.<\/p>\n<p>El Gordo er en av de st\u00f8rste lotterijackpottene i verden, med en total premiepott p\u00e5 over 3 milliarder euro hvert \u00e5r (per n\u00e5 og den stiger jevnt). Du trenger ikke \u00e5 v\u00e6re spansk eller europeisk statsborger, alle over 18 \u00e5r kan spille El Gordo Lotto.<\/p>\n<h2>Hvordan og hvorfor b\u00f8r du spille El Gordo Online?<\/h2>\n<p> Registrer deg p\u00e5 nettstedet v\u00e5rt i dag for \u00e5 sikre deg plass til rikdom. Vi hjelper spillere utenfor Spania \u00e5 delta i El Gordo-lotteriet. Alt du trenger \u00e5 gj\u00f8re er \u00e5 opprette kontoen din, velge tallene dine og fullf\u00f8re betalingen. Deretter s\u00f8rger vi for at <a href=\"https:\/\/jackpotlotteryonline.com\/buy-tickets\/el-gordo\">en billett blir kj\u00f8pt p\u00e5 dine vegne for El Gordo Lotto Jackpot<\/a>. Billetten med de valgte tallene dine vil bli skannet for deg, og i tilfelle du vinner en formue, vil vi ogs\u00e5 s\u00f8rge for at pengene g\u00e5r til deg s\u00e5 raskt som mulig. Det anbefales at du bestiller billetten med dine favorittnummer i dag.<\/p>\n","protected":false},"excerpt":{"rendered":"<p>El Gordo Online Lotto Jackpot Den gjennomsnittlige spanjolen brukte imponerende \u20ac60 p\u00e5 El Gordo lotto jackpot i 2009. Vel, bel\u00f8pet \u20ac60 virker kanskje ikke s\u00e5 stort, men hvis du multipliserer det med befolkningen i Spania, kan du bli forbl\u00f8ffet. Best kjent for Spanias julelotteriutgave, er El Gordo-lotteriet ogs\u00e5 et ukentlig arrangement. Det er et lotteri [&hellip;]<\/p>\n","protected":false},"author":7,"featured_media":0,"parent":73077,"menu_order":6,"comment_status":"closed","ping_status":"closed","template":"el-gordo.php","meta":{"_et_pb_use_builder":"","_et_pb_old_content":"","_et_gb_content_width":"","exclude_from_search":false,"footnotes":""},"class_list":["post-73338","page","type-page","status-publish","hentry"],"yoast_head":"<!-- This site is optimized with the Yoast SEO plugin v23.3 - https:\/\/yoast.com\/wordpress\/plugins\/seo\/ -->\n<title>Spill Spania&#039;s El Gordo Lotto Online - ogs\u00e5 fra utenfor Spania<\/title>\n<meta name=\"description\" content=\"El Gordo Online Lotto Jackpot er en av de st\u00f8rste jackpottene i verden og kan spilles online fra land utenfor Spania.\" \/>\n<meta name=\"robots\" content=\"index, follow, max-snippet:-1, max-image-preview:large, max-video-preview:-1\" \/>\n<link rel=\"canonical\" href=\"https:\/\/jackpotlotteryonline.com\/no\/online-lotterihendelser-og-spill\/spill-el-gordo-lotto-spania\/\" \/>\n<meta property=\"og:locale\" content=\"nb_NO\" \/>\n<meta property=\"og:type\" content=\"article\" \/>\n<meta property=\"og:title\" content=\"Spill Spania&#039;s El Gordo Lotto Online - ogs\u00e5 fra utenfor Spania\" \/>\n<meta property=\"og:description\" content=\"El Gordo Online Lotto Jackpot er en av de st\u00f8rste jackpottene i verden og kan spilles online fra land utenfor Spania.\" \/>\n<meta property=\"og:url\" content=\"https:\/\/jackpotlotteryonline.com\/no\/online-lotterihendelser-og-spill\/spill-el-gordo-lotto-spania\/\" \/>\n<meta property=\"og:site_name\" content=\"Lotto Online - Crack The International Lottery Jackpots\" \/>\n<meta property=\"og:image\" content=\"https:\/\/jackpotlotteryonline.com\/wp-content\/uploads\/2022\/10\/2_ticket_el_gordo3-218x300.jpg\" \/>\n<meta name=\"twitter:card\" content=\"summary_large_image\" \/>\n<!-- \/ Yoast SEO plugin. -->","yoast_head_json":{"title":"Spill Spania's El Gordo Lotto Online - ogs\u00e5 fra utenfor Spania","description":"El Gordo Online Lotto Jackpot er en av de st\u00f8rste jackpottene i verden og kan spilles online fra land utenfor Spania.","robots":{"index":"index","follow":"follow","max-snippet":"max-snippet:-1","max-image-preview":"max-image-preview:large","max-video-preview":"max-video-preview:-1"},"canonical":"https:\/\/jackpotlotteryonline.com\/no\/online-lotterihendelser-og-spill\/spill-el-gordo-lotto-spania\/","og_locale":"nb_NO","og_type":"article","og_title":"Spill Spania's El Gordo Lotto Online - ogs\u00e5 fra utenfor Spania","og_description":"El Gordo Online Lotto Jackpot er en av de st\u00f8rste jackpottene i verden og kan spilles online fra land utenfor Spania.","og_url":"https:\/\/jackpotlotteryonline.com\/no\/online-lotterihendelser-og-spill\/spill-el-gordo-lotto-spania\/","og_site_name":"Lotto Online - Crack The International Lottery Jackpots","og_image":[{"url":"https:\/\/jackpotlotteryonline.com\/wp-content\/uploads\/2022\/10\/2_ticket_el_gordo3-218x300.jpg"}],"twitter_card":"summary_large_image","schema":{"@context":"https:\/\/schema.org","@graph":[{"@type":"WebPage","@id":"https:\/\/jackpotlotteryonline.com\/no\/online-lotterihendelser-og-spill\/spill-el-gordo-lotto-spania\/","url":"https:\/\/jackpotlotteryonline.com\/no\/online-lotterihendelser-og-spill\/spill-el-gordo-lotto-spania\/","name":"Spill Spania's El Gordo Lotto Online - ogs\u00e5 fra utenfor Spania","isPartOf":{"@id":"https:\/\/jackpotlotteryonline.com\/#website"},"primaryImageOfPage":{"@id":"https:\/\/jackpotlotteryonline.com\/no\/online-lotterihendelser-og-spill\/spill-el-gordo-lotto-spania\/#primaryimage"},"image":{"@id":"https:\/\/jackpotlotteryonline.com\/no\/online-lotterihendelser-og-spill\/spill-el-gordo-lotto-spania\/#primaryimage"},"thumbnailUrl":"https:\/\/jackpotlotteryonline.com\/wp-content\/uploads\/2022\/10\/2_ticket_el_gordo3-218x300.jpg","datePublished":"2025-02-03T09:22:57+00:00","dateModified":"2025-02-03T09:22:57+00:00","description":"El Gordo Online Lotto Jackpot er en av de st\u00f8rste jackpottene i verden og kan spilles online fra land utenfor Spania.","breadcrumb":{"@id":"https:\/\/jackpotlotteryonline.com\/no\/online-lotterihendelser-og-spill\/spill-el-gordo-lotto-spania\/#breadcrumb"},"inLanguage":"nb-NO","potentialAction":[{"@type":"ReadAction","target":["https:\/\/jackpotlotteryonline.com\/no\/online-lotterihendelser-og-spill\/spill-el-gordo-lotto-spania\/"]}]},{"@type":"ImageObject","inLanguage":"nb-NO","@id":"https:\/\/jackpotlotteryonline.com\/no\/online-lotterihendelser-og-spill\/spill-el-gordo-lotto-spania\/#primaryimage","url":"https:\/\/jackpotlotteryonline.com\/wp-content\/uploads\/2022\/10\/2_ticket_el_gordo3-218x300.jpg","contentUrl":"https:\/\/jackpotlotteryonline.com\/wp-content\/uploads\/2022\/10\/2_ticket_el_gordo3-218x300.jpg"},{"@type":"BreadcrumbList","@id":"https:\/\/jackpotlotteryonline.com\/no\/online-lotterihendelser-og-spill\/spill-el-gordo-lotto-spania\/#breadcrumb","itemListElement":[{"@type":"ListItem","position":1,"name":"Home","item":"https:\/\/jackpotlotteryonline.com\/no\/"},{"@type":"ListItem","position":2,"name":"Online Lotterihendelser og Spill","item":"https:\/\/jackpotlotteryonline.com\/no\/online-lotterihendelser-og-spill\/"},{"@type":"ListItem","position":3,"name":"Spill El Gordo Lotto Spania"}]},{"@type":"WebSite","@id":"https:\/\/jackpotlotteryonline.com\/#website","url":"https:\/\/jackpotlotteryonline.com\/","name":"Lotto Online - Crack The International Lottery Jackpots","description":"","potentialAction":[{"@type":"SearchAction","target":{"@type":"EntryPoint","urlTemplate":"https:\/\/jackpotlotteryonline.com\/?s={search_term_string}"},"query-input":"required name=search_term_string"}],"inLanguage":"nb-NO"}]}},"_links":{"self":[{"href":"https:\/\/jackpotlotteryonline.com\/no\/wp-json\/wp\/v2\/pages\/73338","targetHints":{"allow":["GET"]}}],"collection":[{"href":"https:\/\/jackpotlotteryonline.com\/no\/wp-json\/wp\/v2\/pages"}],"about":[{"href":"https:\/\/jackpotlotteryonline.com\/no\/wp-json\/wp\/v2\/types\/page"}],"author":[{"embeddable":true,"href":"https:\/\/jackpotlotteryonline.com\/no\/wp-json\/wp\/v2\/users\/7"}],"replies":[{"embeddable":true,"href":"https:\/\/jackpotlotteryonline.com\/no\/wp-json\/wp\/v2\/comments?post=73338"}],"version-history":[{"count":0,"href":"https:\/\/jackpotlotteryonline.com\/no\/wp-json\/wp\/v2\/pages\/73338\/revisions"}],"up":[{"embeddable":true,"href":"https:\/\/jackpotlotteryonline.com\/no\/wp-json\/wp\/v2\/pages\/73077"}],"wp:attachment":[{"href":"https:\/\/jackpotlotteryonline.com\/no\/wp-json\/wp\/v2\/media?parent=73338"}],"curies":[{"name":"wp","href":"https:\/\/api.w.org\/{rel}","templated":true}]}}