{"id":73365,"date":"2025-02-03T09:54:59","date_gmt":"2025-02-03T09:54:59","guid":{"rendered":"https:\/\/jackpotlotteryonline.com\/?page_id=73365"},"modified":"2025-02-03T09:54:59","modified_gmt":"2025-02-03T09:54:59","slug":"spill-la-primitiva-online","status":"publish","type":"page","link":"https:\/\/jackpotlotteryonline.com\/no\/online-lotterihendelser-og-spill\/spill-la-primitiva-online\/","title":{"rendered":"Spill La Primitiva Online"},"content":{"rendered":"<p>Spanske Lotto er et av de mest popul\u00e6re lotteriene i Europa, med mange fans over hele verden. La Primitiva er et av de eldste lotteriene i verden, etablert i 1763, og har gledet spanske spillere i nesten 260 \u00e5r. Dette spillet var opprinnelig tilgjengelig bare i bestemte regioner, men n\u00e5 kan du delta fra hvor som helst i verden takket v\u00e6re internett. Lotto er et spill som i stor grad er basert p\u00e5 flaks, og dette spillet er intet unntak. Derfor deltar mange hver gang, og mange streber etter \u00e5 vinne stort.<\/p>\n<p>Hvis du \u00f8nsker \u00e5 kj\u00f8pe <a href=\"https:\/\/jackpotlotteryonline.com\/buy-tickets\/la-primitiva\">billetter for verdenslotterier som La Primitiva<\/a>, kan du starte i dag p\u00e5 jackpotlotteryonline.com.<\/p>\n<h2>Hvordan spille La Primitiva<\/h2>\n<p> Spansk Lotto er veldig morsomt, men for nybegynnere kan det virke litt komplisert. Det er flere tall enn i andre lotterier, og det er noen begreper som kan v\u00e6re vanskelige \u00e5 forst\u00e5. Men s\u00e5 snart du forst\u00e5r hvordan La Primitiva fungerer, blir det mye enklere.<br \/>\nF\u00f8r du begynner, er det f\u00f8rste du b\u00f8r vite om <b>Reintegro<\/b> og <b>Complementario<\/b>. Reintegro og Complementario er viktige for \u00e5 bestemme de store vinnerne. Hvis du vil vinne en stor premie, er det viktig \u00e5 forst\u00e5 hva de er og hvordan de fungerer.<\/p>\n<p>Generelt <b>for \u00e5 spille La Primitiva m\u00e5 du velge 5 hovednummer fra 1 til 49 og ett Reintegro-nummer mellom 0 og 9.<\/b> Disse tallene m\u00e5 samsvare med de som trekkes for \u00e5 vinne en stor premie.<\/p>\n<h2>Forst\u00e5 Reintegro<\/h2>\n<p> Reintegro er et viktig nummer som brukes for \u00e5 bestemme de store vinnerne. Hvis du \u00f8nsker \u00e5 vinne, m\u00e5 b\u00e5de hovednumrene og Reintegro-nummeret ditt v\u00e6re riktige.<br \/>\nReintegro brukes ogs\u00e5 for \u00e5 bestemme andre premier. De som har riktig Reintegro-nummer vil f\u00e5 tilbake verdien av billetten. Dette kalles ofte \u00abrefusjon\u00bb.<\/p>\n<section class=\"layout\" style=\"border: solid 1px; width: 100%;\">\n<div class=\"img-div\" style=\"margin-top: 5px;\"><img decoding=\"async\" class=\"wp-image-17212 alignleft\" style=\"height: 45px; margin: 8px 8px 0px;\" src=\"http:\/\/jackpotlotteryonline.com\/wp-content\/uploads\/2022\/11\/read1.jpg\" alt=\"Les mer\" width=\"\" height=\"\" \/><\/div>\n<div style=\"padding-left: 5px;\">\n<div style=\"font-size: 1.1em;\">\n<strong>Hva er hemmeligheten bak suksess i lotteri?<\/strong><\/p>\n<p style=\"font-size: 0.85em; margin-top: -1.5em;\">Hvordan vinne p\u00e5 Lotto \u2013 <a href=\"https:\/\/jackpotlotteryonline.com\/what-is-the-secret-of-lottery-success\">Les mer<\/a><\/p>\n<\/p><\/div>\n<\/p><\/div>\n<\/section>\n<h2>Hva er Complementario?<\/h2>\n<p> Den andre bonusfunksjonen, Complementario, p\u00e5virker ikke hovedpremien, men brukes for \u00e5 bestemme andre premieniv\u00e5er. Derfor, hvis du har de riktige 5 hovednumrene og Complementario-nummeret, vinner du andre premieniv\u00e5. <\/p>\n<h2>Forst\u00e5 Joker-funksjonen<\/h2>\n<p> Joker er en annen funksjon som kan v\u00e6re forvirrende for de som kj\u00f8per billetter for f\u00f8rste gang. Dette er egentlig en bonus som skaper en egen premieklasse. Det er valgfritt, og du kan velge \u00e5 betale litt ekstra for \u00e5 inkludere Joker n\u00e5r du kj\u00f8per billett.<br \/>\nJoker er annerledes enn Lotto fordi spillerne ikke velger sine egne tall. I stedet legges 7 tilfeldige tall til billetten. Dette p\u00e5virker ikke Lotto-deltakelsen din, det er bare en ekstra funksjon. Joker gir deg muligheten til \u00e5 vinne opptil 1 million euro. Her er premiene:<\/p>\n<p>premie \u2013 1.000.000 euro<br \/>\npremie \u2013 10.000 euro<br \/>\npremie \u2013 1.000 euro<br \/>\npremie \u2013 300 euro<br \/>\npremie \u2013 50 euro<br \/>\npremie \u2013 5 euro<br \/>\npremie \u2013 5 euro<\/p>\n<h2>Hvordan vinne med Joker<\/h2>\n<p> Hvis du vinner b\u00e5de p\u00e5 Lotto og Joker, kan du velge \u00e9n premie, du kan ikke vinne begge. Men siden den st\u00f8rre premien vil bli tildelt, kan du velge den. <\/p>\n<h2>Trinn for \u00e5 spille La Primitiva online<\/h2>\n<p> Det er veldig enkelt og morsomt \u00e5 kj\u00f8pe Lotto-billetter online. Du kan kj\u00f8pe billetter p\u00e5 bare noen f\u00e5 klikk. Her er en enkel trinnvis veiledning.<br \/>\n<strong>Trinn 1:<\/strong> Finn \u00f8nsket lotto p\u00e5 nettsiden. Vi tilbyr tilgang til mange internasjonale lotterier, inkludert La Primitiva.<\/p>\n<p><strong>Trinn 2:<\/strong> Velg 5 hovednumre og 2 bonusnumre. Hvis du ikke vet hvilke tall du skal velge, kan du bruke en tilfeldig nummergenerator. Du kan ogs\u00e5 velge flere rader for \u00e5 \u00f8ke sjansene for \u00e5 vinne.<\/p>\n<p><strong>Trinn 3:<\/strong> Delta i trekningen. N\u00e5r du har deltatt, kan du v\u00e6re med i trekningen som skjer p\u00e5 mandager, eller du kan delta p\u00e5 hvilken som helst annen ukedag.<\/p>\n<p><strong>Trinn 4:<\/strong> Registrer deg og betal. N\u00e5r du g\u00e5r til betalingssiden, vil du bli bedt om \u00e5 registrere deg. Dette gj\u00f8r det enklere \u00e5 sjekke billettene dine og motta premiene. N\u00e5r du har registrert deg, kan du logge inn og sjekke billettene dine n\u00e5r som helst.<\/p>\n<p>N\u00e5 kan du kj\u00f8pe Lotto-billetter online p\u00e5 en veldig enkel m\u00e5te!<\/p>\n<h2>Resultater fra La Primitiva-trekningen<\/h2>\n<p> N\u00e5r trekningen er utf\u00f8rt, vil deltakerne kunne se om de har vunnet. I tillegg til hovedpremien er det ogs\u00e5 andre premier, og resultatene vil bli kjent etter trekningen.<br \/>\nLa Primitiva har trekninger hver mandag, torsdag og l\u00f8rdag. Det er tre muligheter hver uke, og deltakerne kan pr\u00f8ve lykken hver gang. Hvis du deltar online, kan du enkelt delta i neste trekning og vil automatisk v\u00e6re registrert for fremtidige trekninger.<\/p>\n<p>Resultatene vil bli sendt i sanntid. Hvis du er i hastverk, kan du alltid komme tilbake til denne siden for \u00e5 sjekke resultatene. Resultatene vil vise b\u00e5de hovednumrene og resultatene for de andre premiene.<\/p>\n","protected":false},"excerpt":{"rendered":"<p>Spanske Lotto er et av de mest popul\u00e6re lotteriene i Europa, med mange fans over hele verden. La Primitiva er et av de eldste lotteriene i verden, etablert i 1763, og har gledet spanske spillere i nesten 260 \u00e5r. Dette spillet var opprinnelig tilgjengelig bare i bestemte regioner, men n\u00e5 kan du delta fra hvor [&hellip;]<\/p>\n","protected":false},"author":7,"featured_media":0,"parent":73077,"menu_order":7,"comment_status":"closed","ping_status":"closed","template":"la-primitiva.php","meta":{"_et_pb_use_builder":"","_et_pb_old_content":"","_et_gb_content_width":"","exclude_from_search":false,"footnotes":""},"class_list":["post-73365","page","type-page","status-publish","hentry"],"yoast_head":"<!-- This site is optimized with the Yoast SEO plugin v23.3 - https:\/\/yoast.com\/wordpress\/plugins\/seo\/ -->\n<title>Hvis du \u00f8nsker \u00e5 spille La Primitiva online, er du p\u00e5 et flott sted for \u00e5 starte<\/title>\n<meta name=\"description\" content=\"Dette spillet er morsomt, enkelt og gir deg muligheten til \u00e5 vinne store premier. Begynn \u00e5 spille i dag og opplev spenningen med Lotto!\" \/>\n<meta name=\"robots\" content=\"index, follow, max-snippet:-1, max-image-preview:large, max-video-preview:-1\" \/>\n<link rel=\"canonical\" href=\"https:\/\/jackpotlotteryonline.com\/no\/online-lotterihendelser-og-spill\/spill-la-primitiva-online\/\" \/>\n<meta property=\"og:locale\" content=\"nb_NO\" \/>\n<meta property=\"og:type\" content=\"article\" \/>\n<meta property=\"og:title\" content=\"Hvis du \u00f8nsker \u00e5 spille La Primitiva online, er du p\u00e5 et flott sted for \u00e5 starte\" \/>\n<meta property=\"og:description\" content=\"Dette spillet er morsomt, enkelt og gir deg muligheten til \u00e5 vinne store premier. Begynn \u00e5 spille i dag og opplev spenningen med Lotto!\" \/>\n<meta property=\"og:url\" content=\"https:\/\/jackpotlotteryonline.com\/no\/online-lotterihendelser-og-spill\/spill-la-primitiva-online\/\" \/>\n<meta property=\"og:site_name\" content=\"Lotto Online - Crack The International Lottery Jackpots\" \/>\n<meta property=\"og:image\" content=\"http:\/\/jackpotlotteryonline.com\/wp-content\/uploads\/2022\/11\/read1.jpg\" \/>\n<meta name=\"twitter:card\" content=\"summary_large_image\" \/>\n<!-- \/ Yoast SEO plugin. -->","yoast_head_json":{"title":"Hvis du \u00f8nsker \u00e5 spille La Primitiva online, er du p\u00e5 et flott sted for \u00e5 starte","description":"Dette spillet er morsomt, enkelt og gir deg muligheten til \u00e5 vinne store premier. Begynn \u00e5 spille i dag og opplev spenningen med Lotto!","robots":{"index":"index","follow":"follow","max-snippet":"max-snippet:-1","max-image-preview":"max-image-preview:large","max-video-preview":"max-video-preview:-1"},"canonical":"https:\/\/jackpotlotteryonline.com\/no\/online-lotterihendelser-og-spill\/spill-la-primitiva-online\/","og_locale":"nb_NO","og_type":"article","og_title":"Hvis du \u00f8nsker \u00e5 spille La Primitiva online, er du p\u00e5 et flott sted for \u00e5 starte","og_description":"Dette spillet er morsomt, enkelt og gir deg muligheten til \u00e5 vinne store premier. Begynn \u00e5 spille i dag og opplev spenningen med Lotto!","og_url":"https:\/\/jackpotlotteryonline.com\/no\/online-lotterihendelser-og-spill\/spill-la-primitiva-online\/","og_site_name":"Lotto Online - Crack The International Lottery Jackpots","og_image":[{"url":"http:\/\/jackpotlotteryonline.com\/wp-content\/uploads\/2022\/11\/read1.jpg"}],"twitter_card":"summary_large_image","schema":{"@context":"https:\/\/schema.org","@graph":[{"@type":"WebPage","@id":"https:\/\/jackpotlotteryonline.com\/no\/online-lotterihendelser-og-spill\/spill-la-primitiva-online\/","url":"https:\/\/jackpotlotteryonline.com\/no\/online-lotterihendelser-og-spill\/spill-la-primitiva-online\/","name":"Hvis du \u00f8nsker \u00e5 spille La Primitiva online, er du p\u00e5 et flott sted for \u00e5 starte","isPartOf":{"@id":"https:\/\/jackpotlotteryonline.com\/#website"},"primaryImageOfPage":{"@id":"https:\/\/jackpotlotteryonline.com\/no\/online-lotterihendelser-og-spill\/spill-la-primitiva-online\/#primaryimage"},"image":{"@id":"https:\/\/jackpotlotteryonline.com\/no\/online-lotterihendelser-og-spill\/spill-la-primitiva-online\/#primaryimage"},"thumbnailUrl":"http:\/\/jackpotlotteryonline.com\/wp-content\/uploads\/2022\/11\/read1.jpg","datePublished":"2025-02-03T09:54:59+00:00","dateModified":"2025-02-03T09:54:59+00:00","description":"Dette spillet er morsomt, enkelt og gir deg muligheten til \u00e5 vinne store premier. Begynn \u00e5 spille i dag og opplev spenningen med Lotto!","breadcrumb":{"@id":"https:\/\/jackpotlotteryonline.com\/no\/online-lotterihendelser-og-spill\/spill-la-primitiva-online\/#breadcrumb"},"inLanguage":"nb-NO","potentialAction":[{"@type":"ReadAction","target":["https:\/\/jackpotlotteryonline.com\/no\/online-lotterihendelser-og-spill\/spill-la-primitiva-online\/"]}]},{"@type":"ImageObject","inLanguage":"nb-NO","@id":"https:\/\/jackpotlotteryonline.com\/no\/online-lotterihendelser-og-spill\/spill-la-primitiva-online\/#primaryimage","url":"http:\/\/jackpotlotteryonline.com\/wp-content\/uploads\/2022\/11\/read1.jpg","contentUrl":"http:\/\/jackpotlotteryonline.com\/wp-content\/uploads\/2022\/11\/read1.jpg"},{"@type":"BreadcrumbList","@id":"https:\/\/jackpotlotteryonline.com\/no\/online-lotterihendelser-og-spill\/spill-la-primitiva-online\/#breadcrumb","itemListElement":[{"@type":"ListItem","position":1,"name":"Home","item":"https:\/\/jackpotlotteryonline.com\/no\/"},{"@type":"ListItem","position":2,"name":"Online Lotterihendelser og Spill","item":"https:\/\/jackpotlotteryonline.com\/no\/online-lotterihendelser-og-spill\/"},{"@type":"ListItem","position":3,"name":"Spill La Primitiva Online"}]},{"@type":"WebSite","@id":"https:\/\/jackpotlotteryonline.com\/#website","url":"https:\/\/jackpotlotteryonline.com\/","name":"Lotto Online - Crack The International Lottery Jackpots","description":"","potentialAction":[{"@type":"SearchAction","target":{"@type":"EntryPoint","urlTemplate":"https:\/\/jackpotlotteryonline.com\/?s={search_term_string}"},"query-input":"required name=search_term_string"}],"inLanguage":"nb-NO"}]}},"_links":{"self":[{"href":"https:\/\/jackpotlotteryonline.com\/no\/wp-json\/wp\/v2\/pages\/73365","targetHints":{"allow":["GET"]}}],"collection":[{"href":"https:\/\/jackpotlotteryonline.com\/no\/wp-json\/wp\/v2\/pages"}],"about":[{"href":"https:\/\/jackpotlotteryonline.com\/no\/wp-json\/wp\/v2\/types\/page"}],"author":[{"embeddable":true,"href":"https:\/\/jackpotlotteryonline.com\/no\/wp-json\/wp\/v2\/users\/7"}],"replies":[{"embeddable":true,"href":"https:\/\/jackpotlotteryonline.com\/no\/wp-json\/wp\/v2\/comments?post=73365"}],"version-history":[{"count":0,"href":"https:\/\/jackpotlotteryonline.com\/no\/wp-json\/wp\/v2\/pages\/73365\/revisions"}],"up":[{"embeddable":true,"href":"https:\/\/jackpotlotteryonline.com\/no\/wp-json\/wp\/v2\/pages\/73077"}],"wp:attachment":[{"href":"https:\/\/jackpotlotteryonline.com\/no\/wp-json\/wp\/v2\/media?parent=73365"}],"curies":[{"name":"wp","href":"https:\/\/api.w.org\/{rel}","templated":true}]}}