{"id":73463,"date":"2025-02-04T07:53:04","date_gmt":"2025-02-04T07:53:04","guid":{"rendered":"https:\/\/jackpotlotteryonline.com\/?page_id=73463"},"modified":"2025-02-04T07:53:04","modified_gmt":"2025-02-04T07:53:04","slug":"spill-lotto-america-pa-nett","status":"publish","type":"page","link":"https:\/\/jackpotlotteryonline.com\/no\/online-lotterihendelser-og-spill\/spill-lotto-america-pa-nett\/","title":{"rendered":"Spill Lotto America p\u00e5 nett"},"content":{"rendered":"<p><span style=\"font-weight: 400;\">Lurer du p\u00e5 hvordan du kan delta i Lotto America uansett hvor du befinner deg i verden? USA har noen av de st\u00f8rste lotteriene i verden, inkludert Lotto America. Interessant nok blir dette lotteriet ofte oversett til fordel for st\u00f8rre spill som Powerball og Mega Millions. Men erfarne spillere vet at Lotto America ikke bare har imponerende jackpotter, men ogs\u00e5 bedre vinnersjanser sammenlignet med Powerball. Hvis du leter etter et amerikansk lotteri med h\u00f8yere vinnersjanser, er Lotto America et godt valg.<\/span><\/p>\n<p><span style=\"font-weight: 400;\">Siden Lotto America er et amerikansk lotteri, selges billettene kun i USA. Men takket v\u00e6re nettsteder som jackpotlotteryonline.com kan du kj\u00f8pe billetter p\u00e5 nett. Vi vil forklare hvordan dette fungerer og besvare ofte stilte sp\u00f8rsm\u00e5l om Lotto America.<\/span><\/p>\n<p><span style=\"font-weight: 400;\">Les videre for \u00e5 l\u00e6re mer om Lotto America, hvordan du kj\u00f8per billetter, og hvordan du kan kreve gevinsten din.<\/span><\/p>\n<section class=\"layout\" style=\"border: solid 1px; width: 100%;\">\n<div class=\"img-div\" style=\"margin-top: 5px;\">\n    <img decoding=\"async\" class=\"wp-image-17212 alignleft\" style=\"height: 45px; margin: 8px 8px 0px;\" src=\"http:\/\/jackpotlotteryonline.com\/wp-content\/uploads\/2022\/11\/read1.jpg\" alt=\"read\" width=\"\" height=\"\" \/>\n  <\/div>\n<div style=\"padding-left: 5px;\">\n<div style=\"font-size: 1.1em;\">\n      <strong>Velg tall manuelt eller bruk en tilfeldig tallgenerator<\/strong><\/p>\n<p style=\"font-size: 0.85em; margin-top: -1.5em;\">Hvordan generere tall med h\u00f8yest vinnersjanser? <a href=\"https:\/\/jackpotlotteryonline.com\/how-to-generate-winning-lotto-numbers\">L\u00e6r mer<\/a><\/p>\n<\/p><\/div>\n<\/p><\/div>\n<\/section>\n<h2><span style=\"font-weight: 400;\">Om Lotto America<\/span><\/h2>\n<p><span style=\"font-weight: 400;\"><br \/>\n  <img loading=\"lazy\" decoding=\"async\" class=\"alignright size-full wp-image-29534\" src=\"http:\/\/jackpotlotteryonline.com\/wp-content\/uploads\/2022\/11\/1_results_lottery_online5.jpg\" alt=\"spill Lotto America online\" width=\"300\" height=\"200\" \/><br \/>\n  Sammenlignet med andre lotterier rundt om i verden er Lotto America et relativt nytt spill. Det ble etablert i 2017 og har eksistert i bare fem \u00e5r. Det ble introdusert som en erstatning for Hot Lotto, et spill som ble avviklet etter flere skandaler. Vi skal ikke g\u00e5 inn p\u00e5 detaljene her, men Lotto America har operert uten problemer siden oppstarten.<br \/>\n<\/span><\/p>\n<p><span style=\"font-weight: 400;\">Lotto America er et flerstatslotteri som tilbys i flere amerikanske delstater. Hvis du bor i en av disse delstatene, kan du enkelt kj\u00f8pe billetter fra en lokal forhandler. Men hva om du bor utenfor USA?<\/span><\/p>\n<p><span style=\"font-weight: 400;\">Heldigvis finnes det en enkel l\u00f8sning. Takket v\u00e6re internett kan spillere over hele verden delta i store internasjonale lotterier. Lotto America kan spilles via nettbaserte lotteritjenester, og vi forklarer hvordan nedenfor.<\/span><\/p>\n<h2><span style=\"font-weight: 400;\">Hvordan spille Lotto America p\u00e5 nett<\/span><\/h2>\n<p><span style=\"font-weight: 400;\">Flere nettsteder hevder at de tilbyr Lotto America, men noen av dem lar deg bare satse p\u00e5 utfallet i stedet for \u00e5 kj\u00f8pe en faktisk billett. Hvis du velger feil nettsted, kan du ende opp med \u00e5 ikke delta i det offisielle lotteriet \u2013 og selv om du gjetter alle tallene riktig, vil du ikke motta jackpoten. Derfor er det viktig \u00e5 velge en p\u00e5litelig tjeneste.<\/span><\/p>\n<p><strong>For \u00e5 spille Lotto America p\u00e5 v\u00e5r plattform, f\u00f8lg disse stegene:<\/strong><\/p>\n<ol>\n<li style=\"font-weight: 400;\" aria-level=\"1\"><span style=\"font-weight: 400;\">Velg Lotto America.<\/span><\/li>\n<li style=\"font-weight: 400;\" aria-level=\"1\"><span style=\"font-weight: 400;\">Velg fem tall mellom 1 og 52. (Hvis du er usikker, kan du bruke en tilfeldig tallgenerator.)<\/span><\/li>\n<li style=\"font-weight: 400;\" aria-level=\"1\"><span style=\"font-weight: 400;\">Velg et bonusnummer (Star Ball) mellom 1 og 10.<\/span><\/li>\n<li style=\"font-weight: 400;\" aria-level=\"1\"><span style=\"font-weight: 400;\">Kj\u00f8p flere linjer for \u00e5 \u00f8ke vinnersjansene dine.<\/span><\/li>\n<li style=\"font-weight: 400;\" aria-level=\"1\"><span style=\"font-weight: 400;\"><a href=\"https:\/\/jackpotlotteryonline.com\/winning-numbers\/lotto-america\">Delta i trekningen<\/a> (du kan delta i flere trekninger om gangen).<\/span><\/li>\n<li style=\"font-weight: 400;\" aria-level=\"1\"><span style=\"font-weight: 400;\">Fullf\u00f8r registreringen og betal for billettene dine.<\/span><\/li>\n<\/ol>\n<h2><span style=\"font-weight: 400;\">Hva er et abonnement?<\/span><\/h2>\n<p><span style=\"font-weight: 400;\">P\u00e5 v\u00e5r plattform kan du registrere deg for et abonnement som automatiserer lottospillene dine. Du kan selvf\u00f8lgelig spille \u00e9n gang, men de fleste spillere deltar jevnlig. Den beste m\u00e5ten \u00e5 \u00f8ke vinnersjansene dine p\u00e5 er \u00e5 spille ofte.<\/span><\/p>\n<p><span style=\"font-weight: 400;\">Lotto America-trekninger holdes hver mandag, onsdag og l\u00f8rdag. Det er lett \u00e5 glemme \u00e5 kj\u00f8pe en billett, men med et abonnement blir det gjort automatisk.<\/span><\/p>\n<p><span style=\"font-weight: 400;\">Med et abonnement trenger du ikke bekymre deg for \u00e5 g\u00e5 glipp av en trekning.<\/span><\/p>\n<h2><span style=\"font-weight: 400;\">Lottokontor-tjeneste<\/span><\/h2>\n<p><span style=\"font-weight: 400;\">Som nevnt tidligere b\u00f8r du v\u00e6re forsiktig med hvilke nettsteder du spiller p\u00e5. Hos oss kan du v\u00e6re trygg p\u00e5 at du deltar i den offisielle Lotto America-trekningen.<\/span><\/p>\n<p><span style=\"font-weight: 400;\">V\u00e5r lottokontor-tjeneste fungerer ved at en agent i USA kj\u00f8per en fysisk lottobillett p\u00e5 dine vegne. Hvis du vinner, hjelper vi deg med \u00e5 kreve gevinsten din. Dette sikrer at hele prosessen \u2013 fra kj\u00f8p til utbetaling \u2013 h\u00e5ndteres profesjonelt og trygt.<\/span><\/p>\n<p><span style=\"font-weight: 400;\">N\u00e5r du spiller Lotto America p\u00e5 v\u00e5r plattform, kj\u00f8per vi en faktisk billett for deg. Etter trekningen kan du sjekke resultatene og, hvis du vinner, motta gevinsten din.<\/span><\/p>\n","protected":false},"excerpt":{"rendered":"<p>Lurer du p\u00e5 hvordan du kan delta i Lotto America uansett hvor du befinner deg i verden? USA har noen av de st\u00f8rste lotteriene i verden, inkludert Lotto America. Interessant nok blir dette lotteriet ofte oversett til fordel for st\u00f8rre spill som Powerball og Mega Millions. Men erfarne spillere vet at Lotto America ikke bare [&hellip;]<\/p>\n","protected":false},"author":7,"featured_media":0,"parent":73077,"menu_order":13,"comment_status":"closed","ping_status":"closed","template":"lotto-america.php","meta":{"_et_pb_use_builder":"","_et_pb_old_content":"","_et_gb_content_width":"","exclude_from_search":false,"footnotes":""},"class_list":["post-73463","page","type-page","status-publish","hentry"],"yoast_head":"<!-- This site is optimized with the Yoast SEO plugin v23.3 - https:\/\/yoast.com\/wordpress\/plugins\/seo\/ -->\n<title>Spill Lotto America p\u00e5 nett fra hvor som helst i verden<\/title>\n<meta name=\"description\" content=\"Finn ut hvordan du kan spille Lotto America p\u00e5 nett. Kj\u00f8p billetter fra hvor som helst i verden og vinn fantastiske premier.\" \/>\n<meta name=\"robots\" content=\"index, follow, max-snippet:-1, max-image-preview:large, max-video-preview:-1\" \/>\n<link rel=\"canonical\" href=\"https:\/\/jackpotlotteryonline.com\/no\/online-lotterihendelser-og-spill\/spill-lotto-america-pa-nett\/\" \/>\n<meta property=\"og:locale\" content=\"nb_NO\" \/>\n<meta property=\"og:type\" content=\"article\" \/>\n<meta property=\"og:title\" content=\"Spill Lotto America p\u00e5 nett fra hvor som helst i verden\" \/>\n<meta property=\"og:description\" content=\"Finn ut hvordan du kan spille Lotto America p\u00e5 nett. Kj\u00f8p billetter fra hvor som helst i verden og vinn fantastiske premier.\" \/>\n<meta property=\"og:url\" content=\"https:\/\/jackpotlotteryonline.com\/no\/online-lotterihendelser-og-spill\/spill-lotto-america-pa-nett\/\" \/>\n<meta property=\"og:site_name\" content=\"Lotto Online - Crack The International Lottery Jackpots\" \/>\n<meta property=\"og:image\" content=\"http:\/\/jackpotlotteryonline.com\/wp-content\/uploads\/2022\/11\/read1.jpg\" \/>\n<meta name=\"twitter:card\" content=\"summary_large_image\" \/>\n<!-- \/ Yoast SEO plugin. -->","yoast_head_json":{"title":"Spill Lotto America p\u00e5 nett fra hvor som helst i verden","description":"Finn ut hvordan du kan spille Lotto America p\u00e5 nett. Kj\u00f8p billetter fra hvor som helst i verden og vinn fantastiske premier.","robots":{"index":"index","follow":"follow","max-snippet":"max-snippet:-1","max-image-preview":"max-image-preview:large","max-video-preview":"max-video-preview:-1"},"canonical":"https:\/\/jackpotlotteryonline.com\/no\/online-lotterihendelser-og-spill\/spill-lotto-america-pa-nett\/","og_locale":"nb_NO","og_type":"article","og_title":"Spill Lotto America p\u00e5 nett fra hvor som helst i verden","og_description":"Finn ut hvordan du kan spille Lotto America p\u00e5 nett. Kj\u00f8p billetter fra hvor som helst i verden og vinn fantastiske premier.","og_url":"https:\/\/jackpotlotteryonline.com\/no\/online-lotterihendelser-og-spill\/spill-lotto-america-pa-nett\/","og_site_name":"Lotto Online - Crack The International Lottery Jackpots","og_image":[{"url":"http:\/\/jackpotlotteryonline.com\/wp-content\/uploads\/2022\/11\/read1.jpg"}],"twitter_card":"summary_large_image","schema":{"@context":"https:\/\/schema.org","@graph":[{"@type":"WebPage","@id":"https:\/\/jackpotlotteryonline.com\/no\/online-lotterihendelser-og-spill\/spill-lotto-america-pa-nett\/","url":"https:\/\/jackpotlotteryonline.com\/no\/online-lotterihendelser-og-spill\/spill-lotto-america-pa-nett\/","name":"Spill Lotto America p\u00e5 nett fra hvor som helst i verden","isPartOf":{"@id":"https:\/\/jackpotlotteryonline.com\/#website"},"primaryImageOfPage":{"@id":"https:\/\/jackpotlotteryonline.com\/no\/online-lotterihendelser-og-spill\/spill-lotto-america-pa-nett\/#primaryimage"},"image":{"@id":"https:\/\/jackpotlotteryonline.com\/no\/online-lotterihendelser-og-spill\/spill-lotto-america-pa-nett\/#primaryimage"},"thumbnailUrl":"http:\/\/jackpotlotteryonline.com\/wp-content\/uploads\/2022\/11\/read1.jpg","datePublished":"2025-02-04T07:53:04+00:00","dateModified":"2025-02-04T07:53:04+00:00","description":"Finn ut hvordan du kan spille Lotto America p\u00e5 nett. Kj\u00f8p billetter fra hvor som helst i verden og vinn fantastiske premier.","breadcrumb":{"@id":"https:\/\/jackpotlotteryonline.com\/no\/online-lotterihendelser-og-spill\/spill-lotto-america-pa-nett\/#breadcrumb"},"inLanguage":"nb-NO","potentialAction":[{"@type":"ReadAction","target":["https:\/\/jackpotlotteryonline.com\/no\/online-lotterihendelser-og-spill\/spill-lotto-america-pa-nett\/"]}]},{"@type":"ImageObject","inLanguage":"nb-NO","@id":"https:\/\/jackpotlotteryonline.com\/no\/online-lotterihendelser-og-spill\/spill-lotto-america-pa-nett\/#primaryimage","url":"http:\/\/jackpotlotteryonline.com\/wp-content\/uploads\/2022\/11\/read1.jpg","contentUrl":"http:\/\/jackpotlotteryonline.com\/wp-content\/uploads\/2022\/11\/read1.jpg"},{"@type":"BreadcrumbList","@id":"https:\/\/jackpotlotteryonline.com\/no\/online-lotterihendelser-og-spill\/spill-lotto-america-pa-nett\/#breadcrumb","itemListElement":[{"@type":"ListItem","position":1,"name":"Home","item":"https:\/\/jackpotlotteryonline.com\/no\/"},{"@type":"ListItem","position":2,"name":"Online Lotterihendelser og Spill","item":"https:\/\/jackpotlotteryonline.com\/no\/online-lotterihendelser-og-spill\/"},{"@type":"ListItem","position":3,"name":"Spill Lotto America p\u00e5 nett"}]},{"@type":"WebSite","@id":"https:\/\/jackpotlotteryonline.com\/#website","url":"https:\/\/jackpotlotteryonline.com\/","name":"Lotto Online - Crack The International Lottery Jackpots","description":"","potentialAction":[{"@type":"SearchAction","target":{"@type":"EntryPoint","urlTemplate":"https:\/\/jackpotlotteryonline.com\/?s={search_term_string}"},"query-input":"required name=search_term_string"}],"inLanguage":"nb-NO"}]}},"_links":{"self":[{"href":"https:\/\/jackpotlotteryonline.com\/no\/wp-json\/wp\/v2\/pages\/73463","targetHints":{"allow":["GET"]}}],"collection":[{"href":"https:\/\/jackpotlotteryonline.com\/no\/wp-json\/wp\/v2\/pages"}],"about":[{"href":"https:\/\/jackpotlotteryonline.com\/no\/wp-json\/wp\/v2\/types\/page"}],"author":[{"embeddable":true,"href":"https:\/\/jackpotlotteryonline.com\/no\/wp-json\/wp\/v2\/users\/7"}],"replies":[{"embeddable":true,"href":"https:\/\/jackpotlotteryonline.com\/no\/wp-json\/wp\/v2\/comments?post=73463"}],"version-history":[{"count":0,"href":"https:\/\/jackpotlotteryonline.com\/no\/wp-json\/wp\/v2\/pages\/73463\/revisions"}],"up":[{"embeddable":true,"href":"https:\/\/jackpotlotteryonline.com\/no\/wp-json\/wp\/v2\/pages\/73077"}],"wp:attachment":[{"href":"https:\/\/jackpotlotteryonline.com\/no\/wp-json\/wp\/v2\/media?parent=73463"}],"curies":[{"name":"wp","href":"https:\/\/api.w.org\/{rel}","templated":true}]}}