{"id":73489,"date":"2025-02-04T08:17:22","date_gmt":"2025-02-04T08:17:22","guid":{"rendered":"https:\/\/jackpotlotteryonline.com\/?page_id=73489"},"modified":"2025-02-04T08:17:22","modified_gmt":"2025-02-04T08:17:22","slug":"spill-set-for-life-online","status":"publish","type":"page","link":"https:\/\/jackpotlotteryonline.com\/no\/online-lotterihendelser-og-spill\/spill-set-for-life-online\/","title":{"rendered":"Spill Set For Life Online"},"content":{"rendered":"<p>Mange mennesker har n\u00e5 innsett hvordan de kan forberede seg p\u00e5 resten av livet. Det er akkurat hva det britiske Set for Life-lotteriet tilbyr: muligheten til \u00e5 vinne 10 000 pund hver m\u00e5ned i 30 \u00e5r. Dette er lotteriet for pensjonen, ikke et engangsbel\u00f8p, noe som betyr at vinnerne ikke vil f\u00e5 en stor sum penger p\u00e5 en gang. P\u00e5 f\u00f8rste \u00f8yekast kan dette virke mindre spennende enn andre lotterier der premien er hundrevis av millioner av euro. Men mange f\u00f8ler seg ukomfortable med \u00e5 h\u00e5ndtere s\u00e5 mye penger p\u00e5 en gang. Vi har ogs\u00e5 historier om lotterivinnere som har g\u00e5tt tom for penger noen \u00e5r etterp\u00e5. Heldigvis, med dette britiske lotteriet, er slike bekymringer ikke til stede. Vinnerne vil f\u00e5 et fast bel\u00f8p p\u00e5 10 000 pund hver m\u00e5ned.<\/p>\n<p>Selv om dette er et britisk lotteri, lurer du kanskje p\u00e5 hvordan du kan spille det utenfor Storbritannia. Du er heldig, for her deler vi hvordan du kan delta og kj\u00f8pe billetter fra andre land.<\/p>\n<p>Kan jeg spille Set For Life utenfor Storbritannia?<\/p>\n<p>Set For Life kan v\u00e6re et britisk lotteri, men \u00f8nsket om \u00e5 vinne er globalt. \u00c6rlig talt, hvem vil ikke ha 10 000 pund hver m\u00e5ned i de neste 30 \u00e5rene? Dette er et lotteri for pensjonisttilv\u00e6relsen, og ikke et engangsbel\u00f8p, s\u00e5 det er ingen stor \u00f8konomisk belastning p\u00e5 en gang. Vanligvis blir billetter til Set For Life solgt kun i Storbritannia, noe som betyr at dette lotteriet er ment for innbyggere i Storbritannia. Men i dag, takket v\u00e6re internett, kan alle kj\u00f8pe billetter fra hvor som helst i verden.<\/p>\n<p>Gjennom internett kan du kj\u00f8pe billetter til Set For Life, inkludert muligheten til \u00e5 spille online. S\u00e5 uavhengig av om du er i Storbritannia eller ikke, kan du spille dette lotteriet og ha sjansen til \u00e5 vinne en stor premie.<\/p>\n<p>Hvordan spiller jeg?<\/p>\n<p>For \u00e5 spille Set For Life, m\u00e5 du velge 5 tall fra 1 til 47, og deretter velge en Life Ball fra 1 til 10. Du kan ogs\u00e5 velge hvilket trekk du \u00f8nsker \u00e5 delta i, eller hvor mange uker du vil spille.<\/p>\n<p>Med v\u00e5r plattform kan du bruke en tilfeldig tallgenerator til \u00e5 velge tallene dine, eller sette opp automatisk deltakelse for flere uker.<\/p>\n<p>Trekningene for Set For Life skjer to ganger i uken, p\u00e5 mandag og torsdag kveld, s\u00e5 du kan v\u00e6re trygg p\u00e5 at du ikke g\u00e5r glipp av trekningen.<\/p>\n<p>Tips for \u00e5 spille online<\/p>\n<p>F\u00f8rst og fremst, v\u00e6r sikker p\u00e5 at du bruker en p\u00e5litelig plattform for \u00e5 kj\u00f8pe billetter. Sikkerheten og p\u00e5liteligheten til nettstedet er viktig n\u00e5r du spiller p\u00e5 lotteri. Det er ogs\u00e5 viktig \u00e5 velge et nettsted som gj\u00f8r det lett \u00e5 verifisere vinnerbilletter og trekke ut premien p\u00e5 en enkel m\u00e5te.<\/p>\n<p>N\u00e5r du spiller, b\u00f8r du vurdere \u00e5 kj\u00f8pe flere billetter og delta p\u00e5 flere trekninger for \u00e5 \u00f8ke vinnersjansene.<\/p>\n<p>Premieklasser for Set For Life<\/p>\n<p>Hovedpremien i Set For Life er virkelig imponerende: 10 000 pund hver m\u00e5ned i de neste 30 \u00e5rene. Denne premien er veldig popul\u00e6r blant de som \u00f8nsker en stabil inntekt. Men bortsett fra hovedpremien, finnes det ogs\u00e5 andre interessante premieklasser:<\/p>\n<p>Klasse 1: 5 tall + Life Ball \u2013 10 000 pund per m\u00e5ned i 30 \u00e5r<br \/>\nKlasse 2: 5 tall \u2013 10 000 pund per m\u00e5ned i 1 \u00e5r<br \/>\nKlasse 3: 4 tall + Life Ball \u2013 250 pund<br \/>\nKlasse 4: 4 tall \u2013 50 pund<br \/>\nKlasse 5: 3 tall + Life Ball \u2013 30 pund<br \/>\nKlasse 6: 3 tall \u2013 20 pund<br \/>\nKlasse 7: 2 tall + Life Ball \u2013 10 pund<br \/>\nKlasse 8: 2 tall \u2013 5 pund<br \/>\nBli med p\u00e5 Set For Life i dag<\/p>\n<p>Vi er en plattform som lar spillere fra hele verden delta i de store internasjonale lotteriene, som Set For Life. Ved \u00e5 bruke v\u00e5r plattform kan du enkelt kj\u00f8pe billetter og delta i dette lotteriet.<\/p>\n<p>Ikke bare vil du f\u00e5 billetter til trekningen, men hvis du vinner, vil du f\u00e5 hjelp til \u00e5 f\u00e5 premien p\u00e5 en enklere m\u00e5te.<\/p>\n<p>S\u00e5 kj\u00f8p billettene dine n\u00e5 og delta i Set For Life.<\/p>\n","protected":false},"excerpt":{"rendered":"<p>Mange mennesker har n\u00e5 innsett hvordan de kan forberede seg p\u00e5 resten av livet. Det er akkurat hva det britiske Set for Life-lotteriet tilbyr: muligheten til \u00e5 vinne 10 000 pund hver m\u00e5ned i 30 \u00e5r. Dette er lotteriet for pensjonen, ikke et engangsbel\u00f8p, noe som betyr at vinnerne ikke vil f\u00e5 en stor sum [&hellip;]<\/p>\n","protected":false},"author":7,"featured_media":0,"parent":73077,"menu_order":11,"comment_status":"closed","ping_status":"closed","template":"set-for-life.php","meta":{"_et_pb_use_builder":"","_et_pb_old_content":"","_et_gb_content_width":"","exclude_from_search":false,"footnotes":""},"class_list":["post-73489","page","type-page","status-publish","hentry"],"yoast_head":"<!-- This site is optimized with the Yoast SEO plugin v23.3 - https:\/\/yoast.com\/wordpress\/plugins\/seo\/ -->\n<title>Spill Set for Life fra utenfor Storbritannia<\/title>\n<meta name=\"description\" content=\"Spill den britiske annuitetslotteriet online og vinn sjansen til \u00e5 v\u00e6re sikret for resten av livet.\" \/>\n<meta name=\"robots\" content=\"index, follow, max-snippet:-1, max-image-preview:large, max-video-preview:-1\" \/>\n<link rel=\"canonical\" href=\"https:\/\/jackpotlotteryonline.com\/no\/online-lotterihendelser-og-spill\/spill-set-for-life-online\/\" \/>\n<meta property=\"og:locale\" content=\"nb_NO\" \/>\n<meta property=\"og:type\" content=\"article\" \/>\n<meta property=\"og:title\" content=\"Spill Set for Life fra utenfor Storbritannia\" \/>\n<meta property=\"og:description\" content=\"Spill den britiske annuitetslotteriet online og vinn sjansen til \u00e5 v\u00e6re sikret for resten av livet.\" \/>\n<meta property=\"og:url\" content=\"https:\/\/jackpotlotteryonline.com\/no\/online-lotterihendelser-og-spill\/spill-set-for-life-online\/\" \/>\n<meta property=\"og:site_name\" content=\"Lotto Online - Crack The International Lottery Jackpots\" \/>\n<meta name=\"twitter:card\" content=\"summary_large_image\" \/>\n<!-- \/ Yoast SEO plugin. -->","yoast_head_json":{"title":"Spill Set for Life fra utenfor Storbritannia","description":"Spill den britiske annuitetslotteriet online og vinn sjansen til \u00e5 v\u00e6re sikret for resten av livet.","robots":{"index":"index","follow":"follow","max-snippet":"max-snippet:-1","max-image-preview":"max-image-preview:large","max-video-preview":"max-video-preview:-1"},"canonical":"https:\/\/jackpotlotteryonline.com\/no\/online-lotterihendelser-og-spill\/spill-set-for-life-online\/","og_locale":"nb_NO","og_type":"article","og_title":"Spill Set for Life fra utenfor Storbritannia","og_description":"Spill den britiske annuitetslotteriet online og vinn sjansen til \u00e5 v\u00e6re sikret for resten av livet.","og_url":"https:\/\/jackpotlotteryonline.com\/no\/online-lotterihendelser-og-spill\/spill-set-for-life-online\/","og_site_name":"Lotto Online - Crack The International Lottery Jackpots","twitter_card":"summary_large_image","schema":{"@context":"https:\/\/schema.org","@graph":[{"@type":"WebPage","@id":"https:\/\/jackpotlotteryonline.com\/no\/online-lotterihendelser-og-spill\/spill-set-for-life-online\/","url":"https:\/\/jackpotlotteryonline.com\/no\/online-lotterihendelser-og-spill\/spill-set-for-life-online\/","name":"Spill Set for Life fra utenfor Storbritannia","isPartOf":{"@id":"https:\/\/jackpotlotteryonline.com\/#website"},"datePublished":"2025-02-04T08:17:22+00:00","dateModified":"2025-02-04T08:17:22+00:00","description":"Spill den britiske annuitetslotteriet online og vinn sjansen til \u00e5 v\u00e6re sikret for resten av livet.","breadcrumb":{"@id":"https:\/\/jackpotlotteryonline.com\/no\/online-lotterihendelser-og-spill\/spill-set-for-life-online\/#breadcrumb"},"inLanguage":"nb-NO","potentialAction":[{"@type":"ReadAction","target":["https:\/\/jackpotlotteryonline.com\/no\/online-lotterihendelser-og-spill\/spill-set-for-life-online\/"]}]},{"@type":"BreadcrumbList","@id":"https:\/\/jackpotlotteryonline.com\/no\/online-lotterihendelser-og-spill\/spill-set-for-life-online\/#breadcrumb","itemListElement":[{"@type":"ListItem","position":1,"name":"Home","item":"https:\/\/jackpotlotteryonline.com\/no\/"},{"@type":"ListItem","position":2,"name":"Online Lotterihendelser og Spill","item":"https:\/\/jackpotlotteryonline.com\/no\/online-lotterihendelser-og-spill\/"},{"@type":"ListItem","position":3,"name":"Spill Set For Life Online"}]},{"@type":"WebSite","@id":"https:\/\/jackpotlotteryonline.com\/#website","url":"https:\/\/jackpotlotteryonline.com\/","name":"Lotto Online - Crack The International Lottery Jackpots","description":"","potentialAction":[{"@type":"SearchAction","target":{"@type":"EntryPoint","urlTemplate":"https:\/\/jackpotlotteryonline.com\/?s={search_term_string}"},"query-input":"required name=search_term_string"}],"inLanguage":"nb-NO"}]}},"_links":{"self":[{"href":"https:\/\/jackpotlotteryonline.com\/no\/wp-json\/wp\/v2\/pages\/73489","targetHints":{"allow":["GET"]}}],"collection":[{"href":"https:\/\/jackpotlotteryonline.com\/no\/wp-json\/wp\/v2\/pages"}],"about":[{"href":"https:\/\/jackpotlotteryonline.com\/no\/wp-json\/wp\/v2\/types\/page"}],"author":[{"embeddable":true,"href":"https:\/\/jackpotlotteryonline.com\/no\/wp-json\/wp\/v2\/users\/7"}],"replies":[{"embeddable":true,"href":"https:\/\/jackpotlotteryonline.com\/no\/wp-json\/wp\/v2\/comments?post=73489"}],"version-history":[{"count":0,"href":"https:\/\/jackpotlotteryonline.com\/no\/wp-json\/wp\/v2\/pages\/73489\/revisions"}],"up":[{"embeddable":true,"href":"https:\/\/jackpotlotteryonline.com\/no\/wp-json\/wp\/v2\/pages\/73077"}],"wp:attachment":[{"href":"https:\/\/jackpotlotteryonline.com\/no\/wp-json\/wp\/v2\/media?parent=73489"}],"curies":[{"name":"wp","href":"https:\/\/api.w.org\/{rel}","templated":true}]}}