{"id":73513,"date":"2025-02-04T08:40:42","date_gmt":"2025-02-04T08:40:42","guid":{"rendered":"https:\/\/jackpotlotteryonline.com\/?page_id=73513"},"modified":"2025-02-04T08:40:42","modified_gmt":"2025-02-04T08:40:42","slug":"spill-new-york-lotto-online","status":"publish","type":"page","link":"https:\/\/jackpotlotteryonline.com\/no\/online-lotterihendelser-og-spill\/spill-new-york-lotto-online\/","title":{"rendered":"Spill New York Lotto Online"},"content":{"rendered":"<p>Historien om New York Lotto er fylt med gode gjerninger og positiv energi. Dette lotteriet ble laget som en m\u00e5te \u00e5 st\u00f8tte utdanning p\u00e5, og er et utmerket valg for de som \u00f8nsker \u00e5 ha litt moro, men ogs\u00e5 bidra til noe godt i verden. Hvis du \u00f8nsker \u00e5 f\u00f8le at du bidrar til noe bra i verden, er New York Lotto et flott valg.<\/p>\n<p>Men det vanligste sp\u00f8rsm\u00e5let mange spillere stiller er: &#8220;Hvordan kan jeg delta i dette lotteriet hvis jeg ikke bor i New York?&#8221; Som du sikkert kan tenke deg, er New York Lotto et statlig lotteri for New York, s\u00e5 for innbyggere i New York er det enkelt \u00e5 kj\u00f8pe billetter. Men hvis du bor i en annen stat eller p\u00e5 en annen kontinent, er situasjonen litt annerledes.<\/p>\n<p>Men v\u00e6r ikke bekymret, vi skal fortelle deg hvordan du kan delta i New York Lotto fra hvor som helst i verden. For \u00e5 delta i neste trekning, bes\u00f8k jackpotlotteryonline.com og start derfra!<\/p>\n<p>Tips for \u00e5 spille New York Lotto<\/p>\n<p>F\u00f8r vi ser p\u00e5 detaljene om hvordan du spiller, her er noen generelle tips for spillere som \u00f8nsker \u00e5 begynne p\u00e5 sin reise i New York Lotto. Selv om vi snakker om dette spesifikke lotteriet, er disse tipsene ogs\u00e5 relevante for mange andre internasjonale lotterier. Faktisk kan du spille andre lotterier fra hele verden gjennom samme prosess.<\/p>\n<p>Tipsene for \u00e5 spille New York Lotto er som f\u00f8lger:<\/p>\n<p>Velg tallene dine n\u00f8ye. Selv om det ikke finnes en m\u00e5te \u00e5 forutsi hvilke tall som blir trukket, er det viktig \u00e5 velge tall som er viktige for deg.<br \/>\nSjekk bonusnumrene. Mange spillere vet ikke at bonusnumrene er like viktige som hovedtallene. De brukes til \u00e5 bestemme andre niv\u00e5er av premier, og det kan noen ganger v\u00e6re ganske betydelige gevinster.<br \/>\nIkke g\u00e5 glipp av trekningen. For \u00e5 vinne er det viktig \u00e5 delta i trekningene. New York Lotto trekkes to ganger i uken \u2013 hver onsdag og l\u00f8rdag. S\u00f8rg for \u00e5 delta i begge trekningene. Du kan ogs\u00e5 begynne \u00e5 delta flere uker p\u00e5 rad (mer om det senere).<br \/>\nOffline vs Online<\/p>\n<p>Hva er forskjellen mellom \u00e5 spille offline og online, og hvilke fordeler har online-spilling? Dette er et vanlig sp\u00f8rsm\u00e5l, og det er helt gyldig. For eksempel, hvis du bor i New York, kanskje du ikke forst\u00e5r hva som er s\u00e5 spesielt med \u00e5 spille online. Vel, vi skal nevne et av hovedargumentene \u2013 komforten.<\/p>\n<p>Prosessen med \u00e5 finne en forhandler for lotteribilletter kan v\u00e6re stressende, spesielt hvis du har bare noen minutter f\u00f8r billettsalgene stenger. Hvis du vil delta i flere lotterier, m\u00e5 du g\u00e5 fra ett sted til et annet, noe som er en ekstra ulempe.<\/p>\n<p>Online-lotteri gir deg en komfort som du ikke har opplevd f\u00f8r. Med bare noen f\u00e5 klikk p\u00e5 datamaskinen eller mobilen kan du kj\u00f8pe billetter, sjekke resultatene og til og med hente premiene dine. Etter \u00e5 ha spilt et online-lotteri, vil du aldri g\u00e5 tilbake til de gamle metodene.<\/p>\n<p>Hvordan spille online<\/p>\n<p>Enten du er en erfaren spiller eller nybegynner, er det raskt, enkelt og intuitivt \u00e5 spille online. F\u00f8lg disse trinnene for \u00e5 spille New York Lotto:<\/p>\n<p>Klikk p\u00e5 lotteriet du \u00f8nsker \u00e5 spille.<br \/>\nVelg seks tall mellom 1 og 59. Det syvende tallet vil bli tilfeldig valgt av lotterioperat\u00f8ren og er ikke inkludert p\u00e5 billetten din.<br \/>\nDelta i trekningene hver onsdag og l\u00f8rdag. Du kan delta i en enkelt trekning eller begge.<br \/>\nFullf\u00f8r betalingen. De fleste lotterinettstedene vil be deg om \u00e5 registrere deg, slik at du kan f\u00e5 tilgang til billettene dine etter kj\u00f8p.<br \/>\nSom du ser, er det veldig enkelt \u00e5 spille online. Siden det ikke finnes andre alternativer for \u00e5 kj\u00f8pe billetter til New York Lotto utenfor New York, er dette et flott alternativ for \u00e5 delta fra hvor som helst i verden.<\/p>\n<p>Hvordan betales gevinstene ut?<\/p>\n<p>Hvis du vinner ved \u00e5 spille online, hvordan f\u00e5r du pengene dine? For \u00e5 finne ut mer, klikk her.<\/p>\n<p>Hvordan velge vinnertall<\/p>\n<p>\u00c5 velge vinnertall kan virke som en komplisert oppgave, men det er faktisk ikke s\u00e5 vanskelig. Det finnes en matematisk formel for \u00e5 vinne i lotto, men ikke stol p\u00e5 de som tilbyr deg en. Lotto er et spill om flaks, og New York Lotto er intet unntak. Tallene blir trukket tilfeldig, og flaks spiller en stor rolle.<\/p>\n<p>Men hvis du vil \u00f8ke flaksen din, kan du velge tall som er betydningsfulle for deg. Velg dine favorittall eller bruk den automatiske tallgeneratoren p\u00e5 v\u00e5r side for tilfeldig valg. Til syvende og sist er flaks den viktigste faktoren.<\/p>\n<p>Hvor kan du kj\u00f8pe New York Lotto-billetter?<\/p>\n<p>Er du klar til \u00e5 spille New York Lotto? Bes\u00f8k her. De som ikke gir deg konkrete instruksjoner om hvor du kan kj\u00f8pe billetter, b\u00f8r vekke bekymring. Disse nettstedene kan tillate deg \u00e5 plassere spill p\u00e5 resultater i stedet for \u00e5 kj\u00f8pe billetter.<\/p>\n<p>P\u00e5 v\u00e5r side, hvis du kj\u00f8per en billett, kj\u00f8per du den direkte via en agent i New York. S\u00e5 det er som \u00e5 ha din egen personlige lotterimegler, uansett hvor du er i verden.<\/p>\n<p>New York Lotto premiekategorier<\/p>\n<p>New York Lotto har flere premiekategorier. Mange spillere pr\u00f8ver \u00e5 vinne hovedjackpotten, men ikke alle kan gj\u00f8re det. Du kan imidlertid vinne i andre kategorier.<\/p>\n<p>Hovedjackpotten starter p\u00e5 2 millioner dollar, men ikke la deg lure av dette tallet. Hvis det ikke er noen vinner, fortsetter premien \u00e5 vokse. Den st\u00f8rste jackpotten i dette lotteriet n\u00e5dde den utrolige summen av 176 millioner dollar. Det er virkelig et livsforandrende bel\u00f8p!<\/p>\n<p>1. premie (Jackpot) \u2013 6 riktige tall<br \/>\n2. premie \u2013 5 riktige tall + bonusnummer<br \/>\n3. premie \u2013 5 riktige tall<br \/>\n4. premie \u2013 4 riktige tall<br \/>\n5. premie \u2013 3 riktige tall<br \/>\nHvordan f\u00e5 premien din<\/p>\n<p>Hvis du vinner p\u00e5 New York Lotto, m\u00e5 du matche tallene p\u00e5 billetten din med de trukne tallene. Hvis du har en vinnende billett, er du vinneren. Du kan sjekke trekningens resultater p\u00e5 v\u00e5r side, og hvis du har registrert deg, vil du bli varslet via e-post.<\/p>\n<p>Hvis du kj\u00f8per billetter gjennom v\u00e5r side, vil du enkelt motta premien din. For gevinster opptil 2500 dollar kan du hente premien med et enkelt klikk. For st\u00f8rre gevinster, m\u00e5 du fylle ut et betalingsskjema, og vi vil hjelpe deg gjennom prosessen.<\/p>\n<p>Sjekk ut New York Lotto-billetter.<\/p>\n","protected":false},"excerpt":{"rendered":"<p>Historien om New York Lotto er fylt med gode gjerninger og positiv energi. Dette lotteriet ble laget som en m\u00e5te \u00e5 st\u00f8tte utdanning p\u00e5, og er et utmerket valg for de som \u00f8nsker \u00e5 ha litt moro, men ogs\u00e5 bidra til noe godt i verden. Hvis du \u00f8nsker \u00e5 f\u00f8le at du bidrar til noe [&hellip;]<\/p>\n","protected":false},"author":7,"featured_media":0,"parent":73077,"menu_order":14,"comment_status":"closed","ping_status":"closed","template":"newyork.php","meta":{"_et_pb_use_builder":"","_et_pb_old_content":"","_et_gb_content_width":"","exclude_from_search":false,"footnotes":""},"class_list":["post-73513","page","type-page","status-publish","hentry"],"yoast_head":"<!-- This site is optimized with the Yoast SEO plugin v23.3 - https:\/\/yoast.com\/wordpress\/plugins\/seo\/ -->\n<title>Hvordan spille New York Lotto fra hvor som helst<\/title>\n<meta name=\"description\" content=\"Uansett hvor du er, kan du delta i New York Lotto online. Finn ut mer om hvordan du spiller og vinner her.\" \/>\n<meta name=\"robots\" content=\"index, follow, max-snippet:-1, max-image-preview:large, max-video-preview:-1\" \/>\n<link rel=\"canonical\" href=\"https:\/\/jackpotlotteryonline.com\/no\/online-lotterihendelser-og-spill\/spill-new-york-lotto-online\/\" \/>\n<meta property=\"og:locale\" content=\"nb_NO\" \/>\n<meta property=\"og:type\" content=\"article\" \/>\n<meta property=\"og:title\" content=\"Hvordan spille New York Lotto fra hvor som helst\" \/>\n<meta property=\"og:description\" content=\"Uansett hvor du er, kan du delta i New York Lotto online. Finn ut mer om hvordan du spiller og vinner her.\" \/>\n<meta property=\"og:url\" content=\"https:\/\/jackpotlotteryonline.com\/no\/online-lotterihendelser-og-spill\/spill-new-york-lotto-online\/\" \/>\n<meta property=\"og:site_name\" content=\"Lotto Online - Crack The International Lottery Jackpots\" \/>\n<meta name=\"twitter:card\" content=\"summary_large_image\" \/>\n<!-- \/ Yoast SEO plugin. -->","yoast_head_json":{"title":"Hvordan spille New York Lotto fra hvor som helst","description":"Uansett hvor du er, kan du delta i New York Lotto online. Finn ut mer om hvordan du spiller og vinner her.","robots":{"index":"index","follow":"follow","max-snippet":"max-snippet:-1","max-image-preview":"max-image-preview:large","max-video-preview":"max-video-preview:-1"},"canonical":"https:\/\/jackpotlotteryonline.com\/no\/online-lotterihendelser-og-spill\/spill-new-york-lotto-online\/","og_locale":"nb_NO","og_type":"article","og_title":"Hvordan spille New York Lotto fra hvor som helst","og_description":"Uansett hvor du er, kan du delta i New York Lotto online. Finn ut mer om hvordan du spiller og vinner her.","og_url":"https:\/\/jackpotlotteryonline.com\/no\/online-lotterihendelser-og-spill\/spill-new-york-lotto-online\/","og_site_name":"Lotto Online - Crack The International Lottery Jackpots","twitter_card":"summary_large_image","schema":{"@context":"https:\/\/schema.org","@graph":[{"@type":"WebPage","@id":"https:\/\/jackpotlotteryonline.com\/no\/online-lotterihendelser-og-spill\/spill-new-york-lotto-online\/","url":"https:\/\/jackpotlotteryonline.com\/no\/online-lotterihendelser-og-spill\/spill-new-york-lotto-online\/","name":"Hvordan spille New York Lotto fra hvor som helst","isPartOf":{"@id":"https:\/\/jackpotlotteryonline.com\/#website"},"datePublished":"2025-02-04T08:40:42+00:00","dateModified":"2025-02-04T08:40:42+00:00","description":"Uansett hvor du er, kan du delta i New York Lotto online. Finn ut mer om hvordan du spiller og vinner her.","breadcrumb":{"@id":"https:\/\/jackpotlotteryonline.com\/no\/online-lotterihendelser-og-spill\/spill-new-york-lotto-online\/#breadcrumb"},"inLanguage":"nb-NO","potentialAction":[{"@type":"ReadAction","target":["https:\/\/jackpotlotteryonline.com\/no\/online-lotterihendelser-og-spill\/spill-new-york-lotto-online\/"]}]},{"@type":"BreadcrumbList","@id":"https:\/\/jackpotlotteryonline.com\/no\/online-lotterihendelser-og-spill\/spill-new-york-lotto-online\/#breadcrumb","itemListElement":[{"@type":"ListItem","position":1,"name":"Home","item":"https:\/\/jackpotlotteryonline.com\/no\/"},{"@type":"ListItem","position":2,"name":"Online Lotterihendelser og Spill","item":"https:\/\/jackpotlotteryonline.com\/no\/online-lotterihendelser-og-spill\/"},{"@type":"ListItem","position":3,"name":"Spill New York Lotto Online"}]},{"@type":"WebSite","@id":"https:\/\/jackpotlotteryonline.com\/#website","url":"https:\/\/jackpotlotteryonline.com\/","name":"Lotto Online - Crack The International Lottery Jackpots","description":"","potentialAction":[{"@type":"SearchAction","target":{"@type":"EntryPoint","urlTemplate":"https:\/\/jackpotlotteryonline.com\/?s={search_term_string}"},"query-input":"required name=search_term_string"}],"inLanguage":"nb-NO"}]}},"_links":{"self":[{"href":"https:\/\/jackpotlotteryonline.com\/no\/wp-json\/wp\/v2\/pages\/73513","targetHints":{"allow":["GET"]}}],"collection":[{"href":"https:\/\/jackpotlotteryonline.com\/no\/wp-json\/wp\/v2\/pages"}],"about":[{"href":"https:\/\/jackpotlotteryonline.com\/no\/wp-json\/wp\/v2\/types\/page"}],"author":[{"embeddable":true,"href":"https:\/\/jackpotlotteryonline.com\/no\/wp-json\/wp\/v2\/users\/7"}],"replies":[{"embeddable":true,"href":"https:\/\/jackpotlotteryonline.com\/no\/wp-json\/wp\/v2\/comments?post=73513"}],"version-history":[{"count":0,"href":"https:\/\/jackpotlotteryonline.com\/no\/wp-json\/wp\/v2\/pages\/73513\/revisions"}],"up":[{"embeddable":true,"href":"https:\/\/jackpotlotteryonline.com\/no\/wp-json\/wp\/v2\/pages\/73077"}],"wp:attachment":[{"href":"https:\/\/jackpotlotteryonline.com\/no\/wp-json\/wp\/v2\/media?parent=73513"}],"curies":[{"name":"wp","href":"https:\/\/api.w.org\/{rel}","templated":true}]}}