{"id":73538,"date":"2025-02-04T09:34:48","date_gmt":"2025-02-04T09:34:48","guid":{"rendered":"https:\/\/jackpotlotteryonline.com\/?page_id=73538"},"modified":"2025-02-04T09:34:48","modified_gmt":"2025-02-04T09:34:48","slug":"hvordan-kjope-mega-sena-billetter-online","status":"publish","type":"page","link":"https:\/\/jackpotlotteryonline.com\/no\/online-lotterihendelser-og-spill\/hvordan-kjope-mega-sena-billetter-online\/","title":{"rendered":"Hvordan kj\u00f8pe Mega Sena-billetter online"},"content":{"rendered":"<p>Mega Sena er den st\u00f8rste lotteriet i Brasil, og har v\u00e6rt i drift siden 1996. Hver uke deltar millioner av mennesker i Mega Sena, og folk fra hele verden kan kj\u00f8pe billetter til lotteriet online og delta i de store trekningene som skjer i Brasil. Visste du at du kan kj\u00f8pe billetter til Mega Sena online og delta i denne store lotterien? L\u00e6r hvordan du deltar i Mega Sena og hvordan du kj\u00f8per billetter online.<\/p>\n<p>Hvordan delta i Mega Sena online<\/p>\n<p>Enten du er i Brasil eller et annet land, er det veldig enkelt \u00e5 delta i Mega Sena. For \u00e5 kj\u00f8pe en Mega Sena-billett, kan du enkelt bes\u00f8ke v\u00e5r nettside og kj\u00f8pe billetten online. Vi tilbyr tilgang til de mest popul\u00e6re lotteriene fra hele verden, og Mega Sena er en av dem. Deltakelsesprosessen er enkel og intuitiv.<\/p>\n<p>Hvordan delta online:<\/p>\n<p>Bes\u00f8k v\u00e5r nettside og klikk p\u00e5 lenken for Mega Sena.<br \/>\nVelg dine Mega Sena-tall. Tallene er fra 1 til 60.<br \/>\nDu kan velge opptil 6 forskjellige sett med tall p\u00e5 en billett og delta i flere trekninger.<br \/>\nFullf\u00f8r betalingsprosessen og vent p\u00e5 trekningen.<br \/>\n\u00c5 delta i Mega Sena online er s\u00e5 enkelt som det h\u00f8res ut. Tidligere m\u00e5tte du g\u00e5 til et utsalgssted for \u00e5 kj\u00f8pe en billett til lotteriet, men n\u00e5 kan du gj\u00f8re det fra komforten av ditt eget hjem, n\u00e5r og hvor som helst.<\/p>\n<p>Hvordan vinne premier i Mega Sena<\/p>\n<p>Premiene i Mega Sena bestemmes ved \u00e5 trekke 6 tall fra 1 til 60. Vinneren er den som f\u00e5r alle 6 tallene riktig. Mega Sena er kjent for at sjansene for \u00e5 vinne de 6 riktige tallene er veldig sm\u00e5, men derfor er premien veldig h\u00f8y.<\/p>\n<p>Mega Sena har to trekninger per uke. De skjer p\u00e5 onsdag og l\u00f8rdag, og deltakerne kan velge hvilke trekninger de \u00f8nsker \u00e5 kj\u00f8pe billetter for. Du kan ogs\u00e5 velge \u00e5 delta i flere trekninger ved \u00e5 velge flere sett med tall, noe som \u00f8ker vinnersjansene dine.<\/p>\n<p>Mega Sena Jackpotvinnere<\/p>\n<p>De som vinner jackpoten i Mega Sena f\u00e5r minst 3 millioner R$, og hvis det ikke er noen vinner, vokser jackpoten. Hver trekning kan bringe med seg veldig store premier. Den st\u00f8rste Mega Sena-gevinsten noensinne var p\u00e5 mer enn 3,5 milliarder R$, noe som gj\u00f8r dette til et av de st\u00f8rste lotteriene i verden.<\/p>\n<p>Sjansene for \u00e5 vinne f\u00f8rste premie i Mega Sena er 1 av 50 millioner, men derfor er premien veldig attraktiv, og det tiltrekker deltakere fra hele verden.<\/p>\n<p>Hva kan du vinne i Mega Sena?<\/p>\n<p>I tillegg til hovedpremien har Mega Sena ogs\u00e5 to andre premier: andre- og tredjepremie.<\/p>\n<p>1. premie (Mega Sena): 6 riktige tall, 35% av totalpremien<br \/>\n2. premie (Quina): 5 riktige tall, 19% av totalpremien<br \/>\n3. premie (Quadra): 4 riktige tall, 19% av totalpremien<br \/>\nH\u00f8yden p\u00e5 disse premiene kan variere med hver trekning, avhengig av antall vinnere.<\/p>\n<p>Mega Sena Dia da Virada<\/p>\n<p>Mega Sena har en spesiell trekning kalt &#8220;Mega Sena Dia da Virada&#8221;, som skjer hvert \u00e5r p\u00e5 slutten av desember. Denne trekningen er kjent for \u00e5 ha enorme premier, og hvert \u00e5r tiltrekker den stor oppmerksomhet. Den st\u00f8rste premien hittil var p\u00e5 4,5 milliarder R$, noe som gj\u00f8r denne trekningen til den st\u00f8rste i Mega Sena-historien.<\/p>\n<p>Hvis du vil delta i denne trekningen, s\u00f8rg for at du har kj\u00f8pt billetter f\u00f8r 31. desember.<\/p>\n<p>Hvordan delta i Mega Sena online<\/p>\n<p>Mange mennesker tror at Mega Sena bare kan spilles offline, men faktisk kan du n\u00e5 delta online. \u00c5 kj\u00f8pe billetter til Mega Sena online gj\u00f8r det mulig for deg \u00e5 delta n\u00e5r og hvor du vil.<\/p>\n<p>Ved \u00e5 bes\u00f8ke v\u00e5r nettside kan du enkelt kj\u00f8pe billetter til Mega Sena og begynne \u00e5 delta. Ikke vent, delta i dag, og kanskje blir du den neste heldige vinneren!<\/p>\n","protected":false},"excerpt":{"rendered":"<p>Mega Sena er den st\u00f8rste lotteriet i Brasil, og har v\u00e6rt i drift siden 1996. Hver uke deltar millioner av mennesker i Mega Sena, og folk fra hele verden kan kj\u00f8pe billetter til lotteriet online og delta i de store trekningene som skjer i Brasil. Visste du at du kan kj\u00f8pe billetter til Mega Sena [&hellip;]<\/p>\n","protected":false},"author":7,"featured_media":0,"parent":73077,"menu_order":15,"comment_status":"closed","ping_status":"closed","template":"megasena.php","meta":{"_et_pb_use_builder":"","_et_pb_old_content":"","_et_gb_content_width":"","exclude_from_search":false,"footnotes":""},"class_list":["post-73538","page","type-page","status-publish","hentry"],"yoast_head":"<!-- This site is optimized with the Yoast SEO plugin v23.3 - https:\/\/yoast.com\/wordpress\/plugins\/seo\/ -->\n<title>Kj\u00f8p Mega-Sena-billetter online<\/title>\n<meta name=\"description\" content=\"Du kan kj\u00f8pe billetter til Mega-Sena-lotteriet online. Bli kjent med hvordan du spiller og kontanter ut gevinstene dine her.\" \/>\n<meta name=\"robots\" content=\"index, follow, max-snippet:-1, max-image-preview:large, max-video-preview:-1\" \/>\n<link rel=\"canonical\" href=\"https:\/\/jackpotlotteryonline.com\/no\/online-lotterihendelser-og-spill\/hvordan-kjope-mega-sena-billetter-online\/\" \/>\n<meta property=\"og:locale\" content=\"nb_NO\" \/>\n<meta property=\"og:type\" content=\"article\" \/>\n<meta property=\"og:title\" content=\"Kj\u00f8p Mega-Sena-billetter online\" \/>\n<meta property=\"og:description\" content=\"Du kan kj\u00f8pe billetter til Mega-Sena-lotteriet online. Bli kjent med hvordan du spiller og kontanter ut gevinstene dine her.\" \/>\n<meta property=\"og:url\" content=\"https:\/\/jackpotlotteryonline.com\/no\/online-lotterihendelser-og-spill\/hvordan-kjope-mega-sena-billetter-online\/\" \/>\n<meta property=\"og:site_name\" content=\"Lotto Online - Crack The International Lottery Jackpots\" \/>\n<meta name=\"twitter:card\" content=\"summary_large_image\" \/>\n<!-- \/ Yoast SEO plugin. -->","yoast_head_json":{"title":"Kj\u00f8p Mega-Sena-billetter online","description":"Du kan kj\u00f8pe billetter til Mega-Sena-lotteriet online. Bli kjent med hvordan du spiller og kontanter ut gevinstene dine her.","robots":{"index":"index","follow":"follow","max-snippet":"max-snippet:-1","max-image-preview":"max-image-preview:large","max-video-preview":"max-video-preview:-1"},"canonical":"https:\/\/jackpotlotteryonline.com\/no\/online-lotterihendelser-og-spill\/hvordan-kjope-mega-sena-billetter-online\/","og_locale":"nb_NO","og_type":"article","og_title":"Kj\u00f8p Mega-Sena-billetter online","og_description":"Du kan kj\u00f8pe billetter til Mega-Sena-lotteriet online. Bli kjent med hvordan du spiller og kontanter ut gevinstene dine her.","og_url":"https:\/\/jackpotlotteryonline.com\/no\/online-lotterihendelser-og-spill\/hvordan-kjope-mega-sena-billetter-online\/","og_site_name":"Lotto Online - Crack The International Lottery Jackpots","twitter_card":"summary_large_image","schema":{"@context":"https:\/\/schema.org","@graph":[{"@type":"WebPage","@id":"https:\/\/jackpotlotteryonline.com\/no\/online-lotterihendelser-og-spill\/hvordan-kjope-mega-sena-billetter-online\/","url":"https:\/\/jackpotlotteryonline.com\/no\/online-lotterihendelser-og-spill\/hvordan-kjope-mega-sena-billetter-online\/","name":"Kj\u00f8p Mega-Sena-billetter online","isPartOf":{"@id":"https:\/\/jackpotlotteryonline.com\/#website"},"datePublished":"2025-02-04T09:34:48+00:00","dateModified":"2025-02-04T09:34:48+00:00","description":"Du kan kj\u00f8pe billetter til Mega-Sena-lotteriet online. Bli kjent med hvordan du spiller og kontanter ut gevinstene dine her.","breadcrumb":{"@id":"https:\/\/jackpotlotteryonline.com\/no\/online-lotterihendelser-og-spill\/hvordan-kjope-mega-sena-billetter-online\/#breadcrumb"},"inLanguage":"nb-NO","potentialAction":[{"@type":"ReadAction","target":["https:\/\/jackpotlotteryonline.com\/no\/online-lotterihendelser-og-spill\/hvordan-kjope-mega-sena-billetter-online\/"]}]},{"@type":"BreadcrumbList","@id":"https:\/\/jackpotlotteryonline.com\/no\/online-lotterihendelser-og-spill\/hvordan-kjope-mega-sena-billetter-online\/#breadcrumb","itemListElement":[{"@type":"ListItem","position":1,"name":"Home","item":"https:\/\/jackpotlotteryonline.com\/no\/"},{"@type":"ListItem","position":2,"name":"Online Lotterihendelser og Spill","item":"https:\/\/jackpotlotteryonline.com\/no\/online-lotterihendelser-og-spill\/"},{"@type":"ListItem","position":3,"name":"Hvordan kj\u00f8pe Mega Sena-billetter online"}]},{"@type":"WebSite","@id":"https:\/\/jackpotlotteryonline.com\/#website","url":"https:\/\/jackpotlotteryonline.com\/","name":"Lotto Online - Crack The International Lottery Jackpots","description":"","potentialAction":[{"@type":"SearchAction","target":{"@type":"EntryPoint","urlTemplate":"https:\/\/jackpotlotteryonline.com\/?s={search_term_string}"},"query-input":"required name=search_term_string"}],"inLanguage":"nb-NO"}]}},"_links":{"self":[{"href":"https:\/\/jackpotlotteryonline.com\/no\/wp-json\/wp\/v2\/pages\/73538","targetHints":{"allow":["GET"]}}],"collection":[{"href":"https:\/\/jackpotlotteryonline.com\/no\/wp-json\/wp\/v2\/pages"}],"about":[{"href":"https:\/\/jackpotlotteryonline.com\/no\/wp-json\/wp\/v2\/types\/page"}],"author":[{"embeddable":true,"href":"https:\/\/jackpotlotteryonline.com\/no\/wp-json\/wp\/v2\/users\/7"}],"replies":[{"embeddable":true,"href":"https:\/\/jackpotlotteryonline.com\/no\/wp-json\/wp\/v2\/comments?post=73538"}],"version-history":[{"count":0,"href":"https:\/\/jackpotlotteryonline.com\/no\/wp-json\/wp\/v2\/pages\/73538\/revisions"}],"up":[{"embeddable":true,"href":"https:\/\/jackpotlotteryonline.com\/no\/wp-json\/wp\/v2\/pages\/73077"}],"wp:attachment":[{"href":"https:\/\/jackpotlotteryonline.com\/no\/wp-json\/wp\/v2\/media?parent=73538"}],"curies":[{"name":"wp","href":"https:\/\/api.w.org\/{rel}","templated":true}]}}