{"id":73552,"date":"2025-02-04T09:52:14","date_gmt":"2025-02-04T09:52:14","guid":{"rendered":"https:\/\/jackpotlotteryonline.com\/?page_id=73552"},"modified":"2025-02-04T09:52:14","modified_gmt":"2025-02-04T09:52:14","slug":"spill-powerball-australia-online","status":"publish","type":"page","link":"https:\/\/jackpotlotteryonline.com\/no\/online-lotterihendelser-og-spill\/spill-powerball-australia-online\/","title":{"rendered":"Spill Powerball Australia Online"},"content":{"rendered":"<p><span style=\"font-weight: 400;\">Det er mange grunner til at lotterientusiaster fra hele verden har blitt tiltrukket av \u00e5 spille Powerball Australia. 2022 var et stort \u00e5r for multi-million dollar premier, og vi s\u00e5 mange spillere som vant millioner gjennom internasjonale lotterier. Blant dem var Powerball Australia intet unntak, med den st\u00f8rste premien i historien p\u00e5 160 millioner AUD i oktober 2022. Vi s\u00e5 mange heldige vinnere som vant ved \u00e5 kj\u00f8pe bare \u00e9n billett. Det er virkelig verdt \u00e5 vurdere \u00e5 spille Powerball Australia.<\/span><\/p>\n<p><span style=\"font-weight: 400;\">Interessant nok har Powerball Australia v\u00e6rt rundt en stund. Den f\u00f8rste trekningen fant sted den 23. mai 1996, noe som betyr at dette lotteriet har v\u00e6rt i over 25 \u00e5r. I motsetning til det spanske lotteriet La Primitiva (som ble grunnlagt i 1763), er Powerball Australia relativt nytt. (Du kan spille La Primitiva p\u00e5 jackpotlotteryonline.com.)<\/span><\/p>\n<p><span style=\"font-weight: 400;\">I l\u00f8pet av de siste 25 \u00e5rene har Powerball Australia blitt et av de mest popul\u00e6re lotteriene, takket v\u00e6re de imponerende premiene og den lojale tilhengerskaren. I begynnelsen kunne bare folk som bodde i Australia delta, men n\u00e5, takket v\u00e6re internett, kan folk over hele verden spille Powerball Australia online. Hvis du lurer p\u00e5 hvordan du kan spille dette lotteriet online, fortsett \u00e5 lese.<\/span><\/p>\n<h2><span style=\"font-weight: 400;\">Hvordan spille Powerball Australia<\/span><\/h2>\n<p> <span style=\"font-weight: 400;\"><img loading=\"lazy\" decoding=\"async\" class=\"alignright size-full wp-image-26402\" src=\"http:\/\/jackpotlotteryonline.com\/wp-content\/uploads\/2022\/11\/1_buy_online_ticket_powerball.jpg\" alt=\"play Powerball Australia\" width=\"300\" height=\"194\" \/>En av de mest spennende tingene med dette lotteriet er de relativt h\u00f8ye vinnersjansene. Sjansen for \u00e5 vinne hovedpremien er omtrent 1 til 76 millioner. Men det er ogs\u00e5 andre premier med h\u00f8yere vinnersjanse.<\/span><br \/>\n<span style=\"font-weight: 400;\">For \u00e5 delta i dette lotteriet m\u00e5 du velge 7 tall fra 1 til 35 og ett Powerball-nummer fra 1 til 20. Totalt trenger du 8 tall. Du kan kj\u00f8pe flere rekker med billetter for \u00e5 \u00f8ke vinnersjansene dine. Jo flere rekker du kj\u00f8per, desto h\u00f8yere er sjansen for \u00e5 vinne.<\/span><\/p>\n<p><span style=\"font-weight: 400;\">N\u00e5r du har valgt tallene dine, er neste steg \u00e5 delta i trekningen. Dette lotteriet trekkes bare \u00e9n gang i uken, p\u00e5 torsdagskvelden. Australierne venter med spenning og forventning p\u00e5 trekningen. Du kan bli med p\u00e5 spenningen ogs\u00e5. Spill Powerball Australia!<\/span><\/p>\n<h2><span style=\"font-weight: 400;\">Hvorfor Powerball Australia?<\/span><\/h2>\n<p> <span style=\"font-weight: 400;\">Det er et godt sp\u00f8rsm\u00e5l. Takket v\u00e6re internett kan lotterientusiaster fra hele verden delta i ulike lotterier. Men hvorfor b\u00f8r du spille Powerball Australia? Den st\u00f8rste grunnen er de bedre oddsene for \u00e5 vinne, uten \u00e5 m\u00e5tte konkurrere om de ekstremt lave oddsene som finnes i andre lotterier.<\/span><br \/>\n<span style=\"font-weight: 400;\">I motsetning til mange popul\u00e6re lotterier i verden som har ekstremt lave odds for \u00e5 vinne, som Powerball USA med en odds p\u00e5 1 til 292 millioner, har Powerball Australia odds p\u00e5 1 til 76 millioner. Det er derfor mange har blitt tiltrukket av Powerball Australia.<\/span><\/p>\n<section class=\"layout\" style=\"border: solid 1px; width: 100%;\">\n<div class=\"img-div\" style=\"margin-top: 5px;\"><img decoding=\"async\" class=\"wp-image-17212 alignleft\" style=\"height: 45px; margin: 8px 8px 0px;\" src=\"http:\/\/jackpotlotteryonline.com\/wp-content\/uploads\/2022\/11\/read1.jpg\" alt=\"read\" width=\"\" height=\"\" \/><\/div>\n<div style=\"padding-left: 5px;\">\n<div style=\"font-size: 1.1em;\">\n<strong>V\u00e6r oppmerksom p\u00e5 svindel<\/strong><\/p>\n<p style=\"font-size: 0.85em; margin-top: -1.5em;\">V\u00e6r forsiktig med lotterisvindel. <a href=\"https:\/\/jackpotlotteryonline.com\/beware-of-online-lottery-scams\">Les mer<\/a><\/p>\n<\/p><\/div>\n<\/p><\/div>\n<\/section>\n<h2><span style=\"font-weight: 400;\">Powerball Australia vs Powerball USA: Hva er forskjellene?<\/span><\/h2>\n<p> <span style=\"font-weight: 400;\">S\u00e5, hva er forskjellen p\u00e5 Powerball Australia og Powerball USA? Den \u00e5penbare forskjellen er st\u00f8rrelsen p\u00e5 hovedpremien. Det er ingen tvil om at Powerball USA har mye st\u00f8rre premier. For eksempel n\u00e5dde den siste hovedpremien i Powerball USA 2 milliarder dollar. Men det betyr ikke at Powerball Australia ikke er verdt \u00e5 spille.<\/span><br \/>\n<span style=\"font-weight: 400;\">I tillegg krever Powerball USA at du velger 5 tall fra 1 til 69, mens Powerball Australia ber deg om \u00e5 velge 7 tall fra 1 til 35. I tillegg har Powerball USA 26 tall for Powerball, mens Powerball Australia har 20 tall.<\/span><\/p>\n<p><span style=\"font-weight: 400;\">Hvis du \u00f8nsker \u00e5 vinne millioner med bedre odds, b\u00f8r du spille Powerball Australia.<\/span><\/p>\n<h2><span style=\"font-weight: 400;\">Hvordan spille online<\/span><\/h2>\n<p> <span style=\"font-weight: 400;\">N\u00e5 som du vet at du kan spille Powerball Australia fra hvor som helst i verden, er det p\u00e5 tide \u00e5 l\u00e6re hvordan du gj\u00f8r det.<\/span> <\/p>\n<ul>\n<li><span style=\"font-weight: 400;\">Det f\u00f8rste steget er \u00e5 g\u00e5 til en lotteriutbyders nettside som jackpotlotteryonline.com og g\u00e5 til Powerball Australia-siden.<\/span><\/li>\n<li><span style=\"font-weight: 400;\">Deretter velger du tallene dine (du kan bruke en automatisk tallgenerator hvis du \u00f8nsker det).<\/span><\/li>\n<li><span style=\"font-weight: 400;\"><a href=\"https:\/\/jackpotlotteryonline.com\/winning-numbers\/powerball-australia\">Delta i trekningen<\/a> og fullf\u00f8r prosessen.<\/span><\/li>\n<li><span style=\"font-weight: 400;\">Vent p\u00e5 \u00e5 f\u00e5 resultatene<\/span><\/li>\n<\/ul>\n<p> <span style=\"font-weight: 400;\">Trekningen skjer hver torsdag kveld. Etter at du har deltatt i trekningen, er det bare \u00e5 vente p\u00e5 resultatene. Hvis du har f\u00e5tt alle 8 tallene riktig, har du vunnet hovedpremien.<\/span><br \/>\n<span style=\"font-weight: 400;\">Hvis du ikke har f\u00e5tt alle tallene riktig, finnes det andre premier, og du kan vinne ved \u00e5 f\u00e5 2 eller 3 tall riktige.<\/span><\/p>\n<h2><span style=\"font-weight: 400;\"><img loading=\"lazy\" decoding=\"async\" class=\"alignright size-medium wp-image-19277\" src=\"http:\/\/jackpotlotteryonline.com\/wp-content\/uploads\/2022\/10\/2_ticket_powerball_au2-163x300.jpg\" alt=\"lottery ticket scan\" width=\"163\" height=\"300\" srcset=\"https:\/\/jackpotlotteryonline.com\/wp-content\/uploads\/2022\/10\/2_ticket_powerball_au2-163x300.jpg 163w, https:\/\/jackpotlotteryonline.com\/wp-content\/uploads\/2022\/10\/2_ticket_powerball_au2.jpg 250w\" sizes=\"auto, (max-width: 163px) 100vw, 163px\" \/>Premiene som er tilgjengelige<\/span><\/h2>\n<p> <span style=\"font-weight: 400;\">N\u00e5r du spiller Powerball Australia, finnes det 9 forskjellige premiegrupper.<\/span><br \/>\n<span style=\"font-weight: 400;\">Gruppe 1: 7 tall + Powerball &#8211; Hovedpremie (ca. 8 millioner AUD)<\/span><\/p>\n<p><span style=\"font-weight: 400;\">Gruppe 2: 7 tall<\/span><\/p>\n<p><span style=\"font-weight: 400;\">Gruppe 3: 6 tall + Powerball<\/span><\/p>\n<p><span style=\"font-weight: 400;\">Gruppe 4: 6 tall<\/span><\/p>\n<p><span style=\"font-weight: 400;\">Gruppe 5: 5 tall + Powerball<\/span><\/p>\n<p><span style=\"font-weight: 400;\">Gruppe 6: 5 tall<\/span><\/p>\n<p><span style=\"font-weight: 400;\">Gruppe 7: 4 tall + Powerball<\/span><\/p>\n<p><span style=\"font-weight: 400;\">Gruppe 8: 3 tall + Powerball<\/span><\/p>\n<p><span style=\"font-weight: 400;\">Gruppe 9: 2 tall + Powerball<\/span><\/p>\n<p>Konklusjon: \u00c5 spille Powerball Australia online er b\u00e5de spennende og enkelt. Millioner venter p\u00e5 deg, og oddsene for \u00e5 vinne er bedre sammenlignet med mange andre lotterier i verden.<\/p>\n","protected":false},"excerpt":{"rendered":"<p>Det er mange grunner til at lotterientusiaster fra hele verden har blitt tiltrukket av \u00e5 spille Powerball Australia. 2022 var et stort \u00e5r for multi-million dollar premier, og vi s\u00e5 mange spillere som vant millioner gjennom internasjonale lotterier. Blant dem var Powerball Australia intet unntak, med den st\u00f8rste premien i historien p\u00e5 160 millioner AUD [&hellip;]<\/p>\n","protected":false},"author":7,"featured_media":0,"parent":73077,"menu_order":17,"comment_status":"closed","ping_status":"closed","template":"powerball-au.php","meta":{"_et_pb_use_builder":"","_et_pb_old_content":"","_et_gb_content_width":"","exclude_from_search":false,"footnotes":""},"class_list":["post-73552","page","type-page","status-publish","hentry"],"yoast_head":"<!-- This site is optimized with the Yoast SEO plugin v23.3 - https:\/\/yoast.com\/wordpress\/plugins\/seo\/ -->\n<title>Spill Powerball Australia fra utenfor Australia<\/title>\n<meta name=\"description\" content=\"[twitter name=&quot;name&quot;]Du trenger ikke \u00e5 bo i Australia for \u00e5 spille Powerball Australia. Finn ut hvordan du spiller online.\" \/>\n<meta name=\"robots\" content=\"index, follow, max-snippet:-1, max-image-preview:large, max-video-preview:-1\" \/>\n<link rel=\"canonical\" href=\"https:\/\/jackpotlotteryonline.com\/no\/online-lotterihendelser-og-spill\/spill-powerball-australia-online\/\" \/>\n<meta property=\"og:locale\" content=\"nb_NO\" \/>\n<meta property=\"og:type\" content=\"article\" \/>\n<meta property=\"og:title\" content=\"Spill Powerball Australia fra utenfor Australia\" \/>\n<meta property=\"og:description\" content=\"[twitter name=&quot;name&quot;]Du trenger ikke \u00e5 bo i Australia for \u00e5 spille Powerball Australia. Finn ut hvordan du spiller online.\" \/>\n<meta property=\"og:url\" content=\"https:\/\/jackpotlotteryonline.com\/no\/online-lotterihendelser-og-spill\/spill-powerball-australia-online\/\" \/>\n<meta property=\"og:site_name\" content=\"Lotto Online - Crack The International Lottery Jackpots\" \/>\n<meta property=\"og:image\" content=\"http:\/\/jackpotlotteryonline.com\/wp-content\/uploads\/2022\/11\/1_buy_online_ticket_powerball.jpg\" \/>\n<meta name=\"twitter:card\" content=\"summary_large_image\" \/>\n<!-- \/ Yoast SEO plugin. -->","yoast_head_json":{"title":"Spill Powerball Australia fra utenfor Australia","description":"[twitter name=\"name\"]Du trenger ikke \u00e5 bo i Australia for \u00e5 spille Powerball Australia. Finn ut hvordan du spiller online.","robots":{"index":"index","follow":"follow","max-snippet":"max-snippet:-1","max-image-preview":"max-image-preview:large","max-video-preview":"max-video-preview:-1"},"canonical":"https:\/\/jackpotlotteryonline.com\/no\/online-lotterihendelser-og-spill\/spill-powerball-australia-online\/","og_locale":"nb_NO","og_type":"article","og_title":"Spill Powerball Australia fra utenfor Australia","og_description":"[twitter name=\"name\"]Du trenger ikke \u00e5 bo i Australia for \u00e5 spille Powerball Australia. Finn ut hvordan du spiller online.","og_url":"https:\/\/jackpotlotteryonline.com\/no\/online-lotterihendelser-og-spill\/spill-powerball-australia-online\/","og_site_name":"Lotto Online - Crack The International Lottery Jackpots","og_image":[{"url":"http:\/\/jackpotlotteryonline.com\/wp-content\/uploads\/2022\/11\/1_buy_online_ticket_powerball.jpg"}],"twitter_card":"summary_large_image","schema":{"@context":"https:\/\/schema.org","@graph":[{"@type":"WebPage","@id":"https:\/\/jackpotlotteryonline.com\/no\/online-lotterihendelser-og-spill\/spill-powerball-australia-online\/","url":"https:\/\/jackpotlotteryonline.com\/no\/online-lotterihendelser-og-spill\/spill-powerball-australia-online\/","name":"Spill Powerball Australia fra utenfor Australia","isPartOf":{"@id":"https:\/\/jackpotlotteryonline.com\/#website"},"primaryImageOfPage":{"@id":"https:\/\/jackpotlotteryonline.com\/no\/online-lotterihendelser-og-spill\/spill-powerball-australia-online\/#primaryimage"},"image":{"@id":"https:\/\/jackpotlotteryonline.com\/no\/online-lotterihendelser-og-spill\/spill-powerball-australia-online\/#primaryimage"},"thumbnailUrl":"http:\/\/jackpotlotteryonline.com\/wp-content\/uploads\/2022\/11\/1_buy_online_ticket_powerball.jpg","datePublished":"2025-02-04T09:52:14+00:00","dateModified":"2025-02-04T09:52:14+00:00","description":"[twitter name=\"name\"]Du trenger ikke \u00e5 bo i Australia for \u00e5 spille Powerball Australia. Finn ut hvordan du spiller online.","breadcrumb":{"@id":"https:\/\/jackpotlotteryonline.com\/no\/online-lotterihendelser-og-spill\/spill-powerball-australia-online\/#breadcrumb"},"inLanguage":"nb-NO","potentialAction":[{"@type":"ReadAction","target":["https:\/\/jackpotlotteryonline.com\/no\/online-lotterihendelser-og-spill\/spill-powerball-australia-online\/"]}]},{"@type":"ImageObject","inLanguage":"nb-NO","@id":"https:\/\/jackpotlotteryonline.com\/no\/online-lotterihendelser-og-spill\/spill-powerball-australia-online\/#primaryimage","url":"http:\/\/jackpotlotteryonline.com\/wp-content\/uploads\/2022\/11\/1_buy_online_ticket_powerball.jpg","contentUrl":"http:\/\/jackpotlotteryonline.com\/wp-content\/uploads\/2022\/11\/1_buy_online_ticket_powerball.jpg"},{"@type":"BreadcrumbList","@id":"https:\/\/jackpotlotteryonline.com\/no\/online-lotterihendelser-og-spill\/spill-powerball-australia-online\/#breadcrumb","itemListElement":[{"@type":"ListItem","position":1,"name":"Home","item":"https:\/\/jackpotlotteryonline.com\/no\/"},{"@type":"ListItem","position":2,"name":"Online Lotterihendelser og Spill","item":"https:\/\/jackpotlotteryonline.com\/no\/online-lotterihendelser-og-spill\/"},{"@type":"ListItem","position":3,"name":"Spill Powerball Australia Online"}]},{"@type":"WebSite","@id":"https:\/\/jackpotlotteryonline.com\/#website","url":"https:\/\/jackpotlotteryonline.com\/","name":"Lotto Online - Crack The International Lottery Jackpots","description":"","potentialAction":[{"@type":"SearchAction","target":{"@type":"EntryPoint","urlTemplate":"https:\/\/jackpotlotteryonline.com\/?s={search_term_string}"},"query-input":"required name=search_term_string"}],"inLanguage":"nb-NO"}]}},"_links":{"self":[{"href":"https:\/\/jackpotlotteryonline.com\/no\/wp-json\/wp\/v2\/pages\/73552","targetHints":{"allow":["GET"]}}],"collection":[{"href":"https:\/\/jackpotlotteryonline.com\/no\/wp-json\/wp\/v2\/pages"}],"about":[{"href":"https:\/\/jackpotlotteryonline.com\/no\/wp-json\/wp\/v2\/types\/page"}],"author":[{"embeddable":true,"href":"https:\/\/jackpotlotteryonline.com\/no\/wp-json\/wp\/v2\/users\/7"}],"replies":[{"embeddable":true,"href":"https:\/\/jackpotlotteryonline.com\/no\/wp-json\/wp\/v2\/comments?post=73552"}],"version-history":[{"count":0,"href":"https:\/\/jackpotlotteryonline.com\/no\/wp-json\/wp\/v2\/pages\/73552\/revisions"}],"up":[{"embeddable":true,"href":"https:\/\/jackpotlotteryonline.com\/no\/wp-json\/wp\/v2\/pages\/73077"}],"wp:attachment":[{"href":"https:\/\/jackpotlotteryonline.com\/no\/wp-json\/wp\/v2\/media?parent=73552"}],"curies":[{"name":"wp","href":"https:\/\/api.w.org\/{rel}","templated":true}]}}