{"id":73572,"date":"2025-02-04T10:07:16","date_gmt":"2025-02-04T10:07:16","guid":{"rendered":"https:\/\/jackpotlotteryonline.com\/?page_id=73572"},"modified":"2025-02-04T10:07:16","modified_gmt":"2025-02-04T10:07:16","slug":"lordagens-lotteri-spill-online","status":"publish","type":"page","link":"https:\/\/jackpotlotteryonline.com\/no\/online-lotterihendelser-og-spill\/lordagens-lotteri-spill-online\/","title":{"rendered":"L\u00f8rdagens Lotteri Spill Online"},"content":{"rendered":"<p>L\u00f8rdagens lotteri er et av de mest popul\u00e6re lotteriene i Australia, og det tiltrekker seg spillere fra hele landet. Hvorfor? Dette lotteriet har en lang historie med \u00e5 gj\u00f8re spillere til million\u00e6rer! Jackpotten kan n\u00e5 <strong>10 millioner australske dollar<\/strong> (omtrent 6 millioner euro), et betydelig bel\u00f8p.<\/p>\n<p>Tidligere kunne bare innbyggere i Australia kj\u00f8pe billetter, ettersom de bare var tilgjengelige i landet. Men n\u00e5, med internett, kan du delta i lotteriet fra hvor som helst i verden!<\/p>\n<p>For \u00e5 delta i <strong>L\u00f8rdagens Lotteri<\/strong>, bes\u00f8k <a href=\"https:\/\/jackpotlotteryonline.com\/buy-tickets\/saturday-lotto\" target=\"_new\" rel=\"noopener\">jackpotlotteryonline.com<\/a> og kj\u00f8p billetten din. Denne plattformen lar deg ogs\u00e5 delta i mange internasjonale lotterier.<\/p>\n<hr \/>\n<h3>Historien bak L\u00f8rdagens Lotteri<\/h3>\n<p>Den f\u00f8rste trekningen av L\u00f8rdagens Lotteri fant sted <strong>24. juni 1972<\/strong>, og lotteriet ble kjent som Australias f\u00f8rste offisielle trekning. Det er ogs\u00e5 et av de eldste lotteriene i landet. Avhengig av regionen er dette lotteriet kjent som <strong>TattsLotto, Gold Lotto, X Lotto<\/strong>, eller bare <strong>Lotto<\/strong>.<\/p>\n<p>Minimumsjackpotten er <strong>5 millioner australske dollar<\/strong> (omtrent 3 millioner euro), men hvis ingen vinner, overf\u00f8res bel\u00f8pet til neste trekning. Likevel er dette lotteriet sjelden en <strong>rollover<\/strong>, fordi vinnersjansene er h\u00f8ye, og vanligvis vinner noen jackpotten hver uke.<\/p>\n<p>Hvert \u00e5r etter jul holdes en spesialtrekning kalt <strong>Mega Draw<\/strong>, hvor premien kan n\u00e5 <strong>30 millioner australske dollar<\/strong> (omtrent 18 millioner euro).<\/p>\n<hr \/>\n<h3>Hvordan spille L\u00f8rdagens Lotteri Online?<\/h3>\n<ol>\n<li>Bes\u00f8k <a href=\"https:\/\/jackpotlotteryonline.com\/winning-numbers\/saturday-lotto\" target=\"_new\" rel=\"noopener\">jackpotlotteryonline.com<\/a>.<\/li>\n<li><strong>Velg 6 tall mellom 1 og 45.<\/strong>\n<ul>\n<li>Du kan velge tallene dine selv eller bruke den tilfeldige tallgeneratoren.<\/li>\n<\/ul>\n<\/li>\n<li>Registrer billetten din for l\u00f8rdagens trekning.\n<ul>\n<li>Trekningen skjer hver <strong>l\u00f8rdag<\/strong>.<\/li>\n<li>Du kan kj\u00f8pe billettene dine for <strong>10 uker p\u00e5 rad<\/strong>.<\/li>\n<\/ul>\n<\/li>\n<li>Betal for billetten og fullf\u00f8r registreringen.\n<ul>\n<li>Billetten din vil bli <strong>trygt lagret<\/strong>, og du vil bli varslet automatisk hvis du vinner.<\/li>\n<li>Du kan ta ut premien direkte via plattformen.<\/li>\n<\/ul>\n<\/li>\n<\/ol>\n<hr \/>\n<h3>Strategier for \u00e5 \u00d8ke Sjansene for \u00e5 Vinne<\/h3>\n<p>For \u00e5 velge tallene dine, se p\u00e5 noen av de beste strategiene som kan hjelpe deg med \u00e5 \u00f8ke sjansene dine for \u00e5 vinne. <a href=\"https:\/\/jackpotlotteryonline.com\/a-few-tricks-and-tips-for-choosing-your-numbers\" target=\"_new\" rel=\"noopener\">Les mer her<\/a>.<\/p>\n<hr \/>\n<h3>Hvorfor spille online lotteri?<\/h3>\n<p>\u2714 <strong>Bekvemmelighet:<\/strong> Spill fra hvor som helst i verden, n\u00e5r som helst, via mobilen eller datamaskinen din. \u2714 <strong>Variasjon:<\/strong> Delta i trekninger fra Australia, Europa, USA og andre deler av verden. \u2714 <strong>Rask utbetaling av premier:<\/strong> Motta premien din raskt og enkelt.<\/p>\n<hr \/>\n<h3>Hvordan vinne i L\u00f8rdagens Lotteri?<\/h3>\n<p>For \u00e5 vinne <strong>hovedjackpotten<\/strong>, m\u00e5 du f\u00e5 <strong>alle 6 tallene<\/strong> riktige. Men det er ogs\u00e5 andre premier for de som f\u00e5r 3, 4 eller 5 riktige tall.<\/p>\n<p>Hvis premien din er h\u00f8yere enn <strong>2 500 australske dollar<\/strong> (omtrent 1 500 euro), m\u00e5 du hente ut bel\u00f8pet direkte fra lotteriets arrang\u00f8rer. Ikke bekymre deg, vi vil guide deg gjennom prosessen.<\/p>\n<hr \/>\n<h3>Hva er Bonusnummeret?<\/h3>\n<p>Bonusnummeret brukes for \u00e5 bestemme noen <strong>premiekategorier<\/strong>. Dette nummeret er ikke n\u00f8dvendig for \u00e5 vinne <strong>hovedjackpotten<\/strong>, men det kan \u00f8ke sjansene dine for \u00e5 vinne andre premier.<\/p>\n<hr \/>\n<h3>Premieklasser og Vinnersjanser<\/h3>\n<table>\n<thead>\n<tr>\n<th>Premieklasse<\/th>\n<th>Kriterier<\/th>\n<th>Vinnersjanse<\/th>\n<\/tr>\n<\/thead>\n<tbody>\n<tr>\n<td><strong>1<\/strong><\/td>\n<td>6 riktige tall<\/td>\n<td><strong>1 p\u00e5 8 145 060<\/strong><\/td>\n<\/tr>\n<tr>\n<td><strong>2<\/strong><\/td>\n<td>5 riktige tall + 1 eller 2 bonusnummer<\/td>\n<td><strong>1 p\u00e5 678 755<\/strong><\/td>\n<\/tr>\n<tr>\n<td><strong>3<\/strong><\/td>\n<td>5 riktige tall<\/td>\n<td><strong>1 p\u00e5 36 689<\/strong><\/td>\n<\/tr>\n<tr>\n<td><strong>4<\/strong><\/td>\n<td>4 riktige tall<\/td>\n<td><strong>1 p\u00e5 733<\/strong><\/td>\n<\/tr>\n<tr>\n<td><strong>5<\/strong><\/td>\n<td>3 riktige tall + 1 eller 2 bonusnummer<\/td>\n<td><strong>1 p\u00e5 297<\/strong><\/td>\n<\/tr>\n<tr>\n<td><strong>6<\/strong><\/td>\n<td>3 riktige tall<\/td>\n<td><strong>1 p\u00e5 53<\/strong><\/td>\n<\/tr>\n<\/tbody>\n<\/table>\n<hr \/>\n<h3>Spill i L\u00f8rdagens Lotteri i dag!<\/h3>\n<p>Kj\u00f8p billetten din og ikke g\u00e5 glipp av <strong>sjansen til \u00e5 bli million\u00e6r<\/strong>!<\/p>\n<p>P\u00e5 v\u00e5r plattform kan du ikke bare delta i Australias trekninger, men ogs\u00e5 i <strong>Powerball, Mega Millions, EuroMillions<\/strong> og mange andre popul\u00e6re internasjonale lotterier.<\/p>\n<p><a href=\"https:\/\/jackpotlotteryonline.com\" target=\"_new\" rel=\"noopener\">Kj\u00f8p billett og spill online n\u00e5!<\/a><\/p>\n","protected":false},"excerpt":{"rendered":"<p>L\u00f8rdagens lotteri er et av de mest popul\u00e6re lotteriene i Australia, og det tiltrekker seg spillere fra hele landet. Hvorfor? Dette lotteriet har en lang historie med \u00e5 gj\u00f8re spillere til million\u00e6rer! Jackpotten kan n\u00e5 10 millioner australske dollar (omtrent 6 millioner euro), et betydelig bel\u00f8p. Tidligere kunne bare innbyggere i Australia kj\u00f8pe billetter, ettersom [&hellip;]<\/p>\n","protected":false},"author":7,"featured_media":0,"parent":73077,"menu_order":18,"comment_status":"closed","ping_status":"closed","template":"saturday-lotto.php","meta":{"_et_pb_use_builder":"","_et_pb_old_content":"","_et_gb_content_width":"","exclude_from_search":false,"footnotes":""},"class_list":["post-73572","page","type-page","status-publish","hentry"],"yoast_head":"<!-- This site is optimized with the Yoast SEO plugin v23.3 - https:\/\/yoast.com\/wordpress\/plugins\/seo\/ -->\n<title>Spill Saturday Lotto online<\/title>\n<meta name=\"description\" content=\"Nyt muligheten til \u00e5 vinne store gevinster med Saturday Lotto ved \u00e5 spille online, uansett hvor du er. Finn ut hvordan.\" \/>\n<meta name=\"robots\" content=\"index, follow, max-snippet:-1, max-image-preview:large, max-video-preview:-1\" \/>\n<link rel=\"canonical\" href=\"https:\/\/jackpotlotteryonline.com\/no\/online-lotterihendelser-og-spill\/lordagens-lotteri-spill-online\/\" \/>\n<meta property=\"og:locale\" content=\"nb_NO\" \/>\n<meta property=\"og:type\" content=\"article\" \/>\n<meta property=\"og:title\" content=\"Spill Saturday Lotto online\" \/>\n<meta property=\"og:description\" content=\"Nyt muligheten til \u00e5 vinne store gevinster med Saturday Lotto ved \u00e5 spille online, uansett hvor du er. Finn ut hvordan.\" \/>\n<meta property=\"og:url\" content=\"https:\/\/jackpotlotteryonline.com\/no\/online-lotterihendelser-og-spill\/lordagens-lotteri-spill-online\/\" \/>\n<meta property=\"og:site_name\" content=\"Lotto Online - Crack The International Lottery Jackpots\" \/>\n<meta name=\"twitter:card\" content=\"summary_large_image\" \/>\n<meta name=\"twitter:label1\" content=\"Ansl. lesetid\" \/>\n\t<meta name=\"twitter:data1\" content=\"3 minutter\" \/>\n<!-- \/ Yoast SEO plugin. -->","yoast_head_json":{"title":"Spill Saturday Lotto online","description":"Nyt muligheten til \u00e5 vinne store gevinster med Saturday Lotto ved \u00e5 spille online, uansett hvor du er. Finn ut hvordan.","robots":{"index":"index","follow":"follow","max-snippet":"max-snippet:-1","max-image-preview":"max-image-preview:large","max-video-preview":"max-video-preview:-1"},"canonical":"https:\/\/jackpotlotteryonline.com\/no\/online-lotterihendelser-og-spill\/lordagens-lotteri-spill-online\/","og_locale":"nb_NO","og_type":"article","og_title":"Spill Saturday Lotto online","og_description":"Nyt muligheten til \u00e5 vinne store gevinster med Saturday Lotto ved \u00e5 spille online, uansett hvor du er. Finn ut hvordan.","og_url":"https:\/\/jackpotlotteryonline.com\/no\/online-lotterihendelser-og-spill\/lordagens-lotteri-spill-online\/","og_site_name":"Lotto Online - Crack The International Lottery Jackpots","twitter_card":"summary_large_image","twitter_misc":{"Ansl. lesetid":"3 minutter"},"schema":{"@context":"https:\/\/schema.org","@graph":[{"@type":"WebPage","@id":"https:\/\/jackpotlotteryonline.com\/no\/online-lotterihendelser-og-spill\/lordagens-lotteri-spill-online\/","url":"https:\/\/jackpotlotteryonline.com\/no\/online-lotterihendelser-og-spill\/lordagens-lotteri-spill-online\/","name":"Spill Saturday Lotto online","isPartOf":{"@id":"https:\/\/jackpotlotteryonline.com\/#website"},"datePublished":"2025-02-04T10:07:16+00:00","dateModified":"2025-02-04T10:07:16+00:00","description":"Nyt muligheten til \u00e5 vinne store gevinster med Saturday Lotto ved \u00e5 spille online, uansett hvor du er. Finn ut hvordan.","breadcrumb":{"@id":"https:\/\/jackpotlotteryonline.com\/no\/online-lotterihendelser-og-spill\/lordagens-lotteri-spill-online\/#breadcrumb"},"inLanguage":"nb-NO","potentialAction":[{"@type":"ReadAction","target":["https:\/\/jackpotlotteryonline.com\/no\/online-lotterihendelser-og-spill\/lordagens-lotteri-spill-online\/"]}]},{"@type":"BreadcrumbList","@id":"https:\/\/jackpotlotteryonline.com\/no\/online-lotterihendelser-og-spill\/lordagens-lotteri-spill-online\/#breadcrumb","itemListElement":[{"@type":"ListItem","position":1,"name":"Home","item":"https:\/\/jackpotlotteryonline.com\/no\/"},{"@type":"ListItem","position":2,"name":"Online Lotterihendelser og Spill","item":"https:\/\/jackpotlotteryonline.com\/no\/online-lotterihendelser-og-spill\/"},{"@type":"ListItem","position":3,"name":"L\u00f8rdagens Lotteri Spill Online"}]},{"@type":"WebSite","@id":"https:\/\/jackpotlotteryonline.com\/#website","url":"https:\/\/jackpotlotteryonline.com\/","name":"Lotto Online - Crack The International Lottery Jackpots","description":"","potentialAction":[{"@type":"SearchAction","target":{"@type":"EntryPoint","urlTemplate":"https:\/\/jackpotlotteryonline.com\/?s={search_term_string}"},"query-input":"required name=search_term_string"}],"inLanguage":"nb-NO"}]}},"_links":{"self":[{"href":"https:\/\/jackpotlotteryonline.com\/no\/wp-json\/wp\/v2\/pages\/73572","targetHints":{"allow":["GET"]}}],"collection":[{"href":"https:\/\/jackpotlotteryonline.com\/no\/wp-json\/wp\/v2\/pages"}],"about":[{"href":"https:\/\/jackpotlotteryonline.com\/no\/wp-json\/wp\/v2\/types\/page"}],"author":[{"embeddable":true,"href":"https:\/\/jackpotlotteryonline.com\/no\/wp-json\/wp\/v2\/users\/7"}],"replies":[{"embeddable":true,"href":"https:\/\/jackpotlotteryonline.com\/no\/wp-json\/wp\/v2\/comments?post=73572"}],"version-history":[{"count":0,"href":"https:\/\/jackpotlotteryonline.com\/no\/wp-json\/wp\/v2\/pages\/73572\/revisions"}],"up":[{"embeddable":true,"href":"https:\/\/jackpotlotteryonline.com\/no\/wp-json\/wp\/v2\/pages\/73077"}],"wp:attachment":[{"href":"https:\/\/jackpotlotteryonline.com\/no\/wp-json\/wp\/v2\/media?parent=73572"}],"curies":[{"name":"wp","href":"https:\/\/api.w.org\/{rel}","templated":true}]}}