{"id":73590,"date":"2025-02-04T10:18:49","date_gmt":"2025-02-04T10:18:49","guid":{"rendered":"https:\/\/jackpotlotteryonline.com\/?page_id=73590"},"modified":"2025-02-04T10:18:49","modified_gmt":"2025-02-04T10:18:49","slug":"hvordan-kjope-lotteribilletter-online","status":"publish","type":"page","link":"https:\/\/jackpotlotteryonline.com\/no\/hvordan-kjope-lotteribilletter-online\/","title":{"rendered":"Hvordan kj\u00f8pe lotteribilletter online"},"content":{"rendered":"<p>\u00c5 kj\u00f8pe lotteribilletter online har blitt ekstremt popul\u00e6rt n\u00e5. Lotto-fans fra hele verden bruker v\u00e5r online lotteritjeneste. Og det er mange gode grunner til dette.<\/p>\n<p>For noen lotterispillere er det <strong>den eneste m\u00e5ten \u00e5 kj\u00f8pe lotteribilletter p\u00e5<\/strong>, fordi det ikke finnes et lotteri i deres bostedsland. Derfor ser de etter m\u00e5ter \u00e5 f\u00e5 sjansen til \u00e5 vinne store bel\u00f8p, og for det ser de p\u00e5 lotterier i andre land. P\u00e5 nettstedet v\u00e5rt er det mange lotterijackpoter \u00e5 velge mellom.<\/p>\n<p>Andre lotto-fans har lotterier i sitt eget land, men disse lotteriene kan ikke v\u00e6re like attraktive for dem. Ofte har disse lokale lotteriene mindre toppremier og jackpotter, eller de spilles bare \u00e9n gang i uken. Derfor vil spillere se etter andre, <a href=\"https:\/\/jackpotlotteryonline.com\/play-online\">mer lukrative alternativer<\/a>.<\/p>\n<p>**H\u00f8yere utbetalinger fra lotterier i andre land**<\/p>\n<p>Det er et velkjent prinsipp at det gir mer mening \u00e5 investere penger i et lotteribilde n\u00e5r jackpottene er veldig h\u00f8ye. Tross alt, n\u00e5r du kj\u00f8per billetten din, \u00f8nsker du \u00e5 f\u00e5 mest mulig verdi for pengene. Det betyr at hvis billettprisen er den samme, gir en potensielt h\u00f8yere premie deg bedre verdi for pengene.<\/p>\n<p>Men selv om den online billetten for lotteriet du \u00f8nsker \u00e5 spille, skulle v\u00e6re dobbelt s\u00e5 dyr som en billett for ditt lokale lotteri, vil det i de fleste tilfeller fortsatt gi mening \u00e5 kj\u00f8pe den dyrere online billetten. Hvis den mulige jackpotten er mer enn dobbelt s\u00e5 stor som din lokale jackpot, vil de matematiske vinnersjansene dine v\u00e6re h\u00f8yere med lotteriet du m\u00e5 kj\u00f8pe en online billett til.<\/p>\n<section class=\"layout\" style=\"border: solid 1px; width: 100%;\">\n<div class=\"img-div\" style=\"margin-top: 5px;\"><img decoding=\"async\" class=\"wp-image-17212 alignleft\" style=\"height: 45px; margin: 8px 8px 0px;\" src=\"http:\/\/jackpotlotteryonline.com\/wp-content\/uploads\/2022\/11\/read1.jpg\" alt=\"beware of scam lotteries\" width=\"\" height=\"\" \/><\/div>\n<div style=\"padding-left: 5px;\">\n<div style=\"font-size: 1.1em;\">\n<p>**Lotteribedrageri du b\u00f8r v\u00e6re oppmerksom p\u00e5**<\/p>\n<p style=\"font-size: 0.85em; margin-top: -1.5em;\">Ikke bli lurt av disse lotterifellene. <a href=\"https:\/\/jackpotlotteryonline.com\/beware-of-online-lottery-scams\">Les mer<\/a><\/p>\n<\/div>\n<\/div>\n<\/section>\n<p>**Det er alltid en stor jackpot et sted i verden**<\/p>\n<p>Og det er hoved\u00e5rsaken til \u00e5 kj\u00f8pe lotteribilletter online. Med s\u00e5 mange lotterier tilgjengelig for deg gjennom en online billettjeneste, vil du alltid finne en stor jackpot som er verdt \u00e5 investere i. Faktisk f\u00f8lger en stor del av v\u00e5re kunder en enkel strategi: Uansett hvilket lotteri som har den st\u00f8rste jackpotten for \u00f8yeblikket, er det lotteriet de kj\u00f8per billetten til. Gir full mening, ikke sant?<\/p>\n<p>**Er det lovlig \u00e5 kj\u00f8pe billett online til ett av disse lotteriene?**<\/p>\n<p>Ja, det er det. Tenk deg at du tilfeldigvis er i USA, og det lokale Powerball-lotteriet har en massiv jackpot. Du g\u00e5r og kj\u00f8per en billett, og den billetten vinner. Selvf\u00f8lgelig m\u00e5 lotteriet betale deg, selv om du ikke er i landet n\u00e5r <a href=\"https:\/\/jackpotlotteryonline.com\/winning-numbers\">trekningen<\/a> skjer. Du har lovlig kj\u00f8pt en billett. Det spiller ingen rolle om du bor i USA eller ikke. Og det fungerer p\u00e5 samme m\u00e5te med alle de andre verdenslotteriene.<\/p>\n<p>Den online forskjellen i v\u00e5r tjeneste er at vi kj\u00f8per den faktiske billetten p\u00e5 dine vegne. Du bestiller den online, og en av v\u00e5re lokale agenter kj\u00f8per en fysisk billett for deg. De vil ogs\u00e5 skanne billetten din, og den vil bli lastet opp til spillerkontoen din, slik at du kan se at vi kj\u00f8pte en faktisk billett for deg.<\/p>\n<p><img loading=\"lazy\" decoding=\"async\" class=\"alignright size-medium wp-image-25854\" src=\"http:\/\/jackpotlotteryonline.com\/wp-content\/uploads\/2022\/10\/1_results_tickets_lotto-300x212.jpg\" alt=\"lottery ticket\" width=\"300\" height=\"212\" srcset=\"https:\/\/jackpotlotteryonline.com\/wp-content\/uploads\/2022\/10\/1_results_tickets_lotto-300x212.jpg 300w, https:\/\/jackpotlotteryonline.com\/wp-content\/uploads\/2022\/10\/1_results_tickets_lotto.jpg 320w\" sizes=\"auto, (max-width: 300px) 100vw, 300px\" \/>Hvis du vinner stort, er det opp til deg om du vil dra til landet der lotteriet blir holdt. Hvis du vil, kan du hente billetten din hos oss, og presentere den vinnende billetten til lotterikommisjonen personlig. Hvordan vil de vite hvem som kj\u00f8pte den?<\/p>\n<p>Men faktisk trenger du ikke gj\u00f8re det p\u00e5 den m\u00e5ten. Fordi en del av v\u00e5r online lotteribillettjeneste er at vi ogs\u00e5 kan h\u00e5ndtere utbetalingen for deg. Vi prosesserer gevinstene dine, og lotterikommisjonen sender deg enten en sjekk, eller overf\u00f8rer gevinsten til bankkontoen din.<\/p>\n<p>Og visste du at alle mindre gevinster (under \u20ac 2500,00) umiddelbart blir kreditert til spillerkontoen din p\u00e5 nettstedet v\u00e5rt? Du trenger ikke gj\u00f8re noe for \u00e5 f\u00e5 de mindre gevinstene. Og du kan be om uttak n\u00e5r som helst, og vi vil sette de pengene p\u00e5 bankkontoen din, kredittkortet ditt, eller til kryptovaluta-lommeboken din (hvis du har en).<\/p>\n<p>**Andre fordeler med \u00e5 kj\u00f8pe lotteribilletter online**<\/p>\n<p>V\u00e5r billettjeneste har noen andre, ganske \u00e5penbare fordeler, som er:<\/p>\n<p>&#8211; Ingen grunn til \u00e5 forlate huset for \u00e5 hente billetten din<br \/>\n&#8211; Ingen k\u00f8er ved lotteributikken eller agenten (spesielt viktig n\u00e5r jackpottene er store!)<br \/>\n&#8211; Billetten din kan ikke g\u00e5 tapt, ettersom den er skannet og lagres i v\u00e5re sikre skuffer<\/p>\n<p>S\u00e5, hva venter du p\u00e5? **Velg et lotteri og kj\u00f8p billetten din online i dag** \u2013 med litt flaks kan du v\u00e6re morgendagens jackpot-vinner!<\/p>\n<p>&#8212;<\/p>\n","protected":false},"excerpt":{"rendered":"<p>\u00c5 kj\u00f8pe lotteribilletter online har blitt ekstremt popul\u00e6rt n\u00e5. Lotto-fans fra hele verden bruker v\u00e5r online lotteritjeneste. Og det er mange gode grunner til dette. For noen lotterispillere er det den eneste m\u00e5ten \u00e5 kj\u00f8pe lotteribilletter p\u00e5, fordi det ikke finnes et lotteri i deres bostedsland. Derfor ser de etter m\u00e5ter \u00e5 f\u00e5 sjansen til [&hellip;]<\/p>\n","protected":false},"author":7,"featured_media":0,"parent":0,"menu_order":3,"comment_status":"closed","ping_status":"closed","template":"Information.php","meta":{"_et_pb_use_builder":"","_et_pb_old_content":"","_et_gb_content_width":"","exclude_from_search":false,"footnotes":""},"class_list":["post-73590","page","type-page","status-publish","hentry"],"yoast_head":"<!-- This site is optimized with the Yoast SEO plugin v23.3 - https:\/\/yoast.com\/wordpress\/plugins\/seo\/ -->\n<title>Hvordan kj\u00f8pe billetter online for verdensomspennende lotterier<\/title>\n<meta name=\"description\" content=\"Hva du b\u00f8r v\u00e6re oppmerksom p\u00e5 n\u00e5r du kj\u00f8per billetter for internasjonale lotterier online. Noen online billettjenester er mindre anbefalte, finn ut hvilke.\" \/>\n<meta name=\"robots\" content=\"index, follow, max-snippet:-1, max-image-preview:large, max-video-preview:-1\" \/>\n<link rel=\"canonical\" href=\"https:\/\/jackpotlotteryonline.com\/no\/hvordan-kjope-lotteribilletter-online\/\" \/>\n<meta property=\"og:locale\" content=\"nb_NO\" \/>\n<meta property=\"og:type\" content=\"article\" \/>\n<meta property=\"og:title\" content=\"Hvordan kj\u00f8pe billetter online for verdensomspennende lotterier\" \/>\n<meta property=\"og:description\" content=\"Hva du b\u00f8r v\u00e6re oppmerksom p\u00e5 n\u00e5r du kj\u00f8per billetter for internasjonale lotterier online. Noen online billettjenester er mindre anbefalte, finn ut hvilke.\" \/>\n<meta property=\"og:url\" content=\"https:\/\/jackpotlotteryonline.com\/no\/hvordan-kjope-lotteribilletter-online\/\" \/>\n<meta property=\"og:site_name\" content=\"Lotto Online - Crack The International Lottery Jackpots\" \/>\n<meta property=\"og:image\" content=\"http:\/\/jackpotlotteryonline.com\/wp-content\/uploads\/2022\/11\/read1.jpg\" \/>\n<meta name=\"twitter:card\" content=\"summary_large_image\" \/>\n<!-- \/ Yoast SEO plugin. -->","yoast_head_json":{"title":"Hvordan kj\u00f8pe billetter online for verdensomspennende lotterier","description":"Hva du b\u00f8r v\u00e6re oppmerksom p\u00e5 n\u00e5r du kj\u00f8per billetter for internasjonale lotterier online. Noen online billettjenester er mindre anbefalte, finn ut hvilke.","robots":{"index":"index","follow":"follow","max-snippet":"max-snippet:-1","max-image-preview":"max-image-preview:large","max-video-preview":"max-video-preview:-1"},"canonical":"https:\/\/jackpotlotteryonline.com\/no\/hvordan-kjope-lotteribilletter-online\/","og_locale":"nb_NO","og_type":"article","og_title":"Hvordan kj\u00f8pe billetter online for verdensomspennende lotterier","og_description":"Hva du b\u00f8r v\u00e6re oppmerksom p\u00e5 n\u00e5r du kj\u00f8per billetter for internasjonale lotterier online. Noen online billettjenester er mindre anbefalte, finn ut hvilke.","og_url":"https:\/\/jackpotlotteryonline.com\/no\/hvordan-kjope-lotteribilletter-online\/","og_site_name":"Lotto Online - Crack The International Lottery Jackpots","og_image":[{"url":"http:\/\/jackpotlotteryonline.com\/wp-content\/uploads\/2022\/11\/read1.jpg"}],"twitter_card":"summary_large_image","schema":{"@context":"https:\/\/schema.org","@graph":[{"@type":"WebPage","@id":"https:\/\/jackpotlotteryonline.com\/no\/hvordan-kjope-lotteribilletter-online\/","url":"https:\/\/jackpotlotteryonline.com\/no\/hvordan-kjope-lotteribilletter-online\/","name":"Hvordan kj\u00f8pe billetter online for verdensomspennende lotterier","isPartOf":{"@id":"https:\/\/jackpotlotteryonline.com\/#website"},"primaryImageOfPage":{"@id":"https:\/\/jackpotlotteryonline.com\/no\/hvordan-kjope-lotteribilletter-online\/#primaryimage"},"image":{"@id":"https:\/\/jackpotlotteryonline.com\/no\/hvordan-kjope-lotteribilletter-online\/#primaryimage"},"thumbnailUrl":"http:\/\/jackpotlotteryonline.com\/wp-content\/uploads\/2022\/11\/read1.jpg","datePublished":"2025-02-04T10:18:49+00:00","dateModified":"2025-02-04T10:18:49+00:00","description":"Hva du b\u00f8r v\u00e6re oppmerksom p\u00e5 n\u00e5r du kj\u00f8per billetter for internasjonale lotterier online. Noen online billettjenester er mindre anbefalte, finn ut hvilke.","breadcrumb":{"@id":"https:\/\/jackpotlotteryonline.com\/no\/hvordan-kjope-lotteribilletter-online\/#breadcrumb"},"inLanguage":"nb-NO","potentialAction":[{"@type":"ReadAction","target":["https:\/\/jackpotlotteryonline.com\/no\/hvordan-kjope-lotteribilletter-online\/"]}]},{"@type":"ImageObject","inLanguage":"nb-NO","@id":"https:\/\/jackpotlotteryonline.com\/no\/hvordan-kjope-lotteribilletter-online\/#primaryimage","url":"http:\/\/jackpotlotteryonline.com\/wp-content\/uploads\/2022\/11\/read1.jpg","contentUrl":"http:\/\/jackpotlotteryonline.com\/wp-content\/uploads\/2022\/11\/read1.jpg"},{"@type":"BreadcrumbList","@id":"https:\/\/jackpotlotteryonline.com\/no\/hvordan-kjope-lotteribilletter-online\/#breadcrumb","itemListElement":[{"@type":"ListItem","position":1,"name":"Home","item":"https:\/\/jackpotlotteryonline.com\/no\/"},{"@type":"ListItem","position":2,"name":"Hvordan kj\u00f8pe lotteribilletter online"}]},{"@type":"WebSite","@id":"https:\/\/jackpotlotteryonline.com\/#website","url":"https:\/\/jackpotlotteryonline.com\/","name":"Lotto Online - Crack The International Lottery Jackpots","description":"","potentialAction":[{"@type":"SearchAction","target":{"@type":"EntryPoint","urlTemplate":"https:\/\/jackpotlotteryonline.com\/?s={search_term_string}"},"query-input":"required name=search_term_string"}],"inLanguage":"nb-NO"}]}},"_links":{"self":[{"href":"https:\/\/jackpotlotteryonline.com\/no\/wp-json\/wp\/v2\/pages\/73590","targetHints":{"allow":["GET"]}}],"collection":[{"href":"https:\/\/jackpotlotteryonline.com\/no\/wp-json\/wp\/v2\/pages"}],"about":[{"href":"https:\/\/jackpotlotteryonline.com\/no\/wp-json\/wp\/v2\/types\/page"}],"author":[{"embeddable":true,"href":"https:\/\/jackpotlotteryonline.com\/no\/wp-json\/wp\/v2\/users\/7"}],"replies":[{"embeddable":true,"href":"https:\/\/jackpotlotteryonline.com\/no\/wp-json\/wp\/v2\/comments?post=73590"}],"version-history":[{"count":0,"href":"https:\/\/jackpotlotteryonline.com\/no\/wp-json\/wp\/v2\/pages\/73590\/revisions"}],"wp:attachment":[{"href":"https:\/\/jackpotlotteryonline.com\/no\/wp-json\/wp\/v2\/media?parent=73590"}],"curies":[{"name":"wp","href":"https:\/\/api.w.org\/{rel}","templated":true}]}}