{"id":73622,"date":"2025-02-04T10:59:40","date_gmt":"2025-02-04T10:59:40","guid":{"rendered":"https:\/\/jackpotlotteryonline.com\/?page_id=73622"},"modified":"2025-02-04T10:59:40","modified_gmt":"2025-02-04T10:59:40","slug":"spill-oz-lotto-online","status":"publish","type":"page","link":"https:\/\/jackpotlotteryonline.com\/no\/online-lotterihendelser-og-spill\/spill-oz-lotto-online\/","title":{"rendered":"Spill OZ Lotto Online"},"content":{"rendered":"<h2>Hva er OZ Lotto?<\/h2>\n<p> OZ Lotto er et australsk lotteri som ble introdusert i 1994 og administreres av Tatts Group. Dette lotteriet er et av de mest popul\u00e6re i Australia og New Zealand og har blitt det st\u00f8rste lotteriet i Australia. <a href=\"https:\/\/jackpotlotteryonline.com\/winning-numbers\/oz-lotto\">OZ Lotto trekning<\/a> finner sted hver onsdag og fredag.<br \/>\nHer forklarer vi hvordan du kan spille OZ Lotto online fra hvor som helst i verden.<\/p>\n<h2>Hvordan spille OZ Lotto online<\/h2>\n<p> <img loading=\"lazy\" decoding=\"async\" class=\"alignright size-full wp-image-29777\" src=\"http:\/\/jackpotlotteryonline.com\/wp-content\/uploads\/2022\/11\/1_ticket_online_buying.jpg\" alt=\"play oz lotto online\" width=\"300\" height=\"203\" \/>Hvis du \u00f8nsker \u00e5 delta i et spennende og livsendrende lotteri, er OZ Lotto et utmerket valg. Vi tilbyr online deltakelse i internasjonale lotterier og concierge-tjenester som gj\u00f8r prosessen enklere. For \u00e5 spille OZ Lotto online trenger du bare en datamaskin og en internettforbindelse.<br \/>\nFor \u00e5 delta i OZ Lotto online m\u00e5 du velge 7 tall fra 1 til 47. I tillegg blir tre ekstra tall valgt under trekningen. Du kan velge tallene manuelt eller bruke en tilfeldig tallgenerator. Velg deretter hvor mange trekninger du vil delta i, og g\u00e5 videre til betalingsprosessen for \u00e5 <a href=\"https:\/\/jackpotlotteryonline.com\/buy-tickets\/oz-lotto\">kj\u00f8pe billetten<\/a>. Deretter m\u00e5 du bare vente p\u00e5 trekningen.<\/p>\n<h2>Hva er ekstra tallene og hvordan brukes de?<\/h2>\n<p> Ekstra tall er tall som trekkes under OZ Lotto-trekningen. De betraktes som \u00abbonusballer\u00bb. 10 tall trekkes tilfeldig, hvor de f\u00f8rste 7 er hovedtallene for \u00e5 vinne hovedpremien. De ekstra tallene brukes til \u00e5 vinne lavere premier. <\/p>\n<h3>Premiekategorier i OZ Lotto<\/h3>\n<p> OZ Lotto har totalt 7 premiekategorier. De er som f\u00f8lger: <\/p>\n<ul>\n<li>1. premie: Jackpot: 7 riktige tall<\/li>\n<li>2. premie: 6 riktige tall + ekstra tall<\/li>\n<li>3. premie: 6 riktige tall<\/li>\n<li>4. premie: 5 riktige tall + ekstra tall<\/li>\n<li>5. premie: 5 riktige tall<\/li>\n<li>6. premie: 4 riktige tall<\/li>\n<li>7. premie: 3 riktige tall + ekstra tall<\/li>\n<\/ul>\n<h2>Trenger du \u00e5 v\u00e6re bosatt i Australia for \u00e5 spille OZ Lotto?<\/h2>\n<p> Nei, du trenger ikke \u00e5 bo i Australia for \u00e5 delta i OZ Lotto. Du kan delta fra hvor som helst i verden gjennom <a href=\"https:\/\/jackpotlotteryonline.com\/buy-tickets\/oz-lotto\">v\u00e5r online plattform<\/a>. Vi hjelper deg med \u00e5 kj\u00f8pe billetten gjennom autoriserte lotterimyndigheter og oppbevarer billettene dine p\u00e5 en sikker m\u00e5te. Skannede kopier av billettene blir lastet opp til profilen din. Vi tar oss av prosessen, og du trenger bare \u00e5 vente p\u00e5 trekningen.<br \/>\nS\u00e5 ikke bekymre deg for at du ikke kan delta \u2013 du kan spille OZ Lotto uansett hvor du er. OZ Lotto er s\u00e5 lett! Begynn \u00e5 spille i dag og se om lykken er p\u00e5 din side!<\/p>\n<h2>Hvordan vinne p\u00e5 OZ Lotto<\/h2>\n<p> For \u00e5 vinne hovedjackpotten p\u00e5 OZ Lotto m\u00e5 du f\u00e5 7 riktige tall fra totalt 47. Hovedjackpotten starter p\u00e5 10 millioner dollar og vokser ofte til den vinnes. I tillegg til hovedpremien, kan spillere som treffer 4 eller 5 riktige tall ogs\u00e5 vinne premier i de andre 8 kategoriene. <\/p>\n<section class=\"layout\" style=\"border: solid 1px; width: 100%;\">\n<div class=\"img-div\" style=\"margin-top: 5px;\"><img decoding=\"async\" class=\"wp-image-17212 alignleft\" style=\"height: 45px; margin: 8px 8px 0px;\" src=\"http:\/\/jackpotlotteryonline.com\/wp-content\/uploads\/2022\/11\/read1.jpg\" alt=\"read\" width=\"\" height=\"\" \/><\/div>\n<div style=\"padding-left: 5px;\">\n<div style=\"font-size: 1.1em;\"> <strong>De st\u00f8rste jackpottene i historien<\/strong> <\/p>\n<p style=\"font-size: 0.85em; margin-top: -1.5em;\">Se p\u00e5 de st\u00f8rste jackpottene i lotterienes historie. <a href=\"https:\/\/jackpotlotteryonline.com\/biggest-lotto-jackpots-in-history\">Les mer<\/a><\/p>\n<\/p><\/div>\n<\/p><\/div>\n<\/section>\n<h2>Hva er sjansene for \u00e5 vinne p\u00e5 OZ Lotto?<\/h2>\n<p> <img loading=\"lazy\" decoding=\"async\" class=\"alignright wp-image-28697 size-medium\" src=\"http:\/\/jackpotlotteryonline.com\/wp-content\/uploads\/2022\/11\/1_online_lotto_winners-300x200.jpg\" alt=\"play oz lotto online\" width=\"300\" height=\"200\" srcset=\"https:\/\/jackpotlotteryonline.com\/wp-content\/uploads\/2022\/11\/1_online_lotto_winners-300x200.jpg 300w, https:\/\/jackpotlotteryonline.com\/wp-content\/uploads\/2022\/11\/1_online_lotto_winners.jpg 320w\" sizes=\"auto, (max-width: 300px) 100vw, 300px\" \/><br \/>\nOZ Lotto er veldig popul\u00e6rt, og mange spillere vinner premier, noe som gj\u00f8r sjansene for \u00e5 vinne en premie ganske h\u00f8ye.<\/p>\n<p>Sjansen for \u00e5 f\u00e5 7 riktige tall og vinne hovedjackpotten er 1 av 62.891.499, noe som gj\u00f8r sjansene ekstremt sm\u00e5. Men lotteri er et spill av lykke, og du vet aldri n\u00e5r lykken sl\u00e5r til.<\/p>\n<p>De totale sjansene for \u00e5 vinne en premie er 1 av 51.<\/p>\n<p>For mer informasjon om OZ Lotto, bes\u00f8k v\u00e5r FAQ-side eller se p\u00e5 lotteriets offisielle nettside.<\/p>\n<p>Registrer deg i dag og delta i dette lotteriet fra hvor som helst i verden.<\/p>\n","protected":false},"excerpt":{"rendered":"<p>Hva er OZ Lotto? OZ Lotto er et australsk lotteri som ble introdusert i 1994 og administreres av Tatts Group. Dette lotteriet er et av de mest popul\u00e6re i Australia og New Zealand og har blitt det st\u00f8rste lotteriet i Australia. OZ Lotto trekning finner sted hver onsdag og fredag. Her forklarer vi hvordan du [&hellip;]<\/p>\n","protected":false},"author":7,"featured_media":0,"parent":73077,"menu_order":16,"comment_status":"closed","ping_status":"closed","template":"","meta":{"_et_pb_use_builder":"","_et_pb_old_content":"","_et_gb_content_width":"","exclude_from_search":false,"footnotes":""},"class_list":["post-73622","page","type-page","status-publish","hentry"],"yoast_head":"<!-- This site is optimized with the Yoast SEO plugin v23.3 - https:\/\/yoast.com\/wordpress\/plugins\/seo\/ -->\n<title>Spill Oz Lotto online fra utenfor Australia<\/title>\n<meta name=\"description\" content=\"N\u00e5 kan du spille Oz Lotto online, ikke bare hvis du er i Australia - du kan spille Oz-lotteriet fra hvor som helst i verden.\" \/>\n<meta name=\"robots\" content=\"index, follow, max-snippet:-1, max-image-preview:large, max-video-preview:-1\" \/>\n<link rel=\"canonical\" href=\"https:\/\/jackpotlotteryonline.com\/no\/online-lotterihendelser-og-spill\/spill-oz-lotto-online\/\" \/>\n<meta property=\"og:locale\" content=\"nb_NO\" \/>\n<meta property=\"og:type\" content=\"article\" \/>\n<meta property=\"og:title\" content=\"Spill Oz Lotto online fra utenfor Australia\" \/>\n<meta property=\"og:description\" content=\"N\u00e5 kan du spille Oz Lotto online, ikke bare hvis du er i Australia - du kan spille Oz-lotteriet fra hvor som helst i verden.\" \/>\n<meta property=\"og:url\" content=\"https:\/\/jackpotlotteryonline.com\/no\/online-lotterihendelser-og-spill\/spill-oz-lotto-online\/\" \/>\n<meta property=\"og:site_name\" content=\"Lotto Online - Crack The International Lottery Jackpots\" \/>\n<meta property=\"og:image\" content=\"http:\/\/jackpotlotteryonline.com\/wp-content\/uploads\/2022\/11\/1_ticket_online_buying.jpg\" \/>\n<meta name=\"twitter:card\" content=\"summary_large_image\" \/>\n<!-- \/ Yoast SEO plugin. -->","yoast_head_json":{"title":"Spill Oz Lotto online fra utenfor Australia","description":"N\u00e5 kan du spille Oz Lotto online, ikke bare hvis du er i Australia - du kan spille Oz-lotteriet fra hvor som helst i verden.","robots":{"index":"index","follow":"follow","max-snippet":"max-snippet:-1","max-image-preview":"max-image-preview:large","max-video-preview":"max-video-preview:-1"},"canonical":"https:\/\/jackpotlotteryonline.com\/no\/online-lotterihendelser-og-spill\/spill-oz-lotto-online\/","og_locale":"nb_NO","og_type":"article","og_title":"Spill Oz Lotto online fra utenfor Australia","og_description":"N\u00e5 kan du spille Oz Lotto online, ikke bare hvis du er i Australia - du kan spille Oz-lotteriet fra hvor som helst i verden.","og_url":"https:\/\/jackpotlotteryonline.com\/no\/online-lotterihendelser-og-spill\/spill-oz-lotto-online\/","og_site_name":"Lotto Online - Crack The International Lottery Jackpots","og_image":[{"url":"http:\/\/jackpotlotteryonline.com\/wp-content\/uploads\/2022\/11\/1_ticket_online_buying.jpg"}],"twitter_card":"summary_large_image","schema":{"@context":"https:\/\/schema.org","@graph":[{"@type":"WebPage","@id":"https:\/\/jackpotlotteryonline.com\/no\/online-lotterihendelser-og-spill\/spill-oz-lotto-online\/","url":"https:\/\/jackpotlotteryonline.com\/no\/online-lotterihendelser-og-spill\/spill-oz-lotto-online\/","name":"Spill Oz Lotto online fra utenfor Australia","isPartOf":{"@id":"https:\/\/jackpotlotteryonline.com\/#website"},"primaryImageOfPage":{"@id":"https:\/\/jackpotlotteryonline.com\/no\/online-lotterihendelser-og-spill\/spill-oz-lotto-online\/#primaryimage"},"image":{"@id":"https:\/\/jackpotlotteryonline.com\/no\/online-lotterihendelser-og-spill\/spill-oz-lotto-online\/#primaryimage"},"thumbnailUrl":"http:\/\/jackpotlotteryonline.com\/wp-content\/uploads\/2022\/11\/1_ticket_online_buying.jpg","datePublished":"2025-02-04T10:59:40+00:00","dateModified":"2025-02-04T10:59:40+00:00","description":"N\u00e5 kan du spille Oz Lotto online, ikke bare hvis du er i Australia - du kan spille Oz-lotteriet fra hvor som helst i verden.","breadcrumb":{"@id":"https:\/\/jackpotlotteryonline.com\/no\/online-lotterihendelser-og-spill\/spill-oz-lotto-online\/#breadcrumb"},"inLanguage":"nb-NO","potentialAction":[{"@type":"ReadAction","target":["https:\/\/jackpotlotteryonline.com\/no\/online-lotterihendelser-og-spill\/spill-oz-lotto-online\/"]}]},{"@type":"ImageObject","inLanguage":"nb-NO","@id":"https:\/\/jackpotlotteryonline.com\/no\/online-lotterihendelser-og-spill\/spill-oz-lotto-online\/#primaryimage","url":"http:\/\/jackpotlotteryonline.com\/wp-content\/uploads\/2022\/11\/1_ticket_online_buying.jpg","contentUrl":"http:\/\/jackpotlotteryonline.com\/wp-content\/uploads\/2022\/11\/1_ticket_online_buying.jpg"},{"@type":"BreadcrumbList","@id":"https:\/\/jackpotlotteryonline.com\/no\/online-lotterihendelser-og-spill\/spill-oz-lotto-online\/#breadcrumb","itemListElement":[{"@type":"ListItem","position":1,"name":"Home","item":"https:\/\/jackpotlotteryonline.com\/no\/"},{"@type":"ListItem","position":2,"name":"Online Lotterihendelser og Spill","item":"https:\/\/jackpotlotteryonline.com\/no\/online-lotterihendelser-og-spill\/"},{"@type":"ListItem","position":3,"name":"Spill OZ Lotto Online"}]},{"@type":"WebSite","@id":"https:\/\/jackpotlotteryonline.com\/#website","url":"https:\/\/jackpotlotteryonline.com\/","name":"Lotto Online - Crack The International Lottery Jackpots","description":"","potentialAction":[{"@type":"SearchAction","target":{"@type":"EntryPoint","urlTemplate":"https:\/\/jackpotlotteryonline.com\/?s={search_term_string}"},"query-input":"required name=search_term_string"}],"inLanguage":"nb-NO"}]}},"_links":{"self":[{"href":"https:\/\/jackpotlotteryonline.com\/no\/wp-json\/wp\/v2\/pages\/73622","targetHints":{"allow":["GET"]}}],"collection":[{"href":"https:\/\/jackpotlotteryonline.com\/no\/wp-json\/wp\/v2\/pages"}],"about":[{"href":"https:\/\/jackpotlotteryonline.com\/no\/wp-json\/wp\/v2\/types\/page"}],"author":[{"embeddable":true,"href":"https:\/\/jackpotlotteryonline.com\/no\/wp-json\/wp\/v2\/users\/7"}],"replies":[{"embeddable":true,"href":"https:\/\/jackpotlotteryonline.com\/no\/wp-json\/wp\/v2\/comments?post=73622"}],"version-history":[{"count":0,"href":"https:\/\/jackpotlotteryonline.com\/no\/wp-json\/wp\/v2\/pages\/73622\/revisions"}],"up":[{"embeddable":true,"href":"https:\/\/jackpotlotteryonline.com\/no\/wp-json\/wp\/v2\/pages\/73077"}],"wp:attachment":[{"href":"https:\/\/jackpotlotteryonline.com\/no\/wp-json\/wp\/v2\/media?parent=73622"}],"curies":[{"name":"wp","href":"https:\/\/api.w.org\/{rel}","templated":true}]}}