{"id":73640,"date":"2025-02-04T11:15:42","date_gmt":"2025-02-04T11:15:42","guid":{"rendered":"https:\/\/jackpotlotteryonline.com\/?page_id=73640"},"modified":"2025-02-04T11:15:42","modified_gmt":"2025-02-04T11:15:42","slug":"kjop-mega-millions-billett","status":"publish","type":"page","link":"https:\/\/jackpotlotteryonline.com\/no\/hvordan-kjope-lotteribilletter-online\/kjop-mega-millions-billett\/","title":{"rendered":"Kj\u00f8p Mega Millions billett"},"content":{"rendered":"<h2>Hvordan kj\u00f8pe Mega Millions billett p\u00e5 nettet?<\/h2>\n<p>Hvis du leser dette, er du kanskje interessert i \u00e5 kj\u00f8pe en Mega Millions billett. Mega Millions er et av de mange lotteriene som tilbyr store premier. Du har kanskje lurt p\u00e5 &#8220;Hvordan kj\u00f8pe Mega Millions billett p\u00e5 nettet?&#8221;<\/p>\n<p>Ikke bekymre deg, vi har laget en guide som hjelper deg med \u00e5 kj\u00f8pe Mega Millions billetter p\u00e5 nettet.<\/p>\n<h2>Hvorfor kj\u00f8pe Mega Millions billett p\u00e5 nettet?<\/h2>\n<p><img loading=\"lazy\" decoding=\"async\" class=\"alignright size-full wp-image-31073\" src=\"http:\/\/jackpotlotteryonline.com\/wp-content\/uploads\/2022\/11\/logo_Mega_Millions_233x110.png\" alt=\"buy mega millions ticket online\" width=\"232\" height=\"110\" \/>Mega Millions er et lotteri basert i USA som ofte tilbyr premier p\u00e5 flere millioner dollar. \u00c5 vinne denne premien kan endre livet ditt, men du m\u00e5 matche alle de riktige tallene for \u00e5 vinne.<\/p>\n<p>Hvis du \u00f8nsker \u00e5 kj\u00f8pe billettene p\u00e5 <a href=\"https:\/\/jackpotlotteryonline.com\/play-online\/mega-millions\">nett<\/a>, handler vi p\u00e5 vegne av deg gjennom lokale utsalgssteder. Vi er en p\u00e5litelig concierge-tjeneste som tilbyr disse tjenestene til kunder over hele verden. Vi gir deg den beste servicen, s\u00e5 hvorfor ikke kj\u00f8pe billettene gjennom oss?<\/p>\n<p>Mega Millions er et lotteri som tilbyr store premier, og mange deltar. Selv om oddsen er h\u00f8y, pr\u00f8ver de fleste \u00e5 finne m\u00e5ter \u00e5 \u00f8ke sine sjanser p\u00e5 \u00e5 vinne.<\/p>\n<p>En av de beste m\u00e5tene \u00e5 \u00f8ke sjansene p\u00e5 er \u00e5 kj\u00f8pe Mega Millions billetter p\u00e5 nettet. Vi gj\u00f8r det mulig for deg \u00e5 bestille billetter fra hvor som helst og f\u00e5 et skannet eksemplar av billetten din i kontoen din. N\u00e5r du kj\u00f8per billetter p\u00e5 nettet, er du trygg fra \u00e5 miste eller f\u00e5 billetten stj\u00e5let, da all informasjon lagres trygt.<\/p>\n<p>I tillegg er det mer praktisk \u00e5 kj\u00f8pe Mega Millions billetter p\u00e5 nettet enn \u00e5 dra til en butikk. Du kan bestille hjemmefra, n\u00e5r som helst og fra hvor som helst i verden. Dette gir deg muligheten til \u00e5 delta p\u00e5 Mega Millions trekningene, og vente p\u00e5 resultatene.<\/p>\n<h2>Hvordan kj\u00f8pe Mega Millions billett p\u00e5 nettet<\/h2>\n<p>N\u00e5r du kj\u00f8per en Mega Millions billett gjennom oss, b\u00f8r du vite at vi fungerer som mellommann for lotteriet. Dette betyr at du kan kj\u00f8pe billetten p\u00e5 nettet uten \u00e5 m\u00e5tte dra til et fysisk utsalgssted.<\/p>\n<p>Er du klar til \u00e5 kj\u00f8pe Mega Millions billett p\u00e5 nettet? Hvis du er det, kan du f\u00f8lge disse trinnene for \u00e5 fullf\u00f8re kj\u00f8pet:<\/p>\n<p><strong>1. Opprett en konto<\/strong><\/p>\n<p><img loading=\"lazy\" decoding=\"async\" class=\"alignright size-full wp-image-34025\" src=\"http:\/\/jackpotlotteryonline.com\/wp-content\/uploads\/2022\/11\/2_ticket_mega_millions3-1.jpg\" alt=\"buy mega millions ticket online\" width=\"180\" height=\"193\" \/>Hvis du er ny p\u00e5 siden, m\u00e5 du registrere deg ved \u00e5 fylle ut n\u00f8dvendig informasjon. Etter at kontoen din er opprettet, kan du g\u00e5 videre til Mega Millions lotterisiden og f\u00f8lge trinnene for \u00e5 kj\u00f8pe billettene:<\/p>\n<p>Velg tallene du vil spille. Du kan velge dem manuelt eller bruke en tilfeldig tallgenerator for \u00e5 velge dem for deg.<\/p>\n<p>Deretter velger du hvor mange trekninger du vil delta i. Du kan velge \u00e5 delta i \u00e9n trekning eller kj\u00f8pe billetter for flere trekninger. \u00c5 delta flere ganger \u00f8ker sjansene dine for \u00e5 vinne Mega Millions jackpot.<\/p>\n<p><strong>2. Klikk p\u00e5 &#8220;Fortsett&#8221; og g\u00e5 til betalingssiden<\/strong><\/p>\n<p><strong>3. Betalingsmetoder<\/strong><\/p>\n<p>G\u00e5 til betalingssiden og fullf\u00f8r betalingen. N\u00e5r betalingen er fullf\u00f8rt, vil et skannet eksemplar av Mega Millions billetten bli lastet opp til kontoen din.<\/p>\n<p>4. N\u00e5 er det bare \u00e5 vente p\u00e5 trekningen, som finner sted tirsdager og fredager kl. 23:00. V\u00e6r oppmerksom p\u00e5 at tidssoner kan variere, s\u00e5 s\u00f8rg for \u00e5 sjekke tidspunktet for trekningen. Vent p\u00e5 resultatene p\u00e5 <a href=\"https:\/\/jackpotlotteryonline.com\/winning-numbers\/mega-millions\">v\u00e5r nettside<\/a>.<\/p>\n<h2>Hva skjer etter at du vinner Mega Millions jackpot?<\/h2>\n<p>Hvis du matcher alle tallene, lurer du kanskje p\u00e5 hva du skal gj\u00f8re videre, eller hvordan du f\u00e5r ut pengene dine. Du vil motta din gevinst, og du trenger ikke \u00e5 dra til USA for \u00e5 hente premien. Skannede kopier av billetten din fungerer som bevis p\u00e5 deltakelse, s\u00e5 husk \u00e5 oppbevare den trygt. Du vil trenge den senere.<\/p>\n<section class=\"layout\" style=\"border: solid 1px; width: 100%;\">\n<div class=\"img-div\" style=\"margin-top: 5px;\"><img decoding=\"async\" class=\"wp-image-17212 alignleft\" style=\"height: 45px; margin: 8px 8px 0px;\" src=\"http:\/\/jackpotlotteryonline.com\/wp-content\/uploads\/2022\/11\/read1.jpg\" alt=\"rewarding the winner\" width=\"\" height=\"\" \/><\/div>\n<div style=\"padding-left: 5px;\">\n<div style=\"font-size: 1.1em;\">\n<p><strong>Hvordan f\u00e5r du betalt hvis du vinner lotteriet p\u00e5 nettet?<\/strong><\/p>\n<p style=\"font-size: 0.85em; margin-top: -1.5em;\">Les mer om hvordan du f\u00e5r betalt for \u00e5 vinne lotteriet p\u00e5 nettet. <a href=\"https:\/\/jackpotlotteryonline.com\/how-do-i-get-paid-if-i-win-the-lottery-online\">Les mer<\/a><\/p>\n<\/div>\n<\/div>\n<\/section>\n<h3>Tips for \u00e5 vinne Mega Millions jackpot<\/h3>\n<p><img loading=\"lazy\" decoding=\"async\" class=\"alignright wp-image-29858 size-medium\" src=\"http:\/\/jackpotlotteryonline.com\/wp-content\/uploads\/2022\/11\/1_win_euromillions_lottery-300x164.jpg\" alt=\"buy mega millions ticket online\" width=\"300\" height=\"164\" srcset=\"https:\/\/jackpotlotteryonline.com\/wp-content\/uploads\/2022\/11\/1_win_euromillions_lottery-300x164.jpg 300w, https:\/\/jackpotlotteryonline.com\/wp-content\/uploads\/2022\/11\/1_win_euromillions_lottery.jpg 350w\" sizes=\"auto, (max-width: 300px) 100vw, 300px\" \/><\/p>\n<p>Hvis du planlegger \u00e5 spille Mega Millions og vinne jackpotten, er det noen ting du b\u00f8r vurdere for \u00e5 \u00f8ke sjansene dine.<\/p>\n<p>F\u00f8rst og fremst, v\u00e6r n\u00f8ye med hvilke tall du velger. Ikke velg de mest popul\u00e6re tallene. Du kan bruke heldige tall eller velge dem tilfeldig for \u00e5 unng\u00e5 at andre deltakere har de samme tallene.<\/p>\n<p>Deretter kan du sammenligne tidligere trekkninger og se etter m\u00f8nstre i tallene. Unng\u00e5 \u00e5 velge tallene som nylig har blitt trukket.<\/p>\n<p>Studer m\u00f8nstrene fra de mest trukne tallene og merk dem. Deretter kan du spre noen av de mest popul\u00e6re tallene sammen med de du har valgt.<\/p>\n<p>Til slutt, en annen m\u00e5te \u00e5 spille p\u00e5 er gjennom et syndikat. Dette inneb\u00e6rer at flere mennesker g\u00e5r sammen for \u00e5 kj\u00f8pe billetter, og premiene deles mellom deltakerne. Dette \u00f8ker sjansene for \u00e5 vinne jackpotten.<\/p>\n<p>Ved \u00e5 bruke disse tipsene, kan du \u00f8ke sjansene dine for \u00e5 vinne Mega Millions. Hvem vet, kanskje du vinner jackpotten neste gang? Pr\u00f8v lykken i dag!<\/p>\n<h2>Konklusjon<\/h2>\n<p>Hvis du ikke bor i USA, er den beste m\u00e5ten \u00e5 vinne Mega Millions jackpotten p\u00e5 \u00e5 kj\u00f8pe billettene p\u00e5 nettet. Du kan delta p\u00e5 dette lotteriet uansett hvor du befinner deg i verden. Hva venter du p\u00e5? Kj\u00f8p billettene dine i dag og v\u00e6r med p\u00e5 \u00e5 vinne jackpotten.<\/p>\n<p>For mer informasjon om dette lotteriet, kan du bes\u00f8ke FAQ-siden v\u00e5r eller sende inn sp\u00f8rsm\u00e5let ditt. V\u00e5rt kundesupportteam vil gi deg all n\u00f8dvendig informasjon. I mellomtiden kan du ogs\u00e5 sjekke ut andre lotterier p\u00e5 nettsiden v\u00e5r og delta i dem for \u00e5 vinne!<\/p>\n<p>Kj\u00f8p Mega Millions billett p\u00e5 nettet<br \/>\nKj\u00f8p Mega Millions billett p\u00e5 nettet | Kj\u00f8p Mega Millions billett utenfor USA<br \/>\nHvis du bor utenfor USA, kan du fortsatt kj\u00f8pe Mega Millions billetter p\u00e5 nettet. Vi kj\u00f8per billetten p\u00e5 dine vegne og sender deg et skannet eksemplar.<\/p>\n","protected":false},"excerpt":{"rendered":"<p>Hvordan kj\u00f8pe Mega Millions billett p\u00e5 nettet? Hvis du leser dette, er du kanskje interessert i \u00e5 kj\u00f8pe en Mega Millions billett. Mega Millions er et av de mange lotteriene som tilbyr store premier. Du har kanskje lurt p\u00e5 &#8220;Hvordan kj\u00f8pe Mega Millions billett p\u00e5 nettet?&#8221; Ikke bekymre deg, vi har laget en guide som [&hellip;]<\/p>\n","protected":false},"author":7,"featured_media":0,"parent":73590,"menu_order":1,"comment_status":"closed","ping_status":"closed","template":"megamillion.php","meta":{"_et_pb_use_builder":"","_et_pb_old_content":"","_et_gb_content_width":"","exclude_from_search":false,"footnotes":""},"class_list":["post-73640","page","type-page","status-publish","hentry"],"yoast_head":"<!-- This site is optimized with the Yoast SEO plugin v23.3 - https:\/\/yoast.com\/wordpress\/plugins\/seo\/ -->\n<title>Kj\u00f8p Mega Millions billetter online | Billetter for Mega Millions fra utenfor USA<\/title>\n<meta name=\"description\" content=\"Hvis du bor utenfor USA, kan du fortsatt kj\u00f8pe Mega Millions billetter online, rett her. Vi kj\u00f8per ekte Mega Millions billetter for deg og skanner dem.\" \/>\n<meta name=\"robots\" content=\"index, follow, max-snippet:-1, max-image-preview:large, max-video-preview:-1\" \/>\n<link rel=\"canonical\" href=\"https:\/\/jackpotlotteryonline.com\/no\/hvordan-kjope-lotteribilletter-online\/kjop-mega-millions-billett\/\" \/>\n<meta property=\"og:locale\" content=\"nb_NO\" \/>\n<meta property=\"og:type\" content=\"article\" \/>\n<meta property=\"og:title\" content=\"Kj\u00f8p Mega Millions billetter online | Billetter for Mega Millions fra utenfor USA\" \/>\n<meta property=\"og:description\" content=\"Hvis du bor utenfor USA, kan du fortsatt kj\u00f8pe Mega Millions billetter online, rett her. Vi kj\u00f8per ekte Mega Millions billetter for deg og skanner dem.\" \/>\n<meta property=\"og:url\" content=\"https:\/\/jackpotlotteryonline.com\/no\/hvordan-kjope-lotteribilletter-online\/kjop-mega-millions-billett\/\" \/>\n<meta property=\"og:site_name\" content=\"Lotto Online - Crack The International Lottery Jackpots\" \/>\n<meta property=\"og:image\" content=\"http:\/\/jackpotlotteryonline.com\/wp-content\/uploads\/2022\/11\/logo_Mega_Millions_233x110.png\" \/>\n<meta name=\"twitter:card\" content=\"summary_large_image\" \/>\n<!-- \/ Yoast SEO plugin. -->","yoast_head_json":{"title":"Kj\u00f8p Mega Millions billetter online | Billetter for Mega Millions fra utenfor USA","description":"Hvis du bor utenfor USA, kan du fortsatt kj\u00f8pe Mega Millions billetter online, rett her. Vi kj\u00f8per ekte Mega Millions billetter for deg og skanner dem.","robots":{"index":"index","follow":"follow","max-snippet":"max-snippet:-1","max-image-preview":"max-image-preview:large","max-video-preview":"max-video-preview:-1"},"canonical":"https:\/\/jackpotlotteryonline.com\/no\/hvordan-kjope-lotteribilletter-online\/kjop-mega-millions-billett\/","og_locale":"nb_NO","og_type":"article","og_title":"Kj\u00f8p Mega Millions billetter online | Billetter for Mega Millions fra utenfor USA","og_description":"Hvis du bor utenfor USA, kan du fortsatt kj\u00f8pe Mega Millions billetter online, rett her. Vi kj\u00f8per ekte Mega Millions billetter for deg og skanner dem.","og_url":"https:\/\/jackpotlotteryonline.com\/no\/hvordan-kjope-lotteribilletter-online\/kjop-mega-millions-billett\/","og_site_name":"Lotto Online - Crack The International Lottery Jackpots","og_image":[{"url":"http:\/\/jackpotlotteryonline.com\/wp-content\/uploads\/2022\/11\/logo_Mega_Millions_233x110.png"}],"twitter_card":"summary_large_image","schema":{"@context":"https:\/\/schema.org","@graph":[{"@type":"WebPage","@id":"https:\/\/jackpotlotteryonline.com\/no\/hvordan-kjope-lotteribilletter-online\/kjop-mega-millions-billett\/","url":"https:\/\/jackpotlotteryonline.com\/no\/hvordan-kjope-lotteribilletter-online\/kjop-mega-millions-billett\/","name":"Kj\u00f8p Mega Millions billetter online | Billetter for Mega Millions fra utenfor USA","isPartOf":{"@id":"https:\/\/jackpotlotteryonline.com\/#website"},"primaryImageOfPage":{"@id":"https:\/\/jackpotlotteryonline.com\/no\/hvordan-kjope-lotteribilletter-online\/kjop-mega-millions-billett\/#primaryimage"},"image":{"@id":"https:\/\/jackpotlotteryonline.com\/no\/hvordan-kjope-lotteribilletter-online\/kjop-mega-millions-billett\/#primaryimage"},"thumbnailUrl":"http:\/\/jackpotlotteryonline.com\/wp-content\/uploads\/2022\/11\/logo_Mega_Millions_233x110.png","datePublished":"2025-02-04T11:15:42+00:00","dateModified":"2025-02-04T11:15:42+00:00","description":"Hvis du bor utenfor USA, kan du fortsatt kj\u00f8pe Mega Millions billetter online, rett her. Vi kj\u00f8per ekte Mega Millions billetter for deg og skanner dem.","breadcrumb":{"@id":"https:\/\/jackpotlotteryonline.com\/no\/hvordan-kjope-lotteribilletter-online\/kjop-mega-millions-billett\/#breadcrumb"},"inLanguage":"nb-NO","potentialAction":[{"@type":"ReadAction","target":["https:\/\/jackpotlotteryonline.com\/no\/hvordan-kjope-lotteribilletter-online\/kjop-mega-millions-billett\/"]}]},{"@type":"ImageObject","inLanguage":"nb-NO","@id":"https:\/\/jackpotlotteryonline.com\/no\/hvordan-kjope-lotteribilletter-online\/kjop-mega-millions-billett\/#primaryimage","url":"http:\/\/jackpotlotteryonline.com\/wp-content\/uploads\/2022\/11\/logo_Mega_Millions_233x110.png","contentUrl":"http:\/\/jackpotlotteryonline.com\/wp-content\/uploads\/2022\/11\/logo_Mega_Millions_233x110.png"},{"@type":"BreadcrumbList","@id":"https:\/\/jackpotlotteryonline.com\/no\/hvordan-kjope-lotteribilletter-online\/kjop-mega-millions-billett\/#breadcrumb","itemListElement":[{"@type":"ListItem","position":1,"name":"Home","item":"https:\/\/jackpotlotteryonline.com\/no\/"},{"@type":"ListItem","position":2,"name":"Hvordan kj\u00f8pe lotteribilletter online","item":"https:\/\/jackpotlotteryonline.com\/no\/hvordan-kjope-lotteribilletter-online\/"},{"@type":"ListItem","position":3,"name":"Kj\u00f8p Mega Millions billett"}]},{"@type":"WebSite","@id":"https:\/\/jackpotlotteryonline.com\/#website","url":"https:\/\/jackpotlotteryonline.com\/","name":"Lotto Online - Crack The International Lottery Jackpots","description":"","potentialAction":[{"@type":"SearchAction","target":{"@type":"EntryPoint","urlTemplate":"https:\/\/jackpotlotteryonline.com\/?s={search_term_string}"},"query-input":"required name=search_term_string"}],"inLanguage":"nb-NO"}]}},"_links":{"self":[{"href":"https:\/\/jackpotlotteryonline.com\/no\/wp-json\/wp\/v2\/pages\/73640","targetHints":{"allow":["GET"]}}],"collection":[{"href":"https:\/\/jackpotlotteryonline.com\/no\/wp-json\/wp\/v2\/pages"}],"about":[{"href":"https:\/\/jackpotlotteryonline.com\/no\/wp-json\/wp\/v2\/types\/page"}],"author":[{"embeddable":true,"href":"https:\/\/jackpotlotteryonline.com\/no\/wp-json\/wp\/v2\/users\/7"}],"replies":[{"embeddable":true,"href":"https:\/\/jackpotlotteryonline.com\/no\/wp-json\/wp\/v2\/comments?post=73640"}],"version-history":[{"count":0,"href":"https:\/\/jackpotlotteryonline.com\/no\/wp-json\/wp\/v2\/pages\/73640\/revisions"}],"up":[{"embeddable":true,"href":"https:\/\/jackpotlotteryonline.com\/no\/wp-json\/wp\/v2\/pages\/73590"}],"wp:attachment":[{"href":"https:\/\/jackpotlotteryonline.com\/no\/wp-json\/wp\/v2\/media?parent=73640"}],"curies":[{"name":"wp","href":"https:\/\/api.w.org\/{rel}","templated":true}]}}