{"id":73668,"date":"2025-02-04T13:26:29","date_gmt":"2025-02-04T13:26:29","guid":{"rendered":"https:\/\/jackpotlotteryonline.com\/?page_id=73668"},"modified":"2025-02-04T13:26:29","modified_gmt":"2025-02-04T13:26:29","slug":"amerikansk-powerball-lotteri","status":"publish","type":"page","link":"https:\/\/jackpotlotteryonline.com\/no\/hvordan-kjope-lotteribilletter-online\/amerikansk-powerball-lotteri\/","title":{"rendered":"Amerikansk Powerball-lotteri"},"content":{"rendered":"<p>Nesten alle land i verden har sitt eget lotteri, men f\u00e5 kan m\u00e5le seg med de gigantiske Powerball- og Mega Millions-lotteriene i USA. Jackpottene i USA har n\u00e5dd rekordh\u00f8ye summer, og i 2016 n\u00e5dde **Powerball-jackpotten 1,5 milliarder dollar**. Siden ingen andre lotterier i verden tilbyr slike gevinster, lurer mange lotterientusiaster p\u00e5:<br \/>\nKan jeg spille [Powerball online](https:\/\/jackpotlotteryonline.com\/play-online\/powerball) utenfor USA?&#8221;<\/p>\n<p>Svaret er JA! Selv om du ikke bor i USA, kan du spille Powerball. Vi lar deg trygt kj\u00f8pe billetter til dette og andre store internasjonale lotterier. Prosessen er enkel: Du velger tallene dine online, og v\u00e5re agenter i USA kj\u00f8per billetten p\u00e5 dine vegne. Denne billetten er din eiendom, noe som betyr at hvis du vinner, **har du rett til \u00e5 kreve premien din fra det offisielle lotteriet**.<\/p>\n<p>Det viktigste er at du f\u00e5r en ekte lotteribillett, uten risiko for svindel eller falske nettsider!<\/p>\n<p>Hvordan kj\u00f8pe lotteribilletter online<\/p>\n<p><img loading=\"lazy\" decoding=\"async\" class=\"alignright size-full wp-image-34943\" src=\"http:\/\/jackpotlotteryonline.com\/wp-content\/uploads\/2022\/11\/2_ticket_powerball3-1.jpg\" alt=\"powerball ticket\" width=\"180\" height=\"194\" \/><br \/>\nF\u00f8rst klikker du p\u00e5 banneren p\u00e5 v\u00e5r nettside og velger lotteriet du vil delta i. Nettsiden v\u00e5r er tilgjengelig p\u00e5 over 20 spr\u00e5k. De fleste spillere velger Powerball og Mega Millions, men vi tilbyr ogs\u00e5 andre internasjonale lotterier med store jackpotter.<\/p>\n<p>Deretter velger du tallene dine. Du f\u00e5r se hvor mange tall du m\u00e5 velge, og du kan ogs\u00e5 bruke **Quick Pick**-alternativet, som automatisk genererer tilfeldige tall.<\/p>\n<p>N\u00e5r du har valgt tallene dine, velger du **hvor mange billetter du vil kj\u00f8pe** og **hvor mange trekninger du vil delta i**. Hvis du kj\u00f8per billetter for flere uker, f\u00e5r du rabatt!<\/p>\n<p>Til slutt ser du den totale prisen du m\u00e5 betale. Du m\u00e5 opprette en brukerkonto og velge betalingsmetode. Vi st\u00f8tter betalinger med kredittkort, bankoverf\u00f8ring og kryptovalutaer (avhengig av landet ditt).<\/p>\n<p>Alle transaksjoner er sikret med de nyeste sikkerhetsprotokollene, s\u00e5 **du trenger ikke \u00e5 bekymre deg for svindel eller datatyveri**.<\/p>\n<p>Mange mennesker spiller kun lokale lotterier, men n\u00e5 kan du delta i de st\u00f8rste jackpottene i verden! Hva om den neste **Powerball**-million\u00e6ren er DEG? \ud83c\udf89<\/p>\n<p>Er det lovlig \u00e5 kj\u00f8pe lotteribilletter online?<\/p>\n<p>Hvis du lurer p\u00e5 om det er lovlig \u00e5 kj\u00f8pe billetter til internasjonale lotterier online, eller om du vil kunne kreve premien din hvis du vinner, kan du lese mer [her](https:\/\/jackpotlotteryonline.com\/is-it-legal-to-play-lotteries-from-other-countries-online).<\/p>\n<p>Amerikanske lotterier<\/p>\n<p>I USA er lotterier tilgjengelige i **43 stater, Washington D.C., Puerto Rico og De amerikanske Jomfru\u00f8yene**. Disse lotteriene er en del av **Lotto USA**, og de to mest popul\u00e6re er:<\/p>\n<p>Powerball<\/p>\n<p><img loading=\"lazy\" decoding=\"async\" class=\"alignright size-full wp-image-31721\" src=\"http:\/\/jackpotlotteryonline.com\/wp-content\/uploads\/2022\/11\/powerball_globe_logo.png\" alt=\"buy powerball online\" width=\"200\" height=\"212\" \/><br \/>\nPowerball er det st\u00f8rste og mest popul\u00e6re lotteriet i USA. Trekningene holdes i Universal Studios i Florida, og siden det ikke er noen bostedskrav for spillere, **kan du spille fra hvor som helst i verden**.<\/p>\n<p>Slik spiller du:<br \/>\n&#8211; Velg **5 tall** fra 1 til 59<br \/>\n&#8211; Velg **1 Powerball-tall** fra 1 til 39<br \/>\n&#8211; Du kan bruke Quick Pick-alternativet for tilfeldige tall<\/p>\n<p>Jackpottene n\u00e5r ofte flere hundre millioner dollar, og noen ganger **over 1 milliard dollar**!<\/p>\n<p>Mega Millions<\/p>\n<p>Mega Millions er et annet kjent amerikansk lotteri, med hovedkontor i Atlanta, Georgia. Dette lotteriet har ogs\u00e5 **ingen bostedskrav**, noe som betyr at du kan spille fra hvor som helst i verden.<\/p>\n<p>**Slik spiller du:**<br \/>\n&#8211; Velg **5 tall** fra 1 til 56<br \/>\n&#8211; Velg **1 Mega Ball-tall** fra 1 til 46<br \/>\n&#8211; Bruk Quick Pick-alternativet hvis du vil ha tilfeldige tall<\/p>\n<p>Mega Millions er kjent for sine enorme jackpotter, som ofte **overstiger 500 millioner dollar**!<\/p>\n<p>National Association of State and Provincial Lotteries (NASPL)<\/p>\n<p>Amerikanske lotterier er regulert av **National Association of State and Provincial Lotteries (NASPL)**. Dette organet representerer alle statlige lotterier i USA og Canada og sikrer sikkerhet, \u00e5penhet og rettferdighet i spillene.<\/p>\n<p>Hvordan kj\u00f8pe en Powerball-billett fra Norge<\/p>\n<p>Hvis du vil spille Powerball fra Norge, kan du kj\u00f8pe en billett online via v\u00e5r nettside.<br \/>\n[Klikk her for mer informasjon](https:\/\/jackpotlotteryonline.com\/play-online\/powerball).<\/p>\n<p>&nbsp;<\/p>\n","protected":false},"excerpt":{"rendered":"<p>Nesten alle land i verden har sitt eget lotteri, men f\u00e5 kan m\u00e5le seg med de gigantiske Powerball- og Mega Millions-lotteriene i USA. Jackpottene i USA har n\u00e5dd rekordh\u00f8ye summer, og i 2016 n\u00e5dde **Powerball-jackpotten 1,5 milliarder dollar**. Siden ingen andre lotterier i verden tilbyr slike gevinster, lurer mange lotterientusiaster p\u00e5: Kan jeg spille [Powerball [&hellip;]<\/p>\n","protected":false},"author":7,"featured_media":0,"parent":73590,"menu_order":1,"comment_status":"closed","ping_status":"closed","template":"powerball-usa-info.php","meta":{"_et_pb_use_builder":"","_et_pb_old_content":"","_et_gb_content_width":"","exclude_from_search":false,"footnotes":""},"class_list":["post-73668","page","type-page","status-publish","hentry"],"yoast_head":"<!-- This site is optimized with the Yoast SEO plugin v23.3 - https:\/\/yoast.com\/wordpress\/plugins\/seo\/ -->\n<title>Kj\u00f8p Powerball-billetter online fra et hvilket som helst annet land utenfor USA<\/title>\n<meta name=\"description\" content=\"Finn ut hvordan innbyggere i andre land kan spille om de enorme Powerball-jackpotene online \u2013 du kan v\u00e6re utenfor USA og likevel spille.\" \/>\n<meta name=\"robots\" content=\"index, follow, max-snippet:-1, max-image-preview:large, max-video-preview:-1\" \/>\n<link rel=\"canonical\" href=\"https:\/\/jackpotlotteryonline.com\/no\/hvordan-kjope-lotteribilletter-online\/amerikansk-powerball-lotteri\/\" \/>\n<meta property=\"og:locale\" content=\"nb_NO\" \/>\n<meta property=\"og:type\" content=\"article\" \/>\n<meta property=\"og:title\" content=\"Kj\u00f8p Powerball-billetter online fra et hvilket som helst annet land utenfor USA\" \/>\n<meta property=\"og:description\" content=\"Finn ut hvordan innbyggere i andre land kan spille om de enorme Powerball-jackpotene online \u2013 du kan v\u00e6re utenfor USA og likevel spille.\" \/>\n<meta property=\"og:url\" content=\"https:\/\/jackpotlotteryonline.com\/no\/hvordan-kjope-lotteribilletter-online\/amerikansk-powerball-lotteri\/\" \/>\n<meta property=\"og:site_name\" content=\"Lotto Online - Crack The International Lottery Jackpots\" \/>\n<meta property=\"og:image\" content=\"http:\/\/jackpotlotteryonline.com\/wp-content\/uploads\/2022\/11\/2_ticket_powerball3-1.jpg\" \/>\n<meta name=\"twitter:card\" content=\"summary_large_image\" \/>\n<meta name=\"twitter:label1\" content=\"Ansl. lesetid\" \/>\n\t<meta name=\"twitter:data1\" content=\"4 minutter\" \/>\n<!-- \/ Yoast SEO plugin. -->","yoast_head_json":{"title":"Kj\u00f8p Powerball-billetter online fra et hvilket som helst annet land utenfor USA","description":"Finn ut hvordan innbyggere i andre land kan spille om de enorme Powerball-jackpotene online \u2013 du kan v\u00e6re utenfor USA og likevel spille.","robots":{"index":"index","follow":"follow","max-snippet":"max-snippet:-1","max-image-preview":"max-image-preview:large","max-video-preview":"max-video-preview:-1"},"canonical":"https:\/\/jackpotlotteryonline.com\/no\/hvordan-kjope-lotteribilletter-online\/amerikansk-powerball-lotteri\/","og_locale":"nb_NO","og_type":"article","og_title":"Kj\u00f8p Powerball-billetter online fra et hvilket som helst annet land utenfor USA","og_description":"Finn ut hvordan innbyggere i andre land kan spille om de enorme Powerball-jackpotene online \u2013 du kan v\u00e6re utenfor USA og likevel spille.","og_url":"https:\/\/jackpotlotteryonline.com\/no\/hvordan-kjope-lotteribilletter-online\/amerikansk-powerball-lotteri\/","og_site_name":"Lotto Online - Crack The International Lottery Jackpots","og_image":[{"url":"http:\/\/jackpotlotteryonline.com\/wp-content\/uploads\/2022\/11\/2_ticket_powerball3-1.jpg"}],"twitter_card":"summary_large_image","twitter_misc":{"Ansl. lesetid":"4 minutter"},"schema":{"@context":"https:\/\/schema.org","@graph":[{"@type":"WebPage","@id":"https:\/\/jackpotlotteryonline.com\/no\/hvordan-kjope-lotteribilletter-online\/amerikansk-powerball-lotteri\/","url":"https:\/\/jackpotlotteryonline.com\/no\/hvordan-kjope-lotteribilletter-online\/amerikansk-powerball-lotteri\/","name":"Kj\u00f8p Powerball-billetter online fra et hvilket som helst annet land utenfor USA","isPartOf":{"@id":"https:\/\/jackpotlotteryonline.com\/#website"},"primaryImageOfPage":{"@id":"https:\/\/jackpotlotteryonline.com\/no\/hvordan-kjope-lotteribilletter-online\/amerikansk-powerball-lotteri\/#primaryimage"},"image":{"@id":"https:\/\/jackpotlotteryonline.com\/no\/hvordan-kjope-lotteribilletter-online\/amerikansk-powerball-lotteri\/#primaryimage"},"thumbnailUrl":"http:\/\/jackpotlotteryonline.com\/wp-content\/uploads\/2022\/11\/2_ticket_powerball3-1.jpg","datePublished":"2025-02-04T13:26:29+00:00","dateModified":"2025-02-04T13:26:29+00:00","description":"Finn ut hvordan innbyggere i andre land kan spille om de enorme Powerball-jackpotene online \u2013 du kan v\u00e6re utenfor USA og likevel spille.","breadcrumb":{"@id":"https:\/\/jackpotlotteryonline.com\/no\/hvordan-kjope-lotteribilletter-online\/amerikansk-powerball-lotteri\/#breadcrumb"},"inLanguage":"nb-NO","potentialAction":[{"@type":"ReadAction","target":["https:\/\/jackpotlotteryonline.com\/no\/hvordan-kjope-lotteribilletter-online\/amerikansk-powerball-lotteri\/"]}]},{"@type":"ImageObject","inLanguage":"nb-NO","@id":"https:\/\/jackpotlotteryonline.com\/no\/hvordan-kjope-lotteribilletter-online\/amerikansk-powerball-lotteri\/#primaryimage","url":"http:\/\/jackpotlotteryonline.com\/wp-content\/uploads\/2022\/11\/2_ticket_powerball3-1.jpg","contentUrl":"http:\/\/jackpotlotteryonline.com\/wp-content\/uploads\/2022\/11\/2_ticket_powerball3-1.jpg"},{"@type":"BreadcrumbList","@id":"https:\/\/jackpotlotteryonline.com\/no\/hvordan-kjope-lotteribilletter-online\/amerikansk-powerball-lotteri\/#breadcrumb","itemListElement":[{"@type":"ListItem","position":1,"name":"Home","item":"https:\/\/jackpotlotteryonline.com\/no\/"},{"@type":"ListItem","position":2,"name":"Hvordan kj\u00f8pe lotteribilletter online","item":"https:\/\/jackpotlotteryonline.com\/no\/hvordan-kjope-lotteribilletter-online\/"},{"@type":"ListItem","position":3,"name":"Amerikansk Powerball-lotteri"}]},{"@type":"WebSite","@id":"https:\/\/jackpotlotteryonline.com\/#website","url":"https:\/\/jackpotlotteryonline.com\/","name":"Lotto Online - Crack The International Lottery Jackpots","description":"","potentialAction":[{"@type":"SearchAction","target":{"@type":"EntryPoint","urlTemplate":"https:\/\/jackpotlotteryonline.com\/?s={search_term_string}"},"query-input":"required name=search_term_string"}],"inLanguage":"nb-NO"}]}},"_links":{"self":[{"href":"https:\/\/jackpotlotteryonline.com\/no\/wp-json\/wp\/v2\/pages\/73668","targetHints":{"allow":["GET"]}}],"collection":[{"href":"https:\/\/jackpotlotteryonline.com\/no\/wp-json\/wp\/v2\/pages"}],"about":[{"href":"https:\/\/jackpotlotteryonline.com\/no\/wp-json\/wp\/v2\/types\/page"}],"author":[{"embeddable":true,"href":"https:\/\/jackpotlotteryonline.com\/no\/wp-json\/wp\/v2\/users\/7"}],"replies":[{"embeddable":true,"href":"https:\/\/jackpotlotteryonline.com\/no\/wp-json\/wp\/v2\/comments?post=73668"}],"version-history":[{"count":0,"href":"https:\/\/jackpotlotteryonline.com\/no\/wp-json\/wp\/v2\/pages\/73668\/revisions"}],"up":[{"embeddable":true,"href":"https:\/\/jackpotlotteryonline.com\/no\/wp-json\/wp\/v2\/pages\/73590"}],"wp:attachment":[{"href":"https:\/\/jackpotlotteryonline.com\/no\/wp-json\/wp\/v2\/media?parent=73668"}],"curies":[{"name":"wp","href":"https:\/\/api.w.org\/{rel}","templated":true}]}}