{"id":73697,"date":"2025-02-04T15:15:08","date_gmt":"2025-02-04T15:15:08","guid":{"rendered":"https:\/\/jackpotlotteryonline.com\/?page_id=73697"},"modified":"2025-02-04T15:15:08","modified_gmt":"2025-02-04T15:15:08","slug":"euromillions-europas-storste-lotteri","status":"publish","type":"page","link":"https:\/\/jackpotlotteryonline.com\/no\/hvordan-kjope-lotteribilletter-online\/euromillions-europas-storste-lotteri\/","title":{"rendered":"EuroMillions \u2013 Europas st\u00f8rste lotteri"},"content":{"rendered":"<p><img loading=\"lazy\" decoding=\"async\" class=\"alignright wp-image-17411 size-full\" src=\"http:\/\/jackpotlotteryonline.com\/wp-content\/uploads\/2022\/10\/euromillions.png\" alt=\"kj\u00f8p EuroMillions online\" width=\"200\" height=\"212\" \/> **EuroMillions** er et lotteri som arrangeres i flere europeiske land. Det ble designet for \u00e5 tilby mye st\u00f8rre jackpotter enn de nasjonale lotteriene i hvert land. Dette ble oppn\u00e5dd ved \u00e5 senke vinnersjansene og \u00f8ke antall mulige tallkombinasjoner. P\u00e5 grunn av dette tar det ofte lengre tid f\u00f8r jackpotten blir vunnet, og med en startjackpot p\u00e5 10 millioner euro, n\u00e5r premiene ofte over 100 millioner euro.<br \/>\nHvorfor trenger du en online billettjeneste?<br \/>\nHvis du bor i et av landene som deltar i EuroMillions, trenger du ikke v\u00e5r tjeneste. Men hvis du bor utenfor disse landene, er den eneste m\u00e5ten \u00e5 kj\u00f8pe en EuroMillions-billett p\u00e5 via internett.<br \/>\nKlikk p\u00e5 EuroMillions-banneret og bestill billettene dine, s\u00e5 er du garantert deltakelse. Vi kj\u00f8per faktisk fysiske EuroMillions-billetter via en offisiell billettforhandler i Europa.<\/p>\n<section class=\"layout\" style=\"border: solid 1px; width: 100%;\">\n<div class=\"img-div\" style=\"margin-top: 5px;\"><img decoding=\"async\" class=\"wp-image-17212 alignleft\" style=\"height: 45px; margin: 8px 8px 0px;\" src=\"http:\/\/jackpotlotteryonline.com\/wp-content\/uploads\/2022\/11\/read1.jpg\" alt=\"spill EuroMillions\" width=\"\" height=\"\" \/><\/div>\n<div style=\"padding-left: 5px;\">\n<div style=\"font-size: 1.1em;\">\nHvilket lotteri har de beste vinnersjansene?<\/p>\n<p style=\"font-size: 0.85em; margin-top: -1.5em;\">Hvilket lotteri gir deg de beste vinnersjansene? <a href=\"https:\/\/jackpotlotteryonline.com\/which-lottery-has-the-best-winning-chances\">Les mer her<\/a><\/p>\n<\/p><\/div>\n<\/p><\/div>\n<\/section>\n<p>Om EuroMillions<br \/>\n<a href=\"https:\/\/jackpotlotteryonline.com\/winning-numbers\/euromillions\">Dette lotteriet har to ukentlige trekninger<\/a> \u2013 p\u00e5 tirsdager og fredager. Det ligner p\u00e5 EuroJackpot, men har ingen jackpotgrense, og du m\u00e5 velge to tilleggstall mellom 1 og 12. Det finnes totalt 13 premiekategorier.<\/p>\n<p>Internasjonal lottotjeneste for billettkj\u00f8p<br \/>\n<img loading=\"lazy\" decoding=\"async\" class=\"alignright size-full wp-image-33431\" src=\"http:\/\/jackpotlotteryonline.com\/wp-content\/uploads\/2022\/11\/2_ticket_euromillions-112x300-1.jpg\" alt=\"EuroMillions-billett\" width=\"112\" height=\"300\" \/> Vi tilbyr ikke bare billetter til EuroMillions og EuroJackpot, men til mer enn 20 forskjellige lotterier. Selv om de st\u00f8rste jackpottene er mest fristende, kan mindre lotterier ogs\u00e5 v\u00e6re verdt \u00e5 vurdere. Disse kan gi bedre vinnersjanser eller ha lavere billettpriser.<br \/>\nDu trenger heller ikke bekymre deg for betaling eller datasikkerhet. Vi bruker sv\u00e6rt sikre betalingsprotokoller og aksepterer kredittkort, kryptovalutaer, bankoverf\u00f8ringer og flere andre betalingsmetoder.<\/p>\n","protected":false},"excerpt":{"rendered":"<p>**EuroMillions** er et lotteri som arrangeres i flere europeiske land. Det ble designet for \u00e5 tilby mye st\u00f8rre jackpotter enn de nasjonale lotteriene i hvert land. Dette ble oppn\u00e5dd ved \u00e5 senke vinnersjansene og \u00f8ke antall mulige tallkombinasjoner. P\u00e5 grunn av dette tar det ofte lengre tid f\u00f8r jackpotten blir vunnet, og med en startjackpot [&hellip;]<\/p>\n","protected":false},"author":7,"featured_media":0,"parent":73590,"menu_order":3,"comment_status":"closed","ping_status":"closed","template":"euromillions-info.php","meta":{"_et_pb_use_builder":"","_et_pb_old_content":"","_et_gb_content_width":"","exclude_from_search":false,"footnotes":""},"class_list":["post-73697","page","type-page","status-publish","hentry"],"yoast_head":"<!-- This site is optimized with the Yoast SEO plugin v23.3 - https:\/\/yoast.com\/wordpress\/plugins\/seo\/ -->\n<title>Kj\u00f8p en billett til EuroMillions fra utenfor Europa<\/title>\n<meta name=\"description\" content=\"Hvordan delta i EuroMillions online fra utenfor Europa \u2013 kj\u00f8p enkelt din billett online p\u00e5 v\u00e5r nettside.\" \/>\n<meta name=\"robots\" content=\"index, follow, max-snippet:-1, max-image-preview:large, max-video-preview:-1\" \/>\n<link rel=\"canonical\" href=\"https:\/\/jackpotlotteryonline.com\/no\/hvordan-kjope-lotteribilletter-online\/euromillions-europas-storste-lotteri\/\" \/>\n<meta property=\"og:locale\" content=\"nb_NO\" \/>\n<meta property=\"og:type\" content=\"article\" \/>\n<meta property=\"og:title\" content=\"Kj\u00f8p en billett til EuroMillions fra utenfor Europa\" \/>\n<meta property=\"og:description\" content=\"Hvordan delta i EuroMillions online fra utenfor Europa \u2013 kj\u00f8p enkelt din billett online p\u00e5 v\u00e5r nettside.\" \/>\n<meta property=\"og:url\" content=\"https:\/\/jackpotlotteryonline.com\/no\/hvordan-kjope-lotteribilletter-online\/euromillions-europas-storste-lotteri\/\" \/>\n<meta property=\"og:site_name\" content=\"Lotto Online - Crack The International Lottery Jackpots\" \/>\n<meta property=\"og:image\" content=\"http:\/\/jackpotlotteryonline.com\/wp-content\/uploads\/2022\/10\/euromillions.png\" \/>\n<meta name=\"twitter:card\" content=\"summary_large_image\" \/>\n<!-- \/ Yoast SEO plugin. -->","yoast_head_json":{"title":"Kj\u00f8p en billett til EuroMillions fra utenfor Europa","description":"Hvordan delta i EuroMillions online fra utenfor Europa \u2013 kj\u00f8p enkelt din billett online p\u00e5 v\u00e5r nettside.","robots":{"index":"index","follow":"follow","max-snippet":"max-snippet:-1","max-image-preview":"max-image-preview:large","max-video-preview":"max-video-preview:-1"},"canonical":"https:\/\/jackpotlotteryonline.com\/no\/hvordan-kjope-lotteribilletter-online\/euromillions-europas-storste-lotteri\/","og_locale":"nb_NO","og_type":"article","og_title":"Kj\u00f8p en billett til EuroMillions fra utenfor Europa","og_description":"Hvordan delta i EuroMillions online fra utenfor Europa \u2013 kj\u00f8p enkelt din billett online p\u00e5 v\u00e5r nettside.","og_url":"https:\/\/jackpotlotteryonline.com\/no\/hvordan-kjope-lotteribilletter-online\/euromillions-europas-storste-lotteri\/","og_site_name":"Lotto Online - Crack The International Lottery Jackpots","og_image":[{"url":"http:\/\/jackpotlotteryonline.com\/wp-content\/uploads\/2022\/10\/euromillions.png"}],"twitter_card":"summary_large_image","schema":{"@context":"https:\/\/schema.org","@graph":[{"@type":"WebPage","@id":"https:\/\/jackpotlotteryonline.com\/no\/hvordan-kjope-lotteribilletter-online\/euromillions-europas-storste-lotteri\/","url":"https:\/\/jackpotlotteryonline.com\/no\/hvordan-kjope-lotteribilletter-online\/euromillions-europas-storste-lotteri\/","name":"Kj\u00f8p en billett til EuroMillions fra utenfor Europa","isPartOf":{"@id":"https:\/\/jackpotlotteryonline.com\/#website"},"primaryImageOfPage":{"@id":"https:\/\/jackpotlotteryonline.com\/no\/hvordan-kjope-lotteribilletter-online\/euromillions-europas-storste-lotteri\/#primaryimage"},"image":{"@id":"https:\/\/jackpotlotteryonline.com\/no\/hvordan-kjope-lotteribilletter-online\/euromillions-europas-storste-lotteri\/#primaryimage"},"thumbnailUrl":"http:\/\/jackpotlotteryonline.com\/wp-content\/uploads\/2022\/10\/euromillions.png","datePublished":"2025-02-04T15:15:08+00:00","dateModified":"2025-02-04T15:15:08+00:00","description":"Hvordan delta i EuroMillions online fra utenfor Europa \u2013 kj\u00f8p enkelt din billett online p\u00e5 v\u00e5r nettside.","breadcrumb":{"@id":"https:\/\/jackpotlotteryonline.com\/no\/hvordan-kjope-lotteribilletter-online\/euromillions-europas-storste-lotteri\/#breadcrumb"},"inLanguage":"nb-NO","potentialAction":[{"@type":"ReadAction","target":["https:\/\/jackpotlotteryonline.com\/no\/hvordan-kjope-lotteribilletter-online\/euromillions-europas-storste-lotteri\/"]}]},{"@type":"ImageObject","inLanguage":"nb-NO","@id":"https:\/\/jackpotlotteryonline.com\/no\/hvordan-kjope-lotteribilletter-online\/euromillions-europas-storste-lotteri\/#primaryimage","url":"http:\/\/jackpotlotteryonline.com\/wp-content\/uploads\/2022\/10\/euromillions.png","contentUrl":"http:\/\/jackpotlotteryonline.com\/wp-content\/uploads\/2022\/10\/euromillions.png"},{"@type":"BreadcrumbList","@id":"https:\/\/jackpotlotteryonline.com\/no\/hvordan-kjope-lotteribilletter-online\/euromillions-europas-storste-lotteri\/#breadcrumb","itemListElement":[{"@type":"ListItem","position":1,"name":"Home","item":"https:\/\/jackpotlotteryonline.com\/no\/"},{"@type":"ListItem","position":2,"name":"Hvordan kj\u00f8pe lotteribilletter online","item":"https:\/\/jackpotlotteryonline.com\/no\/hvordan-kjope-lotteribilletter-online\/"},{"@type":"ListItem","position":3,"name":"EuroMillions \u2013 Europas st\u00f8rste lotteri"}]},{"@type":"WebSite","@id":"https:\/\/jackpotlotteryonline.com\/#website","url":"https:\/\/jackpotlotteryonline.com\/","name":"Lotto Online - Crack The International Lottery Jackpots","description":"","potentialAction":[{"@type":"SearchAction","target":{"@type":"EntryPoint","urlTemplate":"https:\/\/jackpotlotteryonline.com\/?s={search_term_string}"},"query-input":"required name=search_term_string"}],"inLanguage":"nb-NO"}]}},"_links":{"self":[{"href":"https:\/\/jackpotlotteryonline.com\/no\/wp-json\/wp\/v2\/pages\/73697","targetHints":{"allow":["GET"]}}],"collection":[{"href":"https:\/\/jackpotlotteryonline.com\/no\/wp-json\/wp\/v2\/pages"}],"about":[{"href":"https:\/\/jackpotlotteryonline.com\/no\/wp-json\/wp\/v2\/types\/page"}],"author":[{"embeddable":true,"href":"https:\/\/jackpotlotteryonline.com\/no\/wp-json\/wp\/v2\/users\/7"}],"replies":[{"embeddable":true,"href":"https:\/\/jackpotlotteryonline.com\/no\/wp-json\/wp\/v2\/comments?post=73697"}],"version-history":[{"count":0,"href":"https:\/\/jackpotlotteryonline.com\/no\/wp-json\/wp\/v2\/pages\/73697\/revisions"}],"up":[{"embeddable":true,"href":"https:\/\/jackpotlotteryonline.com\/no\/wp-json\/wp\/v2\/pages\/73590"}],"wp:attachment":[{"href":"https:\/\/jackpotlotteryonline.com\/no\/wp-json\/wp\/v2\/media?parent=73697"}],"curies":[{"name":"wp","href":"https:\/\/api.w.org\/{rel}","templated":true}]}}