{"id":73719,"date":"2025-02-04T16:44:57","date_gmt":"2025-02-04T16:44:57","guid":{"rendered":"https:\/\/jackpotlotteryonline.com\/?page_id=73719"},"modified":"2025-02-04T16:44:57","modified_gmt":"2025-02-04T16:44:57","slug":"kjop-eurojackpot-billetter-fra-hvor-som-helst","status":"publish","type":"page","link":"https:\/\/jackpotlotteryonline.com\/no\/hvordan-kjope-lotteribilletter-online\/kjop-eurojackpot-billetter-fra-hvor-som-helst\/","title":{"rendered":"Kj\u00f8p Eurojackpot billetter fra hvor som helst"},"content":{"rendered":"<p>Om Eurojackpot<br \/>\nEurojackpot har en spennende funksjon du b\u00f8r vite om: N\u00e5r jackpoten n\u00e5r 90 millioner euro, er det et tak p\u00e5 hvor mye du kan vinne. Dette betyr at alle ekstra midler fra billettsalg som overstiger dette bel\u00f8pet blir lagt til andre premiepotter, og dermed gj\u00f8r premiebel\u00f8pet for andre premiegrupper betydelig h\u00f8yere. Dette betyr at premien i andre gruppe er 10 ganger mer sannsynlig \u00e5 bli vunnet sammenlignet med hovedpremien, s\u00e5 det er alltid en god strategi \u00e5 fokusere p\u00e5 Eurojackpot n\u00e5r jackpoten n\u00e5r 90 millioner euro.<\/p>\n<p>Eurojackpot har to ukentlige trekninger, p\u00e5 tirsdager og fredager. Velg 5 tall fra 50, pluss to tilleggstall fra 1 til 10, og du vil ha en sjanse til \u00e5 vinne en premie i totalt 12 kategorier.<\/p>\n<p>Hvordan kj\u00f8pe billetter til Eurojackpot<br \/>\nEurojackpot er et europeisk lotteri, og billettene selges hovedsakelig i deltakerlandene. Lotteriet best\u00e5r av 18 land, og alle som bor i disse landene kan delta. Eurojackpot-landene er: Kroatia, Danmark, Estland, Finland, Tyskland, Island, Italia, Latvia, Litauen, Nederland, Norge, Slovenia, Spania og Sverige.<\/p>\n<p>Selv om Eurojackpot har 18 medlemsland, selges billetter noen ganger ogs\u00e5 i andre europeiske land. Innbyggere i disse landene kan kj\u00f8pe billetter direkte fra lokale lotteriforhandlere. Dette gjelder derimot ikke for spillere utenfor Europa som \u00f8nsker \u00e5 delta.<\/p>\n<p>Hva du b\u00f8r gj\u00f8re hvis du bor utenfor Europa<br \/>\nHvis du bor utenfor Europa og \u00f8nsker \u00e5 spille Eurojackpot, er det beste alternativet \u00e5 kj\u00f8pe billetter p\u00e5 nett. Du kan gj\u00f8re dette via en nettside eller mobil enhet. Finn bare en legitim lotteriside, kj\u00f8p billetten og vent p\u00e5 trekningen.<\/p>\n<p>Eurojackpot billetter selges p\u00e5 mange nettsider, men det er viktig \u00e5 velge en p\u00e5litelig leverand\u00f8r. Internett gir deg tilgang til mange internasjonale lotterier, ikke bare Eurojackpot. Men v\u00e6r sikker p\u00e5 at du faktisk deltar i trekningen og ikke bare setter innsatser p\u00e5 resultatet, da det er en forskjell mellom de to.<\/p>\n<p>Hvor du kan kj\u00f8pe billetter til Eurojackpot<br \/>\nN\u00e5r du leter etter en Eurojackpot-selger p\u00e5 nettet, kj\u00f8p ikke billetten med en gang \u2013 f\u00f8rst s\u00f8rg for at du bruker en concierge-tjeneste. Disse tjenestene lar spillere kj\u00f8pe billetter for store internasjonale lotterier som Eurojackpot.<\/p>\n<p>Den beste m\u00e5ten \u00e5 forsikre seg om at du faktisk deltar i trekningen er \u00e5 kj\u00f8pe billett via jackpotlotteryonline.com. V\u00e5re agenter kj\u00f8per fysiske billetter med de tallene du velger, s\u00e5 du er en ekte del av lotteriet. Hvis tallene dine blir trukket, vinner du premien! I tillegg tar vi oss av utbetalingsprosessen, s\u00e5 alt du trenger \u00e5 gj\u00f8re er \u00e5 hente gevinstene dine.<\/p>\n<p>Fordeler ved \u00e5 registrere deg p\u00e5 jackpotlotteryonline.com<br \/>\nJackpotlotteryonline.com er en p\u00e5litelig tjeneste for \u00e5 kj\u00f8pe billetter til internasjonale lotterier. N\u00e5r du registrerer deg hos oss, f\u00e5r du:<\/p>\n<p>Tilgang til mer enn tjue internasjonale lotterier, inkludert Eurojackpot<br \/>\nEn enkel m\u00e5te \u00e5 spille p\u00e5<br \/>\nMulighet for \u00e5 delta i flere trekninger samtidig<br \/>\nSpor billettene dine og gevinstene dine<br \/>\nAutomatisk varsling n\u00e5r du vinner en premie<br \/>\nEn enkel prosess for \u00e5 hente ut gevinstene dine<br \/>\nM\u00e5let v\u00e5rt er \u00e5 gj\u00f8re lotterispillopplevelsen enkel og morsom.<\/p>\n<p>Hvordan spille Eurojackpot \u2013 Trinn for trinn<br \/>\nTrinn 1: Bes\u00f8k jackpotlotteryonline.com og velg Eurojackpot-lotteriet.<\/p>\n<p>Trinn 2: Velg 5 hovedtall og 2 tilleggstall. Hvis du ikke vet hvilke tall du skal velge, kan du bruke alternativet &#8220;Quick Pick All&#8221; for raskt \u00e5 generere tallene.<\/p>\n<p>Trinn 3: Velg om du vil kj\u00f8pe \u00e9n billett eller flere billetter for flere trekninger. \u00c5 kj\u00f8pe flere billetter gir deg bedre sjanser til \u00e5 vinne.<\/p>\n<p>Trinn 4: G\u00e5 til betalingssiden og registrer deg. Registreringen gir deg muligheten til:<\/p>\n<p>\u00c5 f\u00e5 tilgang til billetten din og be om utbetaling hvis du vinner en premie<br \/>\n\u00c5 motta varsler hvis du vinner<br \/>\n\u00c5 enkelt hente ut gevinstene dine<br \/>\nDet er alt! Deltakelse i Eurojackpot er enkelt og trygt, uansett hvor du befinner deg.<\/p>\n<p>Kj\u00f8p Eurojackpot billetter utenfor Europa<br \/>\nHvis du bor utenfor Europa, kan du n\u00e5 kj\u00f8pe Eurojackpot billetter p\u00e5 nett. Lotteriene er spennende \u2013 du vet aldri n\u00e5r du blir den neste million\u00e6ren!<\/p>\n","protected":false},"excerpt":{"rendered":"<p>Om Eurojackpot Eurojackpot har en spennende funksjon du b\u00f8r vite om: N\u00e5r jackpoten n\u00e5r 90 millioner euro, er det et tak p\u00e5 hvor mye du kan vinne. Dette betyr at alle ekstra midler fra billettsalg som overstiger dette bel\u00f8pet blir lagt til andre premiepotter, og dermed gj\u00f8r premiebel\u00f8pet for andre premiegrupper betydelig h\u00f8yere. Dette betyr [&hellip;]<\/p>\n","protected":false},"author":7,"featured_media":0,"parent":73590,"menu_order":4,"comment_status":"closed","ping_status":"closed","template":"eurojackpot-info.php","meta":{"_et_pb_use_builder":"","_et_pb_old_content":"","_et_gb_content_width":"","exclude_from_search":false,"footnotes":""},"class_list":["post-73719","page","type-page","status-publish","hentry"],"yoast_head":"<!-- This site is optimized with the Yoast SEO plugin v23.3 - https:\/\/yoast.com\/wordpress\/plugins\/seo\/ -->\n<title>Kj\u00f8p EuroJackpot-billetter fra utenfor Europa | F\u00e5 billetter online<\/title>\n<meta name=\"description\" content=\"I noen europeiske land kan du kj\u00f8pe EuroJackpot-billetter i butikken. Men her kan du f\u00e5 billetter selv fra utenfor Europa.\" \/>\n<meta name=\"robots\" content=\"index, follow, max-snippet:-1, max-image-preview:large, max-video-preview:-1\" \/>\n<link rel=\"canonical\" href=\"https:\/\/jackpotlotteryonline.com\/no\/hvordan-kjope-lotteribilletter-online\/kjop-eurojackpot-billetter-fra-hvor-som-helst\/\" \/>\n<meta property=\"og:locale\" content=\"nb_NO\" \/>\n<meta property=\"og:type\" content=\"article\" \/>\n<meta property=\"og:title\" content=\"Kj\u00f8p EuroJackpot-billetter fra utenfor Europa | F\u00e5 billetter online\" \/>\n<meta property=\"og:description\" content=\"I noen europeiske land kan du kj\u00f8pe EuroJackpot-billetter i butikken. Men her kan du f\u00e5 billetter selv fra utenfor Europa.\" \/>\n<meta property=\"og:url\" content=\"https:\/\/jackpotlotteryonline.com\/no\/hvordan-kjope-lotteribilletter-online\/kjop-eurojackpot-billetter-fra-hvor-som-helst\/\" \/>\n<meta property=\"og:site_name\" content=\"Lotto Online - Crack The International Lottery Jackpots\" \/>\n<meta name=\"twitter:card\" content=\"summary_large_image\" \/>\n<!-- \/ Yoast SEO plugin. -->","yoast_head_json":{"title":"Kj\u00f8p EuroJackpot-billetter fra utenfor Europa | F\u00e5 billetter online","description":"I noen europeiske land kan du kj\u00f8pe EuroJackpot-billetter i butikken. Men her kan du f\u00e5 billetter selv fra utenfor Europa.","robots":{"index":"index","follow":"follow","max-snippet":"max-snippet:-1","max-image-preview":"max-image-preview:large","max-video-preview":"max-video-preview:-1"},"canonical":"https:\/\/jackpotlotteryonline.com\/no\/hvordan-kjope-lotteribilletter-online\/kjop-eurojackpot-billetter-fra-hvor-som-helst\/","og_locale":"nb_NO","og_type":"article","og_title":"Kj\u00f8p EuroJackpot-billetter fra utenfor Europa | F\u00e5 billetter online","og_description":"I noen europeiske land kan du kj\u00f8pe EuroJackpot-billetter i butikken. Men her kan du f\u00e5 billetter selv fra utenfor Europa.","og_url":"https:\/\/jackpotlotteryonline.com\/no\/hvordan-kjope-lotteribilletter-online\/kjop-eurojackpot-billetter-fra-hvor-som-helst\/","og_site_name":"Lotto Online - Crack The International Lottery Jackpots","twitter_card":"summary_large_image","schema":{"@context":"https:\/\/schema.org","@graph":[{"@type":"WebPage","@id":"https:\/\/jackpotlotteryonline.com\/no\/hvordan-kjope-lotteribilletter-online\/kjop-eurojackpot-billetter-fra-hvor-som-helst\/","url":"https:\/\/jackpotlotteryonline.com\/no\/hvordan-kjope-lotteribilletter-online\/kjop-eurojackpot-billetter-fra-hvor-som-helst\/","name":"Kj\u00f8p EuroJackpot-billetter fra utenfor Europa | F\u00e5 billetter online","isPartOf":{"@id":"https:\/\/jackpotlotteryonline.com\/#website"},"datePublished":"2025-02-04T16:44:57+00:00","dateModified":"2025-02-04T16:44:57+00:00","description":"I noen europeiske land kan du kj\u00f8pe EuroJackpot-billetter i butikken. Men her kan du f\u00e5 billetter selv fra utenfor Europa.","breadcrumb":{"@id":"https:\/\/jackpotlotteryonline.com\/no\/hvordan-kjope-lotteribilletter-online\/kjop-eurojackpot-billetter-fra-hvor-som-helst\/#breadcrumb"},"inLanguage":"nb-NO","potentialAction":[{"@type":"ReadAction","target":["https:\/\/jackpotlotteryonline.com\/no\/hvordan-kjope-lotteribilletter-online\/kjop-eurojackpot-billetter-fra-hvor-som-helst\/"]}]},{"@type":"BreadcrumbList","@id":"https:\/\/jackpotlotteryonline.com\/no\/hvordan-kjope-lotteribilletter-online\/kjop-eurojackpot-billetter-fra-hvor-som-helst\/#breadcrumb","itemListElement":[{"@type":"ListItem","position":1,"name":"Home","item":"https:\/\/jackpotlotteryonline.com\/no\/"},{"@type":"ListItem","position":2,"name":"Hvordan kj\u00f8pe lotteribilletter online","item":"https:\/\/jackpotlotteryonline.com\/no\/hvordan-kjope-lotteribilletter-online\/"},{"@type":"ListItem","position":3,"name":"Kj\u00f8p Eurojackpot billetter fra hvor som helst"}]},{"@type":"WebSite","@id":"https:\/\/jackpotlotteryonline.com\/#website","url":"https:\/\/jackpotlotteryonline.com\/","name":"Lotto Online - Crack The International Lottery Jackpots","description":"","potentialAction":[{"@type":"SearchAction","target":{"@type":"EntryPoint","urlTemplate":"https:\/\/jackpotlotteryonline.com\/?s={search_term_string}"},"query-input":"required name=search_term_string"}],"inLanguage":"nb-NO"}]}},"_links":{"self":[{"href":"https:\/\/jackpotlotteryonline.com\/no\/wp-json\/wp\/v2\/pages\/73719","targetHints":{"allow":["GET"]}}],"collection":[{"href":"https:\/\/jackpotlotteryonline.com\/no\/wp-json\/wp\/v2\/pages"}],"about":[{"href":"https:\/\/jackpotlotteryonline.com\/no\/wp-json\/wp\/v2\/types\/page"}],"author":[{"embeddable":true,"href":"https:\/\/jackpotlotteryonline.com\/no\/wp-json\/wp\/v2\/users\/7"}],"replies":[{"embeddable":true,"href":"https:\/\/jackpotlotteryonline.com\/no\/wp-json\/wp\/v2\/comments?post=73719"}],"version-history":[{"count":0,"href":"https:\/\/jackpotlotteryonline.com\/no\/wp-json\/wp\/v2\/pages\/73719\/revisions"}],"up":[{"embeddable":true,"href":"https:\/\/jackpotlotteryonline.com\/no\/wp-json\/wp\/v2\/pages\/73590"}],"wp:attachment":[{"href":"https:\/\/jackpotlotteryonline.com\/no\/wp-json\/wp\/v2\/media?parent=73719"}],"curies":[{"name":"wp","href":"https:\/\/api.w.org\/{rel}","templated":true}]}}