{"id":73740,"date":"2025-02-04T17:12:26","date_gmt":"2025-02-04T17:12:26","guid":{"rendered":"https:\/\/jackpotlotteryonline.com\/?page_id=73740"},"modified":"2025-02-04T17:12:26","modified_gmt":"2025-02-04T17:12:26","slug":"kjope-superenalotto-billetter","status":"publish","type":"page","link":"https:\/\/jackpotlotteryonline.com\/no\/hvordan-kjope-lotteribilletter-online\/kjope-superenalotto-billetter\/","title":{"rendered":"Kj\u00f8pe SuperEnalotto-billetter"},"content":{"rendered":"<h1>Hvorfor SuperEnalotto?<\/h1>\n<p>Har du noen gang lurt p\u00e5 hvordan du kan kj\u00f8pe SuperEnalotto-billetter utenfor Italia? SuperEnalotto er et av de mest popul\u00e6re lotteriene i Europa. Utrolig nok er det spillere over hele verden som regelmessig spiller dette lotteriet.<\/p>\n<p>P\u00e5 jackpotlotteryonline.com gj\u00f8r vi det mulig for spillere \u00e5 f\u00e5 tilgang til de beste internasjonale lotteriene, som SuperEnalotto. Du kan kj\u00f8pe billetter, sjekke trekningene og administrere gevinsten din, alt p\u00e5 ett sted.<\/p>\n<p>Ettersom internasjonale lotterier vokser, hvorfor er det mange som velger SuperEnalotto? Vi vil ta en titt p\u00e5 noen av grunnene til at SuperEnalotto raskt har blitt et popul\u00e6rt valg for spillere. Hvis du \u00f8nsker \u00e5 delta n\u00e5, kan du g\u00e5 til nettsiden v\u00e5r og kj\u00f8pe SuperEnalotto-billetter og delta i trekningene for sjansen til \u00e5 vinne en stor premie.<\/p>\n<h2>SuperEnalotto har imponerende gevinster<\/h2>\n<p>Den f\u00f8rste grunnen til at spillere elsker SuperEnalotto i Italia er sannsynligvis den imponerende jackpotten. SuperEnalotto starter med en minimum jackpot p\u00e5 2 millioner euro, som ikke virker s\u00e5 stor sammenlignet med andre lotterier.<\/p>\n<p>Men det viktigste er at det ikke er noen \u00f8vre grense for jackpotten i SuperEnalotto. Hvis ingen vinner etter en trekning, \u00f8ker jackpotten og rulles over til neste trekning. For \u00e5 forklare dette bedre, SuperEnalotto har <a href=\"https:\/\/jackpotlotteryonline.com\/winning-numbers\/superenalotto\">trekninger fire ganger i uken<\/a>. Dette betyr at jackpotten kan rulle over flere ganger og vokse raskt. <\/p>\n<p>I 2019 n\u00e5dde jackpotten for eksempel en rekord p\u00e5 209 millioner euro etter flere rullinger.<\/p>\n<h2>Har vi nevnt at det er trekning tre ganger i uken?<\/h2>\n<p>SuperEnalotto tilbyr spillerne fire trekninger i uken: p\u00e5 tirsdag, torsdag, fredag og l\u00f8rdag.<\/p>\n<p>Hva dette betyr, er at jackpotten kan vokse raskere siden det er flere sjanser til at en trekning kan ha null vinnere. Det er til og med mulig at jackpotten kan tredobles p\u00e5 bare en uke. Dette b\u00f8r v\u00e6re nok til \u00e5 motivere spillere til \u00e5 gj\u00f8re et spill.<\/p>\n<p>S\u00e5 hvis du ikke vil g\u00e5 glipp av neste trekning, g\u00e5 til jackpotlotteryonline.com og kj\u00f8p SuperEnalotto-billetter. Du vet aldri n\u00e5r lykken vil komme din vei.<\/p>\n<h2>Top 5 vinnere fra SuperEnalotto<\/h2>\n<p><img loading=\"lazy\" decoding=\"async\" class=\"alignright size-full wp-image-31316\" src=\"http:\/\/jackpotlotteryonline.com\/wp-content\/uploads\/2022\/11\/logo_superenalotto.png\" alt=\"SuperEnalotto vinnere\" width=\"200\" height=\"212\" \/>Er du fortsatt i tvil om \u00e5 spille SuperEnalotto? Les om noen av de utrolige gevinstene som ble vunnet, og du vil trolig endre mening.<\/p>\n<p>Den st\u00f8rste jackpotten noensinne ble vunnet i 2019, da en spillgruppe vant en premie p\u00e5 209 millioner euro. Som vi nevnte tidligere, ble denne jackpotten vunnet p\u00e5 bare \u00e9n billett. Tenk deg \u00e5 vinne mer enn 200 millioner euro!<\/p>\n<p>Den nest st\u00f8rste jackpotten kom i 2010, da en spillgruppe vant 177 millioner euro. Den tredje st\u00f8rste gevinsten kom i 2016, da en enkelt billett vant 163 millioner euro. Deretter kom to vinnere i 2009 som delte en premie p\u00e5 147 millioner euro, og til slutt kom en annen gevinst p\u00e5 139 millioner euro i 2010 med to vinnere.<\/p>\n<h2>Hvordan spille SuperEnalotto<\/h2>\n<p><a href=\"https:\/\/jackpotlotteryonline.com\/play-online\/superenalotto\">For \u00e5 spille SuperEnalotto<\/a> velger du 6 tall fra 1 til 90. Du kan velge flere rekker for \u00e5 \u00f8ke sjansene dine for \u00e5 vinne. Deretter velger du hvor mange trekninger du vil delta i. Du kan delta i trekningene for 5 p\u00e5f\u00f8lgende uker. Jo flere trekninger du spiller, desto st\u00f8rre er sjansene dine for \u00e5 vinne.<\/p>\n<p>Det er ogs\u00e5 et alternativ som heter SuperStar, som gir deg enda h\u00f8yere sjanser for \u00e5 vinne. Du kan ogs\u00e5 kj\u00f8pe en ekstra \u00abJoker\u00bb-tall som blir brukt til \u00e5 bestemme andre gevinster, selv om det ikke p\u00e5virker jackpotten.<\/p>\n<p>N\u00e5r du har valgt tallene dine og betalt billetten, er det bare \u00e5 vente p\u00e5 trekningene. Hvis du registrerer deg med oss, tilbyr vi et automatisert system som gir deg en jevn og stressfri opplevelse. Vi h\u00e5ndterer det praktiske, s\u00e5 du kan bare fokusere p\u00e5 \u00e5 nyte spillet.<\/p>\n<section class=\"layout\" style=\"border: solid 1px; width: 100%;\">\n<div class=\"img-div\" style=\"margin-top: 5px;\"><img decoding=\"async\" class=\"wp-image-17212 alignleft\" style=\"height: 45px; margin: 8px 8px 0px;\" src=\"http:\/\/jackpotlotteryonline.com\/wp-content\/uploads\/2022\/11\/read1.jpg\" alt=\"Les mer\" width=\"\" height=\"\" \/><\/div>\n<div style=\"padding-left: 5px;\">\n<div style=\"font-size: 1.1em;\">\n<p><strong>Velg vinnertallene manuelt eller ved hjelp av RNG<\/strong><\/p>\n<p style=\"font-size: 0.85em; margin-top: -1.5em;\">Hvordan genereres de vinnende tallene? <a href=\"https:\/\/jackpotlotteryonline.com\/how-to-generate-winning-lotto-numbers\">Les mer<\/a><\/p>\n<\/div>\n<\/div>\n<\/section>\n<h2>Hva er vinnersjansene for SuperEnalotto?<\/h2>\n<p>Vanligvis er lotterier kjent for \u00e5 ha d\u00e5rlige vinnersjanser. Faktisk er sjansene for \u00e5 vinne i SuperEnalotto ikke s\u00e5 h\u00f8ye, men det er nettopp dette som gj\u00f8r det ekstra spennende. \u00c5 vinne n\u00e5r oddsen er imot deg gir en spesiell f\u00f8lelse av tilfredshet. Det er en fantastisk m\u00e5te \u00e5 kjenne at lykken er p\u00e5 din side.<\/p>\n<p>Sjansene for \u00e5 vinne jackpotten i SuperEnalotto er 1\/622,614,630. Men det finnes 6 forskjellige gevinstkategorier, og sjansen for \u00e5 vinne en sekund\u00e6r premie er 1\/16.<\/p>\n<p>Det er klart at disse oddsene er ganske spennende, og de gir spillerne en realistisk sjanse til \u00e5 vinne.<\/p>\n<h2>SuperEnalotto gevinstkategorier<\/h2>\n<p><img loading=\"lazy\" decoding=\"async\" class=\"size-medium wp-image-35376 alignright\" src=\"http:\/\/jackpotlotteryonline.com\/wp-content\/uploads\/2022\/11\/2_ticket_superenalotto4-1-211x300.jpg\" alt=\"SuperEnalotto gevinstkategorier\" width=\"211\" height=\"300\" srcset=\"https:\/\/jackpotlotteryonline.com\/wp-content\/uploads\/2022\/11\/2_ticket_superenalotto4-1-211x300.jpg 211w, https:\/\/jackpotlotteryonline.com\/wp-content\/uploads\/2022\/11\/2_ticket_superenalotto4-1.jpg 300w\" sizes=\"auto, (max-width: 211px) 100vw, 211px\" \/>Under trekningen blir 6 tall tilfeldig valgt fra en trommel med tallene 1 til 90. Billetter som matcher alle de 6 tallene vinner jackpotten.<\/p>\n<p>Jackpotten starter p\u00e5 2 millioner euro, men den \u00f8ker vanligvis til langt h\u00f8yere bel\u00f8p gjennom rullinger. Andre gevinstkategorier bestemmes etter en prosentandel av de tilgjengelige gevinstmidlene, s\u00e5 bel\u00f8pene kan variere fra trekning til trekning.<\/p>\n<p>6 tall &#8211; Jackpot (17,4% av totale midler)<br \/>\n5 tall + Joker &#8211; 13%<br \/>\n5 tall &#8211; 4,2%<br \/>\n4 tall &#8211; 4,2%<br \/>\n3 tall &#8211; 12,8%<br \/>\n2 tall &#8211; 40%<\/p>\n<p><strong>Her er gjennomsnittlig gevinst per trekning for hver kategori:<\/strong><\/p>\n<p>6 tall &#8211; \u20ac92,056,091.66<br \/>\n5 tall + Joker &#8211; \u20ac594,951.95<br \/>\n5 tall &#8211; \u20ac49,736.38<br \/>\n4 tall &#8211; \u20ac354.83<br \/>\n3 tall &#8211; \u20ac27.15<br \/>\n2 tall &#8211; \u20ac5.48<\/p>\n<h2>Spill SuperEnalotto p\u00e5 nettet<\/h2>\n<p>SuperEnalotto er et italiensk lotteri, og billetter er kun tilgjengelige i Italia. Hvis du bor utenfor Italia, kan du kj\u00f8pe SuperEnalotto-billetter via internasjonale lotteriutbydere p\u00e5 nettet. Kj\u00f8p billetter gjennom oss for \u00e5 delta.<\/p>\n<h2>Fordeler med \u00e5 kj\u00f8pe SuperEnalotto-billetter p\u00e5 nettet<\/h2>\n<ul>\n<li>Rask og enkel tilgang til lotteriet<\/li>\n<li>Spill fra komforten av ditt eget hjem<\/li>\n<li>Billetten din lagres digitalt, som gir ekstra sikkerhet. Dette er den eneste m\u00e5ten \u00e5 gj\u00f8re krav p\u00e5 gevinsten p\u00e5.<\/li>\n<li>Du blir varslet umiddelbart om du vinner<\/li>\n<li>Du kan enkelt uttaksgevinster direkte fra internett<\/li>\n<\/ul>\n<h2>Bli med og spill SuperEnalotto med oss!<\/h2>\n<p>Hvis du bor utenfor Italia, kan du spille SuperEnalotto med oss. Vi tilbyr en f\u00f8rsteklasses tjeneste som gir deg tilgang til topp internasjonale lotterier.<\/p>\n<p>V\u00e5rt m\u00e5l er \u00e5 gj\u00f8re lotterieropplevelsen din s\u00e5 morsom som mulig. Vi tar bort stresset fra de sm\u00e5 detaljene og gj\u00f8r det enkelt for deg \u00e5 spille. Registrer deg hos oss i dag, og kj\u00f8p SuperEnalotto-billetter for \u00e5 spille og vinne stort!<\/p>\n","protected":false},"excerpt":{"rendered":"<p>Hvorfor SuperEnalotto? Har du noen gang lurt p\u00e5 hvordan du kan kj\u00f8pe SuperEnalotto-billetter utenfor Italia? SuperEnalotto er et av de mest popul\u00e6re lotteriene i Europa. Utrolig nok er det spillere over hele verden som regelmessig spiller dette lotteriet. P\u00e5 jackpotlotteryonline.com gj\u00f8r vi det mulig for spillere \u00e5 f\u00e5 tilgang til de beste internasjonale lotteriene, som [&hellip;]<\/p>\n","protected":false},"author":7,"featured_media":0,"parent":73590,"menu_order":5,"comment_status":"closed","ping_status":"closed","template":"superenalotto.php","meta":{"_et_pb_use_builder":"","_et_pb_old_content":"","_et_gb_content_width":"","exclude_from_search":false,"footnotes":""},"class_list":["post-73740","page","type-page","status-publish","hentry"],"yoast_head":"<!-- This site is optimized with the Yoast SEO plugin v23.3 - https:\/\/yoast.com\/wordpress\/plugins\/seo\/ -->\n<title>Kj\u00f8p SuperEnalotto-billetter fra utenfor Italia | F\u00e5 billetter online<\/title>\n<meta name=\"description\" content=\"Bor du ikke i Italia, men \u00f8nsker \u00e5 delta i SuperEnalotto? Kj\u00f8p din SuperEnalotto-billett online gjennom oss.\" \/>\n<meta name=\"robots\" content=\"index, follow, max-snippet:-1, max-image-preview:large, max-video-preview:-1\" \/>\n<link rel=\"canonical\" href=\"https:\/\/jackpotlotteryonline.com\/no\/hvordan-kjope-lotteribilletter-online\/kjope-superenalotto-billetter\/\" \/>\n<meta property=\"og:locale\" content=\"nb_NO\" \/>\n<meta property=\"og:type\" content=\"article\" \/>\n<meta property=\"og:title\" content=\"Kj\u00f8p SuperEnalotto-billetter fra utenfor Italia | F\u00e5 billetter online\" \/>\n<meta property=\"og:description\" content=\"Bor du ikke i Italia, men \u00f8nsker \u00e5 delta i SuperEnalotto? Kj\u00f8p din SuperEnalotto-billett online gjennom oss.\" \/>\n<meta property=\"og:url\" content=\"https:\/\/jackpotlotteryonline.com\/no\/hvordan-kjope-lotteribilletter-online\/kjope-superenalotto-billetter\/\" \/>\n<meta property=\"og:site_name\" content=\"Lotto Online - Crack The International Lottery Jackpots\" \/>\n<meta property=\"og:image\" content=\"http:\/\/jackpotlotteryonline.com\/wp-content\/uploads\/2022\/11\/logo_superenalotto.png\" \/>\n<meta name=\"twitter:card\" content=\"summary_large_image\" \/>\n<!-- \/ Yoast SEO plugin. -->","yoast_head_json":{"title":"Kj\u00f8p SuperEnalotto-billetter fra utenfor Italia | F\u00e5 billetter online","description":"Bor du ikke i Italia, men \u00f8nsker \u00e5 delta i SuperEnalotto? Kj\u00f8p din SuperEnalotto-billett online gjennom oss.","robots":{"index":"index","follow":"follow","max-snippet":"max-snippet:-1","max-image-preview":"max-image-preview:large","max-video-preview":"max-video-preview:-1"},"canonical":"https:\/\/jackpotlotteryonline.com\/no\/hvordan-kjope-lotteribilletter-online\/kjope-superenalotto-billetter\/","og_locale":"nb_NO","og_type":"article","og_title":"Kj\u00f8p SuperEnalotto-billetter fra utenfor Italia | F\u00e5 billetter online","og_description":"Bor du ikke i Italia, men \u00f8nsker \u00e5 delta i SuperEnalotto? Kj\u00f8p din SuperEnalotto-billett online gjennom oss.","og_url":"https:\/\/jackpotlotteryonline.com\/no\/hvordan-kjope-lotteribilletter-online\/kjope-superenalotto-billetter\/","og_site_name":"Lotto Online - Crack The International Lottery Jackpots","og_image":[{"url":"http:\/\/jackpotlotteryonline.com\/wp-content\/uploads\/2022\/11\/logo_superenalotto.png"}],"twitter_card":"summary_large_image","schema":{"@context":"https:\/\/schema.org","@graph":[{"@type":"WebPage","@id":"https:\/\/jackpotlotteryonline.com\/no\/hvordan-kjope-lotteribilletter-online\/kjope-superenalotto-billetter\/","url":"https:\/\/jackpotlotteryonline.com\/no\/hvordan-kjope-lotteribilletter-online\/kjope-superenalotto-billetter\/","name":"Kj\u00f8p SuperEnalotto-billetter fra utenfor Italia | F\u00e5 billetter online","isPartOf":{"@id":"https:\/\/jackpotlotteryonline.com\/#website"},"primaryImageOfPage":{"@id":"https:\/\/jackpotlotteryonline.com\/no\/hvordan-kjope-lotteribilletter-online\/kjope-superenalotto-billetter\/#primaryimage"},"image":{"@id":"https:\/\/jackpotlotteryonline.com\/no\/hvordan-kjope-lotteribilletter-online\/kjope-superenalotto-billetter\/#primaryimage"},"thumbnailUrl":"http:\/\/jackpotlotteryonline.com\/wp-content\/uploads\/2022\/11\/logo_superenalotto.png","datePublished":"2025-02-04T17:12:26+00:00","dateModified":"2025-02-04T17:12:26+00:00","description":"Bor du ikke i Italia, men \u00f8nsker \u00e5 delta i SuperEnalotto? Kj\u00f8p din SuperEnalotto-billett online gjennom oss.","breadcrumb":{"@id":"https:\/\/jackpotlotteryonline.com\/no\/hvordan-kjope-lotteribilletter-online\/kjope-superenalotto-billetter\/#breadcrumb"},"inLanguage":"nb-NO","potentialAction":[{"@type":"ReadAction","target":["https:\/\/jackpotlotteryonline.com\/no\/hvordan-kjope-lotteribilletter-online\/kjope-superenalotto-billetter\/"]}]},{"@type":"ImageObject","inLanguage":"nb-NO","@id":"https:\/\/jackpotlotteryonline.com\/no\/hvordan-kjope-lotteribilletter-online\/kjope-superenalotto-billetter\/#primaryimage","url":"http:\/\/jackpotlotteryonline.com\/wp-content\/uploads\/2022\/11\/logo_superenalotto.png","contentUrl":"http:\/\/jackpotlotteryonline.com\/wp-content\/uploads\/2022\/11\/logo_superenalotto.png"},{"@type":"BreadcrumbList","@id":"https:\/\/jackpotlotteryonline.com\/no\/hvordan-kjope-lotteribilletter-online\/kjope-superenalotto-billetter\/#breadcrumb","itemListElement":[{"@type":"ListItem","position":1,"name":"Home","item":"https:\/\/jackpotlotteryonline.com\/no\/"},{"@type":"ListItem","position":2,"name":"Hvordan kj\u00f8pe lotteribilletter online","item":"https:\/\/jackpotlotteryonline.com\/no\/hvordan-kjope-lotteribilletter-online\/"},{"@type":"ListItem","position":3,"name":"Kj\u00f8pe SuperEnalotto-billetter"}]},{"@type":"WebSite","@id":"https:\/\/jackpotlotteryonline.com\/#website","url":"https:\/\/jackpotlotteryonline.com\/","name":"Lotto Online - Crack The International Lottery Jackpots","description":"","potentialAction":[{"@type":"SearchAction","target":{"@type":"EntryPoint","urlTemplate":"https:\/\/jackpotlotteryonline.com\/?s={search_term_string}"},"query-input":"required name=search_term_string"}],"inLanguage":"nb-NO"}]}},"_links":{"self":[{"href":"https:\/\/jackpotlotteryonline.com\/no\/wp-json\/wp\/v2\/pages\/73740","targetHints":{"allow":["GET"]}}],"collection":[{"href":"https:\/\/jackpotlotteryonline.com\/no\/wp-json\/wp\/v2\/pages"}],"about":[{"href":"https:\/\/jackpotlotteryonline.com\/no\/wp-json\/wp\/v2\/types\/page"}],"author":[{"embeddable":true,"href":"https:\/\/jackpotlotteryonline.com\/no\/wp-json\/wp\/v2\/users\/7"}],"replies":[{"embeddable":true,"href":"https:\/\/jackpotlotteryonline.com\/no\/wp-json\/wp\/v2\/comments?post=73740"}],"version-history":[{"count":0,"href":"https:\/\/jackpotlotteryonline.com\/no\/wp-json\/wp\/v2\/pages\/73740\/revisions"}],"up":[{"embeddable":true,"href":"https:\/\/jackpotlotteryonline.com\/no\/wp-json\/wp\/v2\/pages\/73590"}],"wp:attachment":[{"href":"https:\/\/jackpotlotteryonline.com\/no\/wp-json\/wp\/v2\/media?parent=73740"}],"curies":[{"name":"wp","href":"https:\/\/api.w.org\/{rel}","templated":true}]}}