{"id":73763,"date":"2025-02-04T17:51:38","date_gmt":"2025-02-04T17:51:38","guid":{"rendered":"https:\/\/jackpotlotteryonline.com\/?page_id=73763"},"modified":"2025-02-04T17:51:38","modified_gmt":"2025-02-04T17:51:38","slug":"kjop-billetter-til-el-gordo","status":"publish","type":"page","link":"https:\/\/jackpotlotteryonline.com\/no\/hvordan-kjope-lotteribilletter-online\/kjop-billetter-til-el-gordo\/","title":{"rendered":"Kj\u00f8p billetter til El Gordo"},"content":{"rendered":"<h2>Den utrolige spanske lotteriet<\/h2>\n<p>El Gordo er p\u00e5 vei, og alle som bor eller reiser i Spania er heldige. Likevel er det mange mennesker fra hele verden som ser frem til \u00e5 delta i dette lotteriet, sammen med alle feiringene og festene som f\u00f8lger med. Personer som ikke bor i Spania kan ogs\u00e5 delta i dette lotteriet, og her er hvordan du gj\u00f8r det.<\/p>\n<p>Hvis du spiller lotteri for f\u00f8rste gang, er du kanskje allerede klar over at dette er et spansk lotteri. El Gordo betyr &#8220;Den store&#8221; p\u00e5 spansk, og er kjent for sine store hovedpremier. Dette lotteriet er kjent som et av de st\u00f8rste i verden.<\/p>\n<p>Men hvis du ikke bor i Spania, hvordan kan du delta? Fortsett \u00e5 lese, s\u00e5 skal vi forklare hvordan.<\/p>\n<h2>Slik kj\u00f8per du billetter til El Gordo fra utenfor Spania<\/h2>\n<p><img loading=\"lazy\" decoding=\"async\" class=\"size-full wp-image-17870 alignright\" src=\"http:\/\/jackpotlotteryonline.com\/wp-content\/uploads\/2022\/10\/lotto_euros.jpg\" alt=\"Buy El Gordo tickets\" width=\"225\" height=\"134\" \/><br \/>\nDen enkleste m\u00e5ten \u00e5 kj\u00f8pe billetter til El Gordo er via internett gjennom online lotteri forhandlere som jackpotlotteryonline.com. Vi tilbyr en plattform som lar deg enkelt delta i de beste internasjonale lotteriene. Med oss kan du finne en plattform som passer for deg.<\/p>\n<p>Vi er her for \u00e5 sikre at alle kan nyte deltakelsen i lotteriet. N\u00e5r du deltar i El Gordo, blir du en del av historien og tradisjonen, ettersom dette lotteriet i Spania kalles &#8220;Julenlotteriet&#8221; og blir en uunnv\u00e6rlig del av julefeiringen.<\/p>\n<p>Hvis du deltar for f\u00f8rste gang, kan det v\u00e6re litt forvirrende. I motsetning til andre lotterier, kan du ikke velge dine egne tall her. Hver billett har allerede et tildelt nummer. Men den interessante delen er at El Gordo har 100 000 forskjellige tall. Hos jackpotlotteryonline.com vil vi veilede deg gjennom alle trinnene.<\/p>\n<h2>Hvorfor delta i El Gordo?<\/h2>\n<p>Mange mennesker rundt om i verden \u00f8nsker \u00e5 delta i El Gordo, og det er flere grunner til det. Vi nevnte allerede at dette lotteriet har en lang tradisjon, f\u00f8rst startet i 1812. Det er verdens nest eldste lotteri og er dypt forankret i den spanske kulturen.<\/p>\n<p>Resultater fra trekningen <a href=\"https:\/\/jackpotlotteryonline.com\/winning-numbers\/el-gordo-draw-results\">annonseres<\/a> den 22. desember hvert \u00e5r, noe som gj\u00f8r det til en perfekt aktivitet for juleh\u00f8ytiden. Trekningen er sv\u00e6rt h\u00f8ytidelig, og resultatene blir sunget live av studentene fra San Ildefonso-skolen. El Gordo har en dyp tradisjon og er et arrangement som mange venter p\u00e5 hvert \u00e5r.<\/p>\n<p>Dette lotteriet feirer ogs\u00e5 fellesskap og er en flott m\u00e5te for folk fra forskjellige samfunn \u00e5 feire sammen. Billetter selges i deler, noe som lar folk delta med mindre penger, men fortsatt v\u00e6re en del av dette fantastiske lotteriet.<\/p>\n<section class=\"layout\" style=\"border: solid 1px; width: 100%;\">\n<div class=\"img-div\" style=\"margin-top: 5px;\"><img decoding=\"async\" class=\"wp-image-17212 alignleft\" style=\"height: 45px; margin: 8px 8px 0px;\" src=\"http:\/\/jackpotlotteryonline.com\/wp-content\/uploads\/2022\/11\/read1.jpg\" alt=\"read\" width=\"\" height=\"\" \/><\/div>\n<div style=\"padding-left: 5px;\">\n<div style=\"font-size: 1.1em;\">\n<p><strong>Ikke g\u00e5 glipp av trekningen av verdens st\u00f8rste lotterijackpot<\/strong><\/p>\n<p style=\"font-size: 0.85em; margin-top: -1.5em;\">Liste over trekkingsresultater for internasjonale lotterier \u2013<span style=\"box-sizing: border-box; margin: 0px; padding: 0px;\">\u00a0<a href=\"https:\/\/jackpotlotteryonline.com\/when-are-the-draw-times-for-the-international-lotteries\" target=\"_blank\" rel=\"noopener\">Les mer<\/a><\/span><a href=\"https:\/\/jackpotlotteryonline.com\/when-are-the-draw-times-for-the-international-lotteries\">\u00a0Se her<\/a><\/p>\n<\/div>\n<\/div>\n<\/section>\n<h2>Slik deltar du i El Gordo<\/h2>\n<p><img loading=\"lazy\" decoding=\"async\" class=\"alignright size-full wp-image-32459\" src=\"http:\/\/jackpotlotteryonline.com\/wp-content\/uploads\/2022\/11\/2_ticket_el_gordo-1.jpg\" alt=\"play El Gordo\" width=\"213\" height=\"300\" \/><br \/>\nN\u00e5r du deltar i det spanske julelotteriet, har billettene allerede numre fra 00000 til 99999. Hver billett er delt opp i 10 deler, og hver del har flere underdeler, som gj\u00f8r at du kan kj\u00f8pe en billett som passer ditt budsjett.<\/p>\n<p>Det som er enda mer interessant er at El Gordo har veldig h\u00f8ye vinnersjanser. Hovedpremien kan n\u00e5 hundrevis av millioner euro, men sjansene for \u00e5 vinne en premie, selv om du ikke vinner hovedpremien, er veldig gode. S\u00e5 selv om du kanskje ikke vinner hovedpremien, er det fortsatt en sjanse for \u00e5 vinne store bel\u00f8p.<\/p>\n<p>Etter at du har kj\u00f8pt billetten, er det bare \u00e5 vente p\u00e5 trekningen 22. desember. P\u00e5 v\u00e5r plattform kan du registrere deg for varsler n\u00e5r du vinner. Du vil ogs\u00e5 kunne trekke ut premien din enkelt.<\/p>\n<h2>Slik spiller du El Gordo online<\/h2>\n<p>Hvis du er spent p\u00e5 \u00e5 delta i det spanske julelotteriet, f\u00f8lg disse trinnene:<\/p>\n<ol>\n<li>Kj\u00f8p billett til El Gordo via v\u00e5r plattform<\/li>\n<li>Registrer deg for varsler n\u00e5r du vinner<\/li>\n<li>Vent p\u00e5 trekningen<\/li>\n<li>Motta premien din<\/li>\n<\/ol>\n<p>Med registreringen v\u00e5r kan du begynne \u00e5 delta i lotteriet med minimal innsats. Vi tar oss av alle detaljene, og du kan fokusere p\u00e5 moroa. Hvis du ser etter et lotteri med gode vinnersjanser, trenger du ikke lete lenger.<\/p>\n<p>El Gordo har fantastiske vinnersjanser, men som med alle lotterier er det ingen garanti for at du vinner. Men den eneste m\u00e5ten \u00e5 ha en sjanse p\u00e5 er \u00e5 delta. Registrer deg med oss og kj\u00f8p billett til det spanske julelotteriet n\u00e5.<\/p>\n","protected":false},"excerpt":{"rendered":"<p>Den utrolige spanske lotteriet El Gordo er p\u00e5 vei, og alle som bor eller reiser i Spania er heldige. Likevel er det mange mennesker fra hele verden som ser frem til \u00e5 delta i dette lotteriet, sammen med alle feiringene og festene som f\u00f8lger med. Personer som ikke bor i Spania kan ogs\u00e5 delta i [&hellip;]<\/p>\n","protected":false},"author":7,"featured_media":0,"parent":73590,"menu_order":7,"comment_status":"closed","ping_status":"closed","template":"la-primitiva-info.php","meta":{"_et_pb_use_builder":"","_et_pb_old_content":"","_et_gb_content_width":"","exclude_from_search":false,"footnotes":""},"class_list":["post-73763","page","type-page","status-publish","hentry"],"yoast_head":"<!-- This site is optimized with the Yoast SEO plugin v23.3 - https:\/\/yoast.com\/wordpress\/plugins\/seo\/ -->\n<title>Kj\u00f8p billetter til La Primitiva-lotteriet fra utenfor Spania<\/title>\n<meta name=\"description\" content=\"Kj\u00f8p billetter til La Primitiva og pr\u00f8v lykken din!\" \/>\n<meta name=\"robots\" content=\"index, follow, max-snippet:-1, max-image-preview:large, max-video-preview:-1\" \/>\n<link rel=\"canonical\" href=\"https:\/\/jackpotlotteryonline.com\/no\/hvordan-kjope-lotteribilletter-online\/kjop-billetter-til-el-gordo\/\" \/>\n<meta property=\"og:locale\" content=\"nb_NO\" \/>\n<meta property=\"og:type\" content=\"article\" \/>\n<meta property=\"og:title\" content=\"Kj\u00f8p billetter til La Primitiva-lotteriet fra utenfor Spania\" \/>\n<meta property=\"og:description\" content=\"Kj\u00f8p billetter til La Primitiva og pr\u00f8v lykken din!\" \/>\n<meta property=\"og:url\" content=\"https:\/\/jackpotlotteryonline.com\/no\/hvordan-kjope-lotteribilletter-online\/kjop-billetter-til-el-gordo\/\" \/>\n<meta property=\"og:site_name\" content=\"Lotto Online - Crack The International Lottery Jackpots\" \/>\n<meta property=\"og:image\" content=\"http:\/\/jackpotlotteryonline.com\/wp-content\/uploads\/2022\/10\/lotto_euros.jpg\" \/>\n<meta name=\"twitter:card\" content=\"summary_large_image\" \/>\n<!-- \/ Yoast SEO plugin. -->","yoast_head_json":{"title":"Kj\u00f8p billetter til La Primitiva-lotteriet fra utenfor Spania","description":"Kj\u00f8p billetter til La Primitiva og pr\u00f8v lykken din!","robots":{"index":"index","follow":"follow","max-snippet":"max-snippet:-1","max-image-preview":"max-image-preview:large","max-video-preview":"max-video-preview:-1"},"canonical":"https:\/\/jackpotlotteryonline.com\/no\/hvordan-kjope-lotteribilletter-online\/kjop-billetter-til-el-gordo\/","og_locale":"nb_NO","og_type":"article","og_title":"Kj\u00f8p billetter til La Primitiva-lotteriet fra utenfor Spania","og_description":"Kj\u00f8p billetter til La Primitiva og pr\u00f8v lykken din!","og_url":"https:\/\/jackpotlotteryonline.com\/no\/hvordan-kjope-lotteribilletter-online\/kjop-billetter-til-el-gordo\/","og_site_name":"Lotto Online - Crack The International Lottery Jackpots","og_image":[{"url":"http:\/\/jackpotlotteryonline.com\/wp-content\/uploads\/2022\/10\/lotto_euros.jpg"}],"twitter_card":"summary_large_image","schema":{"@context":"https:\/\/schema.org","@graph":[{"@type":"WebPage","@id":"https:\/\/jackpotlotteryonline.com\/no\/hvordan-kjope-lotteribilletter-online\/kjop-billetter-til-el-gordo\/","url":"https:\/\/jackpotlotteryonline.com\/no\/hvordan-kjope-lotteribilletter-online\/kjop-billetter-til-el-gordo\/","name":"Kj\u00f8p billetter til La Primitiva-lotteriet fra utenfor Spania","isPartOf":{"@id":"https:\/\/jackpotlotteryonline.com\/#website"},"primaryImageOfPage":{"@id":"https:\/\/jackpotlotteryonline.com\/no\/hvordan-kjope-lotteribilletter-online\/kjop-billetter-til-el-gordo\/#primaryimage"},"image":{"@id":"https:\/\/jackpotlotteryonline.com\/no\/hvordan-kjope-lotteribilletter-online\/kjop-billetter-til-el-gordo\/#primaryimage"},"thumbnailUrl":"http:\/\/jackpotlotteryonline.com\/wp-content\/uploads\/2022\/10\/lotto_euros.jpg","datePublished":"2025-02-04T17:51:38+00:00","dateModified":"2025-02-04T17:51:38+00:00","description":"Kj\u00f8p billetter til La Primitiva og pr\u00f8v lykken din!","breadcrumb":{"@id":"https:\/\/jackpotlotteryonline.com\/no\/hvordan-kjope-lotteribilletter-online\/kjop-billetter-til-el-gordo\/#breadcrumb"},"inLanguage":"nb-NO","potentialAction":[{"@type":"ReadAction","target":["https:\/\/jackpotlotteryonline.com\/no\/hvordan-kjope-lotteribilletter-online\/kjop-billetter-til-el-gordo\/"]}]},{"@type":"ImageObject","inLanguage":"nb-NO","@id":"https:\/\/jackpotlotteryonline.com\/no\/hvordan-kjope-lotteribilletter-online\/kjop-billetter-til-el-gordo\/#primaryimage","url":"http:\/\/jackpotlotteryonline.com\/wp-content\/uploads\/2022\/10\/lotto_euros.jpg","contentUrl":"http:\/\/jackpotlotteryonline.com\/wp-content\/uploads\/2022\/10\/lotto_euros.jpg"},{"@type":"BreadcrumbList","@id":"https:\/\/jackpotlotteryonline.com\/no\/hvordan-kjope-lotteribilletter-online\/kjop-billetter-til-el-gordo\/#breadcrumb","itemListElement":[{"@type":"ListItem","position":1,"name":"Home","item":"https:\/\/jackpotlotteryonline.com\/no\/"},{"@type":"ListItem","position":2,"name":"Hvordan kj\u00f8pe lotteribilletter online","item":"https:\/\/jackpotlotteryonline.com\/no\/hvordan-kjope-lotteribilletter-online\/"},{"@type":"ListItem","position":3,"name":"Kj\u00f8p billetter til El Gordo"}]},{"@type":"WebSite","@id":"https:\/\/jackpotlotteryonline.com\/#website","url":"https:\/\/jackpotlotteryonline.com\/","name":"Lotto Online - Crack The International Lottery Jackpots","description":"","potentialAction":[{"@type":"SearchAction","target":{"@type":"EntryPoint","urlTemplate":"https:\/\/jackpotlotteryonline.com\/?s={search_term_string}"},"query-input":"required name=search_term_string"}],"inLanguage":"nb-NO"}]}},"_links":{"self":[{"href":"https:\/\/jackpotlotteryonline.com\/no\/wp-json\/wp\/v2\/pages\/73763","targetHints":{"allow":["GET"]}}],"collection":[{"href":"https:\/\/jackpotlotteryonline.com\/no\/wp-json\/wp\/v2\/pages"}],"about":[{"href":"https:\/\/jackpotlotteryonline.com\/no\/wp-json\/wp\/v2\/types\/page"}],"author":[{"embeddable":true,"href":"https:\/\/jackpotlotteryonline.com\/no\/wp-json\/wp\/v2\/users\/7"}],"replies":[{"embeddable":true,"href":"https:\/\/jackpotlotteryonline.com\/no\/wp-json\/wp\/v2\/comments?post=73763"}],"version-history":[{"count":0,"href":"https:\/\/jackpotlotteryonline.com\/no\/wp-json\/wp\/v2\/pages\/73763\/revisions"}],"up":[{"embeddable":true,"href":"https:\/\/jackpotlotteryonline.com\/no\/wp-json\/wp\/v2\/pages\/73590"}],"wp:attachment":[{"href":"https:\/\/jackpotlotteryonline.com\/no\/wp-json\/wp\/v2\/media?parent=73763"}],"curies":[{"name":"wp","href":"https:\/\/api.w.org\/{rel}","templated":true}]}}