{"id":73781,"date":"2025-02-05T07:21:18","date_gmt":"2025-02-05T07:21:18","guid":{"rendered":"https:\/\/jackpotlotteryonline.com\/?page_id=73781"},"modified":"2025-02-05T07:21:18","modified_gmt":"2025-02-05T07:21:18","slug":"kjope-billetter-til-lotto-germany","status":"publish","type":"page","link":"https:\/\/jackpotlotteryonline.com\/no\/hvordan-kjope-lotteribilletter-online\/kjope-billetter-til-lotto-germany\/","title":{"rendered":"Kj\u00f8pe billetter til Lotto Germany"},"content":{"rendered":"<p>Spillere som bor utenfor Tyskland kan synes det er litt vanskelig \u00e5 kj\u00f8pe billetter til det tyske lottoet, men det trenger ikke v\u00e6re slik. Det tyske lottoet, ogs\u00e5 kjent som 6 aus 49, er et av de eldste lotteriene i Europa. Det ble etablert i 1955 og ble raskt landets ledende lotteri.<\/p>\n<p>Deltakelse i dette lotteriet tilbys gjennom autoriserte forhandlere i Tyskland. Men hvis du bor et annet sted i verden, m\u00e5 du stole p\u00e5 et p\u00e5litelig online lotteri som **jackpotlotteryonline.com**.<\/p>\n<p><a href=\"https:\/\/jackpotlotteryonline.com\/play-online\/german-lotto\">\u00c5 spille lotteriet p\u00e5 nettet<\/a> er enkelt, og n\u00e5r du bruker nettstedet v\u00e5rt, blir det en s\u00f8ml\u00f8s og hyggelig opplevelse.<\/p>\n<h2>Hvordan spille det tyske lottoet p\u00e5 nettstedet v\u00e5rt<\/h2>\n<p><img loading=\"lazy\" decoding=\"async\" class=\"alignright size-medium wp-image-33350\" src=\"https:\/\/jackpotlotteryonline.com\/wp-content\/uploads\/2022\/11\/2_ticket_euromillions3-1-111x300.jpg\" alt=\"tysk lottokupong\" width=\"111\" height=\"300\" srcset=\"https:\/\/jackpotlotteryonline.com\/wp-content\/uploads\/2022\/11\/2_ticket_euromillions3-1-111x300.jpg 111w, https:\/\/jackpotlotteryonline.com\/wp-content\/uploads\/2022\/11\/2_ticket_euromillions3-1.jpg 180w\" sizes=\"auto, (max-width: 111px) 100vw, 111px\" \/>Den bokstavelige oversettelsen av **6 aus 49** er &#8220;seks av 49&#8221;. For \u00e5 spille det tyske lottoet m\u00e5 du velge seks tall mellom 1 og 49 samt et bonusnummer mellom 0 og 9. Dette gjelder enten du spiller offline eller p\u00e5 nettet.<\/p>\n<p>N\u00e5r du kj\u00f8per en billett til det tyske lotteriet p\u00e5 nettstedet v\u00e5rt, kan du velge 6 tall fra 49. Du kan velge flere rekker med tall, siden hver rekke teller som \u00e9n innsats, noe som \u00f8ker sjansene dine. Deretter kan du velge om du vil delta i \u00e9n eller flere trekninger.<\/p>\n<p><a href=\"https:\/\/jackpotlotteryonline.com\/winning-numbers\/german-lotto\">Det tyske lottoet har to trekninger i uken<\/a> \u2013 p\u00e5 onsdager og l\u00f8rdager. Du kan velge \u00e5 delta i \u00e9n eller flere trekninger. N\u00e5r du har gjort valgene dine, er neste steg \u00e5 betale for billetten. P\u00e5 dette tidspunktet ber vi deg om \u00e5 registrere deg hos oss. Dette er n\u00f8dvendig av flere grunner:<\/p>\n<ul>\n<li>Ved \u00e5 registrere deg kan du lagre billettene dine trygt, da du trenger dem for \u00e5 kreve eventuelle gevinster.<\/li>\n<li>Du kan enkelt sjekke trekningens resultater, og hvis du vinner en premie, vil du bli varslet via din kontrollpanel og e-post.<\/li>\n<li>Du kan ogs\u00e5 ta ut gevinstene dine direkte via plattformen v\u00e5r.<\/li>\n<\/ul>\n<h2>Hvordan vinne i lotteriet<\/h2>\n<p>Under trekningene trekkes seks tall mellom 1 og 49. Bonusnummeret, kjent som **Superzahl**, trekkes fra en annen maskin. Hvis tallene dine samsvarer med trekningen, vinner du hovedpremien (jackpotten).<\/p>\n<p>Det er viktig \u00e5 merke seg at jackpotten ikke er den eneste premien spillere kan vinne i det tyske lottoet. Dette europeiske lotteriet har hele 10 ulike premiekategorier, og du kan til og med vinne en premie for \u00e5 matche to tall pluss bonusnummeret.<\/p>\n<p>Som nevnt tidligere er vinnersjansene i dette lotteriet ganske gode. Sjansen for \u00e5 vinne jackpotten er 1 av 139 838 160, mens den totale sjansen for \u00e5 vinne en premie er 1 av 31. Hvis du aldri har pr\u00f8vd det tyske **6 aus 49**, kan det v\u00e6re en god tid \u00e5 begynne n\u00e5. Du kan gj\u00f8re det ved \u00e5 kj\u00f8pe en lottokupong hos **jackpotlotteryonline.com**.<\/p>\n<h2>Hvordan vite om du har en ekte lottokupong?<\/h2>\n<p><img loading=\"lazy\" decoding=\"async\" class=\"size-medium wp-image-27698 alignright\" src=\"https:\/\/jackpotlotteryonline.com\/wp-content\/uploads\/2022\/11\/1_lottery_results-300x150.jpg\" alt=\"kj\u00f8pe tysk lottokupong online\" width=\"300\" height=\"150\" srcset=\"https:\/\/jackpotlotteryonline.com\/wp-content\/uploads\/2022\/11\/1_lottery_results-300x150.jpg 300w, https:\/\/jackpotlotteryonline.com\/wp-content\/uploads\/2022\/11\/1_lottery_results.jpg 350w\" sizes=\"auto, (max-width: 300px) 100vw, 300px\" \/>Dette er et viktig sp\u00f8rsm\u00e5l, spesielt n\u00e5r du kj\u00f8per tyske lottokuponger p\u00e5 nettet. Du kan tro at du har kj\u00f8pt en gyldig kupong, men det kan vise seg at du ikke er registrert i lotteriet i det hele tatt.<\/p>\n<p>Lottokuponger har et serienummer trykt p\u00e5 dem, og dette nummeret er avgj\u00f8rende for \u00e5 fastsl\u00e5 om kupongen er ekte. P\u00e5 **jackpotlotteryonline.com** tilbyr vi en concierge-tjeneste for v\u00e5re kunder. Det betyr at n\u00e5r du kj\u00f8per dine online billetter via oss, vil kupongene ha de offisielle serienumrene fra det tyske lotteriet.<\/p>\n<p>Med v\u00e5r tjeneste f\u00e5r du direkte tilgang til lotteriet. Hvis tallene dine samsvarer med trekningen, vil du motta gevinsten din.<\/p>\n<h2>Hvordan kreve gevinstene dine?<\/h2>\n<p>Fordelen med \u00e5 spille lotteri hos oss er at du ikke trenger \u00e5 bekymre deg for \u00e5 kreve gevinstene dine. F\u00f8rst og fremst blir billetten din trygt lagret p\u00e5 kontoen din, s\u00e5 du trenger ikke bekymre deg for \u00e5 miste den. I 2021 gikk en jackpot p\u00e5 11,3 millioner euro tilbake til premiepuljen fordi ingen gjorde krav p\u00e5 den innen fristen p\u00e5 tre \u00e5r. Vi vil ikke at det samme skal skje med deg!<\/p>\n<p>For det andre, hvis du vinner noe, blir du umiddelbart varslet, og neste gang du logger inn p\u00e5 kontoen din, vil pengene v\u00e6re klare til \u00e5 tas ut. Bare overf\u00f8r pengene til din bankkonto, og du er klar til \u00e5 nyte gevinsten din.<\/p>\n<p>Vi vet at n\u00e5r du spiller lotteri, \u00f8nsker du \u00e5 ha det g\u00f8y. Det skal v\u00e6re en underholdende opplevelse. Derfor jobber vi hardt for \u00e5 gj\u00f8re hele prosessen enkel og problemfri, slik at du kan fokusere p\u00e5 spenningen ved \u00e5 spille.<\/p>\n<section class=\"layout\" style=\"border: solid 1px; width: 100%;\">\n<div class=\"img-div\" style=\"margin-top: 5px;\"><img decoding=\"async\" class=\"wp-image-17212 alignleft\" style=\"height: 45px; margin: 8px 8px 0px;\" src=\"https:\/\/jackpotlotteryonline.com\/wp-content\/uploads\/2022\/11\/read1.jpg\" alt=\"read\" width=\"\" height=\"\" \/><\/div>\n<div style=\"padding-left: 5px;\">\n<div style=\"font-size: 1.1em;\"><strong>Hvilken bil ville du kj\u00f8pt hvis du vant i lotteriet?<\/strong><\/p>\n<p style=\"font-size: 0.85em; margin-top: -1.5em;\">Vinn i lotteriet og kj\u00f8p en ny bil <a href=\"https:\/\/jackpotlotteryonline.com\/what-car-would-you-buy-if-you-win-the-lottery\">les mer<\/a><\/p>\n<\/div>\n<\/div>\n<\/section>\n<h2>Premiekategorier i 6 aus 49<\/h2>\n<p>Lurer du p\u00e5 hva du kan vinne n\u00e5r du spiller det tyske lottoet? Her er de forskjellige premiekategoriene og andelen av premiepotten som tildeles hver kategori.<\/p>\n<p>&#8211; Match 6 tall + Superzahl \u2013 12,80% (jackpot)<br \/>\n&#8211; Match 6 tall \u2013 10%<br \/>\n&#8211; Match 5 tall + Superzahl \u2013 5%<br \/>\n&#8211; Match 5 tall \u2013 15%<br \/>\n&#8211; Match 4 tall + Superzahl \u2013 5%<br \/>\n&#8211; Match 4 tall \u2013 10%<br \/>\n&#8211; Match 3 tall + Superzahl \u2013 10%<br \/>\n&#8211; Match 3 tall \u2013 45%<br \/>\n&#8211; Match 2 tall + Superzahl \u2013 20 euro<\/p>\n","protected":false},"excerpt":{"rendered":"<p>Spillere som bor utenfor Tyskland kan synes det er litt vanskelig \u00e5 kj\u00f8pe billetter til det tyske lottoet, men det trenger ikke v\u00e6re slik. Det tyske lottoet, ogs\u00e5 kjent som 6 aus 49, er et av de eldste lotteriene i Europa. Det ble etablert i 1955 og ble raskt landets ledende lotteri. Deltakelse i dette [&hellip;]<\/p>\n","protected":false},"author":7,"featured_media":0,"parent":73590,"menu_order":8,"comment_status":"closed","ping_status":"closed","template":"lotto-german-info.php","meta":{"_et_pb_use_builder":"","_et_pb_old_content":"","_et_gb_content_width":"","exclude_from_search":false,"footnotes":""},"class_list":["post-73781","page","type-page","status-publish","hentry"],"yoast_head":"<!-- This site is optimized with the Yoast SEO plugin v23.3 - https:\/\/yoast.com\/wordpress\/plugins\/seo\/ -->\n<title>Kj\u00f8p billetter til tysk Lotto utenfor Tyskland | Tysk Lotto online<\/title>\n<meta name=\"description\" content=\"Billetter til det tyske Lotto 6\/49 er tilgjengelige her. Du kan trygt kj\u00f8pe dem online her, selv fra utenfor Tyskland\" \/>\n<meta name=\"robots\" content=\"index, follow, max-snippet:-1, max-image-preview:large, max-video-preview:-1\" \/>\n<link rel=\"canonical\" href=\"https:\/\/jackpotlotteryonline.com\/no\/hvordan-kjope-lotteribilletter-online\/kjope-billetter-til-lotto-germany\/\" \/>\n<meta property=\"og:locale\" content=\"nb_NO\" \/>\n<meta property=\"og:type\" content=\"article\" \/>\n<meta property=\"og:title\" content=\"Kj\u00f8p billetter til tysk Lotto utenfor Tyskland | Tysk Lotto online\" \/>\n<meta property=\"og:description\" content=\"Billetter til det tyske Lotto 6\/49 er tilgjengelige her. Du kan trygt kj\u00f8pe dem online her, selv fra utenfor Tyskland\" \/>\n<meta property=\"og:url\" content=\"https:\/\/jackpotlotteryonline.com\/no\/hvordan-kjope-lotteribilletter-online\/kjope-billetter-til-lotto-germany\/\" \/>\n<meta property=\"og:site_name\" content=\"Lotto Online - Crack The International Lottery Jackpots\" \/>\n<meta property=\"og:image\" content=\"https:\/\/jackpotlotteryonline.com\/wp-content\/uploads\/2022\/11\/2_ticket_euromillions3-1-111x300.jpg\" \/>\n<meta name=\"twitter:card\" content=\"summary_large_image\" \/>\n<meta name=\"twitter:label1\" content=\"Ansl. lesetid\" \/>\n\t<meta name=\"twitter:data1\" content=\"5 minutter\" \/>\n<!-- \/ Yoast SEO plugin. -->","yoast_head_json":{"title":"Kj\u00f8p billetter til tysk Lotto utenfor Tyskland | Tysk Lotto online","description":"Billetter til det tyske Lotto 6\/49 er tilgjengelige her. Du kan trygt kj\u00f8pe dem online her, selv fra utenfor Tyskland","robots":{"index":"index","follow":"follow","max-snippet":"max-snippet:-1","max-image-preview":"max-image-preview:large","max-video-preview":"max-video-preview:-1"},"canonical":"https:\/\/jackpotlotteryonline.com\/no\/hvordan-kjope-lotteribilletter-online\/kjope-billetter-til-lotto-germany\/","og_locale":"nb_NO","og_type":"article","og_title":"Kj\u00f8p billetter til tysk Lotto utenfor Tyskland | Tysk Lotto online","og_description":"Billetter til det tyske Lotto 6\/49 er tilgjengelige her. Du kan trygt kj\u00f8pe dem online her, selv fra utenfor Tyskland","og_url":"https:\/\/jackpotlotteryonline.com\/no\/hvordan-kjope-lotteribilletter-online\/kjope-billetter-til-lotto-germany\/","og_site_name":"Lotto Online - Crack The International Lottery Jackpots","og_image":[{"url":"https:\/\/jackpotlotteryonline.com\/wp-content\/uploads\/2022\/11\/2_ticket_euromillions3-1-111x300.jpg"}],"twitter_card":"summary_large_image","twitter_misc":{"Ansl. lesetid":"5 minutter"},"schema":{"@context":"https:\/\/schema.org","@graph":[{"@type":"WebPage","@id":"https:\/\/jackpotlotteryonline.com\/no\/hvordan-kjope-lotteribilletter-online\/kjope-billetter-til-lotto-germany\/","url":"https:\/\/jackpotlotteryonline.com\/no\/hvordan-kjope-lotteribilletter-online\/kjope-billetter-til-lotto-germany\/","name":"Kj\u00f8p billetter til tysk Lotto utenfor Tyskland | Tysk Lotto online","isPartOf":{"@id":"https:\/\/jackpotlotteryonline.com\/#website"},"primaryImageOfPage":{"@id":"https:\/\/jackpotlotteryonline.com\/no\/hvordan-kjope-lotteribilletter-online\/kjope-billetter-til-lotto-germany\/#primaryimage"},"image":{"@id":"https:\/\/jackpotlotteryonline.com\/no\/hvordan-kjope-lotteribilletter-online\/kjope-billetter-til-lotto-germany\/#primaryimage"},"thumbnailUrl":"https:\/\/jackpotlotteryonline.com\/wp-content\/uploads\/2022\/11\/2_ticket_euromillions3-1-111x300.jpg","datePublished":"2025-02-05T07:21:18+00:00","dateModified":"2025-02-05T07:21:18+00:00","description":"Billetter til det tyske Lotto 6\/49 er tilgjengelige her. Du kan trygt kj\u00f8pe dem online her, selv fra utenfor Tyskland","breadcrumb":{"@id":"https:\/\/jackpotlotteryonline.com\/no\/hvordan-kjope-lotteribilletter-online\/kjope-billetter-til-lotto-germany\/#breadcrumb"},"inLanguage":"nb-NO","potentialAction":[{"@type":"ReadAction","target":["https:\/\/jackpotlotteryonline.com\/no\/hvordan-kjope-lotteribilletter-online\/kjope-billetter-til-lotto-germany\/"]}]},{"@type":"ImageObject","inLanguage":"nb-NO","@id":"https:\/\/jackpotlotteryonline.com\/no\/hvordan-kjope-lotteribilletter-online\/kjope-billetter-til-lotto-germany\/#primaryimage","url":"https:\/\/jackpotlotteryonline.com\/wp-content\/uploads\/2022\/11\/2_ticket_euromillions3-1-111x300.jpg","contentUrl":"https:\/\/jackpotlotteryonline.com\/wp-content\/uploads\/2022\/11\/2_ticket_euromillions3-1-111x300.jpg"},{"@type":"BreadcrumbList","@id":"https:\/\/jackpotlotteryonline.com\/no\/hvordan-kjope-lotteribilletter-online\/kjope-billetter-til-lotto-germany\/#breadcrumb","itemListElement":[{"@type":"ListItem","position":1,"name":"Home","item":"https:\/\/jackpotlotteryonline.com\/no\/"},{"@type":"ListItem","position":2,"name":"Hvordan kj\u00f8pe lotteribilletter online","item":"https:\/\/jackpotlotteryonline.com\/no\/hvordan-kjope-lotteribilletter-online\/"},{"@type":"ListItem","position":3,"name":"Kj\u00f8pe billetter til Lotto Germany"}]},{"@type":"WebSite","@id":"https:\/\/jackpotlotteryonline.com\/#website","url":"https:\/\/jackpotlotteryonline.com\/","name":"Lotto Online - Crack The International Lottery Jackpots","description":"","potentialAction":[{"@type":"SearchAction","target":{"@type":"EntryPoint","urlTemplate":"https:\/\/jackpotlotteryonline.com\/?s={search_term_string}"},"query-input":"required name=search_term_string"}],"inLanguage":"nb-NO"}]}},"_links":{"self":[{"href":"https:\/\/jackpotlotteryonline.com\/no\/wp-json\/wp\/v2\/pages\/73781","targetHints":{"allow":["GET"]}}],"collection":[{"href":"https:\/\/jackpotlotteryonline.com\/no\/wp-json\/wp\/v2\/pages"}],"about":[{"href":"https:\/\/jackpotlotteryonline.com\/no\/wp-json\/wp\/v2\/types\/page"}],"author":[{"embeddable":true,"href":"https:\/\/jackpotlotteryonline.com\/no\/wp-json\/wp\/v2\/users\/7"}],"replies":[{"embeddable":true,"href":"https:\/\/jackpotlotteryonline.com\/no\/wp-json\/wp\/v2\/comments?post=73781"}],"version-history":[{"count":0,"href":"https:\/\/jackpotlotteryonline.com\/no\/wp-json\/wp\/v2\/pages\/73781\/revisions"}],"up":[{"embeddable":true,"href":"https:\/\/jackpotlotteryonline.com\/no\/wp-json\/wp\/v2\/pages\/73590"}],"wp:attachment":[{"href":"https:\/\/jackpotlotteryonline.com\/no\/wp-json\/wp\/v2\/media?parent=73781"}],"curies":[{"name":"wp","href":"https:\/\/api.w.org\/{rel}","templated":true}]}}