{"id":73804,"date":"2025-02-05T07:48:08","date_gmt":"2025-02-05T07:48:08","guid":{"rendered":"https:\/\/jackpotlotteryonline.com\/?page_id=73804"},"modified":"2025-02-05T07:48:08","modified_gmt":"2025-02-05T07:48:08","slug":"kjop-av-franske-lotto-billetter","status":"publish","type":"page","link":"https:\/\/jackpotlotteryonline.com\/no\/hvordan-kjope-lotteribilletter-online\/kjop-av-franske-lotto-billetter\/","title":{"rendered":"Kj\u00f8p av Franske Lotto Billetter"},"content":{"rendered":"<p>Kan vi kj\u00f8pe billetter til den Franske Lottoen fra land utenfor Europa? Enten du er en erfaren lotterispiller eller en nybegynner, har du kanskje lurt p\u00e5 hvorfor du b\u00f8r bry deg om akkurat denne lotterien. Vi deler noen grunner til at vi mener at Franske Lotto er et flott spill, og hvis du bor utenfor Frankrike, vil vi vise deg hvordan du kan delta i dette lotteriet.<\/p>\n<p>Lotteri er et spill om flaks, og noen ganger er det n\u00f8dvendig \u00e5 utvide horisonten for \u00e5 \u00f8ke sjansene for gevinst. Det betyr at det kan v\u00e6re nyttig \u00e5 utforske andre lotterier for \u00e5 \u00f8ke vinnersjansene. Franske Lotto er et av de lotteriene, og i denne artikkelen vil vi dele hvorfor du b\u00f8r pr\u00f8ve \u00e5 spille.<\/p>\n<p>## Imponerende Premiepotter<\/p>\n<p>Franske Lotto, ogs\u00e5 kjent som *Loto*, tiltrekker spillere fra hele verden takket v\u00e6re sine attraktive premier. Startpremien er minst 2 millioner euro (ca. 29 millioner kroner), og hvis det ikke er noen vinner, fortsetter premien \u00e5 vokse.<\/p>\n<p>Du vil merke at premiene i Franske Lotto \u00f8ker betydelig n\u00e5r det ikke er noen vinner, og den kan n\u00e5 et bel\u00f8p p\u00e5 mer enn 11 millioner euro (ca. 158 millioner kroner).<\/p>\n<p>N\u00e5r det ikke er noen vinner, fortsetter premien \u00e5 vokse med 1 million euro (ca. 14 millioner kroner) for hver trekning, og den kan akkumulere seg i opptil 34 trekninger.<\/p>\n<p>## Tre Trekninger per Uke<\/p>\n<p>En annen faktor som gj\u00f8r dette lotteriet s\u00e5 attraktivt, er antallet trekninger. [Franske Lotto har tre trekninger per uke](https:\/\/jackpotlotteryonline.com\/winning-numbers\/france-lotto), noe som gir spillerne mange muligheter til \u00e5 pr\u00f8ve \u00e5 vinne en premie. Trekningene finner sted hver mandag, onsdag og l\u00f8rdag.<\/p>\n<p>Hvis du velger \u00e5 spille dette lotteriet, er det en flott m\u00e5te \u00e5 \u00f8ke vinnersjansene dine p\u00e5 ved \u00e5 delta i flere trekninger.<\/p>\n<p>10 Forskjellige Gevinstkategorier<\/p>\n<p>Selv om hovedpremien er fristende, gir [Franske Lotto](https:\/\/jackpotlotteryonline.com\/play-online\/france-lotto) mange andre muligheter for \u00e5 vinne. Lotteriet tilbyr 10 forskjellige gevinstkategorier. Selv om du bare treffer p\u00e5 &#8220;Chance number&#8221;, kan du vinne en premie.<\/p>\n<p>Dette er gevinstkategoriene:<\/p>\n<p>&#8211; 5 tall + Chance number \u2013 Jackpot<br \/>\n&#8211; 5 tall alene\u2013 8.44% av totalpremien<br \/>\n&#8211; 4 tall + Chance number** \u2013 2.06% av totalpremien<br \/>\n&#8211; 4 tall alene \u2013 7.43% av totalpremien<br \/>\n&#8211; 3 tall + Chance number** \u2013 4.44% av totalpremien<br \/>\n&#8211; 3 tall alene \u2013 15.98% av totalpremien<br \/>\n&#8211; 2 tall + Chance number** \u2013 12.43% av totalpremien<br \/>\n&#8211; 2 tall alene \u2013 49.22% av totalpremien<br \/>\n&#8211; 1 tall + Chance number \u2013 \u20ac2.20 (ca. 300 kroner)<br \/>\n&#8211; Chance number alene \u2013 \u20ac2.20 (ca. 300 kroner)<\/p>\n<p>Enkel Deltakelse Online og Offline<\/p>\n<p>En annen grunn til at du b\u00f8r spille Franske Lotto er at det er veldig enkelt \u00e5 delta. Hvis du bor i Frankrike, kan du bes\u00f8ke et offisielt utsalgssted og kj\u00f8pe billetter. P\u00e5 billetten m\u00e5 du velge 5 hovedtall og 1 Chance number. For bedre sjanser kan du velge flere rader med tall.<\/p>\n<p>Hvis du derimot bor utenfor Frankrike, kan du ikke kj\u00f8pe billetter p\u00e5 utsalgssteder, s\u00e5 **online deltakelse er det beste alternativet**. N\u00e5r du deltar online, velger du 5 hovedtall og 1 Chance number.<\/p>\n<p>Kj\u00f8p Franske Lotto Billetter p\u00e5 Jackpotlotteryonline.com<\/p>\n<p>Hvis du er ny til \u00e5 kj\u00f8pe lotteribilletter online, kan du bli forvirret av alle nettsidene som p\u00e5st\u00e5r at de selger billetter. Men hvordan finner du en trygg og p\u00e5litelig leverand\u00f8r? Det er enkelt. Du m\u00e5 finne en nettside som tilbyr **concierge-tjenester**.<\/p>\n<p>P\u00e5 [Jackpotlotteryonline.com](https:\/\/jackpotlotteryonline.com) tilbyr vi concierge-tjenester som hjelper deg med \u00e5 delta i \u00f8nsket lotteri. N\u00e5r du kj\u00f8per billett p\u00e5 nettsiden, vil v\u00e5re agenter kj\u00f8pe billetten din fra det franske utsalgsstedet.<\/p>\n<p>Denne prosessen er ikke bare et veddem\u00e5l, men faktisk deltakelse i Franske Lotto, noe som betyr at hvis du vinner, vil du motta en ekte premie.<\/p>\n<p>## Hvordan \u00d8ke Dine Sjansene for \u00c5 Vinne<\/p>\n<p>Lotteri er et spill om tall. Jo mer du spiller, desto h\u00f8yere er sjansen for \u00e5 vinne. Mange vinnere har sagt at de har spilt i \u00e5revis f\u00f8r de vant en premie. Her er noen tips for \u00e5 \u00f8ke vinnersjansene dine:<\/p>\n<p>&#8211; Kj\u00f8p flere billetter. En enkelt billett gir lavere sjanser, men \u00e5 kj\u00f8pe flere billetter \u00f8ker sjansene betydelig.<br \/>\n&#8211; Delta i flere trekninger. Dette er en annen m\u00e5te \u00e5 \u00f8ke sjansene p\u00e5.<br \/>\n&#8211; **Bli med i et lotteri-lag (gruppespill).** Med flere personer som samler penger for flere billetter, \u00f8kes sjansene for \u00e5 vinne.<br \/>\n&#8211; Ha en positiv holdning. Mange vinnere har hatt troen p\u00e5 at de vil vinne.<br \/>\n&#8211; **Gi aldri opp.** Selv om du ikke vinner med en gang, fortsett \u00e5 delta.<br \/>\n&#8211; Ha det g\u00f8y med spillet! Til slutt er lotteri et spill, og det viktigste er \u00e5 ha det g\u00f8y.<\/p>\n<p>## Kj\u00f8p Dine Franske Lotto Billetter I Dag<\/p>\n<p>Hvis du er interessert i \u00e5 spille Franske Lotto, er det p\u00e5 tide \u00e5 kj\u00f8pe ditt spill. Heldigvis kan du kj\u00f8pe billetter online i dag, uansett hvor du er.<\/p>\n<p>Registrer deg p\u00e5 Jackpotlotteryonline.com, og du trenger ikke bekymre deg for tapte billetter eller glemte resultater. N\u00e5r du vinner, vil du bli varslet, og du kan enkelt hente gevinstbel\u00f8pet ditt.<\/p>\n<p>Lotteri kan v\u00e6re enkelt og stressfritt. Hvem vet, i dag kan v\u00e6re din heldige dag. Kj\u00f8p dine billetter til Franske Lotto i dag!<\/p>\n","protected":false},"excerpt":{"rendered":"<p>Kan vi kj\u00f8pe billetter til den Franske Lottoen fra land utenfor Europa? Enten du er en erfaren lotterispiller eller en nybegynner, har du kanskje lurt p\u00e5 hvorfor du b\u00f8r bry deg om akkurat denne lotterien. Vi deler noen grunner til at vi mener at Franske Lotto er et flott spill, og hvis du bor utenfor [&hellip;]<\/p>\n","protected":false},"author":7,"featured_media":0,"parent":73590,"menu_order":9,"comment_status":"closed","ping_status":"closed","template":"lotto-fr-info.php","meta":{"_et_pb_use_builder":"","_et_pb_old_content":"","_et_gb_content_width":"","exclude_from_search":false,"footnotes":""},"class_list":["post-73804","page","type-page","status-publish","hentry"],"yoast_head":"<!-- This site is optimized with the Yoast SEO plugin v23.3 - https:\/\/yoast.com\/wordpress\/plugins\/seo\/ -->\n<title>Kj\u00f8p billetter til French Lotto fra utenfor Frankrike | F\u00e5 France Lotto-billetter online<\/title>\n<meta name=\"description\" content=\"For \u00e5 kj\u00f8pe billetter til France Lotto trenger du ikke v\u00e6re i Frankrike. F\u00e5 dine billetter til det franske lotteriet online her!\" \/>\n<meta name=\"robots\" content=\"index, follow, max-snippet:-1, max-image-preview:large, max-video-preview:-1\" \/>\n<link rel=\"canonical\" href=\"https:\/\/jackpotlotteryonline.com\/no\/hvordan-kjope-lotteribilletter-online\/kjop-av-franske-lotto-billetter\/\" \/>\n<meta property=\"og:locale\" content=\"nb_NO\" \/>\n<meta property=\"og:type\" content=\"article\" \/>\n<meta property=\"og:title\" content=\"Kj\u00f8p billetter til French Lotto fra utenfor Frankrike | F\u00e5 France Lotto-billetter online\" \/>\n<meta property=\"og:description\" content=\"For \u00e5 kj\u00f8pe billetter til France Lotto trenger du ikke v\u00e6re i Frankrike. F\u00e5 dine billetter til det franske lotteriet online her!\" \/>\n<meta property=\"og:url\" content=\"https:\/\/jackpotlotteryonline.com\/no\/hvordan-kjope-lotteribilletter-online\/kjop-av-franske-lotto-billetter\/\" \/>\n<meta property=\"og:site_name\" content=\"Lotto Online - Crack The International Lottery Jackpots\" \/>\n<meta name=\"twitter:card\" content=\"summary_large_image\" \/>\n<!-- \/ Yoast SEO plugin. -->","yoast_head_json":{"title":"Kj\u00f8p billetter til French Lotto fra utenfor Frankrike | F\u00e5 France Lotto-billetter online","description":"For \u00e5 kj\u00f8pe billetter til France Lotto trenger du ikke v\u00e6re i Frankrike. F\u00e5 dine billetter til det franske lotteriet online her!","robots":{"index":"index","follow":"follow","max-snippet":"max-snippet:-1","max-image-preview":"max-image-preview:large","max-video-preview":"max-video-preview:-1"},"canonical":"https:\/\/jackpotlotteryonline.com\/no\/hvordan-kjope-lotteribilletter-online\/kjop-av-franske-lotto-billetter\/","og_locale":"nb_NO","og_type":"article","og_title":"Kj\u00f8p billetter til French Lotto fra utenfor Frankrike | F\u00e5 France Lotto-billetter online","og_description":"For \u00e5 kj\u00f8pe billetter til France Lotto trenger du ikke v\u00e6re i Frankrike. F\u00e5 dine billetter til det franske lotteriet online her!","og_url":"https:\/\/jackpotlotteryonline.com\/no\/hvordan-kjope-lotteribilletter-online\/kjop-av-franske-lotto-billetter\/","og_site_name":"Lotto Online - Crack The International Lottery Jackpots","twitter_card":"summary_large_image","schema":{"@context":"https:\/\/schema.org","@graph":[{"@type":"WebPage","@id":"https:\/\/jackpotlotteryonline.com\/no\/hvordan-kjope-lotteribilletter-online\/kjop-av-franske-lotto-billetter\/","url":"https:\/\/jackpotlotteryonline.com\/no\/hvordan-kjope-lotteribilletter-online\/kjop-av-franske-lotto-billetter\/","name":"Kj\u00f8p billetter til French Lotto fra utenfor Frankrike | F\u00e5 France Lotto-billetter online","isPartOf":{"@id":"https:\/\/jackpotlotteryonline.com\/#website"},"datePublished":"2025-02-05T07:48:08+00:00","dateModified":"2025-02-05T07:48:08+00:00","description":"For \u00e5 kj\u00f8pe billetter til France Lotto trenger du ikke v\u00e6re i Frankrike. F\u00e5 dine billetter til det franske lotteriet online her!","breadcrumb":{"@id":"https:\/\/jackpotlotteryonline.com\/no\/hvordan-kjope-lotteribilletter-online\/kjop-av-franske-lotto-billetter\/#breadcrumb"},"inLanguage":"nb-NO","potentialAction":[{"@type":"ReadAction","target":["https:\/\/jackpotlotteryonline.com\/no\/hvordan-kjope-lotteribilletter-online\/kjop-av-franske-lotto-billetter\/"]}]},{"@type":"BreadcrumbList","@id":"https:\/\/jackpotlotteryonline.com\/no\/hvordan-kjope-lotteribilletter-online\/kjop-av-franske-lotto-billetter\/#breadcrumb","itemListElement":[{"@type":"ListItem","position":1,"name":"Home","item":"https:\/\/jackpotlotteryonline.com\/no\/"},{"@type":"ListItem","position":2,"name":"Hvordan kj\u00f8pe lotteribilletter online","item":"https:\/\/jackpotlotteryonline.com\/no\/hvordan-kjope-lotteribilletter-online\/"},{"@type":"ListItem","position":3,"name":"Kj\u00f8p av Franske Lotto Billetter"}]},{"@type":"WebSite","@id":"https:\/\/jackpotlotteryonline.com\/#website","url":"https:\/\/jackpotlotteryonline.com\/","name":"Lotto Online - Crack The International Lottery Jackpots","description":"","potentialAction":[{"@type":"SearchAction","target":{"@type":"EntryPoint","urlTemplate":"https:\/\/jackpotlotteryonline.com\/?s={search_term_string}"},"query-input":"required name=search_term_string"}],"inLanguage":"nb-NO"}]}},"_links":{"self":[{"href":"https:\/\/jackpotlotteryonline.com\/no\/wp-json\/wp\/v2\/pages\/73804","targetHints":{"allow":["GET"]}}],"collection":[{"href":"https:\/\/jackpotlotteryonline.com\/no\/wp-json\/wp\/v2\/pages"}],"about":[{"href":"https:\/\/jackpotlotteryonline.com\/no\/wp-json\/wp\/v2\/types\/page"}],"author":[{"embeddable":true,"href":"https:\/\/jackpotlotteryonline.com\/no\/wp-json\/wp\/v2\/users\/7"}],"replies":[{"embeddable":true,"href":"https:\/\/jackpotlotteryonline.com\/no\/wp-json\/wp\/v2\/comments?post=73804"}],"version-history":[{"count":0,"href":"https:\/\/jackpotlotteryonline.com\/no\/wp-json\/wp\/v2\/pages\/73804\/revisions"}],"up":[{"embeddable":true,"href":"https:\/\/jackpotlotteryonline.com\/no\/wp-json\/wp\/v2\/pages\/73590"}],"wp:attachment":[{"href":"https:\/\/jackpotlotteryonline.com\/no\/wp-json\/wp\/v2\/media?parent=73804"}],"curies":[{"name":"wp","href":"https:\/\/api.w.org\/{rel}","templated":true}]}}