{"id":73831,"date":"2025-02-05T08:16:38","date_gmt":"2025-02-05T08:16:38","guid":{"rendered":"https:\/\/jackpotlotteryonline.com\/?page_id=73831"},"modified":"2025-02-05T08:16:38","modified_gmt":"2025-02-05T08:16:38","slug":"kjop-el-gordo-billetter","status":"publish","type":"page","link":"https:\/\/jackpotlotteryonline.com\/no\/hvordan-kjope-lotteribilletter-online\/kjop-el-gordo-billetter\/","title":{"rendered":"Kj\u00f8p El Gordo-billetter"},"content":{"rendered":"<h2>Den fantastiske spanske lottoen<\/h2>\n<p>El Gordo n\u00e6rmer seg, og ikke alle har lykken til \u00e5 bo i eller reise til Spania. Likevel er spillere overalt begeistret ved tanken p\u00e5 \u00e5 delta i det morsomme og festlige som omgir denne lottoen. Spillere som bor utenfor landet kan ogs\u00e5 delta, og vi viser deg hvordan.<\/p>\n<p>Hvis du er ny til <a href=\"https:\/\/jackpotlotteryonline.com\/play-online\/el-gordo\">\u00e5 spille lotto<\/a>, kan det v\u00e6re interessant \u00e5 vite at dette er en spansk lotto. Den heter El Gordo, som betyr &#8220;den fete&#8221;, p\u00e5 grunn av den store jackpotten. Det sies \u00e5 v\u00e6re den st\u00f8rste jackpotten i verden.<\/p>\n<p>S\u00e5, hvordan kan du f\u00e5 en del av moroa, selv om du ikke bor i Spania? Les videre, s\u00e5 forteller vi deg alt.<\/p>\n<h2>Hvordan kj\u00f8pe El Gordo-billetter fra utenfor Spania<\/h2>\n<p><img loading=\"lazy\" decoding=\"async\" class=\"size-full wp-image-17870 alignright\" src=\"https:\/\/jackpotlotteryonline.com\/wp-content\/uploads\/2022\/10\/lotto_euros.jpg\" alt=\"Buy El Gordo tickets\" width=\"225\" height=\"134\" \/><br \/>\nDen enkleste m\u00e5ten \u00e5 kj\u00f8pe billetter til El Gordo-lottoen p\u00e5 er via internett fra en online lotterileverand\u00f8r som jackpotlotteryonline.com. Vi tilbyr en s\u00f8ml\u00f8s tjeneste som gj\u00f8r det enkelt og behagelig \u00e5 spille p\u00e5 ledende internasjonale lotterier. N\u00e5r du registrerer deg hos oss, f\u00e5r du en skreddersydd plattform tilpasset dine behov.<\/p>\n<p>Vi \u00f8nsker \u00e5 s\u00f8rge for at kundene v\u00e5re opplever den gleden som f\u00f8lger med \u00e5 spille lotto. N\u00e5r du deltar i El Gordo, blir du en del av historie og tradisjon. Denne spanske lottoen er ogs\u00e5 kjent som julelotto, og sesongen er ikke den samme uten den.<\/p>\n<p>\u00c5 delta i den spanske julelottoen kan v\u00e6re litt forvirrende hvis det er din f\u00f8rste gang. I motsetning til andre lotterier f\u00e5r du ikke velge dine egne tall \u2013 hvert kupongark har allerede tall trykt p\u00e5 seg. Som om det ikke var nok, er det 100 000 tall i El Gordo-lottoen. P\u00e5 jackpotlotteryonline.com veileder vi deg gjennom hvert steg.<\/p>\n<h2>Hvorfor du b\u00f8r delta i El Gordo<\/h2>\n<p>Det er flere grunner til at spillere over hele verden elsker El Gordo. Vi nevnte at den er dypt forankret i historie og tradisjon. Lotteriet hadde sitt f\u00f8rste trekk i 1812, noe som betyr at det er over 200 \u00e5r gammelt. El Gordo er den nest eldste lottoen som fortsatt spilles i verden, og den har blitt en del av spansk kultur.<\/p>\n<p><a href=\"https:\/\/jackpotlotteryonline.com\/winning-numbers\/el-gordo-draw-results\">Trekningen<\/a> holdes 22. desember hvert \u00e5r, noe som er en flott m\u00e5te \u00e5 tilf\u00f8re farge til h\u00f8ytiden. Selve trekningen er en stor begivenhet, der resultatene blir sunget ut av elever fra San Ildefonso-skolen. Vi nevnte at El Gordo er full av tradisjon \u2013 det er virkelig noe som b\u00e5de nye og gamle spillere ser frem til hvert \u00e5r.<\/p>\n<p>I tillegg er El Gordo en lotto som fremmer og feirer fellesskap. Billettene er delt opp i flere underseksjoner, og det er ganske vanlig at nabolag abonnerer p\u00e5 en underseksjon. S\u00e5 hvorfor ikke gj\u00f8re noe spesielt for familie og venner ved \u00e5 delta i El Gordo sammen? Det er en fantastisk m\u00e5te \u00e5 feire jul p\u00e5.<\/p>\n<section class=\"layout\" style=\"border: solid 1px; width: 100%;\">\n<div class=\"img-div\" style=\"margin-top: 5px;\">\n    <img decoding=\"async\" class=\"wp-image-17212 alignleft\" style=\"height: 45px; margin: 8px 8px 0px;\" src=\"https:\/\/jackpotlotteryonline.com\/wp-content\/uploads\/2022\/11\/read1.jpg\" alt=\"read\" width=\"\" height=\"\" \/>\n  <\/div>\n<div style=\"padding-left: 5px;\">\n<div style=\"font-size: 1.1em;\">\n      <strong>Mist ikke trekningstidene for verdens st\u00f8rste lottod\u017eekpot<\/strong><\/p>\n<p style=\"font-size: 0.85em; margin-top: -1.5em;\">En liste over trekningstidene for internasjonale lotterier \u2013 <span style=\"box-sizing: border-box; margin: 0px; padding: 0px;\">\u00a0<a href=\"https:\/\/jackpotlotteryonline.com\/when-are-the-draw-times-for-the-international-lotteries\" target=\"_blank\" rel=\"noopener\">Les mer<\/a><\/span><a href=\"https:\/\/jackpotlotteryonline.com\/when-are-the-draw-times-for-the-international-lotteries\">\u00a0mer<\/a><\/p>\n<\/p><\/div>\n<\/p><\/div>\n<\/section>\n<h2>Hvordan spille El Gordo<\/h2>\n<p><img loading=\"lazy\" decoding=\"async\" class=\"alignright size-full wp-image-32459\" src=\"https:\/\/jackpotlotteryonline.com\/wp-content\/uploads\/2022\/11\/2_ticket_el_gordo-1.jpg\" alt=\"play El Gordo\" width=\"213\" height=\"300\" \/><br \/>\nN\u00e5r du deltar i den spanske julelottoen, kan kupongen din ha tall som spenner fra 00000 til 99999. Hver billett er delt opp i ti deler, som videre deles inn i underdeler. Uansett budsjettet ditt, kan du finne en billett som passer deg.<\/p>\n<p>Det er ogs\u00e5 interessant at spillere i El Gordo har sv\u00e6rt h\u00f8ye vinnersjanser. Den totale jackpotten utgj\u00f8r milliarder av euro, og sjansene er utrolige. Dermed kan spillere dra hjem med tusenvis av euro selv om de ikke vinner hovedpremien.<\/p>\n<p>N\u00e5r du har kj\u00f8pt billetten, er alt du trenger \u00e5 gj\u00f8re \u00e5 vente p\u00e5 trekningen den 22. desember. P\u00e5 nettstedet v\u00e5rt ber vi kundene v\u00e5re registrere seg, slik at vi umiddelbart kan varsle dem om de har vunnet. I tillegg er det enkelt \u00e5 ta ut gevinstene dine via plattformen v\u00e5r.<\/p>\n<h2>Trinn for \u00e5 spille El Gordo online<\/h2>\n<p>N\u00e5 som du er like begeistret som oss for den spanske julelottoen, la oss g\u00e5 gjennom trinnene:<\/p>\n<ol>\n<li>Kj\u00f8p El Gordo-billetten p\u00e5 nettstedet v\u00e5rt<\/li>\n<li>Registrer deg slik at vi kan kontakte deg hvis du vinner<\/li>\n<li>Vent p\u00e5 trekningen<\/li>\n<li>Ta ut gevinstene dine hvis du vinner<\/li>\n<\/ol>\n<p>Det er s\u00e5 enkelt n\u00e5r du registrerer deg hos oss. Vi fjerner alle komplikasjoner, slik at du kun har gleden av spillet igjen. Hvis du er p\u00e5 utkikk etter en lotto med gode vinnersjanser som du kan ha det g\u00f8y med, trenger du ikke lete lenger.<\/p>\n<p>Vi b\u00f8r nevne at selv om El Gordo har fantastiske vinnersjanser, er det et sjansespill. Det er ingen garanti for at du vil vinne, men det er heller ingen grunn til at du ikke kan. Den eneste m\u00e5ten \u00e5 f\u00e5 en sjanse til \u00e5 vinne er \u00e5 delta i lotteriet i utgangspunktet. S\u00e5 registrer deg hos oss n\u00e5 for \u00e5 kj\u00f8pe julelotto-billetter for Spania.<\/p>\n","protected":false},"excerpt":{"rendered":"<p>Den fantastiske spanske lottoen El Gordo n\u00e6rmer seg, og ikke alle har lykken til \u00e5 bo i eller reise til Spania. Likevel er spillere overalt begeistret ved tanken p\u00e5 \u00e5 delta i det morsomme og festlige som omgir denne lottoen. Spillere som bor utenfor landet kan ogs\u00e5 delta, og vi viser deg hvordan. Hvis du [&hellip;]<\/p>\n","protected":false},"author":7,"featured_media":0,"parent":73590,"menu_order":6,"comment_status":"closed","ping_status":"closed","template":"el-gordo-info.php","meta":{"_et_pb_use_builder":"","_et_pb_old_content":"","_et_gb_content_width":"","exclude_from_search":false,"footnotes":""},"class_list":["post-73831","page","type-page","status-publish","hentry"],"yoast_head":"<!-- This site is optimized with the Yoast SEO plugin v23.3 - https:\/\/yoast.com\/wordpress\/plugins\/seo\/ -->\n<title>Kj\u00f8p El Gordo-billetter fra utenfor Spania | El Gordo-billetter online<\/title>\n<meta name=\"description\" content=\"Du kan kj\u00f8pe El Gordo-billetter online, selv om du bor utenfor Spania \u2013 her via v\u00e5r onlinetjeneste for billetter.\" \/>\n<meta name=\"robots\" content=\"index, follow, max-snippet:-1, max-image-preview:large, max-video-preview:-1\" \/>\n<link rel=\"canonical\" href=\"https:\/\/jackpotlotteryonline.com\/no\/hvordan-kjope-lotteribilletter-online\/kjop-el-gordo-billetter\/\" \/>\n<meta property=\"og:locale\" content=\"nb_NO\" \/>\n<meta property=\"og:type\" content=\"article\" \/>\n<meta property=\"og:title\" content=\"Kj\u00f8p El Gordo-billetter fra utenfor Spania | El Gordo-billetter online\" \/>\n<meta property=\"og:description\" content=\"Du kan kj\u00f8pe El Gordo-billetter online, selv om du bor utenfor Spania \u2013 her via v\u00e5r onlinetjeneste for billetter.\" \/>\n<meta property=\"og:url\" content=\"https:\/\/jackpotlotteryonline.com\/no\/hvordan-kjope-lotteribilletter-online\/kjop-el-gordo-billetter\/\" \/>\n<meta property=\"og:site_name\" content=\"Lotto Online - Crack The International Lottery Jackpots\" \/>\n<meta property=\"og:image\" content=\"https:\/\/jackpotlotteryonline.com\/wp-content\/uploads\/2022\/10\/lotto_euros.jpg\" \/>\n<meta name=\"twitter:card\" content=\"summary_large_image\" \/>\n<!-- \/ Yoast SEO plugin. -->","yoast_head_json":{"title":"Kj\u00f8p El Gordo-billetter fra utenfor Spania | El Gordo-billetter online","description":"Du kan kj\u00f8pe El Gordo-billetter online, selv om du bor utenfor Spania \u2013 her via v\u00e5r onlinetjeneste for billetter.","robots":{"index":"index","follow":"follow","max-snippet":"max-snippet:-1","max-image-preview":"max-image-preview:large","max-video-preview":"max-video-preview:-1"},"canonical":"https:\/\/jackpotlotteryonline.com\/no\/hvordan-kjope-lotteribilletter-online\/kjop-el-gordo-billetter\/","og_locale":"nb_NO","og_type":"article","og_title":"Kj\u00f8p El Gordo-billetter fra utenfor Spania | El Gordo-billetter online","og_description":"Du kan kj\u00f8pe El Gordo-billetter online, selv om du bor utenfor Spania \u2013 her via v\u00e5r onlinetjeneste for billetter.","og_url":"https:\/\/jackpotlotteryonline.com\/no\/hvordan-kjope-lotteribilletter-online\/kjop-el-gordo-billetter\/","og_site_name":"Lotto Online - Crack The International Lottery Jackpots","og_image":[{"url":"https:\/\/jackpotlotteryonline.com\/wp-content\/uploads\/2022\/10\/lotto_euros.jpg"}],"twitter_card":"summary_large_image","schema":{"@context":"https:\/\/schema.org","@graph":[{"@type":"WebPage","@id":"https:\/\/jackpotlotteryonline.com\/no\/hvordan-kjope-lotteribilletter-online\/kjop-el-gordo-billetter\/","url":"https:\/\/jackpotlotteryonline.com\/no\/hvordan-kjope-lotteribilletter-online\/kjop-el-gordo-billetter\/","name":"Kj\u00f8p El Gordo-billetter fra utenfor Spania | El Gordo-billetter online","isPartOf":{"@id":"https:\/\/jackpotlotteryonline.com\/#website"},"primaryImageOfPage":{"@id":"https:\/\/jackpotlotteryonline.com\/no\/hvordan-kjope-lotteribilletter-online\/kjop-el-gordo-billetter\/#primaryimage"},"image":{"@id":"https:\/\/jackpotlotteryonline.com\/no\/hvordan-kjope-lotteribilletter-online\/kjop-el-gordo-billetter\/#primaryimage"},"thumbnailUrl":"https:\/\/jackpotlotteryonline.com\/wp-content\/uploads\/2022\/10\/lotto_euros.jpg","datePublished":"2025-02-05T08:16:38+00:00","dateModified":"2025-02-05T08:16:38+00:00","description":"Du kan kj\u00f8pe El Gordo-billetter online, selv om du bor utenfor Spania \u2013 her via v\u00e5r onlinetjeneste for billetter.","breadcrumb":{"@id":"https:\/\/jackpotlotteryonline.com\/no\/hvordan-kjope-lotteribilletter-online\/kjop-el-gordo-billetter\/#breadcrumb"},"inLanguage":"nb-NO","potentialAction":[{"@type":"ReadAction","target":["https:\/\/jackpotlotteryonline.com\/no\/hvordan-kjope-lotteribilletter-online\/kjop-el-gordo-billetter\/"]}]},{"@type":"ImageObject","inLanguage":"nb-NO","@id":"https:\/\/jackpotlotteryonline.com\/no\/hvordan-kjope-lotteribilletter-online\/kjop-el-gordo-billetter\/#primaryimage","url":"https:\/\/jackpotlotteryonline.com\/wp-content\/uploads\/2022\/10\/lotto_euros.jpg","contentUrl":"https:\/\/jackpotlotteryonline.com\/wp-content\/uploads\/2022\/10\/lotto_euros.jpg"},{"@type":"BreadcrumbList","@id":"https:\/\/jackpotlotteryonline.com\/no\/hvordan-kjope-lotteribilletter-online\/kjop-el-gordo-billetter\/#breadcrumb","itemListElement":[{"@type":"ListItem","position":1,"name":"Home","item":"https:\/\/jackpotlotteryonline.com\/no\/"},{"@type":"ListItem","position":2,"name":"Hvordan kj\u00f8pe lotteribilletter online","item":"https:\/\/jackpotlotteryonline.com\/no\/hvordan-kjope-lotteribilletter-online\/"},{"@type":"ListItem","position":3,"name":"Kj\u00f8p El Gordo-billetter"}]},{"@type":"WebSite","@id":"https:\/\/jackpotlotteryonline.com\/#website","url":"https:\/\/jackpotlotteryonline.com\/","name":"Lotto Online - Crack The International Lottery Jackpots","description":"","potentialAction":[{"@type":"SearchAction","target":{"@type":"EntryPoint","urlTemplate":"https:\/\/jackpotlotteryonline.com\/?s={search_term_string}"},"query-input":"required name=search_term_string"}],"inLanguage":"nb-NO"}]}},"_links":{"self":[{"href":"https:\/\/jackpotlotteryonline.com\/no\/wp-json\/wp\/v2\/pages\/73831","targetHints":{"allow":["GET"]}}],"collection":[{"href":"https:\/\/jackpotlotteryonline.com\/no\/wp-json\/wp\/v2\/pages"}],"about":[{"href":"https:\/\/jackpotlotteryonline.com\/no\/wp-json\/wp\/v2\/types\/page"}],"author":[{"embeddable":true,"href":"https:\/\/jackpotlotteryonline.com\/no\/wp-json\/wp\/v2\/users\/7"}],"replies":[{"embeddable":true,"href":"https:\/\/jackpotlotteryonline.com\/no\/wp-json\/wp\/v2\/comments?post=73831"}],"version-history":[{"count":0,"href":"https:\/\/jackpotlotteryonline.com\/no\/wp-json\/wp\/v2\/pages\/73831\/revisions"}],"up":[{"embeddable":true,"href":"https:\/\/jackpotlotteryonline.com\/no\/wp-json\/wp\/v2\/pages\/73590"}],"wp:attachment":[{"href":"https:\/\/jackpotlotteryonline.com\/no\/wp-json\/wp\/v2\/media?parent=73831"}],"curies":[{"name":"wp","href":"https:\/\/api.w.org\/{rel}","templated":true}]}}