{"id":73853,"date":"2025-02-05T08:27:38","date_gmt":"2025-02-05T08:27:38","guid":{"rendered":"https:\/\/jackpotlotteryonline.com\/?page_id=73853"},"modified":"2025-02-05T08:27:38","modified_gmt":"2025-02-05T08:27:38","slug":"uk-lottery","status":"publish","type":"page","link":"https:\/\/jackpotlotteryonline.com\/no\/hvordan-kjope-lotteribilletter-online\/uk-lottery\/","title":{"rendered":"UK Lottery"},"content":{"rendered":"<h2>Oversikt over UK Lottery Online<\/h2>\n<p><strong>UK Lottery<\/strong> er et popul\u00e6rt spill kjent for sin evne til \u00e5 lage million\u00e6rer. Det kan ogs\u00e5 spilles p\u00e5 nettet. <a href=\"https:\/\/jackpotlotteryonline.com\/winning-numbers\/uk-lottery\">Spillet trekkes to ganger i uken<\/a>, p\u00e5 onsdager og l\u00f8rdager.<\/p>\n<h2>Hvordan UK Lottery fungerer<\/h2>\n<p>Hver spiller m\u00e5 velge 6 tall p\u00e5 billetten fra et utvalg av tallene 1-49. N\u00e5r trekningen finner sted, velges seks tall sammen med ett bonusnummer. P\u00e5 grunn av den relativt lave utbetalingsprosenten, anbefaler vi ikke dette lotteriet. Det finnes mange andre internasjonale lotterispill tilgjengelig p\u00e5 nettet med bedre utbetalinger og h\u00f8yere jackpotter.<\/p>\n<section class=\"layout\" style=\"border: solid 1px; width: 100%;\">\n<div class=\"img-div\" style=\"margin-top: 5px;\"><img decoding=\"async\" class=\"wp-image-17212 alignleft\" style=\"height: 45px; margin: 8px 8px 0px;\" src=\"http:\/\/jackpotlotteryonline.com\/wp-content\/uploads\/2022\/11\/read1.jpg\" alt=\"read\" width=\"\" height=\"\" \/><\/div>\n<div style=\"padding-left: 5px;\">\n<div style=\"font-size: 1.1em;\">\n<strong>Europeiske Lotterier<\/strong><\/p>\n<p style=\"font-size: 0.85em; margin-top: -1.5em;\">Hvilke europeiske lotterier er de beste? <a href=\"https:\/\/jackpotlotteryonline.com\/which-european-lotteries-are-the-best\">les mer<\/a><\/p>\n<\/div>\n<\/div>\n<\/section>\n<h2>Vinne UK Lottery<\/h2>\n<p><img loading=\"lazy\" decoding=\"async\" class=\"alignright size-medium wp-image-19520\" src=\"http:\/\/jackpotlotteryonline.com\/wp-content\/uploads\/2022\/10\/2_ticket_uk_lottery-192x300.jpg\" alt=\"buy UK lottery ticket\" width=\"192\" height=\"300\" srcset=\"https:\/\/jackpotlotteryonline.com\/wp-content\/uploads\/2022\/10\/2_ticket_uk_lottery-192x300.jpg 192w, https:\/\/jackpotlotteryonline.com\/wp-content\/uploads\/2022\/10\/2_ticket_uk_lottery.jpg 250w\" sizes=\"auto, (max-width: 192px) 100vw, 192px\" \/>Du m\u00e5 matche minst tre tall med de hovedtrekkede tallene for \u00e5 vinne en premie. Bonusnummeret er kun relevant hvis du matcher minst fem av de hovedtrekkede tallene.<\/p>\n<p>Det er enkelt \u00e5 kreve gevinstene dine. Hvis du vinner opptil \u20ac2500, vil du f\u00e5 utbetalt direkte til lotterikontoen din her p\u00e5 nettstedet v\u00e5rt. For gevinster p\u00e5 over \u20ac2500, vil v\u00e5rt kundest\u00f8tteteam kontakte deg og arrangere en direkte utbetaling fra lotteriselskapet.<\/p>\n<p>Omtrent 45% av alle UK Lotto-fond g\u00e5r til premiepenger. Hvis du matcher seks av hovednumrene, vil du f\u00e5 utbetalt 52% av poolens fond; hvis du matcher fem hovednumre pluss bonusnummeret, vil du f\u00e5 utbetalt 16% av den gjenv\u00e6rende poolens fond; hvis du matcher fem hovednumre, vil du f\u00e5 utbetalt 10% av den gjenv\u00e6rende poolens fond; hvis du matcher fire hovednumre, vil du f\u00e5 utbetalt 22% av den gjenv\u00e6rende poolens fond, og hvis du matcher tre hovednumre, vil du generelt f\u00e5 utbetalt \u00a310. UK Lotto tilbyr ogs\u00e5 online spill med umiddelbar gevinst.<\/p>\n<h2>Spille UK Lottery Online<\/h2>\n<p>Du kan <a href=\"https:\/\/jackpotlotteryonline.com\/play-online\/uk-lottery\">spille UK Lotto online<\/a>, som gj\u00f8r det mer tilgjengelig og praktisk. Du trenger ikke lenger \u00e5 g\u00e5 ut for \u00e5 kj\u00f8pe en UK Lotto-billett fra en forhandler; du kan n\u00e5 kj\u00f8pe billetter fra komforten av ditt eget hjem, og det er ikke avhengig av at du bor i Storbritannia.<\/p>\n<p>For \u00e5 spille UK Lotto online og fra utenfor Storbritannia, trenger du bare \u00e5 klikke p\u00e5 banneret ovenfor for UK Lottery. Du m\u00e5 bare registrere deg og deretter fullf\u00f8re en online betaling.<\/p>\n<h2>Hvorfor de fleste internasjonale lotterijackpotter er mer attraktive enn UK Lottery<\/h2>\n<ul>\n<li>Jackpottene er mye h\u00f8yere med internasjonale lotterier (sjekk bel\u00f8pene p\u00e5 banneret \u00f8verst)<\/li>\n<li>UK Lotto deler kun ut 45% av midlene som gevinster<\/li>\n<li>P\u00e5 v\u00e5rt nettsted har du et bredt utvalg av mega-lotterier og enorme jackpotter \u00e5 velge mellom!<\/li>\n<\/ul>\n","protected":false},"excerpt":{"rendered":"<p>Oversikt over UK Lottery Online UK Lottery er et popul\u00e6rt spill kjent for sin evne til \u00e5 lage million\u00e6rer. Det kan ogs\u00e5 spilles p\u00e5 nettet. Spillet trekkes to ganger i uken, p\u00e5 onsdager og l\u00f8rdager. Hvordan UK Lottery fungerer Hver spiller m\u00e5 velge 6 tall p\u00e5 billetten fra et utvalg av tallene 1-49. N\u00e5r trekningen [&hellip;]<\/p>\n","protected":false},"author":7,"featured_media":0,"parent":73590,"menu_order":10,"comment_status":"closed","ping_status":"closed","template":"lotto-uk-info.php","meta":{"_et_pb_use_builder":"","_et_pb_old_content":"","_et_gb_content_width":"","exclude_from_search":false,"footnotes":""},"class_list":["post-73853","page","type-page","status-publish","hentry"],"yoast_head":"<!-- This site is optimized with the Yoast SEO plugin v23.3 - https:\/\/yoast.com\/wordpress\/plugins\/seo\/ -->\n<title>Kj\u00f8p billetter online for UK Lottery fra utenfor Storbritannia<\/title>\n<meta name=\"description\" content=\"Hvordan UK Lottery fungerer, og hvordan du kan kj\u00f8pe en billett og vinne online fra utenfor Storbritannia\" \/>\n<meta name=\"robots\" content=\"index, follow, max-snippet:-1, max-image-preview:large, max-video-preview:-1\" \/>\n<link rel=\"canonical\" href=\"https:\/\/jackpotlotteryonline.com\/no\/hvordan-kjope-lotteribilletter-online\/uk-lottery\/\" \/>\n<meta property=\"og:locale\" content=\"nb_NO\" \/>\n<meta property=\"og:type\" content=\"article\" \/>\n<meta property=\"og:title\" content=\"Kj\u00f8p billetter online for UK Lottery fra utenfor Storbritannia\" \/>\n<meta property=\"og:description\" content=\"Hvordan UK Lottery fungerer, og hvordan du kan kj\u00f8pe en billett og vinne online fra utenfor Storbritannia\" \/>\n<meta property=\"og:url\" content=\"https:\/\/jackpotlotteryonline.com\/no\/hvordan-kjope-lotteribilletter-online\/uk-lottery\/\" \/>\n<meta property=\"og:site_name\" content=\"Lotto Online - Crack The International Lottery Jackpots\" \/>\n<meta property=\"og:image\" content=\"http:\/\/jackpotlotteryonline.com\/wp-content\/uploads\/2022\/11\/read1.jpg\" \/>\n<meta name=\"twitter:card\" content=\"summary_large_image\" \/>\n<!-- \/ Yoast SEO plugin. -->","yoast_head_json":{"title":"Kj\u00f8p billetter online for UK Lottery fra utenfor Storbritannia","description":"Hvordan UK Lottery fungerer, og hvordan du kan kj\u00f8pe en billett og vinne online fra utenfor Storbritannia","robots":{"index":"index","follow":"follow","max-snippet":"max-snippet:-1","max-image-preview":"max-image-preview:large","max-video-preview":"max-video-preview:-1"},"canonical":"https:\/\/jackpotlotteryonline.com\/no\/hvordan-kjope-lotteribilletter-online\/uk-lottery\/","og_locale":"nb_NO","og_type":"article","og_title":"Kj\u00f8p billetter online for UK Lottery fra utenfor Storbritannia","og_description":"Hvordan UK Lottery fungerer, og hvordan du kan kj\u00f8pe en billett og vinne online fra utenfor Storbritannia","og_url":"https:\/\/jackpotlotteryonline.com\/no\/hvordan-kjope-lotteribilletter-online\/uk-lottery\/","og_site_name":"Lotto Online - Crack The International Lottery Jackpots","og_image":[{"url":"http:\/\/jackpotlotteryonline.com\/wp-content\/uploads\/2022\/11\/read1.jpg"}],"twitter_card":"summary_large_image","schema":{"@context":"https:\/\/schema.org","@graph":[{"@type":"WebPage","@id":"https:\/\/jackpotlotteryonline.com\/no\/hvordan-kjope-lotteribilletter-online\/uk-lottery\/","url":"https:\/\/jackpotlotteryonline.com\/no\/hvordan-kjope-lotteribilletter-online\/uk-lottery\/","name":"Kj\u00f8p billetter online for UK Lottery fra utenfor Storbritannia","isPartOf":{"@id":"https:\/\/jackpotlotteryonline.com\/#website"},"primaryImageOfPage":{"@id":"https:\/\/jackpotlotteryonline.com\/no\/hvordan-kjope-lotteribilletter-online\/uk-lottery\/#primaryimage"},"image":{"@id":"https:\/\/jackpotlotteryonline.com\/no\/hvordan-kjope-lotteribilletter-online\/uk-lottery\/#primaryimage"},"thumbnailUrl":"http:\/\/jackpotlotteryonline.com\/wp-content\/uploads\/2022\/11\/read1.jpg","datePublished":"2025-02-05T08:27:38+00:00","dateModified":"2025-02-05T08:27:38+00:00","description":"Hvordan UK Lottery fungerer, og hvordan du kan kj\u00f8pe en billett og vinne online fra utenfor Storbritannia","breadcrumb":{"@id":"https:\/\/jackpotlotteryonline.com\/no\/hvordan-kjope-lotteribilletter-online\/uk-lottery\/#breadcrumb"},"inLanguage":"nb-NO","potentialAction":[{"@type":"ReadAction","target":["https:\/\/jackpotlotteryonline.com\/no\/hvordan-kjope-lotteribilletter-online\/uk-lottery\/"]}]},{"@type":"ImageObject","inLanguage":"nb-NO","@id":"https:\/\/jackpotlotteryonline.com\/no\/hvordan-kjope-lotteribilletter-online\/uk-lottery\/#primaryimage","url":"http:\/\/jackpotlotteryonline.com\/wp-content\/uploads\/2022\/11\/read1.jpg","contentUrl":"http:\/\/jackpotlotteryonline.com\/wp-content\/uploads\/2022\/11\/read1.jpg"},{"@type":"BreadcrumbList","@id":"https:\/\/jackpotlotteryonline.com\/no\/hvordan-kjope-lotteribilletter-online\/uk-lottery\/#breadcrumb","itemListElement":[{"@type":"ListItem","position":1,"name":"Home","item":"https:\/\/jackpotlotteryonline.com\/no\/"},{"@type":"ListItem","position":2,"name":"Hvordan kj\u00f8pe lotteribilletter online","item":"https:\/\/jackpotlotteryonline.com\/no\/hvordan-kjope-lotteribilletter-online\/"},{"@type":"ListItem","position":3,"name":"UK Lottery"}]},{"@type":"WebSite","@id":"https:\/\/jackpotlotteryonline.com\/#website","url":"https:\/\/jackpotlotteryonline.com\/","name":"Lotto Online - Crack The International Lottery Jackpots","description":"","potentialAction":[{"@type":"SearchAction","target":{"@type":"EntryPoint","urlTemplate":"https:\/\/jackpotlotteryonline.com\/?s={search_term_string}"},"query-input":"required name=search_term_string"}],"inLanguage":"nb-NO"}]}},"_links":{"self":[{"href":"https:\/\/jackpotlotteryonline.com\/no\/wp-json\/wp\/v2\/pages\/73853","targetHints":{"allow":["GET"]}}],"collection":[{"href":"https:\/\/jackpotlotteryonline.com\/no\/wp-json\/wp\/v2\/pages"}],"about":[{"href":"https:\/\/jackpotlotteryonline.com\/no\/wp-json\/wp\/v2\/types\/page"}],"author":[{"embeddable":true,"href":"https:\/\/jackpotlotteryonline.com\/no\/wp-json\/wp\/v2\/users\/7"}],"replies":[{"embeddable":true,"href":"https:\/\/jackpotlotteryonline.com\/no\/wp-json\/wp\/v2\/comments?post=73853"}],"version-history":[{"count":0,"href":"https:\/\/jackpotlotteryonline.com\/no\/wp-json\/wp\/v2\/pages\/73853\/revisions"}],"up":[{"embeddable":true,"href":"https:\/\/jackpotlotteryonline.com\/no\/wp-json\/wp\/v2\/pages\/73590"}],"wp:attachment":[{"href":"https:\/\/jackpotlotteryonline.com\/no\/wp-json\/wp\/v2\/media?parent=73853"}],"curies":[{"name":"wp","href":"https:\/\/api.w.org\/{rel}","templated":true}]}}