{"id":73873,"date":"2025-02-05T08:40:45","date_gmt":"2025-02-05T08:40:45","guid":{"rendered":"https:\/\/jackpotlotteryonline.com\/?page_id=73873"},"modified":"2025-02-05T08:40:45","modified_gmt":"2025-02-05T08:40:45","slug":"kjop-billetter-til-set-for-life","status":"publish","type":"page","link":"https:\/\/jackpotlotteryonline.com\/no\/hvordan-kjope-lotteribilletter-online\/kjop-billetter-til-set-for-life\/","title":{"rendered":"Kj\u00f8p billetter til Set for Life"},"content":{"rendered":"<p>Er du klar for muligheten til \u00e5 bli \u00f8konomisk trygg for livet? Det er ingen bedre tid enn n\u00e5 for \u00e5 pr\u00f8ve \u00e5 vinne 10 000 pund hver m\u00e5ned i de neste 30 \u00e5rene, og alt starter med <a href=\"https:\/\/jackpotlotteryonline.com\/play-online\/set-for-life\">\u00e5 spille det britiske lotteriet<\/a>.<\/p>\n<p>Dette lotteriet administreres av National Lottery i Storbritannia, og den f\u00f8rste trekningen ble holdt i 1999. Siden den gang har det blitt en favoritt blant britiske lotterideltakere, ettersom sjansen for \u00e5 vinne 10 000 pund hver m\u00e5ned i 30 \u00e5r virker n\u00e6rmest uimotst\u00e5elig. Du b\u00f8r heller ikke g\u00e5 glipp av denne muligheten. \u00c5 vinne dette lotteriet er som \u00e5 f\u00e5 en gave fra julenissen hver m\u00e5ned.<\/p>\n<p>**<img loading=\"lazy\" decoding=\"async\" class=\"alignright wp-image-35457\" src=\"http:\/\/jackpotlotteryonline.com\/wp-content\/uploads\/2022\/11\/2_ticket_uk_lottery-192x300.jpg\" alt=\"set for life online ticket\" width=\"150\" height=\"234\" srcset=\"https:\/\/jackpotlotteryonline.com\/wp-content\/uploads\/2022\/11\/2_ticket_uk_lottery-192x300.jpg 192w, https:\/\/jackpotlotteryonline.com\/wp-content\/uploads\/2022\/11\/2_ticket_uk_lottery.jpg 250w\" sizes=\"auto, (max-width: 150px) 100vw, 150px\" \/>**<\/p>\n<p>Billetter til dette britiske lotteriet selges gjennom et omfattende nettverk av forhandlere over hele landet. Men hvis du bor utenfor Storbritannia, er det ingen grunn til at du ikke kan kj\u00f8pe billetter til lotteriet. Jackpotlotteryonline.com gir lotterientusiaster muligheten til \u00e5 delta i de ledende internasjonale lotteriene fra komforten av datamaskinen eller mobilenheten deres.<\/p>\n<p>Registrer deg med oss og start \u00e5 spille lotterier i Storbritannia og over hele verden.<\/p>\n<p>## Hvordan spille Set for Life online<\/p>\n<p>Dette lotteriet skiller seg fra andre, fordi det er et annuitetslotteri, s\u00e5 vinnerne g\u00e5r ikke hjem med millioner av pund eller euro. Den eneste forskjellen er m\u00e5ten gevinstene blir utbetalt p\u00e5. Akkurat som i andre lotterier m\u00e5 spilleren velge hovedtall fra et bestemt omr\u00e5de og et spesialnummer.<\/p>\n<p>For \u00e5 kj\u00f8pe billetter til Set for Life online, bes\u00f8k et valgfritt nettsted og velg fem hovedtall fra 1 til 47. Velg et ekstra bonusnummer kalt &#8220;Life Ball&#8221; fra et omr\u00e5de p\u00e5 1 til 10. Du kan bruke dine heldige tall eller bruke automatisk nummervalg for \u00e5 velge en tilfeldig rekkef\u00f8lge av tall. Du kan ogs\u00e5 velge flere linjer med tall for \u00e5 \u00f8ke vinnersjansene.<\/p>\n<p>For \u00e5 vinne lotteriet, m\u00e5 du matche alle de 6 trekkede tallene. Hvis du registrerer deg med oss, kan du <a href=\"https:\/\/jackpotlotteryonline.com\/winning-numbers\/set-for-life\">delta i trekninger flere uker p\u00e5 forh\u00e5nd.<\/a><\/p>\n<p>## Gevinster<\/p>\n<p>Vi har snakket om hovedgevinsten, som er 10 000 pund hver m\u00e5ned i 30 \u00e5r. Men det er ikke den eneste gevinsten deltakerne kan vinne i dette lotteriet. For eksempel, hvis du kun f\u00e5r 5 hovedtall, vil du motta 10 000 pund hver m\u00e5ned i 1 \u00e5r. Ikke d\u00e5rlig, ikke sant?<\/p>\n<p>La oss ta en titt p\u00e5 detaljene for gevinstene og hva deltakerne kan forvente \u00e5 vinne n\u00e5r de kj\u00f8per billetter til dette britiske lotteriet.<\/p>\n<p>&#8211; Matche 5 hovedtall + Life Ball &#8211; 10 000 pund per m\u00e5ned i 30 \u00e5r<br \/>\n&#8211; Matche 5 hovedtall kun &#8211; 10 000 pund per m\u00e5ned i 1 \u00e5r<br \/>\n&#8211; Matche 4 hovedtall + Life Ball &#8211; 250 pund<br \/>\n&#8211; Matche 4 hovedtall kun &#8211; 50 pund<br \/>\n&#8211; Matche 3 hovedtall + Life Ball &#8211; 30 pund<br \/>\n&#8211; Matche 3 hovedtall kun &#8211; 20 pund<br \/>\n&#8211; Matche 2 hovedtall + Life Ball &#8211; 10 pund<br \/>\n&#8211; Matche 2 hovedtall kun &#8211; 5 pund<\/p>\n<p>Hvordan kreve gevinsten din<\/p>\n<p>Du har 180 dager p\u00e5 deg til \u00e5 kreve gevinsten din, og etter det vil du ikke kunne kreve den. Gevinstene fra National Lottery i Storbritannia er skattefrie, s\u00e5 du kan nyte hele bel\u00f8pet etter eget \u00f8nske. Men hvis du spiller fra et annet land, er det lurt \u00e5 sette seg inn i skattereglene i ditt land.<\/p>\n<section class=\"layout\" style=\"border: solid 1px; width: 100%;\">\n<div class=\"img-div\" style=\"margin-top: 5px;\"><img decoding=\"async\" class=\"wp-image-17212 alignleft\" style=\"height: 45px; margin: 8px 8px 0px;\" src=\"http:\/\/jackpotlotteryonline.com\/wp-content\/uploads\/2022\/11\/read1.jpg\" alt=\"read\" width=\"\" height=\"\" \/><\/div>\n<div style=\"padding-left: 5px;\">\n<div style=\"font-size: 1.1em;\"><strong>Skatt p\u00e5 lotterigevinster<\/strong><\/p>\n<p style=\"font-size: 0.85em; margin-top: -1.5em;\">M\u00e5 jeg betale skatt p\u00e5 lotterigevinster? <a href=\"https:\/\/jackpotlotteryonline.com\/do-i-have-to-pay-taxes-on-lottery-winnings\">Les mer<\/a><\/p>\n<\/div>\n<\/div>\n<\/section>\n<p>## En utrolig livssjanse<\/p>\n<p>Muligheten for \u00e5 vinne p\u00e5 Set for Life er en livsforvandlende mulighet. Det betyr at du aldri trenger \u00e5 bekymre deg for \u00f8konomien igjen hvis du vinner. Det er mange historier om lotterivinnere som har brukt opp formuen sin og er n\u00e5 konkurs. Med dette lotteriet trenger ikke det \u00e5 skje med deg. Selv om du bruker alle pengene dine i den f\u00f8rste m\u00e5neden, vet du at du vil kunne bruke dem bedre neste m\u00e5ned.<\/p>\n<p>Tenk p\u00e5 hva det ville bety \u00e5 motta den summen hver m\u00e5ned i l\u00f8pet av 30 \u00e5r.<\/p>\n<p>## Registrer deg hos oss for \u00e5 spille Set for Life<\/p>\n<p>Det har aldri v\u00e6rt enklere \u00e5 kj\u00f8pe billetter til det britiske annuitetslotteriet fra hvor som helst. N\u00e5r du registrerer deg hos oss, hjelper vi deg med \u00e5 delta i topp lotterier over hele verden p\u00e5 en enkel og trygg m\u00e5te. V\u00e5rt m\u00e5l er \u00e5 skape uforglemmelige opplevelser for v\u00e5re kunder. S\u00e5 registrer deg hos oss i dag og kj\u00f8p billetter til Set for Life fra hvor som helst i verden.<\/p>\n","protected":false},"excerpt":{"rendered":"<p>Er du klar for muligheten til \u00e5 bli \u00f8konomisk trygg for livet? Det er ingen bedre tid enn n\u00e5 for \u00e5 pr\u00f8ve \u00e5 vinne 10 000 pund hver m\u00e5ned i de neste 30 \u00e5rene, og alt starter med \u00e5 spille det britiske lotteriet. Dette lotteriet administreres av National Lottery i Storbritannia, og den f\u00f8rste trekningen [&hellip;]<\/p>\n","protected":false},"author":7,"featured_media":0,"parent":73590,"menu_order":11,"comment_status":"closed","ping_status":"closed","template":"set-for-life-info.php","meta":{"_et_pb_use_builder":"","_et_pb_old_content":"","_et_gb_content_width":"","exclude_from_search":false,"footnotes":""},"class_list":["post-73873","page","type-page","status-publish","hentry"],"yoast_head":"<!-- This site is optimized with the Yoast SEO plugin v23.3 - https:\/\/yoast.com\/wordpress\/plugins\/seo\/ -->\n<title>Kj\u00f8p billetter til Set for Life utenfor Storbritannia | Kj\u00f8p Set for Life billetter online<\/title>\n<meta name=\"description\" content=\"Set for Life er et veldig spesielt lotteri, men for \u00e5 delta fra utenfor Storbritannia, m\u00e5 du kj\u00f8pe billetter online her.\" \/>\n<meta name=\"robots\" content=\"index, follow, max-snippet:-1, max-image-preview:large, max-video-preview:-1\" \/>\n<link rel=\"canonical\" href=\"https:\/\/jackpotlotteryonline.com\/no\/hvordan-kjope-lotteribilletter-online\/kjop-billetter-til-set-for-life\/\" \/>\n<meta property=\"og:locale\" content=\"nb_NO\" \/>\n<meta property=\"og:type\" content=\"article\" \/>\n<meta property=\"og:title\" content=\"Kj\u00f8p billetter til Set for Life utenfor Storbritannia | Kj\u00f8p Set for Life billetter online\" \/>\n<meta property=\"og:description\" content=\"Set for Life er et veldig spesielt lotteri, men for \u00e5 delta fra utenfor Storbritannia, m\u00e5 du kj\u00f8pe billetter online her.\" \/>\n<meta property=\"og:url\" content=\"https:\/\/jackpotlotteryonline.com\/no\/hvordan-kjope-lotteribilletter-online\/kjop-billetter-til-set-for-life\/\" \/>\n<meta property=\"og:site_name\" content=\"Lotto Online - Crack The International Lottery Jackpots\" \/>\n<meta property=\"og:image\" content=\"http:\/\/jackpotlotteryonline.com\/wp-content\/uploads\/2022\/11\/2_ticket_uk_lottery-192x300.jpg\" \/>\n<meta name=\"twitter:card\" content=\"summary_large_image\" \/>\n<!-- \/ Yoast SEO plugin. -->","yoast_head_json":{"title":"Kj\u00f8p billetter til Set for Life utenfor Storbritannia | Kj\u00f8p Set for Life billetter online","description":"Set for Life er et veldig spesielt lotteri, men for \u00e5 delta fra utenfor Storbritannia, m\u00e5 du kj\u00f8pe billetter online her.","robots":{"index":"index","follow":"follow","max-snippet":"max-snippet:-1","max-image-preview":"max-image-preview:large","max-video-preview":"max-video-preview:-1"},"canonical":"https:\/\/jackpotlotteryonline.com\/no\/hvordan-kjope-lotteribilletter-online\/kjop-billetter-til-set-for-life\/","og_locale":"nb_NO","og_type":"article","og_title":"Kj\u00f8p billetter til Set for Life utenfor Storbritannia | Kj\u00f8p Set for Life billetter online","og_description":"Set for Life er et veldig spesielt lotteri, men for \u00e5 delta fra utenfor Storbritannia, m\u00e5 du kj\u00f8pe billetter online her.","og_url":"https:\/\/jackpotlotteryonline.com\/no\/hvordan-kjope-lotteribilletter-online\/kjop-billetter-til-set-for-life\/","og_site_name":"Lotto Online - Crack The International Lottery Jackpots","og_image":[{"url":"http:\/\/jackpotlotteryonline.com\/wp-content\/uploads\/2022\/11\/2_ticket_uk_lottery-192x300.jpg"}],"twitter_card":"summary_large_image","schema":{"@context":"https:\/\/schema.org","@graph":[{"@type":"WebPage","@id":"https:\/\/jackpotlotteryonline.com\/no\/hvordan-kjope-lotteribilletter-online\/kjop-billetter-til-set-for-life\/","url":"https:\/\/jackpotlotteryonline.com\/no\/hvordan-kjope-lotteribilletter-online\/kjop-billetter-til-set-for-life\/","name":"Kj\u00f8p billetter til Set for Life utenfor Storbritannia | Kj\u00f8p Set for Life billetter online","isPartOf":{"@id":"https:\/\/jackpotlotteryonline.com\/#website"},"primaryImageOfPage":{"@id":"https:\/\/jackpotlotteryonline.com\/no\/hvordan-kjope-lotteribilletter-online\/kjop-billetter-til-set-for-life\/#primaryimage"},"image":{"@id":"https:\/\/jackpotlotteryonline.com\/no\/hvordan-kjope-lotteribilletter-online\/kjop-billetter-til-set-for-life\/#primaryimage"},"thumbnailUrl":"http:\/\/jackpotlotteryonline.com\/wp-content\/uploads\/2022\/11\/2_ticket_uk_lottery-192x300.jpg","datePublished":"2025-02-05T08:40:45+00:00","dateModified":"2025-02-05T08:40:45+00:00","description":"Set for Life er et veldig spesielt lotteri, men for \u00e5 delta fra utenfor Storbritannia, m\u00e5 du kj\u00f8pe billetter online her.","breadcrumb":{"@id":"https:\/\/jackpotlotteryonline.com\/no\/hvordan-kjope-lotteribilletter-online\/kjop-billetter-til-set-for-life\/#breadcrumb"},"inLanguage":"nb-NO","potentialAction":[{"@type":"ReadAction","target":["https:\/\/jackpotlotteryonline.com\/no\/hvordan-kjope-lotteribilletter-online\/kjop-billetter-til-set-for-life\/"]}]},{"@type":"ImageObject","inLanguage":"nb-NO","@id":"https:\/\/jackpotlotteryonline.com\/no\/hvordan-kjope-lotteribilletter-online\/kjop-billetter-til-set-for-life\/#primaryimage","url":"http:\/\/jackpotlotteryonline.com\/wp-content\/uploads\/2022\/11\/2_ticket_uk_lottery-192x300.jpg","contentUrl":"http:\/\/jackpotlotteryonline.com\/wp-content\/uploads\/2022\/11\/2_ticket_uk_lottery-192x300.jpg"},{"@type":"BreadcrumbList","@id":"https:\/\/jackpotlotteryonline.com\/no\/hvordan-kjope-lotteribilletter-online\/kjop-billetter-til-set-for-life\/#breadcrumb","itemListElement":[{"@type":"ListItem","position":1,"name":"Home","item":"https:\/\/jackpotlotteryonline.com\/no\/"},{"@type":"ListItem","position":2,"name":"Hvordan kj\u00f8pe lotteribilletter online","item":"https:\/\/jackpotlotteryonline.com\/no\/hvordan-kjope-lotteribilletter-online\/"},{"@type":"ListItem","position":3,"name":"Kj\u00f8p billetter til Set for Life"}]},{"@type":"WebSite","@id":"https:\/\/jackpotlotteryonline.com\/#website","url":"https:\/\/jackpotlotteryonline.com\/","name":"Lotto Online - Crack The International Lottery Jackpots","description":"","potentialAction":[{"@type":"SearchAction","target":{"@type":"EntryPoint","urlTemplate":"https:\/\/jackpotlotteryonline.com\/?s={search_term_string}"},"query-input":"required name=search_term_string"}],"inLanguage":"nb-NO"}]}},"_links":{"self":[{"href":"https:\/\/jackpotlotteryonline.com\/no\/wp-json\/wp\/v2\/pages\/73873","targetHints":{"allow":["GET"]}}],"collection":[{"href":"https:\/\/jackpotlotteryonline.com\/no\/wp-json\/wp\/v2\/pages"}],"about":[{"href":"https:\/\/jackpotlotteryonline.com\/no\/wp-json\/wp\/v2\/types\/page"}],"author":[{"embeddable":true,"href":"https:\/\/jackpotlotteryonline.com\/no\/wp-json\/wp\/v2\/users\/7"}],"replies":[{"embeddable":true,"href":"https:\/\/jackpotlotteryonline.com\/no\/wp-json\/wp\/v2\/comments?post=73873"}],"version-history":[{"count":0,"href":"https:\/\/jackpotlotteryonline.com\/no\/wp-json\/wp\/v2\/pages\/73873\/revisions"}],"up":[{"embeddable":true,"href":"https:\/\/jackpotlotteryonline.com\/no\/wp-json\/wp\/v2\/pages\/73590"}],"wp:attachment":[{"href":"https:\/\/jackpotlotteryonline.com\/no\/wp-json\/wp\/v2\/media?parent=73873"}],"curies":[{"name":"wp","href":"https:\/\/api.w.org\/{rel}","templated":true}]}}