{"id":73894,"date":"2025-02-05T08:52:58","date_gmt":"2025-02-05T08:52:58","guid":{"rendered":"https:\/\/jackpotlotteryonline.com\/?page_id=73894"},"modified":"2025-02-05T08:52:58","modified_gmt":"2025-02-05T08:52:58","slug":"kjop-av-thunderball-billetter","status":"publish","type":"page","link":"https:\/\/jackpotlotteryonline.com\/no\/hvordan-kjope-lotteribilletter-online\/kjop-av-thunderball-billetter\/","title":{"rendered":"Kj\u00f8p av Thunderball-billetter"},"content":{"rendered":"<p>I Storbritannia er det mange alternativer for \u00e5 spille p\u00e5 lotterier. Fra spilleautomater til pensjonslotterier, det finnes mange alternativer som trekkes nesten hver dag. Likevel er et av de mest popul\u00e6re spillene Thunderball. Dette lotteriet er spennende fordi, selv om det ikke tilbyr milliongevinster, er det fortsatt et av de mest popul\u00e6re. Faktisk, hvis du vinner hovedgevinsten, vil du ikke bli million\u00e6r. Men hvorfor elsker s\u00e5 mange mennesker dette lotteriet?<\/p>\n<p>Grunnen er enkel. Gevinstene er kanskje ikke s\u00e5 store som andre spill, men sjansene for \u00e5 vinne er mye bedre. Med fire trekninger per uke og anstendige gevinster, er det ikke rart at lotterientusiaster spiller dette spillet regelmessig.<\/p>\n<p>Hvis du bor utenfor Storbritannia, kan du delta i alle trekningene i dette lotteriet. Hvis du \u00f8nsker en effektiv og stressfri m\u00e5te \u00e5 kj\u00f8pe lotteribilletter p\u00e5, kan du bes\u00f8ke jackpotlotteryonline.com.<\/p>\n<h2><img loading=\"lazy\" decoding=\"async\" class=\"alignright wp-image-30425\" src=\"http:\/\/jackpotlotteryonline.com\/wp-content\/uploads\/2022\/11\/1_you_win_jackpot-300x300.jpg\" alt=\"win big with Thunderball\" width=\"228\" height=\"228\" srcset=\"https:\/\/jackpotlotteryonline.com\/wp-content\/uploads\/2022\/11\/1_you_win_jackpot-300x300.jpg 300w, https:\/\/jackpotlotteryonline.com\/wp-content\/uploads\/2022\/11\/1_you_win_jackpot-100x100.jpg 100w, https:\/\/jackpotlotteryonline.com\/wp-content\/uploads\/2022\/11\/1_you_win_jackpot-150x150.jpg 150w, https:\/\/jackpotlotteryonline.com\/wp-content\/uploads\/2022\/11\/1_you_win_jackpot.jpg 320w\" sizes=\"auto, (max-width: 228px) 100vw, 228px\" \/>Hvordan fungerer Thunderball?<\/h2>\n<p>Dette britiske lotteriet er enkelt og lett \u00e5 spille, og selv erfarne lotterispillere vil ikke ha problemer med \u00e5 spille det.<\/p>\n<p>For \u00e5 spille <a href=\"https:\/\/jackpotlotteryonline.com\/play-online\/thunderball\">dette britiske lotteriet<\/a>, m\u00e5 spillerne velge 5 hovednumre fra 1 til 39 og 1 spesialnummer fra 1 til 14. Dette spesialnummeret kalles Thunderball.<\/p>\n<p>N\u00e5r du har valgt numrene dine, er neste steg \u00e5 <a href=\"https:\/\/jackpotlotteryonline.com\/winning-numbers\/thunderball\">delta i trekningen<\/a> og vente p\u00e5 resultatene. Som nevnt har dette lotteriet fire trekninger per uke. Det betyr at du har muligheten til \u00e5 vinne jackpotten fire ganger i uken! Trekningene finner sted p\u00e5 tirsdag, onsdag, torsdag og l\u00f8rdag.<\/p>\n<h2>Er det lovlig \u00e5 kj\u00f8pe billetter til britisk lotteri online?<\/h2>\n<p>Sp\u00f8rsm\u00e5let om det er lovlig \u00e5 delta i lotteri online er helt forst\u00e5elig. Det finnes svindel, og det er viktig \u00e5 v\u00e6re forsiktig. Imidlertid finnes det ogs\u00e5 legitime lotteri-nettsteder som selger billetter til forskjellige lotterier rundt om i verden, og dette er helt lovlig.<\/p>\n<p>Dette britiske lotteriet er ikke begrenset til britiske borgere. Det eneste begrensningen er geografisk, ettersom fysiske billetter selges gjennom forhandlere i landet. For \u00e5 delta online, m\u00e5 du bruke legitime lotteri-nettsteder.<\/p>\n<p>Det er viktig \u00e5 s\u00f8rge for at du bruker legitime forhandlere n\u00e5r du kj\u00f8per billetter, og at de har gode vurderinger. En god m\u00e5te \u00e5 gj\u00f8re dette p\u00e5 er \u00e5 sjekke betalinghistorikken deres. Dette vil sikre at gevinstene dine blir betalt ut trygt.<\/p>\n<section class=\"layout\" style=\"border: solid 1px; width: 100%;\">\n<div class=\"img-div\" style=\"margin-top: 5px;\"><img decoding=\"async\" class=\"wp-image-17212 alignleft\" style=\"height: 45px; margin: 8px 8px 0px;\" src=\"http:\/\/jackpotlotteryonline.com\/wp-content\/uploads\/2022\/11\/read1.jpg\" alt=\"read\" width=\"\" height=\"\" \/><\/div>\n<div style=\"padding-left: 5px;\">\n<div style=\"font-size: 1.1em;\">\n<p><strong>Din nasjonale lotteri i internasjonal sammenheng<\/strong><\/p>\n<p style=\"font-size: 0.85em; margin-top: -1.5em;\">Det kan v\u00e6re at ditt lokale lotteri ikke er det beste valget. \u00c5 betale mer for st\u00f8rre gevinster p\u00e5 andre lotterier kan v\u00e6re et smartere valg. <a href=\"https:\/\/jackpotlotteryonline.com\/your-national-lottery-in-international-comparison\">Les mer<\/a><\/p>\n<\/div>\n<\/div>\n<\/section>\n<h2>Jackpot og gevinster<\/h2>\n<p>Hvor stor er jackpotten i dette britiske lotteriet? Jackpotten er \u00a3500,000 og er garantert for hver trekning. Billetter som treffer alle fem numrene og spesialnummeret vinner jackpotten.<\/p>\n<p>Men det er ikke bare jackpotten. Det finnes ogs\u00e5 andre gevinster som spillere kan vinne i dette lotteriet. Andreplass er fast og utgj\u00f8r \u00a35,000. Det er ganske imponerende. Det er totalt 9 gevinstniv\u00e5er, og du kan vinne en premie bare ved \u00e5 treffe spesialnummeret.<\/p>\n<p>Som nevnt er sjansene for \u00e5 vinne i dette lotteriet utrolig gode. Derfor, etter den f\u00f8rste trekningen i 1999, har mange lotterientusiaster deltatt i dette spillet. Etter hvert som ettersp\u00f8rselen etter dette lotteriet var stor, ble antallet trekninger \u00f8kt fra \u00e9n til fire per uke. Derfor, hvis du spiller dette britiske lotteriet, er sjansene for \u00e5 vinne jackpotten 1 av 8,060,598, og sjansene for \u00e5 vinne en premie er 1 av 13.<\/p>\n<p><strong><img loading=\"lazy\" decoding=\"async\" class=\"alignright size-medium wp-image-35457\" src=\"http:\/\/jackpotlotteryonline.com\/wp-content\/uploads\/2022\/11\/2_ticket_uk_lottery-192x300.jpg\" alt=\"Buy Thunderball ticket online\" width=\"192\" height=\"300\" srcset=\"https:\/\/jackpotlotteryonline.com\/wp-content\/uploads\/2022\/11\/2_ticket_uk_lottery-192x300.jpg 192w, https:\/\/jackpotlotteryonline.com\/wp-content\/uploads\/2022\/11\/2_ticket_uk_lottery.jpg 250w\" sizes=\"auto, (max-width: 192px) 100vw, 192px\" \/>Premiene i dette lotteriet inkluderer:<\/strong><\/p>\n<p>&#8211; 5 numre + spesialnummer &#8211; \u00a3500,000 (jackpot)<br \/>\n&#8211; 5 numre &#8211; \u00a35,000<br \/>\n&#8211; 4 numre + spesialnummer &#8211; \u00a3250<br \/>\n&#8211; 4 numre &#8211; \u00a3100<br \/>\n&#8211; 3 numre + spesialnummer &#8211; \u00a320<br \/>\n&#8211; 3 numre &#8211; \u00a310<br \/>\n&#8211; 2 numre + spesialnummer &#8211; \u00a310<br \/>\n&#8211; 1 nummer + spesialnummer &#8211; \u00a35<br \/>\n&#8211; Spesialnummer &#8211; \u00a33<\/p>\n<h2>Hvordan kreve gevinsten din<\/h2>\n<p>Hvordan du krever gevinsten din, avhenger av hvordan du har kj\u00f8pt billetten. Hvis du har deltatt gjennom v\u00e5rt nettsted, kan du logge inn p\u00e5 kontoen din og utf\u00f8re utbetalingene p\u00e5 plattformen.<\/p>\n<p>F\u00f8r du krever gevinsten din, er det viktig \u00e5 vite noen ting hvis du spiller lotteri i Storbritannia. Som nevnt er dette lotteriet ikke begrenset til britiske borgere. Imidlertid er det noen viktige ting \u00e5 v\u00e6re oppmerksom p\u00e5:<\/p>\n<ul>\n<li>Lotteriet er \u00e5pent for personer over 16 \u00e5r.<\/li>\n<li>Gevinsten vil bli utbetalt som en engangsutbetaling.<\/li>\n<li>Gevinster fra dette lotteriet er ikke skattlagt i Storbritannia. Hvis du deltar fra et annet land, b\u00f8r du bli kjent med skattelovgivningen i ditt eget land.<\/li>\n<li>Gevinsten m\u00e5 kreves innen 180 dager, etter dette vil den bli tilbakef\u00f8rt til fondet.<\/li>\n<li>Hvis du har kj\u00f8pt billetten gjennom en fysisk forhandler, b\u00f8r du kontakte lotteriarrang\u00f8ren for \u00e5 kreve gevinsten.<\/li>\n<\/ul>\n<h2>Hvorfor spille med oss?<\/h2>\n<p>Vi er spesialister p\u00e5 \u00e5 tilby de beste internasjonale lotteriene for spillere fra hele verden. Vi har jobbet i mange \u00e5r for \u00e5 forbedre prosessen, slik at v\u00e5re kunder f\u00e5r den beste og mest bekymringsfrie opplevelsen.<\/p>\n<p>Med v\u00e5r registrering kan du delta i forskjellige lotterier p\u00e5 \u00e9n online plattform. Med v\u00e5r sikkerhet vil din lotteribillett bli trygt oppbevart, uten frykt for at den skal bli tapt. N\u00e5r du vinner en premie, blir du varslet med en gang, s\u00e5 du ikke g\u00e5r glipp av noe.<\/p>\n<p>I bunn og grunn l\u00f8ser vi alle problemene som kan oppst\u00e5 n\u00e5r du spiller p\u00e5 lotteri, og hjelper deg med \u00e5 nyte din tid. Uansett hvor du er, kan du delta i de beste internasjonale lotteriene med en internettforbindelse.<\/p>\n<p>Med oss har du mange alternativer. Du kan spille p\u00e5 flere lotterier, delta i flere trekninger eller sette opp et abonnement for automatisk billettkj\u00f8p. Bes\u00f8k nettstedet v\u00e5rt i dag og kj\u00f8p Thunderball-billetter online fra utenfor Storbritannia.<\/p>\n","protected":false},"excerpt":{"rendered":"<p>I Storbritannia er det mange alternativer for \u00e5 spille p\u00e5 lotterier. Fra spilleautomater til pensjonslotterier, det finnes mange alternativer som trekkes nesten hver dag. Likevel er et av de mest popul\u00e6re spillene Thunderball. Dette lotteriet er spennende fordi, selv om det ikke tilbyr milliongevinster, er det fortsatt et av de mest popul\u00e6re. Faktisk, hvis du [&hellip;]<\/p>\n","protected":false},"author":7,"featured_media":0,"parent":73590,"menu_order":12,"comment_status":"closed","ping_status":"closed","template":"thunderball-info.php","meta":{"_et_pb_use_builder":"","_et_pb_old_content":"","_et_gb_content_width":"","exclude_from_search":false,"footnotes":""},"class_list":["post-73894","page","type-page","status-publish","hentry"],"yoast_head":"<!-- This site is optimized with the Yoast SEO plugin v23.3 - https:\/\/yoast.com\/wordpress\/plugins\/seo\/ -->\n<title>Kj\u00f8p Thunderball-billetter fra utenfor Storbritannia | Thunderball-lotteri online<\/title>\n<meta name=\"description\" content=\"Kj\u00f8p Thunderball-billetter online fra utenfor Storbritannia via v\u00e5r legitime tjeneste og f\u00e5 skannet billett!\" \/>\n<meta name=\"robots\" content=\"index, follow, max-snippet:-1, max-image-preview:large, max-video-preview:-1\" \/>\n<link rel=\"canonical\" href=\"https:\/\/jackpotlotteryonline.com\/no\/hvordan-kjope-lotteribilletter-online\/kjop-av-thunderball-billetter\/\" \/>\n<meta property=\"og:locale\" content=\"nb_NO\" \/>\n<meta property=\"og:type\" content=\"article\" \/>\n<meta property=\"og:title\" content=\"Kj\u00f8p Thunderball-billetter fra utenfor Storbritannia | Thunderball-lotteri online\" \/>\n<meta property=\"og:description\" content=\"Kj\u00f8p Thunderball-billetter online fra utenfor Storbritannia via v\u00e5r legitime tjeneste og f\u00e5 skannet billett!\" \/>\n<meta property=\"og:url\" content=\"https:\/\/jackpotlotteryonline.com\/no\/hvordan-kjope-lotteribilletter-online\/kjop-av-thunderball-billetter\/\" \/>\n<meta property=\"og:site_name\" content=\"Lotto Online - Crack The International Lottery Jackpots\" \/>\n<meta property=\"og:image\" content=\"http:\/\/jackpotlotteryonline.com\/wp-content\/uploads\/2022\/11\/1_you_win_jackpot-300x300.jpg\" \/>\n<meta name=\"twitter:card\" content=\"summary_large_image\" \/>\n<!-- \/ Yoast SEO plugin. -->","yoast_head_json":{"title":"Kj\u00f8p Thunderball-billetter fra utenfor Storbritannia | Thunderball-lotteri online","description":"Kj\u00f8p Thunderball-billetter online fra utenfor Storbritannia via v\u00e5r legitime tjeneste og f\u00e5 skannet billett!","robots":{"index":"index","follow":"follow","max-snippet":"max-snippet:-1","max-image-preview":"max-image-preview:large","max-video-preview":"max-video-preview:-1"},"canonical":"https:\/\/jackpotlotteryonline.com\/no\/hvordan-kjope-lotteribilletter-online\/kjop-av-thunderball-billetter\/","og_locale":"nb_NO","og_type":"article","og_title":"Kj\u00f8p Thunderball-billetter fra utenfor Storbritannia | Thunderball-lotteri online","og_description":"Kj\u00f8p Thunderball-billetter online fra utenfor Storbritannia via v\u00e5r legitime tjeneste og f\u00e5 skannet billett!","og_url":"https:\/\/jackpotlotteryonline.com\/no\/hvordan-kjope-lotteribilletter-online\/kjop-av-thunderball-billetter\/","og_site_name":"Lotto Online - Crack The International Lottery Jackpots","og_image":[{"url":"http:\/\/jackpotlotteryonline.com\/wp-content\/uploads\/2022\/11\/1_you_win_jackpot-300x300.jpg"}],"twitter_card":"summary_large_image","schema":{"@context":"https:\/\/schema.org","@graph":[{"@type":"WebPage","@id":"https:\/\/jackpotlotteryonline.com\/no\/hvordan-kjope-lotteribilletter-online\/kjop-av-thunderball-billetter\/","url":"https:\/\/jackpotlotteryonline.com\/no\/hvordan-kjope-lotteribilletter-online\/kjop-av-thunderball-billetter\/","name":"Kj\u00f8p Thunderball-billetter fra utenfor Storbritannia | Thunderball-lotteri online","isPartOf":{"@id":"https:\/\/jackpotlotteryonline.com\/#website"},"primaryImageOfPage":{"@id":"https:\/\/jackpotlotteryonline.com\/no\/hvordan-kjope-lotteribilletter-online\/kjop-av-thunderball-billetter\/#primaryimage"},"image":{"@id":"https:\/\/jackpotlotteryonline.com\/no\/hvordan-kjope-lotteribilletter-online\/kjop-av-thunderball-billetter\/#primaryimage"},"thumbnailUrl":"http:\/\/jackpotlotteryonline.com\/wp-content\/uploads\/2022\/11\/1_you_win_jackpot-300x300.jpg","datePublished":"2025-02-05T08:52:58+00:00","dateModified":"2025-02-05T08:52:58+00:00","description":"Kj\u00f8p Thunderball-billetter online fra utenfor Storbritannia via v\u00e5r legitime tjeneste og f\u00e5 skannet billett!","breadcrumb":{"@id":"https:\/\/jackpotlotteryonline.com\/no\/hvordan-kjope-lotteribilletter-online\/kjop-av-thunderball-billetter\/#breadcrumb"},"inLanguage":"nb-NO","potentialAction":[{"@type":"ReadAction","target":["https:\/\/jackpotlotteryonline.com\/no\/hvordan-kjope-lotteribilletter-online\/kjop-av-thunderball-billetter\/"]}]},{"@type":"ImageObject","inLanguage":"nb-NO","@id":"https:\/\/jackpotlotteryonline.com\/no\/hvordan-kjope-lotteribilletter-online\/kjop-av-thunderball-billetter\/#primaryimage","url":"http:\/\/jackpotlotteryonline.com\/wp-content\/uploads\/2022\/11\/1_you_win_jackpot-300x300.jpg","contentUrl":"http:\/\/jackpotlotteryonline.com\/wp-content\/uploads\/2022\/11\/1_you_win_jackpot-300x300.jpg"},{"@type":"BreadcrumbList","@id":"https:\/\/jackpotlotteryonline.com\/no\/hvordan-kjope-lotteribilletter-online\/kjop-av-thunderball-billetter\/#breadcrumb","itemListElement":[{"@type":"ListItem","position":1,"name":"Home","item":"https:\/\/jackpotlotteryonline.com\/no\/"},{"@type":"ListItem","position":2,"name":"Hvordan kj\u00f8pe lotteribilletter online","item":"https:\/\/jackpotlotteryonline.com\/no\/hvordan-kjope-lotteribilletter-online\/"},{"@type":"ListItem","position":3,"name":"Kj\u00f8p av Thunderball-billetter"}]},{"@type":"WebSite","@id":"https:\/\/jackpotlotteryonline.com\/#website","url":"https:\/\/jackpotlotteryonline.com\/","name":"Lotto Online - Crack The International Lottery Jackpots","description":"","potentialAction":[{"@type":"SearchAction","target":{"@type":"EntryPoint","urlTemplate":"https:\/\/jackpotlotteryonline.com\/?s={search_term_string}"},"query-input":"required name=search_term_string"}],"inLanguage":"nb-NO"}]}},"_links":{"self":[{"href":"https:\/\/jackpotlotteryonline.com\/no\/wp-json\/wp\/v2\/pages\/73894","targetHints":{"allow":["GET"]}}],"collection":[{"href":"https:\/\/jackpotlotteryonline.com\/no\/wp-json\/wp\/v2\/pages"}],"about":[{"href":"https:\/\/jackpotlotteryonline.com\/no\/wp-json\/wp\/v2\/types\/page"}],"author":[{"embeddable":true,"href":"https:\/\/jackpotlotteryonline.com\/no\/wp-json\/wp\/v2\/users\/7"}],"replies":[{"embeddable":true,"href":"https:\/\/jackpotlotteryonline.com\/no\/wp-json\/wp\/v2\/comments?post=73894"}],"version-history":[{"count":0,"href":"https:\/\/jackpotlotteryonline.com\/no\/wp-json\/wp\/v2\/pages\/73894\/revisions"}],"up":[{"embeddable":true,"href":"https:\/\/jackpotlotteryonline.com\/no\/wp-json\/wp\/v2\/pages\/73590"}],"wp:attachment":[{"href":"https:\/\/jackpotlotteryonline.com\/no\/wp-json\/wp\/v2\/media?parent=73894"}],"curies":[{"name":"wp","href":"https:\/\/api.w.org\/{rel}","templated":true}]}}