{"id":73965,"date":"2025-02-05T11:00:45","date_gmt":"2025-02-05T11:00:45","guid":{"rendered":"https:\/\/jackpotlotteryonline.com\/?page_id=73965"},"modified":"2025-02-05T11:00:45","modified_gmt":"2025-02-05T11:00:45","slug":"kjop-mega-sena-lodd","status":"publish","type":"page","link":"https:\/\/jackpotlotteryonline.com\/no\/hvordan-kjope-lotteribilletter-online\/kjop-mega-sena-lodd\/","title":{"rendered":"Kj\u00f8p Mega Sena-lodd"},"content":{"rendered":"<p>Mega Sena er det st\u00f8rste lotteriet i Brasil og et av de st\u00f8rste i verden. Det er derfor ikke rart at spillere overalt \u00f8nsker seg en sjanse til \u00e5 vinne jackpotten. Interessant nok er Mega Sena ogs\u00e5 et av de enkleste lotteriene \u00e5 spille \u2013 enklere enn mange andre internasjonale lotterier. Den enkle spillem\u00e5ten, den store jackpotten og de gunstige oddsene gj\u00f8r dette lotteriet sv\u00e6rt attraktivt for spillere over hele verden.  <\/p>\n<p><a href=\"https:\/\/jackpotlotteryonline.com\/play-online\/mega-sena\">\u00c5 spille Mega Sena-lotteriet<\/a> er like enkelt som \u00e5 matche de seks trukne tallene. Det er ingen spesial- eller bonusnumre i dette lotteriet. Du velger ganske enkelt 6 tall mellom 1 og 60 og <a href=\"https:\/\/jackpotlotteryonline.com\/winning-numbers\/mega-sena\">deltar i trekningen<\/a>.  <\/p>\n<p>Selv om du m\u00e5 velge seks tall for \u00e5 delta i trekningen, er det ingen grense for hvor mange rekker du kan spille. Du kan dermed velge ti rekker med seks tall for \u00e5 \u00f8ke sjansene dine for \u00e5 vinne.  <\/p>\n<p>&#8212;<\/p>\n<h2>Hvor kan du kj\u00f8pe Mega Sena-lodd?<\/h2>\n<p><img loading=\"lazy\" decoding=\"async\" class=\"alignright wp-image-28778\" src=\"http:\/\/jackpotlotteryonline.com\/wp-content\/uploads\/2022\/11\/1_online_ticket_eurojackpot2.jpg\" alt=\"spill Mega Sena\" width=\"197\" height=\"131\" \/>  <\/p>\n<p>Hvis du bor i Brasil, er det like enkelt som \u00e5 g\u00e5 til en lotteriforhandler for \u00e5 kj\u00f8pe loddene dine. Men for spillere som bor utenfor landet, kan dette v\u00e6re en utfordring. Hvis du bor utenfor Brasil, har du kun \u00e9n mulighet \u2013 \u00e5 kj\u00f8pe loddene dine p\u00e5 nettet.  <\/p>\n<p>&#8212;<\/p>\n<h2>Kj\u00f8pe Mega Sena-lodd p\u00e5 nettet<\/h2>\n<p>\u00c5 spille lotteri p\u00e5 nettet er enkelt og gir spillere muligheten til \u00e5 delta i lotterier fra hele verden. Normalt ville ikke spillere som bor utenfor et land, kunne delta i det landets lotteri. Internett har imidlertid gjort det mulig for spillere over hele verden \u00e5 delta, uavhengig av geografiske begrensninger.  <\/p>\n<p>N\u00e5 er det like enkelt \u00e5 spille Mega Sena som \u00e5 bes\u00f8ke et nettbasert lotterinettsted som jackpotlotteryonline.com. Der kan du kj\u00f8pe loddet ditt ved \u00e5 velge tallene dine og bestemme hvor mange trekninger du vil delta i. N\u00e5r det er gjort, er det bare \u00e5 vente p\u00e5 trekningen.  <\/p>\n<p>&#8212;<\/p>\n<h3>Hva er jackpotten i dette lotteriet?<\/h3>\n<p>Som nevnt er Mega Sena et av de st\u00f8rste lotteriene i verden. Det kan v\u00e6re vanskelig \u00e5 tro n\u00e5r man ser p\u00e5 startjackpotten p\u00e5 $450 000, spesielt sammenlignet med andre lotterier med h\u00f8yere startjackpotter.  <\/p>\n<p>Men det som gj\u00f8r Mega Sena spesielt, er at jackpotten kan rulle over til enorme summer. Noen av de st\u00f8rste Mega Sena-premiene har v\u00e6rt p\u00e5 flere titalls millioner amerikanske dollar. Den st\u00f8rste jackpotten som noen gang er vunnet, var p\u00e5 over $73 millioner.  <\/p>\n<p>&#8212;<\/p>\n<section class=\"layout\" style=\"border: solid 1px; width: 100%;\">\n<div class=\"img-div\" style=\"margin-top: 5px;\"><img decoding=\"async\" class=\"wp-image-17212 alignleft\" style=\"height: 45px; margin: 8px 8px 0px;\" src=\"http:\/\/jackpotlotteryonline.com\/wp-content\/uploads\/2022\/11\/read1.jpg\" alt=\"les mer\" width=\"\" height=\"\" \/><\/div>\n<div style=\"padding-left: 5px;\">\n<div style=\"font-size: 1.1em;\">\n<p><strong>Noen triks og tips for \u00e5 velge tall<\/strong>  <\/p>\n<p style=\"font-size: 0.85em; margin-top: -1.5em;\">\u00d8k vinnersjansene dine \u2013 bruk en strategi for \u00e5 velge tallene dine <a href=\"https:\/\/jackpotlotteryonline.com\/a-few-tricks-and-tips-for-choosing-your-numbers\">les mer<\/a><\/p>\n<\/div>\n<\/div>\n<\/section>\n<p>&#8212;<\/p>\n<h2>Hva skjer hvis du vinner i lotteriet?<\/h2>\n<p>Dette er et sp\u00f8rsm\u00e5l vi ofte f\u00e5r, spesielt fra de som kj\u00f8per Mega Sena-lodd utenfor S\u00f8r-Amerika. Kanskje du lurer p\u00e5 om du m\u00e5 reise til Brasil for \u00e5 kreve premien din. Men det er slett ikke n\u00f8dvendig \u2013 selv om en tur til Brasil ikke h\u00f8res s\u00e5 ille ut!  <\/p>\n<p>Hvis du \u00f8nsker en enkel m\u00e5te \u00e5 spille lotteri p\u00e5 og kreve gevinstene dine uten stress, er det en stor fordel \u00e5 spille p\u00e5 nettet.  <\/p>\n<p>N\u00e5r du registrerer deg hos oss, gir vi deg muligheten til \u00e5 delta i internasjonale lotterier, inkludert Mega Sena. Ikke bare det, men du kan ogs\u00e5 enkelt ta ut gevinstene dine direkte til kontoen din. \u00c5 spille lotteri har aldri v\u00e6rt enklere.  <\/p>\n<p>&#8212;<\/p>\n<h2>Hva er Mega da Virada?<\/h2>\n<p><img loading=\"lazy\" decoding=\"async\" class=\"alignright size-full wp-image-35593\" src=\"http:\/\/jackpotlotteryonline.com\/wp-content\/uploads\/2022\/11\/2_ticket_uk_lottery2-1-190x300-1.jpg\" alt=\"kj\u00f8p Mega Sena-lodd\" width=\"190\" height=\"300\" \/>  <\/p>\n<p>Vi er glade for at du spurte, for dette er en av de st\u00f8rste jackpottene som finnes. Faktisk er det den st\u00f8rste jackpotten i Brasil hvert \u00e5r, og den kan komme opp i hele $60 millioner.  <\/p>\n<p>Mega da Virada er en spesialutgave av Mega Sena-lotteriet som finner sted \u00e9n gang i \u00e5ret. Trekningen skjer den 31. desember, og gir spillere sjansen til \u00e5 vinne stort.  <\/p>\n<p>I motsetning til vanlige Mega Sena-trekninger, ruller ikke Mega da Virada-jackpotten over. Det betyr at premien m\u00e5 vinnes i \u00e5rets trekning, ellers forsvinner den.  <\/p>\n<p>&#8212;<\/p>\n<h2>Regelmessige Mega Sena-trekninger<\/h2>\n<p>N\u00e5r du kj\u00f8per Mega Sena-lodd, kan du velge \u00e5 delta i trekningen p\u00e5 enten onsdag eller l\u00f8rdag. Selvf\u00f8lgelig kan du delta i begge \u2013 noe vi anbefaler, da det \u00f8ker sjansene dine for \u00e5 vinne.  <\/p>\n<p>Hvis du virkelig vil \u00f8ke sjansene dine for \u00e5 vinne jackpotten, b\u00f8r du vurdere \u00e5 bli med i et lotterisyndikat. Fordelen er at du f\u00e5r flere lodd og \u00f8ker sjansene dine uten \u00e5 m\u00e5tte bruke en formue.  <\/p>\n<p>&#8212;<\/p>\n<h2>Premiekategorier<\/h2>\n<p>Mega Sena-lotteriet har tre premiekategorier, inkludert jackpotten. Det betyr at du ikke bare har sjansen til \u00e5 vinne jackpotten, men ogs\u00e5 mindre premier.  <\/p>\n<p>Her er premiekategoriene:  <\/p>\n<p>&#8211; Match 6 tall \u2013 Jackpot \u2013 35 % av premiepotten<br \/>\n&#8211; Match 5 tall \u2013 Andre premie \u2013 19 % av premiepotten<br \/>\n&#8211; Match 4 tall \u2013 Tredje premie \u2013 19 % av premiepotten  <\/p>\n<p><strong>Interessant fakta: sjansen for \u00e5 vinne en premie med \u00e9n enkel rekke p\u00e5 seks tall er 1 av 2 298.<\/strong>  <\/p>\n<p>&#8212;<\/p>\n<h2>Registrer deg og delta i Mega Sena-lotteriet<\/h2>\n<p>Ikke la det faktum at du ikke bor i Brasil stoppe deg fra \u00e5 spille Mega Sena-lotteriet. Oddsen er god, og premiene er fristende.  <\/p>\n<p>Hvis du bor utenfor Brasil, kan du kj\u00f8pe Mega Sena-lodd p\u00e5 nettstedet v\u00e5rt ved \u00e5 registrere deg i dag.  <\/p>\n<p>Vi tilbyr en enkel og praktisk l\u00f8sning som gj\u00f8r hele prosessen s\u00f8ml\u00f8s. Du kan slappe av og spille med ro i sjelen, mens vi tar oss av alt det praktiske. Hvorfor ikke kj\u00f8pe Mega Sena-lodd n\u00e5 og f\u00e5 sjansen til \u00e5 vinne stort?<\/p>\n","protected":false},"excerpt":{"rendered":"<p>Mega Sena er det st\u00f8rste lotteriet i Brasil og et av de st\u00f8rste i verden. Det er derfor ikke rart at spillere overalt \u00f8nsker seg en sjanse til \u00e5 vinne jackpotten. Interessant nok er Mega Sena ogs\u00e5 et av de enkleste lotteriene \u00e5 spille \u2013 enklere enn mange andre internasjonale lotterier. Den enkle spillem\u00e5ten, den [&hellip;]<\/p>\n","protected":false},"author":7,"featured_media":0,"parent":73590,"menu_order":15,"comment_status":"closed","ping_status":"closed","template":"megasena-info.php","meta":{"_et_pb_use_builder":"","_et_pb_old_content":"","_et_gb_content_width":"","exclude_from_search":false,"footnotes":""},"class_list":["post-73965","page","type-page","status-publish","hentry"],"yoast_head":"<!-- This site is optimized with the Yoast SEO plugin v23.3 - https:\/\/yoast.com\/wordpress\/plugins\/seo\/ -->\n<title>Kj\u00f8p Mega Sena-lodd fra utenfor Brasil | F\u00e5 Mega Sena-lodd p\u00e5 nett<\/title>\n<meta name=\"description\" content=\"Du trenger ikke v\u00e6re i Brasil for \u00e5 delta i Mega Sena \u2013 kj\u00f8p ditt Mega Sena-lodd online p\u00e5 v\u00e5r nettside\" \/>\n<meta name=\"robots\" content=\"index, follow, max-snippet:-1, max-image-preview:large, max-video-preview:-1\" \/>\n<link rel=\"canonical\" href=\"https:\/\/jackpotlotteryonline.com\/no\/hvordan-kjope-lotteribilletter-online\/kjop-mega-sena-lodd\/\" \/>\n<meta property=\"og:locale\" content=\"nb_NO\" \/>\n<meta property=\"og:type\" content=\"article\" \/>\n<meta property=\"og:title\" content=\"Kj\u00f8p Mega Sena-lodd fra utenfor Brasil | F\u00e5 Mega Sena-lodd p\u00e5 nett\" \/>\n<meta property=\"og:description\" content=\"Du trenger ikke v\u00e6re i Brasil for \u00e5 delta i Mega Sena \u2013 kj\u00f8p ditt Mega Sena-lodd online p\u00e5 v\u00e5r nettside\" \/>\n<meta property=\"og:url\" content=\"https:\/\/jackpotlotteryonline.com\/no\/hvordan-kjope-lotteribilletter-online\/kjop-mega-sena-lodd\/\" \/>\n<meta property=\"og:site_name\" content=\"Lotto Online - Crack The International Lottery Jackpots\" \/>\n<meta property=\"og:image\" content=\"http:\/\/jackpotlotteryonline.com\/wp-content\/uploads\/2022\/11\/1_online_ticket_eurojackpot2.jpg\" \/>\n<meta name=\"twitter:card\" content=\"summary_large_image\" \/>\n<!-- \/ Yoast SEO plugin. -->","yoast_head_json":{"title":"Kj\u00f8p Mega Sena-lodd fra utenfor Brasil | F\u00e5 Mega Sena-lodd p\u00e5 nett","description":"Du trenger ikke v\u00e6re i Brasil for \u00e5 delta i Mega Sena \u2013 kj\u00f8p ditt Mega Sena-lodd online p\u00e5 v\u00e5r nettside","robots":{"index":"index","follow":"follow","max-snippet":"max-snippet:-1","max-image-preview":"max-image-preview:large","max-video-preview":"max-video-preview:-1"},"canonical":"https:\/\/jackpotlotteryonline.com\/no\/hvordan-kjope-lotteribilletter-online\/kjop-mega-sena-lodd\/","og_locale":"nb_NO","og_type":"article","og_title":"Kj\u00f8p Mega Sena-lodd fra utenfor Brasil | F\u00e5 Mega Sena-lodd p\u00e5 nett","og_description":"Du trenger ikke v\u00e6re i Brasil for \u00e5 delta i Mega Sena \u2013 kj\u00f8p ditt Mega Sena-lodd online p\u00e5 v\u00e5r nettside","og_url":"https:\/\/jackpotlotteryonline.com\/no\/hvordan-kjope-lotteribilletter-online\/kjop-mega-sena-lodd\/","og_site_name":"Lotto Online - Crack The International Lottery Jackpots","og_image":[{"url":"http:\/\/jackpotlotteryonline.com\/wp-content\/uploads\/2022\/11\/1_online_ticket_eurojackpot2.jpg"}],"twitter_card":"summary_large_image","schema":{"@context":"https:\/\/schema.org","@graph":[{"@type":"WebPage","@id":"https:\/\/jackpotlotteryonline.com\/no\/hvordan-kjope-lotteribilletter-online\/kjop-mega-sena-lodd\/","url":"https:\/\/jackpotlotteryonline.com\/no\/hvordan-kjope-lotteribilletter-online\/kjop-mega-sena-lodd\/","name":"Kj\u00f8p Mega Sena-lodd fra utenfor Brasil | F\u00e5 Mega Sena-lodd p\u00e5 nett","isPartOf":{"@id":"https:\/\/jackpotlotteryonline.com\/#website"},"primaryImageOfPage":{"@id":"https:\/\/jackpotlotteryonline.com\/no\/hvordan-kjope-lotteribilletter-online\/kjop-mega-sena-lodd\/#primaryimage"},"image":{"@id":"https:\/\/jackpotlotteryonline.com\/no\/hvordan-kjope-lotteribilletter-online\/kjop-mega-sena-lodd\/#primaryimage"},"thumbnailUrl":"http:\/\/jackpotlotteryonline.com\/wp-content\/uploads\/2022\/11\/1_online_ticket_eurojackpot2.jpg","datePublished":"2025-02-05T11:00:45+00:00","dateModified":"2025-02-05T11:00:45+00:00","description":"Du trenger ikke v\u00e6re i Brasil for \u00e5 delta i Mega Sena \u2013 kj\u00f8p ditt Mega Sena-lodd online p\u00e5 v\u00e5r nettside","breadcrumb":{"@id":"https:\/\/jackpotlotteryonline.com\/no\/hvordan-kjope-lotteribilletter-online\/kjop-mega-sena-lodd\/#breadcrumb"},"inLanguage":"nb-NO","potentialAction":[{"@type":"ReadAction","target":["https:\/\/jackpotlotteryonline.com\/no\/hvordan-kjope-lotteribilletter-online\/kjop-mega-sena-lodd\/"]}]},{"@type":"ImageObject","inLanguage":"nb-NO","@id":"https:\/\/jackpotlotteryonline.com\/no\/hvordan-kjope-lotteribilletter-online\/kjop-mega-sena-lodd\/#primaryimage","url":"http:\/\/jackpotlotteryonline.com\/wp-content\/uploads\/2022\/11\/1_online_ticket_eurojackpot2.jpg","contentUrl":"http:\/\/jackpotlotteryonline.com\/wp-content\/uploads\/2022\/11\/1_online_ticket_eurojackpot2.jpg"},{"@type":"BreadcrumbList","@id":"https:\/\/jackpotlotteryonline.com\/no\/hvordan-kjope-lotteribilletter-online\/kjop-mega-sena-lodd\/#breadcrumb","itemListElement":[{"@type":"ListItem","position":1,"name":"Home","item":"https:\/\/jackpotlotteryonline.com\/no\/"},{"@type":"ListItem","position":2,"name":"Hvordan kj\u00f8pe lotteribilletter online","item":"https:\/\/jackpotlotteryonline.com\/no\/hvordan-kjope-lotteribilletter-online\/"},{"@type":"ListItem","position":3,"name":"Kj\u00f8p Mega Sena-lodd"}]},{"@type":"WebSite","@id":"https:\/\/jackpotlotteryonline.com\/#website","url":"https:\/\/jackpotlotteryonline.com\/","name":"Lotto Online - Crack The International Lottery Jackpots","description":"","potentialAction":[{"@type":"SearchAction","target":{"@type":"EntryPoint","urlTemplate":"https:\/\/jackpotlotteryonline.com\/?s={search_term_string}"},"query-input":"required name=search_term_string"}],"inLanguage":"nb-NO"}]}},"_links":{"self":[{"href":"https:\/\/jackpotlotteryonline.com\/no\/wp-json\/wp\/v2\/pages\/73965","targetHints":{"allow":["GET"]}}],"collection":[{"href":"https:\/\/jackpotlotteryonline.com\/no\/wp-json\/wp\/v2\/pages"}],"about":[{"href":"https:\/\/jackpotlotteryonline.com\/no\/wp-json\/wp\/v2\/types\/page"}],"author":[{"embeddable":true,"href":"https:\/\/jackpotlotteryonline.com\/no\/wp-json\/wp\/v2\/users\/7"}],"replies":[{"embeddable":true,"href":"https:\/\/jackpotlotteryonline.com\/no\/wp-json\/wp\/v2\/comments?post=73965"}],"version-history":[{"count":0,"href":"https:\/\/jackpotlotteryonline.com\/no\/wp-json\/wp\/v2\/pages\/73965\/revisions"}],"up":[{"embeddable":true,"href":"https:\/\/jackpotlotteryonline.com\/no\/wp-json\/wp\/v2\/pages\/73590"}],"wp:attachment":[{"href":"https:\/\/jackpotlotteryonline.com\/no\/wp-json\/wp\/v2\/media?parent=73965"}],"curies":[{"name":"wp","href":"https:\/\/api.w.org\/{rel}","templated":true}]}}