{"id":74032,"date":"2025-02-05T13:13:13","date_gmt":"2025-02-05T13:13:13","guid":{"rendered":"https:\/\/jackpotlotteryonline.com\/?page_id=74032"},"modified":"2025-02-05T13:13:13","modified_gmt":"2025-02-05T13:13:13","slug":"lotterieresultater","status":"publish","type":"page","link":"https:\/\/jackpotlotteryonline.com\/no\/lotterieresultater\/","title":{"rendered":"Lotterieresultater"},"content":{"rendered":"<h2>Lotterieresultater online<\/h2>\n<p> Med et s\u00e5 stort utvalg av lotterier tilgjengelig for deg \u00e5 spille, og den enkle tilgangen vi alle har til Internett i dag, foretrekker mange mennesker \u00e5 raskt sjekke lotterieresultatene sine p\u00e5 nettet. Hvis du har kj\u00f8pt et lottokupong, er du sikkert spent p\u00e5 \u00e5 finne ut hva de vinnende tallene er for akkurat denne trekningen. <strong> N\u00e5 kan du enkelt sjekke resultatene for internasjonale lottogevinster p\u00e5 nettet p\u00e5 sekunder.<\/strong><br \/>\nDenne tjenesten er tilgjengelig over hele verden, s\u00e5 uansett hvor du er, om du er p\u00e5 ferie, p\u00e5 forretningsreise i utlandet eller bare p\u00e5 jobb eller ute med venner, trenger du ikke lenger \u00e5 lete i lokale aviser eller vente i flere dager for \u00e5 finne ut om du er en jackpotvinner. Du kan n\u00e5 enkelt bes\u00f8ke nettstedet v\u00e5rt og velge resultatene for lotteriet du har satset p\u00e5, og raskt finne ut om du har matchet noen tall.<\/p>\n<section class=\"layout\" style=\"border: solid 1px; width: 100%;\">\n<div class=\"img-div\" style=\"margin-top: 5px;\"><img decoding=\"async\" class=\"wp-image-17212 alignleft\" style=\"height: 45px; margin: 8px 8px 0px;\" src=\"http:\/\/jackpotlotteryonline.com\/wp-content\/uploads\/2022\/11\/read1.jpg\" alt=\"read\" width=\"\" height=\"\" \/><\/div>\n<div style=\"padding-left: 5px;\">\n<div style=\"font-size: 1.1em;\">\n<strong>Se tallene dine trekkes live<\/strong><\/p>\n<p style=\"font-size: 0.85em; margin-top: -1.5em;\">Hvordan se live trekninger for dine favorittlotterier &#8211; <a href=\"https:\/\/jackpotlotteryonline.com\/watch-your-lottery-numbers-being-drawn-live\">Les mer<\/a><\/p>\n<\/p><\/div>\n<\/p><\/div>\n<\/section>\n<h2>Internasjonale jackpotvinnende lottonumre<\/h2>\n<p> Sjekk ukens vinnende lottotall for de st\u00f8rste internasjonale lotterijackpottene, daglig oppdatert p\u00e5 nettstedet v\u00e5rt. Vi lister de beste og st\u00f8rste lotteriene p\u00e5 planeten, inkludert El Gordo, Euromillions, Mega Millions, Powerball, SuperEnaLotto og mange flere. <img loading=\"lazy\" decoding=\"async\" class=\"alignright size-medium wp-image-19277\" src=\"http:\/\/jackpotlotteryonline.com\/wp-content\/uploads\/2022\/10\/2_ticket_powerball_au2-163x300.jpg\" alt=\"lottery ticket scan\" width=\"163\" height=\"300\" srcset=\"https:\/\/jackpotlotteryonline.com\/wp-content\/uploads\/2022\/10\/2_ticket_powerball_au2-163x300.jpg 163w, https:\/\/jackpotlotteryonline.com\/wp-content\/uploads\/2022\/10\/2_ticket_powerball_au2.jpg 250w\" sizes=\"auto, (max-width: 163px) 100vw, 163px\" \/><br \/>\n<strong>Du tror kanskje at de fleste av disse lotteriene er utilgjengelige for deg, men det er ikke sant!<\/strong> I dag er det lett \u00e5 <a href=\"https:\/\/jackpotlotteryonline.com\/buy-tickets\">kj\u00f8pe billetter online<\/a> for nesten alle lotterier. Det betyr at du ikke trenger \u00e5 bo i landet der lotteriet finner sted.<\/p>\n<p><strong>Dette er mulig gjennom en tjeneste vi tilbyr.<\/strong><\/p>\n<p>Klikk bare p\u00e5 en av &#8220;<a href=\"https:\/\/jackpotlotteryonline.com\/play-online\">Spill<\/a>&#8221; knappene ovenfor, og du blir tatt til tallvelgersiden for det spesifikke lotteriet. Velg tallene dine, registrer deg og betal online &#8211; det er s\u00e5 enkelt! Du vil motta en bekreftelse p\u00e5 din personlige billett umiddelbart etter at kj\u00f8pet er fullf\u00f8rt, og en skannet kopi av billetten litt senere. Vi vil ogs\u00e5 s\u00f8rge for at du f\u00e5r betalt for det du vinner. De verdensomspennende jackpottene kan ofte v\u00e6re 100 ganger st\u00f8rre enn ditt lokale lotteri, s\u00e5 hva venter du p\u00e5? Velg dine tall!<\/p>\n<h2>Se om du har vunnet &#8211; sammenlign billetten din med de vinnende tallene<\/h2>\n<p> Du kan ikke bare sjekke lotterieresultater online fra din laptop, desktop-PC eller til og med din iPhone hjemme eller p\u00e5 kontoret, men du kan ogs\u00e5 sjekke resultater for mange lotterier umiddelbart p\u00e5 \u00e9n side.<br \/>\nN\u00e5r hvert lotteri er gjennomf\u00f8rt, blir resultatene av hver oppdatert i sanntid. Dette betyr at resultatene av internasjonale jackpotter online er tilgjengelige for deg \u00e5 f\u00e5 tilgang til i l\u00f8pet av sekunder etter at trekningen finner sted.<\/p>\n<p><img loading=\"lazy\" decoding=\"async\" class=\"alignright wp-image-19599\" src=\"http:\/\/jackpotlotteryonline.com\/wp-content\/uploads\/2022\/10\/1_balls_draw_lotto_numbers-200x300.jpg\" alt=\"lottery winning numbers\" width=\"154\" height=\"231\" srcset=\"https:\/\/jackpotlotteryonline.com\/wp-content\/uploads\/2022\/10\/1_balls_draw_lotto_numbers-200x300.jpg 200w, https:\/\/jackpotlotteryonline.com\/wp-content\/uploads\/2022\/10\/1_balls_draw_lotto_numbers.jpg 320w\" sizes=\"auto, (max-width: 154px) 100vw, 154px\" \/><br \/>\nHvis du har valgt \u00e5 <a href=\"https:\/\/jackpotlotteryonline.com\/buy-tickets\">kj\u00f8pe en lottokupong online<\/a>, uansett hvilken type lotteri det er, er det enda lettere \u00e5 sjekke lotterieresultatene dine online her p\u00e5 v\u00e5rt nettsted. Dette er fordi, n\u00e5r du kj\u00f8per lotteribilletten din online, vil du bli bedt om \u00e5 oppgi e-postadressen din. Dette er ikke bare n\u00f8dvendig for at du skal kunne \u00e5pne en konto for \u00e5 spille, men ogs\u00e5 for \u00e5 varsle deg om en eventuell gevinst.<\/p>\n<p>N\u00e5r lotteritrekningen har funnet sted, vil du automatisk bli varslet via e-post hvis du har matchet noen tall som kan ha gitt deg en pengegevinst. Sjekk bare e-postinnboksen din.<\/p>\n<p>Hvis du har kj\u00f8pt lotteribilletter online her, kan du ogs\u00e5 logge inn p\u00e5 kundekontoen din, og resultatene vil vises rett ved siden av billetten din for sammenligning. De tallene p\u00e5 billetten din som stemmer med trekningen vil bli uthevet. Det er s\u00e5 praktisk som det er mulig!<\/p>\n<p>Med s\u00e5 mange flotte fordeler og nyttige funksjoner som \u00e5 kunne sjekke lotterieresultatene dine online raskt, <strong>velger mange mennesker n\u00e5 \u00e5 kj\u00f8pe lotteribilletter online i stedet for i butikker.<\/strong><\/p>\n","protected":false},"excerpt":{"rendered":"<p>Lotterieresultater online Med et s\u00e5 stort utvalg av lotterier tilgjengelig for deg \u00e5 spille, og den enkle tilgangen vi alle har til Internett i dag, foretrekker mange mennesker \u00e5 raskt sjekke lotterieresultatene sine p\u00e5 nettet. Hvis du har kj\u00f8pt et lottokupong, er du sikkert spent p\u00e5 \u00e5 finne ut hva de vinnende tallene er for [&hellip;]<\/p>\n","protected":false},"author":7,"featured_media":0,"parent":0,"menu_order":4,"comment_status":"closed","ping_status":"closed","template":"Results.php","meta":{"_et_pb_use_builder":"","_et_pb_old_content":"","_et_gb_content_width":"","exclude_from_search":false,"footnotes":""},"class_list":["post-74032","page","type-page","status-publish","hentry"],"yoast_head":"<!-- This site is optimized with the Yoast SEO plugin v23.3 - https:\/\/yoast.com\/wordpress\/plugins\/seo\/ -->\n<title>Vinnende tall og resultater for internasjonale lotto jackpotter<\/title>\n<meta name=\"description\" content=\"Denne siden viser resultatene og de vinnende tallene for de fleste internasjonale lotto jackpottene online\" \/>\n<meta name=\"robots\" content=\"index, follow, max-snippet:-1, max-image-preview:large, max-video-preview:-1\" \/>\n<link rel=\"canonical\" href=\"https:\/\/jackpotlotteryonline.com\/no\/lotterieresultater\/\" \/>\n<meta property=\"og:locale\" content=\"nb_NO\" \/>\n<meta property=\"og:type\" content=\"article\" \/>\n<meta property=\"og:title\" content=\"Vinnende tall og resultater for internasjonale lotto jackpotter\" \/>\n<meta property=\"og:description\" content=\"Denne siden viser resultatene og de vinnende tallene for de fleste internasjonale lotto jackpottene online\" \/>\n<meta property=\"og:url\" content=\"https:\/\/jackpotlotteryonline.com\/no\/lotterieresultater\/\" \/>\n<meta property=\"og:site_name\" content=\"Lotto Online - Crack The International Lottery Jackpots\" \/>\n<meta property=\"og:image\" content=\"http:\/\/jackpotlotteryonline.com\/wp-content\/uploads\/2022\/11\/read1.jpg\" \/>\n<meta name=\"twitter:card\" content=\"summary_large_image\" \/>\n<!-- \/ Yoast SEO plugin. -->","yoast_head_json":{"title":"Vinnende tall og resultater for internasjonale lotto jackpotter","description":"Denne siden viser resultatene og de vinnende tallene for de fleste internasjonale lotto jackpottene online","robots":{"index":"index","follow":"follow","max-snippet":"max-snippet:-1","max-image-preview":"max-image-preview:large","max-video-preview":"max-video-preview:-1"},"canonical":"https:\/\/jackpotlotteryonline.com\/no\/lotterieresultater\/","og_locale":"nb_NO","og_type":"article","og_title":"Vinnende tall og resultater for internasjonale lotto jackpotter","og_description":"Denne siden viser resultatene og de vinnende tallene for de fleste internasjonale lotto jackpottene online","og_url":"https:\/\/jackpotlotteryonline.com\/no\/lotterieresultater\/","og_site_name":"Lotto Online - Crack The International Lottery Jackpots","og_image":[{"url":"http:\/\/jackpotlotteryonline.com\/wp-content\/uploads\/2022\/11\/read1.jpg"}],"twitter_card":"summary_large_image","schema":{"@context":"https:\/\/schema.org","@graph":[{"@type":"WebPage","@id":"https:\/\/jackpotlotteryonline.com\/no\/lotterieresultater\/","url":"https:\/\/jackpotlotteryonline.com\/no\/lotterieresultater\/","name":"Vinnende tall og resultater for internasjonale lotto jackpotter","isPartOf":{"@id":"https:\/\/jackpotlotteryonline.com\/#website"},"primaryImageOfPage":{"@id":"https:\/\/jackpotlotteryonline.com\/no\/lotterieresultater\/#primaryimage"},"image":{"@id":"https:\/\/jackpotlotteryonline.com\/no\/lotterieresultater\/#primaryimage"},"thumbnailUrl":"http:\/\/jackpotlotteryonline.com\/wp-content\/uploads\/2022\/11\/read1.jpg","datePublished":"2025-02-05T13:13:13+00:00","dateModified":"2025-02-05T13:13:13+00:00","description":"Denne siden viser resultatene og de vinnende tallene for de fleste internasjonale lotto jackpottene online","breadcrumb":{"@id":"https:\/\/jackpotlotteryonline.com\/no\/lotterieresultater\/#breadcrumb"},"inLanguage":"nb-NO","potentialAction":[{"@type":"ReadAction","target":["https:\/\/jackpotlotteryonline.com\/no\/lotterieresultater\/"]}]},{"@type":"ImageObject","inLanguage":"nb-NO","@id":"https:\/\/jackpotlotteryonline.com\/no\/lotterieresultater\/#primaryimage","url":"http:\/\/jackpotlotteryonline.com\/wp-content\/uploads\/2022\/11\/read1.jpg","contentUrl":"http:\/\/jackpotlotteryonline.com\/wp-content\/uploads\/2022\/11\/read1.jpg"},{"@type":"BreadcrumbList","@id":"https:\/\/jackpotlotteryonline.com\/no\/lotterieresultater\/#breadcrumb","itemListElement":[{"@type":"ListItem","position":1,"name":"Home","item":"https:\/\/jackpotlotteryonline.com\/no\/"},{"@type":"ListItem","position":2,"name":"Lotterieresultater"}]},{"@type":"WebSite","@id":"https:\/\/jackpotlotteryonline.com\/#website","url":"https:\/\/jackpotlotteryonline.com\/","name":"Lotto Online - Crack The International Lottery Jackpots","description":"","potentialAction":[{"@type":"SearchAction","target":{"@type":"EntryPoint","urlTemplate":"https:\/\/jackpotlotteryonline.com\/?s={search_term_string}"},"query-input":"required name=search_term_string"}],"inLanguage":"nb-NO"}]}},"_links":{"self":[{"href":"https:\/\/jackpotlotteryonline.com\/no\/wp-json\/wp\/v2\/pages\/74032","targetHints":{"allow":["GET"]}}],"collection":[{"href":"https:\/\/jackpotlotteryonline.com\/no\/wp-json\/wp\/v2\/pages"}],"about":[{"href":"https:\/\/jackpotlotteryonline.com\/no\/wp-json\/wp\/v2\/types\/page"}],"author":[{"embeddable":true,"href":"https:\/\/jackpotlotteryonline.com\/no\/wp-json\/wp\/v2\/users\/7"}],"replies":[{"embeddable":true,"href":"https:\/\/jackpotlotteryonline.com\/no\/wp-json\/wp\/v2\/comments?post=74032"}],"version-history":[{"count":0,"href":"https:\/\/jackpotlotteryonline.com\/no\/wp-json\/wp\/v2\/pages\/74032\/revisions"}],"wp:attachment":[{"href":"https:\/\/jackpotlotteryonline.com\/no\/wp-json\/wp\/v2\/media?parent=74032"}],"curies":[{"name":"wp","href":"https:\/\/api.w.org\/{rel}","templated":true}]}}