{"id":74085,"date":"2025-02-05T13:40:35","date_gmt":"2025-02-05T13:40:35","guid":{"rendered":"https:\/\/jackpotlotteryonline.com\/?page_id=74085"},"modified":"2025-02-05T13:40:35","modified_gmt":"2025-02-05T13:40:35","slug":"kjop-oz-lotto-billetter","status":"publish","type":"page","link":"https:\/\/jackpotlotteryonline.com\/no\/hvordan-kjope-lotteribilletter-online\/kjop-oz-lotto-billetter\/","title":{"rendered":"Kj\u00f8p Oz Lotto-billetter"},"content":{"rendered":"<p>Oz Lotto er den f\u00f8rste nasjonale lotterien i Australia. Den startet i 1994 og har blitt popul\u00e6r blant spillere overalt p\u00e5 grunn av den gener\u00f8se jackpoten. Det er mer som tiltrekker spillere enn bare den store jackpoten.<\/p>\n<p>Ulike lotterier har sine egne regler og metoder, men \u00e9n ting er felles: oddsen er ikke alltid i spillerens fav\u00f8r. Men dette er ikke tilfelle med dette australske lotteriet. Hvis du leter etter et lotteri med utrolige odds, b\u00f8r du spille Oz Lotto.<\/p>\n<p>Generelt sett er lotterier \u00e5pne for innbyggere i landene der lotteriet er basert. Dermed er dette lotteriet \u00e5pent for de som bor i Australia. Du trenger ikke \u00e5 v\u00e6re statsborger for \u00e5 delta i lotteriet. Hvis du derimot bor utenfor landet, m\u00e5 du kj\u00f8pe lotteribilletter p\u00e5 nettet.<\/p>\n<h2>Slik kj\u00f8per du Oz Lotto-billetter fra hele verden<\/h2>\n<p><img loading=\"lazy\" decoding=\"async\" class=\"alignright size-full wp-image-31532\" src=\"http:\/\/jackpotlotteryonline.com\/wp-content\/uploads\/2022\/11\/lottoballs.jpg\" alt=\"spill Oz Lotto\" width=\"245\" height=\"123\" \/>Den enkleste og mest praktiske m\u00e5ten \u00e5 f\u00e5 tilgang til Oz Lotto fra utenfor Australia er via internett. Det finnes online lotterisider som gir spillere tilgang til topp internasjonale lotterier. Disse nettstedene gir en legitim m\u00e5te for spillere over hele verden \u00e5 pr\u00f8ve \u00e5 vinne millioner.<\/p>\n<p>Internett gir en verden med nesten uendelige muligheter, men ikke alle er positive. \u00c5 s\u00f8ke etter tilfeldige lotterisider kan f\u00f8re til ubehagelige erfaringer. Derfor er det alltid en god id\u00e9 \u00e5 lete etter p\u00e5litelige nettsteder som har et godt omd\u00f8mme blant spillere. Vi deler tips for \u00e5 hjelpe deg med \u00e5 velge riktig lotterileverand\u00f8r p\u00e5 internett.<\/p>\n<h2>Tips for \u00e5 bruke riktig lotteriside<\/h2>\n<p>S\u00f8rg for at de har et bredt utvalg av internasjonale lotterier. Det er ikke vits i \u00e5 registrere deg p\u00e5 en side som bare har et par lotterier. Hovedpoenget med \u00e5 <a href=\"https:\/\/jackpotlotteryonline.com\/play-online\/oz-lotto\">spille lotteri p\u00e5 nettet<\/a> er tilgjengelighet og bekvemmelighet. Hva er mer praktisk enn \u00e5 kunne delta i flere internasjonale lotterier fra ett enkelt nettsted?<\/p>\n<p>Hvis du \u00f8nsker \u00e5 delta i lotteriet, bruk en concierge-nettside. Dette siste tipset er veldig viktig fordi du kan bruke pengene dine uten \u00e5 faktisk delta i lotteriet. Dette er fordi noen lotterisider lar spillere satse p\u00e5 resultatet. S\u00e5 selv om tallene dine stemmer, vil du kun ha rett p\u00e5 en br\u00f8kdel av jackpoten fordi du ikke har deltatt i lotteriet.<\/p>\n<section class=\"layout\" style=\"border: solid 1px; width: 100%;\">\n<div class=\"img-div\" style=\"margin-top: 5px;\"><img decoding=\"async\" class=\"wp-image-17212 alignleft\" style=\"height: 45px; margin: 8px 8px 0px;\" src=\"http:\/\/jackpotlotteryonline.com\/wp-content\/uploads\/2022\/11\/read1.jpg\" alt=\"les\" width=\"\" height=\"\" \/><\/div>\n<div style=\"padding-left: 5px;\">\n<div style=\"font-size: 1.1em;\">\n<p><strong>V\u00e6r oppmerksom p\u00e5 lotteriskurker<\/strong><\/p>\n<p style=\"font-size: 0.85em; margin-top: -1.5em;\">Ikke fall for lotterifeller <a href=\"https:\/\/jackpotlotteryonline.com\/beware-of-online-lottery-scams\">les mer<\/a><\/p>\n<\/div>\n<\/div>\n<\/section>\n<h2>Registrer deg hos oss for \u00e5 delta i lotteriet online<\/h2>\n<p><img loading=\"lazy\" decoding=\"async\" class=\"size-medium wp-image-34403 alignright\" src=\"http:\/\/jackpotlotteryonline.com\/wp-content\/uploads\/2022\/11\/2_ticket_oz_lotto2-179x300.jpg\" alt=\"Kj\u00f8p Oz Lotto-billetter\" width=\"179\" height=\"300\" srcset=\"https:\/\/jackpotlotteryonline.com\/wp-content\/uploads\/2022\/11\/2_ticket_oz_lotto2-179x300.jpg 179w, https:\/\/jackpotlotteryonline.com\/wp-content\/uploads\/2022\/11\/2_ticket_oz_lotto2.jpg 250w\" sizes=\"auto, (max-width: 179px) 100vw, 179px\" \/>Kj\u00f8p av lotteribilletter p\u00e5 internett eller via en mobilapp er enkelt og problemfritt. N\u00e5r du har funnet leverand\u00f8ren du \u00f8nsker \u00e5 bruke, bes\u00f8k deres nettsted og velg lotteriet du \u00f8nsker. Neste steg er \u00e5 velge tallene dine. For Oz Lotto m\u00e5 du velge ti tall fra 1 til 47.<\/p>\n<p><a href=\"https:\/\/jackpotlotteryonline.com\/winning-numbers\/oz-lotto\">Delta i trekningen og foreta betalingen<\/a>. Trekningen finner sted \u00e9n gang i uken, p\u00e5 tirsdager. Den interessante delen med \u00e5 spille online er at du kan kj\u00f8pe flere billetter og delta i flere trekninger p\u00e5 forh\u00e5nd. Hvis du ikke er sikker p\u00e5 hvilke tall du skal velge, kan du enkelt bruke en automatisk tallvelger.<\/p>\n<p>Som nevnt er det \u00e5 spille lotteri p\u00e5 internett en praktisk og stressfri m\u00e5te \u00e5 ha en flott opplevelse p\u00e5. Enten du er en erfaren spiller eller nybegynner, kan du ha en fantastisk reise her. V\u00e5re concierge-tjenester gir spillere en legitim m\u00e5te \u00e5 delta i lotteriet p\u00e5. N\u00e5r du kj\u00f8per en Oz Lotto-billett fra oss, f\u00e5r du den ekte avtalen.<\/p>\n","protected":false},"excerpt":{"rendered":"<p>Oz Lotto er den f\u00f8rste nasjonale lotterien i Australia. Den startet i 1994 og har blitt popul\u00e6r blant spillere overalt p\u00e5 grunn av den gener\u00f8se jackpoten. Det er mer som tiltrekker spillere enn bare den store jackpoten. Ulike lotterier har sine egne regler og metoder, men \u00e9n ting er felles: oddsen er ikke alltid i [&hellip;]<\/p>\n","protected":false},"author":7,"featured_media":0,"parent":73590,"menu_order":16,"comment_status":"closed","ping_status":"closed","template":"","meta":{"_et_pb_use_builder":"","_et_pb_old_content":"","_et_gb_content_width":"","exclude_from_search":false,"footnotes":""},"class_list":["post-74085","page","type-page","status-publish","hentry"],"yoast_head":"<!-- This site is optimized with the Yoast SEO plugin v23.3 - https:\/\/yoast.com\/wordpress\/plugins\/seo\/ -->\n<title>Kj\u00f8p Oz Lotto-billetter fra utenfor Australia | Oz Lotto-billetter online<\/title>\n<meta name=\"description\" content=\"Oz Lotto er tilgjengelig for deg, hvis du ikke bor i Australia, kan vi skaffe deg en lovlig billett til dette australske lotteriet online.\" \/>\n<meta name=\"robots\" content=\"index, follow, max-snippet:-1, max-image-preview:large, max-video-preview:-1\" \/>\n<link rel=\"canonical\" href=\"https:\/\/jackpotlotteryonline.com\/no\/hvordan-kjope-lotteribilletter-online\/kjop-oz-lotto-billetter\/\" \/>\n<meta property=\"og:locale\" content=\"nb_NO\" \/>\n<meta property=\"og:type\" content=\"article\" \/>\n<meta property=\"og:title\" content=\"Kj\u00f8p Oz Lotto-billetter fra utenfor Australia | Oz Lotto-billetter online\" \/>\n<meta property=\"og:description\" content=\"Oz Lotto er tilgjengelig for deg, hvis du ikke bor i Australia, kan vi skaffe deg en lovlig billett til dette australske lotteriet online.\" \/>\n<meta property=\"og:url\" content=\"https:\/\/jackpotlotteryonline.com\/no\/hvordan-kjope-lotteribilletter-online\/kjop-oz-lotto-billetter\/\" \/>\n<meta property=\"og:site_name\" content=\"Lotto Online - Crack The International Lottery Jackpots\" \/>\n<meta property=\"og:image\" content=\"http:\/\/jackpotlotteryonline.com\/wp-content\/uploads\/2022\/11\/lottoballs.jpg\" \/>\n<meta name=\"twitter:card\" content=\"summary_large_image\" \/>\n<!-- \/ Yoast SEO plugin. -->","yoast_head_json":{"title":"Kj\u00f8p Oz Lotto-billetter fra utenfor Australia | Oz Lotto-billetter online","description":"Oz Lotto er tilgjengelig for deg, hvis du ikke bor i Australia, kan vi skaffe deg en lovlig billett til dette australske lotteriet online.","robots":{"index":"index","follow":"follow","max-snippet":"max-snippet:-1","max-image-preview":"max-image-preview:large","max-video-preview":"max-video-preview:-1"},"canonical":"https:\/\/jackpotlotteryonline.com\/no\/hvordan-kjope-lotteribilletter-online\/kjop-oz-lotto-billetter\/","og_locale":"nb_NO","og_type":"article","og_title":"Kj\u00f8p Oz Lotto-billetter fra utenfor Australia | Oz Lotto-billetter online","og_description":"Oz Lotto er tilgjengelig for deg, hvis du ikke bor i Australia, kan vi skaffe deg en lovlig billett til dette australske lotteriet online.","og_url":"https:\/\/jackpotlotteryonline.com\/no\/hvordan-kjope-lotteribilletter-online\/kjop-oz-lotto-billetter\/","og_site_name":"Lotto Online - Crack The International Lottery Jackpots","og_image":[{"url":"http:\/\/jackpotlotteryonline.com\/wp-content\/uploads\/2022\/11\/lottoballs.jpg"}],"twitter_card":"summary_large_image","schema":{"@context":"https:\/\/schema.org","@graph":[{"@type":"WebPage","@id":"https:\/\/jackpotlotteryonline.com\/no\/hvordan-kjope-lotteribilletter-online\/kjop-oz-lotto-billetter\/","url":"https:\/\/jackpotlotteryonline.com\/no\/hvordan-kjope-lotteribilletter-online\/kjop-oz-lotto-billetter\/","name":"Kj\u00f8p Oz Lotto-billetter fra utenfor Australia | Oz Lotto-billetter online","isPartOf":{"@id":"https:\/\/jackpotlotteryonline.com\/#website"},"primaryImageOfPage":{"@id":"https:\/\/jackpotlotteryonline.com\/no\/hvordan-kjope-lotteribilletter-online\/kjop-oz-lotto-billetter\/#primaryimage"},"image":{"@id":"https:\/\/jackpotlotteryonline.com\/no\/hvordan-kjope-lotteribilletter-online\/kjop-oz-lotto-billetter\/#primaryimage"},"thumbnailUrl":"http:\/\/jackpotlotteryonline.com\/wp-content\/uploads\/2022\/11\/lottoballs.jpg","datePublished":"2025-02-05T13:40:35+00:00","dateModified":"2025-02-05T13:40:35+00:00","description":"Oz Lotto er tilgjengelig for deg, hvis du ikke bor i Australia, kan vi skaffe deg en lovlig billett til dette australske lotteriet online.","breadcrumb":{"@id":"https:\/\/jackpotlotteryonline.com\/no\/hvordan-kjope-lotteribilletter-online\/kjop-oz-lotto-billetter\/#breadcrumb"},"inLanguage":"nb-NO","potentialAction":[{"@type":"ReadAction","target":["https:\/\/jackpotlotteryonline.com\/no\/hvordan-kjope-lotteribilletter-online\/kjop-oz-lotto-billetter\/"]}]},{"@type":"ImageObject","inLanguage":"nb-NO","@id":"https:\/\/jackpotlotteryonline.com\/no\/hvordan-kjope-lotteribilletter-online\/kjop-oz-lotto-billetter\/#primaryimage","url":"http:\/\/jackpotlotteryonline.com\/wp-content\/uploads\/2022\/11\/lottoballs.jpg","contentUrl":"http:\/\/jackpotlotteryonline.com\/wp-content\/uploads\/2022\/11\/lottoballs.jpg"},{"@type":"BreadcrumbList","@id":"https:\/\/jackpotlotteryonline.com\/no\/hvordan-kjope-lotteribilletter-online\/kjop-oz-lotto-billetter\/#breadcrumb","itemListElement":[{"@type":"ListItem","position":1,"name":"Home","item":"https:\/\/jackpotlotteryonline.com\/no\/"},{"@type":"ListItem","position":2,"name":"Hvordan kj\u00f8pe lotteribilletter online","item":"https:\/\/jackpotlotteryonline.com\/no\/hvordan-kjope-lotteribilletter-online\/"},{"@type":"ListItem","position":3,"name":"Kj\u00f8p Oz Lotto-billetter"}]},{"@type":"WebSite","@id":"https:\/\/jackpotlotteryonline.com\/#website","url":"https:\/\/jackpotlotteryonline.com\/","name":"Lotto Online - Crack The International Lottery Jackpots","description":"","potentialAction":[{"@type":"SearchAction","target":{"@type":"EntryPoint","urlTemplate":"https:\/\/jackpotlotteryonline.com\/?s={search_term_string}"},"query-input":"required name=search_term_string"}],"inLanguage":"nb-NO"}]}},"_links":{"self":[{"href":"https:\/\/jackpotlotteryonline.com\/no\/wp-json\/wp\/v2\/pages\/74085","targetHints":{"allow":["GET"]}}],"collection":[{"href":"https:\/\/jackpotlotteryonline.com\/no\/wp-json\/wp\/v2\/pages"}],"about":[{"href":"https:\/\/jackpotlotteryonline.com\/no\/wp-json\/wp\/v2\/types\/page"}],"author":[{"embeddable":true,"href":"https:\/\/jackpotlotteryonline.com\/no\/wp-json\/wp\/v2\/users\/7"}],"replies":[{"embeddable":true,"href":"https:\/\/jackpotlotteryonline.com\/no\/wp-json\/wp\/v2\/comments?post=74085"}],"version-history":[{"count":0,"href":"https:\/\/jackpotlotteryonline.com\/no\/wp-json\/wp\/v2\/pages\/74085\/revisions"}],"up":[{"embeddable":true,"href":"https:\/\/jackpotlotteryonline.com\/no\/wp-json\/wp\/v2\/pages\/73590"}],"wp:attachment":[{"href":"https:\/\/jackpotlotteryonline.com\/no\/wp-json\/wp\/v2\/media?parent=74085"}],"curies":[{"name":"wp","href":"https:\/\/api.w.org\/{rel}","templated":true}]}}