{"id":74136,"date":"2025-02-05T14:25:04","date_gmt":"2025-02-05T14:25:04","guid":{"rendered":"https:\/\/jackpotlotteryonline.com\/?page_id=74136"},"modified":"2025-02-05T14:25:04","modified_gmt":"2025-02-05T14:25:04","slug":"kjop-billetter-til-saturday-lotto-australia","status":"publish","type":"page","link":"https:\/\/jackpotlotteryonline.com\/no\/hvordan-kjope-lotteribilletter-online\/kjop-billetter-til-saturday-lotto-australia\/","title":{"rendered":"Kj\u00f8p billetter til Saturday Lotto Australia"},"content":{"rendered":"<p>Australia har mange lotterier, som Wednesday Lotto, Powerball og Saturday Lotto Australia. Saturday Lotto er et popul\u00e6rt lotteri blant spillere og gir folk noe \u00e5 se frem til hver uke. Da dette lotteriet f\u00f8rst ble lansert, kunne kun spillere i Australia delta. Heldigvis kan n\u00e5 spillere over hele verden delta i Saturday Lotto.<\/p>\n<p>S\u00e5, hvordan kj\u00f8per du billetter til Saturday Lotto hvis du bor utenfor landet? Fortsett \u00e5 lese for \u00e5 finne ut av det! Vi vil ta deg gjennom prosessen og svare p\u00e5 alle sp\u00f8rsm\u00e5l du m\u00e5tte ha. For de som ikke er kjent med dette lotteriet, vil vi ogs\u00e5 bruke litt tid p\u00e5 \u00e5 fortelle om det. Forh\u00e5pentligvis, n\u00e5r du er ferdig med \u00e5 lese, vil du v\u00e6re ivrig etter \u00e5 kj\u00f8pe billetter til dette lotteriet.<\/p>\n<h2>Hva er Saturday Lotto Australia?<\/h2>\n<p> Dette er et lotteri som ble introdusert i Australia i 1972 og har n\u00e5 blitt et av de favorittlotteriene blant spillere. Lotteriet er ogs\u00e5 kjent som Tatts Lotto, X Lotto og Gold Lotto i enkelte deler av landet, og det drives av Tatts Lottery Group.<br \/>\nLotteriet har seks premieavdelinger, og vi vil snakke om disse om litt. Saturday Lotto har en startjackpot p\u00e5 AUD 5 millioner. Det fantastiske er at oddsen for \u00e5 vinne jackpotten er veldig bra. I motsetning til andre lotterier, trenger en spiller kun \u00e5 matche de hovedsakelige tallene for \u00e5 vinne jackpotten.<\/p>\n<p>Det finnes tilleggstall, men disse brukes for \u00e5 avgj\u00f8re vinnerne i de andre premieavdelingene. Det sier mye at selv om det finnes lotterier for nesten alle ukedager, er det denne lotterien som tiltrekker seg australiere. Nedenfor forklarer vi hvordan du spiller dette lotteriet og g\u00e5r gjennom de ulike premieavdelingene.<\/p>\n<h2>Hvordan spille Saturday Lotto<\/h2>\n<p> <img loading=\"lazy\" decoding=\"async\" class=\"alignright size-full wp-image-35132\" src=\"http:\/\/jackpotlotteryonline.com\/wp-content\/uploads\/2022\/11\/2_ticket_saturday_lotto_au2-1-180x300-1.jpg\" alt=\"Kj\u00f8p Saturday Lotto-billett online\" width=\"180\" height=\"300\" \/><br \/>\nFor \u00e5 <a href=\"https:\/\/jackpotlotteryonline.com\/play-online\/saturday-lotto\">spille dette lotteriet<\/a> m\u00e5 en spiller velge 6 hovedtall mellom 1 og 45, og deretter 2 tilleggstall fra 1 til 6. Tilleggstallene brukes ikke for \u00e5 avgj\u00f8re jackpotten \u2013 alt en spiller trenger \u00e5 gj\u00f8re er \u00e5 matche de \u00e5tte trukne tallene for \u00e5 vinne jackpotten.<\/p>\n<p>Under trekningene trekkes 6 baller tilfeldig fra en trommel som inneholder 45 baller. Tallene p\u00e5 disse ballene er de vinnende tallene, og alle billetter som matcher disse tallene er vinnere. Deretter trekkes to ekstra baller fra en annen trommel med 6 baller. Disse er tilleggstallene som brukes for \u00e5 bestemme de andre premieavdelingene.<\/p>\n<p>Som navnet tilsier, foreg\u00e5r trekningene hver l\u00f8rdag. Trekningene avsluttes p\u00e5 l\u00f8rdag klokken 19:25 AEST. Spillere som \u00f8nsker \u00e5 delta i ukens trekning, m\u00e5 kj\u00f8pe billettene f\u00f8r stengning.<\/p>\n<h2>Premieavdelinger<\/h2>\n<p> Tatts Lotto har \u00e5tte premieavdelinger. N\u00e5r du kj\u00f8per en billett til dette lotteriet, har du sjansen til \u00e5 vinne en premie i en av disse kategoriene. Den vinnende kombinasjonen for hver avdeling er som f\u00f8lger:<br \/>\nAvdeling 1 (Jackpot) \u2013 Match 6 hovedtall<br \/>\nAvdeling 2 \u2013 Match 5 hovedtall + 1 tilleggstall<br \/>\nAvdeling 3 \u2013 Match 5 hovedtall<br \/>\nAvdeling 4 \u2013 Match 4 hovedtall<br \/>\nAvdeling 5 \u2013 Match 3 hovedtall + 1 tilleggstall<br \/>\nAvdeling 6 \u2013 Match 3 hovedtall<br \/>\nArrang\u00f8rene har gjort det mulig for spillere \u00e5 vinne i dette lotteriet. Oddsen er god, og med en jackpot p\u00e5 5 millioner AUD er det ikke rart at spillere elsker Saturday Lotto. Hvis du enn\u00e5 ikke har gjort det, er dette et godt tidspunkt \u00e5 vurdere \u00e5 kj\u00f8pe en billett.<\/p>\n<h2>Tidligere vinnere<\/h2>\n<p> F\u00f8r vi forklarer hvordan du kan kj\u00f8pe billetter til dette lotteriet utenfor Australia, kan det v\u00e6re lurt \u00e5 se p\u00e5 noen tidligere vinnere. Gjennom \u00e5rene har det v\u00e6rt mange vinnere, s\u00e5 vi vil bare trekke fram noen av de nyeste, i h\u00e5p om at du blir inspirert.<br \/>\nDen f\u00f8rste p\u00e5 listen v\u00e5r er en australsk mor som \u00f8nsket \u00e5 forbli anonym. Hun vant jackpotten i Saturday Lotto sammen med en annen vinner. If\u00f8lge rapporter tok det henne to uker f\u00f8r hun inns\u00e5 at hun hadde vunnet. Hadde hun ventet lenger, ville hun ikke ha klart \u00e5 gj\u00f8re krav p\u00e5 premien sin. Heldigvis sjekket hun igjen og oppdaget at hun hadde vunnet.<\/p>\n<p>En annen vinner er en mann som spilte Saturday Lotto med de samme tallene i flere \u00e5r. Hans utholdenhet l\u00f8nnet seg, og han vant jackpotten. Mange lotterivinnere sier at de spilte i flere \u00e5r f\u00f8r de vant. Noen ganger kreves det tro og konsistens for \u00e5 oppn\u00e5 de \u00f8nskede resultatene.<\/p>\n<h2>Kj\u00f8p billetter fra utenfor Australia<\/h2>\n<p> S\u00e5, hvis du ikke bor i det vakre landet Australia, hvordan kan du kj\u00f8pe billetter til Saturday Lotto? F\u00f8r internett var dette praktisk talt umulig, eller sv\u00e6rt vanskelig. Men takket v\u00e6re internett kan du n\u00e5 kj\u00f8pe Tatts-lotteribilletter online.<br \/>\nDet finnes online lotterileverand\u00f8rer som lar spillere kj\u00f8pe billetter til ledende internasjonale lotterier. Disse leverand\u00f8rene tilbyr en &#8220;concierge-tjeneste&#8221; som hjelper spillere med \u00e5 kj\u00f8pe lotteribilletter i hvilket som helst land. N\u00e5r du registrerer deg p\u00e5 slike nettsteder, kan du enkelt delta i Saturday Lotto og gj\u00f8re krav p\u00e5 eventuelle gevinster.<\/p>\n<p>Hos jackpotlotteryonline.com tilbyr vi en concierge-tjeneste som gir en s\u00f8ml\u00f8s opplevelse for v\u00e5re brukere. N\u00e5r du registrerer deg hos oss, kan du enkelt kj\u00f8pe billett til Saturday Lotto og mange andre internasjonale lotterier.<\/p>\n<h2>Ofte stilte sp\u00f8rsm\u00e5l<\/h2>\n<p> <img loading=\"lazy\" decoding=\"async\" class=\"wp-image-29264 alignright\" src=\"http:\/\/jackpotlotteryonline.com\/wp-content\/uploads\/2022\/11\/1_play_online_lotto-300x300.jpg\" alt=\"Spill Saturday Lotto online\" width=\"235\" height=\"235\" srcset=\"https:\/\/jackpotlotteryonline.com\/wp-content\/uploads\/2022\/11\/1_play_online_lotto-300x300.jpg 300w, https:\/\/jackpotlotteryonline.com\/wp-content\/uploads\/2022\/11\/1_play_online_lotto-100x100.jpg 100w, https:\/\/jackpotlotteryonline.com\/wp-content\/uploads\/2022\/11\/1_play_online_lotto-150x150.jpg 150w, https:\/\/jackpotlotteryonline.com\/wp-content\/uploads\/2022\/11\/1_play_online_lotto.jpg 480w\" sizes=\"auto, (max-width: 235px) 100vw, 235px\" \/><br \/>\nVi vet at du kanskje har mange sp\u00f8rsm\u00e5l. Det er helt greit \u2013 vi er her for \u00e5 svare p\u00e5 dem. Vi vil fors\u00f8ke \u00e5 dekke alt her, men hvis du fortsatt har bekymringer, er du velkommen til \u00e5 kontakte oss. Vi er alltid glade for \u00e5 h\u00f8re fra deg og vil gj\u00f8re alt vi kan for \u00e5 hjelpe deg p\u00e5 veien til \u00e5 bli en lotterivinner.<\/p>\n<h3>Kan jeg kj\u00f8pe lotteribilletter online?<\/h3>\n<p> Ja, du kan kj\u00f8pe lotteribilletter online, og det er helt lovlig. Bare s\u00f8rg for at du bruker en p\u00e5litelig lotterileverand\u00f8r for \u00e5 v\u00e6re sikker p\u00e5 at du deltar i den riktige lotterien. Mange lotterigrupper har egne nettsider, og hvis du \u00f8nsker \u00e5 spille i flere lotterier, er det best \u00e5 registrere deg hos en leverand\u00f8r som tilbyr tilgang til flere. <\/p>\n<h3>Hvordan kj\u00f8per jeg en billett?<\/h3>\n<p> \u00c5 kj\u00f8pe en lotteribillet er enkelt n\u00e5r du er registrert hos oss. Bare velg dine tall og delta i trekningen. Du kan kj\u00f8pe flere billetter for \u00e5 \u00f8ke sjansene dine for \u00e5 vinne. Hvis du er usikker p\u00e5 hvilke tall du skal velge, kan det automatiske verkt\u00f8yet v\u00e5rt gj\u00f8re jobben for deg. Vi jobber hardt for \u00e5 sikre at prosessen er enkel og intuitiv for spillere. <\/p>\n<h3>Hva er egentlig en concierge-tjeneste?<\/h3>\n<p> Vi er glade for at du spurte. N\u00e5r vi sier at vi tilbyr en concierge-tjeneste, betyr det at vi har agenter i ulike land, inkludert Australia. N\u00e5r du kj\u00f8per din lotteribillet fra oss, g\u00e5r v\u00e5re agenter ut og kj\u00f8per en fysisk billett med de tilsvarende tallene. Det betyr at uansett hvor du er, er du med i lotteriet. <\/p>\n<h3>Hvordan vinner jeg?<\/h3>\n<p> For \u00e5 vinne i denne australske lotterien, trenger du bare \u00e5 matche de seks hovedtallene som trekkes, og du vinner jackpotten. Du trenger ikke \u00e5 matche tilleggstallene, da de brukes til \u00e5 bestemme premiene i avdeling 2 og 5. <\/p>\n<h3>Hvordan kan jeg sjekke resultatene?<\/h3>\n<p> Etter hver trekning publiserer vi resultatene p\u00e5 jackpotlotteryonline.com. For Saturday Lotto, bes\u00f8k ganske enkelt <a href=\"https:\/\/jackpotlotteryonline.com\/winning-numbers\/saturday-lotto\">resultatsiden for Saturday Lotto<\/a> etter trekningen for \u00e5 finne ut resultatene. <\/p>\n<h3>Hva om jeg glemmer \u00e5 sjekke resultatene?<\/h3>\n<p> Dette er den beste delen. N\u00e5r du kj\u00f8per fra oss, betyr det at det ikke spiller noen rolle om du glemmer \u00e5 sjekke resultatene \u2013 vi tar oss av det. Hvis du vinner en premie, vil vi sende deg en melding p\u00e5 din brukerportal samt en e-post for \u00e5 varsle deg. N\u00e5r du kj\u00f8per en lotteribillet fra oss, vet du at du er dekket. <\/p>\n<h3>Jeg vant, hva n\u00e5?<\/h3>\n<p> Gratulerer! Hvis du vinner, er neste steg enkelt. G\u00e5 til din brukerportal og ta ut pengene dine gjennom de tilgjengelige betalingsmetodene. Det er s\u00e5 enkelt. <\/p>\n<h2>Registrer deg hos oss i dag!<\/h2>\n<p> \u00c5 spille lotteri er g\u00f8y og gir spillerne noe \u00e5 se frem til hver uke. Saturday Lotto har en flott jackpot og gode odds, noe som gj\u00f8r den ideell b\u00e5de for nye og erfarne spillere. N\u00e5 er den ikke lenger begrenset til australiere, for folk over hele verden kan n\u00e5 kj\u00f8pe billetter til dette lotteriet.<br \/>\nHvis du leter etter et interessant spill \u00e5 delta i, hvorfor ikke pr\u00f8ve Tatts Lotto? Uansett hvor du befinner deg, kan du kj\u00f8pe en billett til dette lotteriet ved \u00e5 registrere deg hos oss. Kj\u00f8p flere billetter og delta i flere trekninger p\u00e5 forh\u00e5nd med letthet. V\u00e5r jobb er \u00e5 gj\u00f8re det mulig for deg \u00e5 spille i de lotteriene du \u00f8nsker, med minimal stress.<\/p>\n<p>Slapp av og ha det g\u00f8y mens du spiller \u2013 du vet aldri om det blir dagen du vinner stort. Hvorfor ikke kj\u00f8pe tilgang til lotteriet ved \u00e5 registrere deg hos oss i dag?<\/p>\n","protected":false},"excerpt":{"rendered":"<p>Australia har mange lotterier, som Wednesday Lotto, Powerball og Saturday Lotto Australia. Saturday Lotto er et popul\u00e6rt lotteri blant spillere og gir folk noe \u00e5 se frem til hver uke. Da dette lotteriet f\u00f8rst ble lansert, kunne kun spillere i Australia delta. Heldigvis kan n\u00e5 spillere over hele verden delta i Saturday Lotto. S\u00e5, hvordan [&hellip;]<\/p>\n","protected":false},"author":7,"featured_media":0,"parent":73590,"menu_order":18,"comment_status":"closed","ping_status":"closed","template":"saturday-lotto-info.php","meta":{"_et_pb_use_builder":"","_et_pb_old_content":"","_et_gb_content_width":"","exclude_from_search":false,"footnotes":""},"class_list":["post-74136","page","type-page","status-publish","hentry"],"yoast_head":"<!-- This site is optimized with the Yoast SEO plugin v23.3 - https:\/\/yoast.com\/wordpress\/plugins\/seo\/ -->\n<title>Kj\u00f8p billetter til Saturday Lotto Australia fra utlandet<\/title>\n<meta name=\"description\" content=\"Det popul\u00e6re australske Saturday Lotto har flotte jackpotter. Spillere fra hvor som helst kan n\u00e5 kj\u00f8pe billett til Saturday Lotto online.\" \/>\n<meta name=\"robots\" content=\"index, follow, max-snippet:-1, max-image-preview:large, max-video-preview:-1\" \/>\n<link rel=\"canonical\" href=\"https:\/\/jackpotlotteryonline.com\/no\/hvordan-kjope-lotteribilletter-online\/kjop-billetter-til-saturday-lotto-australia\/\" \/>\n<meta property=\"og:locale\" content=\"nb_NO\" \/>\n<meta property=\"og:type\" content=\"article\" \/>\n<meta property=\"og:title\" content=\"Kj\u00f8p billetter til Saturday Lotto Australia fra utlandet\" \/>\n<meta property=\"og:description\" content=\"Det popul\u00e6re australske Saturday Lotto har flotte jackpotter. Spillere fra hvor som helst kan n\u00e5 kj\u00f8pe billett til Saturday Lotto online.\" \/>\n<meta property=\"og:url\" content=\"https:\/\/jackpotlotteryonline.com\/no\/hvordan-kjope-lotteribilletter-online\/kjop-billetter-til-saturday-lotto-australia\/\" \/>\n<meta property=\"og:site_name\" content=\"Lotto Online - Crack The International Lottery Jackpots\" \/>\n<meta property=\"og:image\" content=\"http:\/\/jackpotlotteryonline.com\/wp-content\/uploads\/2022\/11\/2_ticket_saturday_lotto_au2-1-180x300-1.jpg\" \/>\n<meta name=\"twitter:card\" content=\"summary_large_image\" \/>\n<!-- \/ Yoast SEO plugin. -->","yoast_head_json":{"title":"Kj\u00f8p billetter til Saturday Lotto Australia fra utlandet","description":"Det popul\u00e6re australske Saturday Lotto har flotte jackpotter. Spillere fra hvor som helst kan n\u00e5 kj\u00f8pe billett til Saturday Lotto online.","robots":{"index":"index","follow":"follow","max-snippet":"max-snippet:-1","max-image-preview":"max-image-preview:large","max-video-preview":"max-video-preview:-1"},"canonical":"https:\/\/jackpotlotteryonline.com\/no\/hvordan-kjope-lotteribilletter-online\/kjop-billetter-til-saturday-lotto-australia\/","og_locale":"nb_NO","og_type":"article","og_title":"Kj\u00f8p billetter til Saturday Lotto Australia fra utlandet","og_description":"Det popul\u00e6re australske Saturday Lotto har flotte jackpotter. Spillere fra hvor som helst kan n\u00e5 kj\u00f8pe billett til Saturday Lotto online.","og_url":"https:\/\/jackpotlotteryonline.com\/no\/hvordan-kjope-lotteribilletter-online\/kjop-billetter-til-saturday-lotto-australia\/","og_site_name":"Lotto Online - Crack The International Lottery Jackpots","og_image":[{"url":"http:\/\/jackpotlotteryonline.com\/wp-content\/uploads\/2022\/11\/2_ticket_saturday_lotto_au2-1-180x300-1.jpg"}],"twitter_card":"summary_large_image","schema":{"@context":"https:\/\/schema.org","@graph":[{"@type":"WebPage","@id":"https:\/\/jackpotlotteryonline.com\/no\/hvordan-kjope-lotteribilletter-online\/kjop-billetter-til-saturday-lotto-australia\/","url":"https:\/\/jackpotlotteryonline.com\/no\/hvordan-kjope-lotteribilletter-online\/kjop-billetter-til-saturday-lotto-australia\/","name":"Kj\u00f8p billetter til Saturday Lotto Australia fra utlandet","isPartOf":{"@id":"https:\/\/jackpotlotteryonline.com\/#website"},"primaryImageOfPage":{"@id":"https:\/\/jackpotlotteryonline.com\/no\/hvordan-kjope-lotteribilletter-online\/kjop-billetter-til-saturday-lotto-australia\/#primaryimage"},"image":{"@id":"https:\/\/jackpotlotteryonline.com\/no\/hvordan-kjope-lotteribilletter-online\/kjop-billetter-til-saturday-lotto-australia\/#primaryimage"},"thumbnailUrl":"http:\/\/jackpotlotteryonline.com\/wp-content\/uploads\/2022\/11\/2_ticket_saturday_lotto_au2-1-180x300-1.jpg","datePublished":"2025-02-05T14:25:04+00:00","dateModified":"2025-02-05T14:25:04+00:00","description":"Det popul\u00e6re australske Saturday Lotto har flotte jackpotter. Spillere fra hvor som helst kan n\u00e5 kj\u00f8pe billett til Saturday Lotto online.","breadcrumb":{"@id":"https:\/\/jackpotlotteryonline.com\/no\/hvordan-kjope-lotteribilletter-online\/kjop-billetter-til-saturday-lotto-australia\/#breadcrumb"},"inLanguage":"nb-NO","potentialAction":[{"@type":"ReadAction","target":["https:\/\/jackpotlotteryonline.com\/no\/hvordan-kjope-lotteribilletter-online\/kjop-billetter-til-saturday-lotto-australia\/"]}]},{"@type":"ImageObject","inLanguage":"nb-NO","@id":"https:\/\/jackpotlotteryonline.com\/no\/hvordan-kjope-lotteribilletter-online\/kjop-billetter-til-saturday-lotto-australia\/#primaryimage","url":"http:\/\/jackpotlotteryonline.com\/wp-content\/uploads\/2022\/11\/2_ticket_saturday_lotto_au2-1-180x300-1.jpg","contentUrl":"http:\/\/jackpotlotteryonline.com\/wp-content\/uploads\/2022\/11\/2_ticket_saturday_lotto_au2-1-180x300-1.jpg"},{"@type":"BreadcrumbList","@id":"https:\/\/jackpotlotteryonline.com\/no\/hvordan-kjope-lotteribilletter-online\/kjop-billetter-til-saturday-lotto-australia\/#breadcrumb","itemListElement":[{"@type":"ListItem","position":1,"name":"Home","item":"https:\/\/jackpotlotteryonline.com\/no\/"},{"@type":"ListItem","position":2,"name":"Hvordan kj\u00f8pe lotteribilletter online","item":"https:\/\/jackpotlotteryonline.com\/no\/hvordan-kjope-lotteribilletter-online\/"},{"@type":"ListItem","position":3,"name":"Kj\u00f8p billetter til Saturday Lotto Australia"}]},{"@type":"WebSite","@id":"https:\/\/jackpotlotteryonline.com\/#website","url":"https:\/\/jackpotlotteryonline.com\/","name":"Lotto Online - Crack The International Lottery Jackpots","description":"","potentialAction":[{"@type":"SearchAction","target":{"@type":"EntryPoint","urlTemplate":"https:\/\/jackpotlotteryonline.com\/?s={search_term_string}"},"query-input":"required name=search_term_string"}],"inLanguage":"nb-NO"}]}},"_links":{"self":[{"href":"https:\/\/jackpotlotteryonline.com\/no\/wp-json\/wp\/v2\/pages\/74136","targetHints":{"allow":["GET"]}}],"collection":[{"href":"https:\/\/jackpotlotteryonline.com\/no\/wp-json\/wp\/v2\/pages"}],"about":[{"href":"https:\/\/jackpotlotteryonline.com\/no\/wp-json\/wp\/v2\/types\/page"}],"author":[{"embeddable":true,"href":"https:\/\/jackpotlotteryonline.com\/no\/wp-json\/wp\/v2\/users\/7"}],"replies":[{"embeddable":true,"href":"https:\/\/jackpotlotteryonline.com\/no\/wp-json\/wp\/v2\/comments?post=74136"}],"version-history":[{"count":0,"href":"https:\/\/jackpotlotteryonline.com\/no\/wp-json\/wp\/v2\/pages\/74136\/revisions"}],"up":[{"embeddable":true,"href":"https:\/\/jackpotlotteryonline.com\/no\/wp-json\/wp\/v2\/pages\/73590"}],"wp:attachment":[{"href":"https:\/\/jackpotlotteryonline.com\/no\/wp-json\/wp\/v2\/media?parent=74136"}],"curies":[{"name":"wp","href":"https:\/\/api.w.org\/{rel}","templated":true}]}}