{"id":74161,"date":"2025-02-05T14:55:51","date_gmt":"2025-02-05T14:55:51","guid":{"rendered":"https:\/\/jackpotlotteryonline.com\/?page_id=74161"},"modified":"2025-02-05T14:55:51","modified_gmt":"2025-02-05T14:55:51","slug":"powerball-trekningresultater","status":"publish","type":"page","link":"https:\/\/jackpotlotteryonline.com\/no\/lotterieresultater\/powerball-trekningresultater\/","title":{"rendered":"Powerball trekningresultater"},"content":{"rendered":"<p>Powerball trekningresultater<br \/>\n<span style=\"font-weight: 400;\">Powerball er et amerikansk lotteri som har en av de st\u00f8rste jackpottene noensinne. \u00c5 vinne Powerball i USA er den ultimate dr\u00f8mmen for nesten enhver spiller. P\u00e5 grunn av de utrolig store jackpottene, som noen ganger n\u00e5r opp til 1 milliard dollar, kj\u00f8per spillere over hele verden Powerball-billetter p\u00e5 nettet. Hver spiller har sterke forh\u00e5pninger om \u00e5 vinne lotteriet. Men \u00e5 kj\u00f8pe en lottokupong er \u00e9n ting, og \u00e5 sjekke vinnernumrene er noe helt annet. For \u00e5 finne ut om du har den vinnende kupongen i Powerball, er det avgj\u00f8rende \u00e5 sjekke trekningresultatene.<\/span><\/p>\n<p><span style=\"font-weight: 400;\">P\u00e5 denne siden vil vi vise deg hvordan du kan sjekke vinnerresultatene online. Vi vil ogs\u00e5 vise deg hvordan du f\u00e5r tilgang til gevinstene dine, selv om du er en nettbasert spiller.<\/span><\/p>\n<p><span style=\"font-weight: 400;\">Husk at du kan <a href=\"https:\/\/jackpotlotteryonline.com\/buy-tickets\/powerball\">kj\u00f8pe vinnende Powerball-billetter<\/a> p\u00e5 jackpotlotteryonline.com og samtidig sjekke vinnernumrene der.<\/span><\/p>\n<h2><span style=\"font-weight: 400;\">Hvorfor er Powerball s\u00e5 popul\u00e6r?<\/span><\/h2>\n<p> <span style=\"font-weight: 400;\"><img loading=\"lazy\" decoding=\"async\" class=\"alignright size-full wp-image-29588\" src=\"http:\/\/jackpotlotteryonline.com\/wp-content\/uploads\/2022\/11\/1_results_powerball.jpg\" alt=\"spill Powerball\" width=\"300\" height=\"224\" \/>Det finnes flere grunner til at spillere str\u00f8mmer til Powerball. Det er et amerikansk multistatelig lotteri, noe som betyr at billetter selges i flere amerikanske stater. Dermed kan de som bor i disse statene lett kj\u00f8pe Powerball-billetter. Men det er ikke bare amerikanske lotterielskere som kj\u00f8per kuponger med h\u00e5p om \u00e5 vinne dette lotteriet. Spillere over hele verden pr\u00f8ver ivrig \u00e5 kj\u00f8pe vinnende Powerball-billetter.<\/span><br \/>\n<span style=\"font-weight: 400;\">I oktober 2022 n\u00e5dde Powerball-jackpotten en rekord p\u00e5 1 milliard dollar, og den ble vunnet av en enkelt billett. Bare tanken p\u00e5 \u00e5 vinne 1 milliard dollar er nok til \u00e5 gj\u00f8re spillere overalt begeistret. Dessuten, selv om oddsen for \u00e5 vinne Powerball er ganske h\u00f8y, vinner spillere ofte jackpotten.<\/span><\/p>\n<p><span style=\"font-weight: 400;\">Powerball har ogs\u00e5 flere kategorier med saftige premier. S\u00e5 selv om du ikke vinner f\u00f8rstepremien, kan du fortsatt g\u00e5 hjem med en stor gevinst.<\/span><\/p>\n<h2><span style=\"font-weight: 400;\">Spille og vinne Powerball online<\/span><\/h2>\n<p> <span style=\"font-weight: 400;\">Det morsomme med \u00e5 <a href=\"https:\/\/jackpotlotteryonline.com\/play-online\/powerball\">spille Powerball online<\/a> er at du f\u00e5r rask tilgang til dette amerikanske lotteriet uansett hvor du er. Kj\u00f8per du den vinnende kupongen din fra jackpotlotteryonline.com, kan du enkelt velge dine vinnernumre. Velg ganske enkelt 5 tall fra 1 til 69 og 1 tilleggstall fra 1 til 26.<\/span><br \/>\n<span style=\"font-weight: 400;\">N\u00e5r du har valgt dine vinnernumre, er neste steg \u00e5 delta i trekningene. Powerball har tre ukentlige trekninger \u2013 p\u00e5 tirsdager, torsdager og s\u00f8ndager. Vi gj\u00f8r det enkelt for deg \u00e5 delta i \u00e9n trekning eller flere, avhengig av hva du foretrekker. Du kan ogs\u00e5 delta i trekningene flere uker i forveien.<\/span><\/p>\n<p><span style=\"font-weight: 400;\">Etter at betalingen din er behandlet, er neste steg \u00e5 vente p\u00e5 trekningene. Det er da de vinnende numrene blir annonsert, og du kan finne ut om du har vunnet lotteriet.<\/span><\/p>\n<section class=\"layout\" style=\"border: solid 1px; width: 100%;\">\n<div class=\"img-div\" style=\"margin-top: 5px;\"> <img decoding=\"async\" class=\"wp-image-17212 alignleft\" style=\"height: 45px; margin: 8px 8px 0px;\" src=\"http:\/\/jackpotlotteryonline.com\/wp-content\/uploads\/2022\/11\/read1.jpg\" alt=\"les\" width=\"\" height=\"\" \/> <\/div>\n<div style=\"padding-left: 5px;\">\n<div style=\"font-size: 1.1em;\"> <strong>Historiske, rekordbrytende lottojackpoter<\/strong> <\/p>\n<p style=\"font-size: 0.85em; margin-top: -1.5em;\"> De st\u00f8rste lottojackpottene i historien vil f\u00e5 hodet ditt til \u00e5 spinne. <a href=\"https:\/\/jackpotlotteryonline.com\/biggest-lotto-jackpots-in-history\">Les mer<\/a> <\/p>\n<\/p><\/div>\n<\/p><\/div>\n<\/section>\n<h2><span style=\"font-weight: 400;\">Sjekk vinnernumrene<\/span><\/h2>\n<p> <span style=\"font-weight: 400;\"><img loading=\"lazy\" decoding=\"async\" class=\"alignright size-full wp-image-30371\" src=\"http:\/\/jackpotlotteryonline.com\/wp-content\/uploads\/2022\/11\/1_winning_numbers_powerball.jpg\" alt=\"vinn stort med Powerball\" width=\"300\" height=\"129\" \/>Siden du spiller Powerball online, kan du ikke g\u00e5 inn til en lotteriforhandler for \u00e5 sjekke om du har den vinnende kupongen. Den beste metoden er derfor \u00e5 sjekke online. Hvis du spiller hos oss, kan du komme tilbake til denne siden etter hver trekning for \u00e5 se de vinnende numrene.<\/span><br \/>\n<span style=\"font-weight: 400;\">Men selv om du ikke sjekker tilbake, kan du finne ut om du har vunnet en premie. Det er fordi du m\u00e5 v\u00e6re registrert hos oss for \u00e5 kj\u00f8pe din Powerball-kupong. Dette er for at vi skal kunne varsle deg s\u00e5 snart du har en vinnende kupong. Hvis du har en vinnende kupong, vil vi sende deg en e-post for \u00e5 gi deg beskjed. Det er s\u00e5 enkelt, virkelig.<\/span><\/p>\n<h2><span style=\"font-weight: 400;\">Innl\u00f8s gevinsten din<\/span><\/h2>\n<p> <span style=\"font-weight: 400;\">\u00c5 ta ut gevinsten din er en annen viktig faktor for online spillere. N\u00e5r du spiller Powerball online, vil du v\u00e6re sikker p\u00e5 at du kan f\u00e5 tilgang til gevinsten din. Hvis du spiller Powerball hos oss, er det veldig enkelt \u00e5 ta ut premien din. Vi har designet systemet v\u00e5rt slik at du kan overf\u00f8re gevinsten direkte til kontoen din.<\/span><br \/>\n<span style=\"font-weight: 400;\">Dette gjelder gevinster under 2 500 euro. Hvis du vinner mer enn det bel\u00f8pet, vil vi hjelpe deg med \u00e5 fylle ut et kravsskjema. Du m\u00e5 gj\u00f8re dette for \u00e5 kreve gevinsten din direkte fra lotteriselskapet.<\/span><\/p>\n<h2><span style=\"font-weight: 400;\">\u00c5 vinne Powerball-lotteriet<\/span><\/h2>\n<p> <span style=\"font-weight: 400;\">\u00c5 vinne Powerball-lotteriet betyr at du har en kupong som matcher de trukne tallene. For \u00e5 vise deg hvor fantastisk Powerball er, la oss se p\u00e5 hva du kan vinne i de andre premiene.<\/span><br \/>\n<span style=\"font-weight: 400;\">Divisjon 1: Match 5 + Powerball \u2013 Jackpot<\/span><\/p>\n<p><span style=\"font-weight: 400;\">Divisjon 2: Match 5 alene \u2013 $1 million<\/span><\/p>\n<p><span style=\"font-weight: 400;\">Divisjon 3: Match 4 + Powerball \u2013 $50,000<\/span><\/p>\n<p><span style=\"font-weight: 400;\">Divisjon 4: Match 4 alene \u2013 $100<\/span><\/p>\n<p><span style=\"font-weight: 400;\">Divisjon 5: Match 3 + Powerball \u2013 $100<\/span><\/p>\n<p><span style=\"font-weight: 400;\">Divisjon 6: Match 3 alene \u2013 $7<\/span><\/p>\n<p><span style=\"font-weight: 400;\">Divisjon 7: Match 2 + Powerball \u2013 $7<\/span><\/p>\n<p><span style=\"font-weight: 400;\">Divisjon 8: Match 1 + Powerball \u2013 $4<\/span><\/p>\n<p><span style=\"font-weight: 400;\">Divisjon 9: Match Powerball alene \u2013 $4<\/span><\/p>\n<p><span style=\"font-weight: 400;\">Med 9 divisjoner, er det en spennende mulighet for spillere \u00e5 vinne i lotteriet. Det betyr ogs\u00e5 at sjansene for \u00e5 vinne en premie er ganske gode. Dessuten, selv om du vinner Divisjon 2, er sjansene dine fortsatt for \u00e5 g\u00e5 hjem med en stor gevinst.<\/span><\/p>\n<h2><span style=\"font-weight: 400;\">Sjekk vinnerresultatene her<\/span><\/h2>\n<p> <span style=\"font-weight: 400;\">Neste gang du \u00f8nsker \u00e5 spille lotteri, trenger du ikke bekymre deg for hvor du skal sjekke vinnerresultatene. P\u00e5 jackpotlotteryonline.com gj\u00f8r vi det enkelt for deg \u00e5 velge dine vinnernumre og sjekke resultatene. Kj\u00f8p kupongen din hos oss, og vi vil varsle deg s\u00e5 snart du har en vinnende kupong.<\/span><br \/>\n<span style=\"font-weight: 400;\">Husk at du ogs\u00e5 kan ta ut gevinsten direkte fra v\u00e5rt nettsted til kontoen din. Dette reduserer stresset du ellers ville hatt ved \u00e5 spille lotteri. Faktisk gj\u00f8r vi det til v\u00e5rt oppdrag \u00e5 gi kundene v\u00e5re en s\u00f8ml\u00f8s og problemfri opplevelse. P\u00e5 den m\u00e5ten kan du fokusere p\u00e5 \u00e5 vinne lotteriet uten bekymringer.<\/span><\/p>\n<p><span style=\"font-weight: 400;\">Powerball USA vinnernumre og trekningresultater<br \/>\nPowerball vinnernumre og trekningresultater<br \/>\nAlle de nyeste trekningresultatene og vinnernumrene for Powerball USA, pluss et arkiv med resultater \u2013 alt samlet p\u00e5 ett nettsted.<\/span><\/p>\n","protected":false},"excerpt":{"rendered":"<p>Powerball trekningresultater Powerball er et amerikansk lotteri som har en av de st\u00f8rste jackpottene noensinne. \u00c5 vinne Powerball i USA er den ultimate dr\u00f8mmen for nesten enhver spiller. P\u00e5 grunn av de utrolig store jackpottene, som noen ganger n\u00e5r opp til 1 milliard dollar, kj\u00f8per spillere over hele verden Powerball-billetter p\u00e5 nettet. Hver spiller har [&hellip;]<\/p>\n","protected":false},"author":7,"featured_media":0,"parent":74032,"menu_order":1,"comment_status":"closed","ping_status":"closed","template":"powerball-usa-results.php","meta":{"_et_pb_use_builder":"","_et_pb_old_content":"","_et_gb_content_width":"","exclude_from_search":false,"footnotes":""},"class_list":["post-74161","page","type-page","status-publish","hentry"],"yoast_head":"<!-- This site is optimized with the Yoast SEO plugin v23.3 - https:\/\/yoast.com\/wordpress\/plugins\/seo\/ -->\n<title>Powerball vinnertall og trekkningsresultater<\/title>\n<meta name=\"description\" content=\"Alle de nyeste trekkningsresultatene og vinnertallene for Powerball USA, pluss et resultatarkiv, alt p\u00e5 \u00e9n nettside.\" \/>\n<meta name=\"robots\" content=\"index, follow, max-snippet:-1, max-image-preview:large, max-video-preview:-1\" \/>\n<link rel=\"canonical\" href=\"https:\/\/jackpotlotteryonline.com\/no\/lotterieresultater\/powerball-trekningresultater\/\" \/>\n<meta property=\"og:locale\" content=\"nb_NO\" \/>\n<meta property=\"og:type\" content=\"article\" \/>\n<meta property=\"og:title\" content=\"Powerball vinnertall og trekkningsresultater\" \/>\n<meta property=\"og:description\" content=\"Alle de nyeste trekkningsresultatene og vinnertallene for Powerball USA, pluss et resultatarkiv, alt p\u00e5 \u00e9n nettside.\" \/>\n<meta property=\"og:url\" content=\"https:\/\/jackpotlotteryonline.com\/no\/lotterieresultater\/powerball-trekningresultater\/\" \/>\n<meta property=\"og:site_name\" content=\"Lotto Online - Crack The International Lottery Jackpots\" \/>\n<meta property=\"og:image\" content=\"http:\/\/jackpotlotteryonline.com\/wp-content\/uploads\/2022\/11\/1_results_powerball.jpg\" \/>\n<meta name=\"twitter:card\" content=\"summary_large_image\" \/>\n<!-- \/ Yoast SEO plugin. -->","yoast_head_json":{"title":"Powerball vinnertall og trekkningsresultater","description":"Alle de nyeste trekkningsresultatene og vinnertallene for Powerball USA, pluss et resultatarkiv, alt p\u00e5 \u00e9n nettside.","robots":{"index":"index","follow":"follow","max-snippet":"max-snippet:-1","max-image-preview":"max-image-preview:large","max-video-preview":"max-video-preview:-1"},"canonical":"https:\/\/jackpotlotteryonline.com\/no\/lotterieresultater\/powerball-trekningresultater\/","og_locale":"nb_NO","og_type":"article","og_title":"Powerball vinnertall og trekkningsresultater","og_description":"Alle de nyeste trekkningsresultatene og vinnertallene for Powerball USA, pluss et resultatarkiv, alt p\u00e5 \u00e9n nettside.","og_url":"https:\/\/jackpotlotteryonline.com\/no\/lotterieresultater\/powerball-trekningresultater\/","og_site_name":"Lotto Online - Crack The International Lottery Jackpots","og_image":[{"url":"http:\/\/jackpotlotteryonline.com\/wp-content\/uploads\/2022\/11\/1_results_powerball.jpg"}],"twitter_card":"summary_large_image","schema":{"@context":"https:\/\/schema.org","@graph":[{"@type":"WebPage","@id":"https:\/\/jackpotlotteryonline.com\/no\/lotterieresultater\/powerball-trekningresultater\/","url":"https:\/\/jackpotlotteryonline.com\/no\/lotterieresultater\/powerball-trekningresultater\/","name":"Powerball vinnertall og trekkningsresultater","isPartOf":{"@id":"https:\/\/jackpotlotteryonline.com\/#website"},"primaryImageOfPage":{"@id":"https:\/\/jackpotlotteryonline.com\/no\/lotterieresultater\/powerball-trekningresultater\/#primaryimage"},"image":{"@id":"https:\/\/jackpotlotteryonline.com\/no\/lotterieresultater\/powerball-trekningresultater\/#primaryimage"},"thumbnailUrl":"http:\/\/jackpotlotteryonline.com\/wp-content\/uploads\/2022\/11\/1_results_powerball.jpg","datePublished":"2025-02-05T14:55:51+00:00","dateModified":"2025-02-05T14:55:51+00:00","description":"Alle de nyeste trekkningsresultatene og vinnertallene for Powerball USA, pluss et resultatarkiv, alt p\u00e5 \u00e9n nettside.","breadcrumb":{"@id":"https:\/\/jackpotlotteryonline.com\/no\/lotterieresultater\/powerball-trekningresultater\/#breadcrumb"},"inLanguage":"nb-NO","potentialAction":[{"@type":"ReadAction","target":["https:\/\/jackpotlotteryonline.com\/no\/lotterieresultater\/powerball-trekningresultater\/"]}]},{"@type":"ImageObject","inLanguage":"nb-NO","@id":"https:\/\/jackpotlotteryonline.com\/no\/lotterieresultater\/powerball-trekningresultater\/#primaryimage","url":"http:\/\/jackpotlotteryonline.com\/wp-content\/uploads\/2022\/11\/1_results_powerball.jpg","contentUrl":"http:\/\/jackpotlotteryonline.com\/wp-content\/uploads\/2022\/11\/1_results_powerball.jpg"},{"@type":"BreadcrumbList","@id":"https:\/\/jackpotlotteryonline.com\/no\/lotterieresultater\/powerball-trekningresultater\/#breadcrumb","itemListElement":[{"@type":"ListItem","position":1,"name":"Home","item":"https:\/\/jackpotlotteryonline.com\/no\/"},{"@type":"ListItem","position":2,"name":"Lotterieresultater","item":"https:\/\/jackpotlotteryonline.com\/no\/lotterieresultater\/"},{"@type":"ListItem","position":3,"name":"Powerball trekningresultater"}]},{"@type":"WebSite","@id":"https:\/\/jackpotlotteryonline.com\/#website","url":"https:\/\/jackpotlotteryonline.com\/","name":"Lotto Online - Crack The International Lottery Jackpots","description":"","potentialAction":[{"@type":"SearchAction","target":{"@type":"EntryPoint","urlTemplate":"https:\/\/jackpotlotteryonline.com\/?s={search_term_string}"},"query-input":"required name=search_term_string"}],"inLanguage":"nb-NO"}]}},"_links":{"self":[{"href":"https:\/\/jackpotlotteryonline.com\/no\/wp-json\/wp\/v2\/pages\/74161","targetHints":{"allow":["GET"]}}],"collection":[{"href":"https:\/\/jackpotlotteryonline.com\/no\/wp-json\/wp\/v2\/pages"}],"about":[{"href":"https:\/\/jackpotlotteryonline.com\/no\/wp-json\/wp\/v2\/types\/page"}],"author":[{"embeddable":true,"href":"https:\/\/jackpotlotteryonline.com\/no\/wp-json\/wp\/v2\/users\/7"}],"replies":[{"embeddable":true,"href":"https:\/\/jackpotlotteryonline.com\/no\/wp-json\/wp\/v2\/comments?post=74161"}],"version-history":[{"count":0,"href":"https:\/\/jackpotlotteryonline.com\/no\/wp-json\/wp\/v2\/pages\/74161\/revisions"}],"up":[{"embeddable":true,"href":"https:\/\/jackpotlotteryonline.com\/no\/wp-json\/wp\/v2\/pages\/74032"}],"wp:attachment":[{"href":"https:\/\/jackpotlotteryonline.com\/no\/wp-json\/wp\/v2\/media?parent=74161"}],"curies":[{"name":"wp","href":"https:\/\/api.w.org\/{rel}","templated":true}]}}