{"id":74182,"date":"2025-02-05T17:03:44","date_gmt":"2025-02-05T17:03:44","guid":{"rendered":"https:\/\/jackpotlotteryonline.com\/?page_id=74182"},"modified":"2025-02-05T17:03:44","modified_gmt":"2025-02-05T17:03:44","slug":"mega-millions-trekning-resultater","status":"publish","type":"page","link":"https:\/\/jackpotlotteryonline.com\/no\/lotterieresultater\/mega-millions-trekning-resultater\/","title":{"rendered":"Mega Millions Trekning Resultater"},"content":{"rendered":"<p><span style=\"font-weight: 400;\">Mega Millions er kjent for sine enorme premier, og spillere over hele verden dr\u00f8mmer om \u00e5 vinne denne lotterien. \u00c5 vinne Mega Millions er som den amerikanske dr\u00f8mmen \u2013 millioner av mennesker h\u00e5per p\u00e5 det. Heldigvis kan du n\u00e5 kj\u00f8pe Mega Millions-billetter p\u00e5 nettet, uansett hvor i verden du befinner deg, og f\u00e5 sjansen til \u00e5 vinne en gigantisk gevinst. Lurer du p\u00e5 hvordan? Vi forklarer deg det.<\/span><\/p>\n<p><span style=\"font-weight: 400;\">Enten du er en ny spiller eller en erfaren deltaker, <a href=\"https:\/\/jackpotlotteryonline.com\/buy-tickets\/mega-millions\">her kan du kj\u00f8pe billetter til Mega Millions.<\/a> I tillegg kan du p\u00e5 jackpotlotteryonline.com delta i de st\u00f8rste lotteriene fra hele verden. Enten du vil spille p\u00e5 et lotteri fra Australia, Europa eller USA, s\u00e5 har vi deg dekket.<\/span><\/p>\n<section class=\"layout\" style=\"border: solid 1px; width: 100%;\">\n<div class=\"img-div\" style=\"margin-top: 5px;\"><img decoding=\"async\" class=\"wp-image-17212 alignleft\" style=\"height: 45px; margin: 8px 8px 0px;\" src=\"http:\/\/jackpotlotteryonline.com\/wp-content\/uploads\/2022\/11\/read1.jpg\" alt=\"read\" width=\"\" height=\"\" \/><\/div>\n<div style=\"padding-left: 5px;\">\n<div style=\"font-size: 1.1em;\">\n<p><strong>Europeiske lotterier<\/strong><\/p>\n<p style=\"font-size: 0.85em; margin-top: -1.5em;\">Hvilket europeisk lotteri er best? <a href=\"https:\/\/jackpotlotteryonline.com\/which-european-lotteries-are-the-best\">Finn ut mer<\/a><\/p>\n<\/div>\n<\/div>\n<\/section>\n<p><span style=\"font-weight: 400;\">Vi forklarer ogs\u00e5 hvordan du kan kreve premien din. <a href=\"https:\/\/jackpotlotteryonline.com\/play-online\/mega-millions\">Spiller du Mega Millions<\/a> og vinner, men lurer p\u00e5 hvordan du f\u00e5r gevinsten din? Ikke bekymre deg, her finner du all informasjon du trenger om Mega Millions-resultater.<\/span><\/p>\n<h2><span style=\"font-weight: 400;\"><img loading=\"lazy\" decoding=\"async\" class=\"alignright size-full wp-image-31073\" src=\"http:\/\/jackpotlotteryonline.com\/wp-content\/uploads\/2022\/11\/logo_Mega_Millions_233x110.png\" alt=\"Kj\u00f8p Mega Millions-billett p\u00e5 nettet\" width=\"232\" height=\"110\" \/>Hvordan velge vinnernumrene for Mega Millions<\/span><\/h2>\n<p><span style=\"font-weight: 400;\">Alle som kj\u00f8per et lodd dr\u00f8mmer om \u00e5 vinne. Det er menneskelig natur. Vi vet alle at oddsen er liten, men noen m\u00e5 jo vinne. Hvorfor ikke deg? S\u00e5, hvordan kan du vinne? Noen spillere bruker strategier for \u00e5 velge sine tall.<\/span><\/p>\n<p><span style=\"font-weight: 400;\">\u00c6rlig talt, det finnes ingen 100 % sikker metode for \u00e5 vinne. Lotteri er et sjansespill, og alle har like muligheter. Men det finnes noen teknikker som kan \u00f8ke sjansene dine. M\u00e5ten du velger tallene dine p\u00e5 kan gj\u00f8re en forskjell.<\/span><\/p>\n<p><span style=\"font-weight: 400;\">Mange bruker sine lykkenumre. For eksempel velger de bursdager eller andre viktige datoer. Noen tror ogs\u00e5 at stjernetegnet deres bringer lykke. Hvis dette h\u00f8res ut som deg, velg tall basert p\u00e5 spesielle datoer. Hvis du ikke vil velge tallene selv, kan du bruke en tilfeldig tallgenerator.<\/span><\/p>\n<h2><span style=\"font-weight: 400;\">Vinne Mega Millions p\u00e5 nettet<\/span><\/h2>\n<p><span style=\"font-weight: 400;\">Tenk deg \u00f8yeblikket n\u00e5r du oppdager at du har vunnet Mega Millions. Det er derfor millioner av mennesker kj\u00f8per lodd. Ved \u00e5 spille p\u00e5 nettet kan du kj\u00f8pe lodd fra hvor som helst, og hvis du vinner, vil gevinstene dine v\u00e6re trygge.<\/span><\/p>\n","protected":false},"excerpt":{"rendered":"<p>Mega Millions er kjent for sine enorme premier, og spillere over hele verden dr\u00f8mmer om \u00e5 vinne denne lotterien. \u00c5 vinne Mega Millions er som den amerikanske dr\u00f8mmen \u2013 millioner av mennesker h\u00e5per p\u00e5 det. Heldigvis kan du n\u00e5 kj\u00f8pe Mega Millions-billetter p\u00e5 nettet, uansett hvor i verden du befinner deg, og f\u00e5 sjansen til [&hellip;]<\/p>\n","protected":false},"author":7,"featured_media":0,"parent":74032,"menu_order":2,"comment_status":"closed","ping_status":"closed","template":"megamillion-results.php","meta":{"_et_pb_use_builder":"","_et_pb_old_content":"","_et_gb_content_width":"","exclude_from_search":false,"footnotes":""},"class_list":["post-74182","page","type-page","status-publish","hentry"],"yoast_head":"<!-- This site is optimized with the Yoast SEO plugin v23.3 - https:\/\/yoast.com\/wordpress\/plugins\/seo\/ -->\n<title>Mega Millions vinnertall og trekningresultater<\/title>\n<meta name=\"description\" content=\"Finn ukens og tidligere Mega Millions trekningresultater og vinnertall her p\u00e5 v\u00e5r nettside.\" \/>\n<meta name=\"robots\" content=\"index, follow, max-snippet:-1, max-image-preview:large, max-video-preview:-1\" \/>\n<link rel=\"canonical\" href=\"https:\/\/jackpotlotteryonline.com\/no\/lotterieresultater\/mega-millions-trekning-resultater\/\" \/>\n<meta property=\"og:locale\" content=\"nb_NO\" \/>\n<meta property=\"og:type\" content=\"article\" \/>\n<meta property=\"og:title\" content=\"Mega Millions vinnertall og trekningresultater\" \/>\n<meta property=\"og:description\" content=\"Finn ukens og tidligere Mega Millions trekningresultater og vinnertall her p\u00e5 v\u00e5r nettside.\" \/>\n<meta property=\"og:url\" content=\"https:\/\/jackpotlotteryonline.com\/no\/lotterieresultater\/mega-millions-trekning-resultater\/\" \/>\n<meta property=\"og:site_name\" content=\"Lotto Online - Crack The International Lottery Jackpots\" \/>\n<meta property=\"og:image\" content=\"http:\/\/jackpotlotteryonline.com\/wp-content\/uploads\/2022\/11\/read1.jpg\" \/>\n<meta name=\"twitter:card\" content=\"summary_large_image\" \/>\n<!-- \/ Yoast SEO plugin. -->","yoast_head_json":{"title":"Mega Millions vinnertall og trekningresultater","description":"Finn ukens og tidligere Mega Millions trekningresultater og vinnertall her p\u00e5 v\u00e5r nettside.","robots":{"index":"index","follow":"follow","max-snippet":"max-snippet:-1","max-image-preview":"max-image-preview:large","max-video-preview":"max-video-preview:-1"},"canonical":"https:\/\/jackpotlotteryonline.com\/no\/lotterieresultater\/mega-millions-trekning-resultater\/","og_locale":"nb_NO","og_type":"article","og_title":"Mega Millions vinnertall og trekningresultater","og_description":"Finn ukens og tidligere Mega Millions trekningresultater og vinnertall her p\u00e5 v\u00e5r nettside.","og_url":"https:\/\/jackpotlotteryonline.com\/no\/lotterieresultater\/mega-millions-trekning-resultater\/","og_site_name":"Lotto Online - Crack The International Lottery Jackpots","og_image":[{"url":"http:\/\/jackpotlotteryonline.com\/wp-content\/uploads\/2022\/11\/read1.jpg"}],"twitter_card":"summary_large_image","schema":{"@context":"https:\/\/schema.org","@graph":[{"@type":"WebPage","@id":"https:\/\/jackpotlotteryonline.com\/no\/lotterieresultater\/mega-millions-trekning-resultater\/","url":"https:\/\/jackpotlotteryonline.com\/no\/lotterieresultater\/mega-millions-trekning-resultater\/","name":"Mega Millions vinnertall og trekningresultater","isPartOf":{"@id":"https:\/\/jackpotlotteryonline.com\/#website"},"primaryImageOfPage":{"@id":"https:\/\/jackpotlotteryonline.com\/no\/lotterieresultater\/mega-millions-trekning-resultater\/#primaryimage"},"image":{"@id":"https:\/\/jackpotlotteryonline.com\/no\/lotterieresultater\/mega-millions-trekning-resultater\/#primaryimage"},"thumbnailUrl":"http:\/\/jackpotlotteryonline.com\/wp-content\/uploads\/2022\/11\/read1.jpg","datePublished":"2025-02-05T17:03:44+00:00","dateModified":"2025-02-05T17:03:44+00:00","description":"Finn ukens og tidligere Mega Millions trekningresultater og vinnertall her p\u00e5 v\u00e5r nettside.","breadcrumb":{"@id":"https:\/\/jackpotlotteryonline.com\/no\/lotterieresultater\/mega-millions-trekning-resultater\/#breadcrumb"},"inLanguage":"nb-NO","potentialAction":[{"@type":"ReadAction","target":["https:\/\/jackpotlotteryonline.com\/no\/lotterieresultater\/mega-millions-trekning-resultater\/"]}]},{"@type":"ImageObject","inLanguage":"nb-NO","@id":"https:\/\/jackpotlotteryonline.com\/no\/lotterieresultater\/mega-millions-trekning-resultater\/#primaryimage","url":"http:\/\/jackpotlotteryonline.com\/wp-content\/uploads\/2022\/11\/read1.jpg","contentUrl":"http:\/\/jackpotlotteryonline.com\/wp-content\/uploads\/2022\/11\/read1.jpg"},{"@type":"BreadcrumbList","@id":"https:\/\/jackpotlotteryonline.com\/no\/lotterieresultater\/mega-millions-trekning-resultater\/#breadcrumb","itemListElement":[{"@type":"ListItem","position":1,"name":"Home","item":"https:\/\/jackpotlotteryonline.com\/no\/"},{"@type":"ListItem","position":2,"name":"Lotterieresultater","item":"https:\/\/jackpotlotteryonline.com\/no\/lotterieresultater\/"},{"@type":"ListItem","position":3,"name":"Mega Millions Trekning Resultater"}]},{"@type":"WebSite","@id":"https:\/\/jackpotlotteryonline.com\/#website","url":"https:\/\/jackpotlotteryonline.com\/","name":"Lotto Online - Crack The International Lottery Jackpots","description":"","potentialAction":[{"@type":"SearchAction","target":{"@type":"EntryPoint","urlTemplate":"https:\/\/jackpotlotteryonline.com\/?s={search_term_string}"},"query-input":"required name=search_term_string"}],"inLanguage":"nb-NO"}]}},"_links":{"self":[{"href":"https:\/\/jackpotlotteryonline.com\/no\/wp-json\/wp\/v2\/pages\/74182","targetHints":{"allow":["GET"]}}],"collection":[{"href":"https:\/\/jackpotlotteryonline.com\/no\/wp-json\/wp\/v2\/pages"}],"about":[{"href":"https:\/\/jackpotlotteryonline.com\/no\/wp-json\/wp\/v2\/types\/page"}],"author":[{"embeddable":true,"href":"https:\/\/jackpotlotteryonline.com\/no\/wp-json\/wp\/v2\/users\/7"}],"replies":[{"embeddable":true,"href":"https:\/\/jackpotlotteryonline.com\/no\/wp-json\/wp\/v2\/comments?post=74182"}],"version-history":[{"count":0,"href":"https:\/\/jackpotlotteryonline.com\/no\/wp-json\/wp\/v2\/pages\/74182\/revisions"}],"up":[{"embeddable":true,"href":"https:\/\/jackpotlotteryonline.com\/no\/wp-json\/wp\/v2\/pages\/74032"}],"wp:attachment":[{"href":"https:\/\/jackpotlotteryonline.com\/no\/wp-json\/wp\/v2\/media?parent=74182"}],"curies":[{"name":"wp","href":"https:\/\/api.w.org\/{rel}","templated":true}]}}