{"id":74198,"date":"2025-02-05T17:28:02","date_gmt":"2025-02-05T17:28:02","guid":{"rendered":"https:\/\/jackpotlotteryonline.com\/?page_id=74198"},"modified":"2025-02-05T17:28:02","modified_gmt":"2025-02-05T17:28:02","slug":"euromillions-trekning-resultater","status":"publish","type":"page","link":"https:\/\/jackpotlotteryonline.com\/no\/lotterieresultater\/euromillions-trekning-resultater\/","title":{"rendered":"Euromillions trekning resultater"},"content":{"rendered":"<p><span style=\"font-weight: 400;\">Spillere som kj\u00f8per lodd er ofte bekymret for \u00e5 g\u00e5 glipp av premiene sine. Det er fordi folk noen ganger er uforsiktige, og lodd blir borte; uten loddet ditt kan du ikke kreve premien din. Men n\u00e5r du spiller lotto p\u00e5 nettet, trenger du aldri \u00e5 bekymre deg for tapte lodd, fordi alt er digitalt. Likevel kan det fortsatt v\u00e6re et problem \u00e5 sjekke vinnernumrene hvis du ikke vet hvordan du gj\u00f8r det. Og det er derfor vi er her.<\/span>  <\/p>\n<p><span style=\"font-weight: 400;\">P\u00e5 jackpotlotteryonline.com gir vi spillere tilgang til de st\u00f8rste internasjonale lotteriene p\u00e5 nettet. Vi gj\u00f8r det ogs\u00e5 enkelt for deg \u00e5 kj\u00f8pe lodd og sjekke vinnernumrene for Euromillions uansett hvor du befinner deg.<\/span>  <\/p>\n<h2><span style=\"font-weight: 400;\"><img loading=\"lazy\" decoding=\"async\" class=\"alignright size-full wp-image-31019\" src=\"http:\/\/jackpotlotteryonline.com\/wp-content\/uploads\/2022\/11\/euromillions.png\" alt=\"vinn Euromillions jackpot\" width=\"200\" height=\"212\" \/>Hvordan vinne jackpotten?<\/span><\/h2>\n<p><span style=\"font-weight: 400;\">Det er et viktig sp\u00f8rsm\u00e5l, ettersom alle som spiller lotto \u00f8nsker \u00e5 vite hva som skal til for \u00e5 vinne. Det enkle svaret er at for \u00e5 vinne i lotto m\u00e5 en spiller matche de trukne numrene. Selvf\u00f8lgelig vet vi alle at det ikke er s\u00e5 enkelt. Lotto avhenger i stor grad av flaks.<\/span>  <\/p>\n<p><span style=\"font-weight: 400;\">For Euromillions m\u00e5 en spiller velge 5 tall fra 1 til 70 og 2 Lucky Stars. Den som matcher alle 7 trukne tall, vinner lotteriet.<\/span>  <\/p>\n<p><span style=\"font-weight: 400;\">Du kan sjekke tidligere kombinasjoner her for \u00e5 finne ut hvilke tall som forekommer oftest eller sjeldnest. Dette kan hjelpe deg med \u00e5 planlegge din strategi for \u00e5 vinne i det europeiske lotteriet.<\/span>  <\/p>\n<h2><span style=\"font-weight: 400;\">Hvordan sjekke vinneren<\/span><\/h2>\n<p><span style=\"font-weight: 400;\">Det finnes flere m\u00e5ter \u00e5 sjekke vinneren av lotteriet p\u00e5 nettet. Problemet med \u00e5 sjekke en tilfeldig nettside er at du kanskje ikke f\u00e5r n\u00f8yaktig informasjon. Og hvis du sjekker nyhetssidene, finner du kanskje bare ut hvilken kombinasjon som vant jackpotten.<\/span>  <\/p>\n<p><span style=\"font-weight: 400;\">Det europeiske lotteriet har flere premiekategorier, og selv om du ikke vinner hovedpremien, kan du fortsatt g\u00e5 hjem med en god sum penger. Derfor er det viktig \u00e5 sjekke loddet ditt mot de andre premieklassene.<\/span>  <\/p>\n<p><span style=\"font-weight: 400;\">Hvis du <a href=\"https:\/\/jackpotlotteryonline.com\/buy-tickets\/euromillions\">kj\u00f8per lodd<\/a> p\u00e5 jackpotlotteryonline.com, vil vi sende deg en e-post s\u00e5 snart du vinner en premie. Dermed trenger du ikke bekymre deg for \u00e5 g\u00e5 glipp av gevinsten din.<\/span>  <\/p>\n<h2><span style=\"font-weight: 400;\">F\u00e5 tilgang til gevinsten din<\/span><\/h2>\n<p><span style=\"font-weight: 400;\">Siden du <a href=\"https:\/\/jackpotlotteryonline.com\/play-online\/euromillions\">spiller lotto p\u00e5 nettet<\/a>, er det naturlig \u00e5 lure p\u00e5 hva som skjer hvis du vinner en premie. Hvis du spiller hos oss, er det like enkelt \u00e5 f\u00e5 utbetalt gevinsten din som det er \u00e5 kj\u00f8pe et lodd. Det vil si at du enkelt kan ta ut gevinstene dine fra v\u00e5r nettside \u2013 uten stress og komplikasjoner.<\/span>  <\/p>\n<p><span style=\"font-weight: 400;\">Hvis du vinner jackpotten eller et bel\u00f8p som overstiger \u20ac2 500, m\u00e5 du kanskje fylle ut et kravskjema. Men ikke bekymre deg, det er en enkel prosess, og vi hjelper deg gjennom den.<\/span>  <\/p>\n<section class=\"layout\" style=\"border: solid 1px; width: 100%;\">\n<div class=\"img-div\" style=\"margin-top: 5px;\"><img decoding=\"async\" class=\"wp-image-17212 alignleft\" style=\"height: 45px; margin: 8px 8px 0px;\" src=\"http:\/\/jackpotlotteryonline.com\/wp-content\/uploads\/2022\/11\/read1.jpg\" alt=\"les mer\" width=\"\" height=\"\" \/><\/div>\n<div style=\"padding-left: 5px;\">\n<div style=\"font-size: 1.1em;\">\n<p><strong>Hvordan f\u00e5r jeg utbetalt premien hvis jeg vinner i lotto p\u00e5 nettet?<\/strong>  <\/p>\n<p style=\"font-size: 0.85em; margin-top: -1.5em;\">Slik f\u00e5r du utbetalt premiepengene dine hvis du vinner i lotto p\u00e5 nettet <a href=\"https:\/\/jackpotlotteryonline.com\/how-do-i-get-paid-if-i-win-the-lottery-online\">les mer<\/a><\/p>\n<\/div>\n<\/div>\n<\/section>\n<h2><span style=\"font-weight: 400;\">Sjekk dine Euromillions vinnernumre i dag<\/span><\/h2>\n<p><span style=\"font-weight: 400;\">Vi har jobbet hardt for \u00e5 skape et trygt nettmilj\u00f8 for v\u00e5re spillere. Vi tilbyr alt du trenger for \u00e5 spille lotto p\u00e5 en praktisk m\u00e5te. Hos oss f\u00e5r du tilgang til de st\u00f8rste internasjonale lotteriene, og du kan delta i flere trekninger p\u00e5 forh\u00e5nd. I tillegg kan du enkelt sjekke trekningene her og ta ut gevinstene dine.<\/span>  <\/p>\n","protected":false},"excerpt":{"rendered":"<p>Spillere som kj\u00f8per lodd er ofte bekymret for \u00e5 g\u00e5 glipp av premiene sine. Det er fordi folk noen ganger er uforsiktige, og lodd blir borte; uten loddet ditt kan du ikke kreve premien din. Men n\u00e5r du spiller lotto p\u00e5 nettet, trenger du aldri \u00e5 bekymre deg for tapte lodd, fordi alt er digitalt. [&hellip;]<\/p>\n","protected":false},"author":7,"featured_media":0,"parent":74032,"menu_order":3,"comment_status":"closed","ping_status":"closed","template":"euromillions-results.php","meta":{"_et_pb_use_builder":"","_et_pb_old_content":"","_et_gb_content_width":"","exclude_from_search":false,"footnotes":""},"class_list":["post-74198","page","type-page","status-publish","hentry"],"yoast_head":"<!-- This site is optimized with the Yoast SEO plugin v23.3 - https:\/\/yoast.com\/wordpress\/plugins\/seo\/ -->\n<title>Euromillions vinnernumre og trekning resultater<\/title>\n<meta name=\"description\" content=\"Trekning resultater for Euromillions \u2013 vinnernumre fra den siste trekningen, samt et arkiv over tidligere resultater\" \/>\n<meta name=\"robots\" content=\"index, follow, max-snippet:-1, max-image-preview:large, max-video-preview:-1\" \/>\n<link rel=\"canonical\" href=\"https:\/\/jackpotlotteryonline.com\/no\/lotterieresultater\/euromillions-trekning-resultater\/\" \/>\n<meta property=\"og:locale\" content=\"nb_NO\" \/>\n<meta property=\"og:type\" content=\"article\" \/>\n<meta property=\"og:title\" content=\"Euromillions vinnernumre og trekning resultater\" \/>\n<meta property=\"og:description\" content=\"Trekning resultater for Euromillions \u2013 vinnernumre fra den siste trekningen, samt et arkiv over tidligere resultater\" \/>\n<meta property=\"og:url\" content=\"https:\/\/jackpotlotteryonline.com\/no\/lotterieresultater\/euromillions-trekning-resultater\/\" \/>\n<meta property=\"og:site_name\" content=\"Lotto Online - Crack The International Lottery Jackpots\" \/>\n<meta property=\"og:image\" content=\"http:\/\/jackpotlotteryonline.com\/wp-content\/uploads\/2022\/11\/euromillions.png\" \/>\n<meta name=\"twitter:card\" content=\"summary_large_image\" \/>\n<meta name=\"twitter:label1\" content=\"Ansl. lesetid\" \/>\n\t<meta name=\"twitter:data1\" content=\"3 minutter\" \/>\n<!-- \/ Yoast SEO plugin. -->","yoast_head_json":{"title":"Euromillions vinnernumre og trekning resultater","description":"Trekning resultater for Euromillions \u2013 vinnernumre fra den siste trekningen, samt et arkiv over tidligere resultater","robots":{"index":"index","follow":"follow","max-snippet":"max-snippet:-1","max-image-preview":"max-image-preview:large","max-video-preview":"max-video-preview:-1"},"canonical":"https:\/\/jackpotlotteryonline.com\/no\/lotterieresultater\/euromillions-trekning-resultater\/","og_locale":"nb_NO","og_type":"article","og_title":"Euromillions vinnernumre og trekning resultater","og_description":"Trekning resultater for Euromillions \u2013 vinnernumre fra den siste trekningen, samt et arkiv over tidligere resultater","og_url":"https:\/\/jackpotlotteryonline.com\/no\/lotterieresultater\/euromillions-trekning-resultater\/","og_site_name":"Lotto Online - Crack The International Lottery Jackpots","og_image":[{"url":"http:\/\/jackpotlotteryonline.com\/wp-content\/uploads\/2022\/11\/euromillions.png"}],"twitter_card":"summary_large_image","twitter_misc":{"Ansl. lesetid":"3 minutter"},"schema":{"@context":"https:\/\/schema.org","@graph":[{"@type":"WebPage","@id":"https:\/\/jackpotlotteryonline.com\/no\/lotterieresultater\/euromillions-trekning-resultater\/","url":"https:\/\/jackpotlotteryonline.com\/no\/lotterieresultater\/euromillions-trekning-resultater\/","name":"Euromillions vinnernumre og trekning resultater","isPartOf":{"@id":"https:\/\/jackpotlotteryonline.com\/#website"},"primaryImageOfPage":{"@id":"https:\/\/jackpotlotteryonline.com\/no\/lotterieresultater\/euromillions-trekning-resultater\/#primaryimage"},"image":{"@id":"https:\/\/jackpotlotteryonline.com\/no\/lotterieresultater\/euromillions-trekning-resultater\/#primaryimage"},"thumbnailUrl":"http:\/\/jackpotlotteryonline.com\/wp-content\/uploads\/2022\/11\/euromillions.png","datePublished":"2025-02-05T17:28:02+00:00","dateModified":"2025-02-05T17:28:02+00:00","description":"Trekning resultater for Euromillions \u2013 vinnernumre fra den siste trekningen, samt et arkiv over tidligere resultater","breadcrumb":{"@id":"https:\/\/jackpotlotteryonline.com\/no\/lotterieresultater\/euromillions-trekning-resultater\/#breadcrumb"},"inLanguage":"nb-NO","potentialAction":[{"@type":"ReadAction","target":["https:\/\/jackpotlotteryonline.com\/no\/lotterieresultater\/euromillions-trekning-resultater\/"]}]},{"@type":"ImageObject","inLanguage":"nb-NO","@id":"https:\/\/jackpotlotteryonline.com\/no\/lotterieresultater\/euromillions-trekning-resultater\/#primaryimage","url":"http:\/\/jackpotlotteryonline.com\/wp-content\/uploads\/2022\/11\/euromillions.png","contentUrl":"http:\/\/jackpotlotteryonline.com\/wp-content\/uploads\/2022\/11\/euromillions.png"},{"@type":"BreadcrumbList","@id":"https:\/\/jackpotlotteryonline.com\/no\/lotterieresultater\/euromillions-trekning-resultater\/#breadcrumb","itemListElement":[{"@type":"ListItem","position":1,"name":"Home","item":"https:\/\/jackpotlotteryonline.com\/no\/"},{"@type":"ListItem","position":2,"name":"Lotterieresultater","item":"https:\/\/jackpotlotteryonline.com\/no\/lotterieresultater\/"},{"@type":"ListItem","position":3,"name":"Euromillions trekning resultater"}]},{"@type":"WebSite","@id":"https:\/\/jackpotlotteryonline.com\/#website","url":"https:\/\/jackpotlotteryonline.com\/","name":"Lotto Online - Crack The International Lottery Jackpots","description":"","potentialAction":[{"@type":"SearchAction","target":{"@type":"EntryPoint","urlTemplate":"https:\/\/jackpotlotteryonline.com\/?s={search_term_string}"},"query-input":"required name=search_term_string"}],"inLanguage":"nb-NO"}]}},"_links":{"self":[{"href":"https:\/\/jackpotlotteryonline.com\/no\/wp-json\/wp\/v2\/pages\/74198","targetHints":{"allow":["GET"]}}],"collection":[{"href":"https:\/\/jackpotlotteryonline.com\/no\/wp-json\/wp\/v2\/pages"}],"about":[{"href":"https:\/\/jackpotlotteryonline.com\/no\/wp-json\/wp\/v2\/types\/page"}],"author":[{"embeddable":true,"href":"https:\/\/jackpotlotteryonline.com\/no\/wp-json\/wp\/v2\/users\/7"}],"replies":[{"embeddable":true,"href":"https:\/\/jackpotlotteryonline.com\/no\/wp-json\/wp\/v2\/comments?post=74198"}],"version-history":[{"count":0,"href":"https:\/\/jackpotlotteryonline.com\/no\/wp-json\/wp\/v2\/pages\/74198\/revisions"}],"up":[{"embeddable":true,"href":"https:\/\/jackpotlotteryonline.com\/no\/wp-json\/wp\/v2\/pages\/74032"}],"wp:attachment":[{"href":"https:\/\/jackpotlotteryonline.com\/no\/wp-json\/wp\/v2\/media?parent=74198"}],"curies":[{"name":"wp","href":"https:\/\/api.w.org\/{rel}","templated":true}]}}