{"id":74212,"date":"2025-02-06T05:24:44","date_gmt":"2025-02-06T05:24:44","guid":{"rendered":"https:\/\/jackpotlotteryonline.com\/?page_id=74212"},"modified":"2025-02-06T05:24:44","modified_gmt":"2025-02-06T05:24:44","slug":"la-primitiva-trekningens-resultater","status":"publish","type":"page","link":"https:\/\/jackpotlotteryonline.com\/no\/lotterieresultater\/la-primitiva-trekningens-resultater\/","title":{"rendered":"La Primitiva-trekningens resultater"},"content":{"rendered":"<h2><span style=\"font-weight: 400;\">Hvordan velge vinnernumrene for La Primitiva<\/span><\/h2>\n<p><span style=\"font-weight: 400;\">F\u00f8rst, hvis du vil spille La Primitiva, m\u00e5 du velge 6 tall fra 1 til 49. I tillegg m\u00e5 du velge 1 tall fra 0 til 9. Dette ekstra tallet kalles <\/span><i><span style=\"font-weight: 400;\">Reintegro<\/span><\/i><span style=\"font-weight: 400;\">-nummeret. Det finnes ogs\u00e5 et <\/span><i><span style=\"font-weight: 400;\">Complementario<\/span><\/i><span style=\"font-weight: 400;\">-nummer, som brukes til \u00e5 bestemme noen av premiekategoriene.<\/span>  <\/p>\n<p><span style=\"font-weight: 400;\">Det finnes flere metoder spillere bruker for \u00e5 velge sine La Primitiva-tall. Noen foretrekker \u00e5 velge tall med spesiell betydning for dem, som f\u00f8dselsdatoer eller jubileer. Andre velger tilfeldige tall og h\u00e5per p\u00e5 det beste. Siden La Primitiva, som alle lotterier, er et sjansespill, kan ingen klandres for sine valg.<\/span>  <\/p>\n<section class=\"layout\" style=\"border: solid 1px; width: 100%;\">\n<div class=\"img-div\" style=\"margin-top: 5px;\">\n    <img decoding=\"async\" class=\"wp-image-17212 alignleft\" style=\"height: 45px; margin: 8px 8px 0px;\" src=\"http:\/\/jackpotlotteryonline.com\/wp-content\/uploads\/2022\/11\/read1.jpg\" alt=\"read\" width=\"\" height=\"\" \/>\n  <\/div>\n<div style=\"padding-left: 5px;\">\n<div style=\"font-size: 1.1em;\">\n      <strong>Lotteritips<\/strong><\/p>\n<p style=\"font-size: 0.85em; margin-top: -1.5em;\">Tips for \u00e5 hjelpe deg med \u00e5 vinne i lotteriet <a href=\"https:\/\/jackpotlotteryonline.com\/tips-that-help-you-win-at-the-lottery\">les mer<\/a><\/p>\n<\/p><\/div>\n<\/p><\/div>\n<\/section>\n<h2><span style=\"font-weight: 400;\">\u00c5 vinne i La Primitiva<\/span><\/h2>\n<p><span style=\"font-weight: 400;\">La Primitiva har trekninger tre ganger i uken, p\u00e5 mandager, torsdager og l\u00f8rdager. Etter at du har valgt numrene dine, er neste steg \u00e5 delta i de trekningene du \u00f8nsker. N\u00e5r trekningene er over, vil en kupong som matcher resultatene vinne en premie.<\/span>  <\/p>\n<p><span style=\"font-weight: 400;\">For \u00e5 vinne hovedpremien i La Primitiva m\u00e5 en spiller matche alle 7 tallene (6 hovedtall + Reintegro). Jackpotten starter p\u00e5 5 millioner euro. Hvis det er flere vinnere, deles premien mellom dem. Her er premiene spillerne kan vinne:<\/span>  <\/p>\n<p><span style=\"font-weight: 400;\"><br \/>\n  <img loading=\"lazy\" decoding=\"async\" class=\"alignright size-full wp-image-27671\" src=\"http:\/\/jackpotlotteryonline.com\/wp-content\/uploads\/2022\/11\/1_lottery_online_winner3.jpg\" alt=\"vinn stort med La Primitiva lotto\" width=\"300\" height=\"300\" srcset=\"https:\/\/jackpotlotteryonline.com\/wp-content\/uploads\/2022\/11\/1_lottery_online_winner3.jpg 300w, https:\/\/jackpotlotteryonline.com\/wp-content\/uploads\/2022\/11\/1_lottery_online_winner3-100x100.jpg 100w, https:\/\/jackpotlotteryonline.com\/wp-content\/uploads\/2022\/11\/1_lottery_online_winner3-150x150.jpg 150w\" sizes=\"auto, (max-width: 300px) 100vw, 300px\" \/><br \/>\n  Jackpot \u2013 Match 6 tall + Reintegro<br \/>\n<\/span>  <\/p>\n<p><span style=\"font-weight: 400;\">Kategori 1 \u2013 Match 6 tall<\/span>  <\/p>\n<p><span style=\"font-weight: 400;\">Kategori 2 \u2013 Match 5 tall + Complementario<\/span>  <\/p>\n<p><span style=\"font-weight: 400;\">Kategori 3 \u2013 Match 5 tall<\/span>  <\/p>\n<p><span style=\"font-weight: 400;\">Kategori 4 \u2013 Match 4 tall<\/span>  <\/p>\n<p><span style=\"font-weight: 400;\">Kategori 5 \u2013 Match 3 tall<\/span>  <\/p>\n<p><span style=\"font-weight: 400;\">Reintegro \u2013 Match kun Reintegro-nummeret<\/span>  <\/p>\n<h2><span style=\"font-weight: 400;\">Spill La Primitiva online med jackpotlotteryonline.com<\/span><\/h2>\n<p><span style=\"font-weight: 400;\">N\u00e5r du <a href=\"https:\/\/jackpotlotteryonline.com\/play-online\/la-primitiva\">spiller La Primitiva<\/a> med oss, f\u00e5r du ikke bare tilgang til lotteriet, men ogs\u00e5 trekningens resultater. \u00c5 spille online gir b\u00e5de nybegynnere og erfarne spillere flere muligheter. Vi tilbyr en enkel m\u00e5te \u00e5 kj\u00f8pe lodd, sjekke resultater og administrere gevinstene dine. Men vi kommer tilbake til det senere.<\/span>  <\/p>\n<p><span style=\"font-weight: 400;\">Du kan enkelt <a href=\"https:\/\/jackpotlotteryonline.com\/buy-tickets\/la-primitiva\">kj\u00f8pe din La Primitiva-lottokupong<\/a> ved \u00e5 bes\u00f8ke v\u00e5r nettside og velge vinnernumrene dine. Hvis du ikke er sikker p\u00e5 hva du skal velge, kan du bruke v\u00e5r tilfeldige tallgenerator. Deretter registrerer du deg for de valgte trekningene, og hvis du ikke allerede har en konto, m\u00e5 du opprette en.<\/span>  <\/p>\n<p><span style=\"font-weight: 400;\">\u00c5 registrere seg er viktig, fordi du trenger en konto for f\u00f8lgende:<\/span>  <\/p>\n<ul>\n<li style=\"font-weight: 400;\" aria-level=\"1\"><span style=\"font-weight: 400;\">For \u00e5 lagre din digitale kupong<\/span><\/li>\n<li style=\"font-weight: 400;\" aria-level=\"1\"><span style=\"font-weight: 400;\">For \u00e5 sette opp automatisk deltakelse i trekningene<\/span><\/li>\n<li style=\"font-weight: 400;\" aria-level=\"1\"><span style=\"font-weight: 400;\">For \u00e5 f\u00e5 varsler n\u00e5r du vinner<\/span><\/li>\n<\/ul>\n<h2><span style=\"font-weight: 400;\">Sjekk La Primitiva-resultatene<\/span><\/h2>\n<p><span style=\"font-weight: 400;\">\u00c5 sjekke La Primitiva-resultatene har aldri v\u00e6rt enklere enn n\u00e5r du spiller online med oss. Etter hver trekning publiserer vi resultatene p\u00e5 nettsiden v\u00e5r. I tillegg f\u00e5r du en e-post hvis du har vunnet, slik at du aldri g\u00e5r glipp av sjansen til \u00e5 kreve premien din.<\/span>  <\/p>\n<h2><span style=\"font-weight: 400;\">Ta ut gevinstene dine<\/span><\/h2>\n<p><span style=\"font-weight: 400;\">Kanskje det beste med \u00e5 spille La Primitiva online er at du ikke trenger \u00e5 reise til Spania for \u00e5 kreve gevinstene dine. For premier under 2 500 euro kan du ganske enkelt ta ut pengene fra v\u00e5r plattform til din konto.<\/span>  <\/p>\n<p><span style=\"font-weight: 400;\">Spill lotto med oss og sjekk dine La Primitiva-vinnertall online.<\/span>  <\/p>\n","protected":false},"excerpt":{"rendered":"<p>Hvordan velge vinnernumrene for La Primitiva F\u00f8rst, hvis du vil spille La Primitiva, m\u00e5 du velge 6 tall fra 1 til 49. I tillegg m\u00e5 du velge 1 tall fra 0 til 9. Dette ekstra tallet kalles Reintegro-nummeret. Det finnes ogs\u00e5 et Complementario-nummer, som brukes til \u00e5 bestemme noen av premiekategoriene. Det finnes flere metoder [&hellip;]<\/p>\n","protected":false},"author":7,"featured_media":0,"parent":74032,"menu_order":7,"comment_status":"closed","ping_status":"closed","template":"la-primitiva-results.php","meta":{"_et_pb_use_builder":"","_et_pb_old_content":"","_et_gb_content_width":"","exclude_from_search":false,"footnotes":""},"class_list":["post-74212","page","type-page","status-publish","hentry"],"yoast_head":"<!-- This site is optimized with the Yoast SEO plugin v23.3 - https:\/\/yoast.com\/wordpress\/plugins\/seo\/ -->\n<title>Vinnende numre og trekningens resultater for La Primitiva<\/title>\n<meta name=\"description\" content=\"Lottoresultater for La Primitiva i Spania \u2013 alle trekninger, vinnertall og resultatarkiv p\u00e5 ett nettsted.\" \/>\n<meta name=\"robots\" content=\"index, follow, max-snippet:-1, max-image-preview:large, max-video-preview:-1\" \/>\n<link rel=\"canonical\" href=\"https:\/\/jackpotlotteryonline.com\/no\/lotterieresultater\/la-primitiva-trekningens-resultater\/\" \/>\n<meta property=\"og:locale\" content=\"nb_NO\" \/>\n<meta property=\"og:type\" content=\"article\" \/>\n<meta property=\"og:title\" content=\"Vinnende numre og trekningens resultater for La Primitiva\" \/>\n<meta property=\"og:description\" content=\"Lottoresultater for La Primitiva i Spania \u2013 alle trekninger, vinnertall og resultatarkiv p\u00e5 ett nettsted.\" \/>\n<meta property=\"og:url\" content=\"https:\/\/jackpotlotteryonline.com\/no\/lotterieresultater\/la-primitiva-trekningens-resultater\/\" \/>\n<meta property=\"og:site_name\" content=\"Lotto Online - Crack The International Lottery Jackpots\" \/>\n<meta property=\"og:image\" content=\"http:\/\/jackpotlotteryonline.com\/wp-content\/uploads\/2022\/11\/read1.jpg\" \/>\n<meta name=\"twitter:card\" content=\"summary_large_image\" \/>\n<!-- \/ Yoast SEO plugin. -->","yoast_head_json":{"title":"Vinnende numre og trekningens resultater for La Primitiva","description":"Lottoresultater for La Primitiva i Spania \u2013 alle trekninger, vinnertall og resultatarkiv p\u00e5 ett nettsted.","robots":{"index":"index","follow":"follow","max-snippet":"max-snippet:-1","max-image-preview":"max-image-preview:large","max-video-preview":"max-video-preview:-1"},"canonical":"https:\/\/jackpotlotteryonline.com\/no\/lotterieresultater\/la-primitiva-trekningens-resultater\/","og_locale":"nb_NO","og_type":"article","og_title":"Vinnende numre og trekningens resultater for La Primitiva","og_description":"Lottoresultater for La Primitiva i Spania \u2013 alle trekninger, vinnertall og resultatarkiv p\u00e5 ett nettsted.","og_url":"https:\/\/jackpotlotteryonline.com\/no\/lotterieresultater\/la-primitiva-trekningens-resultater\/","og_site_name":"Lotto Online - Crack The International Lottery Jackpots","og_image":[{"url":"http:\/\/jackpotlotteryonline.com\/wp-content\/uploads\/2022\/11\/read1.jpg"}],"twitter_card":"summary_large_image","schema":{"@context":"https:\/\/schema.org","@graph":[{"@type":"WebPage","@id":"https:\/\/jackpotlotteryonline.com\/no\/lotterieresultater\/la-primitiva-trekningens-resultater\/","url":"https:\/\/jackpotlotteryonline.com\/no\/lotterieresultater\/la-primitiva-trekningens-resultater\/","name":"Vinnende numre og trekningens resultater for La Primitiva","isPartOf":{"@id":"https:\/\/jackpotlotteryonline.com\/#website"},"primaryImageOfPage":{"@id":"https:\/\/jackpotlotteryonline.com\/no\/lotterieresultater\/la-primitiva-trekningens-resultater\/#primaryimage"},"image":{"@id":"https:\/\/jackpotlotteryonline.com\/no\/lotterieresultater\/la-primitiva-trekningens-resultater\/#primaryimage"},"thumbnailUrl":"http:\/\/jackpotlotteryonline.com\/wp-content\/uploads\/2022\/11\/read1.jpg","datePublished":"2025-02-06T05:24:44+00:00","dateModified":"2025-02-06T05:24:44+00:00","description":"Lottoresultater for La Primitiva i Spania \u2013 alle trekninger, vinnertall og resultatarkiv p\u00e5 ett nettsted.","breadcrumb":{"@id":"https:\/\/jackpotlotteryonline.com\/no\/lotterieresultater\/la-primitiva-trekningens-resultater\/#breadcrumb"},"inLanguage":"nb-NO","potentialAction":[{"@type":"ReadAction","target":["https:\/\/jackpotlotteryonline.com\/no\/lotterieresultater\/la-primitiva-trekningens-resultater\/"]}]},{"@type":"ImageObject","inLanguage":"nb-NO","@id":"https:\/\/jackpotlotteryonline.com\/no\/lotterieresultater\/la-primitiva-trekningens-resultater\/#primaryimage","url":"http:\/\/jackpotlotteryonline.com\/wp-content\/uploads\/2022\/11\/read1.jpg","contentUrl":"http:\/\/jackpotlotteryonline.com\/wp-content\/uploads\/2022\/11\/read1.jpg"},{"@type":"BreadcrumbList","@id":"https:\/\/jackpotlotteryonline.com\/no\/lotterieresultater\/la-primitiva-trekningens-resultater\/#breadcrumb","itemListElement":[{"@type":"ListItem","position":1,"name":"Home","item":"https:\/\/jackpotlotteryonline.com\/no\/"},{"@type":"ListItem","position":2,"name":"Lotterieresultater","item":"https:\/\/jackpotlotteryonline.com\/no\/lotterieresultater\/"},{"@type":"ListItem","position":3,"name":"La Primitiva-trekningens resultater"}]},{"@type":"WebSite","@id":"https:\/\/jackpotlotteryonline.com\/#website","url":"https:\/\/jackpotlotteryonline.com\/","name":"Lotto Online - Crack The International Lottery Jackpots","description":"","potentialAction":[{"@type":"SearchAction","target":{"@type":"EntryPoint","urlTemplate":"https:\/\/jackpotlotteryonline.com\/?s={search_term_string}"},"query-input":"required name=search_term_string"}],"inLanguage":"nb-NO"}]}},"_links":{"self":[{"href":"https:\/\/jackpotlotteryonline.com\/no\/wp-json\/wp\/v2\/pages\/74212","targetHints":{"allow":["GET"]}}],"collection":[{"href":"https:\/\/jackpotlotteryonline.com\/no\/wp-json\/wp\/v2\/pages"}],"about":[{"href":"https:\/\/jackpotlotteryonline.com\/no\/wp-json\/wp\/v2\/types\/page"}],"author":[{"embeddable":true,"href":"https:\/\/jackpotlotteryonline.com\/no\/wp-json\/wp\/v2\/users\/7"}],"replies":[{"embeddable":true,"href":"https:\/\/jackpotlotteryonline.com\/no\/wp-json\/wp\/v2\/comments?post=74212"}],"version-history":[{"count":0,"href":"https:\/\/jackpotlotteryonline.com\/no\/wp-json\/wp\/v2\/pages\/74212\/revisions"}],"up":[{"embeddable":true,"href":"https:\/\/jackpotlotteryonline.com\/no\/wp-json\/wp\/v2\/pages\/74032"}],"wp:attachment":[{"href":"https:\/\/jackpotlotteryonline.com\/no\/wp-json\/wp\/v2\/media?parent=74212"}],"curies":[{"name":"wp","href":"https:\/\/api.w.org\/{rel}","templated":true}]}}