{"id":74225,"date":"2025-02-06T05:37:27","date_gmt":"2025-02-06T05:37:27","guid":{"rendered":"https:\/\/jackpotlotteryonline.com\/?page_id=74225"},"modified":"2025-02-06T05:37:27","modified_gmt":"2025-02-06T05:37:27","slug":"tyske-lotto-resultater","status":"publish","type":"page","link":"https:\/\/jackpotlotteryonline.com\/no\/lotterieresultater\/tyske-lotto-resultater\/","title":{"rendered":"Tyske Lotto-resultater"},"content":{"rendered":"<p><span style=\"font-weight: 400;\">Hvis du har <a href=\"https:\/\/jackpotlotteryonline.com\/play-online\/german-lotto\">spilt tysk lotto<\/a> eller vurderer \u00e5 pr\u00f8ve det, er det viktig \u00e5 sjekke de vinnende numrene. \u00c5 vinne i lotto kan forandre livet ditt.<\/span>  <\/p>\n<p><span style=\"font-weight: 400;\">Ogs\u00e5 kjent som <\/span><i><span style=\"font-weight: 400;\">6 aus 49<\/span><\/i><span style=\"font-weight: 400;\"> (6 av 49), er dette et av de mest popul\u00e6re lotteriene i Europa. Med fantastiske odds og livsendrende premier, tilbyr tysk lotto ni forskjellige premiekategorier.<\/span>  <\/p>\n<p><span style=\"font-weight: 400;\">Det er enkelt \u00e5 spille, og n\u00e5 kan du delta i tysk lotto fra hvor som helst i verden. Du kan ogs\u00e5 sjekke vinnernumrene dine n\u00e5r du spiller p\u00e5 jackpotlotteryonline.com.<\/span>  <\/p>\n<h2><span style=\"font-weight: 400;\"><img loading=\"lazy\" decoding=\"async\" class=\"alignright size-medium wp-image-29156\" src=\"http:\/\/jackpotlotteryonline.com\/wp-content\/uploads\/2022\/11\/1_play_lotto_to_win-300x214.jpg\" alt=\"Spill tysk lotto og vinn store premier\" width=\"300\" height=\"214\" srcset=\"https:\/\/jackpotlotteryonline.com\/wp-content\/uploads\/2022\/11\/1_play_lotto_to_win-300x214.jpg 300w, https:\/\/jackpotlotteryonline.com\/wp-content\/uploads\/2022\/11\/1_play_lotto_to_win.jpg 320w\" sizes=\"auto, (max-width: 300px) 100vw, 300px\" \/>Hvordan spille tysk lotto<\/span><\/h2>\n<p><span style=\"font-weight: 400;\">For \u00e5 spille velger du 6 tall fra 1 til 49. Hvis du matcher de vinnende tallene, vinner du jackpotten. I tillegg trekkes et ekstra nummer, kalt &#8220;Supernummer&#8221;. Dette velges tilfeldig og brukes til \u00e5 avgj\u00f8re vinnere i tre av premiekategoriene, inkludert jackpotten.<\/span>  <\/p>\n<p><span style=\"font-weight: 400;\">Jackpotten starter p\u00e5 garanterte 1 million euro, men hvis ingen vinner, overf\u00f8res premien til neste trekning. Tysk lottos jackpot kan vokse til hele 14.000.000 \u20ac, noe som er utrolig.<\/span>  <\/p>\n<h2><span style=\"font-weight: 400;\">Spill p\u00e5 jackpotlotteryonline.com<\/span><\/h2>\n<p><span style=\"font-weight: 400;\">N\u00e5r du <a href=\"https:\/\/jackpotlotteryonline.com\/buy-tickets\/lotto-germany\">kj\u00f8per en billett hos oss<\/a>, deltar du faktisk i lotteriet. Vi fungerer ikke som noen online lottotjenester som lar deg satse p\u00e5 utfallet. Hvis du bare satser p\u00e5 utfallet, vinner du ikke den faktiske lottopremien selv om du gjetter de riktige tallene.<\/span>  <\/p>\n<p><span style=\"font-weight: 400;\">Vi er en concierge-tjeneste som gir kundene v\u00e5re tilgang til lotterier over hele verden. N\u00e5r du kj\u00f8per en billett til tysk lotto online, vil v\u00e5re agenter i Tyskland kj\u00f8pe en fysisk billett med dine valgte tall. Deretter skanner vi billetten og legger den til p\u00e5 kontoen din.<\/span>  <\/p>\n<h3><strong>Slik spiller du hos oss:<\/strong><\/h3>\n<ul>\n<li style=\"font-weight: 400;\" aria-level=\"1\"><span style=\"font-weight: 400;\">Velg 6 tall fra 49. Du kan ogs\u00e5 bruke en tilfeldig tallgenerator.<\/span><\/li>\n<li style=\"font-weight: 400;\" aria-level=\"1\"><span style=\"font-weight: 400;\">Velg hvor mange trekninger du vil delta i \u2013 \u00e9n eller flere.<\/span><\/li>\n<li style=\"font-weight: 400;\" aria-level=\"1\"><span style=\"font-weight: 400;\">Bestem hvor mange uker du vil spille (eller spill kun \u00e9n gang).<\/span><\/li>\n<li style=\"font-weight: 400;\" aria-level=\"1\"><span style=\"font-weight: 400;\">Registrer deg for \u00e5 fullf\u00f8re betalingen (slik at vi kan varsle deg om du vinner).<\/span><\/li>\n<\/ul>\n<h2><span style=\"font-weight: 400;\">Vinne i tysk lotto (premiefordeling)<\/span><\/h2>\n<p><span style=\"font-weight: 400;\"><img loading=\"lazy\" decoding=\"async\" class=\"alignright size-medium wp-image-28616\" src=\"http:\/\/jackpotlotteryonline.com\/wp-content\/uploads\/2022\/11\/1_online_lotto-300x128.jpg\" alt=\"Spill tysk lotto\" width=\"300\" height=\"128\" srcset=\"https:\/\/jackpotlotteryonline.com\/wp-content\/uploads\/2022\/11\/1_online_lotto-300x128.jpg 300w, https:\/\/jackpotlotteryonline.com\/wp-content\/uploads\/2022\/11\/1_online_lotto.jpg 320w\" sizes=\"auto, (max-width: 300px) 100vw, 300px\" \/>Som nevnt tidligere har dette europeiske lotteriet 9 forskjellige premiekategorier. Det betyr mange muligheter til \u00e5 vinne en premie, noe som forklarer hvorfor dette lotteriet er s\u00e5 popul\u00e6rt i Europa. Sjansene for \u00e5 vinne jackpotten er 1 av 139.838.160.<\/span>  <\/p>\n<p><span style=\"font-weight: 400;\">Her er premiefordelingen og vinnersjansene:<\/span>  <\/p>\n<p><span style=\"font-weight: 400;\">F\u00f8rste kategori: 6 tall + Supernummer \u2013 \u20ac12,585,434.40 (jackpot) \u2013 1:139,838,160<\/span>  <\/p>\n<p><span style=\"font-weight: 400;\">Andre kategori: 6 tall \u2013 \u20ac1,003,509.30 \u2013 1:15,537,573<\/span>  <\/p>\n<p><span style=\"font-weight: 400;\">Tredje kategori: 5 tall + Supernummer \u2013 \u20ac12,135.40 \u2013 1:524,008<\/span>  <\/p>\n<p><span style=\"font-weight: 400;\">Fjerde kategori: 5 tall \u2013 \u20ac4,019.20 \u2013 1:60,223<\/span>  <\/p>\n<p><span style=\"font-weight: 400;\">Femte kategori: 4 tall + Supernummer \u2013 \u20ac191.10 \u2013 1:10,324<\/span>  <\/p>\n<p><span style=\"font-weight: 400;\">Sjette kategori: 4 tall \u2013 \u20ac50.30 \u2013 1:1,147<\/span>  <\/p>\n<p><span style=\"font-weight: 400;\">Syvende kategori: 3 tall + Supernummer \u2013 \u20ac21.20 \u2013 1:567<\/span>  <\/p>\n<p><span style=\"font-weight: 400;\">\u00c5ttende kategori: 3 tall \u2013 \u20ac11.10 \u2013 1:63<\/span>  <\/p>\n<p><span style=\"font-weight: 400;\">Niende kategori: 2 tall + Supernummer \u2013 \u20ac6 \u2013 1:76<\/span>  <\/p>\n<h2><span style=\"font-weight: 400;\">Sjekk de vinnende tallene online<\/span><\/h2>\n<p><span style=\"font-weight: 400;\">Tysk lotto er enkelt \u00e5 spille, og det er like enkelt \u00e5 sjekke resultatene. N\u00e5r trekningen er over, kan du sjekke tallene dine online. Vi publiserer resultatene regelmessig.<\/span>  <\/p>\n<p><span style=\"font-weight: 400;\">Hvis du glemmer \u00e5 sjekke, vil vi varsle deg om du vinner en premie, via kontoen din og e-post.<\/span>  <\/p>\n<h2><span style=\"font-weight: 400;\">Hvordan hente premien din<\/span><\/h2>\n<p><span style=\"font-weight: 400;\">Den tyske lottotrekningen skjer hver onsdag. Hvis du vinner en premie, kan du enkelt ta ut gevinsten din fra plattformen v\u00e5r til din konto.<\/span>  <\/p>\n","protected":false},"excerpt":{"rendered":"<p>Hvis du har spilt tysk lotto eller vurderer \u00e5 pr\u00f8ve det, er det viktig \u00e5 sjekke de vinnende numrene. \u00c5 vinne i lotto kan forandre livet ditt. Ogs\u00e5 kjent som 6 aus 49 (6 av 49), er dette et av de mest popul\u00e6re lotteriene i Europa. Med fantastiske odds og livsendrende premier, tilbyr tysk lotto [&hellip;]<\/p>\n","protected":false},"author":7,"featured_media":0,"parent":74032,"menu_order":8,"comment_status":"closed","ping_status":"closed","template":"lotto-german-results.php","meta":{"_et_pb_use_builder":"","_et_pb_old_content":"","_et_gb_content_width":"","exclude_from_search":false,"footnotes":""},"class_list":["post-74225","page","type-page","status-publish","hentry"],"yoast_head":"<!-- This site is optimized with the Yoast SEO plugin v23.3 - https:\/\/yoast.com\/wordpress\/plugins\/seo\/ -->\n<title>Tysk lotto \u2013 vinnertall og resultater<\/title>\n<meta name=\"description\" content=\"Her finner du de nyeste og tidligere vinnertallene og resultatene for tysk lotto.\" \/>\n<meta name=\"robots\" content=\"index, follow, max-snippet:-1, max-image-preview:large, max-video-preview:-1\" \/>\n<link rel=\"canonical\" href=\"https:\/\/jackpotlotteryonline.com\/no\/lotterieresultater\/tyske-lotto-resultater\/\" \/>\n<meta property=\"og:locale\" content=\"nb_NO\" \/>\n<meta property=\"og:type\" content=\"article\" \/>\n<meta property=\"og:title\" content=\"Tysk lotto \u2013 vinnertall og resultater\" \/>\n<meta property=\"og:description\" content=\"Her finner du de nyeste og tidligere vinnertallene og resultatene for tysk lotto.\" \/>\n<meta property=\"og:url\" content=\"https:\/\/jackpotlotteryonline.com\/no\/lotterieresultater\/tyske-lotto-resultater\/\" \/>\n<meta property=\"og:site_name\" content=\"Lotto Online - Crack The International Lottery Jackpots\" \/>\n<meta property=\"og:image\" content=\"http:\/\/jackpotlotteryonline.com\/wp-content\/uploads\/2022\/11\/1_play_lotto_to_win-300x214.jpg\" \/>\n<meta name=\"twitter:card\" content=\"summary_large_image\" \/>\n<!-- \/ Yoast SEO plugin. -->","yoast_head_json":{"title":"Tysk lotto \u2013 vinnertall og resultater","description":"Her finner du de nyeste og tidligere vinnertallene og resultatene for tysk lotto.","robots":{"index":"index","follow":"follow","max-snippet":"max-snippet:-1","max-image-preview":"max-image-preview:large","max-video-preview":"max-video-preview:-1"},"canonical":"https:\/\/jackpotlotteryonline.com\/no\/lotterieresultater\/tyske-lotto-resultater\/","og_locale":"nb_NO","og_type":"article","og_title":"Tysk lotto \u2013 vinnertall og resultater","og_description":"Her finner du de nyeste og tidligere vinnertallene og resultatene for tysk lotto.","og_url":"https:\/\/jackpotlotteryonline.com\/no\/lotterieresultater\/tyske-lotto-resultater\/","og_site_name":"Lotto Online - Crack The International Lottery Jackpots","og_image":[{"url":"http:\/\/jackpotlotteryonline.com\/wp-content\/uploads\/2022\/11\/1_play_lotto_to_win-300x214.jpg"}],"twitter_card":"summary_large_image","schema":{"@context":"https:\/\/schema.org","@graph":[{"@type":"WebPage","@id":"https:\/\/jackpotlotteryonline.com\/no\/lotterieresultater\/tyske-lotto-resultater\/","url":"https:\/\/jackpotlotteryonline.com\/no\/lotterieresultater\/tyske-lotto-resultater\/","name":"Tysk lotto \u2013 vinnertall og resultater","isPartOf":{"@id":"https:\/\/jackpotlotteryonline.com\/#website"},"primaryImageOfPage":{"@id":"https:\/\/jackpotlotteryonline.com\/no\/lotterieresultater\/tyske-lotto-resultater\/#primaryimage"},"image":{"@id":"https:\/\/jackpotlotteryonline.com\/no\/lotterieresultater\/tyske-lotto-resultater\/#primaryimage"},"thumbnailUrl":"http:\/\/jackpotlotteryonline.com\/wp-content\/uploads\/2022\/11\/1_play_lotto_to_win-300x214.jpg","datePublished":"2025-02-06T05:37:27+00:00","dateModified":"2025-02-06T05:37:27+00:00","description":"Her finner du de nyeste og tidligere vinnertallene og resultatene for tysk lotto.","breadcrumb":{"@id":"https:\/\/jackpotlotteryonline.com\/no\/lotterieresultater\/tyske-lotto-resultater\/#breadcrumb"},"inLanguage":"nb-NO","potentialAction":[{"@type":"ReadAction","target":["https:\/\/jackpotlotteryonline.com\/no\/lotterieresultater\/tyske-lotto-resultater\/"]}]},{"@type":"ImageObject","inLanguage":"nb-NO","@id":"https:\/\/jackpotlotteryonline.com\/no\/lotterieresultater\/tyske-lotto-resultater\/#primaryimage","url":"http:\/\/jackpotlotteryonline.com\/wp-content\/uploads\/2022\/11\/1_play_lotto_to_win-300x214.jpg","contentUrl":"http:\/\/jackpotlotteryonline.com\/wp-content\/uploads\/2022\/11\/1_play_lotto_to_win-300x214.jpg"},{"@type":"BreadcrumbList","@id":"https:\/\/jackpotlotteryonline.com\/no\/lotterieresultater\/tyske-lotto-resultater\/#breadcrumb","itemListElement":[{"@type":"ListItem","position":1,"name":"Home","item":"https:\/\/jackpotlotteryonline.com\/no\/"},{"@type":"ListItem","position":2,"name":"Lotterieresultater","item":"https:\/\/jackpotlotteryonline.com\/no\/lotterieresultater\/"},{"@type":"ListItem","position":3,"name":"Tyske Lotto-resultater"}]},{"@type":"WebSite","@id":"https:\/\/jackpotlotteryonline.com\/#website","url":"https:\/\/jackpotlotteryonline.com\/","name":"Lotto Online - Crack The International Lottery Jackpots","description":"","potentialAction":[{"@type":"SearchAction","target":{"@type":"EntryPoint","urlTemplate":"https:\/\/jackpotlotteryonline.com\/?s={search_term_string}"},"query-input":"required name=search_term_string"}],"inLanguage":"nb-NO"}]}},"_links":{"self":[{"href":"https:\/\/jackpotlotteryonline.com\/no\/wp-json\/wp\/v2\/pages\/74225","targetHints":{"allow":["GET"]}}],"collection":[{"href":"https:\/\/jackpotlotteryonline.com\/no\/wp-json\/wp\/v2\/pages"}],"about":[{"href":"https:\/\/jackpotlotteryonline.com\/no\/wp-json\/wp\/v2\/types\/page"}],"author":[{"embeddable":true,"href":"https:\/\/jackpotlotteryonline.com\/no\/wp-json\/wp\/v2\/users\/7"}],"replies":[{"embeddable":true,"href":"https:\/\/jackpotlotteryonline.com\/no\/wp-json\/wp\/v2\/comments?post=74225"}],"version-history":[{"count":0,"href":"https:\/\/jackpotlotteryonline.com\/no\/wp-json\/wp\/v2\/pages\/74225\/revisions"}],"up":[{"embeddable":true,"href":"https:\/\/jackpotlotteryonline.com\/no\/wp-json\/wp\/v2\/pages\/74032"}],"wp:attachment":[{"href":"https:\/\/jackpotlotteryonline.com\/no\/wp-json\/wp\/v2\/media?parent=74225"}],"curies":[{"name":"wp","href":"https:\/\/api.w.org\/{rel}","templated":true}]}}