{"id":74244,"date":"2025-02-06T05:58:36","date_gmt":"2025-02-06T05:58:36","guid":{"rendered":"https:\/\/jackpotlotteryonline.com\/?page_id=74244"},"modified":"2025-02-06T05:58:36","modified_gmt":"2025-02-06T05:58:36","slug":"resultater-fra-trekningen-av-france-lotto","status":"publish","type":"page","link":"https:\/\/jackpotlotteryonline.com\/no\/lotterieresultater\/resultater-fra-trekningen-av-france-lotto\/","title":{"rendered":"Resultater fra trekningen av France Lotto"},"content":{"rendered":"<p><span style=\"font-weight: 400;\">France Lotto er et europeisk lotteri som trekker vinnere tre ganger i uken. Det ble lansert i 1976 og trekningene finner sted mandager, onsdager og l\u00f8rdager. De vinnende tallene for France Lotto blir annonsert p\u00e5 disse dagene. Vinnere fra hele verden kan delta i France Lotto ved \u00e5 kj\u00f8pe billettene sine p\u00e5 nett.<\/span><\/p>\n<h2><span style=\"font-weight: 400;\">Hvorfor du b\u00f8r sjekke de vinnende tallene<\/span><\/h2>\n<p><span style=\"font-weight: 400;\">Generelt vet ikke selskapet bak France Lotto identiteten til alle som har kj\u00f8pt billetter. Dermed har de ingen m\u00e5te \u00e5 kontakte de som har de vinnende billettene p\u00e5. Derfor m\u00e5 du jevnlig sjekke billetten din mot de trukne tallene for \u00e5 finne ut om du har vunnet.<\/span><\/p>\n<p><span style=\"font-weight: 400;\">I tillegg har France Lotto 10 premiedivisjoner. Det er mulig at en spiller ikke har vunnet jackpotten, men likevel kan ha vunnet andre premier.<\/span><\/p>\n<h2><span style=\"font-weight: 400;\"><img loading=\"lazy\" decoding=\"async\" class=\"alignright wp-image-31748\" src=\"https:\/\/jackpotlotteryonline.com\/wp-content\/uploads\/2022\/11\/rf_results_page-300x225.jpg\" alt=\"France Lotto vinnende resultater\" width=\"244\" height=\"183\" srcset=\"https:\/\/jackpotlotteryonline.com\/wp-content\/uploads\/2022\/11\/rf_results_page-300x225.jpg 300w, https:\/\/jackpotlotteryonline.com\/wp-content\/uploads\/2022\/11\/rf_results_page-600x449.jpg 600w, https:\/\/jackpotlotteryonline.com\/wp-content\/uploads\/2022\/11\/rf_results_page-768x575.jpg 768w, https:\/\/jackpotlotteryonline.com\/wp-content\/uploads\/2022\/11\/rf_results_page.jpg 801w\" sizes=\"auto, (max-width: 244px) 100vw, 244px\" \/>M\u00e5ter \u00e5 sjekke resultatene fra France Lotto p\u00e5<\/span><\/h2>\n<p><span style=\"font-weight: 400;\">Det finnes flere m\u00e5ter \u00e5 sjekke trekningresultatene for France Lotto p\u00e5. Dette er avgj\u00f8rende for \u00e5 finne den vinnende billetten for jackpotten. Husk at vinneren er den som matcher de trukne tallene. Hvis du kj\u00f8per billetter til France Lotto, kan du sjekke trekningresultatene p\u00e5 en av f\u00f8lgende m\u00e5ter:<\/span><\/p>\n<h3><b>Se den direkte TV-trekningen<\/b><\/h3>\n<p><span style=\"font-weight: 400;\">Dette er virkelig spennende, fordi tallene blir ropt ut, og du kan umiddelbart finne ut om du har vunnet. Problemet med dette er at du m\u00e5 bo i Frankrike for \u00e5 se de direkte trekningene til France Lotto.<\/span><\/p>\n<section class=\"layout\" style=\"border: solid 1px; width: 100%;\">\n<div class=\"img-div\" style=\"margin-top: 5px;\">\n    <img decoding=\"async\" class=\"wp-image-17212 alignleft\" style=\"height: 45px; margin: 8px 8px 0px;\" src=\"https:\/\/jackpotlotteryonline.com\/wp-content\/uploads\/2022\/11\/read1.jpg\" alt=\"les\" width=\"\" height=\"\" \/>\n  <\/div>\n<div style=\"padding-left: 5px;\">\n<div style=\"font-size: 1.1em;\">\n      <strong>Ikke g\u00e5 glipp av trekningstidene for verdens st\u00f8rste lottod\u017eekpoter<\/strong><\/p>\n<p style=\"font-size: 0.85em; margin-top: -1.5em;\">En liste over trekningstidene for de internasjonale lotteriene &#8211; <a href=\"https:\/\/jackpotlotteryonline.com\/when-are-the-draw-times-for-the-international-lotteries\">Les mer<\/a><\/p>\n<\/p><\/div>\n<\/p><\/div>\n<\/section>\n<h3><b>Bes\u00f8k nyhetssider<\/b><\/h3>\n<p><span style=\"font-weight: 400;\">En annen m\u00e5te \u00e5 sjekke trekningresultatene p\u00e5 er \u00e5 bes\u00f8ke nyhetssider. Ulike nyhetssider publiserer de vinnende kombinasjonene p\u00e5 sine nettsider. Dette gjelder spesielt for europeiske nyhetssider. Hvis du vinner jackpotten, er dette et flott alternativ. Men ettersom det finnes flere premiedivisjoner, kan det dessverre hende at disse sidene ikke publiserer de vinnende kombinasjonene for de andre divisjonene. Dermed kan du g\u00e5 glipp av en premie fra en lavere kategori.<\/span><\/p>\n<h3><b>Sjekk jackpotlotteryonline.com<\/b><\/h3>\n<p><span style=\"font-weight: 400;\">N\u00e5r du registrerer deg hos oss, kan du enkelt sjekke de vinnende tallene for France Lotto. Etter hver trekning publiserer vi resultatene her p\u00e5 siden v\u00e5r. I tillegg, hvis du vinner en premie, vil vi varsle deg umiddelbart uavhengig av hvilken premiedivisjon du har vunnet. Dessuten kan du ta ut lottogevinsten din direkte fra siden v\u00e5r til kontoen din.<\/span><\/p>\n<h2><span style=\"font-weight: 400;\">Fordeler med \u00e5 spille online<\/span><\/h2>\n<p><span style=\"font-weight: 400;\">Muligheten til \u00e5 sjekke trekningresultatene p\u00e5 en praktisk m\u00e5te er bare en av fordelene med \u00e5 <a href=\"https:\/\/jackpotlotteryonline.com\/play-online\/france-lotto\">spille lotto online<\/a>. Men vi m\u00e5 innr\u00f8mme at det er en stor fordel. Her er noen fordeler i korte trekk:<\/span><\/p>\n<ul>\n<li style=\"font-weight: 400;\" aria-level=\"1\"><span style=\"font-weight: 400;\">Tilgang til de beste internasjonale lotteriene fra hvor som helst<\/span><\/li>\n<li style=\"font-weight: 400;\" aria-level=\"1\"><span style=\"font-weight: 400;\">Bekvemmeligheten ved \u00e5 spille fra din PC eller mobile enhet<\/span><\/li>\n<li style=\"font-weight: 400;\" aria-level=\"1\"><span style=\"font-weight: 400;\">Enkel planlegging av flere trekninger p\u00e5 forh\u00e5nd<\/span><\/li>\n<li style=\"font-weight: 400;\" aria-level=\"1\"><span style=\"font-weight: 400;\">Praktisk sjekking av trekningresultatene<\/span><\/li>\n<li style=\"font-weight: 400;\" aria-level=\"1\"><span style=\"font-weight: 400;\">Mulighet til \u00e5 ta ut gevinstene direkte til din konto<\/span><\/li>\n<\/ul>\n<h2><span style=\"font-weight: 400;\">France Lotto vinnende kombinasjoner<\/span><\/h2>\n<p><span style=\"font-weight: 400;\">\u00c5 velge den riktige kombinasjonen for din France Lotto-billett kan v\u00e6re ganske utfordrende. Mange spillere bruker ulike tips for \u00e5 \u00f8ke sjansene sine for \u00e5 vinne i lotteriet. Det vi kan fortelle deg er at det ikke finnes noen garantert metode for \u00e5 vinne; det er et sp\u00f8rsm\u00e5l om flaks. Imidlertid kan vi dele noen strategier som spillere bruker for \u00e5 velge sine vinnende tall.<\/span><\/p>\n<p><span style=\"font-weight: 400;\">Noen spillere liker \u00e5 gjennomg\u00e5 tidligere vinnende kombinasjoner for \u00e5 finne tall som opptrer ofte eller sjelden. De klarer \u00e5 identifisere et m\u00f8nster og bruke det til \u00e5 lage en strategi for \u00e5 spille lotteriet. Om dette fungerer eller ikke, er vanskelig \u00e5 si.<\/span><\/p>\n<p><span style=\"font-weight: 400;\">Andre spillere velger \u00e5 spille hyppig ved \u00e5 kj\u00f8pe flere billetter og delta i flere trekninger. Logikken bak dette er at jo oftere du spiller lotteriet, desto h\u00f8yere er sjansene dine for \u00e5 vinne. Interessant nok har de fleste vinnerne spilt i \u00e5revis f\u00f8r de vant, selv om det finnes de som vant p\u00e5 f\u00f8rste fors\u00f8k.<\/span><\/p>\n<h2><span style=\"font-weight: 400;\">Konklusjon<\/span><\/h2>\n<p><span style=\"font-weight: 400;\">Avslutningsvis er France Lotto et sjansespill. Du kan <a href=\"https:\/\/jackpotlotteryonline.com\/buy-tickets\/lotto-france\">kj\u00f8pe dine France Lotto-billetter<\/a> og sjekke de vinnende kombinasjonene her p\u00e5 jackpotlotteryonline.com.<\/span><\/p>\n","protected":false},"excerpt":{"rendered":"<p>France Lotto er et europeisk lotteri som trekker vinnere tre ganger i uken. Det ble lansert i 1976 og trekningene finner sted mandager, onsdager og l\u00f8rdager. De vinnende tallene for France Lotto blir annonsert p\u00e5 disse dagene. Vinnere fra hele verden kan delta i France Lotto ved \u00e5 kj\u00f8pe billettene sine p\u00e5 nett. Hvorfor du [&hellip;]<\/p>\n","protected":false},"author":7,"featured_media":0,"parent":74032,"menu_order":9,"comment_status":"closed","ping_status":"closed","template":"lotto-fr-results.php","meta":{"_et_pb_use_builder":"","_et_pb_old_content":"","_et_gb_content_width":"","exclude_from_search":false,"footnotes":""},"class_list":["post-74244","page","type-page","status-publish","hentry"],"yoast_head":"<!-- This site is optimized with the Yoast SEO plugin v23.3 - https:\/\/yoast.com\/wordpress\/plugins\/seo\/ -->\n<title>France Lotto vinnende tall og trekningresultater<\/title>\n<meta name=\"description\" content=\"\u00d8nsker du \u00e5 vite de vinnende tallene og trekningresultatene for det franske lotteriet? Sjekk v\u00e5r France Lotto resultatside og arkivet v\u00e5rt.\" \/>\n<meta name=\"robots\" content=\"index, follow, max-snippet:-1, max-image-preview:large, max-video-preview:-1\" \/>\n<link rel=\"canonical\" href=\"https:\/\/jackpotlotteryonline.com\/no\/lotterieresultater\/resultater-fra-trekningen-av-france-lotto\/\" \/>\n<meta property=\"og:locale\" content=\"nb_NO\" \/>\n<meta property=\"og:type\" content=\"article\" \/>\n<meta property=\"og:title\" content=\"France Lotto vinnende tall og trekningresultater\" \/>\n<meta property=\"og:description\" content=\"\u00d8nsker du \u00e5 vite de vinnende tallene og trekningresultatene for det franske lotteriet? Sjekk v\u00e5r France Lotto resultatside og arkivet v\u00e5rt.\" \/>\n<meta property=\"og:url\" content=\"https:\/\/jackpotlotteryonline.com\/no\/lotterieresultater\/resultater-fra-trekningen-av-france-lotto\/\" \/>\n<meta property=\"og:site_name\" content=\"Lotto Online - Crack The International Lottery Jackpots\" \/>\n<meta property=\"og:image\" content=\"https:\/\/jackpotlotteryonline.com\/wp-content\/uploads\/2022\/11\/rf_results_page-300x225.jpg\" \/>\n<meta name=\"twitter:card\" content=\"summary_large_image\" \/>\n<!-- \/ Yoast SEO plugin. -->","yoast_head_json":{"title":"France Lotto vinnende tall og trekningresultater","description":"\u00d8nsker du \u00e5 vite de vinnende tallene og trekningresultatene for det franske lotteriet? Sjekk v\u00e5r France Lotto resultatside og arkivet v\u00e5rt.","robots":{"index":"index","follow":"follow","max-snippet":"max-snippet:-1","max-image-preview":"max-image-preview:large","max-video-preview":"max-video-preview:-1"},"canonical":"https:\/\/jackpotlotteryonline.com\/no\/lotterieresultater\/resultater-fra-trekningen-av-france-lotto\/","og_locale":"nb_NO","og_type":"article","og_title":"France Lotto vinnende tall og trekningresultater","og_description":"\u00d8nsker du \u00e5 vite de vinnende tallene og trekningresultatene for det franske lotteriet? Sjekk v\u00e5r France Lotto resultatside og arkivet v\u00e5rt.","og_url":"https:\/\/jackpotlotteryonline.com\/no\/lotterieresultater\/resultater-fra-trekningen-av-france-lotto\/","og_site_name":"Lotto Online - Crack The International Lottery Jackpots","og_image":[{"url":"https:\/\/jackpotlotteryonline.com\/wp-content\/uploads\/2022\/11\/rf_results_page-300x225.jpg"}],"twitter_card":"summary_large_image","schema":{"@context":"https:\/\/schema.org","@graph":[{"@type":"WebPage","@id":"https:\/\/jackpotlotteryonline.com\/no\/lotterieresultater\/resultater-fra-trekningen-av-france-lotto\/","url":"https:\/\/jackpotlotteryonline.com\/no\/lotterieresultater\/resultater-fra-trekningen-av-france-lotto\/","name":"France Lotto vinnende tall og trekningresultater","isPartOf":{"@id":"https:\/\/jackpotlotteryonline.com\/#website"},"primaryImageOfPage":{"@id":"https:\/\/jackpotlotteryonline.com\/no\/lotterieresultater\/resultater-fra-trekningen-av-france-lotto\/#primaryimage"},"image":{"@id":"https:\/\/jackpotlotteryonline.com\/no\/lotterieresultater\/resultater-fra-trekningen-av-france-lotto\/#primaryimage"},"thumbnailUrl":"https:\/\/jackpotlotteryonline.com\/wp-content\/uploads\/2022\/11\/rf_results_page-300x225.jpg","datePublished":"2025-02-06T05:58:36+00:00","dateModified":"2025-02-06T05:58:36+00:00","description":"\u00d8nsker du \u00e5 vite de vinnende tallene og trekningresultatene for det franske lotteriet? Sjekk v\u00e5r France Lotto resultatside og arkivet v\u00e5rt.","breadcrumb":{"@id":"https:\/\/jackpotlotteryonline.com\/no\/lotterieresultater\/resultater-fra-trekningen-av-france-lotto\/#breadcrumb"},"inLanguage":"nb-NO","potentialAction":[{"@type":"ReadAction","target":["https:\/\/jackpotlotteryonline.com\/no\/lotterieresultater\/resultater-fra-trekningen-av-france-lotto\/"]}]},{"@type":"ImageObject","inLanguage":"nb-NO","@id":"https:\/\/jackpotlotteryonline.com\/no\/lotterieresultater\/resultater-fra-trekningen-av-france-lotto\/#primaryimage","url":"https:\/\/jackpotlotteryonline.com\/wp-content\/uploads\/2022\/11\/rf_results_page-300x225.jpg","contentUrl":"https:\/\/jackpotlotteryonline.com\/wp-content\/uploads\/2022\/11\/rf_results_page-300x225.jpg"},{"@type":"BreadcrumbList","@id":"https:\/\/jackpotlotteryonline.com\/no\/lotterieresultater\/resultater-fra-trekningen-av-france-lotto\/#breadcrumb","itemListElement":[{"@type":"ListItem","position":1,"name":"Home","item":"https:\/\/jackpotlotteryonline.com\/no\/"},{"@type":"ListItem","position":2,"name":"Lotterieresultater","item":"https:\/\/jackpotlotteryonline.com\/no\/lotterieresultater\/"},{"@type":"ListItem","position":3,"name":"Resultater fra trekningen av France Lotto"}]},{"@type":"WebSite","@id":"https:\/\/jackpotlotteryonline.com\/#website","url":"https:\/\/jackpotlotteryonline.com\/","name":"Lotto Online - Crack The International Lottery Jackpots","description":"","potentialAction":[{"@type":"SearchAction","target":{"@type":"EntryPoint","urlTemplate":"https:\/\/jackpotlotteryonline.com\/?s={search_term_string}"},"query-input":"required name=search_term_string"}],"inLanguage":"nb-NO"}]}},"_links":{"self":[{"href":"https:\/\/jackpotlotteryonline.com\/no\/wp-json\/wp\/v2\/pages\/74244","targetHints":{"allow":["GET"]}}],"collection":[{"href":"https:\/\/jackpotlotteryonline.com\/no\/wp-json\/wp\/v2\/pages"}],"about":[{"href":"https:\/\/jackpotlotteryonline.com\/no\/wp-json\/wp\/v2\/types\/page"}],"author":[{"embeddable":true,"href":"https:\/\/jackpotlotteryonline.com\/no\/wp-json\/wp\/v2\/users\/7"}],"replies":[{"embeddable":true,"href":"https:\/\/jackpotlotteryonline.com\/no\/wp-json\/wp\/v2\/comments?post=74244"}],"version-history":[{"count":0,"href":"https:\/\/jackpotlotteryonline.com\/no\/wp-json\/wp\/v2\/pages\/74244\/revisions"}],"up":[{"embeddable":true,"href":"https:\/\/jackpotlotteryonline.com\/no\/wp-json\/wp\/v2\/pages\/74032"}],"wp:attachment":[{"href":"https:\/\/jackpotlotteryonline.com\/no\/wp-json\/wp\/v2\/media?parent=74244"}],"curies":[{"name":"wp","href":"https:\/\/api.w.org\/{rel}","templated":true}]}}