{"id":74262,"date":"2025-02-06T06:26:23","date_gmt":"2025-02-06T06:26:23","guid":{"rendered":"https:\/\/jackpotlotteryonline.com\/?page_id=74262"},"modified":"2025-02-06T06:26:23","modified_gmt":"2025-02-06T06:26:23","slug":"uk-lotto-resultater","status":"publish","type":"page","link":"https:\/\/jackpotlotteryonline.com\/no\/lotterieresultater\/uk-lotto-resultater\/","title":{"rendered":"UK Lotto-resultater"},"content":{"rendered":"<p>UK Lotto er et spennende spill som kan gj\u00f8re spillere til million\u00e6rer. Dette lotteriet er popul\u00e6rt i Storbritannia, men ikke s\u00e5 kjent internasjonalt. Hvis du vil pr\u00f8ve et internasjonalt lotteri, er dette en av mulighetene du kan vurdere. Vi kan ikke garantere gevinst, men det er enkelt \u00e5 velge tall.  <\/p>\n<p>En ting du b\u00f8r vite er at selv om du vinner i dette lotteriet, kan vi ikke garantere hvor mye du vil motta. Dette er fordi 52 % av lotteripotten g\u00e5r til jackpoten. Hvis det ikke er solgt nok billetter, kan gevinsten v\u00e6re lavere. Dette har ingenting med oss \u00e5 gj\u00f8re; det er en regel fra lotteriselskapet.  <\/p>\n<p>Bes\u00f8k jackpotlotteryonline.com for \u00e5 delta i dette lotteriet eller velg et annet internasjonalt lotteri. V\u00e5r nettside lar deg spille de beste internasjonale lotteriene og beholde hele gevinsten. Du kan velge \u00e5 pr\u00f8ve dette lotteriet ogs\u00e5 \u2013 valget er ditt.  <\/p>\n<section class=\"layout\" style=\"border: solid 1px; width: 100%;\">\n<div class=\"img-div\" style=\"margin-top: 5px;\">\n    <img decoding=\"async\" class=\"wp-image-17212 alignleft\" style=\"height: 45px; margin: 8px 8px 0px;\" src=\"http:\/\/jackpotlotteryonline.com\/wp-content\/uploads\/2022\/11\/read1.jpg\" alt=\"Les mer\" width=\"\" height=\"\" \/>\n  <\/div>\n<div style=\"padding-left: 5px;\">\n<div style=\"font-size: 1.1em;\">\n      <strong>Hvilket internasjonalt lotteri er best?<\/strong>  <\/p>\n<p style=\"font-size: 0.85em; margin-top: -1.5em;\">Finn ut hvilket internasjonalt lotteri som gir de beste vinnersjansene &#8211; <a href=\"https:\/\/jackpotlotteryonline.com\/which-international-lottery-is-the-best\">Les mer<\/a><\/p>\n<\/p><\/div>\n<\/p><\/div>\n<\/section>\n<h2>Hvordan spille UK Lotto?<\/h2>\n<p><img loading=\"lazy\" decoding=\"async\" class=\"alignright size-full wp-image-27482\" src=\"http:\/\/jackpotlotteryonline.com\/wp-content\/uploads\/2022\/11\/1_lottery_jackpot3.jpg\" alt=\"Spille UK Lotto\" width=\"245\" height=\"123\" \/><br \/>\nSom de fleste lotterier m\u00e5 du velge 6 tall mellom 1 og 49. Under trekningen trekkes ogs\u00e5 et bonusnummer, som kan p\u00e5virke gevinstene. Vi anbefaler ikke dette lotteriet som den beste muligheten, siden selv om du f\u00e5r alle tallene riktig, er det ikke garantert hvor mye du vil vinne.  <\/p>\n<p>P\u00e5 v\u00e5r nettside kan du ogs\u00e5 spille andre spill som Powerball og Mega Millions, som har jackpotter p\u00e5 minst 40 millioner dollar. Andre europeiske lotterier, som Euromillions og Eurojackpot, er ogs\u00e5 tilgjengelige.  <\/p>\n<h2>Trekninger<\/h2>\n<p>Trekningene i UK Lotto finner sted to ganger i uken, p\u00e5 onsdager og l\u00f8rdager. Du kan kj\u00f8pe en billett til \u00e9n trekning eller flere trekninger for \u00e5 \u00f8ke vinnersjansene dine.  <\/p>\n<h2>Gevinster<\/h2>\n<p>For \u00e5 vinne en premie i dette lotteriet m\u00e5 du matche minst tre tall. Jackpoten er vanligvis rundt \u00a33 000 000, men kan v\u00e6re h\u00f8yere eller lavere. For \u00e5 vinne m\u00e5 du matche alle 6 hovedtallene.  <\/p>\n<p>Det finnes ogs\u00e5 andre premiekategorier, som vi vil g\u00e5 gjennom nedenfor.  <\/p>\n<h2>Premiekategorier<\/h2>\n<p>Her er en eksempelvis fordeling av premier for en trekning. Merk at alle premier er prosentandeler av premiefondet, noe som betyr at hvis det er flere vinnere, vil premiene deles mellom dem.  <\/p>\n<p>&#8211; **Kategori 1:** 6 riktige tall \u2013 \u00a32 000 000 (jackpot)<br \/>\n&#8211; **Kategori 2:** 5 riktige tall + bonusnummer \u2013 \u00a31 000 000<br \/>\n&#8211; **Kategori 3:** 5 riktige tall \u2013 \u00a31 750<br \/>\n&#8211; **Kategori 4:** 4 riktige tall \u2013 \u00a3140<br \/>\n&#8211; **Kategori 5:** 3 riktige tall \u2013 \u00a330<br \/>\n&#8211; **Kategori 6:** 2 riktige tall \u2013 Gratis &#8220;Lucky Dip&#8221;-billett  <\/p>\n<h2>Hvordan kreve gevinsten?<\/h2>\n<ul>\n<li>Du m\u00e5 v\u00e6re minst 18 \u00e5r for \u00e5 spille.<\/li>\n<li>Gevinster m\u00e5 kreves innen 180 dager etter trekningen.<\/li>\n<li>Hvis du vinner p\u00e5 et skrapelodd, m\u00e5 gevinsten kreves innen 180 dager etter kj\u00f8p.<\/li>\n<\/ul>\n<h2>Hvordan sjekke resultatene?<\/h2>\n<p><img loading=\"lazy\" decoding=\"async\" class=\"alignright size-medium wp-image-27563\" src=\"http:\/\/jackpotlotteryonline.com\/wp-content\/uploads\/2022\/11\/1_lottery_numbers_draw_results-300x201.jpg\" alt=\"Sjekke resultater\" width=\"300\" height=\"201\" srcset=\"https:\/\/jackpotlotteryonline.com\/wp-content\/uploads\/2022\/11\/1_lottery_numbers_draw_results-300x201.jpg 300w, https:\/\/jackpotlotteryonline.com\/wp-content\/uploads\/2022\/11\/1_lottery_numbers_draw_results.jpg 320w\" sizes=\"auto, (max-width: 300px) 100vw, 300px\" \/><br \/>\nDen enkleste m\u00e5ten \u00e5 sjekke resultatene p\u00e5 er \u00e5 bes\u00f8ke denne siden etter hver trekning. Vi publiserer vinnertallene umiddelbart etter trekningen.  <\/p>\n<h2>Hvorfor spille med oss?<\/h2>\n<ul>\n<li>Du kan spille flere internasjonale lotterier p\u00e5 ett sted.<\/li>\n<li>Resultatene er tilgjengelige umiddelbart etter trekningen.<\/li>\n<li>Hvis du vinner en premie, blir du varslet via e-post.<\/li>\n<li>Du kan enkelt kreve gevinstene dine.<\/li>\n<\/ul>\n<p>Registrer deg i dag og begynn \u00e5 spille!<\/p>\n","protected":false},"excerpt":{"rendered":"<p>UK Lotto er et spennende spill som kan gj\u00f8re spillere til million\u00e6rer. Dette lotteriet er popul\u00e6rt i Storbritannia, men ikke s\u00e5 kjent internasjonalt. Hvis du vil pr\u00f8ve et internasjonalt lotteri, er dette en av mulighetene du kan vurdere. Vi kan ikke garantere gevinst, men det er enkelt \u00e5 velge tall. En ting du b\u00f8r vite [&hellip;]<\/p>\n","protected":false},"author":7,"featured_media":0,"parent":74032,"menu_order":10,"comment_status":"closed","ping_status":"closed","template":"lotto-uk-results.php","meta":{"_et_pb_use_builder":"","_et_pb_old_content":"","_et_gb_content_width":"","exclude_from_search":false,"footnotes":""},"class_list":["post-74262","page","type-page","status-publish","hentry"],"yoast_head":"<!-- This site is optimized with the Yoast SEO plugin v23.3 - https:\/\/yoast.com\/wordpress\/plugins\/seo\/ -->\n<title>Vinnende numre og trekningresultater for UK Lotto<\/title>\n<meta name=\"description\" content=\"Rett etter trekningen finner du alle resultater og vinnertall for UK Lotto her\" \/>\n<meta name=\"robots\" content=\"index, follow, max-snippet:-1, max-image-preview:large, max-video-preview:-1\" \/>\n<link rel=\"canonical\" href=\"https:\/\/jackpotlotteryonline.com\/no\/lotterieresultater\/uk-lotto-resultater\/\" \/>\n<meta property=\"og:locale\" content=\"nb_NO\" \/>\n<meta property=\"og:type\" content=\"article\" \/>\n<meta property=\"og:title\" content=\"Vinnende numre og trekningresultater for UK Lotto\" \/>\n<meta property=\"og:description\" content=\"Rett etter trekningen finner du alle resultater og vinnertall for UK Lotto her\" \/>\n<meta property=\"og:url\" content=\"https:\/\/jackpotlotteryonline.com\/no\/lotterieresultater\/uk-lotto-resultater\/\" \/>\n<meta property=\"og:site_name\" content=\"Lotto Online - Crack The International Lottery Jackpots\" \/>\n<meta property=\"og:image\" content=\"http:\/\/jackpotlotteryonline.com\/wp-content\/uploads\/2022\/11\/read1.jpg\" \/>\n<meta name=\"twitter:card\" content=\"summary_large_image\" \/>\n<!-- \/ Yoast SEO plugin. -->","yoast_head_json":{"title":"Vinnende numre og trekningresultater for UK Lotto","description":"Rett etter trekningen finner du alle resultater og vinnertall for UK Lotto her","robots":{"index":"index","follow":"follow","max-snippet":"max-snippet:-1","max-image-preview":"max-image-preview:large","max-video-preview":"max-video-preview:-1"},"canonical":"https:\/\/jackpotlotteryonline.com\/no\/lotterieresultater\/uk-lotto-resultater\/","og_locale":"nb_NO","og_type":"article","og_title":"Vinnende numre og trekningresultater for UK Lotto","og_description":"Rett etter trekningen finner du alle resultater og vinnertall for UK Lotto her","og_url":"https:\/\/jackpotlotteryonline.com\/no\/lotterieresultater\/uk-lotto-resultater\/","og_site_name":"Lotto Online - Crack The International Lottery Jackpots","og_image":[{"url":"http:\/\/jackpotlotteryonline.com\/wp-content\/uploads\/2022\/11\/read1.jpg"}],"twitter_card":"summary_large_image","schema":{"@context":"https:\/\/schema.org","@graph":[{"@type":"WebPage","@id":"https:\/\/jackpotlotteryonline.com\/no\/lotterieresultater\/uk-lotto-resultater\/","url":"https:\/\/jackpotlotteryonline.com\/no\/lotterieresultater\/uk-lotto-resultater\/","name":"Vinnende numre og trekningresultater for UK Lotto","isPartOf":{"@id":"https:\/\/jackpotlotteryonline.com\/#website"},"primaryImageOfPage":{"@id":"https:\/\/jackpotlotteryonline.com\/no\/lotterieresultater\/uk-lotto-resultater\/#primaryimage"},"image":{"@id":"https:\/\/jackpotlotteryonline.com\/no\/lotterieresultater\/uk-lotto-resultater\/#primaryimage"},"thumbnailUrl":"http:\/\/jackpotlotteryonline.com\/wp-content\/uploads\/2022\/11\/read1.jpg","datePublished":"2025-02-06T06:26:23+00:00","dateModified":"2025-02-06T06:26:23+00:00","description":"Rett etter trekningen finner du alle resultater og vinnertall for UK Lotto her","breadcrumb":{"@id":"https:\/\/jackpotlotteryonline.com\/no\/lotterieresultater\/uk-lotto-resultater\/#breadcrumb"},"inLanguage":"nb-NO","potentialAction":[{"@type":"ReadAction","target":["https:\/\/jackpotlotteryonline.com\/no\/lotterieresultater\/uk-lotto-resultater\/"]}]},{"@type":"ImageObject","inLanguage":"nb-NO","@id":"https:\/\/jackpotlotteryonline.com\/no\/lotterieresultater\/uk-lotto-resultater\/#primaryimage","url":"http:\/\/jackpotlotteryonline.com\/wp-content\/uploads\/2022\/11\/read1.jpg","contentUrl":"http:\/\/jackpotlotteryonline.com\/wp-content\/uploads\/2022\/11\/read1.jpg"},{"@type":"BreadcrumbList","@id":"https:\/\/jackpotlotteryonline.com\/no\/lotterieresultater\/uk-lotto-resultater\/#breadcrumb","itemListElement":[{"@type":"ListItem","position":1,"name":"Home","item":"https:\/\/jackpotlotteryonline.com\/no\/"},{"@type":"ListItem","position":2,"name":"Lotterieresultater","item":"https:\/\/jackpotlotteryonline.com\/no\/lotterieresultater\/"},{"@type":"ListItem","position":3,"name":"UK Lotto-resultater"}]},{"@type":"WebSite","@id":"https:\/\/jackpotlotteryonline.com\/#website","url":"https:\/\/jackpotlotteryonline.com\/","name":"Lotto Online - Crack The International Lottery Jackpots","description":"","potentialAction":[{"@type":"SearchAction","target":{"@type":"EntryPoint","urlTemplate":"https:\/\/jackpotlotteryonline.com\/?s={search_term_string}"},"query-input":"required name=search_term_string"}],"inLanguage":"nb-NO"}]}},"_links":{"self":[{"href":"https:\/\/jackpotlotteryonline.com\/no\/wp-json\/wp\/v2\/pages\/74262","targetHints":{"allow":["GET"]}}],"collection":[{"href":"https:\/\/jackpotlotteryonline.com\/no\/wp-json\/wp\/v2\/pages"}],"about":[{"href":"https:\/\/jackpotlotteryonline.com\/no\/wp-json\/wp\/v2\/types\/page"}],"author":[{"embeddable":true,"href":"https:\/\/jackpotlotteryonline.com\/no\/wp-json\/wp\/v2\/users\/7"}],"replies":[{"embeddable":true,"href":"https:\/\/jackpotlotteryonline.com\/no\/wp-json\/wp\/v2\/comments?post=74262"}],"version-history":[{"count":0,"href":"https:\/\/jackpotlotteryonline.com\/no\/wp-json\/wp\/v2\/pages\/74262\/revisions"}],"up":[{"embeddable":true,"href":"https:\/\/jackpotlotteryonline.com\/no\/wp-json\/wp\/v2\/pages\/74032"}],"wp:attachment":[{"href":"https:\/\/jackpotlotteryonline.com\/no\/wp-json\/wp\/v2\/media?parent=74262"}],"curies":[{"name":"wp","href":"https:\/\/api.w.org\/{rel}","templated":true}]}}