{"id":74280,"date":"2025-02-06T06:43:05","date_gmt":"2025-02-06T06:43:05","guid":{"rendered":"https:\/\/jackpotlotteryonline.com\/?page_id=74280"},"modified":"2025-02-06T06:43:05","modified_gmt":"2025-02-06T06:43:05","slug":"eurojackpot-trekning-resultater","status":"publish","type":"page","link":"https:\/\/jackpotlotteryonline.com\/no\/lotterieresultater\/eurojackpot-trekning-resultater\/","title":{"rendered":"Eurojackpot trekning resultater"},"content":{"rendered":"<p><span style=\"font-weight: 400;\">Hvordan sjekker du de vinnende tallene for Eurojackpot-lotteriet? Som et av de mest popul\u00e6re lotteriene i Europa, er spillere overalt ivrige etter muligheten til \u00e5 vinne stort. Hvis du bor utenfor Europa, kan du ogs\u00e5 kj\u00f8pe billetter til lotteriet og sjekke trekningens resultater online.<\/span><\/p>\n<p><span style=\"font-weight: 400;\"><a href=\"https:\/\/jackpotlotteryonline.com\">jackpotlotteryonline.com<\/a> gir deg tilgang til de beste internasjonale lotteriene verden over. Vi tilbyr en enkel og praktisk m\u00e5te \u00e5 spille lotteriet og sjekke trekningene p\u00e5 ett sted.<\/span><\/p>\n<h2><span style=\"font-weight: 400;\">Hva er den vinnende kombinasjonen?<\/span><\/h2>\n<p><img loading=\"lazy\" decoding=\"async\" class=\"alignright wp-image-28751 size-full\" src=\"http:\/\/jackpotlotteryonline.com\/wp-content\/uploads\/2022\/11\/1_online_ticket_eurojackpot.jpg\" alt=\"Eurojackpot vinnertall\" width=\"300\" height=\"210\" \/><span style=\"font-weight: 400;\">De fleste <a href=\"https:\/\/jackpotlotteryonline.com\/play-online\/eurojackpot\">spiller lotteri<\/a> for en sjanse til \u00e5 vinne stort, og spillere elsker Eurojackpot av flere grunner. En av dem er de h\u00f8ye vinnersjansene. Dette lotteriet har produsert mange million\u00e6rer siden det ble lansert.<\/span><\/p>\n<p><span style=\"font-weight: 400;\">Grunnleggende er det billetten som matcher de trekkede tallene som vinner. Hvis du spiller online, m\u00e5 du velge 5 tall mellom 1 og 50 og 2 andre mellom 1 og 12. Den som matcher de syv trekkede tallene vinner hovedpremien.<\/span><\/p>\n<p><span style=\"font-weight: 400;\">N\u00e5r du velger tallene dine, kan du enten velge de som er spesielle for deg eller tilfeldige tall. Noen spillere foretrekker \u00e5 bruke v\u00e5r auto-generator for \u00e5 velge tilfeldig. Det viktigste er \u00e5 kj\u00f8pe billetten din f\u00f8r trekningene.<\/span><\/p>\n<h2><span style=\"font-weight: 400;\">Hvordan sjekke trekningens resultater<\/span><\/h2>\n<p><span style=\"font-weight: 400;\">Dette europeiske lotteriet har to trekningdager, tirsdag og fredag hver uke. Resultatene fra trekningen blir ofte annonsert p\u00e5 et direktesendt show. Imidlertid kan det bli litt ubeleilig \u00e5 vente p\u00e5 \u00e5 se trekningen live, spesielt hvis det krasjer med en viktig hendelse eller jobben din. Derfor er det fantastisk \u00e5 spille lotteri med oss.<\/span><\/p>\n<p><span style=\"font-weight: 400;\">N\u00e5r du spiller med oss, trenger du bare \u00e5 sjekke tilbake for \u00e5 finne ut av trekningens resultater. Det er fordi vi publiserer resultatene her p\u00e5 v\u00e5r nettside.<\/span><\/p>\n<p><span style=\"font-weight: 400;\">Ogs\u00e5, hvis du vinner en premie, vil vi varsle deg s\u00e5 snart du vinner via e-post. Og n\u00e5r du logger inn p\u00e5 kontoen din p\u00e5 v\u00e5r plattform, vil du f\u00e5 et varsel. \u00c5 spille lotteri er enda lettere og mer praktisk n\u00e5r du kj\u00f8per billettene dine fra oss.<\/span><\/p>\n<h2><span style=\"font-weight: 400;\">Hva skal du gj\u00f8re n\u00e5r du vinner<\/span><\/h2>\n<p><span style=\"font-weight: 400;\">Vi elsker n\u00e5r kundene v\u00e5re vinner p\u00e5 lotteriet, fordi det er derfor vi er her i utgangspunktet. For \u00e5 gi spillere overalt tilgang til de beste internasjonale lotteriene fra komforten av deres datamaskiner eller mobile enheter.<\/span><\/p>\n<p><span style=\"font-weight: 400;\">S\u00e5, hvis du vinner en premie, vil vi ikke bare varsle deg, men du kan enkelt ta ut gevinstene dine fra v\u00e5r plattform. Det er riktig. Du trenger ikke \u00e5 g\u00e5 noe sted for \u00e5 f\u00e5 tilgang til lotterigevinsten din, bare ta den direkte til kontoen din.<\/span><\/p>\n<p><span style=\"font-weight: 400;\">Vi b\u00f8r imidlertid nevne at n\u00e5r gevinsten er over et visst bel\u00f8p, kan du m\u00e5tte fylle ut et kravskjema. Dette er for \u00e5 hjelpe deg med \u00e5 f\u00e5 gevinsten din fra lotteriselskapet. Men vi er her for \u00e5 hjelpe deg og gj\u00f8re prosessen s\u00e5 enkel og ukomplisert som mulig.<\/span><\/p>\n<section class=\"layout\" style=\"border: solid 1px; width: 100%;\">\n<div class=\"img-div\" style=\"margin-top: 5px;\">\n    <img decoding=\"async\" class=\"wp-image-17212 alignleft\" style=\"height: 45px; margin: 8px 8px 0px;\" src=\"http:\/\/jackpotlotteryonline.com\/wp-content\/uploads\/2022\/11\/read1.jpg\" alt=\"les mer\" width=\"\" height=\"\" \/>\n  <\/div>\n<div style=\"padding-left: 5px;\">\n<div style=\"font-size: 1.1em;\">\n      <strong>Hvordan f\u00e5r jeg betalt hvis jeg vinner lotteriet online?<\/strong>  <\/p>\n<p style=\"font-size: 0.85em; margin-top: -1.5em;\">Dette er hvordan du f\u00e5r pengene dine hvis du vinner lotteriet online &#8211;<br \/>\n        <a href=\"https:\/\/jackpotlotteryonline.com\/how-do-i-get-paid-if-i-win-the-lottery-online\">Les mer<\/a><\/p>\n<\/p><\/div>\n<\/p><\/div>\n<\/section>\n<h2><span style=\"font-weight: 400;\">Sjekk dine Eurojackpot vinnertall her<\/span><\/h2>\n<p><span style=\"font-weight: 400;\"><a href=\"https:\/\/jackpotlotteryonline.com\/buy-tickets\/eurojackpot\">Kj\u00f8p dine lotteribilletter<\/a>, delta i trekningene, og sjekk trekningens resultater \u2013 alt p\u00e5 ett sted. Bes\u00f8k jackpotlotteryonline.com i dag.<\/span><\/p>\n","protected":false},"excerpt":{"rendered":"<p>Hvordan sjekker du de vinnende tallene for Eurojackpot-lotteriet? Som et av de mest popul\u00e6re lotteriene i Europa, er spillere overalt ivrige etter muligheten til \u00e5 vinne stort. Hvis du bor utenfor Europa, kan du ogs\u00e5 kj\u00f8pe billetter til lotteriet og sjekke trekningens resultater online. jackpotlotteryonline.com gir deg tilgang til de beste internasjonale lotteriene verden over. [&hellip;]<\/p>\n","protected":false},"author":7,"featured_media":0,"parent":74032,"menu_order":4,"comment_status":"closed","ping_status":"closed","template":"eurojackpot-results.php","meta":{"_et_pb_use_builder":"","_et_pb_old_content":"","_et_gb_content_width":"","exclude_from_search":false,"footnotes":""},"class_list":["post-74280","page","type-page","status-publish","hentry"],"yoast_head":"<!-- This site is optimized with the Yoast SEO plugin v23.3 - https:\/\/yoast.com\/wordpress\/plugins\/seo\/ -->\n<title>Eurojackpot vinnertall og trekningens resultater<\/title>\n<meta name=\"description\" content=\"Vil du vite de vinnende tallene for Eurojackpot? Sjekk alle trekningens resultater for Eurojackpot og mange andre lotterier her!\" \/>\n<meta name=\"robots\" content=\"index, follow, max-snippet:-1, max-image-preview:large, max-video-preview:-1\" \/>\n<link rel=\"canonical\" href=\"https:\/\/jackpotlotteryonline.com\/no\/lotterieresultater\/eurojackpot-trekning-resultater\/\" \/>\n<meta property=\"og:locale\" content=\"nb_NO\" \/>\n<meta property=\"og:type\" content=\"article\" \/>\n<meta property=\"og:title\" content=\"Eurojackpot vinnertall og trekningens resultater\" \/>\n<meta property=\"og:description\" content=\"Vil du vite de vinnende tallene for Eurojackpot? Sjekk alle trekningens resultater for Eurojackpot og mange andre lotterier her!\" \/>\n<meta property=\"og:url\" content=\"https:\/\/jackpotlotteryonline.com\/no\/lotterieresultater\/eurojackpot-trekning-resultater\/\" \/>\n<meta property=\"og:site_name\" content=\"Lotto Online - Crack The International Lottery Jackpots\" \/>\n<meta property=\"og:image\" content=\"http:\/\/jackpotlotteryonline.com\/wp-content\/uploads\/2022\/11\/1_online_ticket_eurojackpot.jpg\" \/>\n<meta name=\"twitter:card\" content=\"summary_large_image\" \/>\n<!-- \/ Yoast SEO plugin. -->","yoast_head_json":{"title":"Eurojackpot vinnertall og trekningens resultater","description":"Vil du vite de vinnende tallene for Eurojackpot? Sjekk alle trekningens resultater for Eurojackpot og mange andre lotterier her!","robots":{"index":"index","follow":"follow","max-snippet":"max-snippet:-1","max-image-preview":"max-image-preview:large","max-video-preview":"max-video-preview:-1"},"canonical":"https:\/\/jackpotlotteryonline.com\/no\/lotterieresultater\/eurojackpot-trekning-resultater\/","og_locale":"nb_NO","og_type":"article","og_title":"Eurojackpot vinnertall og trekningens resultater","og_description":"Vil du vite de vinnende tallene for Eurojackpot? Sjekk alle trekningens resultater for Eurojackpot og mange andre lotterier her!","og_url":"https:\/\/jackpotlotteryonline.com\/no\/lotterieresultater\/eurojackpot-trekning-resultater\/","og_site_name":"Lotto Online - Crack The International Lottery Jackpots","og_image":[{"url":"http:\/\/jackpotlotteryonline.com\/wp-content\/uploads\/2022\/11\/1_online_ticket_eurojackpot.jpg"}],"twitter_card":"summary_large_image","schema":{"@context":"https:\/\/schema.org","@graph":[{"@type":"WebPage","@id":"https:\/\/jackpotlotteryonline.com\/no\/lotterieresultater\/eurojackpot-trekning-resultater\/","url":"https:\/\/jackpotlotteryonline.com\/no\/lotterieresultater\/eurojackpot-trekning-resultater\/","name":"Eurojackpot vinnertall og trekningens resultater","isPartOf":{"@id":"https:\/\/jackpotlotteryonline.com\/#website"},"primaryImageOfPage":{"@id":"https:\/\/jackpotlotteryonline.com\/no\/lotterieresultater\/eurojackpot-trekning-resultater\/#primaryimage"},"image":{"@id":"https:\/\/jackpotlotteryonline.com\/no\/lotterieresultater\/eurojackpot-trekning-resultater\/#primaryimage"},"thumbnailUrl":"http:\/\/jackpotlotteryonline.com\/wp-content\/uploads\/2022\/11\/1_online_ticket_eurojackpot.jpg","datePublished":"2025-02-06T06:43:05+00:00","dateModified":"2025-02-06T06:43:05+00:00","description":"Vil du vite de vinnende tallene for Eurojackpot? Sjekk alle trekningens resultater for Eurojackpot og mange andre lotterier her!","breadcrumb":{"@id":"https:\/\/jackpotlotteryonline.com\/no\/lotterieresultater\/eurojackpot-trekning-resultater\/#breadcrumb"},"inLanguage":"nb-NO","potentialAction":[{"@type":"ReadAction","target":["https:\/\/jackpotlotteryonline.com\/no\/lotterieresultater\/eurojackpot-trekning-resultater\/"]}]},{"@type":"ImageObject","inLanguage":"nb-NO","@id":"https:\/\/jackpotlotteryonline.com\/no\/lotterieresultater\/eurojackpot-trekning-resultater\/#primaryimage","url":"http:\/\/jackpotlotteryonline.com\/wp-content\/uploads\/2022\/11\/1_online_ticket_eurojackpot.jpg","contentUrl":"http:\/\/jackpotlotteryonline.com\/wp-content\/uploads\/2022\/11\/1_online_ticket_eurojackpot.jpg"},{"@type":"BreadcrumbList","@id":"https:\/\/jackpotlotteryonline.com\/no\/lotterieresultater\/eurojackpot-trekning-resultater\/#breadcrumb","itemListElement":[{"@type":"ListItem","position":1,"name":"Home","item":"https:\/\/jackpotlotteryonline.com\/no\/"},{"@type":"ListItem","position":2,"name":"Lotterieresultater","item":"https:\/\/jackpotlotteryonline.com\/no\/lotterieresultater\/"},{"@type":"ListItem","position":3,"name":"Eurojackpot trekning resultater"}]},{"@type":"WebSite","@id":"https:\/\/jackpotlotteryonline.com\/#website","url":"https:\/\/jackpotlotteryonline.com\/","name":"Lotto Online - Crack The International Lottery Jackpots","description":"","potentialAction":[{"@type":"SearchAction","target":{"@type":"EntryPoint","urlTemplate":"https:\/\/jackpotlotteryonline.com\/?s={search_term_string}"},"query-input":"required name=search_term_string"}],"inLanguage":"nb-NO"}]}},"_links":{"self":[{"href":"https:\/\/jackpotlotteryonline.com\/no\/wp-json\/wp\/v2\/pages\/74280","targetHints":{"allow":["GET"]}}],"collection":[{"href":"https:\/\/jackpotlotteryonline.com\/no\/wp-json\/wp\/v2\/pages"}],"about":[{"href":"https:\/\/jackpotlotteryonline.com\/no\/wp-json\/wp\/v2\/types\/page"}],"author":[{"embeddable":true,"href":"https:\/\/jackpotlotteryonline.com\/no\/wp-json\/wp\/v2\/users\/7"}],"replies":[{"embeddable":true,"href":"https:\/\/jackpotlotteryonline.com\/no\/wp-json\/wp\/v2\/comments?post=74280"}],"version-history":[{"count":0,"href":"https:\/\/jackpotlotteryonline.com\/no\/wp-json\/wp\/v2\/pages\/74280\/revisions"}],"up":[{"embeddable":true,"href":"https:\/\/jackpotlotteryonline.com\/no\/wp-json\/wp\/v2\/pages\/74032"}],"wp:attachment":[{"href":"https:\/\/jackpotlotteryonline.com\/no\/wp-json\/wp\/v2\/media?parent=74280"}],"curies":[{"name":"wp","href":"https:\/\/api.w.org\/{rel}","templated":true}]}}