{"id":74299,"date":"2025-02-06T07:06:30","date_gmt":"2025-02-06T07:06:30","guid":{"rendered":"https:\/\/jackpotlotteryonline.com\/?page_id=74299"},"modified":"2025-02-06T07:06:30","modified_gmt":"2025-02-06T07:06:30","slug":"superenalotto-trekkningsresultater","status":"publish","type":"page","link":"https:\/\/jackpotlotteryonline.com\/no\/lotterieresultater\/superenalotto-trekkningsresultater\/","title":{"rendered":"Superenalotto trekkningsresultater"},"content":{"rendered":"<p><span style=\"font-weight: 400;\">Superenalotto er nasjonal-lotteriet i Italia og er et popul\u00e6rt lotteri blant spillere i landet. Hvis du spiller fra utenfor Italia, er det en god id\u00e9 \u00e5 finne ut hvordan du kan sjekke de vinnende tallene. Fortsett \u00e5 lese for \u00e5 finne ut mer.<\/span><\/p>\n<h2><span style=\"font-weight: 400;\">Trinn for \u00e5 spille Superenalotto online<\/span><\/h2>\n<p><span style=\"font-weight: 400;\"><a href=\"https:\/\/jackpotlotteryonline.com\/play-online\/superenalotto\">\u00c5 spille Superenalotto online<\/a> er som \u00e5 spille offline, men med st\u00f8rre bekvemmelighet og enkelhet. N\u00e5r du g\u00e5r til Superenalotto-siden p\u00e5 jackpotlotteryonline.com, kan du velge 6 tall fra 1 til 90. Deretter velger du antall trekninger du \u00f8nsker \u00e5 delta i, og du kan melde deg p\u00e5 opptil 5 uker p\u00e5 forh\u00e5nd. Jo flere trekninger du deltar i, desto h\u00f8yere er sjansene for \u00e5 vinne.<\/span><\/p>\n<p><span style=\"font-weight: 400;\">Superenalotto har fire trekninger i uken, p\u00e5 tirsdager, torsdager, fredager og l\u00f8rdager. S\u00e5 du kan delta i en eller alle. Du kan velge et SuperStar-tall for \u00e5 forbedre oddsene dine for \u00e5 vinne lotteriet. Det finnes ogs\u00e5 et &#8220;Jolly-tall&#8221; som er fra 1 til 90, og brukes til \u00e5 bestemme vinneren av andre premieklassen.<\/span><\/p>\n<h2><span style=\"font-weight: 400;\">Hvordan sjekke dine vinnende tall<\/span><\/h2>\n<p><span style=\"font-weight: 400;\"><img loading=\"lazy\" decoding=\"async\" class=\"alignright size-full wp-image-31316\" src=\"http:\/\/jackpotlotteryonline.com\/wp-content\/uploads\/2022\/11\/logo_superenalotto.png\" alt=\"SuperEnalotto vinnertall\" width=\"200\" height=\"212\" \/>Det finnes flere m\u00e5ter \u00e5 sjekke de vinnende tallene p\u00e5 n\u00e5r du spiller Superenalotto. Selv om du kan se trekningene live p\u00e5 TV, er dette bare mulig hvis du bor i Italia og snakker italiensk. Heldigvis kan du ogs\u00e5 sjekke de vinnende tallene online etter trekningene. De fleste nyhetssider vil publisere trekningens resultater.<\/span><\/p>\n<p><span style=\"font-weight: 400;\">Det er noen problemer med det, dog. F\u00f8rst og fremst kan du lett glemme \u00e5 sjekke trekningens resultater. Det finnes historier om jackpotgevinster som forble uavhentet, trolig fordi vinnerne glemte \u00e5 sjekke billettene sine. I tillegg publiserer mange nettsteder bare de vinnende tallene for f\u00f8rste premieklasse. De fleste lotterier har flere premieklasser.<\/span><\/p>\n<p><span style=\"font-weight: 400;\">Hvis du spiller Superenalotto hos oss, trenger du ikke bekymre deg for \u00e5 g\u00e5 glipp av noen premie. Ikke bare vil vi informere deg s\u00e5 snart du vinner en premie, men du vil ogs\u00e5 f\u00e5 et varsel n\u00e5r du logger inn. I tillegg publiserer vi lotteriresultatene umiddelbart etter trekningene her p\u00e5 nettstedet v\u00e5rt. S\u00e5 kom tilbake etter trekningene for \u00e5 se om du har de vinnende tallene for Superenalotto.<\/span><\/p>\n<h2><span style=\"font-weight: 400;\">Superenalotto premieklasser<\/span><\/h2>\n<p><span style=\"font-weight: 400;\">Vi har allerede nevnt at Superenalotto-lotteriet har en jackpotpremie p\u00e5 2 millioner euro. Men visste du at det ikke er noe tak p\u00e5 jackpotbel\u00f8pet? Det betyr at hvis det ikke er noen vinner etter en trekning, fortsetter premien \u00e5 rulle over til det er en vinner. Jackpoten rullet over s\u00e5 mange ganger i 2019 at den n\u00e5dde et rekordbel\u00f8p p\u00e5 209,1 millioner euro.<\/span><\/p>\n<p><span style=\"font-weight: 400;\">I tillegg til jackpoten, som er premien for f\u00f8rste premieklasse, finnes det andre premier som en spiller kan vinne. Premiene bestemmes av premiepotten, s\u00e5 det er ikke et fast bel\u00f8p. Vi vil likevel dele gjennomsnittsbel\u00f8pet per trekning.<\/span><\/p>\n<p><span style=\"font-weight: 400;\">6 tall &#8211; \u20ac92,056,091.66<\/span><\/p>\n<p><span style=\"font-weight: 400;\">5 tall + Jolly nummer &#8211; \u20ac594,951.95<\/span><\/p>\n<p><span style=\"font-weight: 400;\">5 tall &#8211; \u20ac49,736.38<\/span><\/p>\n<p><span style=\"font-weight: 400;\">4 tall &#8211; \u20ac354.83<\/span><\/p>\n<p><span style=\"font-weight: 400;\">3 tall &#8211; \u20ac27.15<\/span><\/p>\n<p><span style=\"font-weight: 400;\">2 tall &#8211; \u20ac5.48<\/span><\/p>\n<section class=\"layout\" style=\"border: solid 1px; width: 100%;\">\n<div class=\"img-div\" style=\"margin-top: 5px;\">\n    <img decoding=\"async\" class=\"wp-image-17212 alignleft\" style=\"height: 45px; margin: 8px 8px 0px;\" src=\"http:\/\/jackpotlotteryonline.com\/wp-content\/uploads\/2022\/11\/read1.jpg\" alt=\"read\" width=\"\" height=\"\" \/>\n  <\/div>\n<div style=\"padding-left: 5px;\">\n<div style=\"font-size: 1.1em;\">\n      <strong>Lotteriene med de beste sjansene for at du skal vinne stort<\/strong><\/p>\n<p style=\"font-size: 0.85em; margin-top: -1.5em;\">Hvilket lotteri har de beste vinnersjansene?<br \/>\n        <a href=\"https:\/\/jackpotlotteryonline.com\/which-lottery-has-the-best-winning-chances\"> Les mer<\/a><\/p>\n<\/p><\/div>\n<\/p><\/div>\n<\/section>\n<h2><span style=\"font-weight: 400;\">Hvordan hente ut Superenalotto-gevinsten din<\/span><\/h2>\n<p><span style=\"font-weight: 400;\">Siden du spiller Superenalotto online, er det naturlig \u00e5 undre seg over hva som skjer n\u00e5r du vinner en premie. Her vil vi dele med deg hvordan du kan hente ut Superenalotto-gevinsten din, selv om du bor utenfor Italia.<\/span><\/p>\n","protected":false},"excerpt":{"rendered":"<p>Superenalotto er nasjonal-lotteriet i Italia og er et popul\u00e6rt lotteri blant spillere i landet. Hvis du spiller fra utenfor Italia, er det en god id\u00e9 \u00e5 finne ut hvordan du kan sjekke de vinnende tallene. Fortsett \u00e5 lese for \u00e5 finne ut mer. Trinn for \u00e5 spille Superenalotto online \u00c5 spille Superenalotto online er som [&hellip;]<\/p>\n","protected":false},"author":7,"featured_media":0,"parent":74032,"menu_order":5,"comment_status":"closed","ping_status":"closed","template":"superenalotto-results.php","meta":{"_et_pb_use_builder":"","_et_pb_old_content":"","_et_gb_content_width":"","exclude_from_search":false,"footnotes":""},"class_list":["post-74299","page","type-page","status-publish","hentry"],"yoast_head":"<!-- This site is optimized with the Yoast SEO plugin v23.3 - https:\/\/yoast.com\/wordpress\/plugins\/seo\/ -->\n<title>Superenalotto vinnertall og trekkningsresultater<\/title>\n<meta name=\"description\" content=\"F\u00e5 trekningens resultater og vinnertall for Italias Superenalotto, med daglige oppdateringer her p\u00e5 v\u00e5r lotterinettsted.\" \/>\n<meta name=\"robots\" content=\"index, follow, max-snippet:-1, max-image-preview:large, max-video-preview:-1\" \/>\n<link rel=\"canonical\" href=\"https:\/\/jackpotlotteryonline.com\/no\/lotterieresultater\/superenalotto-trekkningsresultater\/\" \/>\n<meta property=\"og:locale\" content=\"nb_NO\" \/>\n<meta property=\"og:type\" content=\"article\" \/>\n<meta property=\"og:title\" content=\"Superenalotto vinnertall og trekkningsresultater\" \/>\n<meta property=\"og:description\" content=\"F\u00e5 trekningens resultater og vinnertall for Italias Superenalotto, med daglige oppdateringer her p\u00e5 v\u00e5r lotterinettsted.\" \/>\n<meta property=\"og:url\" content=\"https:\/\/jackpotlotteryonline.com\/no\/lotterieresultater\/superenalotto-trekkningsresultater\/\" \/>\n<meta property=\"og:site_name\" content=\"Lotto Online - Crack The International Lottery Jackpots\" \/>\n<meta property=\"og:image\" content=\"http:\/\/jackpotlotteryonline.com\/wp-content\/uploads\/2022\/11\/logo_superenalotto.png\" \/>\n<meta name=\"twitter:card\" content=\"summary_large_image\" \/>\n<!-- \/ Yoast SEO plugin. -->","yoast_head_json":{"title":"Superenalotto vinnertall og trekkningsresultater","description":"F\u00e5 trekningens resultater og vinnertall for Italias Superenalotto, med daglige oppdateringer her p\u00e5 v\u00e5r lotterinettsted.","robots":{"index":"index","follow":"follow","max-snippet":"max-snippet:-1","max-image-preview":"max-image-preview:large","max-video-preview":"max-video-preview:-1"},"canonical":"https:\/\/jackpotlotteryonline.com\/no\/lotterieresultater\/superenalotto-trekkningsresultater\/","og_locale":"nb_NO","og_type":"article","og_title":"Superenalotto vinnertall og trekkningsresultater","og_description":"F\u00e5 trekningens resultater og vinnertall for Italias Superenalotto, med daglige oppdateringer her p\u00e5 v\u00e5r lotterinettsted.","og_url":"https:\/\/jackpotlotteryonline.com\/no\/lotterieresultater\/superenalotto-trekkningsresultater\/","og_site_name":"Lotto Online - Crack The International Lottery Jackpots","og_image":[{"url":"http:\/\/jackpotlotteryonline.com\/wp-content\/uploads\/2022\/11\/logo_superenalotto.png"}],"twitter_card":"summary_large_image","schema":{"@context":"https:\/\/schema.org","@graph":[{"@type":"WebPage","@id":"https:\/\/jackpotlotteryonline.com\/no\/lotterieresultater\/superenalotto-trekkningsresultater\/","url":"https:\/\/jackpotlotteryonline.com\/no\/lotterieresultater\/superenalotto-trekkningsresultater\/","name":"Superenalotto vinnertall og trekkningsresultater","isPartOf":{"@id":"https:\/\/jackpotlotteryonline.com\/#website"},"primaryImageOfPage":{"@id":"https:\/\/jackpotlotteryonline.com\/no\/lotterieresultater\/superenalotto-trekkningsresultater\/#primaryimage"},"image":{"@id":"https:\/\/jackpotlotteryonline.com\/no\/lotterieresultater\/superenalotto-trekkningsresultater\/#primaryimage"},"thumbnailUrl":"http:\/\/jackpotlotteryonline.com\/wp-content\/uploads\/2022\/11\/logo_superenalotto.png","datePublished":"2025-02-06T07:06:30+00:00","dateModified":"2025-02-06T07:06:30+00:00","description":"F\u00e5 trekningens resultater og vinnertall for Italias Superenalotto, med daglige oppdateringer her p\u00e5 v\u00e5r lotterinettsted.","breadcrumb":{"@id":"https:\/\/jackpotlotteryonline.com\/no\/lotterieresultater\/superenalotto-trekkningsresultater\/#breadcrumb"},"inLanguage":"nb-NO","potentialAction":[{"@type":"ReadAction","target":["https:\/\/jackpotlotteryonline.com\/no\/lotterieresultater\/superenalotto-trekkningsresultater\/"]}]},{"@type":"ImageObject","inLanguage":"nb-NO","@id":"https:\/\/jackpotlotteryonline.com\/no\/lotterieresultater\/superenalotto-trekkningsresultater\/#primaryimage","url":"http:\/\/jackpotlotteryonline.com\/wp-content\/uploads\/2022\/11\/logo_superenalotto.png","contentUrl":"http:\/\/jackpotlotteryonline.com\/wp-content\/uploads\/2022\/11\/logo_superenalotto.png"},{"@type":"BreadcrumbList","@id":"https:\/\/jackpotlotteryonline.com\/no\/lotterieresultater\/superenalotto-trekkningsresultater\/#breadcrumb","itemListElement":[{"@type":"ListItem","position":1,"name":"Home","item":"https:\/\/jackpotlotteryonline.com\/no\/"},{"@type":"ListItem","position":2,"name":"Lotterieresultater","item":"https:\/\/jackpotlotteryonline.com\/no\/lotterieresultater\/"},{"@type":"ListItem","position":3,"name":"Superenalotto trekkningsresultater"}]},{"@type":"WebSite","@id":"https:\/\/jackpotlotteryonline.com\/#website","url":"https:\/\/jackpotlotteryonline.com\/","name":"Lotto Online - Crack The International Lottery Jackpots","description":"","potentialAction":[{"@type":"SearchAction","target":{"@type":"EntryPoint","urlTemplate":"https:\/\/jackpotlotteryonline.com\/?s={search_term_string}"},"query-input":"required name=search_term_string"}],"inLanguage":"nb-NO"}]}},"_links":{"self":[{"href":"https:\/\/jackpotlotteryonline.com\/no\/wp-json\/wp\/v2\/pages\/74299","targetHints":{"allow":["GET"]}}],"collection":[{"href":"https:\/\/jackpotlotteryonline.com\/no\/wp-json\/wp\/v2\/pages"}],"about":[{"href":"https:\/\/jackpotlotteryonline.com\/no\/wp-json\/wp\/v2\/types\/page"}],"author":[{"embeddable":true,"href":"https:\/\/jackpotlotteryonline.com\/no\/wp-json\/wp\/v2\/users\/7"}],"replies":[{"embeddable":true,"href":"https:\/\/jackpotlotteryonline.com\/no\/wp-json\/wp\/v2\/comments?post=74299"}],"version-history":[{"count":0,"href":"https:\/\/jackpotlotteryonline.com\/no\/wp-json\/wp\/v2\/pages\/74299\/revisions"}],"up":[{"embeddable":true,"href":"https:\/\/jackpotlotteryonline.com\/no\/wp-json\/wp\/v2\/pages\/74032"}],"wp:attachment":[{"href":"https:\/\/jackpotlotteryonline.com\/no\/wp-json\/wp\/v2\/media?parent=74299"}],"curies":[{"name":"wp","href":"https:\/\/api.w.org\/{rel}","templated":true}]}}