{"id":74312,"date":"2025-02-06T07:27:20","date_gmt":"2025-02-06T07:27:20","guid":{"rendered":"https:\/\/jackpotlotteryonline.com\/?page_id=74312"},"modified":"2025-02-06T07:27:20","modified_gmt":"2025-02-06T07:27:20","slug":"el-gordo-trekningresultater","status":"publish","type":"page","link":"https:\/\/jackpotlotteryonline.com\/no\/lotterieresultater\/el-gordo-trekningresultater\/","title":{"rendered":"El Gordo trekningresultater"},"content":{"rendered":"<p><span style=\"font-weight: 400;\">Lotto-entusiaster blir oppr\u00f8mt n\u00e5r de h\u00f8rer om El Gordo, ikke bare fordi det er en av de st\u00f8rste europeiske lotteriene. El Gordo er moren til alle lotterier, simpelthen fordi trekningene finner sted \u00e9n gang i \u00e5ret. Faktisk er dette en del av det spanske lotteriet, og hvert \u00e5r holdes det en spesialtrekning til jul. Dette er et arrangement fylt med spenning og dypt forankret i tradisjon. Det bringer familier, nabolag og hele samfunn sammen for \u00e5 feire h\u00f8ytiden. For spillere i Spania er julesesongen tiden for \u00e5 finne de vinnende El Gordo-numrene.<\/span><\/p>\n<p><span style=\"font-weight: 400;\">Vanligvis er El Gordo et lotteri som finner sted i Spania. Det betyr at hvis du ikke bor i det landet, kan det v\u00e6re vanskelig \u00e5 kj\u00f8pe El Gordo-billetter. Dette har endret seg, ettersom du n\u00e5 kan sjekke de vinnende El Gordo-numrene p\u00e5 internett.<\/span><\/p>\n<h2><span style=\"font-weight: 400;\"><img loading=\"lazy\" decoding=\"async\" class=\"alignright wp-image-17870 size-full\" src=\"http:\/\/jackpotlotteryonline.com\/wp-content\/uploads\/2022\/10\/lotto_euros.jpg\" alt=\"win big with El Gordo lotto\" width=\"225\" height=\"134\" \/>Spill El Gordo<\/span><\/h2>\n<p><span style=\"font-weight: 400;\">El Gordo betyr \u201cden store\u201d og er verdens st\u00f8rste jackpot. Det spesielle med dette lotteriet er at jackpoten n\u00e5 vinnes av \u00e9n person. Det er fordi billettene er delt opp i s\u00e5 mange fraksjoner. Faktisk er dette delen av \u00e5 spille El Gordo som kan v\u00e6re litt forvirrende. Hver El Gordo-billett er delt opp i 10 seksjoner, og hver av disse seksjonene er videre delt opp.<\/span><\/p>\n<p><span style=\"font-weight: 400;\">Den billigste El Gordo-billetten du kan kj\u00f8pe, er 1\/100 av en full billett.<\/span><\/p>\n<p><span style=\"font-weight: 400;\">For \u00e5 l\u00e6re mer om <a href=\"https:\/\/jackpotlotteryonline.com\/play-online\/el-gordo\">\u00e5 spille El Gordo<\/a>, bes\u00f8k jackpotlotteryonline.com og <a href=\"https:\/\/jackpotlotteryonline.com\/buy-tickets\/el-gordo\">kj\u00f8p billettene dine n\u00e5<\/a>. \u00c5 spille El Gordo er veldig morsomt, spesielt n\u00e5r du spiller online.<\/span><\/p>\n<h2><span style=\"font-weight: 400;\">Spill online<\/span><\/h2>\n<p><span style=\"font-weight: 400;\">Hvis du er klar til \u00e5 delta i El Gordo-lotteriet, bes\u00f8k nettstedet v\u00e5rt og velg dine vinnende tall. Alt du trenger \u00e5 gj\u00f8re er \u00e5 velge 6 tall fra 1 til 49. Selvf\u00f8lgelig kan du la v\u00e5r auto-picker gj\u00f8re det for deg hvis du ikke har noe spesifikt tall du vil spille. Deretter deltar du i trekningen og venter p\u00e5 de vinnende El Gordo-resultatene.<\/span><\/p>\n<h2><span style=\"font-weight: 400;\">Hvordan vinne El Gordo<\/span><\/h2>\n<p><img loading=\"lazy\" decoding=\"async\" class=\"alignright size-full wp-image-30668\" src=\"http:\/\/jackpotlotteryonline.com\/wp-content\/uploads\/2022\/11\/3_screen_lottery_results_online.jpg\" alt=\"El Gordo drawing results\" width=\"130\" height=\"120\" \/><span style=\"font-weight: 400;\">\u00c5 vinne El Gordo betyr rett og slett at du har den vinnende kombinasjonen. Hvis tallene dine stemmer overens med de som blir trukket, er du vinneren av El Gordo-lotteriet.<\/span><\/p>\n<p><span style=\"font-weight: 400;\">Det er flere strategier spillere bruker for \u00e5 velge vinnende kombinasjoner for El Gordo. En av dem er \u00e5 velge tall som de anser som heldige. For noen er det bursdagene deres eller bursdagene til kj\u00e6re. Det kan v\u00e6re hvilket som helst tall som er spesielt for deg. Andre spillere foretrekker \u00e5 stole helt p\u00e5 tilfeldig genererte tall. Hva du velger, er opp til deg.<\/span><\/p>\n<p><span style=\"font-weight: 400;\">En annen m\u00e5te \u00e5 velge en vinnende kombinasjon for El Gordo p\u00e5 er \u00e5 se p\u00e5 tidligere resultater. Dette vil hjelpe deg, spesielt hvis du er en hyppig spiller. For mange spillere er det alltid en god id\u00e9 \u00e5 kj\u00f8pe flere billetter. Du kan alltid danne en gruppe med venner eller familie og kj\u00f8pe El Gordo-billetter sammen.<\/span><\/p>\n<h2><span style=\"font-weight: 400;\">Hvordan sjekke de vinnende tallene<\/span><\/h2>\n<p><span style=\"font-weight: 400;\">N\u00e5r du har kj\u00f8pt El Gordo-billetten din, er neste steg \u00e5 vente p\u00e5 trekningene for El Gordo. Etter trekningene er det viktig \u00e5 sjekke for de vinnende kombinasjonene. Det er mange historier om jackpots som ikke ble krevd fordi vinnerne aldri sjekket lotteribilletter. Hvis du spiller med oss, trenger du ikke \u00e5 bekymre deg for at det skjer med deg.<\/span><\/p>\n<p><span style=\"font-weight: 400;\">Etter hver trekning publiserer vi de vinnende resultatene her p\u00e5 El Gordo-siden. En av feilene som nye spillere ofte gj\u00f8r, er \u00e5 ikke sjekke om de har vunnet andre premier.<\/span><\/p>\n<p><span style=\"font-weight: 400;\">El Gordo-lotteriet har 17 forskjellige niv\u00e5er av premier, og en spiller kan vinne p\u00e5 hvilket som helst av dem. Hvis du spiller med oss, vil vi informere deg om du har vunnet noen premier. Vi gj\u00f8r det via e-post, og du vil f\u00e5 en varsling n\u00e5r du logger deg p\u00e5 plattformen.<\/span><\/p>\n<h2><span style=\"font-weight: 400;\">Hva skjer hvis du vinner?<\/span><\/h2>\n<p><span style=\"font-weight: 400;\">\u00c5 vinne El Gordo er en fantastisk opplevelse fordi du f\u00f8ler at du har v\u00e6rt en del av noe stort. Litt som \u00e5 v\u00e6re en del av historien som skapes. Det er en enda bedre f\u00f8lelse hvis du kj\u00f8pte El Gordo-billetter med kollegaene dine, venner eller familie. Da kan dere alle feire gevinsten sammen.<\/span><\/p>\n<p><span style=\"font-weight: 400;\">N\u00e5r det er sagt, er det veldig enkelt \u00e5 ta ut gevinstene dine fra El Gordo hvis du spiller p\u00e5 nettstedet v\u00e5rt. Det er bare et sp\u00f8rsm\u00e5l om \u00e5 f\u00e5 ut gevinsten p\u00e5 online-kontoen din. Hvis du vinner mer enn et visst bel\u00f8p, m\u00e5 du kanskje fylle ut et kravskjema for \u00e5 motta gevinsten fra lotteriselskapet. Men det er derfor vi er her, for \u00e5 gj\u00f8re ting enklere for deg.<\/span><\/p>\n<section class=\"layout\" style=\"border: solid 1px; width: 100%;\">\n<div class=\"img-div\" style=\"margin-top: 5px;\">\n    <img decoding=\"async\" class=\"wp-image-17212 alignleft\" style=\"height: 45px; margin: 8px 8px 0px;\" src=\"http:\/\/jackpotlotteryonline.com\/wp-content\/uploads\/2022\/11\/read1.jpg\" alt=\"read\" width=\"\" height=\"\" \/>\n  <\/div>\n<div style=\"padding-left: 5px;\">\n<div style=\"font-size: 1.1em;\">\n      <strong>Skatt p\u00e5 lotterigevinster<\/strong><\/p>\n<p style=\"font-size: 0.85em; margin-top: -1.5em;\">M\u00e5 jeg betale skatt p\u00e5 lotterigevinster? <a href=\"https:\/\/jackpotlotteryonline.com\/do-i-have-to-pay-taxes-on-lottery-winnings\">Les mer<\/a><\/p>\n<\/p><\/div>\n<\/p><\/div>\n<\/section>\n<h2><span style=\"font-weight: 400;\">Hvorfor du b\u00f8r spille El Gordo online med oss<\/span><\/h2>\n<p><span style=\"font-weight: 400;\">Det er mange grunner til at v\u00e5re kunder elsker \u00e5 spille lotteri med oss.<\/span><\/p>\n<ul>\n<li style=\"font-weight: 400;\" aria-level=\"1\"><span style=\"font-weight: 400;\">\u00c5 kj\u00f8pe El Gordo-lotteribilletter er enkelt med bare noen f\u00e5 trykk p\u00e5 mobilen din. Ingen stress og helt praktisk.<\/span><\/li>\n<li style=\"font-weight: 400;\" aria-level=\"1\"><span style=\"font-weight: 400;\">Du kan sjekke de vinnende El Gordo-kombinasjonene akkurat her uten \u00e5 g\u00e5 noe annet sted.<\/span><\/li>\n<li style=\"font-weight: 400;\" aria-level=\"1\"><span style=\"font-weight: 400;\">Vi varsler deg s\u00e5 snart du vinner en premie, uansett bel\u00f8p.<\/span><\/li>\n<li style=\"font-weight: 400;\" aria-level=\"1\"><span style=\"font-weight: 400;\">Hvis du vinner en premie, kan du ta den ut fra plattformen v\u00e5r til kontoen din.<\/span><\/li>\n<\/ul>\n<p><span style=\"font-weight: 400;\">Vi gj\u00f8r det bokstavelig talt enkelt for v\u00e5re kunder \u00e5 ha det g\u00f8y og nyte \u00e5 spille lotteri. Sannheten<\/p>\n<p> er at det er s\u00e5 mange andre vanskelige ting i livet, og \u00e5 vinne p\u00e5 lotteri burde ikke v\u00e6re en av dem.<\/span><\/p>\n<h2><span style=\"font-weight: 400;\">Sjekk de vinnende tallene<\/span><\/h2>\n<p><span style=\"font-weight: 400;\">F\u00f8r du kj\u00f8per billetten din, b\u00f8r du vite at vi gir kundene v\u00e5re den ekte f\u00f8lelsen. N\u00e5r du spiller med oss, satser du ikke bare p\u00e5 utfallet av lotteriet. Vi s\u00f8rger for at du faktisk er med i lotteriet. Vi gj\u00f8r dette gjennom v\u00e5rt konsierge-system, der v\u00e5r agent i Spania kj\u00f8per de riktige numrene for deg.<\/span><\/p>\n<p><span style=\"font-weight: 400;\">N\u00e5r du har de vinnende El Gordo-numrene, betyr det at du har vunnet lotteriet. Det er s\u00e5 enkelt.<\/span><\/p>\n<p><span style=\"font-weight: 400;\">Bes\u00f8k oss i dag og sjekk de vinnende numrene for de st\u00f8rste internasjonale lotteriene akkurat her. Eller kj\u00f8p El Gordo-billetter og sjekk de vinnende numrene.<\/span><\/p>\n","protected":false},"excerpt":{"rendered":"<p>Lotto-entusiaster blir oppr\u00f8mt n\u00e5r de h\u00f8rer om El Gordo, ikke bare fordi det er en av de st\u00f8rste europeiske lotteriene. El Gordo er moren til alle lotterier, simpelthen fordi trekningene finner sted \u00e9n gang i \u00e5ret. Faktisk er dette en del av det spanske lotteriet, og hvert \u00e5r holdes det en spesialtrekning til jul. Dette [&hellip;]<\/p>\n","protected":false},"author":7,"featured_media":0,"parent":74032,"menu_order":6,"comment_status":"closed","ping_status":"closed","template":"el-gordo-results.php","meta":{"_et_pb_use_builder":"","_et_pb_old_content":"","_et_gb_content_width":"","exclude_from_search":false,"footnotes":""},"class_list":["post-74312","page","type-page","status-publish","hentry"],"yoast_head":"<!-- This site is optimized with the Yoast SEO plugin v23.3 - https:\/\/yoast.com\/wordpress\/plugins\/seo\/ -->\n<title>Vinnende numre og trekningresultater for El Gordo<\/title>\n<meta name=\"description\" content=\"Resultater, vinnertall for El Gordo-trekningen \u2013 denne uken samt resultatene fra forrige uke\" \/>\n<meta name=\"robots\" content=\"index, follow, max-snippet:-1, max-image-preview:large, max-video-preview:-1\" \/>\n<link rel=\"canonical\" href=\"https:\/\/jackpotlotteryonline.com\/no\/lotterieresultater\/el-gordo-trekningresultater\/\" \/>\n<meta property=\"og:locale\" content=\"nb_NO\" \/>\n<meta property=\"og:type\" content=\"article\" \/>\n<meta property=\"og:title\" content=\"Vinnende numre og trekningresultater for El Gordo\" \/>\n<meta property=\"og:description\" content=\"Resultater, vinnertall for El Gordo-trekningen \u2013 denne uken samt resultatene fra forrige uke\" \/>\n<meta property=\"og:url\" content=\"https:\/\/jackpotlotteryonline.com\/no\/lotterieresultater\/el-gordo-trekningresultater\/\" \/>\n<meta property=\"og:site_name\" content=\"Lotto Online - Crack The International Lottery Jackpots\" \/>\n<meta property=\"og:image\" content=\"http:\/\/jackpotlotteryonline.com\/wp-content\/uploads\/2022\/10\/lotto_euros.jpg\" \/>\n<meta name=\"twitter:card\" content=\"summary_large_image\" \/>\n<!-- \/ Yoast SEO plugin. -->","yoast_head_json":{"title":"Vinnende numre og trekningresultater for El Gordo","description":"Resultater, vinnertall for El Gordo-trekningen \u2013 denne uken samt resultatene fra forrige uke","robots":{"index":"index","follow":"follow","max-snippet":"max-snippet:-1","max-image-preview":"max-image-preview:large","max-video-preview":"max-video-preview:-1"},"canonical":"https:\/\/jackpotlotteryonline.com\/no\/lotterieresultater\/el-gordo-trekningresultater\/","og_locale":"nb_NO","og_type":"article","og_title":"Vinnende numre og trekningresultater for El Gordo","og_description":"Resultater, vinnertall for El Gordo-trekningen \u2013 denne uken samt resultatene fra forrige uke","og_url":"https:\/\/jackpotlotteryonline.com\/no\/lotterieresultater\/el-gordo-trekningresultater\/","og_site_name":"Lotto Online - Crack The International Lottery Jackpots","og_image":[{"url":"http:\/\/jackpotlotteryonline.com\/wp-content\/uploads\/2022\/10\/lotto_euros.jpg"}],"twitter_card":"summary_large_image","schema":{"@context":"https:\/\/schema.org","@graph":[{"@type":"WebPage","@id":"https:\/\/jackpotlotteryonline.com\/no\/lotterieresultater\/el-gordo-trekningresultater\/","url":"https:\/\/jackpotlotteryonline.com\/no\/lotterieresultater\/el-gordo-trekningresultater\/","name":"Vinnende numre og trekningresultater for El Gordo","isPartOf":{"@id":"https:\/\/jackpotlotteryonline.com\/#website"},"primaryImageOfPage":{"@id":"https:\/\/jackpotlotteryonline.com\/no\/lotterieresultater\/el-gordo-trekningresultater\/#primaryimage"},"image":{"@id":"https:\/\/jackpotlotteryonline.com\/no\/lotterieresultater\/el-gordo-trekningresultater\/#primaryimage"},"thumbnailUrl":"http:\/\/jackpotlotteryonline.com\/wp-content\/uploads\/2022\/10\/lotto_euros.jpg","datePublished":"2025-02-06T07:27:20+00:00","dateModified":"2025-02-06T07:27:20+00:00","description":"Resultater, vinnertall for El Gordo-trekningen \u2013 denne uken samt resultatene fra forrige uke","breadcrumb":{"@id":"https:\/\/jackpotlotteryonline.com\/no\/lotterieresultater\/el-gordo-trekningresultater\/#breadcrumb"},"inLanguage":"nb-NO","potentialAction":[{"@type":"ReadAction","target":["https:\/\/jackpotlotteryonline.com\/no\/lotterieresultater\/el-gordo-trekningresultater\/"]}]},{"@type":"ImageObject","inLanguage":"nb-NO","@id":"https:\/\/jackpotlotteryonline.com\/no\/lotterieresultater\/el-gordo-trekningresultater\/#primaryimage","url":"http:\/\/jackpotlotteryonline.com\/wp-content\/uploads\/2022\/10\/lotto_euros.jpg","contentUrl":"http:\/\/jackpotlotteryonline.com\/wp-content\/uploads\/2022\/10\/lotto_euros.jpg"},{"@type":"BreadcrumbList","@id":"https:\/\/jackpotlotteryonline.com\/no\/lotterieresultater\/el-gordo-trekningresultater\/#breadcrumb","itemListElement":[{"@type":"ListItem","position":1,"name":"Home","item":"https:\/\/jackpotlotteryonline.com\/no\/"},{"@type":"ListItem","position":2,"name":"Lotterieresultater","item":"https:\/\/jackpotlotteryonline.com\/no\/lotterieresultater\/"},{"@type":"ListItem","position":3,"name":"El Gordo trekningresultater"}]},{"@type":"WebSite","@id":"https:\/\/jackpotlotteryonline.com\/#website","url":"https:\/\/jackpotlotteryonline.com\/","name":"Lotto Online - Crack The International Lottery Jackpots","description":"","potentialAction":[{"@type":"SearchAction","target":{"@type":"EntryPoint","urlTemplate":"https:\/\/jackpotlotteryonline.com\/?s={search_term_string}"},"query-input":"required name=search_term_string"}],"inLanguage":"nb-NO"}]}},"_links":{"self":[{"href":"https:\/\/jackpotlotteryonline.com\/no\/wp-json\/wp\/v2\/pages\/74312","targetHints":{"allow":["GET"]}}],"collection":[{"href":"https:\/\/jackpotlotteryonline.com\/no\/wp-json\/wp\/v2\/pages"}],"about":[{"href":"https:\/\/jackpotlotteryonline.com\/no\/wp-json\/wp\/v2\/types\/page"}],"author":[{"embeddable":true,"href":"https:\/\/jackpotlotteryonline.com\/no\/wp-json\/wp\/v2\/users\/7"}],"replies":[{"embeddable":true,"href":"https:\/\/jackpotlotteryonline.com\/no\/wp-json\/wp\/v2\/comments?post=74312"}],"version-history":[{"count":0,"href":"https:\/\/jackpotlotteryonline.com\/no\/wp-json\/wp\/v2\/pages\/74312\/revisions"}],"up":[{"embeddable":true,"href":"https:\/\/jackpotlotteryonline.com\/no\/wp-json\/wp\/v2\/pages\/74032"}],"wp:attachment":[{"href":"https:\/\/jackpotlotteryonline.com\/no\/wp-json\/wp\/v2\/media?parent=74312"}],"curies":[{"name":"wp","href":"https:\/\/api.w.org\/{rel}","templated":true}]}}