{"id":74327,"date":"2025-02-06T07:58:13","date_gmt":"2025-02-06T07:58:13","guid":{"rendered":"https:\/\/jackpotlotteryonline.com\/?page_id=74327"},"modified":"2025-02-06T07:58:13","modified_gmt":"2025-02-06T07:58:13","slug":"set-for-life-trekning-resultater","status":"publish","type":"page","link":"https:\/\/jackpotlotteryonline.com\/no\/lotterieresultater\/set-for-life-trekning-resultater\/","title":{"rendered":"Set for Life trekning resultater"},"content":{"rendered":"<p><span style=\"font-weight: 400;\">Set for Life lotteriet er Storbritannias annuitetslotteri som gir spillerne muligheten til \u00e5 vinne en livsendrende premie. Livsendrende, fordi de vinnende tallene gir \u00a310 000 hver m\u00e5ned i 30 \u00e5r. Dette er nesten som \u00e5 vinne jackpoten hver m\u00e5ned resten av livet.<\/span><\/p>\n<p><span style=\"font-weight: 400;\">Spillere over hele verden kan n\u00e5 <a href=\"https:\/\/jackpotlotteryonline.com\/buy-tickets\/set-for-life\">delta i Storbritannias annuitetslotteri ved \u00e5 kj\u00f8pe billetter online<\/a>. De kan ogs\u00e5 sjekke de vinnende tallene online og f\u00e5 tilgang til gevinstene sine.<\/span><\/p>\n<p><span style=\"font-weight: 400;\">N\u00e5r du <a href=\"https:\/\/jackpotlotteryonline.com\/play-online\/set-for-life\">spiller lotteriet med jackpotlotteryonline.com<\/a>, har du praktisk talt en alt-i-ett-l\u00f8sning for alle dine lotteribehov. Du kan fokusere p\u00e5 \u00e5 vinne lotteriet ved \u00e5 kj\u00f8pe billetter til de st\u00f8rste internasjonale lotteriene online.<\/span><\/p>\n<section class=\"layout\" style=\"border: solid 1px; width: 100%;\">\n<div class=\"img-div\" style=\"margin-top: 5px;\">\n    <img decoding=\"async\" class=\"wp-image-17212 alignleft\" style=\"height: 45px; margin: 8px 8px 0px;\" src=\"http:\/\/jackpotlotteryonline.com\/wp-content\/uploads\/2022\/11\/read1.jpg\" alt=\"read\" width=\"\" height=\"\" \/>\n  <\/div>\n<div style=\"padding-left: 5px;\">\n<div style=\"font-size: 1.1em;\">\n      <strong>Er det lovlig \u00e5 spille lotterier fra andre land online?<\/strong><\/p>\n<p style=\"font-size: 0.85em; margin-top: -1.5em;\">Er det lovlig \u00e5 kj\u00f8pe et lotteribillett online, og vil jeg faktisk f\u00e5 betalt? <a href=\"https:\/\/jackpotlotteryonline.com\/is-it-legal-to-play-lotteries-from-other-countries-online\">Les mer<\/a><\/p>\n<\/p><\/div>\n<\/p><\/div>\n<\/section>\n<h2><span style=\"font-weight: 400;\">Hvorfor spille online?<\/span><\/h2>\n<p><img loading=\"lazy\" decoding=\"async\" class=\"alignright size-medium wp-image-27941\" src=\"http:\/\/jackpotlotteryonline.com\/wp-content\/uploads\/2022\/11\/1_lottery_winner_ticket-200x300.jpg\" alt=\"play the UK lottery online\" width=\"200\" height=\"300\" srcset=\"https:\/\/jackpotlotteryonline.com\/wp-content\/uploads\/2022\/11\/1_lottery_winner_ticket-200x300.jpg 200w, https:\/\/jackpotlotteryonline.com\/wp-content\/uploads\/2022\/11\/1_lottery_winner_ticket.jpg 320w\" sizes=\"auto, (max-width: 200px) 100vw, 200px\" \/><span style=\"font-weight: 400;\">F\u00f8rst og fremst, hvis du ikke bor i Storbritannia, vil det v\u00e6re ganske vanskelig for deg \u00e5 kj\u00f8pe en billett til dette lotteriet. Egentlig er den eneste m\u00e5ten du kan spille Set for Life utenfor Storbritannia \u00e5 gj\u00f8re det online. For det andre, n\u00e5r du ser hvor praktisk det er \u00e5 spille online, vil du ikke ville spille lotteriet p\u00e5 noen annen m\u00e5te.<\/span><\/p>\n<p><strong>Her er noen av de viktigste fordelene med \u00e5 spille lotteri online:<\/strong><\/p>\n<ul>\n<li><span style=\"font-weight: 400;\">Du f\u00e5r umiddelbar tilgang til \u00e5 spille de vinnende tallene for hver trekning<\/span><\/li>\n<li><span style=\"font-weight: 400;\">Du kan sette opp spillene dine flere uker i forveien<\/span><\/li>\n<li><span style=\"font-weight: 400;\">Du kan enkelt sjekke de vinnende tallene<\/span><\/li>\n<li><span style=\"font-weight: 400;\">F\u00e5 tilgang til gevinstene dine uten stress<\/span><\/li>\n<\/ul>\n<p><span style=\"font-weight: 400;\">Det er mange fordeler med \u00e5 spille lotteri online. Og n\u00e5r du spiller med oss p\u00e5 jackpotlotteryonline.com, opplever du lettheten og bekvemmeligheten av \u00e5 ha lotteriet rett ved fingertuppene. Som en concierge-nettside, tar vi oss av detaljene for deg, slik at du kan fokusere p\u00e5 \u00e5 velge de vinnende tallene p\u00e5 en enkel m\u00e5te. Det er en vinn-vinn-situasjon for alle.<\/span><\/p>\n<h2><span style=\"font-weight: 400;\">Hva er Set for Life vinnertallene?<\/span><\/h2>\n<p><span style=\"font-weight: 400;\">Den eneste m\u00e5ten \u00e5 vite om du har de vinnende tallene, er \u00e5 vite hvordan du spiller dette britiske lotteriet. For \u00e5 spille, m\u00e5 du velge 5 tall fra et omr\u00e5de p\u00e5 1 til 47 og 1 Life Ball nummer fra 1 til 10. N\u00e5r du har valgt tallene, er neste steg \u00e5 delta i trekningene du har valgt.<\/span><\/p>\n<p><span style=\"font-weight: 400;\">Set for Life har to trekningdager i uken, p\u00e5 mandager og torsdager. Det betyr to sjanser til \u00e5 vinne lotteriet. Du kan delta i begge trekningene, selvf\u00f8lgelig, da dette er en m\u00e5te \u00e5 \u00f8ke sjansene for \u00e5 vinne.<\/span><\/p>\n<p><span style=\"font-weight: 400;\">Etter trekningene m\u00e5 du sjekke resultatene for \u00e5 se om du har den vinnende kombinasjonen. Den som har de vinnende tallene, vinner lotteriet.<\/span><\/p>\n<h2><span style=\"font-weight: 400;\">Tre m\u00e5ter \u00e5 sjekke trekningens resultater<\/span><\/h2>\n<p><span style=\"font-weight: 400;\">Det er tre m\u00e5ter du kan sjekke den vinnende kombinasjonen for dette britiske lotteriet. Hvis du bor i Storbritannia, kan du enkelt se trekningene direkte p\u00e5 TV. Hvis du derimot er p\u00e5 jobb p\u00e5 det tidspunktet, eller har en annen forpliktelse, vil ikke det v\u00e6re praktisk for deg.<\/span><\/p>\n<p><span style=\"font-weight: 400;\">Et annet alternativ er \u00e5 sjekke resultatene online. Flere nettsider publiserer resultatene, spesielt den vinnende kombinasjonen for jackpoten. Siden det er andre premiekategorier i lotteriet, kan det hende at du er interessert i andre vinnende kombinasjoner enn bare jackpoten.<\/span><\/p>\n<p><span style=\"font-weight: 400;\">Den beste m\u00e5ten \u00e5 sjekke trekningens resultater p\u00e5, er \u00e5 komme tilbake til denne siden etter hver trekning. Vi publiserer trekningens resultater her og tar oss tid til \u00e5 vise de vinnende kombinasjonene for alle premiekategorier. Videre, hvis du har kj\u00f8pt billettene dine hos oss, vil vi sende deg en e-post hvis du har en vinnende billett.<\/span><\/p>\n<h2><span style=\"font-weight: 400;\">Set for Life premie kategorier<\/span><\/h2>\n<p><span style=\"font-weight: 400;\">Hovedpremien for dette britiske lotteriet er fantastiske \u00a310 000 hver m\u00e5ned i 30 \u00e5r. Tenk deg \u00e5 vinne en s\u00e5 stor sum hver m\u00e5ned i 30 \u00e5r. Med en s\u00e5 stor premie, er det lett \u00e5 forst\u00e5 hvorfor spillere over hele verden er ivrige etter \u00e5 f\u00e5 den vinnende kombinasjonen for dette lotteriet.<\/span><\/p>\n<p><span style=\"font-weight: 400;\">Utover hovedpremien er det andre spennende premier som spillere kan vinne med dette lotteriet. Her er premie kategoriene:<\/span><\/p>\n<p><span style=\"font-weight: 400;\">Kategori 1: Match 5 + Life Ball &#8211; \u00a310 000 hver m\u00e5ned i 30 \u00e5r<\/span><\/p>\n<p><span style=\"font-weight: 400;\">Kategori 2: Match 5 &#8211; \u00a310 000 hver m\u00e5ned i 1 \u00e5r<\/span><\/p>\n<p><span style=\"font-weight: 400;\">Kategori 3: Match 4 + Life Ball &#8211; \u00a3250<\/span><\/p>\n<p><span style=\"font-weight: 400;\">Kategori 4: Match 4 &#8211; \u00a350<\/span><\/p>\n<p><span style=\"font-weight: 400;\">Kategori 5: Match 3 + Life Ball &#8211; \u00a330<\/span><\/p>\n<p><span style=\"font-weight: 400;\">Kategori 6: Match 3 &#8211; \u00a320<\/span><\/p>\n<p><span style=\"font-weight: 400;\">Kategori 7: Match 2 + Life Ball &#8211; \u00a310<\/span><\/p>\n<p><span style=\"font-weight: 400;\">Kategori 8: Match 2 &#8211; \u00a35<\/span><\/p>\n<h2><span style=\"font-weight: 400;\">Uttak av gevinstene dine<\/span><\/h2>\n<p><span style=\"font-weight: 400;\">Vi nevnte at vi vil varsle deg via e-post og p\u00e5 kontoen din hvis du har en vinnende billett. Men hvordan trekker du gevinstene dine n\u00e5r du bor utenfor Storbritannia? Dette er et sp\u00f8rsm\u00e5l mange spillere bekymrer seg for. Vel, vi er her for \u00e5 berolige deg ang\u00e5ende gevinstene dine.<\/span><\/p>\n<p><span style=\"font-weight: 400;\">N\u00e5r du registrerer deg hos oss og kj\u00f8per lotteribilletter fra oss, forenkler vi prosessen for deg. Som en concierge-nettside har vi laget en s\u00f8ml\u00f8s prosess der du enkelt kan trekke gevinstene dine. For gevinster under 2500 Euro, trenger du bare \u00e5 gj\u00f8re et uttak fra v\u00e5rt nettsted til kontoen din.<\/span><\/p>\n<p><span style=\"\n\nfont-weight: 400;\">Hvis du har vunnet en premie som er over dette bel\u00f8pet, vil vi gi deg et kravskjema. P\u00e5 den m\u00e5ten kan du kreve gevinstene dine direkte fra lotteriselskapet. S\u00e5 g\u00e5 videre og kj\u00f8p en lotteribillett i dag for \u00e5 f\u00e5 sjansen til \u00e5 ha den vinnende kombinasjonen.<\/span><\/p>\n<p>Set for Life vinnertallene og trekningens resultater. Resultatene fra Set For Life lotteriet, samt de vinnende tallene, finner du her p\u00e5 Jackpotlotteryonline.com.<\/p>\n","protected":false},"excerpt":{"rendered":"<p>Set for Life lotteriet er Storbritannias annuitetslotteri som gir spillerne muligheten til \u00e5 vinne en livsendrende premie. Livsendrende, fordi de vinnende tallene gir \u00a310 000 hver m\u00e5ned i 30 \u00e5r. Dette er nesten som \u00e5 vinne jackpoten hver m\u00e5ned resten av livet. Spillere over hele verden kan n\u00e5 delta i Storbritannias annuitetslotteri ved \u00e5 kj\u00f8pe [&hellip;]<\/p>\n","protected":false},"author":7,"featured_media":0,"parent":74032,"menu_order":11,"comment_status":"closed","ping_status":"closed","template":"set-for-life-results.php","meta":{"_et_pb_use_builder":"","_et_pb_old_content":"","_et_gb_content_width":"","exclude_from_search":false,"footnotes":""},"class_list":["post-74327","page","type-page","status-publish","hentry"],"yoast_head":"<!-- This site is optimized with the Yoast SEO plugin v23.3 - https:\/\/yoast.com\/wordpress\/plugins\/seo\/ -->\n<title>Set for Life trekning resultater - Lotto Online - Crack The International Lottery Jackpots Vinnende numre og trekningresultater for El Gordo<\/title>\n<meta name=\"description\" content=\"Resultater, vinnertall for El Gordo-trekningen \u2013 denne uken samt resultatene fra forrige uke\" \/>\n<meta name=\"robots\" content=\"index, follow, max-snippet:-1, max-image-preview:large, max-video-preview:-1\" \/>\n<link rel=\"canonical\" href=\"https:\/\/jackpotlotteryonline.com\/no\/lotterieresultater\/set-for-life-trekning-resultater\/\" \/>\n<meta property=\"og:locale\" content=\"nb_NO\" \/>\n<meta property=\"og:type\" content=\"article\" \/>\n<meta property=\"og:title\" content=\"Set for Life trekning resultater - Lotto Online - Crack The International Lottery Jackpots Vinnende numre og trekningresultater for El Gordo\" \/>\n<meta property=\"og:description\" content=\"Resultater, vinnertall for El Gordo-trekningen \u2013 denne uken samt resultatene fra forrige uke\" \/>\n<meta property=\"og:url\" content=\"https:\/\/jackpotlotteryonline.com\/no\/lotterieresultater\/set-for-life-trekning-resultater\/\" \/>\n<meta property=\"og:site_name\" content=\"Lotto Online - Crack The International Lottery Jackpots\" \/>\n<meta property=\"og:image\" content=\"http:\/\/jackpotlotteryonline.com\/wp-content\/uploads\/2022\/11\/read1.jpg\" \/>\n<meta name=\"twitter:card\" content=\"summary_large_image\" \/>\n<!-- \/ Yoast SEO plugin. -->","yoast_head_json":{"title":"Set for Life trekning resultater - Lotto Online - Crack The International Lottery Jackpots Vinnende numre og trekningresultater for El Gordo","description":"Resultater, vinnertall for El Gordo-trekningen \u2013 denne uken samt resultatene fra forrige uke","robots":{"index":"index","follow":"follow","max-snippet":"max-snippet:-1","max-image-preview":"max-image-preview:large","max-video-preview":"max-video-preview:-1"},"canonical":"https:\/\/jackpotlotteryonline.com\/no\/lotterieresultater\/set-for-life-trekning-resultater\/","og_locale":"nb_NO","og_type":"article","og_title":"Set for Life trekning resultater - Lotto Online - Crack The International Lottery Jackpots Vinnende numre og trekningresultater for El Gordo","og_description":"Resultater, vinnertall for El Gordo-trekningen \u2013 denne uken samt resultatene fra forrige uke","og_url":"https:\/\/jackpotlotteryonline.com\/no\/lotterieresultater\/set-for-life-trekning-resultater\/","og_site_name":"Lotto Online - Crack The International Lottery Jackpots","og_image":[{"url":"http:\/\/jackpotlotteryonline.com\/wp-content\/uploads\/2022\/11\/read1.jpg"}],"twitter_card":"summary_large_image","schema":{"@context":"https:\/\/schema.org","@graph":[{"@type":"WebPage","@id":"https:\/\/jackpotlotteryonline.com\/no\/lotterieresultater\/set-for-life-trekning-resultater\/","url":"https:\/\/jackpotlotteryonline.com\/no\/lotterieresultater\/set-for-life-trekning-resultater\/","name":"Set for Life trekning resultater - Lotto Online - Crack The International Lottery Jackpots Vinnende numre og trekningresultater for El Gordo","isPartOf":{"@id":"https:\/\/jackpotlotteryonline.com\/#website"},"primaryImageOfPage":{"@id":"https:\/\/jackpotlotteryonline.com\/no\/lotterieresultater\/set-for-life-trekning-resultater\/#primaryimage"},"image":{"@id":"https:\/\/jackpotlotteryonline.com\/no\/lotterieresultater\/set-for-life-trekning-resultater\/#primaryimage"},"thumbnailUrl":"http:\/\/jackpotlotteryonline.com\/wp-content\/uploads\/2022\/11\/read1.jpg","datePublished":"2025-02-06T07:58:13+00:00","dateModified":"2025-02-06T07:58:13+00:00","description":"Resultater, vinnertall for El Gordo-trekningen \u2013 denne uken samt resultatene fra forrige uke","breadcrumb":{"@id":"https:\/\/jackpotlotteryonline.com\/no\/lotterieresultater\/set-for-life-trekning-resultater\/#breadcrumb"},"inLanguage":"nb-NO","potentialAction":[{"@type":"ReadAction","target":["https:\/\/jackpotlotteryonline.com\/no\/lotterieresultater\/set-for-life-trekning-resultater\/"]}]},{"@type":"ImageObject","inLanguage":"nb-NO","@id":"https:\/\/jackpotlotteryonline.com\/no\/lotterieresultater\/set-for-life-trekning-resultater\/#primaryimage","url":"http:\/\/jackpotlotteryonline.com\/wp-content\/uploads\/2022\/11\/read1.jpg","contentUrl":"http:\/\/jackpotlotteryonline.com\/wp-content\/uploads\/2022\/11\/read1.jpg"},{"@type":"BreadcrumbList","@id":"https:\/\/jackpotlotteryonline.com\/no\/lotterieresultater\/set-for-life-trekning-resultater\/#breadcrumb","itemListElement":[{"@type":"ListItem","position":1,"name":"Home","item":"https:\/\/jackpotlotteryonline.com\/no\/"},{"@type":"ListItem","position":2,"name":"Lotterieresultater","item":"https:\/\/jackpotlotteryonline.com\/no\/lotterieresultater\/"},{"@type":"ListItem","position":3,"name":"Set for Life trekning resultater"}]},{"@type":"WebSite","@id":"https:\/\/jackpotlotteryonline.com\/#website","url":"https:\/\/jackpotlotteryonline.com\/","name":"Lotto Online - Crack The International Lottery Jackpots","description":"","potentialAction":[{"@type":"SearchAction","target":{"@type":"EntryPoint","urlTemplate":"https:\/\/jackpotlotteryonline.com\/?s={search_term_string}"},"query-input":"required name=search_term_string"}],"inLanguage":"nb-NO"}]}},"_links":{"self":[{"href":"https:\/\/jackpotlotteryonline.com\/no\/wp-json\/wp\/v2\/pages\/74327","targetHints":{"allow":["GET"]}}],"collection":[{"href":"https:\/\/jackpotlotteryonline.com\/no\/wp-json\/wp\/v2\/pages"}],"about":[{"href":"https:\/\/jackpotlotteryonline.com\/no\/wp-json\/wp\/v2\/types\/page"}],"author":[{"embeddable":true,"href":"https:\/\/jackpotlotteryonline.com\/no\/wp-json\/wp\/v2\/users\/7"}],"replies":[{"embeddable":true,"href":"https:\/\/jackpotlotteryonline.com\/no\/wp-json\/wp\/v2\/comments?post=74327"}],"version-history":[{"count":0,"href":"https:\/\/jackpotlotteryonline.com\/no\/wp-json\/wp\/v2\/pages\/74327\/revisions"}],"up":[{"embeddable":true,"href":"https:\/\/jackpotlotteryonline.com\/no\/wp-json\/wp\/v2\/pages\/74032"}],"wp:attachment":[{"href":"https:\/\/jackpotlotteryonline.com\/no\/wp-json\/wp\/v2\/media?parent=74327"}],"curies":[{"name":"wp","href":"https:\/\/api.w.org\/{rel}","templated":true}]}}