{"id":74346,"date":"2025-02-06T08:27:47","date_gmt":"2025-02-06T08:27:47","guid":{"rendered":"https:\/\/jackpotlotteryonline.com\/?page_id=74346"},"modified":"2025-02-06T08:27:47","modified_gmt":"2025-02-06T08:27:47","slug":"thunderball-trekningresultater","status":"publish","type":"page","link":"https:\/\/jackpotlotteryonline.com\/no\/lotterieresultater\/thunderball-trekningresultater\/","title":{"rendered":"Thunderball trekningresultater"},"content":{"rendered":"<p><span style=\"font-weight: 400;\">Thunderball er ett av de mer popul\u00e6re lotteriene i Storbritannia. For en liten innsats kan spillere vinne opptil en halv million pund \u2013 noe som er helt fantastisk. Det finnes mange lotterier der ute, men det er noe med Thunderball som trekker spillere. Det kan v\u00e6re de utrolig gunstige oddsene, eller det faktum at lotteriet produserer mange vinnere. Uansett \u00e5rsak, kj\u00f8per spillere over hele verden Thunderball-billetter online.<\/span><\/p>\n<p><span style=\"font-weight: 400;\">Hvis du <a href=\"https:\/\/jackpotlotteryonline.com\/play-online\/thunderball\">spiller lotteri online<\/a>, er det essensielt \u00e5 sjekke de vinnende tallene. Dette er for \u00e5 vite om du har en billett som matcher de trukne tallene. Hvis du lurer p\u00e5 hvordan du skal sjekke trekningresultatene, er du kommet til rett sted. Vi vil ogs\u00e5 dele den beste m\u00e5ten \u00e5 sjekke trekningresultatene p\u00e5.<\/span><\/p>\n<p><span style=\"font-weight: 400;\">Hvis du <a href=\"https:\/\/jackpotlotteryonline.com\/buy-tickets\/thunderball\">kj\u00f8per billettene dine p\u00e5 jackpotlotteryonline.com<\/a>, s\u00e5 fortsett \u00e5 lese for \u00e5 finne ut hvordan du kan kreve gevinstene dine.<\/span><\/p>\n<h2><span style=\"font-weight: 400;\"><img loading=\"lazy\" decoding=\"async\" class=\"alignright size-medium wp-image-29480\" src=\"http:\/\/jackpotlotteryonline.com\/wp-content\/uploads\/2022\/11\/1_rain_lottery_money_win-282x300.jpg\" alt=\"Thunderball vinnertall\" width=\"225\" height=\"134\" \/>Velge dine vinnertall i Thunderball<\/span><\/h2>\n<p><span style=\"font-weight: 400;\">Det finnes to hovedmetoder spillere bruker for \u00e5 velge tallene de \u00f8nsker \u00e5 spille. I de fleste lotterier m\u00e5 du velge tall fra et bestemt intervall. Derfor liker noen spillere \u00e5 velge datoer som er spesielle for dem, for eksempel bursdager eller jubileer. Disse kalles &#8220;heldige datoer&#8221;.<\/span><\/p>\n<p><span style=\"font-weight: 400;\">I noen deler av verden har enkelte tall en spesiell betydning; for eksempel kan noen anse tallet 7 som et heldig tall, mens andre ser p\u00e5 tallet 13 som uheldig. Det avhenger virkelig av hva du oppfatter som heldig. Denne metoden foretrekkes av mange spillere over hele verden, og den kan ogs\u00e5 fungere for deg.<\/span><\/p>\n<p><span style=\"font-weight: 400;\">Den andre metoden er \u00e5 bruke v\u00e5r automatiske tallgenerator for \u00e5 velge tallene tilfeldig. Dette fungerer for noen fordi lotteriet er et spill basert p\u00e5 flaks. Selv om du kan gj\u00f8re ting for \u00e5 f\u00f8le deg heldig, finnes det ingen garanti for gevinst.<\/span><\/p>\n<h2><span style=\"font-weight: 400;\">Hvordan spille Thunderball online<\/span><\/h2>\n<p><span style=\"font-weight: 400;\">Thunderball i Storbritannia er et spennende spill \u00e5 delta i. Prosessen er lik som for andre lotterispill. I hovedsak m\u00e5 du velge 5 tall fra et intervall fra 1 til 39, og et spesialtall fra 1 til 14. Det spesialtallet kalles \u201cThunderball\u201d og brukes til \u00e5 bestemme seks premieklasser, inkludert jackpoten.<\/span><\/p>\n<p><span style=\"font-weight: 400;\">\u00c5 spille online er ikke mye annerledes; du kan bruke tallgeneratoren til \u00e5 velge tilfeldige tall. Dette ligner p\u00e5 \u00e5 trekke &#8220;heldige&#8221; tall for de som er vant til fysiske billetter. Du kan velge flere linjer og kj\u00f8pe flere billetter for \u00e5 \u00f8ke sjansene dine for \u00e5 vinne i Thunderball.<\/span><\/p>\n<p><span style=\"font-weight: 400;\">Neste steg er \u00e5 delta i trekningen \u2013 og dette er den beste delen. Det er helt greit \u00e5 delta i flere trekninger, og hvis du kj\u00f8per billettene dine fra oss, kan du delta i flere trekninger flere uker i forveien. Dette gir deg en fordel n\u00e5r du spiller dette sjansespillet.<\/span><\/p>\n<h2><span style=\"font-weight: 400;\">Thunderball trekningdager<\/span><\/h2>\n<p><span style=\"font-weight: 400;\">Trekningene holdes fire ganger i uken \u2013 tirsdager, onsdager, fredager og l\u00f8rdager. Dette britiske lotteriet har alts\u00e5 fire trekninger hver uke. For spillere betyr det at du har fire ganger s\u00e5 stor sjanse til \u00e5 vinne jackpoten med Thunderball.<\/span><\/p>\n<p><span style=\"font-weight: 400;\">Du kan delta i \u00e9n trekning, men det er nok best \u00e5 delta i flere trekninger for \u00e5 \u00f8ke sjansene dine betraktelig. Husk at flere bidrag gir h\u00f8yere sannsynlighet for gevinst.<\/span><\/p>\n<h2><span style=\"font-weight: 400;\">Hvordan sjekke Thunderball trekningresultater<\/span><\/h2>\n<p><span style=\"font-weight: 400;\">N\u00e5 til den beste delen: \u00e5 sjekke trekningresultatene. Den eneste m\u00e5ten \u00e5 vite om du har den riktige kombinasjonen, er \u00e5 sjekke trekningresultatene. De fleste lotterier har live-trekninger, og Thunderball er intet unntak. Du kan se live-trekningen online. Det er viktig \u00e5 merke seg at live-trekningene finner sted p\u00e5 et bestemt tidspunkt, og du m\u00e5 ikke g\u00e5 glipp av premien din hvis du vinner.<\/span><\/p>\n<p><span style=\"font-weight: 400;\">Selvf\u00f8lgelig kan du alltid sjekke internett for \u00e5 finne ut om du er vinner. Dessverre er det slik at selv om du kanskje f\u00e5r kombinasjonen for jackpoten, er det ikke like enkelt for de andre premieklassene. For eksempel, den andre premieklassen i Thunderball er p\u00e5 \u00a35000, og du vil ikke g\u00e5 glipp av den.<\/span><\/p>\n<p><span style=\"font-weight: 400;\">Den beste l\u00f8sningen er \u00e5 komme tilbake til denne siden etter hver trekning. Vi legger ut de nyeste trekningresultatene for alle premieklassene her. I tillegg, hvis du har kj\u00f8pt billettene dine hos oss, vil vi sende deg en e-post hvis du har en vinnende billett.<\/span><\/p>\n<h2><span style=\"font-weight: 400;\">Priser du kan vinne<\/span><\/h2>\n<p><span style=\"font-weight: 400;\">S\u00e5, hvilke ulike priser er det i de forskjellige kategori? Thunderball i Storbritannia har flere premieklasser, med en spesiell premie for \u00e5 matche Thunderball-tallet. Sjansene for \u00e5 vinne en premie er sv\u00e6rt gode.<\/span><\/p>\n<p><span style=\"font-weight: 400;\">Her er oversikten over premieklassene for Thunderball og sjansene for \u00e5 vinne:<\/span><\/p>\n<p><span style=\"font-weight: 400;\">Kategori 1: Match 5 + Thunderball \u2013 1 av 8,060,598 \u2013 \u00a3500,000<\/span><\/p>\n<p><span style=\"font-weight: 400;\">Kategori 2: Match 5 \u2013 1 av 620,046 \u2013 \u00a35000<\/span><\/p>\n<p><span style=\"font-weight: 400;\">Kategori 3: Match 4 + Thunderball \u2013 1 av 47,416 \u2013 \u00a3250<\/span><\/p>\n<p><span style=\"font-weight: 400;\">Kategori 4: Match 4 \u2013 1 av 3,648 \u2013 \u00a3100<\/span><\/p>\n<p><span style=\"font-weight: 400;\">Kategori 5: Match 3 + Thunderball \u2013 1 av 1,437 \u2013 \u00a320<\/span><\/p>\n<p><span style=\"font-weight: 400;\">Kategori 6: Match 3 \u2013 1 av 111 \u2013 \u00a310<\/span><\/p>\n<p><span style=\"font-weight: 400;\">Kategori 7: Match 2 + Thunderball \u2013 1 av 135 \u2013 \u00a310<\/span><\/p>\n<p><span style=\"font-weight: 400;\">Kategori 8: Match 1 + Thunderball \u2013 1 av 35 \u2013 \u00a35<\/span><\/p>\n<p><span style=\"font-weight: 400;\">Kategori 9: Match Thunderball \u2013 1 av 29 \u2013 \u00a33<\/span><\/p>\n<p><span style=\"font-weight: 400;\">Alle kan vinne en Thunderball-premie selv om de bor utenfor Storbritannia. Kj\u00f8p billettene dine online og f\u00e5 sjansen til \u00e5 vinne stort.<\/span><\/p>\n<h2><span style=\"font-weight: 400;\"><img loading=\"lazy\" decoding=\"async\" class=\"alignright size-full wp-image-28832\" src=\"http:\/\/jackpotlotteryonline.com\/wp-content\/uploads\/2022\/11\/1_online_win_lottery.jpg\" alt=\"Innl\u00f8s gevinstene dine\" width=\"250\" height=\"167\" \/>Innl\u00f8s gevinstene dine<\/span><\/h2>\n<p><span style=\"font-weight: 400;\">Vi nevnte at vi vil varsle deg via e-post og p\u00e5 kontoen din hvis du har en vinnende billett. Men, hvordan tar du ut gevinstene dine n\u00e5r du bor utenfor Storbritannia? Dette er et sp\u00f8rsm\u00e5l mange spillere bekymrer seg for. Vel, vi er her for \u00e5 berolige deg ang\u00e5ende gevinstene dine.<\/span><\/p>\n<p><span style=\"font-weight: 400;\">N\u00e5r du registrerer deg hos oss og kj\u00f8per dine lotteribilletter gjennom oss, forenkler vi prosessen for deg. Som et concierge-nettsted har vi skapt en s\u00f8ml\u00f8s prosess der du enkelt kan ta ut gevinstene dine. For gevinster under 2,500 Euro, trenger du bare \u00e5 ta ut pengene fra nettstedet v\u00e5rt til kontoen din.<\/span><\/p>\n<p><span style=\"font-weight: 400;\">Hvis du har vunnet en premie som overstiger dette bel\u00f8pet, m\u00e5 du kreve gevinsten direkte fra lotteriselskapet. Vi vil gi deg et kravskjema og veilede deg gjennom prosessen. S\u00e5, ikke v\u00e6r redd \u2013 vi s\u00f8rger for at alt blir enkelt og stressfritt.<\/span><\/p>\n<h3><span style=\"font-weight: 400;\">Ting du b\u00f8r vite f\u00f8r du krever premien din<\/span><\/h3>\n<p><span style=\"font-weight: 400;\">F\u00f8r du krever premien din, er det viktig \u00e5 vite noen ting om \u00e5 spille lotteri i Storbritannia. Vi vet allerede at lotteriet er \u00e5pent for alle uansett nasjonalitet, men her er noen punkter du b\u00f8r merke deg:<\/span><\/p>\n<ul>\n<li style=\"font-weight: 400;\" aria-level=\"1\"><span style=\"font-weight: 400;\">Lotteriet er \u00e5pent for spillere over 16 \u00e5r<\/span><\/li>\n<li style=\"font-weight: 400;\" aria-level=\"1\"><span style=\"font-weight: 400;\">Premiene utbetales i engangsbel\u00f8p<\/span><\/li>\n<li style=\"font-weight: 400;\" aria-level=\"1\"><span style=\"font-weight: 400;\">Vinnerne i lotteriet er ikke underlagt skatt i landet. Men hvis du spiller utenfor Storbritannia, b\u00f8r du sjekke skattereglene i ditt land<\/span><\/li>\n<li style=\"font-weight: 400;\" aria-level=\"1\"><span style=\"font-weight: 400;\">Du har 180 dager p\u00e5 deg til \u00e5 kreve en gevinst f\u00f8r den g\u00e5r tilbake til fondet<\/span><\/li>\n<li style=\"font-weight: 400;\" aria-level=\"1\"><span style=\"font-weight: 400;\">Hvis du deltar i lotteriet via en fysisk forhandler, kan det hende du m\u00e5 kontakte arrang\u00f8rene for \u00e5 kreve gevinsten din<\/span><\/li>\n<\/ul>\n<h2><span style=\"font-weight: 400;\">Fordeler med \u00e5 spille lotteri med Jackpotlotteryonline.com<\/span><\/h2>\n<ul>\n<li style=\"font-weight: 400;\" aria-level=\"1\"><span style=\"font-weight: 400;\">Du f\u00e5r rask og umiddelbar tilgang til lotteriet. Du trenger ikke \u00e5 bo i Storbritannia for \u00e5 spille<\/span><\/li>\n<li style=\"font-weight: 400;\" aria-level=\"1\"><span style=\"font-weight: 400;\">Det er superpraktisk, da du ikke trenger \u00e5 forlate komforten av hjemmet ditt. Sjekk kombinasjonen din fra datamaskinen eller mobilen din.<\/span><\/li>\n<li style=\"font-weight: 400;\" aria-level=\"1\"><span style=\"font-weight: 400;\">Det er ogs\u00e5 tryggere fordi billetten din lagres digitalt. Dette er viktig fordi det er den eneste m\u00e5ten \u00e5 kreve gevinsten din p\u00e5.<\/span><\/li>\n<li style=\"font-weight: 400;\" aria-level=\"1\"><span style=\"font-weight: 400;\">Du slipper \u00e5 g\u00e5 glipp av premien din fordi vi varsler deg umiddelbart dersom du vinner.<\/span><\/li>\n<li style=\"font-weight: 400;\" aria-level=\"1\"><span style=\"font-weight: 400;\">Du kan enkelt ta ut gevinsten din online uten \u00e5 m\u00e5tte dra noe sted.<\/span><\/li>\n<\/ul>\n<p><span style=\"font-weight: 400;\">Hvis du enn\u00e5 ikke har kj\u00f8pt din Thunderball-billett, er dette et flott tidspunkt til \u00e5 gj\u00f8re det, slik at du kan delta i neste trekning.<\/span><\/p>\n<h2><span style=\"font-weight: 400;\">Hva er et concierge-nettsted?<\/span><\/h2>\n<p><span style=\"font-weight: 400;\">Vi nevnte at vi er et concierge-nettsted, og du lurer kanskje p\u00e5 hva det betyr. En utfordring spillere har n\u00e5r de kj\u00f8per billetter online, er at de aldri vet om de faktisk har registrert seg i lotteriet. Mange nettsteder lar spillerne satse p\u00e5 utfallet av lotteriet, noe som er helt annerledes.<\/span><\/p>\n<p><span style=\"font-weight: 400;\">P\u00e5 jackpotlotteryonline.com gir vi brukerne v\u00e5re tilgang til de beste internasjonale lotteriene fra hele verden. Dette er fordi vi driver et concierge-nettsted der vi har agenter i ulike deler av verden. N\u00e5r du kj\u00f8per lotteribilletter fra oss, kj\u00f8per agenten v\u00e5r i den aktuelle landet en fysisk billett med de tilsvarende numrene. Billetten blir deretter skannet og sendt til deg.<\/span><\/p>\n<p><span style=\"font-weight: 400;\">N\u00e5r du kj\u00f8per din Thunderball-billett fra oss, er du sikret at dersom du matcher de trukne tallene, vinner du lotteriet. Det er s\u00e5 enkelt, og det er nettopp det som gir v\u00e5re kunder trygghet til \u00e5 spille lotteri online.<\/span><\/p>\n<h2><span style=\"font-weight: 400;\">Tips for \u00e5 vinne Thunderball<\/span><\/h2>\n<p><span style=\"font-weight: 400;\">Selv om Thunderball er et sjansespill, finnes det ting du kan gj\u00f8re for \u00e5 \u00f8ke sannsynligheten for \u00e5 vinne. Her er noen tips:<\/span><\/p>\n<ul>\n<li style=\"font-weight: 400;\" aria-level=\"1\"><span style=\"font-weight: 400;\">Velg dine heldige tall. Du kan aldri ha for mye flaks n\u00e5r du spiller Thunderball.<\/span><\/li>\n<li style=\"font-weight: 400;\" aria-level=\"1\"><span style=\"font-weight: 400;\">Kj\u00f8p flere billetter og delta i flere trekninger \u2013 jo flere bidrag du har, desto h\u00f8yere er sjansene dine for \u00e5 vinne.<\/span><\/li>\n<li style=\"font-weight: 400;\" aria-level=\"1\"><span style=\"font-weight: 400;\">Bli med i, eller dann, en syndikat. Dette er en gruppe mennesker som sl\u00e5r sammen ressursene sine for \u00e5 kj\u00f8pe flere billetter.<\/span><\/li>\n<li style=\"font-weight: 400;\" aria-level=\"1\"><span style=\"font-weight: 400;\">Ha en sterk tro p\u00e5 at du vil vinne. Det er noe ved \u00e5 tro av hele hjertet som tiltrekker flaks. Flere lotterivinnere har snakket om at de var overbevist om at de ville vinne.<\/span><\/li>\n<\/ul>\n<h2><span style=\"font-weight: 400;\">Sjekk din vinnende kombinasjon p\u00e5 jackpotlotteryonline.com<\/span><\/h2>\n<p><span style=\"font-weight: 400;\">Vi gj\u00f8r det enkelt for spillere \u00e5 f\u00e5 tilgang til de beste internasjonale lotteriene ved \u00e5 tilby billetter online. I tillegg kan du sjekke trekningresultatene og ta ut gevinstene dine fra nettstedet v\u00e5rt. \u00c5 spille Thunderball har aldri v\u00e6rt mer avslappende og stressfritt, og vi har jobbet hardt for \u00e5 s\u00f8rge for at det forblir slik.<\/span><\/p>\n<p><span style=\"font-weight: 400;\">Hvis du vil pr\u00f8ve den britiske Thunderball, ikke n\u00f8l med \u00e5 kj\u00f8pe billettene dine n\u00e5. Bes\u00f8k nettstedet v\u00e5rt etter hver trekning for \u00e5 oppdage trekningresultatene og enkelt ta ut gevinstene dine.<\/span><\/p>\n<p><span style=\"font-weight: 400;\">Thunderball-lotteriets vinnertall og trekningresultater<br \/>\nSjekk billetten din mot de vinnende tallene og resultatene fra den siste Thunderball-trekningen, eller se historiske resultater.<\/span><\/p>\n","protected":false},"excerpt":{"rendered":"<p>Thunderball er ett av de mer popul\u00e6re lotteriene i Storbritannia. For en liten innsats kan spillere vinne opptil en halv million pund \u2013 noe som er helt fantastisk. Det finnes mange lotterier der ute, men det er noe med Thunderball som trekker spillere. Det kan v\u00e6re de utrolig gunstige oddsene, eller det faktum at lotteriet [&hellip;]<\/p>\n","protected":false},"author":7,"featured_media":0,"parent":74032,"menu_order":12,"comment_status":"closed","ping_status":"closed","template":"thunderball-results.php","meta":{"_et_pb_use_builder":"","_et_pb_old_content":"","_et_gb_content_width":"","exclude_from_search":false,"footnotes":""},"class_list":["post-74346","page","type-page","status-publish","hentry"],"yoast_head":"<!-- This site is optimized with the Yoast SEO plugin v23.3 - https:\/\/yoast.com\/wordpress\/plugins\/seo\/ -->\n<title>Vinnende numre og trekningresultater for Thunderball Lotto<\/title>\n<meta name=\"description\" content=\"Sjekk billetten din mot de vinnende numrene og resultatene fra den siste Thunderball-trekningen, eller finn historiske trekningresultater\" \/>\n<meta name=\"robots\" content=\"index, follow, max-snippet:-1, max-image-preview:large, max-video-preview:-1\" \/>\n<link rel=\"canonical\" href=\"https:\/\/jackpotlotteryonline.com\/no\/lotterieresultater\/thunderball-trekningresultater\/\" \/>\n<meta property=\"og:locale\" content=\"nb_NO\" \/>\n<meta property=\"og:type\" content=\"article\" \/>\n<meta property=\"og:title\" content=\"Vinnende numre og trekningresultater for Thunderball Lotto\" \/>\n<meta property=\"og:description\" content=\"Sjekk billetten din mot de vinnende numrene og resultatene fra den siste Thunderball-trekningen, eller finn historiske trekningresultater\" \/>\n<meta property=\"og:url\" content=\"https:\/\/jackpotlotteryonline.com\/no\/lotterieresultater\/thunderball-trekningresultater\/\" \/>\n<meta property=\"og:site_name\" content=\"Lotto Online - Crack The International Lottery Jackpots\" \/>\n<meta property=\"og:image\" content=\"http:\/\/jackpotlotteryonline.com\/wp-content\/uploads\/2022\/11\/1_rain_lottery_money_win-282x300.jpg\" \/>\n<meta name=\"twitter:card\" content=\"summary_large_image\" \/>\n<!-- \/ Yoast SEO plugin. -->","yoast_head_json":{"title":"Vinnende numre og trekningresultater for Thunderball Lotto","description":"Sjekk billetten din mot de vinnende numrene og resultatene fra den siste Thunderball-trekningen, eller finn historiske trekningresultater","robots":{"index":"index","follow":"follow","max-snippet":"max-snippet:-1","max-image-preview":"max-image-preview:large","max-video-preview":"max-video-preview:-1"},"canonical":"https:\/\/jackpotlotteryonline.com\/no\/lotterieresultater\/thunderball-trekningresultater\/","og_locale":"nb_NO","og_type":"article","og_title":"Vinnende numre og trekningresultater for Thunderball Lotto","og_description":"Sjekk billetten din mot de vinnende numrene og resultatene fra den siste Thunderball-trekningen, eller finn historiske trekningresultater","og_url":"https:\/\/jackpotlotteryonline.com\/no\/lotterieresultater\/thunderball-trekningresultater\/","og_site_name":"Lotto Online - Crack The International Lottery Jackpots","og_image":[{"url":"http:\/\/jackpotlotteryonline.com\/wp-content\/uploads\/2022\/11\/1_rain_lottery_money_win-282x300.jpg"}],"twitter_card":"summary_large_image","schema":{"@context":"https:\/\/schema.org","@graph":[{"@type":"WebPage","@id":"https:\/\/jackpotlotteryonline.com\/no\/lotterieresultater\/thunderball-trekningresultater\/","url":"https:\/\/jackpotlotteryonline.com\/no\/lotterieresultater\/thunderball-trekningresultater\/","name":"Vinnende numre og trekningresultater for Thunderball Lotto","isPartOf":{"@id":"https:\/\/jackpotlotteryonline.com\/#website"},"primaryImageOfPage":{"@id":"https:\/\/jackpotlotteryonline.com\/no\/lotterieresultater\/thunderball-trekningresultater\/#primaryimage"},"image":{"@id":"https:\/\/jackpotlotteryonline.com\/no\/lotterieresultater\/thunderball-trekningresultater\/#primaryimage"},"thumbnailUrl":"http:\/\/jackpotlotteryonline.com\/wp-content\/uploads\/2022\/11\/1_rain_lottery_money_win-282x300.jpg","datePublished":"2025-02-06T08:27:47+00:00","dateModified":"2025-02-06T08:27:47+00:00","description":"Sjekk billetten din mot de vinnende numrene og resultatene fra den siste Thunderball-trekningen, eller finn historiske trekningresultater","breadcrumb":{"@id":"https:\/\/jackpotlotteryonline.com\/no\/lotterieresultater\/thunderball-trekningresultater\/#breadcrumb"},"inLanguage":"nb-NO","potentialAction":[{"@type":"ReadAction","target":["https:\/\/jackpotlotteryonline.com\/no\/lotterieresultater\/thunderball-trekningresultater\/"]}]},{"@type":"ImageObject","inLanguage":"nb-NO","@id":"https:\/\/jackpotlotteryonline.com\/no\/lotterieresultater\/thunderball-trekningresultater\/#primaryimage","url":"http:\/\/jackpotlotteryonline.com\/wp-content\/uploads\/2022\/11\/1_rain_lottery_money_win-282x300.jpg","contentUrl":"http:\/\/jackpotlotteryonline.com\/wp-content\/uploads\/2022\/11\/1_rain_lottery_money_win-282x300.jpg"},{"@type":"BreadcrumbList","@id":"https:\/\/jackpotlotteryonline.com\/no\/lotterieresultater\/thunderball-trekningresultater\/#breadcrumb","itemListElement":[{"@type":"ListItem","position":1,"name":"Home","item":"https:\/\/jackpotlotteryonline.com\/no\/"},{"@type":"ListItem","position":2,"name":"Lotterieresultater","item":"https:\/\/jackpotlotteryonline.com\/no\/lotterieresultater\/"},{"@type":"ListItem","position":3,"name":"Thunderball trekningresultater"}]},{"@type":"WebSite","@id":"https:\/\/jackpotlotteryonline.com\/#website","url":"https:\/\/jackpotlotteryonline.com\/","name":"Lotto Online - Crack The International Lottery Jackpots","description":"","potentialAction":[{"@type":"SearchAction","target":{"@type":"EntryPoint","urlTemplate":"https:\/\/jackpotlotteryonline.com\/?s={search_term_string}"},"query-input":"required name=search_term_string"}],"inLanguage":"nb-NO"}]}},"_links":{"self":[{"href":"https:\/\/jackpotlotteryonline.com\/no\/wp-json\/wp\/v2\/pages\/74346","targetHints":{"allow":["GET"]}}],"collection":[{"href":"https:\/\/jackpotlotteryonline.com\/no\/wp-json\/wp\/v2\/pages"}],"about":[{"href":"https:\/\/jackpotlotteryonline.com\/no\/wp-json\/wp\/v2\/types\/page"}],"author":[{"embeddable":true,"href":"https:\/\/jackpotlotteryonline.com\/no\/wp-json\/wp\/v2\/users\/7"}],"replies":[{"embeddable":true,"href":"https:\/\/jackpotlotteryonline.com\/no\/wp-json\/wp\/v2\/comments?post=74346"}],"version-history":[{"count":0,"href":"https:\/\/jackpotlotteryonline.com\/no\/wp-json\/wp\/v2\/pages\/74346\/revisions"}],"up":[{"embeddable":true,"href":"https:\/\/jackpotlotteryonline.com\/no\/wp-json\/wp\/v2\/pages\/74032"}],"wp:attachment":[{"href":"https:\/\/jackpotlotteryonline.com\/no\/wp-json\/wp\/v2\/media?parent=74346"}],"curies":[{"name":"wp","href":"https:\/\/api.w.org\/{rel}","templated":true}]}}