{"id":74369,"date":"2025-02-06T09:23:47","date_gmt":"2025-02-06T09:23:47","guid":{"rendered":"https:\/\/jackpotlotteryonline.com\/?page_id=74369"},"modified":"2025-02-06T09:23:47","modified_gmt":"2025-02-06T09:23:47","slug":"lotto-america-trekkningsresultater","status":"publish","type":"page","link":"https:\/\/jackpotlotteryonline.com\/no\/lotterieresultater\/lotto-america-trekkningsresultater\/","title":{"rendered":"Lotto America trekkningsresultater"},"content":{"rendered":"<p><span style=\"font-weight: 400;\">Lotto America er et lotterispill i USA som har produsert mange million\u00e6rer. Sjansene for \u00e5 vinne i lotteriet er fantastiske, noe som gj\u00f8r det til et attraktivt spill for lotterientusiaster. N\u00e5 kan spillere over hele verden <a href=\"https:\/\/jackpotlotteryonline.com\/buy-tickets\/lotto-america\">kj\u00f8pe billetter til dette amerikanske lotteriet online<\/a>. Ikke bare det, men de kan ogs\u00e5 sjekke de vinnende tallene for \u00e5 finne ut om de har vunnet i lotteriet.<\/span><\/p>\n<p><span style=\"font-weight: 400;\">Du kan kj\u00f8pe billetter til de st\u00f8rste internasjonale lotteriene p\u00e5 jackpotlotteryonline.com og sjekke de vinnende tallene der ogs\u00e5. Og hvis du lurer p\u00e5 hvordan du kan f\u00e5 tilgang til gevinstene dine online, kan du fortsette \u00e5 lese. Vi deler alle detaljene med deg, og det vil raskt bli klart at \u00e5 spille online er den beste m\u00e5ten \u00e5 g\u00e5 frem p\u00e5.<\/span><\/p>\n<h2><span style=\"font-weight: 400;\">Spille Lotto America online<\/span><\/h2>\n<p><img loading=\"lazy\" decoding=\"async\" class=\"size-full wp-image-32081 alignright\" src=\"http:\/\/jackpotlotteryonline.com\/wp-content\/uploads\/2022\/11\/1_mega_lotto_win-213x300-1.jpg\" alt=\"Lotto America online billett\" width=\"213\" height=\"300\" \/><span style=\"font-weight: 400;\">Vi nevnte at du kan <a href=\"https:\/\/jackpotlotteryonline.com\/play-online\/lotto-america\">spille dette lotteriet online<\/a>, uansett hvor du bor. Vanligvis blir billetter solgt i USA, men du kan ogs\u00e5 kj\u00f8pe dem her p\u00e5 jackpotlotteryonline.com.<\/span><\/p>\n<p><span style=\"font-weight: 400;\">Det finnes andre nettsteder som selger billetter til lotteriet, men de lar bare spillerne satse p\u00e5 utfallet av lotteriet. Dette betyr at kj\u00f8p av en lotteribillett p\u00e5 disse nettstedene ikke gir deg deltakelse i selve lotteriet. S\u00e5 selv om du matcher alle de trekkede tallene, vil du ikke vinne hovedpremien. Derfor er det veldig viktig \u00e5 velge riktig nettsted.<\/span><\/p>\n<h2><span style=\"font-weight: 400;\">Trinn for \u00e5 spille lotteriet online<\/span><\/h2>\n<p><span style=\"font-weight: 400;\">N\u00e5r du har valgt et nettsted, kan du f\u00f8lge disse trinnene:<\/span><\/p>\n<ol>\n<li style=\"font-weight: 400;\" aria-level=\"1\"><span style=\"font-weight: 400;\">Bes\u00f8k nettstedet du vil bruke og klikk p\u00e5 Lotto America<\/span><\/li>\n<li style=\"font-weight: 400;\" aria-level=\"1\"><span style=\"font-weight: 400;\">Velg 5 tall fra en rekke 1 til 52 (hvis du ikke er sikker p\u00e5 hvilke tall du skal bruke, kan du pr\u00f8ve den automatiske tallgeneratoren)<\/span><\/li>\n<li style=\"font-weight: 400;\" aria-level=\"1\"><span style=\"font-weight: 400;\">Velg deretter et bonusnummer (Star Ball) fra 1 til 10<\/span><\/li>\n<li style=\"font-weight: 400;\" aria-level=\"1\"><span style=\"font-weight: 400;\">Kj\u00f8p flere linjer med tall for en h\u00f8yere vinnersjanse<\/span><\/li>\n<li style=\"font-weight: 400;\" aria-level=\"1\"><span style=\"font-weight: 400;\">Delta i trekningene (du kan delta i mer enn \u00e9n trekning)<\/span><\/li>\n<li style=\"font-weight: 400;\" aria-level=\"1\"><span style=\"font-weight: 400;\">Registrer deg og betal for billettene dine.<\/span><\/li>\n<\/ol>\n<p><span style=\"font-weight: 400;\">Vi ber deg registrere deg av flere grunner. F\u00f8rst vil vi sikre at din digitale billett er trygg. For det andre bruker vi kontoen din til \u00e5 kontakte deg hvis du vinner noen premie. Vi vil snakke mer om dette senere.<\/span><\/p>\n<h2><span style=\"font-weight: 400;\">Lotto America trekningstjenester og jackpot<\/span><\/h2>\n<p><span style=\"font-weight: 400;\">Dette amerikanske lotteriet har tre ukentlige trekninger, p\u00e5 mandager, onsdager og l\u00f8rdager. Under trekningene blir de vinnende billettene annonsert. For \u00e5 vinne jackpoten m\u00e5 billetten din matche de seks trekkede tallene. <\/span><\/p>\n<p><span style=\"font-weight: 400;\">Jackpoten i Lotto America starter p\u00e5 2 millioner dollar og kan rulle over hvis det ikke er noen vinner etter en trekning. P\u00e5 grunn av at det ruller over etter hver trekning (hvis det ikke er noen vinner), kan den n\u00e5 opp til 18 millioner dollar. Det er en god sum \u00e5 vinne, ikke sant?<\/span><\/p>\n<p><span style=\"font-weight: 400;\">Faktisk var den st\u00f8rste Lotto America jackpoten p\u00e5 23 millioner dollar og ble vunnet av en familie i 2018.<\/span><\/p>\n<section class=\"layout\" style=\"border: solid 1px; width: 100%;\">\n<div class=\"img-div\" style=\"margin-top: 5px;\"><img decoding=\"async\" class=\"wp-image-17212 alignleft\" style=\"height: 45px; margin: 8px 8px 0px;\" src=\"http:\/\/jackpotlotteryonline.com\/wp-content\/uploads\/2022\/11\/read1.jpg\" alt=\"read\" width=\"\" height=\"\" \/><\/div>\n<div style=\"padding-left: 5px;\">\n<div style=\"font-size: 1.1em;\">\n<p><strong>Noen lotterivinnere har gitt tilbake til samfunnet<\/strong><\/p>\n<p style=\"font-size: 0.85em; margin-top: -1.5em;\">Noen interessante og hjertevarme historier om lotterivinnere som gir tilbake <a href=\"https:\/\/jackpotlotteryonline.com\/stories-about-lottery-winners-giving-back\">les mer<\/a><\/p>\n<\/div>\n<\/div>\n<\/section>\n<h2><span style=\"font-weight: 400;\">Premie kategorier<\/span><\/h2>\n<p><span style=\"font-weight: 400;\">Jackpoten er selvf\u00f8lgelig hovedpremien i lotteriet. Men dette lotteriet har 9 forskjellige premie kategorier, noe som gir spillerne muligheten til \u00e5 vinne interessante premier.<\/span><\/p>\n<p><span style=\"font-weight: 400;\">Selv om du ikke vinner jackpoten, kan du fortsatt g\u00e5 hjem med en stor gevinst ved \u00e5 matche de vinnende tallene for andre kategorier. Her er premieoversikten sammen med sjansene for \u00e5 vinne hver premie kategori.<\/span><\/p>\n<p><span style=\"font-weight: 400;\">Divisjon 1: 5 + Star Ball &#8211; 1 av 25,989,600 &#8211; Jackpot<\/span><\/p>\n<p><span style=\"font-weight: 400;\">Divisjon 2: 5 &#8211; 1 av 2,887,733 &#8211; 20 000 dollar<\/span><\/p>\n<p><span style=\"font-weight: 400;\">Divisjon 3: 4 + Star Ball &#8211; 1 av 110,594 &#8211; 1 000 dollar<\/span><\/p>\n<p><span style=\"font-weight: 400;\">Divisjon 4: 4 &#8211; 1 av 12,288 &#8211; 100 dollar<\/span><\/p>\n<p><span style=\"font-weight: 400;\">Divisjon 5: 3 + Star Ball &#8211; 1 av 2,404 &#8211; 20 dollar<\/span><\/p>\n<p><span style=\"font-weight: 400;\">Divisjon 6: 3 &#8211; 1 av 267 &#8211; 5 dollar<\/span><\/p>\n<p><span style=\"font-weight: 400;\">Divisjon 7: 2 + Star Ball &#8211; 1 av 160 &#8211; 5 dollar<\/span><\/p>\n<p><span style=\"font-weight: 400;\">Divisjon 8: 1 + Star Ball &#8211; 1 av 29 &#8211; 2 dollar<\/span><\/p>\n<p><span style=\"font-weight: 400;\">Divisjon 9: 0 + Star Ball &#8211; 1 av 17 &#8211; 2 dollar<\/span><\/p>\n<h2><span style=\"font-weight: 400;\">Slik sjekker du de vinnende tallene<\/span><\/h2>\n<p><span style=\"font-weight: 400;\"><img loading=\"lazy\" decoding=\"async\" class=\"alignright size-full wp-image-31532\" src=\"http:\/\/jackpotlotteryonline.com\/wp-content\/uploads\/2022\/11\/lottoballs.jpg\" alt=\"sjekk Lotto America vinnertall\" width=\"245\" height=\"123\" \/>\u00c5 sjekke om du har vunnet en premie er like enkelt som \u00e5 g\u00e5 tilbake til denne siden etter trekningene. Etter hver trekning publiserer vi trekningens resultater for hver premie kategori. S\u00e5 du kan enkelt sjekke v\u00e5r side uten stress.<\/span><\/p>\n<p><span style=\"font-weight: 400;\">Hvis du ogs\u00e5 har kj\u00f8pt billetten din fra oss, s\u00e5 har du ogs\u00e5 registrert deg hos oss. Det betyr at hvis du vinner en premie, kan vi varsle deg via kontoen din og ogs\u00e5 via e-post.<\/span><\/p>\n<p><span style=\"font-weight: 400;\">Du vil aldri g\u00e5 glipp av en gevinst n\u00e5r du kj\u00f8per lotteribilletter fra oss.<\/span><\/p>\n<h2><span style=\"font-weight: 400;\">Utbetaling av premie<\/span><\/h2>\n<p><span style=\"font-weight: 400;\">Et sp\u00f8rsm\u00e5l vi ofte h\u00f8rer fra spillere er hvordan de kan f\u00e5 tilgang til gevinstene sine n\u00e5r de spiller Lotto America online. Hvis du kj\u00f8per lotteribilletter gjennom v\u00e5r nettside, tilbyr vi en enkel og problemfri metode for \u00e5 kreve gevinstene dine.<\/span><\/p>\n<p><span style=\"font-weight: 400;\">Gevinster under 2500 \u20ac vil bli kreditert kontoen din, og du kan deretter ta ut pengene uten ekstra kostnad. Mens st\u00f8rre gevinster krever en litt annen prosedyre. For st\u00f8rre gevinster m\u00e5 du kreve gevinsten fra lotteriselskapet. Men vi vil gi deg et skjema for krav, og n\u00e5r du har fylt ut det, vil vi prosessere kravene for deg.<\/span><\/p>\n<p><span style=\"font-weight: 400;\">Grunnen til dette er at du trenger \u00e5 identifisere deg. Noen lotteriselskaper kan kreve at du m\u00f8ter personlig for \u00e5 hente st\u00f8rre bel\u00f8p. Hvis dette skjer, vil vi informere deg umiddelbart.<\/span><\/p>\n<h2><span style=\"font-weight: 400;\">Kj\u00f8p Lotto America billetter p\u00e5 jackpotlotteryonline.com<\/span><\/h2>\n<p><span style=\"font-weight: 400;\">Det er mange grunner til at du b\u00f8r kj\u00f8pe Lotto America billetter fra oss. F\u00f8rst og fremst er vi en concierge-tjeneste. Det betyr at du kan lene deg tilbake og slappe av mens vi tar oss av detaljene for deg. S\u00e5 vi hjelper deg med \u00e5 f\u00e5 tilgang til de beste internasjonale lotteriene som Lotto America.<\/span><\/p>\n<p><span style=\"font-weight: 400;\">Men vi stopper ikke der. Vi tilbyr ogs\u00e5 et system som hjelper deg \u00e5 administrere dine lotterispill. Du kan bokstavelig talt delta i flere lotterier og trekninger direkte fra v\u00e5r nettside. Du trenger ikke \u00e5 g\u00e5 til andre steder. Vi gir deg ogs\u00e5 en praktisk m\u00e5te \u00e5 sjekke Lotto America resultatene, alt p\u00e5 ett sted.<\/span><\/p>\n<p><span style=\"font-weight: 400;\">Til slutt kan du enkelt sjekke de vinnende tallene og ta ut gevinstene dine fra plattformen direkte til kontoen din. Vi jobber hardt hver dag for \u00e5 perfeksjonere et s\u00f8ml\u00f8st system for deg. La oss ta bort stresset, slik at du kan fokusere p\u00e5 moroa. Registrer deg hos oss for \u00e5 spille lotteriet i dag.<\/span><\/p>\n<p>### Lotto America vinnertall og trekkningsresultater<br \/>\nLeter du etter de vinnende tallene til Lotto America? Trekkningsresultater for alle de store amerikanske lotteriene kan finnes p\u00e5 nettstedet v\u00e5rt!<\/p>\n","protected":false},"excerpt":{"rendered":"<p>Lotto America er et lotterispill i USA som har produsert mange million\u00e6rer. Sjansene for \u00e5 vinne i lotteriet er fantastiske, noe som gj\u00f8r det til et attraktivt spill for lotterientusiaster. N\u00e5 kan spillere over hele verden kj\u00f8pe billetter til dette amerikanske lotteriet online. Ikke bare det, men de kan ogs\u00e5 sjekke de vinnende tallene for [&hellip;]<\/p>\n","protected":false},"author":7,"featured_media":0,"parent":74032,"menu_order":13,"comment_status":"closed","ping_status":"closed","template":"lotto-america-results.php","meta":{"_et_pb_use_builder":"","_et_pb_old_content":"","_et_gb_content_width":"","exclude_from_search":false,"footnotes":""},"class_list":["post-74369","page","type-page","status-publish","hentry"],"yoast_head":"<!-- This site is optimized with the Yoast SEO plugin v23.3 - https:\/\/yoast.com\/wordpress\/plugins\/seo\/ -->\n<title>Vinnende numre og trekningresultater for Lotto America<\/title>\n<meta name=\"description\" content=\"Leter du etter de vinnende numrene for Lotto America? Trekningresultater for alle de store amerikanske lotteriene finner du p\u00e5 nettstedet v\u00e5rt!\" \/>\n<meta name=\"robots\" content=\"index, follow, max-snippet:-1, max-image-preview:large, max-video-preview:-1\" \/>\n<link rel=\"canonical\" href=\"https:\/\/jackpotlotteryonline.com\/no\/lotterieresultater\/lotto-america-trekkningsresultater\/\" \/>\n<meta property=\"og:locale\" content=\"nb_NO\" \/>\n<meta property=\"og:type\" content=\"article\" \/>\n<meta property=\"og:title\" content=\"Vinnende numre og trekningresultater for Lotto America\" \/>\n<meta property=\"og:description\" content=\"Leter du etter de vinnende numrene for Lotto America? Trekningresultater for alle de store amerikanske lotteriene finner du p\u00e5 nettstedet v\u00e5rt!\" \/>\n<meta property=\"og:url\" content=\"https:\/\/jackpotlotteryonline.com\/no\/lotterieresultater\/lotto-america-trekkningsresultater\/\" \/>\n<meta property=\"og:site_name\" content=\"Lotto Online - Crack The International Lottery Jackpots\" \/>\n<meta property=\"og:image\" content=\"http:\/\/jackpotlotteryonline.com\/wp-content\/uploads\/2022\/11\/1_mega_lotto_win-213x300-1.jpg\" \/>\n<meta name=\"twitter:card\" content=\"summary_large_image\" \/>\n<!-- \/ Yoast SEO plugin. -->","yoast_head_json":{"title":"Vinnende numre og trekningresultater for Lotto America","description":"Leter du etter de vinnende numrene for Lotto America? Trekningresultater for alle de store amerikanske lotteriene finner du p\u00e5 nettstedet v\u00e5rt!","robots":{"index":"index","follow":"follow","max-snippet":"max-snippet:-1","max-image-preview":"max-image-preview:large","max-video-preview":"max-video-preview:-1"},"canonical":"https:\/\/jackpotlotteryonline.com\/no\/lotterieresultater\/lotto-america-trekkningsresultater\/","og_locale":"nb_NO","og_type":"article","og_title":"Vinnende numre og trekningresultater for Lotto America","og_description":"Leter du etter de vinnende numrene for Lotto America? Trekningresultater for alle de store amerikanske lotteriene finner du p\u00e5 nettstedet v\u00e5rt!","og_url":"https:\/\/jackpotlotteryonline.com\/no\/lotterieresultater\/lotto-america-trekkningsresultater\/","og_site_name":"Lotto Online - Crack The International Lottery Jackpots","og_image":[{"url":"http:\/\/jackpotlotteryonline.com\/wp-content\/uploads\/2022\/11\/1_mega_lotto_win-213x300-1.jpg"}],"twitter_card":"summary_large_image","schema":{"@context":"https:\/\/schema.org","@graph":[{"@type":"WebPage","@id":"https:\/\/jackpotlotteryonline.com\/no\/lotterieresultater\/lotto-america-trekkningsresultater\/","url":"https:\/\/jackpotlotteryonline.com\/no\/lotterieresultater\/lotto-america-trekkningsresultater\/","name":"Vinnende numre og trekningresultater for Lotto America","isPartOf":{"@id":"https:\/\/jackpotlotteryonline.com\/#website"},"primaryImageOfPage":{"@id":"https:\/\/jackpotlotteryonline.com\/no\/lotterieresultater\/lotto-america-trekkningsresultater\/#primaryimage"},"image":{"@id":"https:\/\/jackpotlotteryonline.com\/no\/lotterieresultater\/lotto-america-trekkningsresultater\/#primaryimage"},"thumbnailUrl":"http:\/\/jackpotlotteryonline.com\/wp-content\/uploads\/2022\/11\/1_mega_lotto_win-213x300-1.jpg","datePublished":"2025-02-06T09:23:47+00:00","dateModified":"2025-02-06T09:23:47+00:00","description":"Leter du etter de vinnende numrene for Lotto America? Trekningresultater for alle de store amerikanske lotteriene finner du p\u00e5 nettstedet v\u00e5rt!","breadcrumb":{"@id":"https:\/\/jackpotlotteryonline.com\/no\/lotterieresultater\/lotto-america-trekkningsresultater\/#breadcrumb"},"inLanguage":"nb-NO","potentialAction":[{"@type":"ReadAction","target":["https:\/\/jackpotlotteryonline.com\/no\/lotterieresultater\/lotto-america-trekkningsresultater\/"]}]},{"@type":"ImageObject","inLanguage":"nb-NO","@id":"https:\/\/jackpotlotteryonline.com\/no\/lotterieresultater\/lotto-america-trekkningsresultater\/#primaryimage","url":"http:\/\/jackpotlotteryonline.com\/wp-content\/uploads\/2022\/11\/1_mega_lotto_win-213x300-1.jpg","contentUrl":"http:\/\/jackpotlotteryonline.com\/wp-content\/uploads\/2022\/11\/1_mega_lotto_win-213x300-1.jpg"},{"@type":"BreadcrumbList","@id":"https:\/\/jackpotlotteryonline.com\/no\/lotterieresultater\/lotto-america-trekkningsresultater\/#breadcrumb","itemListElement":[{"@type":"ListItem","position":1,"name":"Home","item":"https:\/\/jackpotlotteryonline.com\/no\/"},{"@type":"ListItem","position":2,"name":"Lotterieresultater","item":"https:\/\/jackpotlotteryonline.com\/no\/lotterieresultater\/"},{"@type":"ListItem","position":3,"name":"Lotto America trekkningsresultater"}]},{"@type":"WebSite","@id":"https:\/\/jackpotlotteryonline.com\/#website","url":"https:\/\/jackpotlotteryonline.com\/","name":"Lotto Online - Crack The International Lottery Jackpots","description":"","potentialAction":[{"@type":"SearchAction","target":{"@type":"EntryPoint","urlTemplate":"https:\/\/jackpotlotteryonline.com\/?s={search_term_string}"},"query-input":"required name=search_term_string"}],"inLanguage":"nb-NO"}]}},"_links":{"self":[{"href":"https:\/\/jackpotlotteryonline.com\/no\/wp-json\/wp\/v2\/pages\/74369","targetHints":{"allow":["GET"]}}],"collection":[{"href":"https:\/\/jackpotlotteryonline.com\/no\/wp-json\/wp\/v2\/pages"}],"about":[{"href":"https:\/\/jackpotlotteryonline.com\/no\/wp-json\/wp\/v2\/types\/page"}],"author":[{"embeddable":true,"href":"https:\/\/jackpotlotteryonline.com\/no\/wp-json\/wp\/v2\/users\/7"}],"replies":[{"embeddable":true,"href":"https:\/\/jackpotlotteryonline.com\/no\/wp-json\/wp\/v2\/comments?post=74369"}],"version-history":[{"count":0,"href":"https:\/\/jackpotlotteryonline.com\/no\/wp-json\/wp\/v2\/pages\/74369\/revisions"}],"up":[{"embeddable":true,"href":"https:\/\/jackpotlotteryonline.com\/no\/wp-json\/wp\/v2\/pages\/74032"}],"wp:attachment":[{"href":"https:\/\/jackpotlotteryonline.com\/no\/wp-json\/wp\/v2\/media?parent=74369"}],"curies":[{"name":"wp","href":"https:\/\/api.w.org\/{rel}","templated":true}]}}