{"id":74387,"date":"2025-02-06T09:42:04","date_gmt":"2025-02-06T09:42:04","guid":{"rendered":"https:\/\/jackpotlotteryonline.com\/?page_id=74387"},"modified":"2025-02-06T09:42:04","modified_gmt":"2025-02-06T09:42:04","slug":"mega-sena-lotteri-trekning-resultater","status":"publish","type":"page","link":"https:\/\/jackpotlotteryonline.com\/no\/lotterieresultater\/mega-sena-lotteri-trekning-resultater\/","title":{"rendered":"Mega-Sena lotteri trekning resultater"},"content":{"rendered":"<p><span style=\"font-weight: 400;\">Spillere over hele verden kan n\u00e5 kj\u00f8pe billetter til Mega-Sena lotteriet. Ikke bare det, men n\u00e5r du spiller lotteriet, kan du sjekke Mega-Sena vinnende tall online. En viktig del av \u00e5 spille lotteriet er \u00e5 sjekke trekningens resultater slik at du ikke g\u00e5r glipp av noen premier. Det finnes flere m\u00e5ter \u00e5 sjekke vinnertallene for det brasilianske lotteriet, og vi kommer tilbake til det om et \u00f8yeblikk.<\/span><\/p>\n<p><span style=\"font-weight: 400;\">Men, hvis du har d\u00e5rlig tid til \u00e5 f\u00e5 resultatene fra siste trekning, kan du bes\u00f8ke jackpotlotteryonline.com for tilgang til de beste internasjonale lotteriene.<\/span><\/p>\n<section class=\"layout\" style=\"border: solid 1px; width: 100%;\">\n<div class=\"img-div\" style=\"margin-top: 5px;\"><img decoding=\"async\" class=\"wp-image-17212 alignleft\" style=\"height: 45px; margin: 8px 8px 0px;\" src=\"http:\/\/jackpotlotteryonline.com\/wp-content\/uploads\/2022\/11\/read1.jpg\" alt=\"read\" width=\"\" height=\"\" \/><\/div>\n<div style=\"padding-left: 5px;\">\n<div style=\"font-size: 1.1em;\">\n<strong>Europeiske lotterier<\/strong><\/p>\n<p style=\"font-size: 0.85em; margin-top: -1.5em;\">Hvilke europeiske lotterier er de beste? <a href=\"https:\/\/jackpotlotteryonline.com\/which-european-lotteries-are-the-best\"> les mer<\/a><\/p>\n<\/div>\n<\/div>\n<\/section>\n<h2><span style=\"font-weight: 400;\">Grunnleggende om Mega-Sena lotteri<\/span><\/h2>\n<p><span style=\"font-weight: 400;\">Mega-Sena er som andre lotterier p\u00e5 m\u00e5ten det spilles p\u00e5. Du trenger bare \u00e5 velge tall fra et bestemt omr\u00e5de. For det brasilianske lotteriet, velger du 6 tall fra et omr\u00e5de fra 1 til 60. Og det er det. Ingen ekstra eller bonus tall, bare de seks for dette lotteriet.<\/span><\/p>\n<p><span style=\"font-weight: 400;\">N\u00e5r du har valgt tallene du vil ha, er neste steg \u00e5 delta i trekningene. Mega-Sena har to ukentlige trekninger, p\u00e5 onsdag og torsdag.<\/span><\/p>\n<h2><span style=\"font-weight: 400;\">Mega-Sena vinnende tall<\/span><\/h2>\n<p><img loading=\"lazy\" decoding=\"async\" class=\"size-full wp-image-29102 alignright\" src=\"http:\/\/jackpotlotteryonline.com\/wp-content\/uploads\/2022\/11\/1_play_lottery_international.jpg\" alt=\"Mega-Sena winning numbers\" width=\"205\" height=\"147\" \/><\/p>\n<p><span style=\"font-weight: 400;\">Hvordan velger du dine vinnende tall for Mega-Sena? Ulike spillere har forskjellige m\u00e5ter \u00e5 velge det som fungerer for dem. Du kan velge dine vinnertall ved \u00e5 bruke datoer som er spesielle for deg. Hvis du har heldige datoer eller tall, kan disse v\u00e6re nyttige n\u00e5r du velger et tall.<\/span><\/p>\n<p><span style=\"font-weight: 400;\">Hvis du ikke har noe spesielt tall i tankene, ikke bekymre deg. N\u00e5r du <a href=\"https:\/\/jackpotlotteryonline.com\/play-online\/mega-sena\">spiller Mega-Sena med oss<\/a>, kan du bruke v\u00e5r auto-generator for \u00e5 velge tilfeldige tall. Til syvende og sist er det viktig \u00e5 huske at lotteriet er et sjansespill. Den eneste virkelige m\u00e5ten \u00e5 \u00f8ke sjansene dine for \u00e5 vinne er \u00e5 kj\u00f8pe flere billetter og delta i flere trekninger.<\/span><\/p>\n<p><span style=\"font-weight: 400;\">Du kan spille lotteriet online ved \u00e5 bes\u00f8ke v\u00e5r Mega-Sena-side. Vi gj\u00f8r det enkelt for deg \u00e5 delta i \u00e9n eller flere trekninger. Du kan ogs\u00e5 kj\u00f8pe flere linjer p\u00e5 \u00e9n billett, noe som gir deg flere deltakelser i lotteriet.<\/span><\/p>\n<h2><span style=\"font-weight: 400;\">Mega-Sena premier<\/span><\/h2>\n<p><span style=\"font-weight: 400;\">Mega-Sena lotteriet har en garantert startjackpot p\u00e5 3 millioner brasilianske Real. Det er omtrent \u20ac549,467.87. Men hvis det ikke er noen vinner etter en trekning, blir jackpoten overf\u00f8rt til neste trekning. Dermed kan jackpotbel\u00f8pet vokse seg ganske stort, noe som gj\u00f8r det til et s\u00f8tt tilbud for spillere overalt.<\/span><\/p>\n<p><span style=\"font-weight: 400;\">I tillegg er sjansene for \u00e5 vinne Mega-Sena 1 til 50 millioner. N\u00e5r du sammenligner dette med andre topp internasjonale lotterier, er det lett \u00e5 se hvorfor det brasilianske lotteriet er popul\u00e6rt blant spillere.<\/span><\/p>\n<p><span style=\"font-weight: 400;\">Det brasilianske lotteriet er ogs\u00e5 annerledes enn andre lotterier ved at det kun tilbyr 3 premie-kategorier, inkludert jackpoten. S\u00e5 n\u00e5r du vinner i lotteriet, kan du vinne noen av f\u00f8lgende premier:<\/span><\/p>\n<p><span style=\"font-weight: 400;\">Jackpot &#8211; Sena: Treff 6 &#8211; 35% av premiepotten<\/span><\/p>\n<p><span style=\"font-weight: 400;\">Tier 2 &#8211; Quina: Treff 5 &#8211; 19% av premiepotten<\/span><\/p>\n<p><span style=\"font-weight: 400;\">Tier 3 &#8211; Quadra: Treff 4 &#8211; 19% av premiepotten<\/span><\/p>\n<h2><span style=\"font-weight: 400;\">Krev din premie<\/span><\/h2>\n<p><span style=\"font-weight: 400;\">Neste steg er \u00e5 kreve premien du har vunnet n\u00e5r du deltar i lotteriet. Hvordan du krever premien din avhenger virkelig av hvor du kj\u00f8pte billetten din. N\u00e5r du spiller lotteriet online, er det viktig \u00e5 kj\u00f8pe billetten fra et nettsted som gir deg sjansen til \u00e5 vinne lotteriet. Noen nettsteder lar deg bare satse p\u00e5 utfallet av lotteriet.<\/span><\/p>\n<p><span style=\"font-weight: 400;\">N\u00e5r du <a href=\"https:\/\/jackpotlotteryonline.com\/buy-tickets\/mega-sena\">kj\u00f8per billetten din fra oss<\/a>, f\u00e5r du tilgang til lotteriet. Dette er fordi v\u00e5r agent i Brasil vil kj\u00f8pe fysiske billetter med de tilh\u00f8rende tallene. Dette gir deg sjansen til \u00e5 vinne i lotteriet.<\/span><\/p>\n<p><span style=\"font-weight: 400;\">S\u00e5, hvis du vinner noen premier, trenger du bare \u00e5 ta ut premien fra v\u00e5rt nettsted til kontoen din. S\u00e5 enkelt er det. Bes\u00f8k v\u00e5re vilk\u00e5r og betingelser for \u00e5 finne ut hvordan du kan innl\u00f8se dine vinnende Mega-Sena tall.<\/span><\/p>\n","protected":false},"excerpt":{"rendered":"<p>Spillere over hele verden kan n\u00e5 kj\u00f8pe billetter til Mega-Sena lotteriet. Ikke bare det, men n\u00e5r du spiller lotteriet, kan du sjekke Mega-Sena vinnende tall online. En viktig del av \u00e5 spille lotteriet er \u00e5 sjekke trekningens resultater slik at du ikke g\u00e5r glipp av noen premier. Det finnes flere m\u00e5ter \u00e5 sjekke vinnertallene for [&hellip;]<\/p>\n","protected":false},"author":7,"featured_media":0,"parent":74032,"menu_order":14,"comment_status":"closed","ping_status":"closed","template":"megasena-results.php","meta":{"_et_pb_use_builder":"","_et_pb_old_content":"","_et_gb_content_width":"","exclude_from_search":false,"footnotes":""},"class_list":["post-74387","page","type-page","status-publish","hentry"],"yoast_head":"<!-- This site is optimized with the Yoast SEO plugin v23.3 - https:\/\/yoast.com\/wordpress\/plugins\/seo\/ -->\n<title>Mega-Sena lotteri trekning resultater og vinnende tall<\/title>\n<meta name=\"description\" content=\"Brazils Mega-Sena resultater er vanskelig \u00e5 finne \u2013 vi lister dagens og g\u00e5rsdagens vinnende tall og trekning resultater p\u00e5 v\u00e5r nettside.\" \/>\n<meta name=\"robots\" content=\"index, follow, max-snippet:-1, max-image-preview:large, max-video-preview:-1\" \/>\n<link rel=\"canonical\" href=\"https:\/\/jackpotlotteryonline.com\/no\/lotterieresultater\/mega-sena-lotteri-trekning-resultater\/\" \/>\n<meta property=\"og:locale\" content=\"nb_NO\" \/>\n<meta property=\"og:type\" content=\"article\" \/>\n<meta property=\"og:title\" content=\"Mega-Sena lotteri trekning resultater og vinnende tall\" \/>\n<meta property=\"og:description\" content=\"Brazils Mega-Sena resultater er vanskelig \u00e5 finne \u2013 vi lister dagens og g\u00e5rsdagens vinnende tall og trekning resultater p\u00e5 v\u00e5r nettside.\" \/>\n<meta property=\"og:url\" content=\"https:\/\/jackpotlotteryonline.com\/no\/lotterieresultater\/mega-sena-lotteri-trekning-resultater\/\" \/>\n<meta property=\"og:site_name\" content=\"Lotto Online - Crack The International Lottery Jackpots\" \/>\n<meta property=\"og:image\" content=\"http:\/\/jackpotlotteryonline.com\/wp-content\/uploads\/2022\/11\/read1.jpg\" \/>\n<meta name=\"twitter:card\" content=\"summary_large_image\" \/>\n<!-- \/ Yoast SEO plugin. -->","yoast_head_json":{"title":"Mega-Sena lotteri trekning resultater og vinnende tall","description":"Brazils Mega-Sena resultater er vanskelig \u00e5 finne \u2013 vi lister dagens og g\u00e5rsdagens vinnende tall og trekning resultater p\u00e5 v\u00e5r nettside.","robots":{"index":"index","follow":"follow","max-snippet":"max-snippet:-1","max-image-preview":"max-image-preview:large","max-video-preview":"max-video-preview:-1"},"canonical":"https:\/\/jackpotlotteryonline.com\/no\/lotterieresultater\/mega-sena-lotteri-trekning-resultater\/","og_locale":"nb_NO","og_type":"article","og_title":"Mega-Sena lotteri trekning resultater og vinnende tall","og_description":"Brazils Mega-Sena resultater er vanskelig \u00e5 finne \u2013 vi lister dagens og g\u00e5rsdagens vinnende tall og trekning resultater p\u00e5 v\u00e5r nettside.","og_url":"https:\/\/jackpotlotteryonline.com\/no\/lotterieresultater\/mega-sena-lotteri-trekning-resultater\/","og_site_name":"Lotto Online - Crack The International Lottery Jackpots","og_image":[{"url":"http:\/\/jackpotlotteryonline.com\/wp-content\/uploads\/2022\/11\/read1.jpg"}],"twitter_card":"summary_large_image","schema":{"@context":"https:\/\/schema.org","@graph":[{"@type":"WebPage","@id":"https:\/\/jackpotlotteryonline.com\/no\/lotterieresultater\/mega-sena-lotteri-trekning-resultater\/","url":"https:\/\/jackpotlotteryonline.com\/no\/lotterieresultater\/mega-sena-lotteri-trekning-resultater\/","name":"Mega-Sena lotteri trekning resultater og vinnende tall","isPartOf":{"@id":"https:\/\/jackpotlotteryonline.com\/#website"},"primaryImageOfPage":{"@id":"https:\/\/jackpotlotteryonline.com\/no\/lotterieresultater\/mega-sena-lotteri-trekning-resultater\/#primaryimage"},"image":{"@id":"https:\/\/jackpotlotteryonline.com\/no\/lotterieresultater\/mega-sena-lotteri-trekning-resultater\/#primaryimage"},"thumbnailUrl":"http:\/\/jackpotlotteryonline.com\/wp-content\/uploads\/2022\/11\/read1.jpg","datePublished":"2025-02-06T09:42:04+00:00","dateModified":"2025-02-06T09:42:04+00:00","description":"Brazils Mega-Sena resultater er vanskelig \u00e5 finne \u2013 vi lister dagens og g\u00e5rsdagens vinnende tall og trekning resultater p\u00e5 v\u00e5r nettside.","breadcrumb":{"@id":"https:\/\/jackpotlotteryonline.com\/no\/lotterieresultater\/mega-sena-lotteri-trekning-resultater\/#breadcrumb"},"inLanguage":"nb-NO","potentialAction":[{"@type":"ReadAction","target":["https:\/\/jackpotlotteryonline.com\/no\/lotterieresultater\/mega-sena-lotteri-trekning-resultater\/"]}]},{"@type":"ImageObject","inLanguage":"nb-NO","@id":"https:\/\/jackpotlotteryonline.com\/no\/lotterieresultater\/mega-sena-lotteri-trekning-resultater\/#primaryimage","url":"http:\/\/jackpotlotteryonline.com\/wp-content\/uploads\/2022\/11\/read1.jpg","contentUrl":"http:\/\/jackpotlotteryonline.com\/wp-content\/uploads\/2022\/11\/read1.jpg"},{"@type":"BreadcrumbList","@id":"https:\/\/jackpotlotteryonline.com\/no\/lotterieresultater\/mega-sena-lotteri-trekning-resultater\/#breadcrumb","itemListElement":[{"@type":"ListItem","position":1,"name":"Home","item":"https:\/\/jackpotlotteryonline.com\/no\/"},{"@type":"ListItem","position":2,"name":"Lotterieresultater","item":"https:\/\/jackpotlotteryonline.com\/no\/lotterieresultater\/"},{"@type":"ListItem","position":3,"name":"Mega-Sena lotteri trekning resultater"}]},{"@type":"WebSite","@id":"https:\/\/jackpotlotteryonline.com\/#website","url":"https:\/\/jackpotlotteryonline.com\/","name":"Lotto Online - Crack The International Lottery Jackpots","description":"","potentialAction":[{"@type":"SearchAction","target":{"@type":"EntryPoint","urlTemplate":"https:\/\/jackpotlotteryonline.com\/?s={search_term_string}"},"query-input":"required name=search_term_string"}],"inLanguage":"nb-NO"}]}},"_links":{"self":[{"href":"https:\/\/jackpotlotteryonline.com\/no\/wp-json\/wp\/v2\/pages\/74387","targetHints":{"allow":["GET"]}}],"collection":[{"href":"https:\/\/jackpotlotteryonline.com\/no\/wp-json\/wp\/v2\/pages"}],"about":[{"href":"https:\/\/jackpotlotteryonline.com\/no\/wp-json\/wp\/v2\/types\/page"}],"author":[{"embeddable":true,"href":"https:\/\/jackpotlotteryonline.com\/no\/wp-json\/wp\/v2\/users\/7"}],"replies":[{"embeddable":true,"href":"https:\/\/jackpotlotteryonline.com\/no\/wp-json\/wp\/v2\/comments?post=74387"}],"version-history":[{"count":0,"href":"https:\/\/jackpotlotteryonline.com\/no\/wp-json\/wp\/v2\/pages\/74387\/revisions"}],"up":[{"embeddable":true,"href":"https:\/\/jackpotlotteryonline.com\/no\/wp-json\/wp\/v2\/pages\/74032"}],"wp:attachment":[{"href":"https:\/\/jackpotlotteryonline.com\/no\/wp-json\/wp\/v2\/media?parent=74387"}],"curies":[{"name":"wp","href":"https:\/\/api.w.org\/{rel}","templated":true}]}}