{"id":74406,"date":"2025-02-06T09:57:04","date_gmt":"2025-02-06T09:57:04","guid":{"rendered":"https:\/\/jackpotlotteryonline.com\/?page_id=74406"},"modified":"2025-02-06T09:57:04","modified_gmt":"2025-02-06T09:57:04","slug":"resultater-fra-new-york-lottery-trekning","status":"publish","type":"page","link":"https:\/\/jackpotlotteryonline.com\/no\/lotterieresultater\/resultater-fra-new-york-lottery-trekning\/","title":{"rendered":"Resultater fra New York Lottery trekning"},"content":{"rendered":"<p><span style=\"font-weight: 400;\">New York Lotto pleide \u00e5 v\u00e6re en av de oversette lotteriene. Hovedsakelig fordi du kun kunne delta i lotteriet som en bosatt i New York. Dette har endret seg n\u00e5, ettersom spillere over hele verden kan kj\u00f8pe lotteribilletter. N\u00e5 velger flere lotteri-entusiaster vinnende tall ved \u00e5 spille online. New York Lotto ble grunnlagt for \u00e5 samle inn penger til utdanning, s\u00e5 det har sine r\u00f8tter i en god sak. Hver gang du kj\u00f8per et billett, bidrar du til finansiering av utdanning.<\/span><\/p>\n<p><span style=\"font-weight: 400;\">Du kan velge din New York Lotto-kombinasjon n\u00e5r du <a href=\"https:\/\/jackpotlotteryonline.com\/buy-tickets\/new-york-lottery\">kj\u00f8per lotteribilletter p\u00e5 jackpotlotteryonline.com.<\/a><\/span><\/p>\n<h2><span style=\"font-weight: 400;\">Hvordan spille New York Lotto online<\/span><\/h2>\n<p><span style=\"font-weight: 400;\">Det er morsomt og spennende \u00e5 spille p\u00e5 lotto. Men opplevelsen blir enda mer intens n\u00e5r du spiller online. \u00c5 delta i lotto online er raskt, enkelt og helt rett frem. Hvis du spiller New York Lotto, er det disse trinnene:<\/span><\/p>\n<ul>\n<li style=\"font-weight: 400;\" aria-level=\"1\"><span style=\"font-weight: 400;\">Bes\u00f8k nettsiden etter eget valg (som jackpotlotteryonline.com) og klikk p\u00e5 lotteriet du vil spille.<\/span><\/li>\n<li style=\"font-weight: 400;\" aria-level=\"1\"><span style=\"font-weight: 400;\">Velg 6 tall fra 1 til 59. Det er et 7. tall, men dette trekkes tilfeldig av lotteriselskapet og er ikke en del av billetten din.<\/span><\/li>\n<li style=\"font-weight: 400;\" aria-level=\"1\"><span style=\"font-weight: 400;\">Delta i trekningene som skjer onsdager og l\u00f8rdager hver uke. Du kan delta i \u00e9n trekning eller begge.<\/span><\/li>\n<li style=\"font-weight: 400;\" aria-level=\"1\"><span style=\"font-weight: 400;\">Fullf\u00f8r betalingen. De fleste lotterinettsteder vil be deg om \u00e5 registrere deg for \u00e5 fullf\u00f8re betalingen. Dette er for at du enkelt skal f\u00e5 tilgang til billetten etter at du har kj\u00f8pt den.<\/span><\/li>\n<\/ul>\n<p><span style=\"font-weight: 400;\"><img loading=\"lazy\" decoding=\"async\" class=\"alignright size-full wp-image-29534\" src=\"http:\/\/jackpotlotteryonline.com\/wp-content\/uploads\/2022\/11\/1_results_lottery_online5.jpg\" alt=\"Spille New York Lottery online\" width=\"300\" height=\"200\" \/>Det er s\u00e5 enkelt \u00e5 spille lotto online. Det finnes ingen annen m\u00e5te \u00e5 f\u00e5 billetter fra utenfor New York. Derfor gir vi den ultimate muligheten for spillere som bor i andre deler av verden.<\/span><\/p>\n<h2><span style=\"font-weight: 400;\">Hvordan velge vinnende tall<\/span><\/h2>\n<p><span style=\"font-weight: 400;\">Er det virkelig en vinnerstrategi for \u00e5 velge kombinasjoner som garantert vinner i lotteriet? Vi tror ikke det, av den enkle grunnen at lotto er et sjansespill. Det er ganske vanskelig \u00e5 si hvilken kombinasjon som vil hjelpe deg \u00e5 vinne lotteriet, spesielt siden trekningene er tilfeldige.<\/span><\/p>\n<p><span style=\"font-weight: 400;\">Likevel kan du \u00f8ke lykken din ved \u00e5 velge vinnende tall som gir deg en f\u00f8lelse av lykke. S\u00e5 du kan velge bursdager, jubileer, tall som har v\u00e6rt heldige for deg gjennom hele livet, osv. Eller s\u00e5 kan du enkelt bruke den automatiske generatoren p\u00e5 v\u00e5r nettside for \u00e5 velge tilfeldige tall.<\/span><\/p>\n<h2><span style=\"font-weight: 400;\">New York Lotto premie-kategorier<\/span><\/h2>\n<p><span style=\"font-weight: 400;\">New York Lotto har en minimumsjackpot p\u00e5 2 millioner dollar. Men hvis ingen vinner jackpotten etter trekningene, \u00f8ker den med 300 000 dollar. Denne premien fortsetter \u00e5 \u00f8ke til en vinner dukker opp.<\/span><\/p>\n<p><span style=\"font-weight: 400;\">Det finnes fem premie-kategorier totalt, inkludert jackpotten. Og sjansene for \u00e5 vinne en premie totalt er 1 av 92,05. Fordelingen av premiene er basert p\u00e5 totale salg. Derfor er 40% av salget tildelt som premiebel\u00f8p. Jackpotten er en prosentandel av dette og er ikke et l\u00e5st bel\u00f8p. Premie-kategoriene for New York Lotto er beskrevet nedenfor:<\/span><\/p>\n<p><span style=\"font-weight: 400;\">Kategori 1: 6 tall &#8211; jackpot (30%)<\/span><\/p>\n<p><span style=\"font-weight: 400;\">Kategori 2: 5 tall + Bonusnummer &#8211; 2,9% av salget<\/span><\/p>\n<p><span style=\"font-weight: 400;\">Kategori 3: 5 tall &#8211; 2,2% av salget<\/span><\/p>\n<p><span style=\"font-weight: 400;\">Kategori 4: 4 tall &#8211; 2,5% av salget<\/span><\/p>\n<p><span style=\"font-weight: 400;\">Kategori 5: 3 tall &#8211; 2,4% av salget<\/span><\/p>\n<h2><span style=\"font-weight: 400;\"><img loading=\"lazy\" decoding=\"async\" class=\"alignright size-medium wp-image-29183\" src=\"http:\/\/jackpotlotteryonline.com\/wp-content\/uploads\/2022\/11\/1_play_lotto-online-300x199.jpg\" alt=\"Sjekk de vinnende tallene for New York\" width=\"300\" height=\"199\" srcset=\"https:\/\/jackpotlotteryonline.com\/wp-content\/uploads\/2022\/11\/1_play_lotto-online-300x199.jpg 300w, https:\/\/jackpotlotteryonline.com\/wp-content\/uploads\/2022\/11\/1_play_lotto-online.jpg 350w\" sizes=\"auto, (max-width: 300px) 100vw, 300px\" \/>Hvordan sjekke de vinnende tallene<\/span><\/h2>\n<p><span style=\"font-weight: 400;\">Hvordan vet du om du har vunnet en premie? Hvis du spiller New York Lotto p\u00e5 jackpotlotteryonline.com, vil vi informere deg hvis du har vunnet en premie. Vi gj\u00f8r dette ved \u00e5 sende en melding til kontoen din og til e-posten din. Det er virkelig ingen m\u00e5te du kan g\u00e5 glipp av premien hvis du er registrert hos oss.<\/span><\/p>\n<p><span style=\"font-weight: 400;\">Selv om du ikke vinner en premie, kan du fortsatt sjekke de vinnende tallene ved \u00e5 bes\u00f8ke denne siden. Vi legger ut trekkeresultatene her etter hver trekning. S\u00e5 sjekk tilbake og se hvilken kombinasjon som vant jackpotten eller premiene fra andre kategorier.<\/span><\/p>\n<h2><span style=\"font-weight: 400;\">Hvordan trekke premien din<\/span><\/h2>\n<p><span style=\"font-weight: 400;\">Hvis du har vunnet en premie, kan du lett f\u00e5 tilgang til gevinsten din her p\u00e5 v\u00e5r nettside. For premier under 2 500 euro kan du trekke premien direkte til banken din fra v\u00e5r plattform. Det er bare noen f\u00e5 klikk, og du f\u00e5r premien uten problemer.<\/span><\/p>\n<p><span style=\"font-weight: 400;\">Hvis premien din er mer enn 2 500 euro, kan det hende du trenger \u00e5 kontakte lotteriselskapet direkte. Hvis det er tilfelle, vil vi sende deg et kravskjema for utfylling og hjelpe deg med \u00e5 behandle gevinsten din.<\/span><\/p>\n","protected":false},"excerpt":{"rendered":"<p>New York Lotto pleide \u00e5 v\u00e6re en av de oversette lotteriene. Hovedsakelig fordi du kun kunne delta i lotteriet som en bosatt i New York. Dette har endret seg n\u00e5, ettersom spillere over hele verden kan kj\u00f8pe lotteribilletter. N\u00e5 velger flere lotteri-entusiaster vinnende tall ved \u00e5 spille online. New York Lotto ble grunnlagt for \u00e5 [&hellip;]<\/p>\n","protected":false},"author":7,"featured_media":0,"parent":74032,"menu_order":15,"comment_status":"closed","ping_status":"closed","template":"newyork-results.php","meta":{"_et_pb_use_builder":"","_et_pb_old_content":"","_et_gb_content_width":"","exclude_from_search":false,"footnotes":""},"class_list":["post-74406","page","type-page","status-publish","hentry"],"yoast_head":"<!-- This site is optimized with the Yoast SEO plugin v23.3 - https:\/\/yoast.com\/wordpress\/plugins\/seo\/ -->\n<title>Vinnende numre og trekningresultater for New York Lotto<\/title>\n<meta name=\"description\" content=\"Trekningresultater for New York Lotto \u2013 vinnertall, vunnede bel\u00f8p for alle tidligere og n\u00e5v\u00e6rende trekninger\" \/>\n<meta name=\"robots\" content=\"index, follow, max-snippet:-1, max-image-preview:large, max-video-preview:-1\" \/>\n<link rel=\"canonical\" href=\"https:\/\/jackpotlotteryonline.com\/no\/lotterieresultater\/resultater-fra-new-york-lottery-trekning\/\" \/>\n<meta property=\"og:locale\" content=\"nb_NO\" \/>\n<meta property=\"og:type\" content=\"article\" \/>\n<meta property=\"og:title\" content=\"Vinnende numre og trekningresultater for New York Lotto\" \/>\n<meta property=\"og:description\" content=\"Trekningresultater for New York Lotto \u2013 vinnertall, vunnede bel\u00f8p for alle tidligere og n\u00e5v\u00e6rende trekninger\" \/>\n<meta property=\"og:url\" content=\"https:\/\/jackpotlotteryonline.com\/no\/lotterieresultater\/resultater-fra-new-york-lottery-trekning\/\" \/>\n<meta property=\"og:site_name\" content=\"Lotto Online - Crack The International Lottery Jackpots\" \/>\n<meta property=\"og:image\" content=\"http:\/\/jackpotlotteryonline.com\/wp-content\/uploads\/2022\/11\/1_results_lottery_online5.jpg\" \/>\n<meta name=\"twitter:card\" content=\"summary_large_image\" \/>\n<!-- \/ Yoast SEO plugin. -->","yoast_head_json":{"title":"Vinnende numre og trekningresultater for New York Lotto","description":"Trekningresultater for New York Lotto \u2013 vinnertall, vunnede bel\u00f8p for alle tidligere og n\u00e5v\u00e6rende trekninger","robots":{"index":"index","follow":"follow","max-snippet":"max-snippet:-1","max-image-preview":"max-image-preview:large","max-video-preview":"max-video-preview:-1"},"canonical":"https:\/\/jackpotlotteryonline.com\/no\/lotterieresultater\/resultater-fra-new-york-lottery-trekning\/","og_locale":"nb_NO","og_type":"article","og_title":"Vinnende numre og trekningresultater for New York Lotto","og_description":"Trekningresultater for New York Lotto \u2013 vinnertall, vunnede bel\u00f8p for alle tidligere og n\u00e5v\u00e6rende trekninger","og_url":"https:\/\/jackpotlotteryonline.com\/no\/lotterieresultater\/resultater-fra-new-york-lottery-trekning\/","og_site_name":"Lotto Online - Crack The International Lottery Jackpots","og_image":[{"url":"http:\/\/jackpotlotteryonline.com\/wp-content\/uploads\/2022\/11\/1_results_lottery_online5.jpg"}],"twitter_card":"summary_large_image","schema":{"@context":"https:\/\/schema.org","@graph":[{"@type":"WebPage","@id":"https:\/\/jackpotlotteryonline.com\/no\/lotterieresultater\/resultater-fra-new-york-lottery-trekning\/","url":"https:\/\/jackpotlotteryonline.com\/no\/lotterieresultater\/resultater-fra-new-york-lottery-trekning\/","name":"Vinnende numre og trekningresultater for New York Lotto","isPartOf":{"@id":"https:\/\/jackpotlotteryonline.com\/#website"},"primaryImageOfPage":{"@id":"https:\/\/jackpotlotteryonline.com\/no\/lotterieresultater\/resultater-fra-new-york-lottery-trekning\/#primaryimage"},"image":{"@id":"https:\/\/jackpotlotteryonline.com\/no\/lotterieresultater\/resultater-fra-new-york-lottery-trekning\/#primaryimage"},"thumbnailUrl":"http:\/\/jackpotlotteryonline.com\/wp-content\/uploads\/2022\/11\/1_results_lottery_online5.jpg","datePublished":"2025-02-06T09:57:04+00:00","dateModified":"2025-02-06T09:57:04+00:00","description":"Trekningresultater for New York Lotto \u2013 vinnertall, vunnede bel\u00f8p for alle tidligere og n\u00e5v\u00e6rende trekninger","breadcrumb":{"@id":"https:\/\/jackpotlotteryonline.com\/no\/lotterieresultater\/resultater-fra-new-york-lottery-trekning\/#breadcrumb"},"inLanguage":"nb-NO","potentialAction":[{"@type":"ReadAction","target":["https:\/\/jackpotlotteryonline.com\/no\/lotterieresultater\/resultater-fra-new-york-lottery-trekning\/"]}]},{"@type":"ImageObject","inLanguage":"nb-NO","@id":"https:\/\/jackpotlotteryonline.com\/no\/lotterieresultater\/resultater-fra-new-york-lottery-trekning\/#primaryimage","url":"http:\/\/jackpotlotteryonline.com\/wp-content\/uploads\/2022\/11\/1_results_lottery_online5.jpg","contentUrl":"http:\/\/jackpotlotteryonline.com\/wp-content\/uploads\/2022\/11\/1_results_lottery_online5.jpg"},{"@type":"BreadcrumbList","@id":"https:\/\/jackpotlotteryonline.com\/no\/lotterieresultater\/resultater-fra-new-york-lottery-trekning\/#breadcrumb","itemListElement":[{"@type":"ListItem","position":1,"name":"Home","item":"https:\/\/jackpotlotteryonline.com\/no\/"},{"@type":"ListItem","position":2,"name":"Lotterieresultater","item":"https:\/\/jackpotlotteryonline.com\/no\/lotterieresultater\/"},{"@type":"ListItem","position":3,"name":"Resultater fra New York Lottery trekning"}]},{"@type":"WebSite","@id":"https:\/\/jackpotlotteryonline.com\/#website","url":"https:\/\/jackpotlotteryonline.com\/","name":"Lotto Online - Crack The International Lottery Jackpots","description":"","potentialAction":[{"@type":"SearchAction","target":{"@type":"EntryPoint","urlTemplate":"https:\/\/jackpotlotteryonline.com\/?s={search_term_string}"},"query-input":"required name=search_term_string"}],"inLanguage":"nb-NO"}]}},"_links":{"self":[{"href":"https:\/\/jackpotlotteryonline.com\/no\/wp-json\/wp\/v2\/pages\/74406","targetHints":{"allow":["GET"]}}],"collection":[{"href":"https:\/\/jackpotlotteryonline.com\/no\/wp-json\/wp\/v2\/pages"}],"about":[{"href":"https:\/\/jackpotlotteryonline.com\/no\/wp-json\/wp\/v2\/types\/page"}],"author":[{"embeddable":true,"href":"https:\/\/jackpotlotteryonline.com\/no\/wp-json\/wp\/v2\/users\/7"}],"replies":[{"embeddable":true,"href":"https:\/\/jackpotlotteryonline.com\/no\/wp-json\/wp\/v2\/comments?post=74406"}],"version-history":[{"count":0,"href":"https:\/\/jackpotlotteryonline.com\/no\/wp-json\/wp\/v2\/pages\/74406\/revisions"}],"up":[{"embeddable":true,"href":"https:\/\/jackpotlotteryonline.com\/no\/wp-json\/wp\/v2\/pages\/74032"}],"wp:attachment":[{"href":"https:\/\/jackpotlotteryonline.com\/no\/wp-json\/wp\/v2\/media?parent=74406"}],"curies":[{"name":"wp","href":"https:\/\/api.w.org\/{rel}","templated":true}]}}