{"id":74421,"date":"2025-02-06T10:12:02","date_gmt":"2025-02-06T10:12:02","guid":{"rendered":"https:\/\/jackpotlotteryonline.com\/?page_id=74421"},"modified":"2025-02-06T10:13:27","modified_gmt":"2025-02-06T10:13:27","slug":"%d8%b3%d9%88%d8%a7%d9%84%d8%a7%d8%aa-%d9%85%d8%aa%d8%af%d8%a7%d9%88%d9%84-%d8%af%d8%b1%d8%a8%d8%a7%d8%b1%d9%87%db%8c-%d8%a8%d8%ae%d8%aa%d8%a2%d8%b2%d9%85%d8%a7%db%8c%db%8c-%d8%a2","status":"publish","type":"page","link":"https:\/\/jackpotlotteryonline.com\/no\/%d8%b3%d9%88%d8%a7%d9%84%d8%a7%d8%aa-%d9%85%d8%aa%d8%af%d8%a7%d9%88%d9%84-%d8%af%d8%b1%d8%a8%d8%a7%d8%b1%d9%87%db%8c-%d8%a8%d8%ae%d8%aa%d8%a2%d8%b2%d9%85%d8%a7%db%8c%db%8c-%d8%a2\/","title":{"rendered":"Vanlige sp\u00f8rsm\u00e5l om online lotteri"},"content":{"rendered":"<h2>Vanlige sp\u00f8rsm\u00e5l om online lotteri<\/h2>\n<p>Her vil vi gi svar p\u00e5 de mest stilte sp\u00f8rsm\u00e5lene om online lotteri og online lottogevinster. \u00c5 spille p\u00e5 lotterier online er den mest praktiske og enkleste m\u00e5ten \u00e5 vinne de store internasjonale Lotto-jackpottene p\u00e5.<\/p>\n<h2>Hvordan fungerer det?<\/h2>\n<p>Vi fungerer som en budtjeneste mellom deg og de ulike lotteriene. Vi kj\u00f8per billetten i ditt navn og p\u00e5 dine vegne, skanner deretter den nye billetten og laster opp skanningen til kundekontoen din, sender deg en melding n\u00e5r du vinner, og hjelper deg med \u00e5 f\u00e5 pengene n\u00e5r du vinner.<\/p>\n<h2>Hva er fordelene ved \u00e5 spille gjennom oss?<\/h2>\n<ul>\n<li>du trenger ikke \u00e5 g\u00e5 til en lotteributikk. Du kan enkelt spille hjemmefra eller fra kontoret ditt<\/li>\n<li>du kan betale online, for eksempel med kredittkort eller andre betalingsmetoder<\/li>\n<li>gevinstene dine fra Lotto opptil \u20ac2500 vil bli kreditert kontoen din<\/li>\n<li>hvis du vinner mer enn \u20ac2500, vil vi hjelpe deg med \u00e5 f\u00e5 pengene, gratis<\/li>\n<li>det er ingen ekstra kostnader eller provisjoner hvis du vinner penger<\/li>\n<\/ul>\n<p><strong>Hvem kan spille p\u00e5 lotteriene?<\/strong><br \/>\nAlle over 18 \u00e5r kan spille p\u00e5 lotteri.<\/p>\n<p><strong>Kan jeg spille p\u00e5 et lotteri fra et annet land?<\/strong><br \/>\nJa, det kan du. Det spiller ingen rolle i hvilket land du bor, du kan spille p\u00e5 hvilket som helst lotteri og Lotto-jackpot i hvilket som helst land du velger.<\/p>\n<p><strong>Kan jeg velge mine egne Lotto-tall?<\/strong><br \/>\nJa. Du kan velge tallene du \u00f8nsker, eller du kan la datamaskinen velge tallene dine tilfeldig for deg.<\/p>\n<p><strong>Hvordan f\u00e5r jeg Lotto-billetten min?<\/strong><br \/>\nN\u00e5r betalingen din er behandlet, vil vi sende en bekreftelse p\u00e5 kj\u00f8pet via e-post. Tallene du valgte, vil v\u00e6re synlige p\u00e5 kontoen din. Kort tid etter vil du ogs\u00e5 kunne se den skannede billetten p\u00e5 kontoen din.<\/p>\n<p><strong>Hvordan kan jeg betale for Lotto-billetten min?<\/strong><br \/>\nDet finnes flere betalingsalternativer tilgjengelig for deg, blant annet betaling med kredittkort, bankoverf\u00f8ring, forskjellige kryptovalutaer og mer.<\/p>\n<p><strong>Tar dere en del av gevinstene mine?<\/strong><br \/>\nNei. Alle lotterigevinster vil bli betalt ut til deg i sin helhet, uten noen avgifter.<\/p>\n<p><strong>N\u00e5r kan jeg bestille en Lotto-billett?<\/strong><br \/>\nFor \u00e5 delta i et lotteri b\u00f8r du bestille billetten din minst 2 timer f\u00f8r trekningen. Dette gir oss tid til \u00e5 behandle Lotto-billettbestillingen din.<\/p>\n<p><strong>Hvordan vet jeg om jeg har vunnet?<\/strong><br \/>\nHvis du vinner, vil vi sende deg en e-post og varsle deg om gevinsten. I tillegg vil de vinnende tallene for alle lotterier bli publisert p\u00e5 nettstedet v\u00e5rt.<\/p>\n<p><strong>Hvordan f\u00e5r jeg pengene mine hvis jeg vinner?<\/strong><br \/>\nHvis du vinner et bel\u00f8p under \u20ac2500, vil pengene bli kreditert spillkontoen din. For eventuelle gevinster over \u20ac2500, vil vi sende deg et kravskjema som du m\u00e5 fylle ut. Du m\u00e5 identifisere deg, og deretter vil vi behandle kravet ditt til lotteriselskapet. Lotteriselskapet vil deretter utstede en sjekk til deg. V\u00e6r oppmerksom p\u00e5 at noen lotteriselskaper krever at du selv henter gevinsten personlig dersom du vinner en jackpot.<\/p>\n<p><strong>Er dette en lovlig tjeneste?<\/strong><br \/>\nJa, det er det. Siden vi bare fungerer som en budtjeneste, er dette helt lovlig.<\/p>\n<p><strong>Hvordan vet jeg at en Lotto-billett blir kj\u00f8pt p\u00e5 mine vegne?<\/strong><br \/>\nN\u00e5r du har betalt for Lotto-billetten din, vil du motta en betalingsbekreftelse. S\u00e5 lenge Lotto-billetten din er aktiv, vil du f\u00e5 en e-postvarsling, og etter at du har logget inn, kan du se billettene dine p\u00e5 kundesiden v\u00e5r p\u00e5 nettstedet.<\/p>\n","protected":false},"excerpt":{"rendered":"<p>Vanlige sp\u00f8rsm\u00e5l om online lotteri Her vil vi gi svar p\u00e5 de mest stilte sp\u00f8rsm\u00e5lene om online lotteri og online lottogevinster. \u00c5 spille p\u00e5 lotterier online er den mest praktiske og enkleste m\u00e5ten \u00e5 vinne de store internasjonale Lotto-jackpottene p\u00e5. Hvordan fungerer det? Vi fungerer som en budtjeneste mellom deg og de ulike lotteriene. Vi [&hellip;]<\/p>\n","protected":false},"author":7,"featured_media":0,"parent":0,"menu_order":6,"comment_status":"closed","ping_status":"closed","template":"","meta":{"_et_pb_use_builder":"","_et_pb_old_content":"","_et_gb_content_width":"","exclude_from_search":false,"footnotes":""},"class_list":["post-74421","page","type-page","status-publish","hentry"],"yoast_head":"<!-- This site is optimized with the Yoast SEO plugin v23.3 - https:\/\/yoast.com\/wordpress\/plugins\/seo\/ -->\n<title>Vanlige sp\u00f8rsm\u00e5l om Lotto | Vanlige sp\u00f8rsm\u00e5l om online Lotto<\/title>\n<meta name=\"description\" content=\"Finn svar p\u00e5 de mest vanlige sp\u00f8rsm\u00e5lene om online Lotto her, samt de beste tjenestene\" \/>\n<meta name=\"robots\" content=\"index, follow, max-snippet:-1, max-image-preview:large, max-video-preview:-1\" \/>\n<link rel=\"canonical\" href=\"https:\/\/jackpotlotteryonline.com\/no\/\u0633\u0648\u0627\u0644\u0627\u062a-\u0645\u062a\u062f\u0627\u0648\u0644-\u062f\u0631\u0628\u0627\u0631\u0647\u06cc-\u0628\u062e\u062a\u0622\u0632\u0645\u0627\u06cc\u06cc-\u0622\/\" \/>\n<meta property=\"og:locale\" content=\"nb_NO\" \/>\n<meta property=\"og:type\" content=\"article\" \/>\n<meta property=\"og:title\" content=\"Vanlige sp\u00f8rsm\u00e5l om Lotto | Vanlige sp\u00f8rsm\u00e5l om online Lotto\" \/>\n<meta property=\"og:description\" content=\"Finn svar p\u00e5 de mest vanlige sp\u00f8rsm\u00e5lene om online Lotto her, samt de beste tjenestene\" \/>\n<meta property=\"og:url\" content=\"https:\/\/jackpotlotteryonline.com\/no\/\u0633\u0648\u0627\u0644\u0627\u062a-\u0645\u062a\u062f\u0627\u0648\u0644-\u062f\u0631\u0628\u0627\u0631\u0647\u06cc-\u0628\u062e\u062a\u0622\u0632\u0645\u0627\u06cc\u06cc-\u0622\/\" \/>\n<meta property=\"og:site_name\" content=\"Lotto Online - Crack The International Lottery Jackpots\" \/>\n<meta property=\"article:modified_time\" content=\"2025-02-06T10:13:27+00:00\" \/>\n<meta name=\"twitter:card\" content=\"summary_large_image\" \/>\n<meta name=\"twitter:label1\" content=\"Ansl. lesetid\" \/>\n\t<meta name=\"twitter:data1\" content=\"3 minutter\" \/>\n<!-- \/ Yoast SEO plugin. -->","yoast_head_json":{"title":"Vanlige sp\u00f8rsm\u00e5l om Lotto | Vanlige sp\u00f8rsm\u00e5l om online Lotto","description":"Finn svar p\u00e5 de mest vanlige sp\u00f8rsm\u00e5lene om online Lotto her, samt de beste tjenestene","robots":{"index":"index","follow":"follow","max-snippet":"max-snippet:-1","max-image-preview":"max-image-preview:large","max-video-preview":"max-video-preview:-1"},"canonical":"https:\/\/jackpotlotteryonline.com\/no\/\u0633\u0648\u0627\u0644\u0627\u062a-\u0645\u062a\u062f\u0627\u0648\u0644-\u062f\u0631\u0628\u0627\u0631\u0647\u06cc-\u0628\u062e\u062a\u0622\u0632\u0645\u0627\u06cc\u06cc-\u0622\/","og_locale":"nb_NO","og_type":"article","og_title":"Vanlige sp\u00f8rsm\u00e5l om Lotto | Vanlige sp\u00f8rsm\u00e5l om online Lotto","og_description":"Finn svar p\u00e5 de mest vanlige sp\u00f8rsm\u00e5lene om online Lotto her, samt de beste tjenestene","og_url":"https:\/\/jackpotlotteryonline.com\/no\/\u0633\u0648\u0627\u0644\u0627\u062a-\u0645\u062a\u062f\u0627\u0648\u0644-\u062f\u0631\u0628\u0627\u0631\u0647\u06cc-\u0628\u062e\u062a\u0622\u0632\u0645\u0627\u06cc\u06cc-\u0622\/","og_site_name":"Lotto Online - Crack The International Lottery Jackpots","article_modified_time":"2025-02-06T10:13:27+00:00","twitter_card":"summary_large_image","twitter_misc":{"Ansl. lesetid":"3 minutter"},"schema":{"@context":"https:\/\/schema.org","@graph":[{"@type":"WebPage","@id":"https:\/\/jackpotlotteryonline.com\/no\/%d8%b3%d9%88%d8%a7%d9%84%d8%a7%d8%aa-%d9%85%d8%aa%d8%af%d8%a7%d9%88%d9%84-%d8%af%d8%b1%d8%a8%d8%a7%d8%b1%d9%87%db%8c-%d8%a8%d8%ae%d8%aa%d8%a2%d8%b2%d9%85%d8%a7%db%8c%db%8c-%d8%a2\/","url":"https:\/\/jackpotlotteryonline.com\/no\/%d8%b3%d9%88%d8%a7%d9%84%d8%a7%d8%aa-%d9%85%d8%aa%d8%af%d8%a7%d9%88%d9%84-%d8%af%d8%b1%d8%a8%d8%a7%d8%b1%d9%87%db%8c-%d8%a8%d8%ae%d8%aa%d8%a2%d8%b2%d9%85%d8%a7%db%8c%db%8c-%d8%a2\/","name":"Vanlige sp\u00f8rsm\u00e5l om Lotto | Vanlige sp\u00f8rsm\u00e5l om online Lotto","isPartOf":{"@id":"https:\/\/jackpotlotteryonline.com\/#website"},"datePublished":"2025-02-06T10:12:02+00:00","dateModified":"2025-02-06T10:13:27+00:00","description":"Finn svar p\u00e5 de mest vanlige sp\u00f8rsm\u00e5lene om online Lotto her, samt de beste tjenestene","breadcrumb":{"@id":"https:\/\/jackpotlotteryonline.com\/no\/%d8%b3%d9%88%d8%a7%d9%84%d8%a7%d8%aa-%d9%85%d8%aa%d8%af%d8%a7%d9%88%d9%84-%d8%af%d8%b1%d8%a8%d8%a7%d8%b1%d9%87%db%8c-%d8%a8%d8%ae%d8%aa%d8%a2%d8%b2%d9%85%d8%a7%db%8c%db%8c-%d8%a2\/#breadcrumb"},"inLanguage":"nb-NO","potentialAction":[{"@type":"ReadAction","target":["https:\/\/jackpotlotteryonline.com\/no\/%d8%b3%d9%88%d8%a7%d9%84%d8%a7%d8%aa-%d9%85%d8%aa%d8%af%d8%a7%d9%88%d9%84-%d8%af%d8%b1%d8%a8%d8%a7%d8%b1%d9%87%db%8c-%d8%a8%d8%ae%d8%aa%d8%a2%d8%b2%d9%85%d8%a7%db%8c%db%8c-%d8%a2\/"]}]},{"@type":"BreadcrumbList","@id":"https:\/\/jackpotlotteryonline.com\/no\/%d8%b3%d9%88%d8%a7%d9%84%d8%a7%d8%aa-%d9%85%d8%aa%d8%af%d8%a7%d9%88%d9%84-%d8%af%d8%b1%d8%a8%d8%a7%d8%b1%d9%87%db%8c-%d8%a8%d8%ae%d8%aa%d8%a2%d8%b2%d9%85%d8%a7%db%8c%db%8c-%d8%a2\/#breadcrumb","itemListElement":[{"@type":"ListItem","position":1,"name":"Home","item":"https:\/\/jackpotlotteryonline.com\/no\/"},{"@type":"ListItem","position":2,"name":"Vanlige sp\u00f8rsm\u00e5l om online lotteri"}]},{"@type":"WebSite","@id":"https:\/\/jackpotlotteryonline.com\/#website","url":"https:\/\/jackpotlotteryonline.com\/","name":"Lotto Online - Crack The International Lottery Jackpots","description":"","potentialAction":[{"@type":"SearchAction","target":{"@type":"EntryPoint","urlTemplate":"https:\/\/jackpotlotteryonline.com\/?s={search_term_string}"},"query-input":"required name=search_term_string"}],"inLanguage":"nb-NO"}]}},"_links":{"self":[{"href":"https:\/\/jackpotlotteryonline.com\/no\/wp-json\/wp\/v2\/pages\/74421","targetHints":{"allow":["GET"]}}],"collection":[{"href":"https:\/\/jackpotlotteryonline.com\/no\/wp-json\/wp\/v2\/pages"}],"about":[{"href":"https:\/\/jackpotlotteryonline.com\/no\/wp-json\/wp\/v2\/types\/page"}],"author":[{"embeddable":true,"href":"https:\/\/jackpotlotteryonline.com\/no\/wp-json\/wp\/v2\/users\/7"}],"replies":[{"embeddable":true,"href":"https:\/\/jackpotlotteryonline.com\/no\/wp-json\/wp\/v2\/comments?post=74421"}],"version-history":[{"count":0,"href":"https:\/\/jackpotlotteryonline.com\/no\/wp-json\/wp\/v2\/pages\/74421\/revisions"}],"wp:attachment":[{"href":"https:\/\/jackpotlotteryonline.com\/no\/wp-json\/wp\/v2\/media?parent=74421"}],"curies":[{"name":"wp","href":"https:\/\/api.w.org\/{rel}","templated":true}]}}